{"id":33610,"date":"2017-03-14T09:52:14","date_gmt":"2017-03-14T08:52:14","guid":{"rendered":"https:\/\/aazsolutions.ch\/warenkorb\/"},"modified":"2026-05-02T18:48:25","modified_gmt":"2026-05-02T17:48:25","slug":"warenkorb","status":"publish","type":"page","link":"https:\/\/aazsolutions.ch\/de\/warenkorb\/","title":{"rendered":"Warenkorb"},"content":{"rendered":"<div class=\"wp-block-woocommerce-cart alignwide is-loading\">\n<div class=\"wp-block-woocommerce-filled-cart-block\">\n<div class=\"wp-block-woocommerce-cart-items-block\">\n<div class=\"wp-block-woocommerce-cart-line-items-block\"><\/div>\n<div class=\"wp-block-woocommerce-product-collection\">\n<h2 class=\"wp-block-heading has-text-align-left\" style=\"margin-bottom:1rem\">Bist du vielleicht interessiert an&nbsp;&hellip;<\/h2>\n<\/div>\n<\/div>\n<div class=\"wp-block-woocommerce-cart-totals-block\">\n<div class=\"wp-block-woocommerce-cart-order-summary-block\">\n<div class=\"wp-block-woocommerce-cart-order-summary-heading-block\"><\/div>\n<div class=\"wp-block-woocommerce-cart-order-summary-coupon-form-block\"><\/div>\n<div class=\"wp-block-woocommerce-cart-order-summary-subtotal-block\"><\/div>\n<div class=\"wp-block-woocommerce-cart-order-summary-fee-block\"><\/div>\n<div class=\"wp-block-woocommerce-cart-order-summary-discount-block\"><\/div>\n<div class=\"wp-block-woocommerce-cart-order-summary-shipping-block\"><\/div>\n<div class=\"wp-block-woocommerce-cart-order-summary-taxes-block\"><\/div>\n<\/div>\n<div class=\"wp-block-woocommerce-cart-express-payment-block\"><\/div>\n<div class=\"wp-block-woocommerce-proceed-to-checkout-block\"><\/div>\n<div class=\"wp-block-woocommerce-cart-accepted-payment-methods-block\"><\/div>\n<\/div>\n<\/div>\n<div class=\"wp-block-woocommerce-empty-cart-block\">\n<h2 class=\"wp-block-heading has-text-align-center with-empty-cart-icon wc-block-cart__empty-cart__title\">Dein Warenkorb ist gerade leer!<\/h2>\n<hr class=\"wp-block-separator has-alpha-channel-opacity is-style-dots\"\/>\n<h2 class=\"wp-block-heading has-text-align-center\">Neu im Shop<\/h2>\n<\/div>\n<\/div>\n","protected":false},"excerpt":{"rendered":"<p>Bist du vielleicht interessiert an&nbsp;&hellip; Dein Warenkorb ist gerade leer! Neu im Shop<\/p>\n","protected":false},"author":86,"featured_media":0,"parent":0,"menu_order":0,"comment_status":"closed","ping_status":"closed","template":"","meta":{"_et_pb_use_builder":"on","_et_pb_old_content":"","_et_gb_content_width":"","inline_featured_image":false,"footnotes":""},"class_list":["post-33610","page","type-page","status-publish","hentry"],"yoast_head":"<!-- This site is optimized with the Yoast SEO Premium plugin v27.2 (Yoast SEO v27.5) - https:\/\/yoast.com\/product\/yoast-seo-premium-wordpress\/ -->\n<title>Warenkorb | A\u00e0Zsolutions.ch<\/title>\n<meta name=\"robots\" content=\"index, follow, max-snippet:-1, max-image-preview:large, max-video-preview:-1\" \/>\n<link rel=\"canonical\" href=\"https:\/\/aazsolutions.ch\/de\/warenkorb\/\" \/>\n<meta property=\"og:locale\" content=\"de_DE\" \/>\n<meta property=\"og:type\" content=\"article\" \/>\n<meta property=\"og:title\" content=\"Warenkorb\" \/>\n<meta property=\"og:description\" content=\"Bist du vielleicht interessiert an&nbsp;&hellip; Dein Warenkorb ist gerade leer! Neu im Shop\" \/>\n<meta property=\"og:url\" content=\"https:\/\/aazsolutions.ch\/de\/warenkorb\/\" \/>\n<meta property=\"og:site_name\" content=\"A\u00e0Zsolutions.ch\" \/>\n<meta property=\"article:publisher\" content=\"https:\/\/www.facebook.com\/aazsolutions.ch\/\" \/>\n<meta property=\"article:modified_time\" content=\"2026-05-02T17:48:25+00:00\" \/>\n<meta property=\"og:image\" content=\"https:\/\/aazsolutions.ch\/wp-content\/uploads\/2016\/11\/AAZ_Solution_Logo_Social.png\" \/>\n\t<meta property=\"og:image:width\" content=\"1000\" \/>\n\t<meta property=\"og:image:height\" content=\"1000\" \/>\n\t<meta property=\"og:image:type\" content=\"image\/png\" \/>\n<meta name=\"twitter:card\" content=\"summary_large_image\" \/>\n<script type=\"application\/ld+json\" class=\"yoast-schema-graph\">{\"@context\":\"https:\\\/\\\/schema.org\",\"@graph\":[{\"@type\":\"WebPage\",\"@id\":\"https:\\\/\\\/aazsolutions.ch\\\/de\\\/warenkorb\\\/\",\"url\":\"https:\\\/\\\/aazsolutions.ch\\\/de\\\/warenkorb\\\/\",\"name\":\"Warenkorb | A\u00e0Zsolutions.ch\",\"isPartOf\":{\"@id\":\"https:\\\/\\\/aazsolutions.ch\\\/de\\\/#website\"},\"datePublished\":\"2017-03-14T08:52:14+00:00\",\"dateModified\":\"2026-05-02T17:48:25+00:00\",\"breadcrumb\":{\"@id\":\"https:\\\/\\\/aazsolutions.ch\\\/de\\\/warenkorb\\\/#breadcrumb\"},\"inLanguage\":\"de\",\"potentialAction\":[{\"@type\":\"ReadAction\",\"target\":[\"https:\\\/\\\/aazsolutions.ch\\\/de\\\/warenkorb\\\/\"]}]},{\"@type\":\"BreadcrumbList\",\"@id\":\"https:\\\/\\\/aazsolutions.ch\\\/de\\\/warenkorb\\\/#breadcrumb\",\"itemListElement\":[{\"@type\":\"ListItem\",\"position\":1,\"name\":\"Accueil\",\"item\":\"https:\\\/\\\/aazsolutions.ch\\\/de\\\/\"},{\"@type\":\"ListItem\",\"position\":2,\"name\":\"Warenkorb\"}]},{\"@type\":\"WebSite\",\"@id\":\"https:\\\/\\\/aazsolutions.ch\\\/de\\\/#website\",\"url\":\"https:\\\/\\\/aazsolutions.ch\\\/de\\\/\",\"name\":\"A\u00e0Zsolutions.ch\",\"description\":\"Des solutions adapt\u00e9es \u00e0 chaque difficult\u00e9!\",\"publisher\":{\"@id\":\"https:\\\/\\\/aazsolutions.ch\\\/de\\\/#organization\"},\"potentialAction\":[{\"@type\":\"SearchAction\",\"target\":{\"@type\":\"EntryPoint\",\"urlTemplate\":\"https:\\\/\\\/aazsolutions.ch\\\/de\\\/?s={search_term_string}\"},\"query-input\":{\"@type\":\"PropertyValueSpecification\",\"valueRequired\":true,\"valueName\":\"search_term_string\"}}],\"inLanguage\":\"de\"},{\"@type\":\"Organization\",\"@id\":\"https:\\\/\\\/aazsolutions.ch\\\/de\\\/#organization\",\"name\":\"A\u00e0Zsolutions SARL\",\"url\":\"https:\\\/\\\/aazsolutions.ch\\\/de\\\/\",\"logo\":{\"@type\":\"ImageObject\",\"inLanguage\":\"de\",\"@id\":\"https:\\\/\\\/aazsolutions.ch\\\/de\\\/#\\\/schema\\\/logo\\\/image\\\/\",\"url\":\"https:\\\/\\\/aazsolutions.ch\\\/wp-content\\\/uploads\\\/2016\\\/04\\\/AAZ_Logo_Solutions.jpg\",\"contentUrl\":\"https:\\\/\\\/aazsolutions.ch\\\/wp-content\\\/uploads\\\/2016\\\/04\\\/AAZ_Logo_Solutions.jpg\",\"width\":1500,\"height\":481,\"caption\":\"A\u00e0Zsolutions SARL\"},\"image\":{\"@id\":\"https:\\\/\\\/aazsolutions.ch\\\/de\\\/#\\\/schema\\\/logo\\\/image\\\/\"},\"sameAs\":[\"https:\\\/\\\/www.facebook.com\\\/aazsolutions.ch\\\/\",\"https:\\\/\\\/www.linkedin.com\\\/showcase\\\/aazsolutions\\\/\"]}]}<\/script>\n<!-- \/ Yoast SEO Premium plugin. -->","yoast_head_json":{"title":"Warenkorb | A\u00e0Zsolutions.ch","robots":{"index":"index","follow":"follow","max-snippet":"max-snippet:-1","max-image-preview":"max-image-preview:large","max-video-preview":"max-video-preview:-1"},"canonical":"https:\/\/aazsolutions.ch\/de\/warenkorb\/","og_locale":"de_DE","og_type":"article","og_title":"Warenkorb","og_description":"Bist du vielleicht interessiert an&nbsp;&hellip; Dein Warenkorb ist gerade leer! Neu im Shop","og_url":"https:\/\/aazsolutions.ch\/de\/warenkorb\/","og_site_name":"A\u00e0Zsolutions.ch","article_publisher":"https:\/\/www.facebook.com\/aazsolutions.ch\/","article_modified_time":"2026-05-02T17:48:25+00:00","og_image":[{"width":1000,"height":1000,"url":"https:\/\/aazsolutions.ch\/wp-content\/uploads\/2016\/11\/AAZ_Solution_Logo_Social.png","type":"image\/png"}],"twitter_card":"summary_large_image","schema":{"@context":"https:\/\/schema.org","@graph":[{"@type":"WebPage","@id":"https:\/\/aazsolutions.ch\/de\/warenkorb\/","url":"https:\/\/aazsolutions.ch\/de\/warenkorb\/","name":"Warenkorb | A\u00e0Zsolutions.ch","isPartOf":{"@id":"https:\/\/aazsolutions.ch\/de\/#website"},"datePublished":"2017-03-14T08:52:14+00:00","dateModified":"2026-05-02T17:48:25+00:00","breadcrumb":{"@id":"https:\/\/aazsolutions.ch\/de\/warenkorb\/#breadcrumb"},"inLanguage":"de","potentialAction":[{"@type":"ReadAction","target":["https:\/\/aazsolutions.ch\/de\/warenkorb\/"]}]},{"@type":"BreadcrumbList","@id":"https:\/\/aazsolutions.ch\/de\/warenkorb\/#breadcrumb","itemListElement":[{"@type":"ListItem","position":1,"name":"Accueil","item":"https:\/\/aazsolutions.ch\/de\/"},{"@type":"ListItem","position":2,"name":"Warenkorb"}]},{"@type":"WebSite","@id":"https:\/\/aazsolutions.ch\/de\/#website","url":"https:\/\/aazsolutions.ch\/de\/","name":"A\u00e0Zsolutions.ch","description":"Des solutions adapt\u00e9es \u00e0 chaque difficult\u00e9!","publisher":{"@id":"https:\/\/aazsolutions.ch\/de\/#organization"},"potentialAction":[{"@type":"SearchAction","target":{"@type":"EntryPoint","urlTemplate":"https:\/\/aazsolutions.ch\/de\/?s={search_term_string}"},"query-input":{"@type":"PropertyValueSpecification","valueRequired":true,"valueName":"search_term_string"}}],"inLanguage":"de"},{"@type":"Organization","@id":"https:\/\/aazsolutions.ch\/de\/#organization","name":"A\u00e0Zsolutions SARL","url":"https:\/\/aazsolutions.ch\/de\/","logo":{"@type":"ImageObject","inLanguage":"de","@id":"https:\/\/aazsolutions.ch\/de\/#\/schema\/logo\/image\/","url":"https:\/\/aazsolutions.ch\/wp-content\/uploads\/2016\/04\/AAZ_Logo_Solutions.jpg","contentUrl":"https:\/\/aazsolutions.ch\/wp-content\/uploads\/2016\/04\/AAZ_Logo_Solutions.jpg","width":1500,"height":481,"caption":"A\u00e0Zsolutions SARL"},"image":{"@id":"https:\/\/aazsolutions.ch\/de\/#\/schema\/logo\/image\/"},"sameAs":["https:\/\/www.facebook.com\/aazsolutions.ch\/","https:\/\/www.linkedin.com\/showcase\/aazsolutions\/"]}]}},"_links":{"self":[{"href":"https:\/\/aazsolutions.ch\/de\/wp-json\/wp\/v2\/pages\/33610","targetHints":{"allow":["GET"]}}],"collection":[{"href":"https:\/\/aazsolutions.ch\/de\/wp-json\/wp\/v2\/pages"}],"about":[{"href":"https:\/\/aazsolutions.ch\/de\/wp-json\/wp\/v2\/types\/page"}],"author":[{"embeddable":true,"href":"https:\/\/aazsolutions.ch\/de\/wp-json\/wp\/v2\/users\/86"}],"replies":[{"embeddable":true,"href":"https:\/\/aazsolutions.ch\/de\/wp-json\/wp\/v2\/comments?post=33610"}],"version-history":[{"count":1,"href":"https:\/\/aazsolutions.ch\/de\/wp-json\/wp\/v2\/pages\/33610\/revisions"}],"predecessor-version":[{"id":33612,"href":"https:\/\/aazsolutions.ch\/de\/wp-json\/wp\/v2\/pages\/33610\/revisions\/33612"}],"wp:attachment":[{"href":"https:\/\/aazsolutions.ch\/de\/wp-json\/wp\/v2\/media?parent=33610"}],"curies":[{"name":"wp","href":"https:\/\/api.w.org\/{rel}","templated":true}]}}