{"id":33621,"date":"2017-05-30T08:59:05","date_gmt":"2017-05-30T07:59:05","guid":{"rendered":"https:\/\/aazsolutions.ch\/das-unternehmen\/"},"modified":"2026-05-02T19:08:37","modified_gmt":"2026-05-02T18:08:37","slug":"das-unternehmen","status":"publish","type":"page","link":"https:\/\/aazsolutions.ch\/de\/das-unternehmen\/","title":{"rendered":"Das Unternehmen"},"content":{"rendered":"<p>[et_pb_section fb_built=&#8221;1&#8243; inner_shadow=&#8221;on&#8221; fullwidth=&#8221;on&#8221; admin_label=&#8221;Section&#8221; _builder_version=&#8221;4.16&#8243; background_color=&#8221;#f2f2f2&#8243; background_image=&#8221;https:\/\/aazsolutions.ch\/wp-content\/uploads\/2015\/10\/Loops_Backgound1.png&#8221; parallax=&#8221;on&#8221; parallax_method=&#8221;off&#8221; background_video_mp4=&#8221;https:\/\/aazsolutions.ch\/wp-content\/uploads\/2015\/10\/CleanParticles.mp4&#8243; padding_mobile=&#8221;on&#8221; global_colors_info=&#8221;{}&#8221;][et_pb_fullwidth_header subhead=&#8221;UNSER UNTERNEHMEN IN K\u00dcRZE&#8221; text_orientation=&#8221;center&#8221; logo_image_url=&#8221;https:\/\/aazsolutions.ch\/wp-content\/uploads\/2015\/10\/AAZsolutions_Logo_OK.png&#8221; content_max_width=&#8221;none&#8221; admin_label=&#8221;En-t\u00eate plein \u00e9cran&#8221; _builder_version=&#8221;4.16&#8243; background_color=&#8221;rgba(255,255,255,0)&#8221; background_layout=&#8221;light&#8221; button_one_letter_spacing_hover=&#8221;0&#8243; button_two_letter_spacing_hover=&#8221;0&#8243; global_colors_info=&#8221;{}&#8221; button_one_text_size__hover_enabled=&#8221;off&#8221; button_two_text_size__hover_enabled=&#8221;off&#8221; button_one_text_color__hover_enabled=&#8221;off&#8221; button_two_text_color__hover_enabled=&#8221;off&#8221; button_one_border_width__hover_enabled=&#8221;off&#8221; button_two_border_width__hover_enabled=&#8221;off&#8221; button_one_border_color__hover_enabled=&#8221;off&#8221; button_two_border_color__hover_enabled=&#8221;off&#8221; button_one_border_radius__hover_enabled=&#8221;off&#8221; button_two_border_radius__hover_enabled=&#8221;off&#8221; button_one_letter_spacing__hover_enabled=&#8221;on&#8221; button_one_letter_spacing__hover=&#8221;0&#8243; button_two_letter_spacing__hover_enabled=&#8221;on&#8221; button_two_letter_spacing__hover=&#8221;0&#8243; button_one_bg_color__hover_enabled=&#8221;off&#8221; button_two_bg_color__hover_enabled=&#8221;off&#8221;][\/et_pb_fullwidth_header][\/et_pb_section][et_pb_section fb_built=&#8221;1&#8243; admin_label=&#8221;Section&#8221; _builder_version=&#8221;4.16&#8243; global_colors_info=&#8221;{}&#8221;][et_pb_row column_structure=&#8221;2_3,1_3&#8243; admin_label=&#8221;Linie&#8221; _builder_version=&#8221;4.16&#8243; background_size=&#8221;initial&#8221; background_position=&#8221;top_left&#8221; background_repeat=&#8221;repeat&#8221; custom_padding=&#8221;50px|0px|50px|0px&#8221; global_colors_info=&#8221;{}&#8221;][et_pb_column type=&#8221;2_3&#8243; _builder_version=&#8221;4.16&#8243; custom_padding=&#8221;|||&#8221; global_colors_info=&#8221;{}&#8221; custom_padding__hover=&#8221;|||&#8221;][et_pb_text admin_label=&#8221;Texte&#8221; _builder_version=&#8221;4.27.4&#8243; hover_enabled=&#8221;0&#8243; global_colors_info=&#8221;{}&#8221; sticky_enabled=&#8221;0&#8243;]<\/p>\n<p data-start=\"181\" data-end=\"400\"><span style=\"color: #0e72b5;\"><strong>A\u00e0Z<\/strong><\/span><strong>solutions<\/strong> bietet sowohl Gesch\u00e4ftskunden als auch Privatpersonen ein breites Sortiment an Hilfsmitteln und paramedizinischer Ausr\u00fcstung an, die auf die individuellen Bed\u00fcrfnisse zugeschnitten sind, um die h\u00e4usliche Pflege zu erleichtern.<\/p>\n<p data-start=\"610\" data-end=\"754\">Wir arbeiten mit anerkannten europ\u00e4ischen Lieferanten zusammen, um zuverl\u00e4ssige, langlebige und den Branchenanforderungen entsprechende Produkte zu garantieren.<\/p>\n<p data-start=\"756\" data-end=\"1018\">Mit dem Hauptlager in <strong data-start=\"827\" data-end=\"836\">Gland (VD)<\/strong> und einer Au\u00dfenstelle in <strong data-start=\"768\" data-end=\"790\">Ch\u00e2tel-Saint-Denis (FR)<\/strong> profitiert A\u00e0Zsolutions von einer agilen Logistikorganisation, die eine <strong data-start=\"922\" data-end=\"943\">hohe Reaktionsf\u00e4higkeit<\/strong> und eine <strong data-start=\"951\" data-end=\"988\">schnelle Produktverf\u00fcgbarkeit<\/strong> gew\u00e4hrleistet, insbesondere in der Westschweiz.<\/p>\n<p data-start=\"1020\" data-end=\"1189\">\u00dcber den Online-Katalog hinaus k\u00f6nnen bestimmte Spezialprodukte auf Anfrage bestellt und geliefert werden, je nach den besonderen Anforderungen der jeweiligen Situation.<\/p>\n<p data-start=\"1191\" data-end=\"1320\">Ein sicherer Online-Shop steht Ihnen zur Verf\u00fcgung, um das ben\u00f6tigte Material ganz einfach von zu Hause aus zu bestellen.<\/p>\n<p data-start=\"847\" data-end=\"900\"><span style=\"color: #0e72b5;\"><strong>A\u00e0Z<\/strong><\/span><strong>solutions <\/strong>liefert seine Produkte in die ganze Schweiz.<\/p>\n<p>[\/et_pb_text][\/et_pb_column][et_pb_column type=&#8221;1_3&#8243; _builder_version=&#8221;4.16&#8243; custom_padding=&#8221;|||&#8221; global_colors_info=&#8221;{}&#8221; custom_padding__hover=&#8221;|||&#8221;][et_pb_text admin_label=&#8221;Texte&#8221; _builder_version=&#8221;4.27.4&#8243; header_font=&#8221;|||on|&#8221; hover_enabled=&#8221;0&#8243; border_style=&#8221;solid&#8221; global_colors_info=&#8221;{}&#8221; sticky_enabled=&#8221;0&#8243;]<span style=\"color: #0e72b5;\"><strong>A\u00e0Z<\/strong><\/span><strong>solutions<\/strong><br \/>\nRoute des Avouillons 10, Untergeschoss<br \/>\n(B\u00fcro, Lager)<br \/>\n1196 Gland<\/p>\n<p>Grand Rue 53 (Schaufenster)<br \/>\n1618 Ch\u00e2tel-St-Denis<\/p>\n<p>C\/o A\u00e0Zsolutions Mayen<br \/>\nRoute de Montreux 125<br \/>\n1618 Ch\u00e2tel-St-Denis<\/p>\n<p>T +41 22 362 80 89<br \/>\n<span style=\"color: #0e72b5;\"><a style=\"color: #0e72b5;\" href=\"mailto:info@aazsolutions.ch\"><span style=\"text-decoration: underline;\">info@<\/span><\/a><a style=\"color: #0e72b5; text-decoration: underline;\" href=\"https:\/\/aazsolutions.ch\/de\/\">aazsolutions.ch<\/a><\/span><br \/>\n<span style=\"text-decoration: underline;\"><a style=\"color: #0e72b5; text-decoration: underline;\" href=\"https:\/\/aazsolutions.ch\/de\/\">www.aazsolutions.ch<\/a><\/span>[\/et_pb_text][et_pb_button button_url=&#8221;mailto:info@aazsolutions.ch&#8221; button_text=&#8221;Kontaktieren Sie uns per E-Mail&#8221; button_alignment=&#8221;left&#8221; admin_label=&#8221;Bouton&#8221; _builder_version=&#8221;4.16&#8243; button_letter_spacing_hover=&#8221;0&#8243; global_colors_info=&#8221;{}&#8221; button_text_size__hover_enabled=&#8221;off&#8221; button_one_text_size__hover_enabled=&#8221;off&#8221; button_two_text_size__hover_enabled=&#8221;off&#8221; button_text_color__hover_enabled=&#8221;off&#8221; button_one_text_color__hover_enabled=&#8221;off&#8221; button_two_text_color__hover_enabled=&#8221;off&#8221; button_border_width__hover_enabled=&#8221;off&#8221; button_one_border_width__hover_enabled=&#8221;off&#8221; button_two_border_width__hover_enabled=&#8221;off&#8221; button_border_color__hover_enabled=&#8221;off&#8221; button_one_border_color__hover_enabled=&#8221;off&#8221; button_two_border_color__hover_enabled=&#8221;off&#8221; button_border_radius__hover_enabled=&#8221;off&#8221; button_one_border_radius__hover_enabled=&#8221;off&#8221; button_two_border_radius__hover_enabled=&#8221;off&#8221; button_letter_spacing__hover_enabled=&#8221;on&#8221; button_letter_spacing__hover=&#8221;0&#8243; button_one_letter_spacing__hover_enabled=&#8221;off&#8221; button_two_letter_spacing__hover_enabled=&#8221;off&#8221; button_bg_color__hover_enabled=&#8221;off&#8221; button_one_bg_color__hover_enabled=&#8221;off&#8221; button_two_bg_color__hover_enabled=&#8221;off&#8221;][\/et_pb_button][\/et_pb_column][\/et_pb_row][\/et_pb_section][et_pb_section fb_built=&#8221;1&#8243; fullwidth=&#8221;on&#8221; _builder_version=&#8221;4.16&#8243; hover_enabled=&#8221;0&#8243; global_colors_info=&#8221;{}&#8221; sticky_enabled=&#8221;0&#8243;][et_pb_fullwidth_code _builder_version=&#8221;4.27.4&#8243; hover_enabled=&#8221;0&#8243; global_colors_info=&#8221;{}&#8221; sticky_enabled=&#8221;0&#8243;]<iframe loading=\"lazy\" src=\"https:\/\/www.google.com\/maps\/d\/u\/0\/embed?mid=1b4WSEH1h2TO4AYwH8XzjkAIoPxfrDVg&amp;ehbc=2E312F\" width=\"640\" height=\"480\"><\/iframe>[\/et_pb_fullwidth_code][\/et_pb_section]<\/p>\n","protected":false},"excerpt":{"rendered":"<p>A\u00e0Zsolutions bietet sowohl Gesch\u00e4ftskunden als auch Privatpersonen ein breites Sortiment an Hilfsmitteln und paramedizinischer Ausr\u00fcstung an, die auf die individuellen Bed\u00fcrfnisse zugeschnitten sind, um die h\u00e4usliche Pflege zu erleichtern. Wir arbeiten mit anerkannten europ\u00e4ischen Lieferanten zusammen, um zuverl\u00e4ssige, langlebige und den Branchenanforderungen entsprechende Produkte zu garantieren. Mit dem Hauptlager in Gland (VD) und einer Au\u00dfenstelle [&hellip;]<\/p>\n","protected":false},"author":86,"featured_media":0,"parent":0,"menu_order":0,"comment_status":"closed","ping_status":"closed","template":"","meta":{"_et_pb_use_builder":"on","_et_pb_old_content":"","_et_gb_content_width":"","inline_featured_image":false,"footnotes":""},"class_list":["post-33621","page","type-page","status-publish","hentry"],"yoast_head":"<!-- This site is optimized with the Yoast SEO Premium plugin v27.2 (Yoast SEO v27.5) - https:\/\/yoast.com\/product\/yoast-seo-premium-wordpress\/ -->\n<title>Das Unternehmen | A\u00e0Zsolutions.ch<\/title>\n<meta name=\"robots\" content=\"index, follow, max-snippet:-1, max-image-preview:large, max-video-preview:-1\" \/>\n<link rel=\"canonical\" href=\"https:\/\/aazsolutions.ch\/de\/das-unternehmen\/\" \/>\n<meta property=\"og:locale\" content=\"de_DE\" \/>\n<meta property=\"og:type\" content=\"article\" \/>\n<meta property=\"og:title\" content=\"Das Unternehmen\" \/>\n<meta property=\"og:description\" content=\"A\u00e0Zsolutions bietet sowohl Gesch\u00e4ftskunden als auch Privatpersonen ein breites Sortiment an Hilfsmitteln und paramedizinischer Ausr\u00fcstung an, die auf die individuellen Bed\u00fcrfnisse zugeschnitten sind, um die h\u00e4usliche Pflege zu erleichtern. Wir arbeiten mit anerkannten europ\u00e4ischen Lieferanten zusammen, um zuverl\u00e4ssige, langlebige und den Branchenanforderungen entsprechende Produkte zu garantieren. Mit dem Hauptlager in Gland (VD) und einer Au\u00dfenstelle [&hellip;]\" \/>\n<meta property=\"og:url\" content=\"https:\/\/aazsolutions.ch\/de\/das-unternehmen\/\" \/>\n<meta property=\"og:site_name\" content=\"A\u00e0Zsolutions.ch\" \/>\n<meta property=\"article:publisher\" content=\"https:\/\/www.facebook.com\/aazsolutions.ch\/\" \/>\n<meta property=\"article:modified_time\" content=\"2026-05-02T18:08:37+00:00\" \/>\n<meta property=\"og:image\" content=\"https:\/\/aazsolutions.ch\/wp-content\/uploads\/2016\/11\/AAZ_Solution_Logo_Social.png\" \/>\n\t<meta property=\"og:image:width\" content=\"1000\" \/>\n\t<meta property=\"og:image:height\" content=\"1000\" \/>\n\t<meta property=\"og:image:type\" content=\"image\/png\" \/>\n<meta name=\"twitter:card\" content=\"summary_large_image\" \/>\n<meta name=\"twitter:label1\" content=\"Gesch\u00e4tzte Lesezeit\" \/>\n\t<meta name=\"twitter:data1\" content=\"4\u00a0Minuten\" \/>\n<script type=\"application\/ld+json\" class=\"yoast-schema-graph\">{\"@context\":\"https:\\\/\\\/schema.org\",\"@graph\":[{\"@type\":\"WebPage\",\"@id\":\"https:\\\/\\\/aazsolutions.ch\\\/de\\\/das-unternehmen\\\/\",\"url\":\"https:\\\/\\\/aazsolutions.ch\\\/de\\\/das-unternehmen\\\/\",\"name\":\"Das Unternehmen | A\u00e0Zsolutions.ch\",\"isPartOf\":{\"@id\":\"https:\\\/\\\/aazsolutions.ch\\\/de\\\/#website\"},\"datePublished\":\"2017-05-30T07:59:05+00:00\",\"dateModified\":\"2026-05-02T18:08:37+00:00\",\"breadcrumb\":{\"@id\":\"https:\\\/\\\/aazsolutions.ch\\\/de\\\/das-unternehmen\\\/#breadcrumb\"},\"inLanguage\":\"de\",\"potentialAction\":[{\"@type\":\"ReadAction\",\"target\":[\"https:\\\/\\\/aazsolutions.ch\\\/de\\\/das-unternehmen\\\/\"]}]},{\"@type\":\"BreadcrumbList\",\"@id\":\"https:\\\/\\\/aazsolutions.ch\\\/de\\\/das-unternehmen\\\/#breadcrumb\",\"itemListElement\":[{\"@type\":\"ListItem\",\"position\":1,\"name\":\"Accueil\",\"item\":\"https:\\\/\\\/aazsolutions.ch\\\/de\\\/\"},{\"@type\":\"ListItem\",\"position\":2,\"name\":\"Das Unternehmen\"}]},{\"@type\":\"WebSite\",\"@id\":\"https:\\\/\\\/aazsolutions.ch\\\/de\\\/#website\",\"url\":\"https:\\\/\\\/aazsolutions.ch\\\/de\\\/\",\"name\":\"A\u00e0Zsolutions.ch\",\"description\":\"Des solutions adapt\u00e9es \u00e0 chaque difficult\u00e9!\",\"publisher\":{\"@id\":\"https:\\\/\\\/aazsolutions.ch\\\/de\\\/#organization\"},\"potentialAction\":[{\"@type\":\"SearchAction\",\"target\":{\"@type\":\"EntryPoint\",\"urlTemplate\":\"https:\\\/\\\/aazsolutions.ch\\\/de\\\/?s={search_term_string}\"},\"query-input\":{\"@type\":\"PropertyValueSpecification\",\"valueRequired\":true,\"valueName\":\"search_term_string\"}}],\"inLanguage\":\"de\"},{\"@type\":\"Organization\",\"@id\":\"https:\\\/\\\/aazsolutions.ch\\\/de\\\/#organization\",\"name\":\"A\u00e0Zsolutions SARL\",\"url\":\"https:\\\/\\\/aazsolutions.ch\\\/de\\\/\",\"logo\":{\"@type\":\"ImageObject\",\"inLanguage\":\"de\",\"@id\":\"https:\\\/\\\/aazsolutions.ch\\\/de\\\/#\\\/schema\\\/logo\\\/image\\\/\",\"url\":\"https:\\\/\\\/aazsolutions.ch\\\/wp-content\\\/uploads\\\/2016\\\/04\\\/AAZ_Logo_Solutions.jpg\",\"contentUrl\":\"https:\\\/\\\/aazsolutions.ch\\\/wp-content\\\/uploads\\\/2016\\\/04\\\/AAZ_Logo_Solutions.jpg\",\"width\":1500,\"height\":481,\"caption\":\"A\u00e0Zsolutions SARL\"},\"image\":{\"@id\":\"https:\\\/\\\/aazsolutions.ch\\\/de\\\/#\\\/schema\\\/logo\\\/image\\\/\"},\"sameAs\":[\"https:\\\/\\\/www.facebook.com\\\/aazsolutions.ch\\\/\",\"https:\\\/\\\/www.linkedin.com\\\/showcase\\\/aazsolutions\\\/\"]}]}<\/script>\n<!-- \/ Yoast SEO Premium plugin. -->","yoast_head_json":{"title":"Das Unternehmen | A\u00e0Zsolutions.ch","robots":{"index":"index","follow":"follow","max-snippet":"max-snippet:-1","max-image-preview":"max-image-preview:large","max-video-preview":"max-video-preview:-1"},"canonical":"https:\/\/aazsolutions.ch\/de\/das-unternehmen\/","og_locale":"de_DE","og_type":"article","og_title":"Das Unternehmen","og_description":"A\u00e0Zsolutions bietet sowohl Gesch\u00e4ftskunden als auch Privatpersonen ein breites Sortiment an Hilfsmitteln und paramedizinischer Ausr\u00fcstung an, die auf die individuellen Bed\u00fcrfnisse zugeschnitten sind, um die h\u00e4usliche Pflege zu erleichtern. Wir arbeiten mit anerkannten europ\u00e4ischen Lieferanten zusammen, um zuverl\u00e4ssige, langlebige und den Branchenanforderungen entsprechende Produkte zu garantieren. Mit dem Hauptlager in Gland (VD) und einer Au\u00dfenstelle [&hellip;]","og_url":"https:\/\/aazsolutions.ch\/de\/das-unternehmen\/","og_site_name":"A\u00e0Zsolutions.ch","article_publisher":"https:\/\/www.facebook.com\/aazsolutions.ch\/","article_modified_time":"2026-05-02T18:08:37+00:00","og_image":[{"width":1000,"height":1000,"url":"https:\/\/aazsolutions.ch\/wp-content\/uploads\/2016\/11\/AAZ_Solution_Logo_Social.png","type":"image\/png"}],"twitter_card":"summary_large_image","twitter_misc":{"Gesch\u00e4tzte Lesezeit":"4\u00a0Minuten"},"schema":{"@context":"https:\/\/schema.org","@graph":[{"@type":"WebPage","@id":"https:\/\/aazsolutions.ch\/de\/das-unternehmen\/","url":"https:\/\/aazsolutions.ch\/de\/das-unternehmen\/","name":"Das Unternehmen | A\u00e0Zsolutions.ch","isPartOf":{"@id":"https:\/\/aazsolutions.ch\/de\/#website"},"datePublished":"2017-05-30T07:59:05+00:00","dateModified":"2026-05-02T18:08:37+00:00","breadcrumb":{"@id":"https:\/\/aazsolutions.ch\/de\/das-unternehmen\/#breadcrumb"},"inLanguage":"de","potentialAction":[{"@type":"ReadAction","target":["https:\/\/aazsolutions.ch\/de\/das-unternehmen\/"]}]},{"@type":"BreadcrumbList","@id":"https:\/\/aazsolutions.ch\/de\/das-unternehmen\/#breadcrumb","itemListElement":[{"@type":"ListItem","position":1,"name":"Accueil","item":"https:\/\/aazsolutions.ch\/de\/"},{"@type":"ListItem","position":2,"name":"Das Unternehmen"}]},{"@type":"WebSite","@id":"https:\/\/aazsolutions.ch\/de\/#website","url":"https:\/\/aazsolutions.ch\/de\/","name":"A\u00e0Zsolutions.ch","description":"Des solutions adapt\u00e9es \u00e0 chaque difficult\u00e9!","publisher":{"@id":"https:\/\/aazsolutions.ch\/de\/#organization"},"potentialAction":[{"@type":"SearchAction","target":{"@type":"EntryPoint","urlTemplate":"https:\/\/aazsolutions.ch\/de\/?s={search_term_string}"},"query-input":{"@type":"PropertyValueSpecification","valueRequired":true,"valueName":"search_term_string"}}],"inLanguage":"de"},{"@type":"Organization","@id":"https:\/\/aazsolutions.ch\/de\/#organization","name":"A\u00e0Zsolutions SARL","url":"https:\/\/aazsolutions.ch\/de\/","logo":{"@type":"ImageObject","inLanguage":"de","@id":"https:\/\/aazsolutions.ch\/de\/#\/schema\/logo\/image\/","url":"https:\/\/aazsolutions.ch\/wp-content\/uploads\/2016\/04\/AAZ_Logo_Solutions.jpg","contentUrl":"https:\/\/aazsolutions.ch\/wp-content\/uploads\/2016\/04\/AAZ_Logo_Solutions.jpg","width":1500,"height":481,"caption":"A\u00e0Zsolutions SARL"},"image":{"@id":"https:\/\/aazsolutions.ch\/de\/#\/schema\/logo\/image\/"},"sameAs":["https:\/\/www.facebook.com\/aazsolutions.ch\/","https:\/\/www.linkedin.com\/showcase\/aazsolutions\/"]}]}},"_links":{"self":[{"href":"https:\/\/aazsolutions.ch\/de\/wp-json\/wp\/v2\/pages\/33621","targetHints":{"allow":["GET"]}}],"collection":[{"href":"https:\/\/aazsolutions.ch\/de\/wp-json\/wp\/v2\/pages"}],"about":[{"href":"https:\/\/aazsolutions.ch\/de\/wp-json\/wp\/v2\/types\/page"}],"author":[{"embeddable":true,"href":"https:\/\/aazsolutions.ch\/de\/wp-json\/wp\/v2\/users\/86"}],"replies":[{"embeddable":true,"href":"https:\/\/aazsolutions.ch\/de\/wp-json\/wp\/v2\/comments?post=33621"}],"version-history":[{"count":2,"href":"https:\/\/aazsolutions.ch\/de\/wp-json\/wp\/v2\/pages\/33621\/revisions"}],"predecessor-version":[{"id":33630,"href":"https:\/\/aazsolutions.ch\/de\/wp-json\/wp\/v2\/pages\/33621\/revisions\/33630"}],"wp:attachment":[{"href":"https:\/\/aazsolutions.ch\/de\/wp-json\/wp\/v2\/media?parent=33621"}],"curies":[{"name":"wp","href":"https:\/\/api.w.org\/{rel}","templated":true}]}}