{"id":33700,"date":"2024-03-21T09:20:37","date_gmt":"2024-03-21T08:20:37","guid":{"rendered":"https:\/\/aazsolutions.ch\/datenschutzerklaerung\/"},"modified":"2026-05-02T19:09:48","modified_gmt":"2026-05-02T18:09:48","slug":"datenschutzerklaerung","status":"publish","type":"page","link":"https:\/\/aazsolutions.ch\/de\/datenschutzerklaerung\/","title":{"rendered":"Datenschutzerkl\u00e4rung"},"content":{"rendered":"<p>[et_pb_section fb_built=&#8221;1&#8243; inner_shadow=&#8221;on&#8221; fullwidth=&#8221;on&#8221; admin_label=&#8221;Section&#8221; _builder_version=&#8221;4.16&#8243; background_color=&#8221;#f2f2f2&#8243; background_image=&#8221;https:\/\/aazsolutions.ch\/wp-content\/uploads\/2015\/10\/Loops_Backgound1.png&#8221; parallax=&#8221;on&#8221; parallax_method=&#8221;off&#8221; background_video_mp4=&#8221;https:\/\/aazsolutions.ch\/wp-content\/uploads\/2015\/10\/CleanParticles.mp4&#8243; padding_mobile=&#8221;on&#8221; global_colors_info=&#8221;{}&#8221;][et_pb_fullwidth_header subhead=&#8221;UNSER UNTERNEHMEN IN K\u00dcRZE&#8221; text_orientation=&#8221;center&#8221; logo_image_url=&#8221;https:\/\/aazsolutions.ch\/wp-content\/uploads\/2015\/10\/AAZsolutions_Logo_OK.png&#8221; content_max_width=&#8221;none&#8221; admin_label=&#8221;En-t\u00eate plein \u00e9cran&#8221; _builder_version=&#8221;4.16&#8243; background_color=&#8221;rgba(255,255,255,0)&#8221; background_layout=&#8221;light&#8221; hover_enabled=&#8221;0&#8243; button_one_letter_spacing_hover=&#8221;0&#8243; button_two_letter_spacing_hover=&#8221;0&#8243; global_colors_info=&#8221;{}&#8221; button_one_text_size__hover_enabled=&#8221;off&#8221; button_two_text_size__hover_enabled=&#8221;off&#8221; button_one_text_color__hover_enabled=&#8221;off&#8221; button_two_text_color__hover_enabled=&#8221;off&#8221; button_one_border_width__hover_enabled=&#8221;off&#8221; button_two_border_width__hover_enabled=&#8221;off&#8221; button_one_border_color__hover_enabled=&#8221;off&#8221; button_two_border_color__hover_enabled=&#8221;off&#8221; button_one_border_radius__hover_enabled=&#8221;off&#8221; button_two_border_radius__hover_enabled=&#8221;off&#8221; button_one_letter_spacing__hover_enabled=&#8221;on&#8221; button_one_letter_spacing__hover=&#8221;0&#8243; button_two_letter_spacing__hover_enabled=&#8221;on&#8221; button_two_letter_spacing__hover=&#8221;0&#8243; button_one_bg_color__hover_enabled=&#8221;off&#8221; button_two_bg_color__hover_enabled=&#8221;off&#8221; sticky_enabled=&#8221;0&#8243;][\/et_pb_fullwidth_header][\/et_pb_section][et_pb_section fb_built=&#8221;1&#8243; admin_label=&#8221;Section&#8221; _builder_version=&#8221;4.16&#8243; global_colors_info=&#8221;{}&#8221;][et_pb_row admin_label=&#8221;Zeile&#8221; _builder_version=&#8221;4.16&#8243; background_size=&#8221;initial&#8221; background_position=&#8221;top_left&#8221; background_repeat=&#8221;repeat&#8221; custom_padding=&#8221;50px|0px|50px|0px&#8221; hover_enabled=&#8221;0&#8243; global_colors_info=&#8221;{}&#8221; sticky_enabled=&#8221;0&#8243;][et_pb_column type=&#8221;4_4&#8243; _builder_version=&#8221;4.16&#8243; custom_padding=&#8221;|||&#8221; global_colors_info=&#8221;{}&#8221; custom_padding__hover=&#8221;|||&#8221;][et_pb_text admin_label=&#8221;Texte&#8221; _builder_version=&#8221;4.27.4&#8243; ol_font=&#8221;|700||on|||||&#8221; ol_text_color=&#8221;#0c71c3&#8243; ol_font_size=&#8221;25px&#8221; hover_enabled=&#8221;0&#8243; ol_font_size_tablet=&#8221;25px&#8221; ol_font_size_phone=&#8221;20px&#8221; ol_font_size_last_edited=&#8221;on|desktop&#8221; global_colors_info=&#8221;{}&#8221; sticky_enabled=&#8221;0&#8243;]<\/p>\n<ol>\n<li>Einleitung<\/li>\n<\/ol>\n<p>A\u00e0Zsolutions Mayen (<strong>A\u00e0Z Solutions<\/strong>) legt gro\u00dfen Wert auf den Schutz Ihrer personenbezogenen Daten und Ihrer Privatsph\u00e4re. Diese Datenschutzerkl\u00e4rung (die <strong>Datenschutzerkl\u00e4rung<\/strong>) zeigt unser Engagement, die Wahrung Ihrer Privatsph\u00e4re und die Vertraulichkeit Ihrer personenbezogenen Daten (die <strong>Personenbezogenen Daten<\/strong>) zu gew\u00e4hrleisten. <\/p>\n<p>Indem Sie unsere Dienstleistungen in Anspruch nehmen, auf unsere Website zugreifen (insbesondere durch das Akzeptieren von Cookies), sich f\u00fcr unseren Newsletter anmelden oder \u00fcber das Kontaktformular bzw. den auf unserer Website verf\u00fcgbaren Chat-Service, per E-Mail oder auf andere Weise mit uns kommunizieren, akzeptieren Sie diese Datenschutzerkl\u00e4rung.<\/p>\n<p>Sollte Ihnen die vorliegende Datenschutzerkl\u00e4rung ganz oder teilweise Probleme bereiten, sind Sie verpflichtet, uns dar\u00fcber zu informieren und die Nutzung unserer Website und\/oder unserer Dienstleistungen einzustellen. In diesem Fall sind wir m\u00f6glicherweise nicht mehr in der Lage, Ihnen unsere Dienstleistungen zu erbringen. <\/p>\n<ol start=\"2\">\n<li>Verantwortlicher<\/li>\n<\/ol>\n<p>F\u00fcr die in dieser Datenschutzerkl\u00e4rung beschriebenen Verarbeitungen ist der Verantwortliche f\u00fcr den Datenschutz:<\/p>\n<p><strong>A\u00e0Zsolutions Mayen<\/strong><br \/>Patrick Mayen<br \/>Route de Montreux 125<br \/>1618 Ch\u00e2tel-St-Denis<br \/>Tel.: +41 22 362 80 89<br \/>E-Mail: <a href=\"mailto:info@aazsolutions.ch\">info@aazsolutions.ch<\/a><\/p>\n<ol start=\"3\">\n<li>Verarbeitete personenbezogene Daten<\/li>\n<\/ol>\n<p>Wir verarbeiten die personenbezogenen Daten, die Sie uns \u00fcbermitteln, wenn Sie unsere Dienstleistungen in Anspruch nehmen oder mit uns kommunizieren (z. B. Ihren Namen, Ihre E-Mail- und Postadresse, Ihre Telefonnummer sowie den Inhalt Ihrer Kommunikation).<\/p>\n<p>Personenbezogene Daten werden insbesondere \u00fcber folgende Wege erhoben:<\/p>\n<p style=\"padding-left: 40px;\"><strong>Kontakt- und Bestellformular<\/strong><\/p>\n<p style=\"padding-left: 40px;\">Die hier erhobenen personenbezogenen Daten sind diejenigen, die Internetnutzer freiwillig hinterlassen, wenn sie \u00fcber unser Kontakt- oder Bestellformular mit uns in Kontakt treten.<\/p>\n<p>In bestimmten F\u00e4llen k\u00f6nnen die personenbezogenen Daten durch Informationen erg\u00e4nzt werden, die wir von Dritten erhalten oder aus \u00f6ffentlichen Quellen entnehmen, wie z. B. Online-Medien oder Ihrer Website, um zus\u00e4tzliche Informationen zu erhalten, die es uns erm\u00f6glichen, unsere Dienstleistungen effizient zu erbringen und mit Ihnen zu kommunizieren.<\/p>\n<p>Unsere Website kann besucht werden, ohne dass personenbezogene Daten \u00fcbermittelt werden. Nutzungsdaten (IP-Adresse, Internetbrowser, Datum und Uhrzeit des Besuchs usw.) werden ohne Angabe Ihrer Identit\u00e4t verarbeitet. Sie dienen ausschlie\u00dflich der anonymen statistischen Auswertung, um Verbesserungen zu identifizieren, die wir an unseren Dienstleistungen vornehmen k\u00f6nnten, um den Bed\u00fcrfnissen unserer Kunden bestm\u00f6glich zu entsprechen und einen optimalen Betrieb unserer Website sowie deren Stabilit\u00e4t und Sicherheit zu gew\u00e4hrleisten.  <\/p>\n<ol start=\"4\">\n<li>Zwecke der Verarbeitung Ihrer personenbezogenen Daten<\/li>\n<\/ol>\n<p>Wir verwenden personenbezogene Daten, um unsere Dienstleistungen zu erbringen, unsere Beziehung zu verwalten und mit Ihnen zu kommunizieren, sowie um unsere Kontaktliste aktuell zu halten und\/oder Ihnen Informationen bereitzustellen, die Sie bei uns anfordern k\u00f6nnten.<\/p>\n<p>Wir f\u00fchren kein Profiling auf der Grundlage Ihrer personenbezogenen Daten durch und unterwerfen diese keinen automatisierten Entscheidungsprozessen.<\/p>\n<ol start=\"5\">\n<li>Rechtsgrundlagen der Verarbeitung Ihrer personenbezogenen Daten<\/li>\n<\/ol>\n<p>Bei der Verarbeitung Ihrer personenbezogenen Daten zu den oben beschriebenen Zwecken k\u00f6nnen wir, sofern dies erforderlich ist, alternativ oder kumulativ auf (i) Ihre Einwilligung zu dieser Datenschutzerkl\u00e4rung, (ii) unser berechtigtes Interesse an der Kommunikation mit Ihnen als Gesch\u00e4ftsbeziehung und\/oder (iii) jeden anderen rechtm\u00e4\u00dfigen Grund f\u00fcr die Verarbeitung Ihrer personenbezogenen Daten gem\u00e4\u00df der anwendbaren Gesetzgebung und Regulierung abstellen.   <\/p>\n<ol start=\"6\">\n<li>Aufbewahrung Ihrer personenbezogenen Daten<\/li>\n<\/ol>\n<p>In der Regel bewahren wir Ihre personenbezogenen Daten so lange auf, wie es die Zwecke unserer Verarbeitung, gesetzliche Aufbewahrungsfristen und\/oder unsere berechtigten Interessen erfordern, insbesondere zu Dokumentations- und Nachweiszwecken, oder wenn die Aufbewahrung aus technischer Sicht erforderlich ist (z. B. im Rahmen von IT-Backups). Liegen die vorgenannten Aufbewahrungsgr\u00fcnde nicht vor, l\u00f6schen wir Ihre personenbezogenen Daten grunds\u00e4tzlich gem\u00e4\u00df unseren \u00fcblichen Verfahren. <\/p>\n<ol start=\"7\">\n<li>Schutz Ihrer personenbezogenen Daten<\/li>\n<\/ol>\n<p>Wir beschr\u00e4nken die Nutzung und den Zugriff auf Ihre personenbezogenen Daten auf Personen, die diese unbedingt kennen m\u00fcssen, damit Sie auf unsere Website zugreifen k\u00f6nnen und\/oder um mit uns zu kommunizieren.<\/p>\n<p>Wir verkaufen Ihre personenbezogenen Daten nicht und \u00fcbermitteln sie auch nicht auf andere Weise an Dritte, au\u00dfer mit Ihrer vorherigen Einwilligung, zur ordnungsgem\u00e4\u00dfen Erbringung unserer Leistungen oder wenn wir aufgrund einer anwendbaren Gesetzgebung oder Regulierung dazu verpflichtet sind.<\/p>\n<p>Wir halten geeignete technische und organisatorische Ma\u00dfnahmen aufrecht, um die Vertraulichkeit, Verf\u00fcgbarkeit und Integrit\u00e4t Ihrer personenbezogenen Daten zu wahren. Wir stellen die Einhaltung s\u00e4mtlicher anwendbarer Datenschutz- und Sicherheitsvorschriften sicher. <\/p>\n<ol start=\"8\">\n<li>\u00dcbermittlung personenbezogener Daten ins Ausland<\/li>\n<\/ol>\n<p>Wir verarbeiten und speichern Ihre personenbezogenen Daten haupts\u00e4chlich in der Schweiz und im Europ\u00e4ischen Wirtschaftsraum (EWR), je nach Fall \u2013 z. B. \u00fcber Unterauftragnehmer unserer Dienstleister \u2013 jedoch potenziell in jedem Land der Welt.<\/p>\n<p>Befindet sich ein Empf\u00e4nger Ihrer personenbezogenen Daten in einem Land ohne angemessenen Datenschutz, verpflichten wir den Empf\u00e4nger vertraglich zur Einhaltung eines ausreichenden Datenschutzniveaus (hierzu verwenden wir die \u00fcberarbeiteten Standardvertragsklauseln der Europ\u00e4ischen Kommission, die unter <a href=\"https:\/\/eur-lex.europa.eu\/eli\/dec_impl\/2021\/914\/oj?\">https:\/\/eur-lex.europa.eu\/eli\/dec_impl\/2021\/914\/oj?<\/a> eingesehen werden k\u00f6nnen, gegebenenfalls mit den f\u00fcr die Schweiz erforderlichen Anpassungen), soweit er nicht bereits einem gesetzlich anerkannten Regelwerk unterliegt, das den Datenschutz gew\u00e4hrleistet. Wir k\u00f6nnen Ihre personenbezogenen Daten auch ohne Abschluss eines spezifischen Vertrags an ein Land ohne angemessenen Datenschutz \u00fcbermitteln, sofern wir uns auf eine Ausnahme st\u00fctzen k\u00f6nnen. Eine Ausnahme kann insbesondere bei einem Rechtsverfahren im Ausland gelten, aber auch in F\u00e4llen \u00fcberwiegender \u00f6ffentlicher Interessen oder wenn die Erf\u00fcllung eines Vertrags, der in Ihrem Interesse liegt, eine solche \u00dcbermittlung erfordert, wenn Sie Ihre Einwilligung erteilt haben oder die Einholung Ihrer Einwilligung nicht innerhalb angemessener Frist m\u00f6glich ist und die \u00dcbermittlung erforderlich ist, um Ihr Leben oder Ihre k\u00f6rperliche Unversehrtheit oder die eines Dritten zu sch\u00fctzen, oder wenn es sich um Daten handelt, die Sie allgemein zug\u00e4nglich gemacht haben und deren Verarbeitung Sie nicht widersprochen haben. Wir st\u00fctzen uns unter bestimmten Umst\u00e4nden auch auf die Ausnahme f\u00fcr Daten aus einem gesetzlich vorgesehenen Register (z. B. f\u00fcr Human Resources), das wir berechtigterweise einsehen konnten.<\/p>\n<ol start=\"9\">\n<li>Cookies<\/li>\n<\/ol>\n<p>Cookies sind kleine Textdateien, die auf Ihr Ger\u00e4t heruntergeladen werden, wenn Sie die Website von A\u00e0Z Solutions besuchen. Cookies (einschlie\u00dflich Cookies von Drittanbietern wie Tracking-Technologien von Google Analytics) werden insbesondere verwendet, um die Website zu verbessern oder f\u00fcr allgemeine Marketingzwecke, indem Informationen \u00fcber Interaktionen mit unserer Website bereitgestellt werden (wie die Anzahl der Sitzungen und die auf der Website verbrachte Zeit); statistische Informationen \u00fcber Interaktionen mit unserer Website (einschlie\u00dflich Verweise auf diese, die Beliebtheit bestimmter Inhalte, den Zugriff auf Nutzerkategorien, deren M\u00e4rkte, Regionen, Sprachen, demografische Daten, Browser- und Ger\u00e4tetypen sowie \u00e4hnliche Informationen).<\/p>\n<p>Drittanbieter von Dienstleistungen, wie z. B. Google, k\u00f6nnen Ihre Nutzung unserer Website verfolgen, diese Informationen mit Informationen von anderen Websites, die Sie besucht haben (und die sie ebenfalls verfolgen), kombinieren und diese kombinierten Informationen f\u00fcr ihre eigenen Zwecke verwenden. Wenn Sie bei diesen Dienstleistern registriert sind, k\u00f6nnen sie m\u00f6glicherweise in der Lage sein, Sie zu identifizieren. In diesem Fall unterliegt die Verarbeitung Ihrer personenbezogenen Daten deren Datenschutzbestimmungen (klicken Sie <a href=\"https:\/\/policies.google.com\/technologies\/partner-sites\">hier<\/a>, um insbesondere zu erfahren, wie Google Ihre personenbezogenen Daten verwendet, wenn Sie unsere Website nutzen).<\/p>\n<p>Sie k\u00f6nnen die Einstellungen Ihres Browsers \u00e4ndern, um Cookies zu l\u00f6schen und zu blockieren (oder das von Google verf\u00fcgbare Browser-Add-on <a href=\"https:\/\/tools.google.com\/dlpage\/gaoptout\">hier<\/a> herunterladen und installieren, um Google Analytics zu deaktivieren). Wenn Sie sich entscheiden, Cookies zu blockieren, k\u00f6nnen wir die Nutzung s\u00e4mtlicher Funktionen der Website nicht garantieren.<\/p>\n<ol start=\"10\">\n<li>Soziale Netzwerke<\/li>\n<\/ol>\n<p>Unsere Website enth\u00e4lt Links zu sozialen Netzwerken. Zum Schutz Ihrer personenbezogenen Daten bei Ihrem Besuch unserer Website verwenden wir keine Social Plugins. Stattdessen sind HTML-Links in die Website integriert, die ein einfaches Teilen in sozialen Netzwerken erm\u00f6glichen. Die Einbindung eines solchen Links verhindert eine direkte Verbindung zu den jeweiligen Servern der sozialen Netzwerke beim Aufrufen einer Seite unserer Website. Wenn Sie auf einen der Buttons klicken, \u00f6ffnet sich ein Fenster im Browser und leitet den Nutzer auf die Website des betreffenden sozialen Netzwerks weiter, auf der er (nach dem Einloggen) z. B. den Button \u201eGef\u00e4llt mir\u201c oder \u201eTeilen\u201c verwenden kann.<\/p>\n<p>Weitere Informationen \u00fcber Zweck und Umfang der Datenverarbeitung sowie \u00fcber die weitere Nutzung Ihrer personenbezogenen Daten durch die sozialen Netzwerke und deren Websites, sowie \u00fcber Ihre Rechte und m\u00f6gliche Einstellungen zum Schutz Ihrer Privatsph\u00e4re entnehmen Sie bitte den Datenschutzhinweisen des jeweiligen sozialen Netzwerks: <a href=\"https:\/\/www.facebook.com\/privacy\/policy\/?entry_point=data_policy_redirect&amp;entry=0\">Facebook<\/a> \/ <a href=\"https:\/\/fr.linkedin.com\/legal\/privacy-policy\">LinkedIn<\/a>.<\/p>\n<ol start=\"11\">\n<li><a name=\"_Toc122333030\"><\/a> Ihre Optionen und Ihre Rechte<\/li>\n<\/ol>\n<p>Sie haben das Recht, \u00fcber jede Verarbeitung Ihrer personenbezogenen Daten informiert zu werden, um deren Rechtm\u00e4\u00dfigkeit zu \u00fcberpr\u00fcfen. Wenn Sie von unrichtigen oder unvollst\u00e4ndigen personenbezogenen Daten betroffen sind, k\u00f6nnen Sie deren Berichtigung oder Vervollst\u00e4ndigung verlangen. Soweit dies das anwendbare Recht zul\u00e4sst, k\u00f6nnen Sie in bestimmten F\u00e4llen die L\u00f6schung Ihrer personenbezogenen Daten oder eine vor\u00fcbergehende Einschr\u00e4nkung der Verarbeitung verlangen und Sie k\u00f6nnen der Verarbeitung Ihrer personenbezogenen Daten auch widersprechen; in diesem Fall sind wir m\u00f6glicherweise nicht in der Lage, Ihnen die mit den personenbezogenen Daten verbundenen Dienstleistungen zu erbringen.<\/p>\n<ol start=\"12\">\n<li>Kontakt<\/li>\n<\/ol>\n<p>Wenn Sie Fragen haben oder mit der Verarbeitung Ihrer personenbezogenen Daten ganz oder teilweise nicht zufrieden sind oder Rechte aus der Verarbeitung Ihrer personenbezogenen Daten durch uns aus\u00fcben m\u00f6chten, kontaktieren Sie uns bitte unter folgender Adresse: <a href=\"mailto:info@aazsolutions.ch\">info@aazsolutions.ch<\/a>.<\/p>\n<ol start=\"13\">\n<li>\u00c4nderung der Datenschutzerkl\u00e4rung<\/li>\n<\/ol>\n<p>Wir behalten uns das Recht vor, diese Datenschutzerkl\u00e4rung jederzeit und ohne vorherige Ank\u00fcndigung zu \u00e4ndern. Ma\u00dfgeblich ist die jeweils aktuell auf unserer Website ver\u00f6ffentlichte Version.<\/p>\n<p>[\/et_pb_text][\/et_pb_column][\/et_pb_row][\/et_pb_section]<\/p>\n","protected":false},"excerpt":{"rendered":"<p>Einleitung A\u00e0Zsolutions Mayen (A\u00e0Z Solutions) legt gro\u00dfen Wert auf den Schutz Ihrer personenbezogenen Daten und Ihrer Privatsph\u00e4re. Diese Datenschutzerkl\u00e4rung (die Datenschutzerkl\u00e4rung) zeigt unser Engagement, die Wahrung Ihrer Privatsph\u00e4re und die Vertraulichkeit Ihrer personenbezogenen Daten (die Personenbezogenen Daten) zu gew\u00e4hrleisten. Indem Sie unsere Dienstleistungen in Anspruch nehmen, auf unsere Website zugreifen (insbesondere durch das Akzeptieren von [&hellip;]<\/p>\n","protected":false},"author":86,"featured_media":0,"parent":0,"menu_order":0,"comment_status":"closed","ping_status":"closed","template":"","meta":{"_et_pb_use_builder":"on","_et_pb_old_content":"","_et_gb_content_width":"","inline_featured_image":false,"footnotes":""},"class_list":["post-33700","page","type-page","status-publish","hentry"],"yoast_head":"<!-- This site is optimized with the Yoast SEO Premium plugin v27.2 (Yoast SEO v27.5) - https:\/\/yoast.com\/product\/yoast-seo-premium-wordpress\/ -->\n<title>Datenschutzerkl\u00e4rung | A\u00e0Zsolutions.ch<\/title>\n<meta name=\"robots\" content=\"index, follow, max-snippet:-1, max-image-preview:large, max-video-preview:-1\" \/>\n<link rel=\"canonical\" href=\"https:\/\/aazsolutions.ch\/de\/datenschutzerklaerung\/\" \/>\n<meta property=\"og:locale\" content=\"de_DE\" \/>\n<meta property=\"og:type\" content=\"article\" \/>\n<meta property=\"og:title\" content=\"Datenschutzerkl\u00e4rung\" \/>\n<meta property=\"og:description\" content=\"Einleitung A\u00e0Zsolutions Mayen (A\u00e0Z Solutions) legt gro\u00dfen Wert auf den Schutz Ihrer personenbezogenen Daten und Ihrer Privatsph\u00e4re. Diese Datenschutzerkl\u00e4rung (die Datenschutzerkl\u00e4rung) zeigt unser Engagement, die Wahrung Ihrer Privatsph\u00e4re und die Vertraulichkeit Ihrer personenbezogenen Daten (die Personenbezogenen Daten) zu gew\u00e4hrleisten. Indem Sie unsere Dienstleistungen in Anspruch nehmen, auf unsere Website zugreifen (insbesondere durch das Akzeptieren von [&hellip;]\" \/>\n<meta property=\"og:url\" content=\"https:\/\/aazsolutions.ch\/de\/datenschutzerklaerung\/\" \/>\n<meta property=\"og:site_name\" content=\"A\u00e0Zsolutions.ch\" \/>\n<meta property=\"article:publisher\" content=\"https:\/\/www.facebook.com\/aazsolutions.ch\/\" \/>\n<meta property=\"article:modified_time\" content=\"2026-05-02T18:09:48+00:00\" \/>\n<meta property=\"og:image\" content=\"https:\/\/aazsolutions.ch\/wp-content\/uploads\/2016\/11\/AAZ_Solution_Logo_Social.png\" \/>\n\t<meta property=\"og:image:width\" content=\"1000\" \/>\n\t<meta property=\"og:image:height\" content=\"1000\" \/>\n\t<meta property=\"og:image:type\" content=\"image\/png\" \/>\n<meta name=\"twitter:card\" content=\"summary_large_image\" \/>\n<meta name=\"twitter:label1\" content=\"Gesch\u00e4tzte Lesezeit\" \/>\n\t<meta name=\"twitter:data1\" content=\"9\u00a0Minuten\" \/>\n<script type=\"application\/ld+json\" class=\"yoast-schema-graph\">{\"@context\":\"https:\\\/\\\/schema.org\",\"@graph\":[{\"@type\":\"WebPage\",\"@id\":\"https:\\\/\\\/aazsolutions.ch\\\/de\\\/datenschutzerklaerung\\\/\",\"url\":\"https:\\\/\\\/aazsolutions.ch\\\/de\\\/datenschutzerklaerung\\\/\",\"name\":\"Datenschutzerkl\u00e4rung | A\u00e0Zsolutions.ch\",\"isPartOf\":{\"@id\":\"https:\\\/\\\/aazsolutions.ch\\\/de\\\/#website\"},\"datePublished\":\"2024-03-21T08:20:37+00:00\",\"dateModified\":\"2026-05-02T18:09:48+00:00\",\"breadcrumb\":{\"@id\":\"https:\\\/\\\/aazsolutions.ch\\\/de\\\/datenschutzerklaerung\\\/#breadcrumb\"},\"inLanguage\":\"de\",\"potentialAction\":[{\"@type\":\"ReadAction\",\"target\":[\"https:\\\/\\\/aazsolutions.ch\\\/de\\\/datenschutzerklaerung\\\/\"]}]},{\"@type\":\"BreadcrumbList\",\"@id\":\"https:\\\/\\\/aazsolutions.ch\\\/de\\\/datenschutzerklaerung\\\/#breadcrumb\",\"itemListElement\":[{\"@type\":\"ListItem\",\"position\":1,\"name\":\"Accueil\",\"item\":\"https:\\\/\\\/aazsolutions.ch\\\/de\\\/\"},{\"@type\":\"ListItem\",\"position\":2,\"name\":\"Datenschutzerkl\u00e4rung\"}]},{\"@type\":\"WebSite\",\"@id\":\"https:\\\/\\\/aazsolutions.ch\\\/de\\\/#website\",\"url\":\"https:\\\/\\\/aazsolutions.ch\\\/de\\\/\",\"name\":\"A\u00e0Zsolutions.ch\",\"description\":\"Des solutions adapt\u00e9es \u00e0 chaque difficult\u00e9!\",\"publisher\":{\"@id\":\"https:\\\/\\\/aazsolutions.ch\\\/de\\\/#organization\"},\"potentialAction\":[{\"@type\":\"SearchAction\",\"target\":{\"@type\":\"EntryPoint\",\"urlTemplate\":\"https:\\\/\\\/aazsolutions.ch\\\/de\\\/?s={search_term_string}\"},\"query-input\":{\"@type\":\"PropertyValueSpecification\",\"valueRequired\":true,\"valueName\":\"search_term_string\"}}],\"inLanguage\":\"de\"},{\"@type\":\"Organization\",\"@id\":\"https:\\\/\\\/aazsolutions.ch\\\/de\\\/#organization\",\"name\":\"A\u00e0Zsolutions SARL\",\"url\":\"https:\\\/\\\/aazsolutions.ch\\\/de\\\/\",\"logo\":{\"@type\":\"ImageObject\",\"inLanguage\":\"de\",\"@id\":\"https:\\\/\\\/aazsolutions.ch\\\/de\\\/#\\\/schema\\\/logo\\\/image\\\/\",\"url\":\"https:\\\/\\\/aazsolutions.ch\\\/wp-content\\\/uploads\\\/2016\\\/04\\\/AAZ_Logo_Solutions.jpg\",\"contentUrl\":\"https:\\\/\\\/aazsolutions.ch\\\/wp-content\\\/uploads\\\/2016\\\/04\\\/AAZ_Logo_Solutions.jpg\",\"width\":1500,\"height\":481,\"caption\":\"A\u00e0Zsolutions SARL\"},\"image\":{\"@id\":\"https:\\\/\\\/aazsolutions.ch\\\/de\\\/#\\\/schema\\\/logo\\\/image\\\/\"},\"sameAs\":[\"https:\\\/\\\/www.facebook.com\\\/aazsolutions.ch\\\/\",\"https:\\\/\\\/www.linkedin.com\\\/showcase\\\/aazsolutions\\\/\"]}]}<\/script>\n<!-- \/ Yoast SEO Premium plugin. -->","yoast_head_json":{"title":"Datenschutzerkl\u00e4rung | A\u00e0Zsolutions.ch","robots":{"index":"index","follow":"follow","max-snippet":"max-snippet:-1","max-image-preview":"max-image-preview:large","max-video-preview":"max-video-preview:-1"},"canonical":"https:\/\/aazsolutions.ch\/de\/datenschutzerklaerung\/","og_locale":"de_DE","og_type":"article","og_title":"Datenschutzerkl\u00e4rung","og_description":"Einleitung A\u00e0Zsolutions Mayen (A\u00e0Z Solutions) legt gro\u00dfen Wert auf den Schutz Ihrer personenbezogenen Daten und Ihrer Privatsph\u00e4re. Diese Datenschutzerkl\u00e4rung (die Datenschutzerkl\u00e4rung) zeigt unser Engagement, die Wahrung Ihrer Privatsph\u00e4re und die Vertraulichkeit Ihrer personenbezogenen Daten (die Personenbezogenen Daten) zu gew\u00e4hrleisten. Indem Sie unsere Dienstleistungen in Anspruch nehmen, auf unsere Website zugreifen (insbesondere durch das Akzeptieren von [&hellip;]","og_url":"https:\/\/aazsolutions.ch\/de\/datenschutzerklaerung\/","og_site_name":"A\u00e0Zsolutions.ch","article_publisher":"https:\/\/www.facebook.com\/aazsolutions.ch\/","article_modified_time":"2026-05-02T18:09:48+00:00","og_image":[{"width":1000,"height":1000,"url":"https:\/\/aazsolutions.ch\/wp-content\/uploads\/2016\/11\/AAZ_Solution_Logo_Social.png","type":"image\/png"}],"twitter_card":"summary_large_image","twitter_misc":{"Gesch\u00e4tzte Lesezeit":"9\u00a0Minuten"},"schema":{"@context":"https:\/\/schema.org","@graph":[{"@type":"WebPage","@id":"https:\/\/aazsolutions.ch\/de\/datenschutzerklaerung\/","url":"https:\/\/aazsolutions.ch\/de\/datenschutzerklaerung\/","name":"Datenschutzerkl\u00e4rung | A\u00e0Zsolutions.ch","isPartOf":{"@id":"https:\/\/aazsolutions.ch\/de\/#website"},"datePublished":"2024-03-21T08:20:37+00:00","dateModified":"2026-05-02T18:09:48+00:00","breadcrumb":{"@id":"https:\/\/aazsolutions.ch\/de\/datenschutzerklaerung\/#breadcrumb"},"inLanguage":"de","potentialAction":[{"@type":"ReadAction","target":["https:\/\/aazsolutions.ch\/de\/datenschutzerklaerung\/"]}]},{"@type":"BreadcrumbList","@id":"https:\/\/aazsolutions.ch\/de\/datenschutzerklaerung\/#breadcrumb","itemListElement":[{"@type":"ListItem","position":1,"name":"Accueil","item":"https:\/\/aazsolutions.ch\/de\/"},{"@type":"ListItem","position":2,"name":"Datenschutzerkl\u00e4rung"}]},{"@type":"WebSite","@id":"https:\/\/aazsolutions.ch\/de\/#website","url":"https:\/\/aazsolutions.ch\/de\/","name":"A\u00e0Zsolutions.ch","description":"Des solutions adapt\u00e9es \u00e0 chaque difficult\u00e9!","publisher":{"@id":"https:\/\/aazsolutions.ch\/de\/#organization"},"potentialAction":[{"@type":"SearchAction","target":{"@type":"EntryPoint","urlTemplate":"https:\/\/aazsolutions.ch\/de\/?s={search_term_string}"},"query-input":{"@type":"PropertyValueSpecification","valueRequired":true,"valueName":"search_term_string"}}],"inLanguage":"de"},{"@type":"Organization","@id":"https:\/\/aazsolutions.ch\/de\/#organization","name":"A\u00e0Zsolutions SARL","url":"https:\/\/aazsolutions.ch\/de\/","logo":{"@type":"ImageObject","inLanguage":"de","@id":"https:\/\/aazsolutions.ch\/de\/#\/schema\/logo\/image\/","url":"https:\/\/aazsolutions.ch\/wp-content\/uploads\/2016\/04\/AAZ_Logo_Solutions.jpg","contentUrl":"https:\/\/aazsolutions.ch\/wp-content\/uploads\/2016\/04\/AAZ_Logo_Solutions.jpg","width":1500,"height":481,"caption":"A\u00e0Zsolutions SARL"},"image":{"@id":"https:\/\/aazsolutions.ch\/de\/#\/schema\/logo\/image\/"},"sameAs":["https:\/\/www.facebook.com\/aazsolutions.ch\/","https:\/\/www.linkedin.com\/showcase\/aazsolutions\/"]}]}},"_links":{"self":[{"href":"https:\/\/aazsolutions.ch\/de\/wp-json\/wp\/v2\/pages\/33700","targetHints":{"allow":["GET"]}}],"collection":[{"href":"https:\/\/aazsolutions.ch\/de\/wp-json\/wp\/v2\/pages"}],"about":[{"href":"https:\/\/aazsolutions.ch\/de\/wp-json\/wp\/v2\/types\/page"}],"author":[{"embeddable":true,"href":"https:\/\/aazsolutions.ch\/de\/wp-json\/wp\/v2\/users\/86"}],"replies":[{"embeddable":true,"href":"https:\/\/aazsolutions.ch\/de\/wp-json\/wp\/v2\/comments?post=33700"}],"version-history":[{"count":2,"href":"https:\/\/aazsolutions.ch\/de\/wp-json\/wp\/v2\/pages\/33700\/revisions"}],"predecessor-version":[{"id":33704,"href":"https:\/\/aazsolutions.ch\/de\/wp-json\/wp\/v2\/pages\/33700\/revisions\/33704"}],"wp:attachment":[{"href":"https:\/\/aazsolutions.ch\/de\/wp-json\/wp\/v2\/media?parent=33700"}],"curies":[{"name":"wp","href":"https:\/\/api.w.org\/{rel}","templated":true}]}}