{"id":33709,"date":"2017-05-29T16:48:43","date_gmt":"2017-05-29T15:48:43","guid":{"rendered":"https:\/\/aazsolutions.ch\/bedingungen-und-hinweise\/"},"modified":"2026-05-02T19:10:15","modified_gmt":"2026-05-02T18:10:15","slug":"bedingungen-und-hinweise","status":"publish","type":"page","link":"https:\/\/aazsolutions.ch\/de\/bedingungen-und-hinweise\/","title":{"rendered":"Bedingungen und Hinweise"},"content":{"rendered":"<p>[et_pb_section fb_built=&#8221;1&#8243; fullwidth=&#8221;on&#8221; admin_label=&#8221;Section&#8221; _builder_version=&#8221;4.16&#8243; hover_enabled=&#8221;0&#8243; global_colors_info=&#8221;{}&#8221; sticky_enabled=&#8221;0&#8243;][et_pb_fullwidth_header title=&#8221;Allgemeine Verkaufsbedingungen und rechtliche Hinweise von A\u00e0Zsolutions.ch&#8221; text_orientation=&#8221;center&#8221; content_max_width=&#8221;none&#8221; admin_label=&#8221;En-t\u00eate plein \u00e9cran&#8221; _builder_version=&#8221;4.16&#8243; title_font=&#8221;|||on|&#8221; background_color=&#8221;rgba(255, 255, 255, 0)&#8221; background_image=&#8221;https:\/\/aazsolutions.ch\/wp-content\/uploads\/2016\/04\/BG_Blue.jpg&#8221; hover_enabled=&#8221;0&#8243; background_url=&#8221;https:\/\/aazsolutions.ch\/wp-content\/uploads\/2016\/04\/BG_Blue.jpg&#8221; global_colors_info=&#8221;{}&#8221; button_one_text_size__hover_enabled=&#8221;off&#8221; button_two_text_size__hover_enabled=&#8221;off&#8221; button_one_text_color__hover_enabled=&#8221;off&#8221; button_two_text_color__hover_enabled=&#8221;off&#8221; button_one_border_width__hover_enabled=&#8221;off&#8221; button_two_border_width__hover_enabled=&#8221;off&#8221; button_one_border_color__hover_enabled=&#8221;off&#8221; button_two_border_color__hover_enabled=&#8221;off&#8221; button_one_border_radius__hover_enabled=&#8221;off&#8221; button_two_border_radius__hover_enabled=&#8221;off&#8221; button_one_letter_spacing__hover_enabled=&#8221;off&#8221; button_two_letter_spacing__hover_enabled=&#8221;off&#8221; button_one_bg_color__hover_enabled=&#8221;off&#8221; button_two_bg_color__hover_enabled=&#8221;off&#8221; sticky_enabled=&#8221;0&#8243;][\/et_pb_fullwidth_header][\/et_pb_section][et_pb_section fb_built=&#8221;1&#8243; admin_label=&#8221;section&#8221; _builder_version=&#8221;4.16&#8243; global_colors_info=&#8221;{}&#8221;][et_pb_row admin_label=&#8221;Zeile&#8221; _builder_version=&#8221;4.16&#8243; background_size=&#8221;initial&#8221; background_position=&#8221;top_left&#8221; background_repeat=&#8221;repeat&#8221; global_colors_info=&#8221;{}&#8221;][et_pb_column type=&#8221;4_4&#8243; _builder_version=&#8221;4.16&#8243; custom_padding=&#8221;|||&#8221; global_colors_info=&#8221;{}&#8221; custom_padding__hover=&#8221;|||&#8221;][et_pb_text admin_label=&#8221;Texte&#8221; _builder_version=&#8221;4.27.4&#8243; background_size=&#8221;initial&#8221; background_position=&#8221;top_left&#8221; background_repeat=&#8221;repeat&#8221; hover_enabled=&#8221;0&#8243; global_colors_info=&#8221;{}&#8221; sticky_enabled=&#8221;0&#8243;]<\/p>\n<p style=\"text-align: right;\">Ch\u00e2tel-St-Denis, den 1. Januar 2026<\/p>\n<h1>ALLGEMEINE VERKAUFSBEDINGUNGEN<\/h1>\n<p>&nbsp;<\/p>\n<p><strong>1. Gegenstand<\/strong><\/p>\n<p>Die vorliegenden Allgemeinen Gesch\u00e4ftsbedingungen (nachfolgend: AGB) regeln die Rechte und Pflichten der Parteien im Rahmen der von A\u00e0Zsolutions Mayen, Route de Montreux 125, 1618 Ch\u00e2tel-St-Denis, Fribourg, Switzerland, angebotenen Online-Verk\u00e4ufe.<\/p>\n<p><strong>2. Kauf<\/strong><\/p>\n<p><strong>2.1 Allgemeiner Grundsatz<\/strong><\/p>\n<p>Jede Transaktion \u00fcber <a href=\"https:\/\/aazsolutions.ch\/de\/\">www.aazsolutions.ch<\/a>, jeder Kauf oder jede Bestellung eines Artikels im Shop\/der Boutique von A\u00e0Zsolutions (diese Handlungen werden nachfolgend als: Kauf bezeichnet) setzt die Zustimmung zu den nachstehend wiedergegebenen Allgemeinen Verkaufsbedingungen und rechtlichen Hinweisen voraus.<\/p>\n<p><strong>2.2 Best\u00e4tigung<\/strong><\/p>\n<p>Jeder erfolgreich get\u00e4tigte Kauf wird durch eine Best\u00e4tigungsnachricht in Ihrem Browser sowie durch eine Best\u00e4tigungs-E-Mail best\u00e4tigt.<\/p>\n<p>Der Kaufvertrag gilt zum Zeitpunkt der Best\u00e4tigung des Kaufs (Erhalt einer Best\u00e4tigungs-E-Mail) als abgeschlossen.<\/p>\n<p><strong>2.3 Pflichten des K\u00e4ufers<\/strong><\/p>\n<p>Der K\u00e4ufer verpflichtet sich, bei der Bestellung g\u00fcltige Kontaktdaten anzugeben und den verlangten Preis vollst\u00e4ndig zu bezahlen. Die Bestellung wird nach Zahlungseingang ausgef\u00fchrt. <\/p>\n<p><strong>2.4 Wohnsitz des K\u00e4ufers<\/strong><\/p>\n<p>Aufgrund der Versandkosten und der Lieferart k\u00f6nnen nur K\u00e4ufer mit Wohnsitz in der Schweiz Produkte im Shop von A\u00e0Zsolutions bestellen.<\/p>\n<p>Potenzielle K\u00e4ufer mit Wohnsitz im Ausland k\u00f6nnen A\u00e0Zsolutions schriftlich (E-Mail oder Brief) kontaktieren.<\/p>\n<p><strong>3. Widerrufsrecht<\/strong><\/p>\n<p>Die Bestellung eines Artikels im Shop von A\u00e0Zsolutions kann vom K\u00e4ufer innerhalb von 14 Tagen ab Abschluss des Kaufvertrags storniert oder zur\u00fcckgegeben werden. Der Widerruf muss schriftlich (E-Mail oder Brief) erfolgen und von A\u00e0Zsolutions als eingegangen best\u00e4tigt werden. Wurde die Ware bereits an den K\u00e4ufer geliefert, muss er sie auf eigene Kosten an die unter Punkt 1 dieser Allgemeinen Gesch\u00e4ftsbedingungen genannte Adresse zur\u00fccksenden. Die Artikel m\u00fcssen unversehrt und vollst\u00e4ndig in der Originalverpackung zur\u00fcckgesendet werden.   <\/p>\n<p><strong>4. Gesetzliche Gew\u00e4hrleistung<\/strong><\/p>\n<p>Der K\u00e4ufer hat den Zustand der gelieferten Waren unverz\u00fcglich zu pr\u00fcfen, um offensichtliche Material- und Herstellungsfehler sowie Transportsch\u00e4den auszuschlie\u00dfen. Gem\u00e4\u00df Gesetz sind Sie verpflichtet, A\u00e0Zsolutions jeden Mangel oder jede Unregelm\u00e4\u00dfigkeit an den gelieferten Waren schriftlich (E-Mail oder Brief) zu melden, damit wir Abhilfe schaffen k\u00f6nnen. <\/p>\n<p><strong>5. Preise<\/strong><\/p>\n<p>Die Preise sind in Schweizer Franken (CHF) inklusive MwSt. angegeben. Die angegebenen Preise ber\u00fccksichtigen die Versandkosten nicht (sofern nicht anders angegeben); diese werden zus\u00e4tzlich berechnet und k\u00f6nnen je nach Gewicht und Gr\u00f6\u00dfe des Pakets variieren. <\/p>\n<p><strong>6. Zahlung<\/strong><\/p>\n<p>F\u00fcr jede Transaktion oder Bestellung im Shop von A\u00e0Zsolutions ist die Zahlung ausschlie\u00dflich per Kreditkarte oder Postcard m\u00f6glich und muss bei der Bestellung erfolgen.<\/p>\n<p>Bei Zahlung per Kredit- oder Debitkarte werden keine zus\u00e4tzlichen Geb\u00fchren erhoben.<\/p>\n<p><strong>7. Lieferung und Transport<\/strong><\/p>\n<p>Der Versand der verf\u00fcgbaren Artikel erfolgt per Post innerhalb <u>einer Frist von ca. 5 bis 8 Tagen<\/u>.<\/p>\n<p>HINWEIS: A\u00e0Zsolutions liefert keine Pakete an Postf\u00e4cher und liefert keine Waren an minderj\u00e4hrige oder unter Vormundschaft stehende Kunden, au\u00dfer mit schriftlicher Zustimmung der Eltern oder des Vormunds.<\/p>\n<p><strong>8. Datenschutz<\/strong><\/p>\n<p>Vorbehaltlich abweichender Bestimmungen in den nachstehenden rechtlichen Hinweisen anerkennt A\u00e0Zsolutions die Vertraulichkeit der Informationen, die der K\u00e4ufer ihr bei der Bestellung mitteilt, und verpflichtet sich, diese Informationen nicht an Dritte weiterzugeben.<\/p>\n<p>Der K\u00e4ufer hat ein Recht auf Auskunft und Berichtigung der ihn betreffenden personenbezogenen Daten. Zur Aus\u00fcbung dieser Rechte wendet sich der Nutzer unter Nachweis seiner Identit\u00e4t an A\u00e0Zsolutions. <\/p>\n<p><strong>9. \u00c4nderungen der AGB<\/strong><\/p>\n<p>A\u00e0Zsolutions kann diese AGB \u00e4ndern. Ma\u00dfgeblich f\u00fcr das Vertragsverh\u00e4ltnis zwischen dem K\u00e4ufer und A\u00e0Zsolutions ist die zum Zeitpunkt der Bestellung g\u00fcltige Version. <\/p>\n<p><strong>10. Anwendbares Recht und Gerichtsstand<\/strong><\/p>\n<p>Diese AGB gelten f\u00fcr jede Bestellung, die auf der Website <a href=\"https:\/\/aazsolutions.ch\/de\/\">www.aazsolutions.ch<\/a> aufgegeben wird. Die Bestimmungen des Obligationenrechts sowie die \u00fcbrigen Schweizer Gesetze und Verordnungen werden subsidi\u00e4r angewendet, soweit sie nicht zwingend sind. <\/p>\n<p>Ausschlie\u00dflicher Gerichtsstand f\u00fcr Vertragsverh\u00e4ltnisse, die infolge einer Bestellung auf der Website <a href=\"https:\/\/aazsolutions.ch\/de\/\">www.aazsolutions.ch<\/a> zustande kommen, ist Lausanne, Schweiz.<\/p>\n<p>&nbsp;<\/p>\n<h1>RECHTLICHE HINWEISE<\/h1>\n<p><strong>1. Aktualit\u00e4t und Richtigkeit der Informationen<\/strong><\/p>\n<p>Zweck dieser Internetseite ist es, aktuelle und korrekte Informationen bereitzustellen. A\u00e0Zsolutions pflegt seine Website und legt dabei besonderen Wert auf die Qualit\u00e4t, Vollst\u00e4ndigkeit und Sicherheit der dort enthaltenen Informationen. Dar\u00fcber hinaus ergreift sie die nach vern\u00fcnftigem Ermessen m\u00f6glichen Ma\u00dfnahmen, um das ordnungsgem\u00e4\u00dfe Funktionieren ihrer Website sicherzustellen.<\/p>\n<p><strong>2. Haftungsausschluss<\/strong><\/p>\n<p>A\u00e0Zsolutions kann die Richtigkeit, Zuverl\u00e4ssigkeit und Vollst\u00e4ndigkeit der dort enthaltenen Informationen nicht garantieren. Sie kann nicht gew\u00e4hrleisten, dass die Inhalte, Dokumente oder Software ihrer Website aktuell, vollst\u00e4ndig und fehlerfrei sind. Zudem k\u00f6nnen Systemst\u00f6rungen wie Unterbrechungen, Virenangriffe oder Datenverluste nicht ausgeschlossen werden.<\/p>\n<p>Sie beh\u00e4lt sich ausdr\u00fccklich das Recht vor, den Inhalt ihrer Website ganz oder teilweise jederzeit und ohne vorherige Ank\u00fcndigung zu \u00e4ndern, zu l\u00f6schen oder die Ver\u00f6ffentlichung vor\u00fcbergehend auszusetzen.<\/p>\n<p>A\u00e0Zsolutions \u00fcbernimmt keine Haftung f\u00fcr direkte, indirekte oder Folgesch\u00e4den, die sich aus dem Aufruf, der Nutzung oder der Unm\u00f6glichkeit des Zugriffs auf ihre Website ergeben k\u00f6nnten.<\/p>\n<p>Zudem hat sie keinen Einfluss auf Informationen, die \u00fcber externe Links zu anderen Websites zug\u00e4nglich sind, und lehnt daher jede Verantwortung f\u00fcr den Inhalt dieser Websites ab.<\/p>\n<p><strong>3. Geistiges Eigentum \/ Urheberrecht<\/strong><\/p>\n<p>Der gesamte Inhalt der Website von A\u00e0Zsolutions ist durch die Gesetzgebung zum geistigen Eigentum und insbesondere durch das Urheberrecht gesch\u00fctzt.<\/p>\n<p>Das Herunterladen, Kopieren oder Ausdrucken von Texten, Abbildungen oder anderen Daten f\u00fchrt zu keiner \u00dcbertragung von Rechten an den Inhalten.<\/p>\n<p>Jegliche \u00c4nderung dieser Seiten ist untersagt. Sie d\u00fcrfen nur f\u00fcr den pers\u00f6nlichen Gebrauch und zu nicht gewerblichen Zwecken heruntergeladen und verwendet werden. Die Vervielf\u00e4ltigung, \u00dcbermittlung, \u00c4nderung oder Nutzung urheberrechtlich gesch\u00fctzter Inhalte, einschlie\u00dflich Quellcodes, zu \u00f6ffentlichen oder kommerziellen Zwecken bedarf der vorherigen schriftlichen Genehmigung von A\u00e0Zsolutions.<\/p>\n<p><strong>4. Datenschutz<\/strong><\/p>\n<p>Diese Website erhebt personenbezogene Daten ausschlie\u00dflich, um die vom Nutzer gew\u00fcnschten Leistungen zu erbringen (z. B. Kauf von von A\u00e0Zsolutions angebotenen Produkten, Bestellungen \u00fcber die Boutique, per E-Mail gestellte Fragen usw.). Diese Daten werden nur zu diesen Zwecken verwendet und nicht an Dritte weitergegeben. A\u00e0Zsolutions bem\u00fcht sich, diese Daten unter Wahrung der Vertraulichkeit zu verarbeiten, und sch\u00fctzt sie bei der Erfassung durch geeignete Ma\u00dfnahmen.<\/p>\n<p><strong>5. Google Analytics<\/strong><\/p>\n<p>Die Website von A\u00e0Zsolutions verwendet Google Analytics, einen Webanalysedienst der Google Inc. (\u201eGoogle\u201c). Dieses System verwendet Cookies, d. h. Textdateien, die auf Ihrem Computer gespeichert werden, um der Website die Analyse der Nutzung durch die Benutzer zu erm\u00f6glichen. Die durch die Cookies erzeugten Daten \u00fcber Ihre Nutzung dieser Website (einschlie\u00dflich Ihrer IP-Adresse) werden an Google in den USA \u00fcbertragen und dort auf Servern gespeichert.<\/p>\n<p>Google wird diese Informationen verwenden, um Ihre Nutzung der Website auszuwerten, Berichte \u00fcber die Websiteaktivit\u00e4ten f\u00fcr den Websitebetreiber zu erstellen und weitere mit der Websitenutzung und der Internetnutzung verbundene Dienstleistungen zu erbringen. Google kann diese Daten an Dritte weitergeben, sofern dies gesetzlich vorgeschrieben ist oder soweit Dritte diese Daten im Auftrag von Google verarbeiten. Google wird Ihre IP-Adresse in keinem Fall mit anderen Daten von Google in Verbindung bringen. Sie k\u00f6nnen die Verwendung von Cookies durch Auswahl der entsprechenden Einstellungen in Ihrem Browser deaktivieren. Eine solche Deaktivierung k\u00f6nnte jedoch die Nutzung bestimmter Funktionen dieser Website verhindern. Durch die Nutzung dieser Website erkl\u00e4ren Sie sich ausdr\u00fccklich mit der Verarbeitung Ihrer personenbezogenen Daten durch Google unter den oben beschriebenen Bedingungen und zu den oben genannten Zwecken einverstanden.<\/p>\n<p>[\/et_pb_text][\/et_pb_column][\/et_pb_row][\/et_pb_section]<\/p>\n","protected":false},"excerpt":{"rendered":"<p>Ch\u00e2tel-St-Denis, den 1. Januar 2026 ALLGEMEINE VERKAUFSBEDINGUNGEN &nbsp; 1. Gegenstand Die vorliegenden Allgemeinen Gesch\u00e4ftsbedingungen (nachfolgend: AGB) regeln die Rechte und Pflichten der Parteien im Rahmen der von A\u00e0Zsolutions Mayen, Route de Montreux 125, 1618 Ch\u00e2tel-St-Denis, Fribourg, Switzerland, angebotenen Online-Verk\u00e4ufe. 2. Kauf 2.1 Allgemeiner Grundsatz Jede Transaktion \u00fcber www.aazsolutions.ch, jeder Kauf oder jede Bestellung eines Artikels [&hellip;]<\/p>\n","protected":false},"author":86,"featured_media":0,"parent":0,"menu_order":0,"comment_status":"closed","ping_status":"closed","template":"","meta":{"_et_pb_use_builder":"on","_et_pb_old_content":"","_et_gb_content_width":"","inline_featured_image":false,"footnotes":""},"class_list":["post-33709","page","type-page","status-publish","hentry"],"yoast_head":"<!-- This site is optimized with the Yoast SEO Premium plugin v27.2 (Yoast SEO v27.5) - https:\/\/yoast.com\/product\/yoast-seo-premium-wordpress\/ -->\n<title>Bedingungen und Hinweise | A\u00e0Zsolutions.ch<\/title>\n<meta name=\"robots\" content=\"index, follow, max-snippet:-1, max-image-preview:large, max-video-preview:-1\" \/>\n<link rel=\"canonical\" href=\"https:\/\/aazsolutions.ch\/de\/bedingungen-und-hinweise\/\" \/>\n<meta property=\"og:locale\" content=\"de_DE\" \/>\n<meta property=\"og:type\" content=\"article\" \/>\n<meta property=\"og:title\" content=\"Bedingungen und Hinweise\" \/>\n<meta property=\"og:description\" content=\"Ch\u00e2tel-St-Denis, den 1. Januar 2026 ALLGEMEINE VERKAUFSBEDINGUNGEN &nbsp; 1. Gegenstand Die vorliegenden Allgemeinen Gesch\u00e4ftsbedingungen (nachfolgend: AGB) regeln die Rechte und Pflichten der Parteien im Rahmen der von A\u00e0Zsolutions Mayen, Route de Montreux 125, 1618 Ch\u00e2tel-St-Denis, Fribourg, Switzerland, angebotenen Online-Verk\u00e4ufe. 2. Kauf 2.1 Allgemeiner Grundsatz Jede Transaktion \u00fcber www.aazsolutions.ch, jeder Kauf oder jede Bestellung eines Artikels [&hellip;]\" \/>\n<meta property=\"og:url\" content=\"https:\/\/aazsolutions.ch\/de\/bedingungen-und-hinweise\/\" \/>\n<meta property=\"og:site_name\" content=\"A\u00e0Zsolutions.ch\" \/>\n<meta property=\"article:publisher\" content=\"https:\/\/www.facebook.com\/aazsolutions.ch\/\" \/>\n<meta property=\"article:modified_time\" content=\"2026-05-02T18:10:15+00:00\" \/>\n<meta property=\"og:image\" content=\"https:\/\/aazsolutions.ch\/wp-content\/uploads\/2016\/11\/AAZ_Solution_Logo_Social.png\" \/>\n\t<meta property=\"og:image:width\" content=\"1000\" \/>\n\t<meta property=\"og:image:height\" content=\"1000\" \/>\n\t<meta property=\"og:image:type\" content=\"image\/png\" \/>\n<meta name=\"twitter:card\" content=\"summary_large_image\" \/>\n<meta name=\"twitter:label1\" content=\"Gesch\u00e4tzte Lesezeit\" \/>\n\t<meta name=\"twitter:data1\" content=\"7\u00a0Minuten\" \/>\n<script type=\"application\/ld+json\" class=\"yoast-schema-graph\">{\"@context\":\"https:\\\/\\\/schema.org\",\"@graph\":[{\"@type\":\"WebPage\",\"@id\":\"https:\\\/\\\/aazsolutions.ch\\\/de\\\/bedingungen-und-hinweise\\\/\",\"url\":\"https:\\\/\\\/aazsolutions.ch\\\/de\\\/bedingungen-und-hinweise\\\/\",\"name\":\"Bedingungen und Hinweise | A\u00e0Zsolutions.ch\",\"isPartOf\":{\"@id\":\"https:\\\/\\\/aazsolutions.ch\\\/de\\\/#website\"},\"datePublished\":\"2017-05-29T15:48:43+00:00\",\"dateModified\":\"2026-05-02T18:10:15+00:00\",\"breadcrumb\":{\"@id\":\"https:\\\/\\\/aazsolutions.ch\\\/de\\\/bedingungen-und-hinweise\\\/#breadcrumb\"},\"inLanguage\":\"de\",\"potentialAction\":[{\"@type\":\"ReadAction\",\"target\":[\"https:\\\/\\\/aazsolutions.ch\\\/de\\\/bedingungen-und-hinweise\\\/\"]}]},{\"@type\":\"BreadcrumbList\",\"@id\":\"https:\\\/\\\/aazsolutions.ch\\\/de\\\/bedingungen-und-hinweise\\\/#breadcrumb\",\"itemListElement\":[{\"@type\":\"ListItem\",\"position\":1,\"name\":\"Accueil\",\"item\":\"https:\\\/\\\/aazsolutions.ch\\\/de\\\/\"},{\"@type\":\"ListItem\",\"position\":2,\"name\":\"Bedingungen und Hinweise\"}]},{\"@type\":\"WebSite\",\"@id\":\"https:\\\/\\\/aazsolutions.ch\\\/de\\\/#website\",\"url\":\"https:\\\/\\\/aazsolutions.ch\\\/de\\\/\",\"name\":\"A\u00e0Zsolutions.ch\",\"description\":\"Des solutions adapt\u00e9es \u00e0 chaque difficult\u00e9!\",\"publisher\":{\"@id\":\"https:\\\/\\\/aazsolutions.ch\\\/de\\\/#organization\"},\"potentialAction\":[{\"@type\":\"SearchAction\",\"target\":{\"@type\":\"EntryPoint\",\"urlTemplate\":\"https:\\\/\\\/aazsolutions.ch\\\/de\\\/?s={search_term_string}\"},\"query-input\":{\"@type\":\"PropertyValueSpecification\",\"valueRequired\":true,\"valueName\":\"search_term_string\"}}],\"inLanguage\":\"de\"},{\"@type\":\"Organization\",\"@id\":\"https:\\\/\\\/aazsolutions.ch\\\/de\\\/#organization\",\"name\":\"A\u00e0Zsolutions SARL\",\"url\":\"https:\\\/\\\/aazsolutions.ch\\\/de\\\/\",\"logo\":{\"@type\":\"ImageObject\",\"inLanguage\":\"de\",\"@id\":\"https:\\\/\\\/aazsolutions.ch\\\/de\\\/#\\\/schema\\\/logo\\\/image\\\/\",\"url\":\"https:\\\/\\\/aazsolutions.ch\\\/wp-content\\\/uploads\\\/2016\\\/04\\\/AAZ_Logo_Solutions.jpg\",\"contentUrl\":\"https:\\\/\\\/aazsolutions.ch\\\/wp-content\\\/uploads\\\/2016\\\/04\\\/AAZ_Logo_Solutions.jpg\",\"width\":1500,\"height\":481,\"caption\":\"A\u00e0Zsolutions SARL\"},\"image\":{\"@id\":\"https:\\\/\\\/aazsolutions.ch\\\/de\\\/#\\\/schema\\\/logo\\\/image\\\/\"},\"sameAs\":[\"https:\\\/\\\/www.facebook.com\\\/aazsolutions.ch\\\/\",\"https:\\\/\\\/www.linkedin.com\\\/showcase\\\/aazsolutions\\\/\"]}]}<\/script>\n<!-- \/ Yoast SEO Premium plugin. -->","yoast_head_json":{"title":"Bedingungen und Hinweise | A\u00e0Zsolutions.ch","robots":{"index":"index","follow":"follow","max-snippet":"max-snippet:-1","max-image-preview":"max-image-preview:large","max-video-preview":"max-video-preview:-1"},"canonical":"https:\/\/aazsolutions.ch\/de\/bedingungen-und-hinweise\/","og_locale":"de_DE","og_type":"article","og_title":"Bedingungen und Hinweise","og_description":"Ch\u00e2tel-St-Denis, den 1. Januar 2026 ALLGEMEINE VERKAUFSBEDINGUNGEN &nbsp; 1. Gegenstand Die vorliegenden Allgemeinen Gesch\u00e4ftsbedingungen (nachfolgend: AGB) regeln die Rechte und Pflichten der Parteien im Rahmen der von A\u00e0Zsolutions Mayen, Route de Montreux 125, 1618 Ch\u00e2tel-St-Denis, Fribourg, Switzerland, angebotenen Online-Verk\u00e4ufe. 2. Kauf 2.1 Allgemeiner Grundsatz Jede Transaktion \u00fcber www.aazsolutions.ch, jeder Kauf oder jede Bestellung eines Artikels [&hellip;]","og_url":"https:\/\/aazsolutions.ch\/de\/bedingungen-und-hinweise\/","og_site_name":"A\u00e0Zsolutions.ch","article_publisher":"https:\/\/www.facebook.com\/aazsolutions.ch\/","article_modified_time":"2026-05-02T18:10:15+00:00","og_image":[{"width":1000,"height":1000,"url":"https:\/\/aazsolutions.ch\/wp-content\/uploads\/2016\/11\/AAZ_Solution_Logo_Social.png","type":"image\/png"}],"twitter_card":"summary_large_image","twitter_misc":{"Gesch\u00e4tzte Lesezeit":"7\u00a0Minuten"},"schema":{"@context":"https:\/\/schema.org","@graph":[{"@type":"WebPage","@id":"https:\/\/aazsolutions.ch\/de\/bedingungen-und-hinweise\/","url":"https:\/\/aazsolutions.ch\/de\/bedingungen-und-hinweise\/","name":"Bedingungen und Hinweise | A\u00e0Zsolutions.ch","isPartOf":{"@id":"https:\/\/aazsolutions.ch\/de\/#website"},"datePublished":"2017-05-29T15:48:43+00:00","dateModified":"2026-05-02T18:10:15+00:00","breadcrumb":{"@id":"https:\/\/aazsolutions.ch\/de\/bedingungen-und-hinweise\/#breadcrumb"},"inLanguage":"de","potentialAction":[{"@type":"ReadAction","target":["https:\/\/aazsolutions.ch\/de\/bedingungen-und-hinweise\/"]}]},{"@type":"BreadcrumbList","@id":"https:\/\/aazsolutions.ch\/de\/bedingungen-und-hinweise\/#breadcrumb","itemListElement":[{"@type":"ListItem","position":1,"name":"Accueil","item":"https:\/\/aazsolutions.ch\/de\/"},{"@type":"ListItem","position":2,"name":"Bedingungen und Hinweise"}]},{"@type":"WebSite","@id":"https:\/\/aazsolutions.ch\/de\/#website","url":"https:\/\/aazsolutions.ch\/de\/","name":"A\u00e0Zsolutions.ch","description":"Des solutions adapt\u00e9es \u00e0 chaque difficult\u00e9!","publisher":{"@id":"https:\/\/aazsolutions.ch\/de\/#organization"},"potentialAction":[{"@type":"SearchAction","target":{"@type":"EntryPoint","urlTemplate":"https:\/\/aazsolutions.ch\/de\/?s={search_term_string}"},"query-input":{"@type":"PropertyValueSpecification","valueRequired":true,"valueName":"search_term_string"}}],"inLanguage":"de"},{"@type":"Organization","@id":"https:\/\/aazsolutions.ch\/de\/#organization","name":"A\u00e0Zsolutions SARL","url":"https:\/\/aazsolutions.ch\/de\/","logo":{"@type":"ImageObject","inLanguage":"de","@id":"https:\/\/aazsolutions.ch\/de\/#\/schema\/logo\/image\/","url":"https:\/\/aazsolutions.ch\/wp-content\/uploads\/2016\/04\/AAZ_Logo_Solutions.jpg","contentUrl":"https:\/\/aazsolutions.ch\/wp-content\/uploads\/2016\/04\/AAZ_Logo_Solutions.jpg","width":1500,"height":481,"caption":"A\u00e0Zsolutions SARL"},"image":{"@id":"https:\/\/aazsolutions.ch\/de\/#\/schema\/logo\/image\/"},"sameAs":["https:\/\/www.facebook.com\/aazsolutions.ch\/","https:\/\/www.linkedin.com\/showcase\/aazsolutions\/"]}]}},"_links":{"self":[{"href":"https:\/\/aazsolutions.ch\/de\/wp-json\/wp\/v2\/pages\/33709","targetHints":{"allow":["GET"]}}],"collection":[{"href":"https:\/\/aazsolutions.ch\/de\/wp-json\/wp\/v2\/pages"}],"about":[{"href":"https:\/\/aazsolutions.ch\/de\/wp-json\/wp\/v2\/types\/page"}],"author":[{"embeddable":true,"href":"https:\/\/aazsolutions.ch\/de\/wp-json\/wp\/v2\/users\/86"}],"replies":[{"embeddable":true,"href":"https:\/\/aazsolutions.ch\/de\/wp-json\/wp\/v2\/comments?post=33709"}],"version-history":[{"count":2,"href":"https:\/\/aazsolutions.ch\/de\/wp-json\/wp\/v2\/pages\/33709\/revisions"}],"predecessor-version":[{"id":33712,"href":"https:\/\/aazsolutions.ch\/de\/wp-json\/wp\/v2\/pages\/33709\/revisions\/33712"}],"wp:attachment":[{"href":"https:\/\/aazsolutions.ch\/de\/wp-json\/wp\/v2\/media?parent=33709"}],"curies":[{"name":"wp","href":"https:\/\/api.w.org\/{rel}","templated":true}]}}