{"id":33698,"date":"2026-04-06T10:37:56","date_gmt":"2026-04-06T09:37:56","guid":{"rendered":"https:\/\/aazsolutions.ch\/produit\/raeder-mit-druckbremsen-fuer-gehrahmen-lyna-2\/"},"modified":"2026-05-02T19:09:23","modified_gmt":"2026-05-02T18:09:23","slug":"raeder-mit-druckbremsen-fuer-gehrahmen-lyna-2","status":"publish","type":"product","link":"https:\/\/aazsolutions.ch\/de\/produit\/raeder-mit-druckbremsen-fuer-gehrahmen-lyna-2\/","title":{"rendered":"R\u00e4der mit Druckbremsen f\u00fcr Gehrahmen Lyna 2"},"content":{"rendered":"<h2>R\u00e4der mit Druckbremsen f\u00fcr Gehrahmen Lyna 2 \u2013 F\u00fcr eine fl\u00fcssigere Fortbewegung ganz einfach<\/h2>\n<p>Die <strong>R\u00e4der mit Druckbremsen f\u00fcr Gehrahmen<\/strong> sind daf\u00fcr konzipiert, Ihre Fortbewegung fl\u00fcssiger zu machen. Bereits nach der Montage verbessern sie die Wendigkeit Ihres Gehramens und bewahren dabei Sicherheit und Stabilit\u00e4t.<\/p>\n<p>Diese robusten R\u00e4der passen perfekt zum Modell Lyna 2. Die Montage erfolgt schnell und ohne Werkzeug \u2013 damit sind sie f\u00fcr alle leicht zug\u00e4nglich. Dank ihres dezenten Designs f\u00fcgen sie sich nahtlos in Ihre bestehende Ausstattung ein.<\/p>\n<p>Mit diesem Zubeh\u00f6r reduzieren Sie den Kraftaufwand, der n\u00f6tig ist, um Ihren Gehrahmen vorw\u00e4rtszuschieben. So gewinnen Sie an Komfort, insbesondere auf ebenen B\u00f6den oder in Innenr\u00e4umen. Ausserdem k\u00f6nnen Sie Ihren Gehrahmen auch in kleinen R\u00e4umen weiterhin problemlos nutzen.<\/p>\n<h3>\u2705 Technische Merkmale:<\/h3>\n<ul>\n<li>Zubeh\u00f6r kompatibel mit dem Gehrahmen Lyna 2<\/li>\n<li>Schnelle Montage ohne Werkzeug<\/li>\n<li>Optimiertes Gleiten auf glatten Oberfl\u00e4chen<\/li>\n<li>Langlebige und leise Materialien<\/li>\n<li>Paarweise verkauft<\/li>\n<\/ul>\n<h3>Mehr Komfort im Alltag<\/h3>\n<p>Mit den <strong>R\u00e4dern mit Druckbremsen f\u00fcr Gehrahmen<\/strong> wird Ihre Fortbewegung fl\u00fcssiger und angenehmer. <strong>Jetzt bestellen \u2013 Schnelle Lieferung in der Schweiz!<\/strong><\/p>\n","protected":false},"excerpt":{"rendered":"<h2>Spezifikationen<\/h2>\n<ul>\n<li>R\u00e4der mit Druckbremsen f\u00fcr Gehrahmen Lyna 2<\/li>\n<\/ul>\n","protected":false},"featured_media":33213,"comment_status":"closed","ping_status":"closed","template":"","meta":{"_et_pb_use_builder":"","_et_pb_old_content":"","_et_gb_content_width":"","inline_featured_image":false},"product_brand":[],"product_cat":[1209,1210],"product_tag":[],"class_list":{"0":"post-33698","1":"product","2":"type-product","3":"status-publish","4":"has-post-thumbnail","6":"product_cat-2-mobilitat","7":"product_cat-zubehor-fur-gehrahmen","8":"product_shipping_class-a","10":"first","11":"instock","12":"featured","13":"taxable","14":"shipping-taxable","15":"purchasable","16":"product-type-simple"},"yoast_head":"<!-- This site is optimized with the Yoast SEO Premium plugin v27.2 (Yoast SEO v27.5) - https:\/\/yoast.com\/product\/yoast-seo-premium-wordpress\/ -->\n<title>Bremsr\u00e4der f\u00fcr Gehrahmen Lyna 2 \u2013 Praktisches Zubeh\u00f6r \u2013<\/title>\n<meta name=\"description\" content=\"R\u00e4der f\u00fcr Gehrahmen Lyna 2. Einfach zu montieren, erleichtern die Fortbewegung und verbessern den Gehkomfort. Schnelle Lieferung in der ganzen Schweiz.\" \/>\n<meta name=\"robots\" content=\"index, follow, max-snippet:-1, max-image-preview:large, max-video-preview:-1\" \/>\n<link rel=\"canonical\" href=\"https:\/\/aazsolutions.ch\/de\/produit\/raeder-mit-druckbremsen-fuer-gehrahmen-lyna-2\/\" \/>\n<meta property=\"og:locale\" content=\"de_DE\" \/>\n<meta property=\"og:type\" content=\"article\" \/>\n<meta property=\"og:title\" content=\"R\u00e4der mit Druckbremsen f\u00fcr Gehrahmen Lyna 2\" \/>\n<meta property=\"og:description\" content=\"R\u00e4der f\u00fcr Gehrahmen Lyna 2. Einfach zu montieren, erleichtern die Fortbewegung und verbessern den Gehkomfort. Schnelle Lieferung in der ganzen Schweiz.\" \/>\n<meta property=\"og:url\" content=\"https:\/\/aazsolutions.ch\/de\/produit\/raeder-mit-druckbremsen-fuer-gehrahmen-lyna-2\/\" \/>\n<meta property=\"og:site_name\" content=\"A\u00e0Zsolutions.ch\" \/>\n<meta property=\"article:publisher\" content=\"https:\/\/www.facebook.com\/aazsolutions.ch\/\" \/>\n<meta property=\"article:modified_time\" content=\"2026-05-02T18:09:23+00:00\" \/>\n<meta property=\"og:image\" content=\"https:\/\/aazsolutions.ch\/wp-content\/uploads\/2026\/04\/Image-06.04.26-a-11.36.png\" \/>\n\t<meta property=\"og:image:width\" content=\"788\" \/>\n\t<meta property=\"og:image:height\" content=\"730\" \/>\n\t<meta property=\"og:image:type\" content=\"image\/png\" \/>\n<meta name=\"twitter:card\" content=\"summary_large_image\" \/>\n<meta name=\"twitter:label1\" content=\"Preis\" \/>\n\t<meta name=\"twitter:data1\" content=\"50.00&nbsp;&#067;&#072;&#070; TVA incluse\" \/>\n\t<meta name=\"twitter:label2\" content=\"Verf\u00fcgbarkeit\" \/>\n\t<meta name=\"twitter:data2\" content=\"Auf Lager\" \/>\n<script type=\"application\/ld+json\" class=\"yoast-schema-graph\">{\"@context\":\"https:\\\/\\\/schema.org\",\"@graph\":[{\"@type\":\"WebPage\",\"@id\":\"https:\\\/\\\/aazsolutions.ch\\\/de\\\/produit\\\/raeder-mit-druckbremsen-fuer-gehrahmen-lyna-2\\\/\",\"url\":\"https:\\\/\\\/aazsolutions.ch\\\/de\\\/produit\\\/raeder-mit-druckbremsen-fuer-gehrahmen-lyna-2\\\/\",\"name\":\"Bremsr\u00e4der f\u00fcr Gehrahmen Lyna 2 \u2013 Praktisches Zubeh\u00f6r \u2013\",\"isPartOf\":{\"@id\":\"https:\\\/\\\/aazsolutions.ch\\\/de\\\/#website\"},\"primaryImageOfPage\":{\"@id\":\"https:\\\/\\\/aazsolutions.ch\\\/de\\\/produit\\\/raeder-mit-druckbremsen-fuer-gehrahmen-lyna-2\\\/#primaryimage\"},\"image\":{\"@id\":\"https:\\\/\\\/aazsolutions.ch\\\/de\\\/produit\\\/raeder-mit-druckbremsen-fuer-gehrahmen-lyna-2\\\/#primaryimage\"},\"thumbnailUrl\":\"https:\\\/\\\/aazsolutions.ch\\\/wp-content\\\/uploads\\\/2026\\\/04\\\/Image-06.04.26-a-11.36.png\",\"datePublished\":\"2026-04-06T09:37:56+00:00\",\"dateModified\":\"2026-05-02T18:09:23+00:00\",\"description\":\"R\u00e4der f\u00fcr Gehrahmen Lyna 2. Einfach zu montieren, erleichtern die Fortbewegung und verbessern den Gehkomfort. Schnelle Lieferung in der ganzen Schweiz.\",\"breadcrumb\":{\"@id\":\"https:\\\/\\\/aazsolutions.ch\\\/de\\\/produit\\\/raeder-mit-druckbremsen-fuer-gehrahmen-lyna-2\\\/#breadcrumb\"},\"inLanguage\":\"de\",\"potentialAction\":[{\"@type\":\"ReadAction\",\"target\":[\"https:\\\/\\\/aazsolutions.ch\\\/de\\\/produit\\\/raeder-mit-druckbremsen-fuer-gehrahmen-lyna-2\\\/\"]}]},{\"@type\":\"ImageObject\",\"inLanguage\":\"de\",\"@id\":\"https:\\\/\\\/aazsolutions.ch\\\/de\\\/produit\\\/raeder-mit-druckbremsen-fuer-gehrahmen-lyna-2\\\/#primaryimage\",\"url\":\"https:\\\/\\\/aazsolutions.ch\\\/wp-content\\\/uploads\\\/2026\\\/04\\\/Image-06.04.26-a-11.36.png\",\"contentUrl\":\"https:\\\/\\\/aazsolutions.ch\\\/wp-content\\\/uploads\\\/2026\\\/04\\\/Image-06.04.26-a-11.36.png\",\"width\":788,\"height\":730},{\"@type\":\"BreadcrumbList\",\"@id\":\"https:\\\/\\\/aazsolutions.ch\\\/de\\\/produit\\\/raeder-mit-druckbremsen-fuer-gehrahmen-lyna-2\\\/#breadcrumb\",\"itemListElement\":[{\"@type\":\"ListItem\",\"position\":1,\"name\":\"Accueil\",\"item\":\"https:\\\/\\\/aazsolutions.ch\\\/de\\\/\"},{\"@type\":\"ListItem\",\"position\":2,\"name\":\"Shop\",\"item\":\"https:\\\/\\\/aazsolutions.ch\\\/de\\\/shop\\\/\"},{\"@type\":\"ListItem\",\"position\":3,\"name\":\"R\u00e4der mit Druckbremsen f\u00fcr Gehrahmen Lyna 2\"}]},{\"@type\":\"WebSite\",\"@id\":\"https:\\\/\\\/aazsolutions.ch\\\/de\\\/#website\",\"url\":\"https:\\\/\\\/aazsolutions.ch\\\/de\\\/\",\"name\":\"A\u00e0Zsolutions.ch\",\"description\":\"Des solutions adapt\u00e9es \u00e0 chaque difficult\u00e9!\",\"publisher\":{\"@id\":\"https:\\\/\\\/aazsolutions.ch\\\/de\\\/#organization\"},\"potentialAction\":[{\"@type\":\"SearchAction\",\"target\":{\"@type\":\"EntryPoint\",\"urlTemplate\":\"https:\\\/\\\/aazsolutions.ch\\\/de\\\/?s={search_term_string}\"},\"query-input\":{\"@type\":\"PropertyValueSpecification\",\"valueRequired\":true,\"valueName\":\"search_term_string\"}}],\"inLanguage\":\"de\"},{\"@type\":\"Organization\",\"@id\":\"https:\\\/\\\/aazsolutions.ch\\\/de\\\/#organization\",\"name\":\"A\u00e0Zsolutions SARL\",\"url\":\"https:\\\/\\\/aazsolutions.ch\\\/de\\\/\",\"logo\":{\"@type\":\"ImageObject\",\"inLanguage\":\"de\",\"@id\":\"https:\\\/\\\/aazsolutions.ch\\\/de\\\/#\\\/schema\\\/logo\\\/image\\\/\",\"url\":\"https:\\\/\\\/aazsolutions.ch\\\/wp-content\\\/uploads\\\/2016\\\/04\\\/AAZ_Logo_Solutions.jpg\",\"contentUrl\":\"https:\\\/\\\/aazsolutions.ch\\\/wp-content\\\/uploads\\\/2016\\\/04\\\/AAZ_Logo_Solutions.jpg\",\"width\":1500,\"height\":481,\"caption\":\"A\u00e0Zsolutions SARL\"},\"image\":{\"@id\":\"https:\\\/\\\/aazsolutions.ch\\\/de\\\/#\\\/schema\\\/logo\\\/image\\\/\"},\"sameAs\":[\"https:\\\/\\\/www.facebook.com\\\/aazsolutions.ch\\\/\",\"https:\\\/\\\/www.linkedin.com\\\/showcase\\\/aazsolutions\\\/\"]}]}<\/script>\n<meta property=\"product:price:amount\" content=\"50.00\" \/>\n<meta property=\"product:price:currency\" content=\"CHF\" \/>\n<meta property=\"og:availability\" content=\"instock\" \/>\n<meta property=\"product:availability\" content=\"instock\" \/>\n<meta property=\"product:retailer_item_id\" content=\"20036\" \/>\n<meta property=\"product:condition\" content=\"new\" \/>\n<!-- \/ Yoast SEO Premium plugin. -->","yoast_head_json":{"title":"Bremsr\u00e4der f\u00fcr Gehrahmen Lyna 2 \u2013 Praktisches Zubeh\u00f6r \u2013","description":"R\u00e4der f\u00fcr Gehrahmen Lyna 2. Einfach zu montieren, erleichtern die Fortbewegung und verbessern den Gehkomfort. Schnelle Lieferung in der ganzen Schweiz.","robots":{"index":"index","follow":"follow","max-snippet":"max-snippet:-1","max-image-preview":"max-image-preview:large","max-video-preview":"max-video-preview:-1"},"canonical":"https:\/\/aazsolutions.ch\/de\/produit\/raeder-mit-druckbremsen-fuer-gehrahmen-lyna-2\/","og_locale":"de_DE","og_type":"article","og_title":"R\u00e4der mit Druckbremsen f\u00fcr Gehrahmen Lyna 2","og_description":"R\u00e4der f\u00fcr Gehrahmen Lyna 2. Einfach zu montieren, erleichtern die Fortbewegung und verbessern den Gehkomfort. Schnelle Lieferung in der ganzen Schweiz.","og_url":"https:\/\/aazsolutions.ch\/de\/produit\/raeder-mit-druckbremsen-fuer-gehrahmen-lyna-2\/","og_site_name":"A\u00e0Zsolutions.ch","article_publisher":"https:\/\/www.facebook.com\/aazsolutions.ch\/","article_modified_time":"2026-05-02T18:09:23+00:00","og_image":[{"width":788,"height":730,"url":"https:\/\/aazsolutions.ch\/wp-content\/uploads\/2026\/04\/Image-06.04.26-a-11.36.png","type":"image\/png"}],"twitter_card":"summary_large_image","twitter_misc":{"Preis":"50.00&nbsp;&#67;&#72;&#70; TVA incluse","Verf\u00fcgbarkeit":"Auf Lager"},"schema":{"@context":"https:\/\/schema.org","@graph":[{"@type":"WebPage","@id":"https:\/\/aazsolutions.ch\/de\/produit\/raeder-mit-druckbremsen-fuer-gehrahmen-lyna-2\/","url":"https:\/\/aazsolutions.ch\/de\/produit\/raeder-mit-druckbremsen-fuer-gehrahmen-lyna-2\/","name":"Bremsr\u00e4der f\u00fcr Gehrahmen Lyna 2 \u2013 Praktisches Zubeh\u00f6r \u2013","isPartOf":{"@id":"https:\/\/aazsolutions.ch\/de\/#website"},"primaryImageOfPage":{"@id":"https:\/\/aazsolutions.ch\/de\/produit\/raeder-mit-druckbremsen-fuer-gehrahmen-lyna-2\/#primaryimage"},"image":{"@id":"https:\/\/aazsolutions.ch\/de\/produit\/raeder-mit-druckbremsen-fuer-gehrahmen-lyna-2\/#primaryimage"},"thumbnailUrl":"https:\/\/aazsolutions.ch\/wp-content\/uploads\/2026\/04\/Image-06.04.26-a-11.36.png","datePublished":"2026-04-06T09:37:56+00:00","dateModified":"2026-05-02T18:09:23+00:00","description":"R\u00e4der f\u00fcr Gehrahmen Lyna 2. Einfach zu montieren, erleichtern die Fortbewegung und verbessern den Gehkomfort. Schnelle Lieferung in der ganzen Schweiz.","breadcrumb":{"@id":"https:\/\/aazsolutions.ch\/de\/produit\/raeder-mit-druckbremsen-fuer-gehrahmen-lyna-2\/#breadcrumb"},"inLanguage":"de","potentialAction":[{"@type":"ReadAction","target":["https:\/\/aazsolutions.ch\/de\/produit\/raeder-mit-druckbremsen-fuer-gehrahmen-lyna-2\/"]}]},{"@type":"ImageObject","inLanguage":"de","@id":"https:\/\/aazsolutions.ch\/de\/produit\/raeder-mit-druckbremsen-fuer-gehrahmen-lyna-2\/#primaryimage","url":"https:\/\/aazsolutions.ch\/wp-content\/uploads\/2026\/04\/Image-06.04.26-a-11.36.png","contentUrl":"https:\/\/aazsolutions.ch\/wp-content\/uploads\/2026\/04\/Image-06.04.26-a-11.36.png","width":788,"height":730},{"@type":"BreadcrumbList","@id":"https:\/\/aazsolutions.ch\/de\/produit\/raeder-mit-druckbremsen-fuer-gehrahmen-lyna-2\/#breadcrumb","itemListElement":[{"@type":"ListItem","position":1,"name":"Accueil","item":"https:\/\/aazsolutions.ch\/de\/"},{"@type":"ListItem","position":2,"name":"Shop","item":"https:\/\/aazsolutions.ch\/de\/shop\/"},{"@type":"ListItem","position":3,"name":"R\u00e4der mit Druckbremsen f\u00fcr Gehrahmen Lyna 2"}]},{"@type":"WebSite","@id":"https:\/\/aazsolutions.ch\/de\/#website","url":"https:\/\/aazsolutions.ch\/de\/","name":"A\u00e0Zsolutions.ch","description":"Des solutions adapt\u00e9es \u00e0 chaque difficult\u00e9!","publisher":{"@id":"https:\/\/aazsolutions.ch\/de\/#organization"},"potentialAction":[{"@type":"SearchAction","target":{"@type":"EntryPoint","urlTemplate":"https:\/\/aazsolutions.ch\/de\/?s={search_term_string}"},"query-input":{"@type":"PropertyValueSpecification","valueRequired":true,"valueName":"search_term_string"}}],"inLanguage":"de"},{"@type":"Organization","@id":"https:\/\/aazsolutions.ch\/de\/#organization","name":"A\u00e0Zsolutions SARL","url":"https:\/\/aazsolutions.ch\/de\/","logo":{"@type":"ImageObject","inLanguage":"de","@id":"https:\/\/aazsolutions.ch\/de\/#\/schema\/logo\/image\/","url":"https:\/\/aazsolutions.ch\/wp-content\/uploads\/2016\/04\/AAZ_Logo_Solutions.jpg","contentUrl":"https:\/\/aazsolutions.ch\/wp-content\/uploads\/2016\/04\/AAZ_Logo_Solutions.jpg","width":1500,"height":481,"caption":"A\u00e0Zsolutions SARL"},"image":{"@id":"https:\/\/aazsolutions.ch\/de\/#\/schema\/logo\/image\/"},"sameAs":["https:\/\/www.facebook.com\/aazsolutions.ch\/","https:\/\/www.linkedin.com\/showcase\/aazsolutions\/"]}]},"product_price_amount":"50.00","product_price_currency":"CHF","og_availability":"instock","product_availability":"instock","product_retailer_item_id":"20036","product_condition":"new"},"_links":{"self":[{"href":"https:\/\/aazsolutions.ch\/de\/wp-json\/wp\/v2\/product\/33698","targetHints":{"allow":["GET"]}}],"collection":[{"href":"https:\/\/aazsolutions.ch\/de\/wp-json\/wp\/v2\/product"}],"about":[{"href":"https:\/\/aazsolutions.ch\/de\/wp-json\/wp\/v2\/types\/product"}],"replies":[{"embeddable":true,"href":"https:\/\/aazsolutions.ch\/de\/wp-json\/wp\/v2\/comments?post=33698"}],"wp:featuredmedia":[{"embeddable":true,"href":"https:\/\/aazsolutions.ch\/de\/wp-json\/wp\/v2\/media\/33213"}],"wp:attachment":[{"href":"https:\/\/aazsolutions.ch\/de\/wp-json\/wp\/v2\/media?parent=33698"}],"wp:term":[{"taxonomy":"product_brand","embeddable":true,"href":"https:\/\/aazsolutions.ch\/de\/wp-json\/wp\/v2\/product_brand?post=33698"},{"taxonomy":"product_cat","embeddable":true,"href":"https:\/\/aazsolutions.ch\/de\/wp-json\/wp\/v2\/product_cat?post=33698"},{"taxonomy":"product_tag","embeddable":true,"href":"https:\/\/aazsolutions.ch\/de\/wp-json\/wp\/v2\/product_tag?post=33698"}],"curies":[{"name":"wp","href":"https:\/\/api.w.org\/{rel}","templated":true}]}}