{"id":33754,"date":"2019-01-01T00:00:00","date_gmt":"2018-12-31T23:00:00","guid":{"rendered":"https:\/\/aazsolutions.ch\/produit\/aufstehsessel-ontario-2-motoren\/"},"modified":"2026-05-02T19:11:21","modified_gmt":"2026-05-02T18:11:21","slug":"aufstehsessel-ontario-2-motoren","status":"publish","type":"product","link":"https:\/\/aazsolutions.ch\/de\/produit\/aufstehsessel-ontario-2-motoren\/","title":{"rendered":"Aufstehsessel ONTARIO 2 Motoren"},"content":{"rendered":"<p><span style=\"color: #e2001a;\">Dieses Produkt ist <span style=\"text-decoration: underline;\"><strong>ausschlie\u00dflich auf Bestellung<\/strong><\/span> erh\u00e4ltlich. Die Lieferzeit betr\u00e4gt <span style=\"text-decoration: underline;\"><strong>1 bis 2 Wochen<\/strong><\/span>. F\u00fcr weitere Informationen kontaktieren Sie uns bitte. <\/span><\/p>\n<h2>Aufstehsessel ONTARIO \u2013 Komfort und Unabh\u00e4ngigkeit<\/h2>\n<p>Der <strong>Aufstehsessel ONTARIO 2 Motoren<\/strong> vereint Komfort und Praktikabilit\u00e4t dank seiner zwei separaten Motoren f\u00fcr R\u00fcckenlehne und Beinauflage. Er hilft Ihnen, m\u00fchelos vom Sitzen ins Stehen zu wechseln. <\/p>\n<h3>\u2705 Nutzungsmodi:<\/h3>\n<ul>\n<li><strong>Sitzmodus<\/strong>: Perfekt zum Fernsehen.<\/li>\n<li><strong>Liegeposition<\/strong>: Stellen Sie R\u00fcckenlehne und Beinauflage nach Bedarf ein.<\/li>\n<li><strong>Aufstehmodus<\/strong>: Erleichtert das sichere Aufrichten.<\/li>\n<\/ul>\n<p>Ausgestattet mit einer intuitiven Fernbedienung bietet der <strong>2-Motoren-Sessel<\/strong> eine einfache und schnelle Einstellung f\u00fcr individuellen Komfort.<\/p>\n<h3>Sehen Sie ihn in diesem Video in Aktion:<\/h3>\n<p><iframe loading=\"lazy\" src=\"https:\/\/www.youtube.com\/embed\/E7BTB3knndI\" width=\"560\" height=\"315\" frameborder=\"0\" allowfullscreen=\"allowfullscreen\"><\/iframe><\/p>\n<h3>Bestellen Sie Ihren <strong>Aufstehsessel ONTARIO 2 Motoren<\/strong> jetzt f\u00fcr ein Plus an Komfort und Selbstst\u00e4ndigkeit!<\/h3>\n","protected":false},"excerpt":{"rendered":"<h2>Spezifikationen<\/h2>\n<ul>\n<li>Vollst\u00e4ndige Unabh\u00e4ngigkeit zwischen R\u00fcckenlehne und Beinauflage<\/li>\n<li>Verstellbarer R\u00fcckenlehnenwinkel von 26\u00b0 bis 43\u00b0<\/li>\n<li>Kabelgebundene Fernbedienung<\/li>\n<li>Seitentasche<\/li>\n<li>Breite 84,5 cm, Tiefe 96 cm, H\u00f6he 114,5 cm<\/li>\n<li>Armlehnenh\u00f6he: 14 cm<\/li>\n<li>R\u00fcckenlehnenh\u00f6he: 67 cm<\/li>\n<li>Sitzh\u00f6he: 50 cm<\/li>\n<li>Sitzbreite: 48 cm<\/li>\n<li>Sitztiefe: 53 cm<\/li>\n<li>Gewicht: 53 kg<\/li>\n<li>Material: Stoff oder Kunstleder (Skai)<\/li>\n<li>Farbe: Stoff: Braun oder Beige \/ Skai: Braun, Schwarz oder Taupe<\/li>\n<li>Max. Belastung: 150 kg<\/li>\n<\/ul>\n","protected":false},"featured_media":31819,"comment_status":"closed","ping_status":"closed","template":"","meta":{"_et_pb_use_builder":"","_et_pb_old_content":"","_et_gb_content_width":"","inline_featured_image":false},"product_brand":[],"product_cat":[1227,1230],"product_tag":[],"class_list":{"0":"post-33754","1":"product","2":"type-product","3":"status-publish","4":"has-post-thumbnail","6":"product_cat-3-ruhe","7":"product_cat-aufstehsessel","8":"product_shipping_class-d","10":"first","11":"instock","12":"taxable","13":"shipping-taxable","14":"purchasable","15":"product-type-simple"},"yoast_head":"<!-- This site is optimized with the Yoast SEO Premium plugin v27.2 (Yoast SEO v27.5) - https:\/\/yoast.com\/product\/yoast-seo-premium-wordpress\/ -->\n<title>Aufstehsessel ONTARIO 2 Motoren \u2013 Komfort und Unabh\u00e4ngigkeit<\/title>\n<meta name=\"description\" content=\"Aufstehsessel ONTARIO 2 Motoren mit unabh\u00e4ngig verstellbarer R\u00fcckenlehne und Beinauflage. Intuitive Fernbedienung und 3 Modi f\u00fcr optimale, selbstst\u00e4ndige Unterst\u00fctzung.\" \/>\n<meta name=\"robots\" content=\"index, follow, max-snippet:-1, max-image-preview:large, max-video-preview:-1\" \/>\n<link rel=\"canonical\" href=\"https:\/\/aazsolutions.ch\/de\/produit\/aufstehsessel-ontario-2-motoren\/\" \/>\n<meta property=\"og:locale\" content=\"de_DE\" \/>\n<meta property=\"og:type\" content=\"article\" \/>\n<meta property=\"og:title\" content=\"Aufstehsessel ONTARIO 2 Motoren\" \/>\n<meta property=\"og:description\" content=\"Aufstehsessel ONTARIO 2 Motoren mit unabh\u00e4ngig verstellbarer R\u00fcckenlehne und Beinauflage. Intuitive Fernbedienung und 3 Modi f\u00fcr optimale, selbstst\u00e4ndige Unterst\u00fctzung.\" \/>\n<meta property=\"og:url\" content=\"https:\/\/aazsolutions.ch\/de\/produit\/aufstehsessel-ontario-2-motoren\/\" \/>\n<meta property=\"og:site_name\" content=\"A\u00e0Zsolutions.ch\" \/>\n<meta property=\"article:publisher\" content=\"https:\/\/www.facebook.com\/aazsolutions.ch\/\" \/>\n<meta property=\"article:modified_time\" content=\"2026-05-02T18:11:21+00:00\" \/>\n<meta property=\"og:image\" content=\"https:\/\/aazsolutions.ch\/wp-content\/uploads\/2025\/03\/30054-1.jpg\" \/>\n\t<meta property=\"og:image:width\" content=\"1120\" \/>\n\t<meta property=\"og:image:height\" content=\"1120\" \/>\n\t<meta property=\"og:image:type\" content=\"image\/jpeg\" \/>\n<meta name=\"twitter:card\" content=\"summary_large_image\" \/>\n<meta name=\"twitter:label1\" content=\"Preis\" \/>\n\t<meta name=\"twitter:data1\" content=\"1&#039;589.00&nbsp;&#067;&#072;&#070; TVA incluse\" \/>\n\t<meta name=\"twitter:label2\" content=\"Verf\u00fcgbarkeit\" \/>\n\t<meta name=\"twitter:data2\" content=\"Auf Lager\" \/>\n<script type=\"application\/ld+json\" class=\"yoast-schema-graph\">{\"@context\":\"https:\\\/\\\/schema.org\",\"@graph\":[{\"@type\":\"WebPage\",\"@id\":\"https:\\\/\\\/aazsolutions.ch\\\/de\\\/produit\\\/aufstehsessel-ontario-2-motoren\\\/\",\"url\":\"https:\\\/\\\/aazsolutions.ch\\\/de\\\/produit\\\/aufstehsessel-ontario-2-motoren\\\/\",\"name\":\"Aufstehsessel ONTARIO 2 Motoren \u2013 Komfort und Unabh\u00e4ngigkeit\",\"isPartOf\":{\"@id\":\"https:\\\/\\\/aazsolutions.ch\\\/de\\\/#website\"},\"primaryImageOfPage\":{\"@id\":\"https:\\\/\\\/aazsolutions.ch\\\/de\\\/produit\\\/aufstehsessel-ontario-2-motoren\\\/#primaryimage\"},\"image\":{\"@id\":\"https:\\\/\\\/aazsolutions.ch\\\/de\\\/produit\\\/aufstehsessel-ontario-2-motoren\\\/#primaryimage\"},\"thumbnailUrl\":\"https:\\\/\\\/aazsolutions.ch\\\/wp-content\\\/uploads\\\/2025\\\/03\\\/30054-1.jpg\",\"datePublished\":\"2018-12-31T23:00:00+00:00\",\"dateModified\":\"2026-05-02T18:11:21+00:00\",\"description\":\"Aufstehsessel ONTARIO 2 Motoren mit unabh\u00e4ngig verstellbarer R\u00fcckenlehne und Beinauflage. Intuitive Fernbedienung und 3 Modi f\u00fcr optimale, selbstst\u00e4ndige Unterst\u00fctzung.\",\"breadcrumb\":{\"@id\":\"https:\\\/\\\/aazsolutions.ch\\\/de\\\/produit\\\/aufstehsessel-ontario-2-motoren\\\/#breadcrumb\"},\"inLanguage\":\"de\",\"potentialAction\":[{\"@type\":\"ReadAction\",\"target\":[\"https:\\\/\\\/aazsolutions.ch\\\/de\\\/produit\\\/aufstehsessel-ontario-2-motoren\\\/\"]}]},{\"@type\":\"ImageObject\",\"inLanguage\":\"de\",\"@id\":\"https:\\\/\\\/aazsolutions.ch\\\/de\\\/produit\\\/aufstehsessel-ontario-2-motoren\\\/#primaryimage\",\"url\":\"https:\\\/\\\/aazsolutions.ch\\\/wp-content\\\/uploads\\\/2025\\\/03\\\/30054-1.jpg\",\"contentUrl\":\"https:\\\/\\\/aazsolutions.ch\\\/wp-content\\\/uploads\\\/2025\\\/03\\\/30054-1.jpg\",\"width\":1120,\"height\":1120,\"caption\":\"T\u00e9l\u00e9commande intuitive du fauteuil releveur ONTARIO 2 moteurs\"},{\"@type\":\"BreadcrumbList\",\"@id\":\"https:\\\/\\\/aazsolutions.ch\\\/de\\\/produit\\\/aufstehsessel-ontario-2-motoren\\\/#breadcrumb\",\"itemListElement\":[{\"@type\":\"ListItem\",\"position\":1,\"name\":\"Accueil\",\"item\":\"https:\\\/\\\/aazsolutions.ch\\\/de\\\/\"},{\"@type\":\"ListItem\",\"position\":2,\"name\":\"Shop\",\"item\":\"https:\\\/\\\/aazsolutions.ch\\\/de\\\/shop\\\/\"},{\"@type\":\"ListItem\",\"position\":3,\"name\":\"Aufstehsessel ONTARIO 2 Motoren\"}]},{\"@type\":\"WebSite\",\"@id\":\"https:\\\/\\\/aazsolutions.ch\\\/de\\\/#website\",\"url\":\"https:\\\/\\\/aazsolutions.ch\\\/de\\\/\",\"name\":\"A\u00e0Zsolutions.ch\",\"description\":\"Des solutions adapt\u00e9es \u00e0 chaque difficult\u00e9!\",\"publisher\":{\"@id\":\"https:\\\/\\\/aazsolutions.ch\\\/de\\\/#organization\"},\"potentialAction\":[{\"@type\":\"SearchAction\",\"target\":{\"@type\":\"EntryPoint\",\"urlTemplate\":\"https:\\\/\\\/aazsolutions.ch\\\/de\\\/?s={search_term_string}\"},\"query-input\":{\"@type\":\"PropertyValueSpecification\",\"valueRequired\":true,\"valueName\":\"search_term_string\"}}],\"inLanguage\":\"de\"},{\"@type\":\"Organization\",\"@id\":\"https:\\\/\\\/aazsolutions.ch\\\/de\\\/#organization\",\"name\":\"A\u00e0Zsolutions SARL\",\"url\":\"https:\\\/\\\/aazsolutions.ch\\\/de\\\/\",\"logo\":{\"@type\":\"ImageObject\",\"inLanguage\":\"de\",\"@id\":\"https:\\\/\\\/aazsolutions.ch\\\/de\\\/#\\\/schema\\\/logo\\\/image\\\/\",\"url\":\"https:\\\/\\\/aazsolutions.ch\\\/wp-content\\\/uploads\\\/2016\\\/04\\\/AAZ_Logo_Solutions.jpg\",\"contentUrl\":\"https:\\\/\\\/aazsolutions.ch\\\/wp-content\\\/uploads\\\/2016\\\/04\\\/AAZ_Logo_Solutions.jpg\",\"width\":1500,\"height\":481,\"caption\":\"A\u00e0Zsolutions SARL\"},\"image\":{\"@id\":\"https:\\\/\\\/aazsolutions.ch\\\/de\\\/#\\\/schema\\\/logo\\\/image\\\/\"},\"sameAs\":[\"https:\\\/\\\/www.facebook.com\\\/aazsolutions.ch\\\/\",\"https:\\\/\\\/www.linkedin.com\\\/showcase\\\/aazsolutions\\\/\"]}]}<\/script>\n<meta property=\"product:price:amount\" content=\"1589.00\" \/>\n<meta property=\"product:price:currency\" content=\"CHF\" \/>\n<meta property=\"og:availability\" content=\"instock\" \/>\n<meta property=\"product:availability\" content=\"instock\" \/>\n<meta property=\"product:retailer_item_id\" content=\"30054\" \/>\n<meta property=\"product:condition\" content=\"new\" \/>\n<!-- \/ Yoast SEO Premium plugin. -->","yoast_head_json":{"title":"Aufstehsessel ONTARIO 2 Motoren \u2013 Komfort und Unabh\u00e4ngigkeit","description":"Aufstehsessel ONTARIO 2 Motoren mit unabh\u00e4ngig verstellbarer R\u00fcckenlehne und Beinauflage. Intuitive Fernbedienung und 3 Modi f\u00fcr optimale, selbstst\u00e4ndige Unterst\u00fctzung.","robots":{"index":"index","follow":"follow","max-snippet":"max-snippet:-1","max-image-preview":"max-image-preview:large","max-video-preview":"max-video-preview:-1"},"canonical":"https:\/\/aazsolutions.ch\/de\/produit\/aufstehsessel-ontario-2-motoren\/","og_locale":"de_DE","og_type":"article","og_title":"Aufstehsessel ONTARIO 2 Motoren","og_description":"Aufstehsessel ONTARIO 2 Motoren mit unabh\u00e4ngig verstellbarer R\u00fcckenlehne und Beinauflage. Intuitive Fernbedienung und 3 Modi f\u00fcr optimale, selbstst\u00e4ndige Unterst\u00fctzung.","og_url":"https:\/\/aazsolutions.ch\/de\/produit\/aufstehsessel-ontario-2-motoren\/","og_site_name":"A\u00e0Zsolutions.ch","article_publisher":"https:\/\/www.facebook.com\/aazsolutions.ch\/","article_modified_time":"2026-05-02T18:11:21+00:00","og_image":[{"width":1120,"height":1120,"url":"https:\/\/aazsolutions.ch\/wp-content\/uploads\/2025\/03\/30054-1.jpg","type":"image\/jpeg"}],"twitter_card":"summary_large_image","twitter_misc":{"Preis":"1'589.00&nbsp;&#67;&#72;&#70; TVA incluse","Verf\u00fcgbarkeit":"Auf Lager"},"schema":{"@context":"https:\/\/schema.org","@graph":[{"@type":"WebPage","@id":"https:\/\/aazsolutions.ch\/de\/produit\/aufstehsessel-ontario-2-motoren\/","url":"https:\/\/aazsolutions.ch\/de\/produit\/aufstehsessel-ontario-2-motoren\/","name":"Aufstehsessel ONTARIO 2 Motoren \u2013 Komfort und Unabh\u00e4ngigkeit","isPartOf":{"@id":"https:\/\/aazsolutions.ch\/de\/#website"},"primaryImageOfPage":{"@id":"https:\/\/aazsolutions.ch\/de\/produit\/aufstehsessel-ontario-2-motoren\/#primaryimage"},"image":{"@id":"https:\/\/aazsolutions.ch\/de\/produit\/aufstehsessel-ontario-2-motoren\/#primaryimage"},"thumbnailUrl":"https:\/\/aazsolutions.ch\/wp-content\/uploads\/2025\/03\/30054-1.jpg","datePublished":"2018-12-31T23:00:00+00:00","dateModified":"2026-05-02T18:11:21+00:00","description":"Aufstehsessel ONTARIO 2 Motoren mit unabh\u00e4ngig verstellbarer R\u00fcckenlehne und Beinauflage. Intuitive Fernbedienung und 3 Modi f\u00fcr optimale, selbstst\u00e4ndige Unterst\u00fctzung.","breadcrumb":{"@id":"https:\/\/aazsolutions.ch\/de\/produit\/aufstehsessel-ontario-2-motoren\/#breadcrumb"},"inLanguage":"de","potentialAction":[{"@type":"ReadAction","target":["https:\/\/aazsolutions.ch\/de\/produit\/aufstehsessel-ontario-2-motoren\/"]}]},{"@type":"ImageObject","inLanguage":"de","@id":"https:\/\/aazsolutions.ch\/de\/produit\/aufstehsessel-ontario-2-motoren\/#primaryimage","url":"https:\/\/aazsolutions.ch\/wp-content\/uploads\/2025\/03\/30054-1.jpg","contentUrl":"https:\/\/aazsolutions.ch\/wp-content\/uploads\/2025\/03\/30054-1.jpg","width":1120,"height":1120,"caption":"T\u00e9l\u00e9commande intuitive du fauteuil releveur ONTARIO 2 moteurs"},{"@type":"BreadcrumbList","@id":"https:\/\/aazsolutions.ch\/de\/produit\/aufstehsessel-ontario-2-motoren\/#breadcrumb","itemListElement":[{"@type":"ListItem","position":1,"name":"Accueil","item":"https:\/\/aazsolutions.ch\/de\/"},{"@type":"ListItem","position":2,"name":"Shop","item":"https:\/\/aazsolutions.ch\/de\/shop\/"},{"@type":"ListItem","position":3,"name":"Aufstehsessel ONTARIO 2 Motoren"}]},{"@type":"WebSite","@id":"https:\/\/aazsolutions.ch\/de\/#website","url":"https:\/\/aazsolutions.ch\/de\/","name":"A\u00e0Zsolutions.ch","description":"Des solutions adapt\u00e9es \u00e0 chaque difficult\u00e9!","publisher":{"@id":"https:\/\/aazsolutions.ch\/de\/#organization"},"potentialAction":[{"@type":"SearchAction","target":{"@type":"EntryPoint","urlTemplate":"https:\/\/aazsolutions.ch\/de\/?s={search_term_string}"},"query-input":{"@type":"PropertyValueSpecification","valueRequired":true,"valueName":"search_term_string"}}],"inLanguage":"de"},{"@type":"Organization","@id":"https:\/\/aazsolutions.ch\/de\/#organization","name":"A\u00e0Zsolutions SARL","url":"https:\/\/aazsolutions.ch\/de\/","logo":{"@type":"ImageObject","inLanguage":"de","@id":"https:\/\/aazsolutions.ch\/de\/#\/schema\/logo\/image\/","url":"https:\/\/aazsolutions.ch\/wp-content\/uploads\/2016\/04\/AAZ_Logo_Solutions.jpg","contentUrl":"https:\/\/aazsolutions.ch\/wp-content\/uploads\/2016\/04\/AAZ_Logo_Solutions.jpg","width":1500,"height":481,"caption":"A\u00e0Zsolutions SARL"},"image":{"@id":"https:\/\/aazsolutions.ch\/de\/#\/schema\/logo\/image\/"},"sameAs":["https:\/\/www.facebook.com\/aazsolutions.ch\/","https:\/\/www.linkedin.com\/showcase\/aazsolutions\/"]}]},"product_price_amount":"1589.00","product_price_currency":"CHF","og_availability":"instock","product_availability":"instock","product_retailer_item_id":"30054","product_condition":"new"},"_links":{"self":[{"href":"https:\/\/aazsolutions.ch\/de\/wp-json\/wp\/v2\/product\/33754","targetHints":{"allow":["GET"]}}],"collection":[{"href":"https:\/\/aazsolutions.ch\/de\/wp-json\/wp\/v2\/product"}],"about":[{"href":"https:\/\/aazsolutions.ch\/de\/wp-json\/wp\/v2\/types\/product"}],"replies":[{"embeddable":true,"href":"https:\/\/aazsolutions.ch\/de\/wp-json\/wp\/v2\/comments?post=33754"}],"wp:featuredmedia":[{"embeddable":true,"href":"https:\/\/aazsolutions.ch\/de\/wp-json\/wp\/v2\/media\/31819"}],"wp:attachment":[{"href":"https:\/\/aazsolutions.ch\/de\/wp-json\/wp\/v2\/media?parent=33754"}],"wp:term":[{"taxonomy":"product_brand","embeddable":true,"href":"https:\/\/aazsolutions.ch\/de\/wp-json\/wp\/v2\/product_brand?post=33754"},{"taxonomy":"product_cat","embeddable":true,"href":"https:\/\/aazsolutions.ch\/de\/wp-json\/wp\/v2\/product_cat?post=33754"},{"taxonomy":"product_tag","embeddable":true,"href":"https:\/\/aazsolutions.ch\/de\/wp-json\/wp\/v2\/product_tag?post=33754"}],"curies":[{"name":"wp","href":"https:\/\/api.w.org\/{rel}","templated":true}]}}