{"id":33765,"date":"2019-01-01T00:00:00","date_gmt":"2018-12-31T23:00:00","guid":{"rendered":"https:\/\/aazsolutions.ch\/produit\/schalen-ruhesessel-altitude\/"},"modified":"2026-05-02T19:11:41","modified_gmt":"2026-05-02T18:11:41","slug":"schalen-ruhesessel-altitude","status":"publish","type":"product","link":"https:\/\/aazsolutions.ch\/de\/produit\/schalen-ruhesessel-altitude\/","title":{"rendered":"Schalen-Ruhesessel Altitude"},"content":{"rendered":"<p><span style=\"color: #e2001a;\">Dieses Produkt ist <span style=\"text-decoration: underline;\"><strong>nur auf Bestellung<\/strong><\/span> erh\u00e4ltlich. Die Lieferzeit betr\u00e4gt <span style=\"text-decoration: underline;\"><strong>2 bis 3 Wochen<\/strong><\/span>. F\u00fcr weitere Informationen kontaktieren Sie uns bitte. <\/span><\/p>\n<h2>Schalen-Ruhesessel Altitude \u2013 Modularer Komfort<\/h2>\n<p>Der <strong>Schalen-Ruhesessel Altitude<\/strong> bietet ergonomische Unterst\u00fctzung und ist in f\u00fcnf Breiten (38\u201348) sowie drei Sitztiefen erh\u00e4ltlich. Er wird mit abnehmbarem Bezug, Anti-Dekubitus-Kissen, Sicherheitsgurt und verstellbarer Kopfst\u00fctze geliefert. <\/p>\n<h3>\u2705 Hauptmerkmale:<\/h3>\n<ul>\n<li><strong>5 Breiten<\/strong> <strong>standardm\u00e4ssig<\/strong>: 38 bis 48 f\u00fcr eine pr\u00e4zise Anpassung<\/li>\n<li><strong>2 Breiten<\/strong> <strong>XXL<\/strong>: 55 und 60 cm, geeignet f\u00fcr Nutzer, die mehr Platz ben\u00f6tigen<\/li>\n<li><strong>3 Sitztiefen<\/strong>: F\u00fcr alle K\u00f6rperformen geeignet.<\/li>\n<li><strong>Abnehmbarer Bezug<\/strong>: Waschbar f\u00fcr optimale Hygiene.<\/li>\n<li><strong>Anti-Dekubitus-Kissen<\/strong>: Beugt Druckstellen vor.<\/li>\n<li><strong>Gurt und Kopfst\u00fctze<\/strong>: Mehr Sicherheit und Komfort.<\/li>\n<li><strong>Tablett<\/strong>: Holzoptik mit Halterung, klappbar<\/li>\n<\/ul>\n<p>Dieser <strong>Altitude-Sessel<\/strong> vereint Komfort, Sicherheit und Modularit\u00e4t. Auf spezifische Bed\u00fcrfnisse abgestimmt, optimiert er Haltung und Wohlbefinden der Nutzer. <\/p>\n<h3>Entdecken Sie ihn im Video:<\/h3>\n<p><iframe loading=\"lazy\" src=\"https:\/\/www.youtube.com\/embed\/LdVlrP0Cyoo\" width=\"560\" height=\"315\" frameborder=\"0\" allowfullscreen=\"allowfullscreen\"><\/iframe><\/p>\n<h3>Bestellen Sie Ihren <strong>Schalen-Ruhesessel Altitude<\/strong> jetzt f\u00fcr individuellen Komfort!<\/h3>\n","protected":false},"excerpt":{"rendered":"<h2>Spezifikationen<\/h2>\n<ul>\n<li>Sitzbreite: 38, 40, 42, 44, 48 cm + 2 XXL-Versionen: 55 und 60 cm<\/li>\n<li>Gesamtbreite: 71 cm<\/li>\n<li>Sitztiefe Standard: 44, 46, 48 cm<\/li>\n<li>Gesamttiefe: 109 cm<\/li>\n<li>Sitzneigung: 0 bis 40\u00b0<\/li>\n<li>R\u00fcckenlehnenh\u00f6he: 79, 81, 83 cm je nach Kissenh\u00f6he 10, 8, 6 cm<\/li>\n<li>Gesamth\u00f6he: 129 bis 134 cm<\/li>\n<li>Klappbares Holztablett<\/li>\n<li>Gewicht: 34 kg<\/li>\n<li>Max. Benutzergewicht Nutzergewicht: 120 kg<\/li>\n<li>Max. Benutzergewicht Nutzergewicht XXL-Version: 150 kg<\/li>\n<\/ul>\n","protected":false},"featured_media":33337,"comment_status":"closed","ping_status":"closed","template":"","meta":{"_et_pb_use_builder":"","_et_pb_old_content":"","_et_gb_content_width":"","inline_featured_image":false},"product_brand":[],"product_cat":[1227,1228],"product_tag":[],"class_list":{"0":"post-33765","1":"product","2":"type-product","3":"status-publish","4":"has-post-thumbnail","6":"product_cat-3-ruhe","7":"product_cat-ruhesessel","8":"product_shipping_class-d","10":"first","11":"instock","12":"taxable","13":"shipping-taxable","14":"purchasable","15":"product-type-variable"},"yoast_head":"<!-- This site is optimized with the Yoast SEO Premium plugin v27.2 (Yoast SEO v27.5) - https:\/\/yoast.com\/product\/yoast-seo-premium-wordpress\/ -->\n<title>Schalen-Ruhesessel Altitude \u2013 Modularer Komfort<\/title>\n<meta name=\"description\" content=\"Schalen-Ruhesessel Altitude, 7 Breiten und 3 Sitztiefen, Tablett, abnehmbarer Bezug, Anti-Dekubitus-Kissen, Gurt und Kopfst\u00fctze inklusive.\" \/>\n<meta name=\"robots\" content=\"index, follow, max-snippet:-1, max-image-preview:large, max-video-preview:-1\" \/>\n<link rel=\"canonical\" href=\"https:\/\/aazsolutions.ch\/de\/produit\/schalen-ruhesessel-altitude\/\" \/>\n<meta property=\"og:locale\" content=\"de_DE\" \/>\n<meta property=\"og:type\" content=\"article\" \/>\n<meta property=\"og:title\" content=\"Schalen-Ruhesessel Altitude\" \/>\n<meta property=\"og:description\" content=\"Schalen-Ruhesessel Altitude, 7 Breiten und 3 Sitztiefen, Tablett, abnehmbarer Bezug, Anti-Dekubitus-Kissen, Gurt und Kopfst\u00fctze inklusive.\" \/>\n<meta property=\"og:url\" content=\"https:\/\/aazsolutions.ch\/de\/produit\/schalen-ruhesessel-altitude\/\" \/>\n<meta property=\"og:site_name\" content=\"A\u00e0Zsolutions.ch\" \/>\n<meta property=\"article:publisher\" content=\"https:\/\/www.facebook.com\/aazsolutions.ch\/\" \/>\n<meta property=\"article:modified_time\" content=\"2026-05-02T18:11:41+00:00\" \/>\n<meta property=\"og:image\" content=\"https:\/\/aazsolutions.ch\/wp-content\/uploads\/2026\/04\/Image-18.04.26-a-13.39.png\" \/>\n\t<meta property=\"og:image:width\" content=\"1100\" \/>\n\t<meta property=\"og:image:height\" content=\"1106\" \/>\n\t<meta property=\"og:image:type\" content=\"image\/png\" \/>\n<meta name=\"twitter:card\" content=\"summary_large_image\" \/>\n<meta name=\"twitter:label1\" content=\"Verf\u00fcgbarkeit\" \/>\n\t<meta name=\"twitter:data1\" content=\"Auf Lager\" \/>\n<script type=\"application\/ld+json\" class=\"yoast-schema-graph\">{\"@context\":\"https:\\\/\\\/schema.org\",\"@graph\":[{\"@type\":\"WebPage\",\"@id\":\"https:\\\/\\\/aazsolutions.ch\\\/de\\\/produit\\\/schalen-ruhesessel-altitude\\\/\",\"url\":\"https:\\\/\\\/aazsolutions.ch\\\/de\\\/produit\\\/schalen-ruhesessel-altitude\\\/\",\"name\":\"Schalen-Ruhesessel Altitude \u2013 Modularer Komfort\",\"isPartOf\":{\"@id\":\"https:\\\/\\\/aazsolutions.ch\\\/de\\\/#website\"},\"primaryImageOfPage\":{\"@id\":\"https:\\\/\\\/aazsolutions.ch\\\/de\\\/produit\\\/schalen-ruhesessel-altitude\\\/#primaryimage\"},\"image\":{\"@id\":\"https:\\\/\\\/aazsolutions.ch\\\/de\\\/produit\\\/schalen-ruhesessel-altitude\\\/#primaryimage\"},\"thumbnailUrl\":\"https:\\\/\\\/aazsolutions.ch\\\/wp-content\\\/uploads\\\/2026\\\/04\\\/Image-18.04.26-a-13.39.png\",\"datePublished\":\"2018-12-31T23:00:00+00:00\",\"dateModified\":\"2026-05-02T18:11:41+00:00\",\"description\":\"Schalen-Ruhesessel Altitude, 7 Breiten und 3 Sitztiefen, Tablett, abnehmbarer Bezug, Anti-Dekubitus-Kissen, Gurt und Kopfst\u00fctze inklusive.\",\"breadcrumb\":{\"@id\":\"https:\\\/\\\/aazsolutions.ch\\\/de\\\/produit\\\/schalen-ruhesessel-altitude\\\/#breadcrumb\"},\"inLanguage\":\"de\",\"potentialAction\":[{\"@type\":\"ReadAction\",\"target\":[\"https:\\\/\\\/aazsolutions.ch\\\/de\\\/produit\\\/schalen-ruhesessel-altitude\\\/\"]}]},{\"@type\":\"ImageObject\",\"inLanguage\":\"de\",\"@id\":\"https:\\\/\\\/aazsolutions.ch\\\/de\\\/produit\\\/schalen-ruhesessel-altitude\\\/#primaryimage\",\"url\":\"https:\\\/\\\/aazsolutions.ch\\\/wp-content\\\/uploads\\\/2026\\\/04\\\/Image-18.04.26-a-13.39.png\",\"contentUrl\":\"https:\\\/\\\/aazsolutions.ch\\\/wp-content\\\/uploads\\\/2026\\\/04\\\/Image-18.04.26-a-13.39.png\",\"width\":1100,\"height\":1106},{\"@type\":\"BreadcrumbList\",\"@id\":\"https:\\\/\\\/aazsolutions.ch\\\/de\\\/produit\\\/schalen-ruhesessel-altitude\\\/#breadcrumb\",\"itemListElement\":[{\"@type\":\"ListItem\",\"position\":1,\"name\":\"Accueil\",\"item\":\"https:\\\/\\\/aazsolutions.ch\\\/de\\\/\"},{\"@type\":\"ListItem\",\"position\":2,\"name\":\"Shop\",\"item\":\"https:\\\/\\\/aazsolutions.ch\\\/de\\\/shop\\\/\"},{\"@type\":\"ListItem\",\"position\":3,\"name\":\"Schalen-Ruhesessel Altitude\"}]},{\"@type\":\"WebSite\",\"@id\":\"https:\\\/\\\/aazsolutions.ch\\\/de\\\/#website\",\"url\":\"https:\\\/\\\/aazsolutions.ch\\\/de\\\/\",\"name\":\"A\u00e0Zsolutions.ch\",\"description\":\"Des solutions adapt\u00e9es \u00e0 chaque difficult\u00e9!\",\"publisher\":{\"@id\":\"https:\\\/\\\/aazsolutions.ch\\\/de\\\/#organization\"},\"potentialAction\":[{\"@type\":\"SearchAction\",\"target\":{\"@type\":\"EntryPoint\",\"urlTemplate\":\"https:\\\/\\\/aazsolutions.ch\\\/de\\\/?s={search_term_string}\"},\"query-input\":{\"@type\":\"PropertyValueSpecification\",\"valueRequired\":true,\"valueName\":\"search_term_string\"}}],\"inLanguage\":\"de\"},{\"@type\":\"Organization\",\"@id\":\"https:\\\/\\\/aazsolutions.ch\\\/de\\\/#organization\",\"name\":\"A\u00e0Zsolutions SARL\",\"url\":\"https:\\\/\\\/aazsolutions.ch\\\/de\\\/\",\"logo\":{\"@type\":\"ImageObject\",\"inLanguage\":\"de\",\"@id\":\"https:\\\/\\\/aazsolutions.ch\\\/de\\\/#\\\/schema\\\/logo\\\/image\\\/\",\"url\":\"https:\\\/\\\/aazsolutions.ch\\\/wp-content\\\/uploads\\\/2016\\\/04\\\/AAZ_Logo_Solutions.jpg\",\"contentUrl\":\"https:\\\/\\\/aazsolutions.ch\\\/wp-content\\\/uploads\\\/2016\\\/04\\\/AAZ_Logo_Solutions.jpg\",\"width\":1500,\"height\":481,\"caption\":\"A\u00e0Zsolutions SARL\"},\"image\":{\"@id\":\"https:\\\/\\\/aazsolutions.ch\\\/de\\\/#\\\/schema\\\/logo\\\/image\\\/\"},\"sameAs\":[\"https:\\\/\\\/www.facebook.com\\\/aazsolutions.ch\\\/\",\"https:\\\/\\\/www.linkedin.com\\\/showcase\\\/aazsolutions\\\/\"]}]}<\/script>\n<meta property=\"og:availability\" content=\"instock\" \/>\n<meta property=\"product:availability\" content=\"instock\" \/>\n<meta property=\"product:retailer_item_id\" content=\"30064\" \/>\n<meta property=\"product:condition\" content=\"new\" \/>\n<!-- \/ Yoast SEO Premium plugin. -->","yoast_head_json":{"title":"Schalen-Ruhesessel Altitude \u2013 Modularer Komfort","description":"Schalen-Ruhesessel Altitude, 7 Breiten und 3 Sitztiefen, Tablett, abnehmbarer Bezug, Anti-Dekubitus-Kissen, Gurt und Kopfst\u00fctze inklusive.","robots":{"index":"index","follow":"follow","max-snippet":"max-snippet:-1","max-image-preview":"max-image-preview:large","max-video-preview":"max-video-preview:-1"},"canonical":"https:\/\/aazsolutions.ch\/de\/produit\/schalen-ruhesessel-altitude\/","og_locale":"de_DE","og_type":"article","og_title":"Schalen-Ruhesessel Altitude","og_description":"Schalen-Ruhesessel Altitude, 7 Breiten und 3 Sitztiefen, Tablett, abnehmbarer Bezug, Anti-Dekubitus-Kissen, Gurt und Kopfst\u00fctze inklusive.","og_url":"https:\/\/aazsolutions.ch\/de\/produit\/schalen-ruhesessel-altitude\/","og_site_name":"A\u00e0Zsolutions.ch","article_publisher":"https:\/\/www.facebook.com\/aazsolutions.ch\/","article_modified_time":"2026-05-02T18:11:41+00:00","og_image":[{"width":1100,"height":1106,"url":"https:\/\/aazsolutions.ch\/wp-content\/uploads\/2026\/04\/Image-18.04.26-a-13.39.png","type":"image\/png"}],"twitter_card":"summary_large_image","twitter_misc":{"Verf\u00fcgbarkeit":"Auf Lager"},"schema":{"@context":"https:\/\/schema.org","@graph":[{"@type":"WebPage","@id":"https:\/\/aazsolutions.ch\/de\/produit\/schalen-ruhesessel-altitude\/","url":"https:\/\/aazsolutions.ch\/de\/produit\/schalen-ruhesessel-altitude\/","name":"Schalen-Ruhesessel Altitude \u2013 Modularer Komfort","isPartOf":{"@id":"https:\/\/aazsolutions.ch\/de\/#website"},"primaryImageOfPage":{"@id":"https:\/\/aazsolutions.ch\/de\/produit\/schalen-ruhesessel-altitude\/#primaryimage"},"image":{"@id":"https:\/\/aazsolutions.ch\/de\/produit\/schalen-ruhesessel-altitude\/#primaryimage"},"thumbnailUrl":"https:\/\/aazsolutions.ch\/wp-content\/uploads\/2026\/04\/Image-18.04.26-a-13.39.png","datePublished":"2018-12-31T23:00:00+00:00","dateModified":"2026-05-02T18:11:41+00:00","description":"Schalen-Ruhesessel Altitude, 7 Breiten und 3 Sitztiefen, Tablett, abnehmbarer Bezug, Anti-Dekubitus-Kissen, Gurt und Kopfst\u00fctze inklusive.","breadcrumb":{"@id":"https:\/\/aazsolutions.ch\/de\/produit\/schalen-ruhesessel-altitude\/#breadcrumb"},"inLanguage":"de","potentialAction":[{"@type":"ReadAction","target":["https:\/\/aazsolutions.ch\/de\/produit\/schalen-ruhesessel-altitude\/"]}]},{"@type":"ImageObject","inLanguage":"de","@id":"https:\/\/aazsolutions.ch\/de\/produit\/schalen-ruhesessel-altitude\/#primaryimage","url":"https:\/\/aazsolutions.ch\/wp-content\/uploads\/2026\/04\/Image-18.04.26-a-13.39.png","contentUrl":"https:\/\/aazsolutions.ch\/wp-content\/uploads\/2026\/04\/Image-18.04.26-a-13.39.png","width":1100,"height":1106},{"@type":"BreadcrumbList","@id":"https:\/\/aazsolutions.ch\/de\/produit\/schalen-ruhesessel-altitude\/#breadcrumb","itemListElement":[{"@type":"ListItem","position":1,"name":"Accueil","item":"https:\/\/aazsolutions.ch\/de\/"},{"@type":"ListItem","position":2,"name":"Shop","item":"https:\/\/aazsolutions.ch\/de\/shop\/"},{"@type":"ListItem","position":3,"name":"Schalen-Ruhesessel Altitude"}]},{"@type":"WebSite","@id":"https:\/\/aazsolutions.ch\/de\/#website","url":"https:\/\/aazsolutions.ch\/de\/","name":"A\u00e0Zsolutions.ch","description":"Des solutions adapt\u00e9es \u00e0 chaque difficult\u00e9!","publisher":{"@id":"https:\/\/aazsolutions.ch\/de\/#organization"},"potentialAction":[{"@type":"SearchAction","target":{"@type":"EntryPoint","urlTemplate":"https:\/\/aazsolutions.ch\/de\/?s={search_term_string}"},"query-input":{"@type":"PropertyValueSpecification","valueRequired":true,"valueName":"search_term_string"}}],"inLanguage":"de"},{"@type":"Organization","@id":"https:\/\/aazsolutions.ch\/de\/#organization","name":"A\u00e0Zsolutions SARL","url":"https:\/\/aazsolutions.ch\/de\/","logo":{"@type":"ImageObject","inLanguage":"de","@id":"https:\/\/aazsolutions.ch\/de\/#\/schema\/logo\/image\/","url":"https:\/\/aazsolutions.ch\/wp-content\/uploads\/2016\/04\/AAZ_Logo_Solutions.jpg","contentUrl":"https:\/\/aazsolutions.ch\/wp-content\/uploads\/2016\/04\/AAZ_Logo_Solutions.jpg","width":1500,"height":481,"caption":"A\u00e0Zsolutions SARL"},"image":{"@id":"https:\/\/aazsolutions.ch\/de\/#\/schema\/logo\/image\/"},"sameAs":["https:\/\/www.facebook.com\/aazsolutions.ch\/","https:\/\/www.linkedin.com\/showcase\/aazsolutions\/"]}]},"og_availability":"instock","product_availability":"instock","product_retailer_item_id":"30064","product_condition":"new"},"_links":{"self":[{"href":"https:\/\/aazsolutions.ch\/de\/wp-json\/wp\/v2\/product\/33765","targetHints":{"allow":["GET"]}}],"collection":[{"href":"https:\/\/aazsolutions.ch\/de\/wp-json\/wp\/v2\/product"}],"about":[{"href":"https:\/\/aazsolutions.ch\/de\/wp-json\/wp\/v2\/types\/product"}],"replies":[{"embeddable":true,"href":"https:\/\/aazsolutions.ch\/de\/wp-json\/wp\/v2\/comments?post=33765"}],"wp:featuredmedia":[{"embeddable":true,"href":"https:\/\/aazsolutions.ch\/de\/wp-json\/wp\/v2\/media\/33337"}],"wp:attachment":[{"href":"https:\/\/aazsolutions.ch\/de\/wp-json\/wp\/v2\/media?parent=33765"}],"wp:term":[{"taxonomy":"product_brand","embeddable":true,"href":"https:\/\/aazsolutions.ch\/de\/wp-json\/wp\/v2\/product_brand?post=33765"},{"taxonomy":"product_cat","embeddable":true,"href":"https:\/\/aazsolutions.ch\/de\/wp-json\/wp\/v2\/product_cat?post=33765"},{"taxonomy":"product_tag","embeddable":true,"href":"https:\/\/aazsolutions.ch\/de\/wp-json\/wp\/v2\/product_tag?post=33765"}],"curies":[{"name":"wp","href":"https:\/\/api.w.org\/{rel}","templated":true}]}}