{"id":33766,"date":"2019-01-01T00:00:00","date_gmt":"2018-12-31T23:00:00","guid":{"rendered":"https:\/\/aazsolutions.ch\/produit\/strumpfauszieher-butler-off-fuer-struempfe-und-kompressionsstruempfe\/"},"modified":"2019-01-01T00:00:00","modified_gmt":"2018-12-31T23:00:00","slug":"strumpfauszieher-butler-off-fuer-struempfe-und-kompressionsstruempfe","status":"publish","type":"product","link":"https:\/\/aazsolutions.ch\/de\/produit\/strumpfauszieher-butler-off-fuer-struempfe-und-kompressionsstruempfe\/","title":{"rendered":"Strumpfauszieher Butler Off f\u00fcr Str\u00fcmpfe und Kompressionsstr\u00fcmpfe"},"content":{"rendered":"<h2>Strumpfauszieher Butler Off \u2013 M\u00fcheloses Ausziehen<\/h2>\n<p>Der <strong>medi Butler Off<\/strong> bietet zun\u00e4chst eine einfache L\u00f6sung, um Ihre Kompressionsstr\u00fcmpfe und Socken auszuziehen, ohne sich b\u00fccken zu m\u00fcssen. Seine Schuhl\u00f6ffelform mit langem Griff erm\u00f6glicht es Ihnen, den Strumpf sanft bis zur Ferse zu f\u00fchren und dabei Gestrick und Haut zu sch\u00fctzen. <\/p>\n<p>Anschliessend gleitet dieser <strong>Strumpfauszieher Butler Off<\/strong> m\u00fchelos unter die Ferse und das Gewebe rollt sich ohne H\u00e4ngenbleiben ab. So vermeiden Sie Belastungen im Lendenbereich und das Risiko, Ihre Kompressionsstr\u00fcmpfe zu besch\u00e4digen. Allerdings wird er nicht f\u00fcr Mediven Forte Str\u00fcmpfe oder Mediven Flachstrickware empfohlen.  <\/p>\n<h3>\u2705 Hauptmerkmale:<\/h3>\n<ul>\n<li><strong>Langer Griff<\/strong>: erleichtert das Ausziehen ohne B\u00fccken.<\/li>\n<li><strong>Schuhl\u00f6ffel-Design<\/strong>: nimmt die Ferse auf und f\u00fchrt den Strumpf.<\/li>\n<li><strong>Gestrickschutz<\/strong>: verhindert Dehnung und Verhaken der Fasern.<\/li>\n<li><strong>Sanfte Anwendung<\/strong>: h\u00e4lt die Haut beim Ausziehen intakt.<\/li>\n<li><strong>Robuste Konstruktion<\/strong>: stabiler Kunststoff f\u00fcr den t\u00e4glichen Gebrauch.<\/li>\n<\/ul>\n<p>Schliesslich hilft Ihnen der <strong>Butler Off<\/strong>, Autonomie und Komfort zur\u00fcckzugewinnen. Er l\u00e4sst sich leicht verstauen und \u00fcberallhin mitnehmen f\u00fcr m\u00fcheloses Strumpfausziehen zu Hause oder unterwegs. <\/p>\n<h3>Bestellen Sie Ihren <strong>Strumpfauszieher Butler Off<\/strong> jetzt f\u00fcr sorgenfreies Ausziehen!<\/h3>\n","protected":false},"excerpt":{"rendered":"<h2>Spezifikationen<\/h2>\n<ul>\n<li>Patient: Mobil oder immobil<\/li>\n<li>Stabil, robust<\/li>\n<li>Sehr einfach zu verwenden<\/li>\n<li>Farbe: Magenta<\/li>\n<\/ul>\n","protected":false},"featured_media":31869,"comment_status":"closed","ping_status":"closed","template":"","meta":{"_et_pb_use_builder":"","_et_pb_old_content":"","_et_gb_content_width":"","inline_featured_image":false},"product_brand":[],"product_cat":[1218,1231],"product_tag":[],"class_list":{"0":"post-33766","1":"product","2":"type-product","3":"status-publish","4":"has-post-thumbnail","6":"product_cat-4-hilfe-komfort","7":"product_cat-strumpf-oder-sockenanzieher","8":"product_shipping_class-a","10":"first","11":"instock","12":"taxable","13":"shipping-taxable","14":"purchasable","15":"product-type-simple"},"yoast_head":"<!-- This site is optimized with the Yoast SEO Premium plugin v27.2 (Yoast SEO v27.5) - https:\/\/yoast.com\/product\/yoast-seo-premium-wordpress\/ -->\n<title>Strumpfauszieher Butler Off \u2013 M\u00fcheloses Ausziehen<\/title>\n<meta name=\"description\" content=\"Strumpfauszieher Butler Off zieht Socken und Kompressionsstr\u00fcmpfe aus, ohne sich b\u00fccken zu m\u00fcssen. Langer Schuhl\u00f6ffel sch\u00fctzt das Gestrick und die Haut f\u00fcr sanftes Ausziehen.\" \/>\n<meta name=\"robots\" content=\"index, follow, max-snippet:-1, max-image-preview:large, max-video-preview:-1\" \/>\n<link rel=\"canonical\" href=\"https:\/\/aazsolutions.ch\/de\/produit\/strumpfauszieher-butler-off-fuer-struempfe-und-kompressionsstruempfe\/\" \/>\n<meta property=\"og:locale\" content=\"de_DE\" \/>\n<meta property=\"og:type\" content=\"article\" \/>\n<meta property=\"og:title\" content=\"Strumpfauszieher Butler Off f\u00fcr Str\u00fcmpfe und Kompressionsstr\u00fcmpfe\" \/>\n<meta property=\"og:description\" content=\"Strumpfauszieher Butler Off zieht Socken und Kompressionsstr\u00fcmpfe aus, ohne sich b\u00fccken zu m\u00fcssen. Langer Schuhl\u00f6ffel sch\u00fctzt das Gestrick und die Haut f\u00fcr sanftes Ausziehen.\" \/>\n<meta property=\"og:url\" content=\"https:\/\/aazsolutions.ch\/de\/produit\/strumpfauszieher-butler-off-fuer-struempfe-und-kompressionsstruempfe\/\" \/>\n<meta property=\"og:site_name\" content=\"A\u00e0Zsolutions.ch\" \/>\n<meta property=\"article:publisher\" content=\"https:\/\/www.facebook.com\/aazsolutions.ch\/\" \/>\n<meta property=\"og:image\" content=\"https:\/\/aazsolutions.ch\/wp-content\/uploads\/2025\/03\/40016.jpg\" \/>\n\t<meta property=\"og:image:width\" content=\"1120\" \/>\n\t<meta property=\"og:image:height\" content=\"1120\" \/>\n\t<meta property=\"og:image:type\" content=\"image\/jpeg\" \/>\n<meta name=\"twitter:card\" content=\"summary_large_image\" \/>\n<meta name=\"twitter:label1\" content=\"Preis\" \/>\n\t<meta name=\"twitter:data1\" content=\"47.00&nbsp;&#067;&#072;&#070; TVA incluse\" \/>\n\t<meta name=\"twitter:label2\" content=\"Verf\u00fcgbarkeit\" \/>\n\t<meta name=\"twitter:data2\" content=\"Auf Lager\" \/>\n<script type=\"application\/ld+json\" class=\"yoast-schema-graph\">{\"@context\":\"https:\\\/\\\/schema.org\",\"@graph\":[{\"@type\":\"WebPage\",\"@id\":\"https:\\\/\\\/aazsolutions.ch\\\/de\\\/produit\\\/strumpfauszieher-butler-off-fuer-struempfe-und-kompressionsstruempfe\\\/\",\"url\":\"https:\\\/\\\/aazsolutions.ch\\\/de\\\/produit\\\/strumpfauszieher-butler-off-fuer-struempfe-und-kompressionsstruempfe\\\/\",\"name\":\"Strumpfauszieher Butler Off \u2013 M\u00fcheloses Ausziehen\",\"isPartOf\":{\"@id\":\"https:\\\/\\\/aazsolutions.ch\\\/de\\\/#website\"},\"primaryImageOfPage\":{\"@id\":\"https:\\\/\\\/aazsolutions.ch\\\/de\\\/produit\\\/strumpfauszieher-butler-off-fuer-struempfe-und-kompressionsstruempfe\\\/#primaryimage\"},\"image\":{\"@id\":\"https:\\\/\\\/aazsolutions.ch\\\/de\\\/produit\\\/strumpfauszieher-butler-off-fuer-struempfe-und-kompressionsstruempfe\\\/#primaryimage\"},\"thumbnailUrl\":\"https:\\\/\\\/aazsolutions.ch\\\/wp-content\\\/uploads\\\/2025\\\/03\\\/40016.jpg\",\"datePublished\":\"2018-12-31T23:00:00+00:00\",\"description\":\"Strumpfauszieher Butler Off zieht Socken und Kompressionsstr\u00fcmpfe aus, ohne sich b\u00fccken zu m\u00fcssen. Langer Schuhl\u00f6ffel sch\u00fctzt das Gestrick und die Haut f\u00fcr sanftes Ausziehen.\",\"breadcrumb\":{\"@id\":\"https:\\\/\\\/aazsolutions.ch\\\/de\\\/produit\\\/strumpfauszieher-butler-off-fuer-struempfe-und-kompressionsstruempfe\\\/#breadcrumb\"},\"inLanguage\":\"de\",\"potentialAction\":[{\"@type\":\"ReadAction\",\"target\":[\"https:\\\/\\\/aazsolutions.ch\\\/de\\\/produit\\\/strumpfauszieher-butler-off-fuer-struempfe-und-kompressionsstruempfe\\\/\"]}]},{\"@type\":\"ImageObject\",\"inLanguage\":\"de\",\"@id\":\"https:\\\/\\\/aazsolutions.ch\\\/de\\\/produit\\\/strumpfauszieher-butler-off-fuer-struempfe-und-kompressionsstruempfe\\\/#primaryimage\",\"url\":\"https:\\\/\\\/aazsolutions.ch\\\/wp-content\\\/uploads\\\/2025\\\/03\\\/40016.jpg\",\"contentUrl\":\"https:\\\/\\\/aazsolutions.ch\\\/wp-content\\\/uploads\\\/2025\\\/03\\\/40016.jpg\",\"width\":1120,\"height\":1120,\"caption\":\"Enl\u00e8ve-bas Butler Off \u00e0 manche long pour retrait sans se pencher\"},{\"@type\":\"BreadcrumbList\",\"@id\":\"https:\\\/\\\/aazsolutions.ch\\\/de\\\/produit\\\/strumpfauszieher-butler-off-fuer-struempfe-und-kompressionsstruempfe\\\/#breadcrumb\",\"itemListElement\":[{\"@type\":\"ListItem\",\"position\":1,\"name\":\"Accueil\",\"item\":\"https:\\\/\\\/aazsolutions.ch\\\/de\\\/\"},{\"@type\":\"ListItem\",\"position\":2,\"name\":\"Shop\",\"item\":\"https:\\\/\\\/aazsolutions.ch\\\/de\\\/shop\\\/\"},{\"@type\":\"ListItem\",\"position\":3,\"name\":\"Strumpfauszieher Butler Off f\u00fcr Str\u00fcmpfe und Kompressionsstr\u00fcmpfe\"}]},{\"@type\":\"WebSite\",\"@id\":\"https:\\\/\\\/aazsolutions.ch\\\/de\\\/#website\",\"url\":\"https:\\\/\\\/aazsolutions.ch\\\/de\\\/\",\"name\":\"A\u00e0Zsolutions.ch\",\"description\":\"Des solutions adapt\u00e9es \u00e0 chaque difficult\u00e9!\",\"publisher\":{\"@id\":\"https:\\\/\\\/aazsolutions.ch\\\/de\\\/#organization\"},\"potentialAction\":[{\"@type\":\"SearchAction\",\"target\":{\"@type\":\"EntryPoint\",\"urlTemplate\":\"https:\\\/\\\/aazsolutions.ch\\\/de\\\/?s={search_term_string}\"},\"query-input\":{\"@type\":\"PropertyValueSpecification\",\"valueRequired\":true,\"valueName\":\"search_term_string\"}}],\"inLanguage\":\"de\"},{\"@type\":\"Organization\",\"@id\":\"https:\\\/\\\/aazsolutions.ch\\\/de\\\/#organization\",\"name\":\"A\u00e0Zsolutions SARL\",\"url\":\"https:\\\/\\\/aazsolutions.ch\\\/de\\\/\",\"logo\":{\"@type\":\"ImageObject\",\"inLanguage\":\"de\",\"@id\":\"https:\\\/\\\/aazsolutions.ch\\\/de\\\/#\\\/schema\\\/logo\\\/image\\\/\",\"url\":\"https:\\\/\\\/aazsolutions.ch\\\/wp-content\\\/uploads\\\/2016\\\/04\\\/AAZ_Logo_Solutions.jpg\",\"contentUrl\":\"https:\\\/\\\/aazsolutions.ch\\\/wp-content\\\/uploads\\\/2016\\\/04\\\/AAZ_Logo_Solutions.jpg\",\"width\":1500,\"height\":481,\"caption\":\"A\u00e0Zsolutions SARL\"},\"image\":{\"@id\":\"https:\\\/\\\/aazsolutions.ch\\\/de\\\/#\\\/schema\\\/logo\\\/image\\\/\"},\"sameAs\":[\"https:\\\/\\\/www.facebook.com\\\/aazsolutions.ch\\\/\",\"https:\\\/\\\/www.linkedin.com\\\/showcase\\\/aazsolutions\\\/\"]}]}<\/script>\n<meta property=\"product:price:amount\" content=\"47.00\" \/>\n<meta property=\"product:price:currency\" content=\"CHF\" \/>\n<meta property=\"og:availability\" content=\"instock\" \/>\n<meta property=\"product:availability\" content=\"instock\" \/>\n<meta property=\"product:retailer_item_id\" content=\"40016\" \/>\n<meta property=\"product:condition\" content=\"new\" \/>\n<!-- \/ Yoast SEO Premium plugin. -->","yoast_head_json":{"title":"Strumpfauszieher Butler Off \u2013 M\u00fcheloses Ausziehen","description":"Strumpfauszieher Butler Off zieht Socken und Kompressionsstr\u00fcmpfe aus, ohne sich b\u00fccken zu m\u00fcssen. Langer Schuhl\u00f6ffel sch\u00fctzt das Gestrick und die Haut f\u00fcr sanftes Ausziehen.","robots":{"index":"index","follow":"follow","max-snippet":"max-snippet:-1","max-image-preview":"max-image-preview:large","max-video-preview":"max-video-preview:-1"},"canonical":"https:\/\/aazsolutions.ch\/de\/produit\/strumpfauszieher-butler-off-fuer-struempfe-und-kompressionsstruempfe\/","og_locale":"de_DE","og_type":"article","og_title":"Strumpfauszieher Butler Off f\u00fcr Str\u00fcmpfe und Kompressionsstr\u00fcmpfe","og_description":"Strumpfauszieher Butler Off zieht Socken und Kompressionsstr\u00fcmpfe aus, ohne sich b\u00fccken zu m\u00fcssen. Langer Schuhl\u00f6ffel sch\u00fctzt das Gestrick und die Haut f\u00fcr sanftes Ausziehen.","og_url":"https:\/\/aazsolutions.ch\/de\/produit\/strumpfauszieher-butler-off-fuer-struempfe-und-kompressionsstruempfe\/","og_site_name":"A\u00e0Zsolutions.ch","article_publisher":"https:\/\/www.facebook.com\/aazsolutions.ch\/","og_image":[{"width":1120,"height":1120,"url":"https:\/\/aazsolutions.ch\/wp-content\/uploads\/2025\/03\/40016.jpg","type":"image\/jpeg"}],"twitter_card":"summary_large_image","twitter_misc":{"Preis":"47.00&nbsp;&#67;&#72;&#70; TVA incluse","Verf\u00fcgbarkeit":"Auf Lager"},"schema":{"@context":"https:\/\/schema.org","@graph":[{"@type":"WebPage","@id":"https:\/\/aazsolutions.ch\/de\/produit\/strumpfauszieher-butler-off-fuer-struempfe-und-kompressionsstruempfe\/","url":"https:\/\/aazsolutions.ch\/de\/produit\/strumpfauszieher-butler-off-fuer-struempfe-und-kompressionsstruempfe\/","name":"Strumpfauszieher Butler Off \u2013 M\u00fcheloses Ausziehen","isPartOf":{"@id":"https:\/\/aazsolutions.ch\/de\/#website"},"primaryImageOfPage":{"@id":"https:\/\/aazsolutions.ch\/de\/produit\/strumpfauszieher-butler-off-fuer-struempfe-und-kompressionsstruempfe\/#primaryimage"},"image":{"@id":"https:\/\/aazsolutions.ch\/de\/produit\/strumpfauszieher-butler-off-fuer-struempfe-und-kompressionsstruempfe\/#primaryimage"},"thumbnailUrl":"https:\/\/aazsolutions.ch\/wp-content\/uploads\/2025\/03\/40016.jpg","datePublished":"2018-12-31T23:00:00+00:00","description":"Strumpfauszieher Butler Off zieht Socken und Kompressionsstr\u00fcmpfe aus, ohne sich b\u00fccken zu m\u00fcssen. Langer Schuhl\u00f6ffel sch\u00fctzt das Gestrick und die Haut f\u00fcr sanftes Ausziehen.","breadcrumb":{"@id":"https:\/\/aazsolutions.ch\/de\/produit\/strumpfauszieher-butler-off-fuer-struempfe-und-kompressionsstruempfe\/#breadcrumb"},"inLanguage":"de","potentialAction":[{"@type":"ReadAction","target":["https:\/\/aazsolutions.ch\/de\/produit\/strumpfauszieher-butler-off-fuer-struempfe-und-kompressionsstruempfe\/"]}]},{"@type":"ImageObject","inLanguage":"de","@id":"https:\/\/aazsolutions.ch\/de\/produit\/strumpfauszieher-butler-off-fuer-struempfe-und-kompressionsstruempfe\/#primaryimage","url":"https:\/\/aazsolutions.ch\/wp-content\/uploads\/2025\/03\/40016.jpg","contentUrl":"https:\/\/aazsolutions.ch\/wp-content\/uploads\/2025\/03\/40016.jpg","width":1120,"height":1120,"caption":"Enl\u00e8ve-bas Butler Off \u00e0 manche long pour retrait sans se pencher"},{"@type":"BreadcrumbList","@id":"https:\/\/aazsolutions.ch\/de\/produit\/strumpfauszieher-butler-off-fuer-struempfe-und-kompressionsstruempfe\/#breadcrumb","itemListElement":[{"@type":"ListItem","position":1,"name":"Accueil","item":"https:\/\/aazsolutions.ch\/de\/"},{"@type":"ListItem","position":2,"name":"Shop","item":"https:\/\/aazsolutions.ch\/de\/shop\/"},{"@type":"ListItem","position":3,"name":"Strumpfauszieher Butler Off f\u00fcr Str\u00fcmpfe und Kompressionsstr\u00fcmpfe"}]},{"@type":"WebSite","@id":"https:\/\/aazsolutions.ch\/de\/#website","url":"https:\/\/aazsolutions.ch\/de\/","name":"A\u00e0Zsolutions.ch","description":"Des solutions adapt\u00e9es \u00e0 chaque difficult\u00e9!","publisher":{"@id":"https:\/\/aazsolutions.ch\/de\/#organization"},"potentialAction":[{"@type":"SearchAction","target":{"@type":"EntryPoint","urlTemplate":"https:\/\/aazsolutions.ch\/de\/?s={search_term_string}"},"query-input":{"@type":"PropertyValueSpecification","valueRequired":true,"valueName":"search_term_string"}}],"inLanguage":"de"},{"@type":"Organization","@id":"https:\/\/aazsolutions.ch\/de\/#organization","name":"A\u00e0Zsolutions SARL","url":"https:\/\/aazsolutions.ch\/de\/","logo":{"@type":"ImageObject","inLanguage":"de","@id":"https:\/\/aazsolutions.ch\/de\/#\/schema\/logo\/image\/","url":"https:\/\/aazsolutions.ch\/wp-content\/uploads\/2016\/04\/AAZ_Logo_Solutions.jpg","contentUrl":"https:\/\/aazsolutions.ch\/wp-content\/uploads\/2016\/04\/AAZ_Logo_Solutions.jpg","width":1500,"height":481,"caption":"A\u00e0Zsolutions SARL"},"image":{"@id":"https:\/\/aazsolutions.ch\/de\/#\/schema\/logo\/image\/"},"sameAs":["https:\/\/www.facebook.com\/aazsolutions.ch\/","https:\/\/www.linkedin.com\/showcase\/aazsolutions\/"]}]},"product_price_amount":"47.00","product_price_currency":"CHF","og_availability":"instock","product_availability":"instock","product_retailer_item_id":"40016","product_condition":"new"},"_links":{"self":[{"href":"https:\/\/aazsolutions.ch\/de\/wp-json\/wp\/v2\/product\/33766","targetHints":{"allow":["GET"]}}],"collection":[{"href":"https:\/\/aazsolutions.ch\/de\/wp-json\/wp\/v2\/product"}],"about":[{"href":"https:\/\/aazsolutions.ch\/de\/wp-json\/wp\/v2\/types\/product"}],"replies":[{"embeddable":true,"href":"https:\/\/aazsolutions.ch\/de\/wp-json\/wp\/v2\/comments?post=33766"}],"wp:featuredmedia":[{"embeddable":true,"href":"https:\/\/aazsolutions.ch\/de\/wp-json\/wp\/v2\/media\/31869"}],"wp:attachment":[{"href":"https:\/\/aazsolutions.ch\/de\/wp-json\/wp\/v2\/media?parent=33766"}],"wp:term":[{"taxonomy":"product_brand","embeddable":true,"href":"https:\/\/aazsolutions.ch\/de\/wp-json\/wp\/v2\/product_brand?post=33766"},{"taxonomy":"product_cat","embeddable":true,"href":"https:\/\/aazsolutions.ch\/de\/wp-json\/wp\/v2\/product_cat?post=33766"},{"taxonomy":"product_tag","embeddable":true,"href":"https:\/\/aazsolutions.ch\/de\/wp-json\/wp\/v2\/product_tag?post=33766"}],"curies":[{"name":"wp","href":"https:\/\/api.w.org\/{rel}","templated":true}]}}