{"id":33820,"date":"2019-01-01T00:00:00","date_gmt":"2018-12-31T23:00:00","guid":{"rendered":"https:\/\/aazsolutions.ch\/produit\/strumpfanzieher-und-auszieher-sock-aid-set\/"},"modified":"2019-01-01T00:00:00","modified_gmt":"2018-12-31T23:00:00","slug":"strumpfanzieher-und-auszieher-sock-aid-set","status":"publish","type":"product","link":"https:\/\/aazsolutions.ch\/de\/produit\/strumpfanzieher-und-auszieher-sock-aid-set\/","title":{"rendered":"Strumpfanzieher und -auszieher Sock Aid Set"},"content":{"rendered":"<h2>Strumpfanzieher und -auszieher Sock Aid Set \u2013 Mobilit\u00e4t vereinfacht<\/h2>\n<p>Zun\u00e4chst zeichnet sich das <strong>Strumpfanzieher und -auszieher Sock Aid Set<\/strong> durch sein einzigartiges Design aus, das optimale Unterst\u00fctzung f\u00fcr alle Personen mit eingeschr\u00e4nkter Mobilit\u00e4t bietet. Zudem erm\u00f6glicht dieses Set das An- und Ausziehen von Socken, Nylonstr\u00fcmpfen und Kompressionsstr\u00fcmpfen ohne B\u00fccken und sogar mit nur einer Hand. <\/p>\n<p>Dar\u00fcber hinaus wurde das Sock Aid Set in Zusammenarbeit mit Senioren entwickelt, eignet sich aber auch f\u00fcr Personen mit R\u00fcckenschmerzen, Knieschw\u00e4che oder Gelenkproblemen. Ausserdem erweist es sich als besonders n\u00fctzlich f\u00fcr Schwangere und \u00fcbergewichtige Personen, da es Verrenkungen reduziert und den R\u00fccken schont. <\/p>\n<h3>\u2705 Hauptfunktionen:<\/h3>\n<ul>\n<li><strong>Doppelte Verwendung<\/strong>: zieht Socken an und aus in einer einzigen Bewegung.<\/li>\n<li><strong>Erweiterte Kompatibilit\u00e4t<\/strong>: geeignet f\u00fcr Standardsocken, Nylonstr\u00fcmpfe und leichte Kompressionsstr\u00fcmpfe.<\/li>\n<li><strong>Einh\u00e4ndig verwendbar<\/strong>: ideal f\u00fcr Anwender mit reduzierter Greifkraft.<\/li>\n<li><strong>Glattes Material<\/strong>: Korpus aus lackiertem ABS-Kunststoff f\u00fcr reibungsloses Gleiten.<\/li>\n<li><strong>Komplettes Set<\/strong>: umfasst zwei Anzieher und zwei Strumpfauszieher f\u00fcr den t\u00e4glichen Gebrauch.<\/li>\n<\/ul>\n<p>Schliesslich gewinnen Sie dank dieses <strong>Sock Aid Sets<\/strong> mehr Selbstst\u00e4ndigkeit zur\u00fcck und verringern das Sturzrisiko beim Ankleiden. Sein einfacher Mechanismus und sein leichtes Material machen es zu einem unverzichtbaren Hilfsmittel zu Hause wie auf Reisen. <\/p>\n<h3>Entdecken Sie es in Aktion in diesem Video:<\/h3>\n<p><iframe loading=\"lazy\" src=\"https:\/\/www.youtube.com\/embed\/5hlnxMlNEsg\" width=\"710\" height=\"398\" frameborder=\"0\" allowfullscreen=\"allowfullscreen\"><\/iframe><\/p>\n<h3>Bestellen Sie Ihr <strong>Strumpfanzieher und -auszieher Sock Aid Set<\/strong> jetzt f\u00fcr m\u00fcheloses und sicheres Ankleiden!<\/h3>\n","protected":false},"excerpt":{"rendered":"<h2>Spezifikationen<\/h2>\n<p><u>Spitze mit Kerbe:<\/u><\/p>\n<ul>\n<li>L\u00e4nge: 24 cm<\/li>\n<li>Breite: 10,5 cm<\/li>\n<li>Dicke: 17 cm<\/li>\n<li>Farbe: Blau<\/li>\n<\/ul>\n<p><u>Stab mit Aussparung:<\/u><\/p>\n<ul>\n<li>L\u00e4nge: 47,5 cm<\/li>\n<li>Breite: 15 cm<\/li>\n<li>Dicke: 3,5 cm<\/li>\n<li>Farbe: Blau<\/li>\n<\/ul>\n","protected":false},"featured_media":31864,"comment_status":"closed","ping_status":"closed","template":"","meta":{"_et_pb_use_builder":"","_et_pb_old_content":"","_et_gb_content_width":"","inline_featured_image":false},"product_brand":[],"product_cat":[1218,1231],"product_tag":[],"class_list":{"0":"post-33820","1":"product","2":"type-product","3":"status-publish","4":"has-post-thumbnail","6":"product_cat-4-hilfe-komfort","7":"product_cat-strumpf-oder-sockenanzieher","8":"product_shipping_class-a","10":"first","11":"instock","12":"taxable","13":"shipping-taxable","14":"purchasable","15":"product-type-simple"},"yoast_head":"<!-- This site is optimized with the Yoast SEO Premium plugin v27.2 (Yoast SEO v27.5) - https:\/\/yoast.com\/product\/yoast-seo-premium-wordpress\/ -->\n<title>Strumpfanzieher und -auszieher Sock Aid Set: Komfort und Praktikabilit\u00e4t<\/title>\n<meta name=\"description\" content=\"Vereinfachen Sie Ihr Leben mit dem Strumpfanzieher und -auszieher Sock Aid Set. Ideal f\u00fcr Personen mit eingeschr\u00e4nkter Mobilit\u00e4t, bestellen Sie es jetzt!\" \/>\n<meta name=\"robots\" content=\"index, follow, max-snippet:-1, max-image-preview:large, max-video-preview:-1\" \/>\n<link rel=\"canonical\" href=\"https:\/\/aazsolutions.ch\/de\/produit\/strumpfanzieher-und-auszieher-sock-aid-set\/\" \/>\n<meta property=\"og:locale\" content=\"de_DE\" \/>\n<meta property=\"og:type\" content=\"article\" \/>\n<meta property=\"og:title\" content=\"Strumpfanzieher und -auszieher Sock Aid Set\" \/>\n<meta property=\"og:description\" content=\"Vereinfachen Sie Ihr Leben mit dem Strumpfanzieher und -auszieher Sock Aid Set. Ideal f\u00fcr Personen mit eingeschr\u00e4nkter Mobilit\u00e4t, bestellen Sie es jetzt!\" \/>\n<meta property=\"og:url\" content=\"https:\/\/aazsolutions.ch\/de\/produit\/strumpfanzieher-und-auszieher-sock-aid-set\/\" \/>\n<meta property=\"og:site_name\" content=\"A\u00e0Zsolutions.ch\" \/>\n<meta property=\"article:publisher\" content=\"https:\/\/www.facebook.com\/aazsolutions.ch\/\" \/>\n<meta property=\"og:image\" content=\"https:\/\/aazsolutions.ch\/wp-content\/uploads\/2025\/03\/40014-1.jpg\" \/>\n\t<meta property=\"og:image:width\" content=\"800\" \/>\n\t<meta property=\"og:image:height\" content=\"831\" \/>\n\t<meta property=\"og:image:type\" content=\"image\/jpeg\" \/>\n<meta name=\"twitter:card\" content=\"summary_large_image\" \/>\n<meta name=\"twitter:label1\" content=\"Preis\" \/>\n\t<meta name=\"twitter:data1\" content=\"65.00&nbsp;&#067;&#072;&#070; TVA incluse\" \/>\n\t<meta name=\"twitter:label2\" content=\"Verf\u00fcgbarkeit\" \/>\n\t<meta name=\"twitter:data2\" content=\"Auf Lager\" \/>\n<script type=\"application\/ld+json\" class=\"yoast-schema-graph\">{\"@context\":\"https:\\\/\\\/schema.org\",\"@graph\":[{\"@type\":\"WebPage\",\"@id\":\"https:\\\/\\\/aazsolutions.ch\\\/de\\\/produit\\\/strumpfanzieher-und-auszieher-sock-aid-set\\\/\",\"url\":\"https:\\\/\\\/aazsolutions.ch\\\/de\\\/produit\\\/strumpfanzieher-und-auszieher-sock-aid-set\\\/\",\"name\":\"Strumpfanzieher und -auszieher Sock Aid Set: Komfort und Praktikabilit\u00e4t\",\"isPartOf\":{\"@id\":\"https:\\\/\\\/aazsolutions.ch\\\/de\\\/#website\"},\"primaryImageOfPage\":{\"@id\":\"https:\\\/\\\/aazsolutions.ch\\\/de\\\/produit\\\/strumpfanzieher-und-auszieher-sock-aid-set\\\/#primaryimage\"},\"image\":{\"@id\":\"https:\\\/\\\/aazsolutions.ch\\\/de\\\/produit\\\/strumpfanzieher-und-auszieher-sock-aid-set\\\/#primaryimage\"},\"thumbnailUrl\":\"https:\\\/\\\/aazsolutions.ch\\\/wp-content\\\/uploads\\\/2025\\\/03\\\/40014-1.jpg\",\"datePublished\":\"2018-12-31T23:00:00+00:00\",\"description\":\"Vereinfachen Sie Ihr Leben mit dem Strumpfanzieher und -auszieher Sock Aid Set. Ideal f\u00fcr Personen mit eingeschr\u00e4nkter Mobilit\u00e4t, bestellen Sie es jetzt!\",\"breadcrumb\":{\"@id\":\"https:\\\/\\\/aazsolutions.ch\\\/de\\\/produit\\\/strumpfanzieher-und-auszieher-sock-aid-set\\\/#breadcrumb\"},\"inLanguage\":\"de\",\"potentialAction\":[{\"@type\":\"ReadAction\",\"target\":[\"https:\\\/\\\/aazsolutions.ch\\\/de\\\/produit\\\/strumpfanzieher-und-auszieher-sock-aid-set\\\/\"]}]},{\"@type\":\"ImageObject\",\"inLanguage\":\"de\",\"@id\":\"https:\\\/\\\/aazsolutions.ch\\\/de\\\/produit\\\/strumpfanzieher-und-auszieher-sock-aid-set\\\/#primaryimage\",\"url\":\"https:\\\/\\\/aazsolutions.ch\\\/wp-content\\\/uploads\\\/2025\\\/03\\\/40014-1.jpg\",\"contentUrl\":\"https:\\\/\\\/aazsolutions.ch\\\/wp-content\\\/uploads\\\/2025\\\/03\\\/40014-1.jpg\",\"width\":800,\"height\":831,\"caption\":\"Enfile et enl\u00e8ve chaussettes Sock Aid Set design unique en ABS\"},{\"@type\":\"BreadcrumbList\",\"@id\":\"https:\\\/\\\/aazsolutions.ch\\\/de\\\/produit\\\/strumpfanzieher-und-auszieher-sock-aid-set\\\/#breadcrumb\",\"itemListElement\":[{\"@type\":\"ListItem\",\"position\":1,\"name\":\"Accueil\",\"item\":\"https:\\\/\\\/aazsolutions.ch\\\/de\\\/\"},{\"@type\":\"ListItem\",\"position\":2,\"name\":\"Shop\",\"item\":\"https:\\\/\\\/aazsolutions.ch\\\/de\\\/shop\\\/\"},{\"@type\":\"ListItem\",\"position\":3,\"name\":\"Strumpfanzieher und -auszieher Sock Aid Set\"}]},{\"@type\":\"WebSite\",\"@id\":\"https:\\\/\\\/aazsolutions.ch\\\/de\\\/#website\",\"url\":\"https:\\\/\\\/aazsolutions.ch\\\/de\\\/\",\"name\":\"A\u00e0Zsolutions.ch\",\"description\":\"Des solutions adapt\u00e9es \u00e0 chaque difficult\u00e9!\",\"publisher\":{\"@id\":\"https:\\\/\\\/aazsolutions.ch\\\/de\\\/#organization\"},\"potentialAction\":[{\"@type\":\"SearchAction\",\"target\":{\"@type\":\"EntryPoint\",\"urlTemplate\":\"https:\\\/\\\/aazsolutions.ch\\\/de\\\/?s={search_term_string}\"},\"query-input\":{\"@type\":\"PropertyValueSpecification\",\"valueRequired\":true,\"valueName\":\"search_term_string\"}}],\"inLanguage\":\"de\"},{\"@type\":\"Organization\",\"@id\":\"https:\\\/\\\/aazsolutions.ch\\\/de\\\/#organization\",\"name\":\"A\u00e0Zsolutions SARL\",\"url\":\"https:\\\/\\\/aazsolutions.ch\\\/de\\\/\",\"logo\":{\"@type\":\"ImageObject\",\"inLanguage\":\"de\",\"@id\":\"https:\\\/\\\/aazsolutions.ch\\\/de\\\/#\\\/schema\\\/logo\\\/image\\\/\",\"url\":\"https:\\\/\\\/aazsolutions.ch\\\/wp-content\\\/uploads\\\/2016\\\/04\\\/AAZ_Logo_Solutions.jpg\",\"contentUrl\":\"https:\\\/\\\/aazsolutions.ch\\\/wp-content\\\/uploads\\\/2016\\\/04\\\/AAZ_Logo_Solutions.jpg\",\"width\":1500,\"height\":481,\"caption\":\"A\u00e0Zsolutions SARL\"},\"image\":{\"@id\":\"https:\\\/\\\/aazsolutions.ch\\\/de\\\/#\\\/schema\\\/logo\\\/image\\\/\"},\"sameAs\":[\"https:\\\/\\\/www.facebook.com\\\/aazsolutions.ch\\\/\",\"https:\\\/\\\/www.linkedin.com\\\/showcase\\\/aazsolutions\\\/\"]}]}<\/script>\n<meta property=\"product:price:amount\" content=\"65.00\" \/>\n<meta property=\"product:price:currency\" content=\"CHF\" \/>\n<meta property=\"og:availability\" content=\"instock\" \/>\n<meta property=\"product:availability\" content=\"instock\" \/>\n<meta property=\"product:retailer_item_id\" content=\"40014\" \/>\n<meta property=\"product:condition\" content=\"new\" \/>\n<!-- \/ Yoast SEO Premium plugin. -->","yoast_head_json":{"title":"Strumpfanzieher und -auszieher Sock Aid Set: Komfort und Praktikabilit\u00e4t","description":"Vereinfachen Sie Ihr Leben mit dem Strumpfanzieher und -auszieher Sock Aid Set. Ideal f\u00fcr Personen mit eingeschr\u00e4nkter Mobilit\u00e4t, bestellen Sie es jetzt!","robots":{"index":"index","follow":"follow","max-snippet":"max-snippet:-1","max-image-preview":"max-image-preview:large","max-video-preview":"max-video-preview:-1"},"canonical":"https:\/\/aazsolutions.ch\/de\/produit\/strumpfanzieher-und-auszieher-sock-aid-set\/","og_locale":"de_DE","og_type":"article","og_title":"Strumpfanzieher und -auszieher Sock Aid Set","og_description":"Vereinfachen Sie Ihr Leben mit dem Strumpfanzieher und -auszieher Sock Aid Set. Ideal f\u00fcr Personen mit eingeschr\u00e4nkter Mobilit\u00e4t, bestellen Sie es jetzt!","og_url":"https:\/\/aazsolutions.ch\/de\/produit\/strumpfanzieher-und-auszieher-sock-aid-set\/","og_site_name":"A\u00e0Zsolutions.ch","article_publisher":"https:\/\/www.facebook.com\/aazsolutions.ch\/","og_image":[{"width":800,"height":831,"url":"https:\/\/aazsolutions.ch\/wp-content\/uploads\/2025\/03\/40014-1.jpg","type":"image\/jpeg"}],"twitter_card":"summary_large_image","twitter_misc":{"Preis":"65.00&nbsp;&#67;&#72;&#70; TVA incluse","Verf\u00fcgbarkeit":"Auf Lager"},"schema":{"@context":"https:\/\/schema.org","@graph":[{"@type":"WebPage","@id":"https:\/\/aazsolutions.ch\/de\/produit\/strumpfanzieher-und-auszieher-sock-aid-set\/","url":"https:\/\/aazsolutions.ch\/de\/produit\/strumpfanzieher-und-auszieher-sock-aid-set\/","name":"Strumpfanzieher und -auszieher Sock Aid Set: Komfort und Praktikabilit\u00e4t","isPartOf":{"@id":"https:\/\/aazsolutions.ch\/de\/#website"},"primaryImageOfPage":{"@id":"https:\/\/aazsolutions.ch\/de\/produit\/strumpfanzieher-und-auszieher-sock-aid-set\/#primaryimage"},"image":{"@id":"https:\/\/aazsolutions.ch\/de\/produit\/strumpfanzieher-und-auszieher-sock-aid-set\/#primaryimage"},"thumbnailUrl":"https:\/\/aazsolutions.ch\/wp-content\/uploads\/2025\/03\/40014-1.jpg","datePublished":"2018-12-31T23:00:00+00:00","description":"Vereinfachen Sie Ihr Leben mit dem Strumpfanzieher und -auszieher Sock Aid Set. Ideal f\u00fcr Personen mit eingeschr\u00e4nkter Mobilit\u00e4t, bestellen Sie es jetzt!","breadcrumb":{"@id":"https:\/\/aazsolutions.ch\/de\/produit\/strumpfanzieher-und-auszieher-sock-aid-set\/#breadcrumb"},"inLanguage":"de","potentialAction":[{"@type":"ReadAction","target":["https:\/\/aazsolutions.ch\/de\/produit\/strumpfanzieher-und-auszieher-sock-aid-set\/"]}]},{"@type":"ImageObject","inLanguage":"de","@id":"https:\/\/aazsolutions.ch\/de\/produit\/strumpfanzieher-und-auszieher-sock-aid-set\/#primaryimage","url":"https:\/\/aazsolutions.ch\/wp-content\/uploads\/2025\/03\/40014-1.jpg","contentUrl":"https:\/\/aazsolutions.ch\/wp-content\/uploads\/2025\/03\/40014-1.jpg","width":800,"height":831,"caption":"Enfile et enl\u00e8ve chaussettes Sock Aid Set design unique en ABS"},{"@type":"BreadcrumbList","@id":"https:\/\/aazsolutions.ch\/de\/produit\/strumpfanzieher-und-auszieher-sock-aid-set\/#breadcrumb","itemListElement":[{"@type":"ListItem","position":1,"name":"Accueil","item":"https:\/\/aazsolutions.ch\/de\/"},{"@type":"ListItem","position":2,"name":"Shop","item":"https:\/\/aazsolutions.ch\/de\/shop\/"},{"@type":"ListItem","position":3,"name":"Strumpfanzieher und -auszieher Sock Aid Set"}]},{"@type":"WebSite","@id":"https:\/\/aazsolutions.ch\/de\/#website","url":"https:\/\/aazsolutions.ch\/de\/","name":"A\u00e0Zsolutions.ch","description":"Des solutions adapt\u00e9es \u00e0 chaque difficult\u00e9!","publisher":{"@id":"https:\/\/aazsolutions.ch\/de\/#organization"},"potentialAction":[{"@type":"SearchAction","target":{"@type":"EntryPoint","urlTemplate":"https:\/\/aazsolutions.ch\/de\/?s={search_term_string}"},"query-input":{"@type":"PropertyValueSpecification","valueRequired":true,"valueName":"search_term_string"}}],"inLanguage":"de"},{"@type":"Organization","@id":"https:\/\/aazsolutions.ch\/de\/#organization","name":"A\u00e0Zsolutions SARL","url":"https:\/\/aazsolutions.ch\/de\/","logo":{"@type":"ImageObject","inLanguage":"de","@id":"https:\/\/aazsolutions.ch\/de\/#\/schema\/logo\/image\/","url":"https:\/\/aazsolutions.ch\/wp-content\/uploads\/2016\/04\/AAZ_Logo_Solutions.jpg","contentUrl":"https:\/\/aazsolutions.ch\/wp-content\/uploads\/2016\/04\/AAZ_Logo_Solutions.jpg","width":1500,"height":481,"caption":"A\u00e0Zsolutions SARL"},"image":{"@id":"https:\/\/aazsolutions.ch\/de\/#\/schema\/logo\/image\/"},"sameAs":["https:\/\/www.facebook.com\/aazsolutions.ch\/","https:\/\/www.linkedin.com\/showcase\/aazsolutions\/"]}]},"product_price_amount":"65.00","product_price_currency":"CHF","og_availability":"instock","product_availability":"instock","product_retailer_item_id":"40014","product_condition":"new"},"_links":{"self":[{"href":"https:\/\/aazsolutions.ch\/de\/wp-json\/wp\/v2\/product\/33820","targetHints":{"allow":["GET"]}}],"collection":[{"href":"https:\/\/aazsolutions.ch\/de\/wp-json\/wp\/v2\/product"}],"about":[{"href":"https:\/\/aazsolutions.ch\/de\/wp-json\/wp\/v2\/types\/product"}],"replies":[{"embeddable":true,"href":"https:\/\/aazsolutions.ch\/de\/wp-json\/wp\/v2\/comments?post=33820"}],"wp:featuredmedia":[{"embeddable":true,"href":"https:\/\/aazsolutions.ch\/de\/wp-json\/wp\/v2\/media\/31864"}],"wp:attachment":[{"href":"https:\/\/aazsolutions.ch\/de\/wp-json\/wp\/v2\/media?parent=33820"}],"wp:term":[{"taxonomy":"product_brand","embeddable":true,"href":"https:\/\/aazsolutions.ch\/de\/wp-json\/wp\/v2\/product_brand?post=33820"},{"taxonomy":"product_cat","embeddable":true,"href":"https:\/\/aazsolutions.ch\/de\/wp-json\/wp\/v2\/product_cat?post=33820"},{"taxonomy":"product_tag","embeddable":true,"href":"https:\/\/aazsolutions.ch\/de\/wp-json\/wp\/v2\/product_tag?post=33820"}],"curies":[{"name":"wp","href":"https:\/\/api.w.org\/{rel}","templated":true}]}}