{"id":33825,"date":"2019-01-01T00:00:00","date_gmt":"2018-12-31T23:00:00","guid":{"rendered":"https:\/\/aazsolutions.ch\/produit\/knoepfhilfe\/"},"modified":"2026-05-02T19:12:07","modified_gmt":"2026-05-02T18:12:07","slug":"knoepfhilfe","status":"publish","type":"product","link":"https:\/\/aazsolutions.ch\/de\/produit\/knoepfhilfe\/","title":{"rendered":"Kn\u00f6pfhilfe"},"content":{"rendered":"<h2>Manuelle Kn\u00f6pfhilfe \u2013 vereinfachtes Kn\u00f6pfen und Rei\u00dfverschluss-Schlie\u00dfen<\/h2>\n<p>Zun\u00e4chst erm\u00f6glicht Ihnen die <strong>manuelle Kings-Kn\u00f6pfhilfe<\/strong>, Ihre Kn\u00f6pfe mit nur einem Handgriff einzuhaken. Anschlie\u00dfend f\u00fchren Sie das Werkzeug in das Knopfloch ein und ziehen, um Ihr Kleidungsst\u00fcck m\u00fchelos zu schlie\u00dfen. <\/p>\n<p>Au\u00dferdem verf\u00fcgt dieses <strong>Kn\u00f6pfhilfe-Werkzeug<\/strong> \u00fcber einen speziellen Haken f\u00fcr Rei\u00dfverschl\u00fcsse und ist dadurch vielseitig. Schlie\u00dflich sorgt der rutschfeste Griff f\u00fcr sicheren Halt und eignet sich f\u00fcr Personen mit eingeschr\u00e4nkter Feinmotorik, Seniorinnen und Senioren sowie Kinder. <\/p>\n<h3>\u2705 Hauptmerkmale:<\/h3>\n<ul>\n<li><strong>Ergonomisch manuell<\/strong>: strukturierter Griff f\u00fcr festen Halt.<\/li>\n<li><strong>Doppelfunktion<\/strong>: Kn\u00f6pfe einf\u00e4deln und Rei\u00dfverschl\u00fcsse einhaken.<\/li>\n<li><strong>Schnelle Anwendung<\/strong>: eine einzige Bewegung f\u00fcr Knopf oder Rei\u00dfverschluss.<\/li>\n<li><strong>Robuste Konstruktion<\/strong>: stabiles ABS-Kunststoff f\u00fcr den t\u00e4glichen Gebrauch.<\/li>\n<li><strong>F\u00fcr Personen mit eingeschr\u00e4nkter Mobilit\u00e4t geeignet<\/strong>: ideal f\u00fcr Seniorinnen und Senioren, Personen mit eingeschr\u00e4nkter Mobilit\u00e4t und Kinder.<\/li>\n<\/ul>\n<p>Dar\u00fcber hinaus reduziert dieses <strong>Kings-Kn\u00f6pfhilfe-Set<\/strong> Verrenkungen und schont Ihren R\u00fccken. Das kompakte Format passt problemlos in eine Tasche oder Hosentasche. <\/p>\n<h3>\u2705 Bestellen Sie Ihre <strong>manuelle Kn\u00f6pfhilfe<\/strong> jetzt, um Ihre t\u00e4glichen Handgriffe zu vereinfachen!<\/h3>\n","protected":false},"excerpt":{"rendered":"<h2>Spezifikationen<\/h2>\n<ul>\n<li>Griff aus strukturiertem schwarzem Kunststoff<\/li>\n<li>Drahtl\u00e4nge: 9,7 cm<\/li>\n<li>Griffl\u00e4nge: 12 cm<\/li>\n<li>Gewicht: 70 g<\/li>\n<\/ul>\n","protected":false},"featured_media":33542,"comment_status":"closed","ping_status":"closed","template":"","meta":{"_et_pb_use_builder":"","_et_pb_old_content":"","_et_gb_content_width":"","inline_featured_image":false},"product_brand":[],"product_cat":[1218,1225],"product_tag":[],"class_list":{"0":"post-33825","1":"product","2":"type-product","3":"status-publish","4":"has-post-thumbnail","6":"product_cat-4-hilfe-komfort","7":"product_cat-zubehor-fur-hilfe-komfort","8":"product_shipping_class-a","10":"first","11":"instock","12":"featured","13":"taxable","14":"shipping-taxable","15":"purchasable","16":"product-type-simple"},"yoast_head":"<!-- This site is optimized with the Yoast SEO Premium plugin v27.2 (Yoast SEO v27.5) - https:\/\/yoast.com\/product\/yoast-seo-premium-wordpress\/ -->\n<title>Manuelle Kn\u00f6pfhilfe \u2013 vereinfachtes Kn\u00f6pfen und Rei\u00dfverschluss-Schlie\u00dfen<\/title>\n<meta name=\"description\" content=\"Ergonomische manuelle Kn\u00f6pfhilfe erleichtert Kn\u00f6pfe und Rei\u00dfverschl\u00fcsse. Rutschfester Griff, integrierter Haken, ideal f\u00fcr Seniorinnen und Senioren, Personen mit eingeschr\u00e4nkter Mobilit\u00e4t und Kinder.\" \/>\n<meta name=\"robots\" content=\"index, follow, max-snippet:-1, max-image-preview:large, max-video-preview:-1\" \/>\n<link rel=\"canonical\" href=\"https:\/\/aazsolutions.ch\/de\/produit\/knoepfhilfe\/\" \/>\n<meta property=\"og:locale\" content=\"de_DE\" \/>\n<meta property=\"og:type\" content=\"article\" \/>\n<meta property=\"og:title\" content=\"Kn\u00f6pfhilfe\" \/>\n<meta property=\"og:description\" content=\"Ergonomische manuelle Kn\u00f6pfhilfe erleichtert Kn\u00f6pfe und Rei\u00dfverschl\u00fcsse. Rutschfester Griff, integrierter Haken, ideal f\u00fcr Seniorinnen und Senioren, Personen mit eingeschr\u00e4nkter Mobilit\u00e4t und Kinder.\" \/>\n<meta property=\"og:url\" content=\"https:\/\/aazsolutions.ch\/de\/produit\/knoepfhilfe\/\" \/>\n<meta property=\"og:site_name\" content=\"A\u00e0Zsolutions.ch\" \/>\n<meta property=\"article:publisher\" content=\"https:\/\/www.facebook.com\/aazsolutions.ch\/\" \/>\n<meta property=\"article:modified_time\" content=\"2026-05-02T18:12:07+00:00\" \/>\n<meta property=\"og:image\" content=\"https:\/\/aazsolutions.ch\/wp-content\/uploads\/2026\/04\/Image-21.04.26-a-14.59.png\" \/>\n\t<meta property=\"og:image:width\" content=\"1112\" \/>\n\t<meta property=\"og:image:height\" content=\"776\" \/>\n\t<meta property=\"og:image:type\" content=\"image\/png\" \/>\n<meta name=\"twitter:card\" content=\"summary_large_image\" \/>\n<meta name=\"twitter:label1\" content=\"Preis\" \/>\n\t<meta name=\"twitter:data1\" content=\"14.00&nbsp;&#067;&#072;&#070; TVA incluse\" \/>\n\t<meta name=\"twitter:label2\" content=\"Verf\u00fcgbarkeit\" \/>\n\t<meta name=\"twitter:data2\" content=\"Auf Lager\" \/>\n<script type=\"application\/ld+json\" class=\"yoast-schema-graph\">{\"@context\":\"https:\\\/\\\/schema.org\",\"@graph\":[{\"@type\":\"WebPage\",\"@id\":\"https:\\\/\\\/aazsolutions.ch\\\/de\\\/produit\\\/knoepfhilfe\\\/\",\"url\":\"https:\\\/\\\/aazsolutions.ch\\\/de\\\/produit\\\/knoepfhilfe\\\/\",\"name\":\"Manuelle Kn\u00f6pfhilfe \u2013 vereinfachtes Kn\u00f6pfen und Rei\u00dfverschluss-Schlie\u00dfen\",\"isPartOf\":{\"@id\":\"https:\\\/\\\/aazsolutions.ch\\\/de\\\/#website\"},\"primaryImageOfPage\":{\"@id\":\"https:\\\/\\\/aazsolutions.ch\\\/de\\\/produit\\\/knoepfhilfe\\\/#primaryimage\"},\"image\":{\"@id\":\"https:\\\/\\\/aazsolutions.ch\\\/de\\\/produit\\\/knoepfhilfe\\\/#primaryimage\"},\"thumbnailUrl\":\"https:\\\/\\\/aazsolutions.ch\\\/wp-content\\\/uploads\\\/2026\\\/04\\\/Image-21.04.26-a-14.59.png\",\"datePublished\":\"2018-12-31T23:00:00+00:00\",\"dateModified\":\"2026-05-02T18:12:07+00:00\",\"description\":\"Ergonomische manuelle Kn\u00f6pfhilfe erleichtert Kn\u00f6pfe und Rei\u00dfverschl\u00fcsse. Rutschfester Griff, integrierter Haken, ideal f\u00fcr Seniorinnen und Senioren, Personen mit eingeschr\u00e4nkter Mobilit\u00e4t und Kinder.\",\"breadcrumb\":{\"@id\":\"https:\\\/\\\/aazsolutions.ch\\\/de\\\/produit\\\/knoepfhilfe\\\/#breadcrumb\"},\"inLanguage\":\"de\",\"potentialAction\":[{\"@type\":\"ReadAction\",\"target\":[\"https:\\\/\\\/aazsolutions.ch\\\/de\\\/produit\\\/knoepfhilfe\\\/\"]}]},{\"@type\":\"ImageObject\",\"inLanguage\":\"de\",\"@id\":\"https:\\\/\\\/aazsolutions.ch\\\/de\\\/produit\\\/knoepfhilfe\\\/#primaryimage\",\"url\":\"https:\\\/\\\/aazsolutions.ch\\\/wp-content\\\/uploads\\\/2026\\\/04\\\/Image-21.04.26-a-14.59.png\",\"contentUrl\":\"https:\\\/\\\/aazsolutions.ch\\\/wp-content\\\/uploads\\\/2026\\\/04\\\/Image-21.04.26-a-14.59.png\",\"width\":1112,\"height\":776},{\"@type\":\"BreadcrumbList\",\"@id\":\"https:\\\/\\\/aazsolutions.ch\\\/de\\\/produit\\\/knoepfhilfe\\\/#breadcrumb\",\"itemListElement\":[{\"@type\":\"ListItem\",\"position\":1,\"name\":\"Accueil\",\"item\":\"https:\\\/\\\/aazsolutions.ch\\\/de\\\/\"},{\"@type\":\"ListItem\",\"position\":2,\"name\":\"Shop\",\"item\":\"https:\\\/\\\/aazsolutions.ch\\\/de\\\/shop\\\/\"},{\"@type\":\"ListItem\",\"position\":3,\"name\":\"Kn\u00f6pfhilfe\"}]},{\"@type\":\"WebSite\",\"@id\":\"https:\\\/\\\/aazsolutions.ch\\\/de\\\/#website\",\"url\":\"https:\\\/\\\/aazsolutions.ch\\\/de\\\/\",\"name\":\"A\u00e0Zsolutions.ch\",\"description\":\"Des solutions adapt\u00e9es \u00e0 chaque difficult\u00e9!\",\"publisher\":{\"@id\":\"https:\\\/\\\/aazsolutions.ch\\\/de\\\/#organization\"},\"potentialAction\":[{\"@type\":\"SearchAction\",\"target\":{\"@type\":\"EntryPoint\",\"urlTemplate\":\"https:\\\/\\\/aazsolutions.ch\\\/de\\\/?s={search_term_string}\"},\"query-input\":{\"@type\":\"PropertyValueSpecification\",\"valueRequired\":true,\"valueName\":\"search_term_string\"}}],\"inLanguage\":\"de\"},{\"@type\":\"Organization\",\"@id\":\"https:\\\/\\\/aazsolutions.ch\\\/de\\\/#organization\",\"name\":\"A\u00e0Zsolutions SARL\",\"url\":\"https:\\\/\\\/aazsolutions.ch\\\/de\\\/\",\"logo\":{\"@type\":\"ImageObject\",\"inLanguage\":\"de\",\"@id\":\"https:\\\/\\\/aazsolutions.ch\\\/de\\\/#\\\/schema\\\/logo\\\/image\\\/\",\"url\":\"https:\\\/\\\/aazsolutions.ch\\\/wp-content\\\/uploads\\\/2016\\\/04\\\/AAZ_Logo_Solutions.jpg\",\"contentUrl\":\"https:\\\/\\\/aazsolutions.ch\\\/wp-content\\\/uploads\\\/2016\\\/04\\\/AAZ_Logo_Solutions.jpg\",\"width\":1500,\"height\":481,\"caption\":\"A\u00e0Zsolutions SARL\"},\"image\":{\"@id\":\"https:\\\/\\\/aazsolutions.ch\\\/de\\\/#\\\/schema\\\/logo\\\/image\\\/\"},\"sameAs\":[\"https:\\\/\\\/www.facebook.com\\\/aazsolutions.ch\\\/\",\"https:\\\/\\\/www.linkedin.com\\\/showcase\\\/aazsolutions\\\/\"]}]}<\/script>\n<meta property=\"product:price:amount\" content=\"14.00\" \/>\n<meta property=\"product:price:currency\" content=\"CHF\" \/>\n<meta property=\"og:availability\" content=\"instock\" \/>\n<meta property=\"product:availability\" content=\"instock\" \/>\n<meta property=\"product:retailer_item_id\" content=\"40022\" \/>\n<meta property=\"product:condition\" content=\"new\" \/>\n<!-- \/ Yoast SEO Premium plugin. -->","yoast_head_json":{"title":"Manuelle Kn\u00f6pfhilfe \u2013 vereinfachtes Kn\u00f6pfen und Rei\u00dfverschluss-Schlie\u00dfen","description":"Ergonomische manuelle Kn\u00f6pfhilfe erleichtert Kn\u00f6pfe und Rei\u00dfverschl\u00fcsse. Rutschfester Griff, integrierter Haken, ideal f\u00fcr Seniorinnen und Senioren, Personen mit eingeschr\u00e4nkter Mobilit\u00e4t und Kinder.","robots":{"index":"index","follow":"follow","max-snippet":"max-snippet:-1","max-image-preview":"max-image-preview:large","max-video-preview":"max-video-preview:-1"},"canonical":"https:\/\/aazsolutions.ch\/de\/produit\/knoepfhilfe\/","og_locale":"de_DE","og_type":"article","og_title":"Kn\u00f6pfhilfe","og_description":"Ergonomische manuelle Kn\u00f6pfhilfe erleichtert Kn\u00f6pfe und Rei\u00dfverschl\u00fcsse. Rutschfester Griff, integrierter Haken, ideal f\u00fcr Seniorinnen und Senioren, Personen mit eingeschr\u00e4nkter Mobilit\u00e4t und Kinder.","og_url":"https:\/\/aazsolutions.ch\/de\/produit\/knoepfhilfe\/","og_site_name":"A\u00e0Zsolutions.ch","article_publisher":"https:\/\/www.facebook.com\/aazsolutions.ch\/","article_modified_time":"2026-05-02T18:12:07+00:00","og_image":[{"width":1112,"height":776,"url":"https:\/\/aazsolutions.ch\/wp-content\/uploads\/2026\/04\/Image-21.04.26-a-14.59.png","type":"image\/png"}],"twitter_card":"summary_large_image","twitter_misc":{"Preis":"14.00&nbsp;&#67;&#72;&#70; TVA incluse","Verf\u00fcgbarkeit":"Auf Lager"},"schema":{"@context":"https:\/\/schema.org","@graph":[{"@type":"WebPage","@id":"https:\/\/aazsolutions.ch\/de\/produit\/knoepfhilfe\/","url":"https:\/\/aazsolutions.ch\/de\/produit\/knoepfhilfe\/","name":"Manuelle Kn\u00f6pfhilfe \u2013 vereinfachtes Kn\u00f6pfen und Rei\u00dfverschluss-Schlie\u00dfen","isPartOf":{"@id":"https:\/\/aazsolutions.ch\/de\/#website"},"primaryImageOfPage":{"@id":"https:\/\/aazsolutions.ch\/de\/produit\/knoepfhilfe\/#primaryimage"},"image":{"@id":"https:\/\/aazsolutions.ch\/de\/produit\/knoepfhilfe\/#primaryimage"},"thumbnailUrl":"https:\/\/aazsolutions.ch\/wp-content\/uploads\/2026\/04\/Image-21.04.26-a-14.59.png","datePublished":"2018-12-31T23:00:00+00:00","dateModified":"2026-05-02T18:12:07+00:00","description":"Ergonomische manuelle Kn\u00f6pfhilfe erleichtert Kn\u00f6pfe und Rei\u00dfverschl\u00fcsse. Rutschfester Griff, integrierter Haken, ideal f\u00fcr Seniorinnen und Senioren, Personen mit eingeschr\u00e4nkter Mobilit\u00e4t und Kinder.","breadcrumb":{"@id":"https:\/\/aazsolutions.ch\/de\/produit\/knoepfhilfe\/#breadcrumb"},"inLanguage":"de","potentialAction":[{"@type":"ReadAction","target":["https:\/\/aazsolutions.ch\/de\/produit\/knoepfhilfe\/"]}]},{"@type":"ImageObject","inLanguage":"de","@id":"https:\/\/aazsolutions.ch\/de\/produit\/knoepfhilfe\/#primaryimage","url":"https:\/\/aazsolutions.ch\/wp-content\/uploads\/2026\/04\/Image-21.04.26-a-14.59.png","contentUrl":"https:\/\/aazsolutions.ch\/wp-content\/uploads\/2026\/04\/Image-21.04.26-a-14.59.png","width":1112,"height":776},{"@type":"BreadcrumbList","@id":"https:\/\/aazsolutions.ch\/de\/produit\/knoepfhilfe\/#breadcrumb","itemListElement":[{"@type":"ListItem","position":1,"name":"Accueil","item":"https:\/\/aazsolutions.ch\/de\/"},{"@type":"ListItem","position":2,"name":"Shop","item":"https:\/\/aazsolutions.ch\/de\/shop\/"},{"@type":"ListItem","position":3,"name":"Kn\u00f6pfhilfe"}]},{"@type":"WebSite","@id":"https:\/\/aazsolutions.ch\/de\/#website","url":"https:\/\/aazsolutions.ch\/de\/","name":"A\u00e0Zsolutions.ch","description":"Des solutions adapt\u00e9es \u00e0 chaque difficult\u00e9!","publisher":{"@id":"https:\/\/aazsolutions.ch\/de\/#organization"},"potentialAction":[{"@type":"SearchAction","target":{"@type":"EntryPoint","urlTemplate":"https:\/\/aazsolutions.ch\/de\/?s={search_term_string}"},"query-input":{"@type":"PropertyValueSpecification","valueRequired":true,"valueName":"search_term_string"}}],"inLanguage":"de"},{"@type":"Organization","@id":"https:\/\/aazsolutions.ch\/de\/#organization","name":"A\u00e0Zsolutions SARL","url":"https:\/\/aazsolutions.ch\/de\/","logo":{"@type":"ImageObject","inLanguage":"de","@id":"https:\/\/aazsolutions.ch\/de\/#\/schema\/logo\/image\/","url":"https:\/\/aazsolutions.ch\/wp-content\/uploads\/2016\/04\/AAZ_Logo_Solutions.jpg","contentUrl":"https:\/\/aazsolutions.ch\/wp-content\/uploads\/2016\/04\/AAZ_Logo_Solutions.jpg","width":1500,"height":481,"caption":"A\u00e0Zsolutions SARL"},"image":{"@id":"https:\/\/aazsolutions.ch\/de\/#\/schema\/logo\/image\/"},"sameAs":["https:\/\/www.facebook.com\/aazsolutions.ch\/","https:\/\/www.linkedin.com\/showcase\/aazsolutions\/"]}]},"product_price_amount":"14.00","product_price_currency":"CHF","og_availability":"instock","product_availability":"instock","product_retailer_item_id":"40022","product_condition":"new"},"_links":{"self":[{"href":"https:\/\/aazsolutions.ch\/de\/wp-json\/wp\/v2\/product\/33825","targetHints":{"allow":["GET"]}}],"collection":[{"href":"https:\/\/aazsolutions.ch\/de\/wp-json\/wp\/v2\/product"}],"about":[{"href":"https:\/\/aazsolutions.ch\/de\/wp-json\/wp\/v2\/types\/product"}],"replies":[{"embeddable":true,"href":"https:\/\/aazsolutions.ch\/de\/wp-json\/wp\/v2\/comments?post=33825"}],"wp:featuredmedia":[{"embeddable":true,"href":"https:\/\/aazsolutions.ch\/de\/wp-json\/wp\/v2\/media\/33542"}],"wp:attachment":[{"href":"https:\/\/aazsolutions.ch\/de\/wp-json\/wp\/v2\/media?parent=33825"}],"wp:term":[{"taxonomy":"product_brand","embeddable":true,"href":"https:\/\/aazsolutions.ch\/de\/wp-json\/wp\/v2\/product_brand?post=33825"},{"taxonomy":"product_cat","embeddable":true,"href":"https:\/\/aazsolutions.ch\/de\/wp-json\/wp\/v2\/product_cat?post=33825"},{"taxonomy":"product_tag","embeddable":true,"href":"https:\/\/aazsolutions.ch\/de\/wp-json\/wp\/v2\/product_tag?post=33825"}],"curies":[{"name":"wp","href":"https:\/\/api.w.org\/{rel}","templated":true}]}}