{"id":33838,"date":"2019-01-01T00:00:00","date_gmt":"2018-12-31T23:00:00","guid":{"rendered":"https:\/\/aazsolutions.ch\/produit\/dusch-und-toilettenrollstuhl-wheelable\/"},"modified":"2026-05-02T19:12:24","modified_gmt":"2026-05-02T18:12:24","slug":"dusch-und-toilettenrollstuhl-wheelable","status":"publish","type":"product","link":"https:\/\/aazsolutions.ch\/de\/produit\/dusch-und-toilettenrollstuhl-wheelable\/","title":{"rendered":"Dusch- und Toilettenrollstuhl Wheelable"},"content":{"rendered":"<p><span style=\"color: #e2001a;\">Dieses Produkt ist <span style=\"text-decoration: underline;\"><strong>nur auf Bestellung<\/strong><\/span> erh\u00e4ltlich. Die Lieferzeit betr\u00e4gt <span style=\"text-decoration: underline;\"><strong>2 bis 3 Wochen<\/strong><\/span>. F\u00fcr weitere Informationen kontaktieren Sie uns bitte. <\/span><\/p>\n<h2>Dusch- und Toilettenrollstuhl Wheelable \u2013 Kompakt, faltbar und ultra-wendig<\/h2>\n<p>Der <strong>Dusch- und Toilettenrollstuhl Wheelable<\/strong> ist eine wahre Revolution f\u00fcr Menschen mit eingeschr\u00e4nkter Mobilit\u00e4t. Er wurde entwickelt, um maximale Autonomie in intimen Alltagssituationen zu bieten, und erm\u00f6glicht den einfachen Zugang zu Toilette und Dusche, selbst auf engstem Raum. <\/p>\n<p>Sein <strong>faltbares und kompaktes Design<\/strong> erm\u00f6glicht es dem Benutzer, ihn ohne Hilfe, mit nur einer Hand, direkt von einem anderen Stuhl aus auf- und abzubauen. <strong>Dank der einzigartigen Positionierung seiner R\u00e4der unter dem Sitz<\/strong> kann er m\u00fchelos und ohne grossen Wendekreis oder Platzbedarf zur Toilette zur\u00fcckfahren.<\/p>\n<p><strong>Der Wheelable Stuhl ist zudem 100 % wasserabweisend<\/strong>, was ihn ideal f\u00fcr die Dusche macht. Er verf\u00fcgt \u00fcber <strong>klappbare Armlehnen<\/strong> f\u00fcr erh\u00f6hten Sitzkomfort und kann dank seiner <strong>optionalen Transporttasche<\/strong> \u00fcberallhin mitgenommen werden. <\/p>\n<h3>\u2705 Eigenschaften des Dusch- und Toilettenrollstuhls Wheelable:<\/h3>\n<ul>\n<li>Faltbar, ultra-wendig und einfach alleine aufzubauen<\/li>\n<li>Erm\u00f6glicht den Zugang zu engen Toiletten oder Duschen<\/li>\n<li>R\u00e4der unter dem Sitz f\u00fcr Platzersparnis<\/li>\n<li>100 % wasserabweisend, unter der Dusche verwendbar<\/li>\n<li>Klappbare Armlehnen f\u00fcr mehr Komfort<\/li>\n<li>Transportierbar mit optionaler Tasche<\/li>\n<\/ul>\n<h3>Freiheit und Autonomie im Alltag<\/h3>\n<p>Der <strong>Dusch- und Toilettenrollstuhl Wheelable<\/strong> bietet eine einzigartige Bewegungsfreiheit. Er richtet sich an alle Personen, die in pers\u00f6nlichen Situationen diskret und einfach wieder Autonomie erlangen m\u00f6chten. <\/p>\n<p><strong>Bestellen Sie Ihren Wheelable Stuhl \u2013 Lieferung auf Bestellung in der Schweiz.<\/strong><\/p>\n<p><!-- Vid\u00e9o int\u00e9gr\u00e9e --><br \/>\n<iframe loading=\"lazy\" src=\"https:\/\/www.youtube.com\/embed\/w5IMs_SZgvk\" width=\"560\" height=\"315\" frameborder=\"0\" allowfullscreen=\"allowfullscreen\"><\/iframe><\/p>\n","protected":false},"excerpt":{"rendered":"<h2>Spezifikationen<\/h2>\n<ul>\n<li>Gewicht: 11,6 kg<\/li>\n<li>Maximal unterst\u00fctztes Gewicht: 130 kg<\/li>\n<li>Hergestellt aus Kunststoff mit innovativen Komponenten<\/li>\n<li>Metallteile aus Edelstahl<\/li>\n<\/ul>\n<p><i>Masse ge\u00f6ffnet:<\/i><\/p>\n<ul>\n<li>Breite: 48 cm<\/li>\n<li>Sitzbreite: 41 cm<\/li>\n<li>Tiefe: 67 cm<\/li>\n<li>Sitztiefe: 43 cm<\/li>\n<li>Sitzh\u00f6he: 53 cm<\/li>\n<li>R\u00fcckenlehnenh\u00f6he: 39 cm<\/li>\n<li>Gesamth\u00f6he: 92 cm<\/li>\n<\/ul>\n<p><i>Masse zusammengeklappt:<\/i><\/p>\n<ul>\n<li>Breite: 23 cm<\/li>\n<li>H\u00f6he: 54 cm<\/li>\n<li>L\u00e4nge: 67 cm<\/li>\n<\/ul>\n<p><i>Optionen (nicht inbegriffen):<\/i><\/p>\n<ul>\n<li>Eimer f\u00fcr Stuhl<\/li>\n<li>Transporttasche<\/li>\n<li>Sitzauflage<\/li>\n<\/ul>\n","protected":false},"featured_media":31499,"comment_status":"closed","ping_status":"closed","template":"","meta":{"_et_pb_use_builder":"","_et_pb_old_content":"","_et_gb_content_width":"","inline_featured_image":false},"product_brand":[],"product_cat":[1211,1233],"product_tag":[],"class_list":{"0":"post-33838","1":"product","2":"type-product","3":"status-publish","4":"has-post-thumbnail","6":"product_cat-1-bad-dusche-wc","7":"product_cat-duschstuhl","8":"product_shipping_class-c","10":"first","11":"instock","12":"taxable","13":"shipping-taxable","14":"purchasable","15":"product-type-simple"},"yoast_head":"<!-- This site is optimized with the Yoast SEO Premium plugin v27.2 (Yoast SEO v27.5) - https:\/\/yoast.com\/product\/yoast-seo-premium-wordpress\/ -->\n<title>Dusch- und Toilettenrollstuhl Wheelable: Ideal f\u00fcr Toilette und Dusche<\/title>\n<meta name=\"description\" content=\"Greifen Sie mit dem kompakten und faltbaren Dusch- und Toilettenrollstuhl Wheelable einfach auf die Toilette zu. Ein unverzichtbares Produkt f\u00fcr Ihren Alltag \u2013 bestellen Sie ihn!\" \/>\n<meta name=\"robots\" content=\"index, follow, max-snippet:-1, max-image-preview:large, max-video-preview:-1\" \/>\n<link rel=\"canonical\" href=\"https:\/\/aazsolutions.ch\/de\/produit\/dusch-und-toilettenrollstuhl-wheelable\/\" \/>\n<meta property=\"og:locale\" content=\"de_DE\" \/>\n<meta property=\"og:type\" content=\"article\" \/>\n<meta property=\"og:title\" content=\"Dusch- und Toilettenrollstuhl Wheelable\" \/>\n<meta property=\"og:description\" content=\"Greifen Sie mit dem kompakten und faltbaren Dusch- und Toilettenrollstuhl Wheelable einfach auf die Toilette zu. Ein unverzichtbares Produkt f\u00fcr Ihren Alltag \u2013 bestellen Sie ihn!\" \/>\n<meta property=\"og:url\" content=\"https:\/\/aazsolutions.ch\/de\/produit\/dusch-und-toilettenrollstuhl-wheelable\/\" \/>\n<meta property=\"og:site_name\" content=\"A\u00e0Zsolutions.ch\" \/>\n<meta property=\"article:publisher\" content=\"https:\/\/www.facebook.com\/aazsolutions.ch\/\" \/>\n<meta property=\"article:modified_time\" content=\"2026-05-02T18:12:24+00:00\" \/>\n<meta property=\"og:image\" content=\"https:\/\/aazsolutions.ch\/wp-content\/uploads\/2025\/03\/10130-1.jpg\" \/>\n\t<meta property=\"og:image:width\" content=\"1120\" \/>\n\t<meta property=\"og:image:height\" content=\"1120\" \/>\n\t<meta property=\"og:image:type\" content=\"image\/jpeg\" \/>\n<meta name=\"twitter:card\" content=\"summary_large_image\" \/>\n<meta name=\"twitter:label1\" content=\"Preis\" \/>\n\t<meta name=\"twitter:data1\" content=\"1&#039;600.00&nbsp;&#067;&#072;&#070; TVA incluse\" \/>\n\t<meta name=\"twitter:label2\" content=\"Verf\u00fcgbarkeit\" \/>\n\t<meta name=\"twitter:data2\" content=\"Auf Lager\" \/>\n<script type=\"application\/ld+json\" class=\"yoast-schema-graph\">{\"@context\":\"https:\\\/\\\/schema.org\",\"@graph\":[{\"@type\":\"WebPage\",\"@id\":\"https:\\\/\\\/aazsolutions.ch\\\/de\\\/produit\\\/dusch-und-toilettenrollstuhl-wheelable\\\/\",\"url\":\"https:\\\/\\\/aazsolutions.ch\\\/de\\\/produit\\\/dusch-und-toilettenrollstuhl-wheelable\\\/\",\"name\":\"Dusch- und Toilettenrollstuhl Wheelable: Ideal f\u00fcr Toilette und Dusche\",\"isPartOf\":{\"@id\":\"https:\\\/\\\/aazsolutions.ch\\\/de\\\/#website\"},\"primaryImageOfPage\":{\"@id\":\"https:\\\/\\\/aazsolutions.ch\\\/de\\\/produit\\\/dusch-und-toilettenrollstuhl-wheelable\\\/#primaryimage\"},\"image\":{\"@id\":\"https:\\\/\\\/aazsolutions.ch\\\/de\\\/produit\\\/dusch-und-toilettenrollstuhl-wheelable\\\/#primaryimage\"},\"thumbnailUrl\":\"https:\\\/\\\/aazsolutions.ch\\\/wp-content\\\/uploads\\\/2025\\\/03\\\/10130-1.jpg\",\"datePublished\":\"2018-12-31T23:00:00+00:00\",\"dateModified\":\"2026-05-02T18:12:24+00:00\",\"description\":\"Greifen Sie mit dem kompakten und faltbaren Dusch- und Toilettenrollstuhl Wheelable einfach auf die Toilette zu. Ein unverzichtbares Produkt f\u00fcr Ihren Alltag \u2013 bestellen Sie ihn!\",\"breadcrumb\":{\"@id\":\"https:\\\/\\\/aazsolutions.ch\\\/de\\\/produit\\\/dusch-und-toilettenrollstuhl-wheelable\\\/#breadcrumb\"},\"inLanguage\":\"de\",\"potentialAction\":[{\"@type\":\"ReadAction\",\"target\":[\"https:\\\/\\\/aazsolutions.ch\\\/de\\\/produit\\\/dusch-und-toilettenrollstuhl-wheelable\\\/\"]}]},{\"@type\":\"ImageObject\",\"inLanguage\":\"de\",\"@id\":\"https:\\\/\\\/aazsolutions.ch\\\/de\\\/produit\\\/dusch-und-toilettenrollstuhl-wheelable\\\/#primaryimage\",\"url\":\"https:\\\/\\\/aazsolutions.ch\\\/wp-content\\\/uploads\\\/2025\\\/03\\\/10130-1.jpg\",\"contentUrl\":\"https:\\\/\\\/aazsolutions.ch\\\/wp-content\\\/uploads\\\/2025\\\/03\\\/10130-1.jpg\",\"width\":1120,\"height\":1120,\"caption\":\"Fauteuil d'aisance Wheelable\"},{\"@type\":\"BreadcrumbList\",\"@id\":\"https:\\\/\\\/aazsolutions.ch\\\/de\\\/produit\\\/dusch-und-toilettenrollstuhl-wheelable\\\/#breadcrumb\",\"itemListElement\":[{\"@type\":\"ListItem\",\"position\":1,\"name\":\"Accueil\",\"item\":\"https:\\\/\\\/aazsolutions.ch\\\/de\\\/\"},{\"@type\":\"ListItem\",\"position\":2,\"name\":\"Shop\",\"item\":\"https:\\\/\\\/aazsolutions.ch\\\/de\\\/shop\\\/\"},{\"@type\":\"ListItem\",\"position\":3,\"name\":\"Dusch- und Toilettenrollstuhl Wheelable\"}]},{\"@type\":\"WebSite\",\"@id\":\"https:\\\/\\\/aazsolutions.ch\\\/de\\\/#website\",\"url\":\"https:\\\/\\\/aazsolutions.ch\\\/de\\\/\",\"name\":\"A\u00e0Zsolutions.ch\",\"description\":\"Des solutions adapt\u00e9es \u00e0 chaque difficult\u00e9!\",\"publisher\":{\"@id\":\"https:\\\/\\\/aazsolutions.ch\\\/de\\\/#organization\"},\"potentialAction\":[{\"@type\":\"SearchAction\",\"target\":{\"@type\":\"EntryPoint\",\"urlTemplate\":\"https:\\\/\\\/aazsolutions.ch\\\/de\\\/?s={search_term_string}\"},\"query-input\":{\"@type\":\"PropertyValueSpecification\",\"valueRequired\":true,\"valueName\":\"search_term_string\"}}],\"inLanguage\":\"de\"},{\"@type\":\"Organization\",\"@id\":\"https:\\\/\\\/aazsolutions.ch\\\/de\\\/#organization\",\"name\":\"A\u00e0Zsolutions SARL\",\"url\":\"https:\\\/\\\/aazsolutions.ch\\\/de\\\/\",\"logo\":{\"@type\":\"ImageObject\",\"inLanguage\":\"de\",\"@id\":\"https:\\\/\\\/aazsolutions.ch\\\/de\\\/#\\\/schema\\\/logo\\\/image\\\/\",\"url\":\"https:\\\/\\\/aazsolutions.ch\\\/wp-content\\\/uploads\\\/2016\\\/04\\\/AAZ_Logo_Solutions.jpg\",\"contentUrl\":\"https:\\\/\\\/aazsolutions.ch\\\/wp-content\\\/uploads\\\/2016\\\/04\\\/AAZ_Logo_Solutions.jpg\",\"width\":1500,\"height\":481,\"caption\":\"A\u00e0Zsolutions SARL\"},\"image\":{\"@id\":\"https:\\\/\\\/aazsolutions.ch\\\/de\\\/#\\\/schema\\\/logo\\\/image\\\/\"},\"sameAs\":[\"https:\\\/\\\/www.facebook.com\\\/aazsolutions.ch\\\/\",\"https:\\\/\\\/www.linkedin.com\\\/showcase\\\/aazsolutions\\\/\"]}]}<\/script>\n<meta property=\"product:price:amount\" content=\"1600.00\" \/>\n<meta property=\"product:price:currency\" content=\"CHF\" \/>\n<meta property=\"og:availability\" content=\"instock\" \/>\n<meta property=\"product:availability\" content=\"instock\" \/>\n<meta property=\"product:retailer_item_id\" content=\"10130\" \/>\n<meta property=\"product:condition\" content=\"new\" \/>\n<!-- \/ Yoast SEO Premium plugin. -->","yoast_head_json":{"title":"Dusch- und Toilettenrollstuhl Wheelable: Ideal f\u00fcr Toilette und Dusche","description":"Greifen Sie mit dem kompakten und faltbaren Dusch- und Toilettenrollstuhl Wheelable einfach auf die Toilette zu. Ein unverzichtbares Produkt f\u00fcr Ihren Alltag \u2013 bestellen Sie ihn!","robots":{"index":"index","follow":"follow","max-snippet":"max-snippet:-1","max-image-preview":"max-image-preview:large","max-video-preview":"max-video-preview:-1"},"canonical":"https:\/\/aazsolutions.ch\/de\/produit\/dusch-und-toilettenrollstuhl-wheelable\/","og_locale":"de_DE","og_type":"article","og_title":"Dusch- und Toilettenrollstuhl Wheelable","og_description":"Greifen Sie mit dem kompakten und faltbaren Dusch- und Toilettenrollstuhl Wheelable einfach auf die Toilette zu. Ein unverzichtbares Produkt f\u00fcr Ihren Alltag \u2013 bestellen Sie ihn!","og_url":"https:\/\/aazsolutions.ch\/de\/produit\/dusch-und-toilettenrollstuhl-wheelable\/","og_site_name":"A\u00e0Zsolutions.ch","article_publisher":"https:\/\/www.facebook.com\/aazsolutions.ch\/","article_modified_time":"2026-05-02T18:12:24+00:00","og_image":[{"width":1120,"height":1120,"url":"https:\/\/aazsolutions.ch\/wp-content\/uploads\/2025\/03\/10130-1.jpg","type":"image\/jpeg"}],"twitter_card":"summary_large_image","twitter_misc":{"Preis":"1'600.00&nbsp;&#67;&#72;&#70; TVA incluse","Verf\u00fcgbarkeit":"Auf Lager"},"schema":{"@context":"https:\/\/schema.org","@graph":[{"@type":"WebPage","@id":"https:\/\/aazsolutions.ch\/de\/produit\/dusch-und-toilettenrollstuhl-wheelable\/","url":"https:\/\/aazsolutions.ch\/de\/produit\/dusch-und-toilettenrollstuhl-wheelable\/","name":"Dusch- und Toilettenrollstuhl Wheelable: Ideal f\u00fcr Toilette und Dusche","isPartOf":{"@id":"https:\/\/aazsolutions.ch\/de\/#website"},"primaryImageOfPage":{"@id":"https:\/\/aazsolutions.ch\/de\/produit\/dusch-und-toilettenrollstuhl-wheelable\/#primaryimage"},"image":{"@id":"https:\/\/aazsolutions.ch\/de\/produit\/dusch-und-toilettenrollstuhl-wheelable\/#primaryimage"},"thumbnailUrl":"https:\/\/aazsolutions.ch\/wp-content\/uploads\/2025\/03\/10130-1.jpg","datePublished":"2018-12-31T23:00:00+00:00","dateModified":"2026-05-02T18:12:24+00:00","description":"Greifen Sie mit dem kompakten und faltbaren Dusch- und Toilettenrollstuhl Wheelable einfach auf die Toilette zu. Ein unverzichtbares Produkt f\u00fcr Ihren Alltag \u2013 bestellen Sie ihn!","breadcrumb":{"@id":"https:\/\/aazsolutions.ch\/de\/produit\/dusch-und-toilettenrollstuhl-wheelable\/#breadcrumb"},"inLanguage":"de","potentialAction":[{"@type":"ReadAction","target":["https:\/\/aazsolutions.ch\/de\/produit\/dusch-und-toilettenrollstuhl-wheelable\/"]}]},{"@type":"ImageObject","inLanguage":"de","@id":"https:\/\/aazsolutions.ch\/de\/produit\/dusch-und-toilettenrollstuhl-wheelable\/#primaryimage","url":"https:\/\/aazsolutions.ch\/wp-content\/uploads\/2025\/03\/10130-1.jpg","contentUrl":"https:\/\/aazsolutions.ch\/wp-content\/uploads\/2025\/03\/10130-1.jpg","width":1120,"height":1120,"caption":"Fauteuil d'aisance Wheelable"},{"@type":"BreadcrumbList","@id":"https:\/\/aazsolutions.ch\/de\/produit\/dusch-und-toilettenrollstuhl-wheelable\/#breadcrumb","itemListElement":[{"@type":"ListItem","position":1,"name":"Accueil","item":"https:\/\/aazsolutions.ch\/de\/"},{"@type":"ListItem","position":2,"name":"Shop","item":"https:\/\/aazsolutions.ch\/de\/shop\/"},{"@type":"ListItem","position":3,"name":"Dusch- und Toilettenrollstuhl Wheelable"}]},{"@type":"WebSite","@id":"https:\/\/aazsolutions.ch\/de\/#website","url":"https:\/\/aazsolutions.ch\/de\/","name":"A\u00e0Zsolutions.ch","description":"Des solutions adapt\u00e9es \u00e0 chaque difficult\u00e9!","publisher":{"@id":"https:\/\/aazsolutions.ch\/de\/#organization"},"potentialAction":[{"@type":"SearchAction","target":{"@type":"EntryPoint","urlTemplate":"https:\/\/aazsolutions.ch\/de\/?s={search_term_string}"},"query-input":{"@type":"PropertyValueSpecification","valueRequired":true,"valueName":"search_term_string"}}],"inLanguage":"de"},{"@type":"Organization","@id":"https:\/\/aazsolutions.ch\/de\/#organization","name":"A\u00e0Zsolutions SARL","url":"https:\/\/aazsolutions.ch\/de\/","logo":{"@type":"ImageObject","inLanguage":"de","@id":"https:\/\/aazsolutions.ch\/de\/#\/schema\/logo\/image\/","url":"https:\/\/aazsolutions.ch\/wp-content\/uploads\/2016\/04\/AAZ_Logo_Solutions.jpg","contentUrl":"https:\/\/aazsolutions.ch\/wp-content\/uploads\/2016\/04\/AAZ_Logo_Solutions.jpg","width":1500,"height":481,"caption":"A\u00e0Zsolutions SARL"},"image":{"@id":"https:\/\/aazsolutions.ch\/de\/#\/schema\/logo\/image\/"},"sameAs":["https:\/\/www.facebook.com\/aazsolutions.ch\/","https:\/\/www.linkedin.com\/showcase\/aazsolutions\/"]}]},"product_price_amount":"1600.00","product_price_currency":"CHF","og_availability":"instock","product_availability":"instock","product_retailer_item_id":"10130","product_condition":"new"},"_links":{"self":[{"href":"https:\/\/aazsolutions.ch\/de\/wp-json\/wp\/v2\/product\/33838","targetHints":{"allow":["GET"]}}],"collection":[{"href":"https:\/\/aazsolutions.ch\/de\/wp-json\/wp\/v2\/product"}],"about":[{"href":"https:\/\/aazsolutions.ch\/de\/wp-json\/wp\/v2\/types\/product"}],"replies":[{"embeddable":true,"href":"https:\/\/aazsolutions.ch\/de\/wp-json\/wp\/v2\/comments?post=33838"}],"wp:featuredmedia":[{"embeddable":true,"href":"https:\/\/aazsolutions.ch\/de\/wp-json\/wp\/v2\/media\/31499"}],"wp:attachment":[{"href":"https:\/\/aazsolutions.ch\/de\/wp-json\/wp\/v2\/media?parent=33838"}],"wp:term":[{"taxonomy":"product_brand","embeddable":true,"href":"https:\/\/aazsolutions.ch\/de\/wp-json\/wp\/v2\/product_brand?post=33838"},{"taxonomy":"product_cat","embeddable":true,"href":"https:\/\/aazsolutions.ch\/de\/wp-json\/wp\/v2\/product_cat?post=33838"},{"taxonomy":"product_tag","embeddable":true,"href":"https:\/\/aazsolutions.ch\/de\/wp-json\/wp\/v2\/product_tag?post=33838"}],"curies":[{"name":"wp","href":"https:\/\/api.w.org\/{rel}","templated":true}]}}