{"id":33854,"date":"2019-01-01T00:00:00","date_gmt":"2018-12-31T23:00:00","guid":{"rendered":"https:\/\/aazsolutions.ch\/produit\/badewannensitz-cosby\/"},"modified":"2019-01-01T00:00:00","modified_gmt":"2018-12-31T23:00:00","slug":"badewannensitz-cosby","status":"publish","type":"product","link":"https:\/\/aazsolutions.ch\/de\/produit\/badewannensitz-cosby\/","title":{"rendered":"Badewannensitz Cosby"},"content":{"rendered":"<h2>Badewannensitz Cosby \u2013 Einfachheit, Stabilit\u00e4t und Komfort im Alltag<\/h2>\n<p>Der <strong>Badewannensitz Cosby<\/strong> wurde entwickelt, um die Sicherheit und den Komfort von Personen mit eingeschr\u00e4nkter Mobilit\u00e4t bei der K\u00f6rperpflege zu verbessern. Praktisch und funktional wird er direkt auf den Boden der Badewanne gestellt. Die 4 Saugn\u00e4pfe erm\u00f6glichen eine hervorragende Stabilit\u00e4t.  <\/p>\n<p>Dieser <strong>Badewannensitz<\/strong> verf\u00fcgt \u00fcber eine rutschfeste Oberfl\u00e4che mit Perforationen zum Wasserablauf, wodurch das Rutschrisiko verringert wird. Die leichte, aber robuste Struktur ist feuchtigkeitsbest\u00e4ndig und gew\u00e4hrleistet gleichzeitig optimale Stabilit\u00e4t. Er eignet sich perfekt f\u00fcr Senioren, Personen in der Genesung oder Menschen mit Behinderungen.  <\/p>\n<h3>\u2705 Wichtigste Merkmale:<\/h3>\n<ul>\n<li>Schnelle Installation ohne Werkzeug oder dauerhafte Befestigung<\/li>\n<li>Rutschfeste Oberfl\u00e4che f\u00fcr mehr Sicherheit<\/li>\n<li>Stabile, leichte und einfach zu reinigende Struktur<\/li>\n<li>Kompatibel mit den meisten Standard-Badewannen<\/li>\n<li>Breite und bequeme Sitzfl\u00e4che<\/li>\n<\/ul>\n<p>Dieser <strong>ergonomische Badewannensitz<\/strong> f\u00f6rdert die Selbstst\u00e4ndigkeit und sorgt f\u00fcr Sicherheit. Er ist ideal f\u00fcr ein barrierefreies Badezimmer ohne aufwendige Umbauarbeiten. <\/p>\n<p><strong>Bestellen Sie den Badewannensitz Cosby \u2013 Schnelle Lieferung in die ganze Schweiz!<\/strong><\/p>\n","protected":false},"excerpt":{"rendered":"<h2>Spezifikationen<\/h2>\n<ul>\n<li>Sitzfl\u00e4che: 46 x 29 cm<\/li>\n<li>H\u00f6he: 20 cm<\/li>\n<li>Gewicht: 800 g<\/li>\n<li>Max. Benutzergewicht: 190 kg <\/li>\n<\/ul>\n","protected":false},"featured_media":31363,"comment_status":"closed","ping_status":"closed","template":"","meta":{"_et_pb_use_builder":"","_et_pb_old_content":"","_et_gb_content_width":"","inline_featured_image":false},"product_brand":[],"product_cat":[1211,1239],"product_tag":[],"class_list":{"0":"post-33854","1":"product","2":"type-product","3":"status-publish","4":"has-post-thumbnail","6":"product_cat-1-bad-dusche-wc","7":"product_cat-badewannensitz","8":"product_shipping_class-a","10":"first","11":"instock","12":"taxable","13":"shipping-taxable","14":"purchasable","15":"product-type-simple"},"yoast_head":"<!-- This site is optimized with the Yoast SEO Premium plugin v27.2 (Yoast SEO v27.5) - https:\/\/yoast.com\/product\/yoast-seo-premium-wordpress\/ -->\n<title>Badewannensitz Cosby: Praktisch und rutschfest f\u00fcr Sie<\/title>\n<meta name=\"description\" content=\"Sichern Sie Ihre Bademomente mit dem Badewannensitz Cosby. Seine vier Saugn\u00e4pfe garantieren einen festen Halt, der f\u00fcr die Nutzer unerl\u00e4sslich ist.\" \/>\n<meta name=\"robots\" content=\"index, follow, max-snippet:-1, max-image-preview:large, max-video-preview:-1\" \/>\n<link rel=\"canonical\" href=\"https:\/\/aazsolutions.ch\/de\/produit\/badewannensitz-cosby\/\" \/>\n<meta property=\"og:locale\" content=\"de_DE\" \/>\n<meta property=\"og:type\" content=\"article\" \/>\n<meta property=\"og:title\" content=\"Badewannensitz Cosby\" \/>\n<meta property=\"og:description\" content=\"Sichern Sie Ihre Bademomente mit dem Badewannensitz Cosby. Seine vier Saugn\u00e4pfe garantieren einen festen Halt, der f\u00fcr die Nutzer unerl\u00e4sslich ist.\" \/>\n<meta property=\"og:url\" content=\"https:\/\/aazsolutions.ch\/de\/produit\/badewannensitz-cosby\/\" \/>\n<meta property=\"og:site_name\" content=\"A\u00e0Zsolutions.ch\" \/>\n<meta property=\"article:publisher\" content=\"https:\/\/www.facebook.com\/aazsolutions.ch\/\" \/>\n<meta property=\"og:image\" content=\"https:\/\/aazsolutions.ch\/wp-content\/uploads\/2025\/03\/10011-1.jpg\" \/>\n\t<meta property=\"og:image:width\" content=\"1120\" \/>\n\t<meta property=\"og:image:height\" content=\"1120\" \/>\n\t<meta property=\"og:image:type\" content=\"image\/jpeg\" \/>\n<meta name=\"twitter:card\" content=\"summary_large_image\" \/>\n<meta name=\"twitter:label1\" content=\"Preis\" \/>\n\t<meta name=\"twitter:data1\" content=\"89.00&nbsp;&#067;&#072;&#070; TVA incluse\" \/>\n\t<meta name=\"twitter:label2\" content=\"Verf\u00fcgbarkeit\" \/>\n\t<meta name=\"twitter:data2\" content=\"Auf Lager\" \/>\n<script type=\"application\/ld+json\" class=\"yoast-schema-graph\">{\"@context\":\"https:\\\/\\\/schema.org\",\"@graph\":[{\"@type\":\"WebPage\",\"@id\":\"https:\\\/\\\/aazsolutions.ch\\\/de\\\/produit\\\/badewannensitz-cosby\\\/\",\"url\":\"https:\\\/\\\/aazsolutions.ch\\\/de\\\/produit\\\/badewannensitz-cosby\\\/\",\"name\":\"Badewannensitz Cosby: Praktisch und rutschfest f\u00fcr Sie\",\"isPartOf\":{\"@id\":\"https:\\\/\\\/aazsolutions.ch\\\/de\\\/#website\"},\"primaryImageOfPage\":{\"@id\":\"https:\\\/\\\/aazsolutions.ch\\\/de\\\/produit\\\/badewannensitz-cosby\\\/#primaryimage\"},\"image\":{\"@id\":\"https:\\\/\\\/aazsolutions.ch\\\/de\\\/produit\\\/badewannensitz-cosby\\\/#primaryimage\"},\"thumbnailUrl\":\"https:\\\/\\\/aazsolutions.ch\\\/wp-content\\\/uploads\\\/2025\\\/03\\\/10011-1.jpg\",\"datePublished\":\"2018-12-31T23:00:00+00:00\",\"description\":\"Sichern Sie Ihre Bademomente mit dem Badewannensitz Cosby. Seine vier Saugn\u00e4pfe garantieren einen festen Halt, der f\u00fcr die Nutzer unerl\u00e4sslich ist.\",\"breadcrumb\":{\"@id\":\"https:\\\/\\\/aazsolutions.ch\\\/de\\\/produit\\\/badewannensitz-cosby\\\/#breadcrumb\"},\"inLanguage\":\"de\",\"potentialAction\":[{\"@type\":\"ReadAction\",\"target\":[\"https:\\\/\\\/aazsolutions.ch\\\/de\\\/produit\\\/badewannensitz-cosby\\\/\"]}]},{\"@type\":\"ImageObject\",\"inLanguage\":\"de\",\"@id\":\"https:\\\/\\\/aazsolutions.ch\\\/de\\\/produit\\\/badewannensitz-cosby\\\/#primaryimage\",\"url\":\"https:\\\/\\\/aazsolutions.ch\\\/wp-content\\\/uploads\\\/2025\\\/03\\\/10011-1.jpg\",\"contentUrl\":\"https:\\\/\\\/aazsolutions.ch\\\/wp-content\\\/uploads\\\/2025\\\/03\\\/10011-1.jpg\",\"width\":1120,\"height\":1120,\"caption\":\"Si\u00e8ge de bain Cosby pour baignoire\"},{\"@type\":\"BreadcrumbList\",\"@id\":\"https:\\\/\\\/aazsolutions.ch\\\/de\\\/produit\\\/badewannensitz-cosby\\\/#breadcrumb\",\"itemListElement\":[{\"@type\":\"ListItem\",\"position\":1,\"name\":\"Accueil\",\"item\":\"https:\\\/\\\/aazsolutions.ch\\\/de\\\/\"},{\"@type\":\"ListItem\",\"position\":2,\"name\":\"Shop\",\"item\":\"https:\\\/\\\/aazsolutions.ch\\\/de\\\/shop\\\/\"},{\"@type\":\"ListItem\",\"position\":3,\"name\":\"Badewannensitz Cosby\"}]},{\"@type\":\"WebSite\",\"@id\":\"https:\\\/\\\/aazsolutions.ch\\\/de\\\/#website\",\"url\":\"https:\\\/\\\/aazsolutions.ch\\\/de\\\/\",\"name\":\"A\u00e0Zsolutions.ch\",\"description\":\"Des solutions adapt\u00e9es \u00e0 chaque difficult\u00e9!\",\"publisher\":{\"@id\":\"https:\\\/\\\/aazsolutions.ch\\\/de\\\/#organization\"},\"potentialAction\":[{\"@type\":\"SearchAction\",\"target\":{\"@type\":\"EntryPoint\",\"urlTemplate\":\"https:\\\/\\\/aazsolutions.ch\\\/de\\\/?s={search_term_string}\"},\"query-input\":{\"@type\":\"PropertyValueSpecification\",\"valueRequired\":true,\"valueName\":\"search_term_string\"}}],\"inLanguage\":\"de\"},{\"@type\":\"Organization\",\"@id\":\"https:\\\/\\\/aazsolutions.ch\\\/de\\\/#organization\",\"name\":\"A\u00e0Zsolutions SARL\",\"url\":\"https:\\\/\\\/aazsolutions.ch\\\/de\\\/\",\"logo\":{\"@type\":\"ImageObject\",\"inLanguage\":\"de\",\"@id\":\"https:\\\/\\\/aazsolutions.ch\\\/de\\\/#\\\/schema\\\/logo\\\/image\\\/\",\"url\":\"https:\\\/\\\/aazsolutions.ch\\\/wp-content\\\/uploads\\\/2016\\\/04\\\/AAZ_Logo_Solutions.jpg\",\"contentUrl\":\"https:\\\/\\\/aazsolutions.ch\\\/wp-content\\\/uploads\\\/2016\\\/04\\\/AAZ_Logo_Solutions.jpg\",\"width\":1500,\"height\":481,\"caption\":\"A\u00e0Zsolutions SARL\"},\"image\":{\"@id\":\"https:\\\/\\\/aazsolutions.ch\\\/de\\\/#\\\/schema\\\/logo\\\/image\\\/\"},\"sameAs\":[\"https:\\\/\\\/www.facebook.com\\\/aazsolutions.ch\\\/\",\"https:\\\/\\\/www.linkedin.com\\\/showcase\\\/aazsolutions\\\/\"]}]}<\/script>\n<meta property=\"product:price:amount\" content=\"89.00\" \/>\n<meta property=\"product:price:currency\" content=\"CHF\" \/>\n<meta property=\"og:availability\" content=\"instock\" \/>\n<meta property=\"product:availability\" content=\"instock\" \/>\n<meta property=\"product:retailer_item_id\" content=\"10011\" \/>\n<meta property=\"product:condition\" content=\"new\" \/>\n<!-- \/ Yoast SEO Premium plugin. -->","yoast_head_json":{"title":"Badewannensitz Cosby: Praktisch und rutschfest f\u00fcr Sie","description":"Sichern Sie Ihre Bademomente mit dem Badewannensitz Cosby. Seine vier Saugn\u00e4pfe garantieren einen festen Halt, der f\u00fcr die Nutzer unerl\u00e4sslich ist.","robots":{"index":"index","follow":"follow","max-snippet":"max-snippet:-1","max-image-preview":"max-image-preview:large","max-video-preview":"max-video-preview:-1"},"canonical":"https:\/\/aazsolutions.ch\/de\/produit\/badewannensitz-cosby\/","og_locale":"de_DE","og_type":"article","og_title":"Badewannensitz Cosby","og_description":"Sichern Sie Ihre Bademomente mit dem Badewannensitz Cosby. Seine vier Saugn\u00e4pfe garantieren einen festen Halt, der f\u00fcr die Nutzer unerl\u00e4sslich ist.","og_url":"https:\/\/aazsolutions.ch\/de\/produit\/badewannensitz-cosby\/","og_site_name":"A\u00e0Zsolutions.ch","article_publisher":"https:\/\/www.facebook.com\/aazsolutions.ch\/","og_image":[{"width":1120,"height":1120,"url":"https:\/\/aazsolutions.ch\/wp-content\/uploads\/2025\/03\/10011-1.jpg","type":"image\/jpeg"}],"twitter_card":"summary_large_image","twitter_misc":{"Preis":"89.00&nbsp;&#67;&#72;&#70; TVA incluse","Verf\u00fcgbarkeit":"Auf Lager"},"schema":{"@context":"https:\/\/schema.org","@graph":[{"@type":"WebPage","@id":"https:\/\/aazsolutions.ch\/de\/produit\/badewannensitz-cosby\/","url":"https:\/\/aazsolutions.ch\/de\/produit\/badewannensitz-cosby\/","name":"Badewannensitz Cosby: Praktisch und rutschfest f\u00fcr Sie","isPartOf":{"@id":"https:\/\/aazsolutions.ch\/de\/#website"},"primaryImageOfPage":{"@id":"https:\/\/aazsolutions.ch\/de\/produit\/badewannensitz-cosby\/#primaryimage"},"image":{"@id":"https:\/\/aazsolutions.ch\/de\/produit\/badewannensitz-cosby\/#primaryimage"},"thumbnailUrl":"https:\/\/aazsolutions.ch\/wp-content\/uploads\/2025\/03\/10011-1.jpg","datePublished":"2018-12-31T23:00:00+00:00","description":"Sichern Sie Ihre Bademomente mit dem Badewannensitz Cosby. Seine vier Saugn\u00e4pfe garantieren einen festen Halt, der f\u00fcr die Nutzer unerl\u00e4sslich ist.","breadcrumb":{"@id":"https:\/\/aazsolutions.ch\/de\/produit\/badewannensitz-cosby\/#breadcrumb"},"inLanguage":"de","potentialAction":[{"@type":"ReadAction","target":["https:\/\/aazsolutions.ch\/de\/produit\/badewannensitz-cosby\/"]}]},{"@type":"ImageObject","inLanguage":"de","@id":"https:\/\/aazsolutions.ch\/de\/produit\/badewannensitz-cosby\/#primaryimage","url":"https:\/\/aazsolutions.ch\/wp-content\/uploads\/2025\/03\/10011-1.jpg","contentUrl":"https:\/\/aazsolutions.ch\/wp-content\/uploads\/2025\/03\/10011-1.jpg","width":1120,"height":1120,"caption":"Si\u00e8ge de bain Cosby pour baignoire"},{"@type":"BreadcrumbList","@id":"https:\/\/aazsolutions.ch\/de\/produit\/badewannensitz-cosby\/#breadcrumb","itemListElement":[{"@type":"ListItem","position":1,"name":"Accueil","item":"https:\/\/aazsolutions.ch\/de\/"},{"@type":"ListItem","position":2,"name":"Shop","item":"https:\/\/aazsolutions.ch\/de\/shop\/"},{"@type":"ListItem","position":3,"name":"Badewannensitz Cosby"}]},{"@type":"WebSite","@id":"https:\/\/aazsolutions.ch\/de\/#website","url":"https:\/\/aazsolutions.ch\/de\/","name":"A\u00e0Zsolutions.ch","description":"Des solutions adapt\u00e9es \u00e0 chaque difficult\u00e9!","publisher":{"@id":"https:\/\/aazsolutions.ch\/de\/#organization"},"potentialAction":[{"@type":"SearchAction","target":{"@type":"EntryPoint","urlTemplate":"https:\/\/aazsolutions.ch\/de\/?s={search_term_string}"},"query-input":{"@type":"PropertyValueSpecification","valueRequired":true,"valueName":"search_term_string"}}],"inLanguage":"de"},{"@type":"Organization","@id":"https:\/\/aazsolutions.ch\/de\/#organization","name":"A\u00e0Zsolutions SARL","url":"https:\/\/aazsolutions.ch\/de\/","logo":{"@type":"ImageObject","inLanguage":"de","@id":"https:\/\/aazsolutions.ch\/de\/#\/schema\/logo\/image\/","url":"https:\/\/aazsolutions.ch\/wp-content\/uploads\/2016\/04\/AAZ_Logo_Solutions.jpg","contentUrl":"https:\/\/aazsolutions.ch\/wp-content\/uploads\/2016\/04\/AAZ_Logo_Solutions.jpg","width":1500,"height":481,"caption":"A\u00e0Zsolutions SARL"},"image":{"@id":"https:\/\/aazsolutions.ch\/de\/#\/schema\/logo\/image\/"},"sameAs":["https:\/\/www.facebook.com\/aazsolutions.ch\/","https:\/\/www.linkedin.com\/showcase\/aazsolutions\/"]}]},"product_price_amount":"89.00","product_price_currency":"CHF","og_availability":"instock","product_availability":"instock","product_retailer_item_id":"10011","product_condition":"new"},"_links":{"self":[{"href":"https:\/\/aazsolutions.ch\/de\/wp-json\/wp\/v2\/product\/33854","targetHints":{"allow":["GET"]}}],"collection":[{"href":"https:\/\/aazsolutions.ch\/de\/wp-json\/wp\/v2\/product"}],"about":[{"href":"https:\/\/aazsolutions.ch\/de\/wp-json\/wp\/v2\/types\/product"}],"replies":[{"embeddable":true,"href":"https:\/\/aazsolutions.ch\/de\/wp-json\/wp\/v2\/comments?post=33854"}],"wp:featuredmedia":[{"embeddable":true,"href":"https:\/\/aazsolutions.ch\/de\/wp-json\/wp\/v2\/media\/31363"}],"wp:attachment":[{"href":"https:\/\/aazsolutions.ch\/de\/wp-json\/wp\/v2\/media?parent=33854"}],"wp:term":[{"taxonomy":"product_brand","embeddable":true,"href":"https:\/\/aazsolutions.ch\/de\/wp-json\/wp\/v2\/product_brand?post=33854"},{"taxonomy":"product_cat","embeddable":true,"href":"https:\/\/aazsolutions.ch\/de\/wp-json\/wp\/v2\/product_cat?post=33854"},{"taxonomy":"product_tag","embeddable":true,"href":"https:\/\/aazsolutions.ch\/de\/wp-json\/wp\/v2\/product_tag?post=33854"}],"curies":[{"name":"wp","href":"https:\/\/api.w.org\/{rel}","templated":true}]}}