{"id":33873,"date":"2019-01-01T00:00:00","date_gmt":"2018-12-31T23:00:00","guid":{"rendered":"https:\/\/aazsolutions.ch\/produit\/drehbarer-badesitz-mercury\/"},"modified":"2019-01-01T00:00:00","modified_gmt":"2018-12-31T23:00:00","slug":"drehbarer-badesitz-mercury","status":"publish","type":"product","link":"https:\/\/aazsolutions.ch\/de\/produit\/drehbarer-badesitz-mercury\/","title":{"rendered":"Drehbarer Badesitz Mercury"},"content":{"rendered":"<h3><span style=\"color: #e2001a;\"><strong><span style=\"text-decoration: underline;\">NUR<\/span> zur Miete verf\u00fcgbar: 35.\u2013 CHF\/Monat<\/strong><\/span><\/h3>\n<h2>Drehbarer Badesitz Mercury \u2013 Erleichterter Einstieg und optimaler Komfort<\/h2>\n<p>Der <strong>drehbare Badesitz Mercury<\/strong> erleichtert sichere Transfers in die Badewanne. Er erm\u00f6glicht es der Nutzerin bzw. dem Nutzer, sich von au\u00dfen hinzusetzen und anschlie\u00dfend m\u00fchelos in die Badeposition zu drehen. Ideal f\u00fcr Personen mit eingeschr\u00e4nkter Mobilit\u00e4t \u2013 f\u00fcr mehr Selbstst\u00e4ndigkeit im Alltag.  <\/p>\n<p>Diese <strong>drehbare Badewannensitzfl\u00e4che<\/strong> ist mit R\u00fcckenlehne, Armlehnen und einem ergonomischen Sitz f\u00fcr optimalen Komfort ausgestattet. Die leichte, feuchtigkeitsbest\u00e4ndige und robuste Aluminiumkonstruktion sorgt f\u00fcr eine gute Langlebigkeit. Die Montage erfolgt ohne Werkzeug, sodass sie sich einfach anbringen und wieder entfernen l\u00e4sst.  <\/p>\n<h3>\u2705 Hauptmerkmale:<\/h3>\n<ul>\n<li>360\u00b0-Drehung mit Arretierungssystem<\/li>\n<li>Einfache Befestigung an den Badewannenr\u00e4ndern<\/li>\n<li>Robuste, rutschhemmende Konstruktion<\/li>\n<li>Komfort mit R\u00fcckenlehne und Armlehnen<\/li>\n<li>Leichte, einfach zu reinigende Materialien<\/li>\n<\/ul>\n<p>Dieser <strong>drehbare Badewannensitz<\/strong> ist eine sichere und praktische L\u00f6sung, um St\u00fcrze zu vermeiden und gleichzeitig die K\u00f6rperpflege zu erleichtern. Sein dezentes Design f\u00fcgt sich perfekt in jedes barrierefrei eingerichtete Badezimmer ein. <\/p>\n<p><strong>Bestellen Sie den drehbaren Badesitz Mercury \u2013 schnelle Lieferung in der Schweiz!<\/strong><\/p>\n","protected":false},"excerpt":{"rendered":"<h2>Spezifikationen<\/h2>\n<ul>\n<li>Sitzma\u00dfe: 40 \u00d7 33 cm<\/li>\n<li>H\u00f6he der R\u00fcckenlehne: 30 cm<\/li>\n<li>Gesamttiefe: 55 cm<\/li>\n<li>Gesamtbreite: 69 bis 79 cm<\/li>\n<li>Gewicht: 6,6 kg<\/li>\n<li>Max. Benutzergewicht: 100 kg <\/li>\n<li>Farbe: Lavendelblau<\/li>\n<\/ul>\n<h3><span style=\"color: #e2001a;\"><strong><span style=\"text-decoration: underline;\">NUR<\/span> zur Miete verf\u00fcgbar: 35.\u2013 CHF\/Monat<\/strong><\/span><\/h3>\n","protected":false},"featured_media":31361,"comment_status":"closed","ping_status":"closed","template":"","meta":{"_et_pb_use_builder":"","_et_pb_old_content":"","_et_gb_content_width":"","inline_featured_image":false},"product_brand":[],"product_cat":[1211,1239],"product_tag":[],"class_list":{"0":"post-33873","1":"product","2":"type-product","3":"status-publish","4":"has-post-thumbnail","6":"product_cat-1-bad-dusche-wc","7":"product_cat-badewannensitz","8":"product_shipping_class-b","10":"first","11":"instock","12":"taxable","13":"shipping-taxable","14":"product-type-external"},"yoast_head":"<!-- This site is optimized with the Yoast SEO Premium plugin v27.2 (Yoast SEO v27.5) - https:\/\/yoast.com\/product\/yoast-seo-premium-wordpress\/ -->\n<title>Drehbarer Badesitz Mercury: Selbstst\u00e4ndigkeit und Komfort<\/title>\n<meta name=\"description\" content=\"Der drehbare Badesitz Mercury erm\u00f6glicht dank seiner drehbaren Sitzfl\u00e4che einen einfachen Einstieg. Optimaler Komfort und Sicherheit \u2013 sichern Sie sich Ihren! \ud83d\udebf\" \/>\n<meta name=\"robots\" content=\"index, follow, max-snippet:-1, max-image-preview:large, max-video-preview:-1\" \/>\n<link rel=\"canonical\" href=\"https:\/\/aazsolutions.ch\/de\/produit\/drehbarer-badesitz-mercury\/\" \/>\n<meta property=\"og:locale\" content=\"de_DE\" \/>\n<meta property=\"og:type\" content=\"article\" \/>\n<meta property=\"og:title\" content=\"Drehbarer Badesitz Mercury\" \/>\n<meta property=\"og:description\" content=\"Der drehbare Badesitz Mercury erm\u00f6glicht dank seiner drehbaren Sitzfl\u00e4che einen einfachen Einstieg. Optimaler Komfort und Sicherheit \u2013 sichern Sie sich Ihren! \ud83d\udebf\" \/>\n<meta property=\"og:url\" content=\"https:\/\/aazsolutions.ch\/de\/produit\/drehbarer-badesitz-mercury\/\" \/>\n<meta property=\"og:site_name\" content=\"A\u00e0Zsolutions.ch\" \/>\n<meta property=\"article:publisher\" content=\"https:\/\/www.facebook.com\/aazsolutions.ch\/\" \/>\n<meta property=\"og:image\" content=\"https:\/\/aazsolutions.ch\/wp-content\/uploads\/2025\/03\/10010-1.jpg\" \/>\n\t<meta property=\"og:image:width\" content=\"1120\" \/>\n\t<meta property=\"og:image:height\" content=\"1120\" \/>\n\t<meta property=\"og:image:type\" content=\"image\/jpeg\" \/>\n<meta name=\"twitter:card\" content=\"summary_large_image\" \/>\n<meta name=\"twitter:label1\" content=\"Preis\" \/>\n\t<meta name=\"twitter:data1\" content=\"35.00&nbsp;&#067;&#072;&#070; TVA incluse\" \/>\n\t<meta name=\"twitter:label2\" content=\"Verf\u00fcgbarkeit\" \/>\n\t<meta name=\"twitter:data2\" content=\"Auf Lager\" \/>\n<script type=\"application\/ld+json\" class=\"yoast-schema-graph\">{\"@context\":\"https:\\\/\\\/schema.org\",\"@graph\":[{\"@type\":\"WebPage\",\"@id\":\"https:\\\/\\\/aazsolutions.ch\\\/de\\\/produit\\\/drehbarer-badesitz-mercury\\\/\",\"url\":\"https:\\\/\\\/aazsolutions.ch\\\/de\\\/produit\\\/drehbarer-badesitz-mercury\\\/\",\"name\":\"Drehbarer Badesitz Mercury: Selbstst\u00e4ndigkeit und Komfort\",\"isPartOf\":{\"@id\":\"https:\\\/\\\/aazsolutions.ch\\\/de\\\/#website\"},\"primaryImageOfPage\":{\"@id\":\"https:\\\/\\\/aazsolutions.ch\\\/de\\\/produit\\\/drehbarer-badesitz-mercury\\\/#primaryimage\"},\"image\":{\"@id\":\"https:\\\/\\\/aazsolutions.ch\\\/de\\\/produit\\\/drehbarer-badesitz-mercury\\\/#primaryimage\"},\"thumbnailUrl\":\"https:\\\/\\\/aazsolutions.ch\\\/wp-content\\\/uploads\\\/2025\\\/03\\\/10010-1.jpg\",\"datePublished\":\"2018-12-31T23:00:00+00:00\",\"description\":\"Der drehbare Badesitz Mercury erm\u00f6glicht dank seiner drehbaren Sitzfl\u00e4che einen einfachen Einstieg. Optimaler Komfort und Sicherheit \u2013 sichern Sie sich Ihren! \ud83d\udebf\",\"breadcrumb\":{\"@id\":\"https:\\\/\\\/aazsolutions.ch\\\/de\\\/produit\\\/drehbarer-badesitz-mercury\\\/#breadcrumb\"},\"inLanguage\":\"de\",\"potentialAction\":[{\"@type\":\"ReadAction\",\"target\":[\"https:\\\/\\\/aazsolutions.ch\\\/de\\\/produit\\\/drehbarer-badesitz-mercury\\\/\"]}]},{\"@type\":\"ImageObject\",\"inLanguage\":\"de\",\"@id\":\"https:\\\/\\\/aazsolutions.ch\\\/de\\\/produit\\\/drehbarer-badesitz-mercury\\\/#primaryimage\",\"url\":\"https:\\\/\\\/aazsolutions.ch\\\/wp-content\\\/uploads\\\/2025\\\/03\\\/10010-1.jpg\",\"contentUrl\":\"https:\\\/\\\/aazsolutions.ch\\\/wp-content\\\/uploads\\\/2025\\\/03\\\/10010-1.jpg\",\"width\":1120,\"height\":1120},{\"@type\":\"BreadcrumbList\",\"@id\":\"https:\\\/\\\/aazsolutions.ch\\\/de\\\/produit\\\/drehbarer-badesitz-mercury\\\/#breadcrumb\",\"itemListElement\":[{\"@type\":\"ListItem\",\"position\":1,\"name\":\"Accueil\",\"item\":\"https:\\\/\\\/aazsolutions.ch\\\/de\\\/\"},{\"@type\":\"ListItem\",\"position\":2,\"name\":\"Shop\",\"item\":\"https:\\\/\\\/aazsolutions.ch\\\/de\\\/shop\\\/\"},{\"@type\":\"ListItem\",\"position\":3,\"name\":\"Drehbarer Badesitz Mercury\"}]},{\"@type\":\"WebSite\",\"@id\":\"https:\\\/\\\/aazsolutions.ch\\\/de\\\/#website\",\"url\":\"https:\\\/\\\/aazsolutions.ch\\\/de\\\/\",\"name\":\"A\u00e0Zsolutions.ch\",\"description\":\"Des solutions adapt\u00e9es \u00e0 chaque difficult\u00e9!\",\"publisher\":{\"@id\":\"https:\\\/\\\/aazsolutions.ch\\\/de\\\/#organization\"},\"potentialAction\":[{\"@type\":\"SearchAction\",\"target\":{\"@type\":\"EntryPoint\",\"urlTemplate\":\"https:\\\/\\\/aazsolutions.ch\\\/de\\\/?s={search_term_string}\"},\"query-input\":{\"@type\":\"PropertyValueSpecification\",\"valueRequired\":true,\"valueName\":\"search_term_string\"}}],\"inLanguage\":\"de\"},{\"@type\":\"Organization\",\"@id\":\"https:\\\/\\\/aazsolutions.ch\\\/de\\\/#organization\",\"name\":\"A\u00e0Zsolutions SARL\",\"url\":\"https:\\\/\\\/aazsolutions.ch\\\/de\\\/\",\"logo\":{\"@type\":\"ImageObject\",\"inLanguage\":\"de\",\"@id\":\"https:\\\/\\\/aazsolutions.ch\\\/de\\\/#\\\/schema\\\/logo\\\/image\\\/\",\"url\":\"https:\\\/\\\/aazsolutions.ch\\\/wp-content\\\/uploads\\\/2016\\\/04\\\/AAZ_Logo_Solutions.jpg\",\"contentUrl\":\"https:\\\/\\\/aazsolutions.ch\\\/wp-content\\\/uploads\\\/2016\\\/04\\\/AAZ_Logo_Solutions.jpg\",\"width\":1500,\"height\":481,\"caption\":\"A\u00e0Zsolutions SARL\"},\"image\":{\"@id\":\"https:\\\/\\\/aazsolutions.ch\\\/de\\\/#\\\/schema\\\/logo\\\/image\\\/\"},\"sameAs\":[\"https:\\\/\\\/www.facebook.com\\\/aazsolutions.ch\\\/\",\"https:\\\/\\\/www.linkedin.com\\\/showcase\\\/aazsolutions\\\/\"]}]}<\/script>\n<meta property=\"product:price:amount\" content=\"35.00\" \/>\n<meta property=\"product:price:currency\" content=\"CHF\" \/>\n<meta property=\"og:availability\" content=\"instock\" \/>\n<meta property=\"product:availability\" content=\"instock\" \/>\n<meta property=\"product:retailer_item_id\" content=\"10010\" \/>\n<meta property=\"product:condition\" content=\"new\" \/>\n<!-- \/ Yoast SEO Premium plugin. -->","yoast_head_json":{"title":"Drehbarer Badesitz Mercury: Selbstst\u00e4ndigkeit und Komfort","description":"Der drehbare Badesitz Mercury erm\u00f6glicht dank seiner drehbaren Sitzfl\u00e4che einen einfachen Einstieg. Optimaler Komfort und Sicherheit \u2013 sichern Sie sich Ihren! \ud83d\udebf","robots":{"index":"index","follow":"follow","max-snippet":"max-snippet:-1","max-image-preview":"max-image-preview:large","max-video-preview":"max-video-preview:-1"},"canonical":"https:\/\/aazsolutions.ch\/de\/produit\/drehbarer-badesitz-mercury\/","og_locale":"de_DE","og_type":"article","og_title":"Drehbarer Badesitz Mercury","og_description":"Der drehbare Badesitz Mercury erm\u00f6glicht dank seiner drehbaren Sitzfl\u00e4che einen einfachen Einstieg. Optimaler Komfort und Sicherheit \u2013 sichern Sie sich Ihren! \ud83d\udebf","og_url":"https:\/\/aazsolutions.ch\/de\/produit\/drehbarer-badesitz-mercury\/","og_site_name":"A\u00e0Zsolutions.ch","article_publisher":"https:\/\/www.facebook.com\/aazsolutions.ch\/","og_image":[{"width":1120,"height":1120,"url":"https:\/\/aazsolutions.ch\/wp-content\/uploads\/2025\/03\/10010-1.jpg","type":"image\/jpeg"}],"twitter_card":"summary_large_image","twitter_misc":{"Preis":"35.00&nbsp;&#67;&#72;&#70; TVA incluse","Verf\u00fcgbarkeit":"Auf Lager"},"schema":{"@context":"https:\/\/schema.org","@graph":[{"@type":"WebPage","@id":"https:\/\/aazsolutions.ch\/de\/produit\/drehbarer-badesitz-mercury\/","url":"https:\/\/aazsolutions.ch\/de\/produit\/drehbarer-badesitz-mercury\/","name":"Drehbarer Badesitz Mercury: Selbstst\u00e4ndigkeit und Komfort","isPartOf":{"@id":"https:\/\/aazsolutions.ch\/de\/#website"},"primaryImageOfPage":{"@id":"https:\/\/aazsolutions.ch\/de\/produit\/drehbarer-badesitz-mercury\/#primaryimage"},"image":{"@id":"https:\/\/aazsolutions.ch\/de\/produit\/drehbarer-badesitz-mercury\/#primaryimage"},"thumbnailUrl":"https:\/\/aazsolutions.ch\/wp-content\/uploads\/2025\/03\/10010-1.jpg","datePublished":"2018-12-31T23:00:00+00:00","description":"Der drehbare Badesitz Mercury erm\u00f6glicht dank seiner drehbaren Sitzfl\u00e4che einen einfachen Einstieg. Optimaler Komfort und Sicherheit \u2013 sichern Sie sich Ihren! \ud83d\udebf","breadcrumb":{"@id":"https:\/\/aazsolutions.ch\/de\/produit\/drehbarer-badesitz-mercury\/#breadcrumb"},"inLanguage":"de","potentialAction":[{"@type":"ReadAction","target":["https:\/\/aazsolutions.ch\/de\/produit\/drehbarer-badesitz-mercury\/"]}]},{"@type":"ImageObject","inLanguage":"de","@id":"https:\/\/aazsolutions.ch\/de\/produit\/drehbarer-badesitz-mercury\/#primaryimage","url":"https:\/\/aazsolutions.ch\/wp-content\/uploads\/2025\/03\/10010-1.jpg","contentUrl":"https:\/\/aazsolutions.ch\/wp-content\/uploads\/2025\/03\/10010-1.jpg","width":1120,"height":1120},{"@type":"BreadcrumbList","@id":"https:\/\/aazsolutions.ch\/de\/produit\/drehbarer-badesitz-mercury\/#breadcrumb","itemListElement":[{"@type":"ListItem","position":1,"name":"Accueil","item":"https:\/\/aazsolutions.ch\/de\/"},{"@type":"ListItem","position":2,"name":"Shop","item":"https:\/\/aazsolutions.ch\/de\/shop\/"},{"@type":"ListItem","position":3,"name":"Drehbarer Badesitz Mercury"}]},{"@type":"WebSite","@id":"https:\/\/aazsolutions.ch\/de\/#website","url":"https:\/\/aazsolutions.ch\/de\/","name":"A\u00e0Zsolutions.ch","description":"Des solutions adapt\u00e9es \u00e0 chaque difficult\u00e9!","publisher":{"@id":"https:\/\/aazsolutions.ch\/de\/#organization"},"potentialAction":[{"@type":"SearchAction","target":{"@type":"EntryPoint","urlTemplate":"https:\/\/aazsolutions.ch\/de\/?s={search_term_string}"},"query-input":{"@type":"PropertyValueSpecification","valueRequired":true,"valueName":"search_term_string"}}],"inLanguage":"de"},{"@type":"Organization","@id":"https:\/\/aazsolutions.ch\/de\/#organization","name":"A\u00e0Zsolutions SARL","url":"https:\/\/aazsolutions.ch\/de\/","logo":{"@type":"ImageObject","inLanguage":"de","@id":"https:\/\/aazsolutions.ch\/de\/#\/schema\/logo\/image\/","url":"https:\/\/aazsolutions.ch\/wp-content\/uploads\/2016\/04\/AAZ_Logo_Solutions.jpg","contentUrl":"https:\/\/aazsolutions.ch\/wp-content\/uploads\/2016\/04\/AAZ_Logo_Solutions.jpg","width":1500,"height":481,"caption":"A\u00e0Zsolutions SARL"},"image":{"@id":"https:\/\/aazsolutions.ch\/de\/#\/schema\/logo\/image\/"},"sameAs":["https:\/\/www.facebook.com\/aazsolutions.ch\/","https:\/\/www.linkedin.com\/showcase\/aazsolutions\/"]}]},"product_price_amount":"35.00","product_price_currency":"CHF","og_availability":"instock","product_availability":"instock","product_retailer_item_id":"10010","product_condition":"new"},"_links":{"self":[{"href":"https:\/\/aazsolutions.ch\/de\/wp-json\/wp\/v2\/product\/33873","targetHints":{"allow":["GET"]}}],"collection":[{"href":"https:\/\/aazsolutions.ch\/de\/wp-json\/wp\/v2\/product"}],"about":[{"href":"https:\/\/aazsolutions.ch\/de\/wp-json\/wp\/v2\/types\/product"}],"replies":[{"embeddable":true,"href":"https:\/\/aazsolutions.ch\/de\/wp-json\/wp\/v2\/comments?post=33873"}],"wp:featuredmedia":[{"embeddable":true,"href":"https:\/\/aazsolutions.ch\/de\/wp-json\/wp\/v2\/media\/31361"}],"wp:attachment":[{"href":"https:\/\/aazsolutions.ch\/de\/wp-json\/wp\/v2\/media?parent=33873"}],"wp:term":[{"taxonomy":"product_brand","embeddable":true,"href":"https:\/\/aazsolutions.ch\/de\/wp-json\/wp\/v2\/product_brand?post=33873"},{"taxonomy":"product_cat","embeddable":true,"href":"https:\/\/aazsolutions.ch\/de\/wp-json\/wp\/v2\/product_cat?post=33873"},{"taxonomy":"product_tag","embeddable":true,"href":"https:\/\/aazsolutions.ch\/de\/wp-json\/wp\/v2\/product_tag?post=33873"}],"curies":[{"name":"wp","href":"https:\/\/api.w.org\/{rel}","templated":true}]}}