{"id":33879,"date":"2019-01-01T00:00:00","date_gmt":"2018-12-31T23:00:00","guid":{"rendered":"https:\/\/aazsolutions.ch\/produit\/moebelerhoeher-4er-set\/"},"modified":"2019-01-01T00:00:00","modified_gmt":"2018-12-31T23:00:00","slug":"moebelerhoeher-4er-set","status":"publish","type":"product","link":"https:\/\/aazsolutions.ch\/de\/produit\/moebelerhoeher-4er-set\/","title":{"rendered":"M\u00f6belerh\u00f6her (4er-Set)"},"content":{"rendered":"<h2>M\u00f6belerh\u00f6her (Set) \u2013 Vielseitig und Sicher<\/h2>\n<p>Der <strong>M\u00f6belerh\u00f6her (4er-Set)<\/strong> passt sich sowohl an F\u00fcsse als auch an Rollen Ihrer M\u00f6bel an. Er wird unter jeden Fuss geschoben, ohne ihn zu besch\u00e4digen, und bietet erh\u00f6hte Stabilit\u00e4t und mehr Sicherheit f\u00fcr den Benutzer. <\/p>\n<h3>\u2705 Hauptmerkmale:<\/h3>\n<ul>\n<li><strong>4er-Set Keile<\/strong>: Zum Erh\u00f6hen jeder Ecke des M\u00f6bels.<\/li>\n<li><strong>Vielseitig<\/strong>: Kompatibel mit F\u00fcssen und Rollen.<\/li>\n<li><strong>Drei Durchmesser<\/strong>: L\u00f6cher mit \u00d832, \u00d845 und \u00d858 mm je nach Fussgr\u00f6sse.<\/li>\n<li><strong>Einfache Montage<\/strong>: Unter den Fuss schieben, ohne Werkzeug oder Besch\u00e4digung.<\/li>\n<li><strong>Verst\u00e4rkte Stabilit\u00e4t<\/strong>: Fester Halt; M\u00f6bel nach Montage nicht mehr verschieben.<\/li>\n<\/ul>\n<p>Diese Keile sind f\u00fcr jeden Wohnraum geeignet und bieten sicheren Halt f\u00fcr Ihre Sofas, Betten, Kommoden oder jedes M\u00f6belst\u00fcck mit Rollen. Sie sorgen f\u00fcr eine stabile und beruhigende Basis im Alltag. <\/p>\n<h3>Bestellen Sie jetzt Ihren <strong>M\u00f6belerh\u00f6her (4er-Set)<\/strong>, um die Sicherheit und Stabilit\u00e4t Ihrer M\u00f6bel zu verbessern!<\/h3>\n","protected":false},"excerpt":{"rendered":"<h2>Spezifikationen<\/h2>\n<ul>\n<li>H\u00f6hen: Variabel 7,5 \/ 10 \/ 12,5 cm<\/li>\n<li>Mindestdurchmesser: 1,9 cm<\/li>\n<li>Max. Gewicht: 500 kg<\/li>\n<li>\u00d8 M\u00f6belf\u00fcsse: Je nach Modell<\/li>\n<\/ul>\n","protected":false},"featured_media":31810,"comment_status":"closed","ping_status":"closed","template":"","meta":{"_et_pb_use_builder":"","_et_pb_old_content":"","_et_gb_content_width":"","inline_featured_image":false},"product_brand":[],"product_cat":[1227,1251],"product_tag":[],"class_list":{"0":"post-33879","1":"product","2":"type-product","3":"status-publish","4":"has-post-thumbnail","6":"product_cat-3-ruhe","7":"product_cat-mobelerhoher","8":"product_shipping_class-a","9":"pa_option-o20-38-mm","10":"pa_option-o30-50-mm","11":"pa_option-o40-60-mm","13":"first","14":"instock","15":"taxable","16":"shipping-taxable","17":"purchasable","18":"product-type-variable"},"yoast_head":"<!-- This site is optimized with the Yoast SEO Premium plugin v27.2 (Yoast SEO v27.5) - https:\/\/yoast.com\/product\/yoast-seo-premium-wordpress\/ -->\n<title>M\u00f6belerh\u00f6her (4er-Set) \u2013 Vielseitig und Sicher<\/title>\n<meta name=\"description\" content=\"M\u00f6belerh\u00f6her (4er-Set) f\u00fcr F\u00fcsse oder Rollen. Drei Durchmesser verf\u00fcgbar. Montage ohne Besch\u00e4digung, verst\u00e4rkte Stabilit\u00e4t.\" \/>\n<meta name=\"robots\" content=\"index, follow, max-snippet:-1, max-image-preview:large, max-video-preview:-1\" \/>\n<link rel=\"canonical\" href=\"https:\/\/aazsolutions.ch\/de\/produit\/moebelerhoeher-4er-set\/\" \/>\n<meta property=\"og:locale\" content=\"de_DE\" \/>\n<meta property=\"og:type\" content=\"article\" \/>\n<meta property=\"og:title\" content=\"M\u00f6belerh\u00f6her (4er-Set)\" \/>\n<meta property=\"og:description\" content=\"M\u00f6belerh\u00f6her (4er-Set) f\u00fcr F\u00fcsse oder Rollen. Drei Durchmesser verf\u00fcgbar. Montage ohne Besch\u00e4digung, verst\u00e4rkte Stabilit\u00e4t.\" \/>\n<meta property=\"og:url\" content=\"https:\/\/aazsolutions.ch\/de\/produit\/moebelerhoeher-4er-set\/\" \/>\n<meta property=\"og:site_name\" content=\"A\u00e0Zsolutions.ch\" \/>\n<meta property=\"article:publisher\" content=\"https:\/\/www.facebook.com\/aazsolutions.ch\/\" \/>\n<meta property=\"og:image\" content=\"https:\/\/aazsolutions.ch\/wp-content\/uploads\/2025\/03\/30047.jpg\" \/>\n\t<meta property=\"og:image:width\" content=\"1120\" \/>\n\t<meta property=\"og:image:height\" content=\"1120\" \/>\n\t<meta property=\"og:image:type\" content=\"image\/jpeg\" \/>\n<meta name=\"twitter:card\" content=\"summary_large_image\" \/>\n<meta name=\"twitter:label1\" content=\"Verf\u00fcgbarkeit\" \/>\n\t<meta name=\"twitter:data1\" content=\"Auf Lager\" \/>\n<script type=\"application\/ld+json\" class=\"yoast-schema-graph\">{\"@context\":\"https:\\\/\\\/schema.org\",\"@graph\":[{\"@type\":\"WebPage\",\"@id\":\"https:\\\/\\\/aazsolutions.ch\\\/de\\\/produit\\\/moebelerhoeher-4er-set\\\/\",\"url\":\"https:\\\/\\\/aazsolutions.ch\\\/de\\\/produit\\\/moebelerhoeher-4er-set\\\/\",\"name\":\"M\u00f6belerh\u00f6her (4er-Set) \u2013 Vielseitig und Sicher\",\"isPartOf\":{\"@id\":\"https:\\\/\\\/aazsolutions.ch\\\/de\\\/#website\"},\"primaryImageOfPage\":{\"@id\":\"https:\\\/\\\/aazsolutions.ch\\\/de\\\/produit\\\/moebelerhoeher-4er-set\\\/#primaryimage\"},\"image\":{\"@id\":\"https:\\\/\\\/aazsolutions.ch\\\/de\\\/produit\\\/moebelerhoeher-4er-set\\\/#primaryimage\"},\"thumbnailUrl\":\"https:\\\/\\\/aazsolutions.ch\\\/wp-content\\\/uploads\\\/2025\\\/03\\\/30047.jpg\",\"datePublished\":\"2018-12-31T23:00:00+00:00\",\"description\":\"M\u00f6belerh\u00f6her (4er-Set) f\u00fcr F\u00fcsse oder Rollen. Drei Durchmesser verf\u00fcgbar. Montage ohne Besch\u00e4digung, verst\u00e4rkte Stabilit\u00e4t.\",\"breadcrumb\":{\"@id\":\"https:\\\/\\\/aazsolutions.ch\\\/de\\\/produit\\\/moebelerhoeher-4er-set\\\/#breadcrumb\"},\"inLanguage\":\"de\",\"potentialAction\":[{\"@type\":\"ReadAction\",\"target\":[\"https:\\\/\\\/aazsolutions.ch\\\/de\\\/produit\\\/moebelerhoeher-4er-set\\\/\"]}]},{\"@type\":\"ImageObject\",\"inLanguage\":\"de\",\"@id\":\"https:\\\/\\\/aazsolutions.ch\\\/de\\\/produit\\\/moebelerhoeher-4er-set\\\/#primaryimage\",\"url\":\"https:\\\/\\\/aazsolutions.ch\\\/wp-content\\\/uploads\\\/2025\\\/03\\\/30047.jpg\",\"contentUrl\":\"https:\\\/\\\/aazsolutions.ch\\\/wp-content\\\/uploads\\\/2025\\\/03\\\/30047.jpg\",\"width\":1120,\"height\":1120,\"caption\":\"Releveur de meuble (Kit 4 pi\u00e8ces) pour pieds ou roulettes. Trois diam\u00e8tres disponibles. Installation sans dommage, stabilit\u00e9 renforc\u00e9e. Ne pas d\u00e9placer apr\u00e8s pose.\"},{\"@type\":\"BreadcrumbList\",\"@id\":\"https:\\\/\\\/aazsolutions.ch\\\/de\\\/produit\\\/moebelerhoeher-4er-set\\\/#breadcrumb\",\"itemListElement\":[{\"@type\":\"ListItem\",\"position\":1,\"name\":\"Accueil\",\"item\":\"https:\\\/\\\/aazsolutions.ch\\\/de\\\/\"},{\"@type\":\"ListItem\",\"position\":2,\"name\":\"Shop\",\"item\":\"https:\\\/\\\/aazsolutions.ch\\\/de\\\/shop\\\/\"},{\"@type\":\"ListItem\",\"position\":3,\"name\":\"M\u00f6belerh\u00f6her (4er-Set)\"}]},{\"@type\":\"WebSite\",\"@id\":\"https:\\\/\\\/aazsolutions.ch\\\/de\\\/#website\",\"url\":\"https:\\\/\\\/aazsolutions.ch\\\/de\\\/\",\"name\":\"A\u00e0Zsolutions.ch\",\"description\":\"Des solutions adapt\u00e9es \u00e0 chaque difficult\u00e9!\",\"publisher\":{\"@id\":\"https:\\\/\\\/aazsolutions.ch\\\/de\\\/#organization\"},\"potentialAction\":[{\"@type\":\"SearchAction\",\"target\":{\"@type\":\"EntryPoint\",\"urlTemplate\":\"https:\\\/\\\/aazsolutions.ch\\\/de\\\/?s={search_term_string}\"},\"query-input\":{\"@type\":\"PropertyValueSpecification\",\"valueRequired\":true,\"valueName\":\"search_term_string\"}}],\"inLanguage\":\"de\"},{\"@type\":\"Organization\",\"@id\":\"https:\\\/\\\/aazsolutions.ch\\\/de\\\/#organization\",\"name\":\"A\u00e0Zsolutions SARL\",\"url\":\"https:\\\/\\\/aazsolutions.ch\\\/de\\\/\",\"logo\":{\"@type\":\"ImageObject\",\"inLanguage\":\"de\",\"@id\":\"https:\\\/\\\/aazsolutions.ch\\\/de\\\/#\\\/schema\\\/logo\\\/image\\\/\",\"url\":\"https:\\\/\\\/aazsolutions.ch\\\/wp-content\\\/uploads\\\/2016\\\/04\\\/AAZ_Logo_Solutions.jpg\",\"contentUrl\":\"https:\\\/\\\/aazsolutions.ch\\\/wp-content\\\/uploads\\\/2016\\\/04\\\/AAZ_Logo_Solutions.jpg\",\"width\":1500,\"height\":481,\"caption\":\"A\u00e0Zsolutions SARL\"},\"image\":{\"@id\":\"https:\\\/\\\/aazsolutions.ch\\\/de\\\/#\\\/schema\\\/logo\\\/image\\\/\"},\"sameAs\":[\"https:\\\/\\\/www.facebook.com\\\/aazsolutions.ch\\\/\",\"https:\\\/\\\/www.linkedin.com\\\/showcase\\\/aazsolutions\\\/\"]}]}<\/script>\n<meta property=\"og:availability\" content=\"instock\" \/>\n<meta property=\"product:availability\" content=\"instock\" \/>\n<meta property=\"product:retailer_item_id\" content=\"30047\" \/>\n<meta property=\"product:condition\" content=\"new\" \/>\n<!-- \/ Yoast SEO Premium plugin. -->","yoast_head_json":{"title":"M\u00f6belerh\u00f6her (4er-Set) \u2013 Vielseitig und Sicher","description":"M\u00f6belerh\u00f6her (4er-Set) f\u00fcr F\u00fcsse oder Rollen. Drei Durchmesser verf\u00fcgbar. Montage ohne Besch\u00e4digung, verst\u00e4rkte Stabilit\u00e4t.","robots":{"index":"index","follow":"follow","max-snippet":"max-snippet:-1","max-image-preview":"max-image-preview:large","max-video-preview":"max-video-preview:-1"},"canonical":"https:\/\/aazsolutions.ch\/de\/produit\/moebelerhoeher-4er-set\/","og_locale":"de_DE","og_type":"article","og_title":"M\u00f6belerh\u00f6her (4er-Set)","og_description":"M\u00f6belerh\u00f6her (4er-Set) f\u00fcr F\u00fcsse oder Rollen. Drei Durchmesser verf\u00fcgbar. Montage ohne Besch\u00e4digung, verst\u00e4rkte Stabilit\u00e4t.","og_url":"https:\/\/aazsolutions.ch\/de\/produit\/moebelerhoeher-4er-set\/","og_site_name":"A\u00e0Zsolutions.ch","article_publisher":"https:\/\/www.facebook.com\/aazsolutions.ch\/","og_image":[{"width":1120,"height":1120,"url":"https:\/\/aazsolutions.ch\/wp-content\/uploads\/2025\/03\/30047.jpg","type":"image\/jpeg"}],"twitter_card":"summary_large_image","twitter_misc":{"Verf\u00fcgbarkeit":"Auf Lager"},"schema":{"@context":"https:\/\/schema.org","@graph":[{"@type":"WebPage","@id":"https:\/\/aazsolutions.ch\/de\/produit\/moebelerhoeher-4er-set\/","url":"https:\/\/aazsolutions.ch\/de\/produit\/moebelerhoeher-4er-set\/","name":"M\u00f6belerh\u00f6her (4er-Set) \u2013 Vielseitig und Sicher","isPartOf":{"@id":"https:\/\/aazsolutions.ch\/de\/#website"},"primaryImageOfPage":{"@id":"https:\/\/aazsolutions.ch\/de\/produit\/moebelerhoeher-4er-set\/#primaryimage"},"image":{"@id":"https:\/\/aazsolutions.ch\/de\/produit\/moebelerhoeher-4er-set\/#primaryimage"},"thumbnailUrl":"https:\/\/aazsolutions.ch\/wp-content\/uploads\/2025\/03\/30047.jpg","datePublished":"2018-12-31T23:00:00+00:00","description":"M\u00f6belerh\u00f6her (4er-Set) f\u00fcr F\u00fcsse oder Rollen. Drei Durchmesser verf\u00fcgbar. Montage ohne Besch\u00e4digung, verst\u00e4rkte Stabilit\u00e4t.","breadcrumb":{"@id":"https:\/\/aazsolutions.ch\/de\/produit\/moebelerhoeher-4er-set\/#breadcrumb"},"inLanguage":"de","potentialAction":[{"@type":"ReadAction","target":["https:\/\/aazsolutions.ch\/de\/produit\/moebelerhoeher-4er-set\/"]}]},{"@type":"ImageObject","inLanguage":"de","@id":"https:\/\/aazsolutions.ch\/de\/produit\/moebelerhoeher-4er-set\/#primaryimage","url":"https:\/\/aazsolutions.ch\/wp-content\/uploads\/2025\/03\/30047.jpg","contentUrl":"https:\/\/aazsolutions.ch\/wp-content\/uploads\/2025\/03\/30047.jpg","width":1120,"height":1120,"caption":"Releveur de meuble (Kit 4 pi\u00e8ces) pour pieds ou roulettes. Trois diam\u00e8tres disponibles. Installation sans dommage, stabilit\u00e9 renforc\u00e9e. Ne pas d\u00e9placer apr\u00e8s pose."},{"@type":"BreadcrumbList","@id":"https:\/\/aazsolutions.ch\/de\/produit\/moebelerhoeher-4er-set\/#breadcrumb","itemListElement":[{"@type":"ListItem","position":1,"name":"Accueil","item":"https:\/\/aazsolutions.ch\/de\/"},{"@type":"ListItem","position":2,"name":"Shop","item":"https:\/\/aazsolutions.ch\/de\/shop\/"},{"@type":"ListItem","position":3,"name":"M\u00f6belerh\u00f6her (4er-Set)"}]},{"@type":"WebSite","@id":"https:\/\/aazsolutions.ch\/de\/#website","url":"https:\/\/aazsolutions.ch\/de\/","name":"A\u00e0Zsolutions.ch","description":"Des solutions adapt\u00e9es \u00e0 chaque difficult\u00e9!","publisher":{"@id":"https:\/\/aazsolutions.ch\/de\/#organization"},"potentialAction":[{"@type":"SearchAction","target":{"@type":"EntryPoint","urlTemplate":"https:\/\/aazsolutions.ch\/de\/?s={search_term_string}"},"query-input":{"@type":"PropertyValueSpecification","valueRequired":true,"valueName":"search_term_string"}}],"inLanguage":"de"},{"@type":"Organization","@id":"https:\/\/aazsolutions.ch\/de\/#organization","name":"A\u00e0Zsolutions SARL","url":"https:\/\/aazsolutions.ch\/de\/","logo":{"@type":"ImageObject","inLanguage":"de","@id":"https:\/\/aazsolutions.ch\/de\/#\/schema\/logo\/image\/","url":"https:\/\/aazsolutions.ch\/wp-content\/uploads\/2016\/04\/AAZ_Logo_Solutions.jpg","contentUrl":"https:\/\/aazsolutions.ch\/wp-content\/uploads\/2016\/04\/AAZ_Logo_Solutions.jpg","width":1500,"height":481,"caption":"A\u00e0Zsolutions SARL"},"image":{"@id":"https:\/\/aazsolutions.ch\/de\/#\/schema\/logo\/image\/"},"sameAs":["https:\/\/www.facebook.com\/aazsolutions.ch\/","https:\/\/www.linkedin.com\/showcase\/aazsolutions\/"]}]},"og_availability":"instock","product_availability":"instock","product_retailer_item_id":"30047","product_condition":"new"},"_links":{"self":[{"href":"https:\/\/aazsolutions.ch\/de\/wp-json\/wp\/v2\/product\/33879","targetHints":{"allow":["GET"]}}],"collection":[{"href":"https:\/\/aazsolutions.ch\/de\/wp-json\/wp\/v2\/product"}],"about":[{"href":"https:\/\/aazsolutions.ch\/de\/wp-json\/wp\/v2\/types\/product"}],"replies":[{"embeddable":true,"href":"https:\/\/aazsolutions.ch\/de\/wp-json\/wp\/v2\/comments?post=33879"}],"wp:featuredmedia":[{"embeddable":true,"href":"https:\/\/aazsolutions.ch\/de\/wp-json\/wp\/v2\/media\/31810"}],"wp:attachment":[{"href":"https:\/\/aazsolutions.ch\/de\/wp-json\/wp\/v2\/media?parent=33879"}],"wp:term":[{"taxonomy":"product_brand","embeddable":true,"href":"https:\/\/aazsolutions.ch\/de\/wp-json\/wp\/v2\/product_brand?post=33879"},{"taxonomy":"product_cat","embeddable":true,"href":"https:\/\/aazsolutions.ch\/de\/wp-json\/wp\/v2\/product_cat?post=33879"},{"taxonomy":"product_tag","embeddable":true,"href":"https:\/\/aazsolutions.ch\/de\/wp-json\/wp\/v2\/product_tag?post=33879"}],"curies":[{"name":"wp","href":"https:\/\/api.w.org\/{rel}","templated":true}]}}