{"id":33929,"date":"2019-01-01T00:00:00","date_gmt":"2018-12-31T23:00:00","guid":{"rendered":"https:\/\/aazsolutions.ch\/produit\/komfortgriff-mit-integriertem-magnet-mysleeve\/"},"modified":"2019-01-01T00:00:00","modified_gmt":"2018-12-31T23:00:00","slug":"komfortgriff-mit-integriertem-magnet-mysleeve","status":"publish","type":"product","link":"https:\/\/aazsolutions.ch\/de\/produit\/komfortgriff-mit-integriertem-magnet-mysleeve\/","title":{"rendered":"Komfortgriff mit integriertem Magnet MySleeve"},"content":{"rendered":"<h2>Komfortgriff mit integriertem Magnet MySleeve \u2013 Komfort und Praktikabilit\u00e4t f\u00fcr Ihre Unterarmgehst\u00fctzen<\/h2>\n<p>Der <strong>Komfortgriff mit integriertem Magnet MySleeve<\/strong> ist die ideale L\u00f6sung, um die Nutzung Ihrer Unterarmgehst\u00fctzen zu verbessern. Dank seiner Gelpolster verteilt er die Druckpunkte effektiv, bietet optimalen Komfort und reduziert Schmerzen beim Gehen. <\/p>\n<p>Diese einzigartige \u00dcberzugsh\u00fclle integriert Magnete, sodass sich beide Gehst\u00fctzen einfach miteinander verbinden lassen oder Sie eine davon aufnehmen k\u00f6nnen, ohne sich b\u00fccken zu m\u00fcssen \u2013 besonders praktisch f\u00fcr Personen mit eingeschr\u00e4nkter Mobilit\u00e4t.<\/p>\n<h3>\u2705 Vorteile des MySleeve-Griffs:<\/h3>\n<ul>\n<li>2 Gelpolster zur Reduktion von Druckpunkten<\/li>\n<li>Integrierter Magnet zum einfachen Verbinden der Gehst\u00fctzen oder zum Aufheben ohne B\u00fccken<\/li>\n<li>Einfache Montage auf den meisten Griffen von Unterarmgehst\u00fctzen<\/li>\n<li>Verbessert den Gehkomfort durch Schmerzlinderung<\/li>\n<li>F\u00fcr den t\u00e4glichen Gebrauch geeignet<\/li>\n<\/ul>\n<h3>Eine einfache L\u00f6sung f\u00fcr mehr Komfort<\/h3>\n<p>Der <strong>Komfortgriff mit integriertem Magnet<\/strong> bietet Ihnen mehr Praktikabilit\u00e4t und Komfort unterwegs. <strong>Bestellen Sie jetzt \u2013 schnelle Lieferung in der Schweiz.<\/strong><\/p>\n","protected":false},"excerpt":{"rendered":"<h2>Spezifikationen<\/h2>\n<ul>\n<li>Nutzungseinschr\u00e4nkung: nicht geeignet f\u00fcr Kinder unter 12 Jahren und Personen mit einem Herzschrittmacher<\/li>\n<li>Material: Silikon (latexfrei)<\/li>\n<li>Farbe: Schwarz<\/li>\n<\/ul>\n","protected":false},"featured_media":31732,"comment_status":"closed","ping_status":"closed","template":"","meta":{"_et_pb_use_builder":"","_et_pb_old_content":"","_et_gb_content_width":"","inline_featured_image":false},"product_brand":[],"product_cat":[1209,1232],"product_tag":[],"class_list":{"0":"post-33929","1":"product","2":"type-product","3":"status-publish","4":"has-post-thumbnail","6":"product_cat-2-mobilitat","7":"product_cat-zubehor-fur-gehstock","8":"product_shipping_class-a","10":"first","11":"instock","12":"taxable","13":"shipping-taxable","14":"purchasable","15":"product-type-simple"},"yoast_head":"<!-- This site is optimized with the Yoast SEO Premium plugin v27.2 (Yoast SEO v27.5) - https:\/\/yoast.com\/product\/yoast-seo-premium-wordpress\/ -->\n<title>Komfortgriff mit integriertem Magnet MySleeve \u2013 komfortabel<\/title>\n<meta name=\"description\" content=\"Komfortgriff mit integriertem Magnet MySleeve. Reduziert Schmerzen dank Gelpolstern und erm\u00f6glicht das einfache Zusammenbinden der Kr\u00fccken. Lieferung in der Schweiz.\" \/>\n<meta name=\"robots\" content=\"index, follow, max-snippet:-1, max-image-preview:large, max-video-preview:-1\" \/>\n<link rel=\"canonical\" href=\"https:\/\/aazsolutions.ch\/de\/produit\/komfortgriff-mit-integriertem-magnet-mysleeve\/\" \/>\n<meta property=\"og:locale\" content=\"de_DE\" \/>\n<meta property=\"og:type\" content=\"article\" \/>\n<meta property=\"og:title\" content=\"Komfortgriff mit integriertem Magnet MySleeve\" \/>\n<meta property=\"og:description\" content=\"Komfortgriff mit integriertem Magnet MySleeve. Reduziert Schmerzen dank Gelpolstern und erm\u00f6glicht das einfache Zusammenbinden der Kr\u00fccken. Lieferung in der Schweiz.\" \/>\n<meta property=\"og:url\" content=\"https:\/\/aazsolutions.ch\/de\/produit\/komfortgriff-mit-integriertem-magnet-mysleeve\/\" \/>\n<meta property=\"og:site_name\" content=\"A\u00e0Zsolutions.ch\" \/>\n<meta property=\"article:publisher\" content=\"https:\/\/www.facebook.com\/aazsolutions.ch\/\" \/>\n<meta property=\"og:image\" content=\"https:\/\/aazsolutions.ch\/wp-content\/uploads\/2025\/03\/20139-1.jpg\" \/>\n\t<meta property=\"og:image:width\" content=\"1120\" \/>\n\t<meta property=\"og:image:height\" content=\"1120\" \/>\n\t<meta property=\"og:image:type\" content=\"image\/jpeg\" \/>\n<meta name=\"twitter:card\" content=\"summary_large_image\" \/>\n<meta name=\"twitter:label1\" content=\"Preis\" \/>\n\t<meta name=\"twitter:data1\" content=\"60.00&nbsp;&#067;&#072;&#070; TVA incluse\" \/>\n\t<meta name=\"twitter:label2\" content=\"Verf\u00fcgbarkeit\" \/>\n\t<meta name=\"twitter:data2\" content=\"Auf Lager\" \/>\n<script type=\"application\/ld+json\" class=\"yoast-schema-graph\">{\"@context\":\"https:\\\/\\\/schema.org\",\"@graph\":[{\"@type\":\"WebPage\",\"@id\":\"https:\\\/\\\/aazsolutions.ch\\\/de\\\/produit\\\/komfortgriff-mit-integriertem-magnet-mysleeve\\\/\",\"url\":\"https:\\\/\\\/aazsolutions.ch\\\/de\\\/produit\\\/komfortgriff-mit-integriertem-magnet-mysleeve\\\/\",\"name\":\"Komfortgriff mit integriertem Magnet MySleeve \u2013 komfortabel\",\"isPartOf\":{\"@id\":\"https:\\\/\\\/aazsolutions.ch\\\/de\\\/#website\"},\"primaryImageOfPage\":{\"@id\":\"https:\\\/\\\/aazsolutions.ch\\\/de\\\/produit\\\/komfortgriff-mit-integriertem-magnet-mysleeve\\\/#primaryimage\"},\"image\":{\"@id\":\"https:\\\/\\\/aazsolutions.ch\\\/de\\\/produit\\\/komfortgriff-mit-integriertem-magnet-mysleeve\\\/#primaryimage\"},\"thumbnailUrl\":\"https:\\\/\\\/aazsolutions.ch\\\/wp-content\\\/uploads\\\/2025\\\/03\\\/20139-1.jpg\",\"datePublished\":\"2018-12-31T23:00:00+00:00\",\"description\":\"Komfortgriff mit integriertem Magnet MySleeve. Reduziert Schmerzen dank Gelpolstern und erm\u00f6glicht das einfache Zusammenbinden der Kr\u00fccken. Lieferung in der Schweiz.\",\"breadcrumb\":{\"@id\":\"https:\\\/\\\/aazsolutions.ch\\\/de\\\/produit\\\/komfortgriff-mit-integriertem-magnet-mysleeve\\\/#breadcrumb\"},\"inLanguage\":\"de\",\"potentialAction\":[{\"@type\":\"ReadAction\",\"target\":[\"https:\\\/\\\/aazsolutions.ch\\\/de\\\/produit\\\/komfortgriff-mit-integriertem-magnet-mysleeve\\\/\"]}]},{\"@type\":\"ImageObject\",\"inLanguage\":\"de\",\"@id\":\"https:\\\/\\\/aazsolutions.ch\\\/de\\\/produit\\\/komfortgriff-mit-integriertem-magnet-mysleeve\\\/#primaryimage\",\"url\":\"https:\\\/\\\/aazsolutions.ch\\\/wp-content\\\/uploads\\\/2025\\\/03\\\/20139-1.jpg\",\"contentUrl\":\"https:\\\/\\\/aazsolutions.ch\\\/wp-content\\\/uploads\\\/2025\\\/03\\\/20139-1.jpg\",\"width\":1120,\"height\":1120,\"caption\":\"Poign\u00e9e MySleeve avec aimant int\u00e9gr\u00e9 utilis\u00e9e pour lier des cannes anglaises\"},{\"@type\":\"BreadcrumbList\",\"@id\":\"https:\\\/\\\/aazsolutions.ch\\\/de\\\/produit\\\/komfortgriff-mit-integriertem-magnet-mysleeve\\\/#breadcrumb\",\"itemListElement\":[{\"@type\":\"ListItem\",\"position\":1,\"name\":\"Accueil\",\"item\":\"https:\\\/\\\/aazsolutions.ch\\\/de\\\/\"},{\"@type\":\"ListItem\",\"position\":2,\"name\":\"Shop\",\"item\":\"https:\\\/\\\/aazsolutions.ch\\\/de\\\/shop\\\/\"},{\"@type\":\"ListItem\",\"position\":3,\"name\":\"Komfortgriff mit integriertem Magnet MySleeve\"}]},{\"@type\":\"WebSite\",\"@id\":\"https:\\\/\\\/aazsolutions.ch\\\/de\\\/#website\",\"url\":\"https:\\\/\\\/aazsolutions.ch\\\/de\\\/\",\"name\":\"A\u00e0Zsolutions.ch\",\"description\":\"Des solutions adapt\u00e9es \u00e0 chaque difficult\u00e9!\",\"publisher\":{\"@id\":\"https:\\\/\\\/aazsolutions.ch\\\/de\\\/#organization\"},\"potentialAction\":[{\"@type\":\"SearchAction\",\"target\":{\"@type\":\"EntryPoint\",\"urlTemplate\":\"https:\\\/\\\/aazsolutions.ch\\\/de\\\/?s={search_term_string}\"},\"query-input\":{\"@type\":\"PropertyValueSpecification\",\"valueRequired\":true,\"valueName\":\"search_term_string\"}}],\"inLanguage\":\"de\"},{\"@type\":\"Organization\",\"@id\":\"https:\\\/\\\/aazsolutions.ch\\\/de\\\/#organization\",\"name\":\"A\u00e0Zsolutions SARL\",\"url\":\"https:\\\/\\\/aazsolutions.ch\\\/de\\\/\",\"logo\":{\"@type\":\"ImageObject\",\"inLanguage\":\"de\",\"@id\":\"https:\\\/\\\/aazsolutions.ch\\\/de\\\/#\\\/schema\\\/logo\\\/image\\\/\",\"url\":\"https:\\\/\\\/aazsolutions.ch\\\/wp-content\\\/uploads\\\/2016\\\/04\\\/AAZ_Logo_Solutions.jpg\",\"contentUrl\":\"https:\\\/\\\/aazsolutions.ch\\\/wp-content\\\/uploads\\\/2016\\\/04\\\/AAZ_Logo_Solutions.jpg\",\"width\":1500,\"height\":481,\"caption\":\"A\u00e0Zsolutions SARL\"},\"image\":{\"@id\":\"https:\\\/\\\/aazsolutions.ch\\\/de\\\/#\\\/schema\\\/logo\\\/image\\\/\"},\"sameAs\":[\"https:\\\/\\\/www.facebook.com\\\/aazsolutions.ch\\\/\",\"https:\\\/\\\/www.linkedin.com\\\/showcase\\\/aazsolutions\\\/\"]}]}<\/script>\n<meta property=\"product:price:amount\" content=\"60.00\" \/>\n<meta property=\"product:price:currency\" content=\"CHF\" \/>\n<meta property=\"og:availability\" content=\"instock\" \/>\n<meta property=\"product:availability\" content=\"instock\" \/>\n<meta property=\"product:retailer_item_id\" content=\"20139\" \/>\n<meta property=\"product:condition\" content=\"new\" \/>\n<!-- \/ Yoast SEO Premium plugin. -->","yoast_head_json":{"title":"Komfortgriff mit integriertem Magnet MySleeve \u2013 komfortabel","description":"Komfortgriff mit integriertem Magnet MySleeve. Reduziert Schmerzen dank Gelpolstern und erm\u00f6glicht das einfache Zusammenbinden der Kr\u00fccken. Lieferung in der Schweiz.","robots":{"index":"index","follow":"follow","max-snippet":"max-snippet:-1","max-image-preview":"max-image-preview:large","max-video-preview":"max-video-preview:-1"},"canonical":"https:\/\/aazsolutions.ch\/de\/produit\/komfortgriff-mit-integriertem-magnet-mysleeve\/","og_locale":"de_DE","og_type":"article","og_title":"Komfortgriff mit integriertem Magnet MySleeve","og_description":"Komfortgriff mit integriertem Magnet MySleeve. Reduziert Schmerzen dank Gelpolstern und erm\u00f6glicht das einfache Zusammenbinden der Kr\u00fccken. Lieferung in der Schweiz.","og_url":"https:\/\/aazsolutions.ch\/de\/produit\/komfortgriff-mit-integriertem-magnet-mysleeve\/","og_site_name":"A\u00e0Zsolutions.ch","article_publisher":"https:\/\/www.facebook.com\/aazsolutions.ch\/","og_image":[{"width":1120,"height":1120,"url":"https:\/\/aazsolutions.ch\/wp-content\/uploads\/2025\/03\/20139-1.jpg","type":"image\/jpeg"}],"twitter_card":"summary_large_image","twitter_misc":{"Preis":"60.00&nbsp;&#67;&#72;&#70; TVA incluse","Verf\u00fcgbarkeit":"Auf Lager"},"schema":{"@context":"https:\/\/schema.org","@graph":[{"@type":"WebPage","@id":"https:\/\/aazsolutions.ch\/de\/produit\/komfortgriff-mit-integriertem-magnet-mysleeve\/","url":"https:\/\/aazsolutions.ch\/de\/produit\/komfortgriff-mit-integriertem-magnet-mysleeve\/","name":"Komfortgriff mit integriertem Magnet MySleeve \u2013 komfortabel","isPartOf":{"@id":"https:\/\/aazsolutions.ch\/de\/#website"},"primaryImageOfPage":{"@id":"https:\/\/aazsolutions.ch\/de\/produit\/komfortgriff-mit-integriertem-magnet-mysleeve\/#primaryimage"},"image":{"@id":"https:\/\/aazsolutions.ch\/de\/produit\/komfortgriff-mit-integriertem-magnet-mysleeve\/#primaryimage"},"thumbnailUrl":"https:\/\/aazsolutions.ch\/wp-content\/uploads\/2025\/03\/20139-1.jpg","datePublished":"2018-12-31T23:00:00+00:00","description":"Komfortgriff mit integriertem Magnet MySleeve. Reduziert Schmerzen dank Gelpolstern und erm\u00f6glicht das einfache Zusammenbinden der Kr\u00fccken. Lieferung in der Schweiz.","breadcrumb":{"@id":"https:\/\/aazsolutions.ch\/de\/produit\/komfortgriff-mit-integriertem-magnet-mysleeve\/#breadcrumb"},"inLanguage":"de","potentialAction":[{"@type":"ReadAction","target":["https:\/\/aazsolutions.ch\/de\/produit\/komfortgriff-mit-integriertem-magnet-mysleeve\/"]}]},{"@type":"ImageObject","inLanguage":"de","@id":"https:\/\/aazsolutions.ch\/de\/produit\/komfortgriff-mit-integriertem-magnet-mysleeve\/#primaryimage","url":"https:\/\/aazsolutions.ch\/wp-content\/uploads\/2025\/03\/20139-1.jpg","contentUrl":"https:\/\/aazsolutions.ch\/wp-content\/uploads\/2025\/03\/20139-1.jpg","width":1120,"height":1120,"caption":"Poign\u00e9e MySleeve avec aimant int\u00e9gr\u00e9 utilis\u00e9e pour lier des cannes anglaises"},{"@type":"BreadcrumbList","@id":"https:\/\/aazsolutions.ch\/de\/produit\/komfortgriff-mit-integriertem-magnet-mysleeve\/#breadcrumb","itemListElement":[{"@type":"ListItem","position":1,"name":"Accueil","item":"https:\/\/aazsolutions.ch\/de\/"},{"@type":"ListItem","position":2,"name":"Shop","item":"https:\/\/aazsolutions.ch\/de\/shop\/"},{"@type":"ListItem","position":3,"name":"Komfortgriff mit integriertem Magnet MySleeve"}]},{"@type":"WebSite","@id":"https:\/\/aazsolutions.ch\/de\/#website","url":"https:\/\/aazsolutions.ch\/de\/","name":"A\u00e0Zsolutions.ch","description":"Des solutions adapt\u00e9es \u00e0 chaque difficult\u00e9!","publisher":{"@id":"https:\/\/aazsolutions.ch\/de\/#organization"},"potentialAction":[{"@type":"SearchAction","target":{"@type":"EntryPoint","urlTemplate":"https:\/\/aazsolutions.ch\/de\/?s={search_term_string}"},"query-input":{"@type":"PropertyValueSpecification","valueRequired":true,"valueName":"search_term_string"}}],"inLanguage":"de"},{"@type":"Organization","@id":"https:\/\/aazsolutions.ch\/de\/#organization","name":"A\u00e0Zsolutions SARL","url":"https:\/\/aazsolutions.ch\/de\/","logo":{"@type":"ImageObject","inLanguage":"de","@id":"https:\/\/aazsolutions.ch\/de\/#\/schema\/logo\/image\/","url":"https:\/\/aazsolutions.ch\/wp-content\/uploads\/2016\/04\/AAZ_Logo_Solutions.jpg","contentUrl":"https:\/\/aazsolutions.ch\/wp-content\/uploads\/2016\/04\/AAZ_Logo_Solutions.jpg","width":1500,"height":481,"caption":"A\u00e0Zsolutions SARL"},"image":{"@id":"https:\/\/aazsolutions.ch\/de\/#\/schema\/logo\/image\/"},"sameAs":["https:\/\/www.facebook.com\/aazsolutions.ch\/","https:\/\/www.linkedin.com\/showcase\/aazsolutions\/"]}]},"product_price_amount":"60.00","product_price_currency":"CHF","og_availability":"instock","product_availability":"instock","product_retailer_item_id":"20139","product_condition":"new"},"_links":{"self":[{"href":"https:\/\/aazsolutions.ch\/de\/wp-json\/wp\/v2\/product\/33929","targetHints":{"allow":["GET"]}}],"collection":[{"href":"https:\/\/aazsolutions.ch\/de\/wp-json\/wp\/v2\/product"}],"about":[{"href":"https:\/\/aazsolutions.ch\/de\/wp-json\/wp\/v2\/types\/product"}],"replies":[{"embeddable":true,"href":"https:\/\/aazsolutions.ch\/de\/wp-json\/wp\/v2\/comments?post=33929"}],"wp:featuredmedia":[{"embeddable":true,"href":"https:\/\/aazsolutions.ch\/de\/wp-json\/wp\/v2\/media\/31732"}],"wp:attachment":[{"href":"https:\/\/aazsolutions.ch\/de\/wp-json\/wp\/v2\/media?parent=33929"}],"wp:term":[{"taxonomy":"product_brand","embeddable":true,"href":"https:\/\/aazsolutions.ch\/de\/wp-json\/wp\/v2\/product_brand?post=33929"},{"taxonomy":"product_cat","embeddable":true,"href":"https:\/\/aazsolutions.ch\/de\/wp-json\/wp\/v2\/product_cat?post=33929"},{"taxonomy":"product_tag","embeddable":true,"href":"https:\/\/aazsolutions.ch\/de\/wp-json\/wp\/v2\/product_tag?post=33929"}],"curies":[{"name":"wp","href":"https:\/\/api.w.org\/{rel}","templated":true}]}}