{"id":33945,"date":"2019-01-01T00:00:00","date_gmt":"2018-12-31T23:00:00","guid":{"rendered":"https:\/\/aazsolutions.ch\/produit\/rutschbrett-mit-2-handgriffen\/"},"modified":"2019-01-01T00:00:00","modified_gmt":"2018-12-31T23:00:00","slug":"rutschbrett-mit-2-handgriffen","status":"publish","type":"product","link":"https:\/\/aazsolutions.ch\/de\/produit\/rutschbrett-mit-2-handgriffen\/","title":{"rendered":"Rutschbrett mit 2 Handgriffen"},"content":{"rendered":"<h2>Rutschbrett mit 2 Griffen \u2013 Reibungslose Transfers<\/h2>\n<p>Zun\u00e4chst ist das <strong>Rutschbrett mit 2 Handgriffen<\/strong> aus robustem Bambus mit einer lackierten Oberfl\u00e4che f\u00fcr reibungsloses Gleiten gefertigt. Zudem verhindern die abgeschr\u00e4gten Kanten ein H\u00e4ngenbleiben und garantieren fl\u00fcssige Bewegungen. Dar\u00fcber hinaus bieten die zwei integrierten Griffe bei jedem Transfer sicheren und komfortablen Halt.  <\/p>\n<p>Zudem erleichtert dieses lange und robuste <strong>Rutschbrett<\/strong> den Wechsel zwischen verschiedenen Sitzgelegenheiten, sei es Rollstuhl, Bett oder Auto. F\u00fcr die direkte Anwendung auf der Haut empfiehlt sich die Verwendung eines <em>Gleittuchs<\/em>, was sowohl den Komfort des Nutzers als auch die Langlebigkeit des Produkts schont. <\/p>\n<h3>\u2705 Hauptmerkmale:<\/h3>\n<ul>\n<li><strong>Lackierter Bambus<\/strong>: Glatte Oberfl\u00e4che f\u00fcr optimiertes Gleiten.<\/li>\n<li><strong>Abgeschr\u00e4gte Kanten<\/strong>: Verhindern H\u00e4ngenbleiben und erleichtern die Bewegung.<\/li>\n<li><strong>Zwei Handgriffe<\/strong>: Integrierte Griffe f\u00fcr festen Halt.<\/li>\n<li><strong>Langes Brett<\/strong>: Bietet eine gro\u00dfe Fl\u00e4che f\u00fcr alle Transfers.<\/li>\n<li><strong>Verwendung mit Gleittuch<\/strong>: Erh\u00f6ht den Komfort bei direktem Hautkontakt.<\/li>\n<\/ul>\n<p>Schlie\u00dflich erweist sich dieses <strong>Rutschbrett mit 2 Handgriffen<\/strong> als vielseitige und sichere L\u00f6sung. So tr\u00e4gt es dazu bei, den Kraftaufwand f\u00fcr das Pflegepersonal zu verringern, w\u00e4hrend es den Patienten einen komfortableren und reibungslosen Transfer erm\u00f6glicht. <\/p>\n<h3>Bestellen Sie Ihr <strong>Rutschbrett mit 2 Handgriffen<\/strong> jetzt f\u00fcr sicherere und reibungslosere Transfers!<\/h3>\n","protected":false},"excerpt":{"rendered":"<h2>Spezifikationen<\/h2>\n<ul>\n<li>L\u00e4nge: 76 cm<\/li>\n<li>Breite: 21 cm<\/li>\n<li>Gewicht: 1,38 kg<\/li>\n<li>Max. Benutzergewicht: 190 kg <\/li>\n<\/ul>\n","protected":false},"featured_media":31860,"comment_status":"closed","ping_status":"closed","template":"","meta":{"_et_pb_use_builder":"","_et_pb_old_content":"","_et_gb_content_width":"","inline_featured_image":false},"product_brand":[],"product_cat":[1218,1256],"product_tag":[],"class_list":{"0":"post-33945","1":"product","2":"type-product","3":"status-publish","4":"has-post-thumbnail","6":"product_cat-4-hilfe-komfort","7":"product_cat-transferbrett","8":"product_shipping_class-a","10":"first","11":"instock","12":"taxable","13":"shipping-taxable","14":"purchasable","15":"product-type-simple"},"yoast_head":"<!-- This site is optimized with the Yoast SEO Premium plugin v27.2 (Yoast SEO v27.5) - https:\/\/yoast.com\/product\/yoast-seo-premium-wordpress\/ -->\n<title>Rutschbrett mit 2 Handgriffen \u2013 Reibungslose Transfers<\/title>\n<meta name=\"description\" content=\"Das Rutschbrett mit 2 Handgriffen bietet dank seiner glatten Oberfl\u00e4che, der abgeschr\u00e4gten Kanten und der integrierten Griffe ein reibungsloses Gleiten.\" \/>\n<meta name=\"robots\" content=\"index, follow, max-snippet:-1, max-image-preview:large, max-video-preview:-1\" \/>\n<link rel=\"canonical\" href=\"https:\/\/aazsolutions.ch\/de\/produit\/rutschbrett-mit-2-handgriffen\/\" \/>\n<meta property=\"og:locale\" content=\"de_DE\" \/>\n<meta property=\"og:type\" content=\"article\" \/>\n<meta property=\"og:title\" content=\"Rutschbrett mit 2 Handgriffen\" \/>\n<meta property=\"og:description\" content=\"Das Rutschbrett mit 2 Handgriffen bietet dank seiner glatten Oberfl\u00e4che, der abgeschr\u00e4gten Kanten und der integrierten Griffe ein reibungsloses Gleiten.\" \/>\n<meta property=\"og:url\" content=\"https:\/\/aazsolutions.ch\/de\/produit\/rutschbrett-mit-2-handgriffen\/\" \/>\n<meta property=\"og:site_name\" content=\"A\u00e0Zsolutions.ch\" \/>\n<meta property=\"article:publisher\" content=\"https:\/\/www.facebook.com\/aazsolutions.ch\/\" \/>\n<meta property=\"og:image\" content=\"https:\/\/aazsolutions.ch\/wp-content\/uploads\/2025\/03\/40012-1.jpg\" \/>\n\t<meta property=\"og:image:width\" content=\"800\" \/>\n\t<meta property=\"og:image:height\" content=\"800\" \/>\n\t<meta property=\"og:image:type\" content=\"image\/jpeg\" \/>\n<meta name=\"twitter:card\" content=\"summary_large_image\" \/>\n<meta name=\"twitter:label1\" content=\"Preis\" \/>\n\t<meta name=\"twitter:data1\" content=\"77.00&nbsp;&#067;&#072;&#070; TVA incluse\" \/>\n\t<meta name=\"twitter:label2\" content=\"Verf\u00fcgbarkeit\" \/>\n\t<meta name=\"twitter:data2\" content=\"Auf Lager\" \/>\n<script type=\"application\/ld+json\" class=\"yoast-schema-graph\">{\"@context\":\"https:\\\/\\\/schema.org\",\"@graph\":[{\"@type\":\"WebPage\",\"@id\":\"https:\\\/\\\/aazsolutions.ch\\\/de\\\/produit\\\/rutschbrett-mit-2-handgriffen\\\/\",\"url\":\"https:\\\/\\\/aazsolutions.ch\\\/de\\\/produit\\\/rutschbrett-mit-2-handgriffen\\\/\",\"name\":\"Rutschbrett mit 2 Handgriffen \u2013 Reibungslose Transfers\",\"isPartOf\":{\"@id\":\"https:\\\/\\\/aazsolutions.ch\\\/de\\\/#website\"},\"primaryImageOfPage\":{\"@id\":\"https:\\\/\\\/aazsolutions.ch\\\/de\\\/produit\\\/rutschbrett-mit-2-handgriffen\\\/#primaryimage\"},\"image\":{\"@id\":\"https:\\\/\\\/aazsolutions.ch\\\/de\\\/produit\\\/rutschbrett-mit-2-handgriffen\\\/#primaryimage\"},\"thumbnailUrl\":\"https:\\\/\\\/aazsolutions.ch\\\/wp-content\\\/uploads\\\/2025\\\/03\\\/40012-1.jpg\",\"datePublished\":\"2018-12-31T23:00:00+00:00\",\"description\":\"Das Rutschbrett mit 2 Handgriffen bietet dank seiner glatten Oberfl\u00e4che, der abgeschr\u00e4gten Kanten und der integrierten Griffe ein reibungsloses Gleiten.\",\"breadcrumb\":{\"@id\":\"https:\\\/\\\/aazsolutions.ch\\\/de\\\/produit\\\/rutschbrett-mit-2-handgriffen\\\/#breadcrumb\"},\"inLanguage\":\"de\",\"potentialAction\":[{\"@type\":\"ReadAction\",\"target\":[\"https:\\\/\\\/aazsolutions.ch\\\/de\\\/produit\\\/rutschbrett-mit-2-handgriffen\\\/\"]}]},{\"@type\":\"ImageObject\",\"inLanguage\":\"de\",\"@id\":\"https:\\\/\\\/aazsolutions.ch\\\/de\\\/produit\\\/rutschbrett-mit-2-handgriffen\\\/#primaryimage\",\"url\":\"https:\\\/\\\/aazsolutions.ch\\\/wp-content\\\/uploads\\\/2025\\\/03\\\/40012-1.jpg\",\"contentUrl\":\"https:\\\/\\\/aazsolutions.ch\\\/wp-content\\\/uploads\\\/2025\\\/03\\\/40012-1.jpg\",\"width\":800,\"height\":800,\"caption\":\"Planche de transfert \u00e0 2 d\u00e9coupes pour les mains en bambou verni\"},{\"@type\":\"BreadcrumbList\",\"@id\":\"https:\\\/\\\/aazsolutions.ch\\\/de\\\/produit\\\/rutschbrett-mit-2-handgriffen\\\/#breadcrumb\",\"itemListElement\":[{\"@type\":\"ListItem\",\"position\":1,\"name\":\"Accueil\",\"item\":\"https:\\\/\\\/aazsolutions.ch\\\/de\\\/\"},{\"@type\":\"ListItem\",\"position\":2,\"name\":\"Shop\",\"item\":\"https:\\\/\\\/aazsolutions.ch\\\/de\\\/shop\\\/\"},{\"@type\":\"ListItem\",\"position\":3,\"name\":\"Rutschbrett mit 2 Handgriffen\"}]},{\"@type\":\"WebSite\",\"@id\":\"https:\\\/\\\/aazsolutions.ch\\\/de\\\/#website\",\"url\":\"https:\\\/\\\/aazsolutions.ch\\\/de\\\/\",\"name\":\"A\u00e0Zsolutions.ch\",\"description\":\"Des solutions adapt\u00e9es \u00e0 chaque difficult\u00e9!\",\"publisher\":{\"@id\":\"https:\\\/\\\/aazsolutions.ch\\\/de\\\/#organization\"},\"potentialAction\":[{\"@type\":\"SearchAction\",\"target\":{\"@type\":\"EntryPoint\",\"urlTemplate\":\"https:\\\/\\\/aazsolutions.ch\\\/de\\\/?s={search_term_string}\"},\"query-input\":{\"@type\":\"PropertyValueSpecification\",\"valueRequired\":true,\"valueName\":\"search_term_string\"}}],\"inLanguage\":\"de\"},{\"@type\":\"Organization\",\"@id\":\"https:\\\/\\\/aazsolutions.ch\\\/de\\\/#organization\",\"name\":\"A\u00e0Zsolutions SARL\",\"url\":\"https:\\\/\\\/aazsolutions.ch\\\/de\\\/\",\"logo\":{\"@type\":\"ImageObject\",\"inLanguage\":\"de\",\"@id\":\"https:\\\/\\\/aazsolutions.ch\\\/de\\\/#\\\/schema\\\/logo\\\/image\\\/\",\"url\":\"https:\\\/\\\/aazsolutions.ch\\\/wp-content\\\/uploads\\\/2016\\\/04\\\/AAZ_Logo_Solutions.jpg\",\"contentUrl\":\"https:\\\/\\\/aazsolutions.ch\\\/wp-content\\\/uploads\\\/2016\\\/04\\\/AAZ_Logo_Solutions.jpg\",\"width\":1500,\"height\":481,\"caption\":\"A\u00e0Zsolutions SARL\"},\"image\":{\"@id\":\"https:\\\/\\\/aazsolutions.ch\\\/de\\\/#\\\/schema\\\/logo\\\/image\\\/\"},\"sameAs\":[\"https:\\\/\\\/www.facebook.com\\\/aazsolutions.ch\\\/\",\"https:\\\/\\\/www.linkedin.com\\\/showcase\\\/aazsolutions\\\/\"]}]}<\/script>\n<meta property=\"product:price:amount\" content=\"77.00\" \/>\n<meta property=\"product:price:currency\" content=\"CHF\" \/>\n<meta property=\"og:availability\" content=\"instock\" \/>\n<meta property=\"product:availability\" content=\"instock\" \/>\n<meta property=\"product:retailer_item_id\" content=\"40012\" \/>\n<meta property=\"product:condition\" content=\"new\" \/>\n<!-- \/ Yoast SEO Premium plugin. -->","yoast_head_json":{"title":"Rutschbrett mit 2 Handgriffen \u2013 Reibungslose Transfers","description":"Das Rutschbrett mit 2 Handgriffen bietet dank seiner glatten Oberfl\u00e4che, der abgeschr\u00e4gten Kanten und der integrierten Griffe ein reibungsloses Gleiten.","robots":{"index":"index","follow":"follow","max-snippet":"max-snippet:-1","max-image-preview":"max-image-preview:large","max-video-preview":"max-video-preview:-1"},"canonical":"https:\/\/aazsolutions.ch\/de\/produit\/rutschbrett-mit-2-handgriffen\/","og_locale":"de_DE","og_type":"article","og_title":"Rutschbrett mit 2 Handgriffen","og_description":"Das Rutschbrett mit 2 Handgriffen bietet dank seiner glatten Oberfl\u00e4che, der abgeschr\u00e4gten Kanten und der integrierten Griffe ein reibungsloses Gleiten.","og_url":"https:\/\/aazsolutions.ch\/de\/produit\/rutschbrett-mit-2-handgriffen\/","og_site_name":"A\u00e0Zsolutions.ch","article_publisher":"https:\/\/www.facebook.com\/aazsolutions.ch\/","og_image":[{"width":800,"height":800,"url":"https:\/\/aazsolutions.ch\/wp-content\/uploads\/2025\/03\/40012-1.jpg","type":"image\/jpeg"}],"twitter_card":"summary_large_image","twitter_misc":{"Preis":"77.00&nbsp;&#67;&#72;&#70; TVA incluse","Verf\u00fcgbarkeit":"Auf Lager"},"schema":{"@context":"https:\/\/schema.org","@graph":[{"@type":"WebPage","@id":"https:\/\/aazsolutions.ch\/de\/produit\/rutschbrett-mit-2-handgriffen\/","url":"https:\/\/aazsolutions.ch\/de\/produit\/rutschbrett-mit-2-handgriffen\/","name":"Rutschbrett mit 2 Handgriffen \u2013 Reibungslose Transfers","isPartOf":{"@id":"https:\/\/aazsolutions.ch\/de\/#website"},"primaryImageOfPage":{"@id":"https:\/\/aazsolutions.ch\/de\/produit\/rutschbrett-mit-2-handgriffen\/#primaryimage"},"image":{"@id":"https:\/\/aazsolutions.ch\/de\/produit\/rutschbrett-mit-2-handgriffen\/#primaryimage"},"thumbnailUrl":"https:\/\/aazsolutions.ch\/wp-content\/uploads\/2025\/03\/40012-1.jpg","datePublished":"2018-12-31T23:00:00+00:00","description":"Das Rutschbrett mit 2 Handgriffen bietet dank seiner glatten Oberfl\u00e4che, der abgeschr\u00e4gten Kanten und der integrierten Griffe ein reibungsloses Gleiten.","breadcrumb":{"@id":"https:\/\/aazsolutions.ch\/de\/produit\/rutschbrett-mit-2-handgriffen\/#breadcrumb"},"inLanguage":"de","potentialAction":[{"@type":"ReadAction","target":["https:\/\/aazsolutions.ch\/de\/produit\/rutschbrett-mit-2-handgriffen\/"]}]},{"@type":"ImageObject","inLanguage":"de","@id":"https:\/\/aazsolutions.ch\/de\/produit\/rutschbrett-mit-2-handgriffen\/#primaryimage","url":"https:\/\/aazsolutions.ch\/wp-content\/uploads\/2025\/03\/40012-1.jpg","contentUrl":"https:\/\/aazsolutions.ch\/wp-content\/uploads\/2025\/03\/40012-1.jpg","width":800,"height":800,"caption":"Planche de transfert \u00e0 2 d\u00e9coupes pour les mains en bambou verni"},{"@type":"BreadcrumbList","@id":"https:\/\/aazsolutions.ch\/de\/produit\/rutschbrett-mit-2-handgriffen\/#breadcrumb","itemListElement":[{"@type":"ListItem","position":1,"name":"Accueil","item":"https:\/\/aazsolutions.ch\/de\/"},{"@type":"ListItem","position":2,"name":"Shop","item":"https:\/\/aazsolutions.ch\/de\/shop\/"},{"@type":"ListItem","position":3,"name":"Rutschbrett mit 2 Handgriffen"}]},{"@type":"WebSite","@id":"https:\/\/aazsolutions.ch\/de\/#website","url":"https:\/\/aazsolutions.ch\/de\/","name":"A\u00e0Zsolutions.ch","description":"Des solutions adapt\u00e9es \u00e0 chaque difficult\u00e9!","publisher":{"@id":"https:\/\/aazsolutions.ch\/de\/#organization"},"potentialAction":[{"@type":"SearchAction","target":{"@type":"EntryPoint","urlTemplate":"https:\/\/aazsolutions.ch\/de\/?s={search_term_string}"},"query-input":{"@type":"PropertyValueSpecification","valueRequired":true,"valueName":"search_term_string"}}],"inLanguage":"de"},{"@type":"Organization","@id":"https:\/\/aazsolutions.ch\/de\/#organization","name":"A\u00e0Zsolutions SARL","url":"https:\/\/aazsolutions.ch\/de\/","logo":{"@type":"ImageObject","inLanguage":"de","@id":"https:\/\/aazsolutions.ch\/de\/#\/schema\/logo\/image\/","url":"https:\/\/aazsolutions.ch\/wp-content\/uploads\/2016\/04\/AAZ_Logo_Solutions.jpg","contentUrl":"https:\/\/aazsolutions.ch\/wp-content\/uploads\/2016\/04\/AAZ_Logo_Solutions.jpg","width":1500,"height":481,"caption":"A\u00e0Zsolutions SARL"},"image":{"@id":"https:\/\/aazsolutions.ch\/de\/#\/schema\/logo\/image\/"},"sameAs":["https:\/\/www.facebook.com\/aazsolutions.ch\/","https:\/\/www.linkedin.com\/showcase\/aazsolutions\/"]}]},"product_price_amount":"77.00","product_price_currency":"CHF","og_availability":"instock","product_availability":"instock","product_retailer_item_id":"40012","product_condition":"new"},"_links":{"self":[{"href":"https:\/\/aazsolutions.ch\/de\/wp-json\/wp\/v2\/product\/33945","targetHints":{"allow":["GET"]}}],"collection":[{"href":"https:\/\/aazsolutions.ch\/de\/wp-json\/wp\/v2\/product"}],"about":[{"href":"https:\/\/aazsolutions.ch\/de\/wp-json\/wp\/v2\/types\/product"}],"replies":[{"embeddable":true,"href":"https:\/\/aazsolutions.ch\/de\/wp-json\/wp\/v2\/comments?post=33945"}],"wp:featuredmedia":[{"embeddable":true,"href":"https:\/\/aazsolutions.ch\/de\/wp-json\/wp\/v2\/media\/31860"}],"wp:attachment":[{"href":"https:\/\/aazsolutions.ch\/de\/wp-json\/wp\/v2\/media?parent=33945"}],"wp:term":[{"taxonomy":"product_brand","embeddable":true,"href":"https:\/\/aazsolutions.ch\/de\/wp-json\/wp\/v2\/product_brand?post=33945"},{"taxonomy":"product_cat","embeddable":true,"href":"https:\/\/aazsolutions.ch\/de\/wp-json\/wp\/v2\/product_cat?post=33945"},{"taxonomy":"product_tag","embeddable":true,"href":"https:\/\/aazsolutions.ch\/de\/wp-json\/wp\/v2\/product_tag?post=33945"}],"curies":[{"name":"wp","href":"https:\/\/api.w.org\/{rel}","templated":true}]}}