{"id":33972,"date":"2026-04-22T11:10:02","date_gmt":"2026-04-22T10:10:02","guid":{"rendered":"https:\/\/aazsolutions.ch\/produit\/rollator-4-raeder-neo-easy\/"},"modified":"2026-05-02T19:51:38","modified_gmt":"2026-05-02T18:51:38","slug":"rollator-4-raeder-neo-easy","status":"publish","type":"product","link":"https:\/\/aazsolutions.ch\/de\/produit\/rollator-4-raeder-neo-easy\/","title":{"rendered":"Leichtgewicht Rollator Neo Easy \u2013 faltbar, 4-Rad, nur 5.6 kg"},"content":{"rendered":"<h2>Rollator 4 R\u00e4der Neo Easy \u2013 Leicht, praktisch und wirtschaftlich<\/h2>\n<p>Der <strong>leichte Rollator 4 R\u00e4der Neo Easy<\/strong> erm\u00f6glicht Ihnen, sicher zum Einkaufen zu gehen. Mit einem ultraleichten Gewicht von 5,6 kg ist er mit B\u00fcgelbremsen mit Parkbremsen, einem breiten bequemen Sitz mit breiter R\u00fcckenlehne und einer abnehmbaren und waschbaren Tasche ausgestattet. Die 20 cm grossen R\u00e4der sind mit weichen Reifen ausgestattet. Einfaches und praktisches Faltsystem zur Aufbewahrung. Sein Aluminiumrahmen sorgt f\u00fcr hohe Wendigkeit bei gleichzeitiger Robustheit f\u00fcr eine Belastbarkeit bis 136 kg.<\/p>\n<p>2 Farben zur Auswahl: Elektrikblau oder Perlweiss.<\/p>\n<h3>\u2705 Hauptmerkmale:<\/h3>\n<ul>\n<li>Leichter Rollator 4 R\u00e4der mit Aluminiumrahmen<\/li>\n<li>Verwendbar als Gehhilfe und Ruhesitz<\/li>\n<li>H\u00e4ngetasche<\/li>\n<li>Fahrradbremsen mit Parkposition<\/li>\n<li>Ergonomische verstellbare Griffe<\/li>\n<\/ul>\n<h3>Ein einfacher und funktionaler Rollator<\/h3>\n<p>Der <strong>leichte Rollator 4 R\u00e4der Neo Easy<\/strong> bietet eine erschwingliche L\u00f6sung f\u00fcr mehr Selbstst\u00e4ndigkeit im Alltag. <strong>Bestellen Sie ihn jetzt \u2013 Schnelle Lieferung in der ganzen Schweiz!<\/strong><\/p>\n","protected":false},"excerpt":{"rendered":"<h2>Spezifikationen<\/h2>\n<ul>\n<li>Griffh\u00f6hen Boden-Griffe: 77 cm bis 92,5 cm<\/li>\n<li>Gesamtbreite: 62 cm<\/li>\n<li>Gesamttiefe: 75 cm<\/li>\n<li>Sitzh\u00f6he: 57 cm<\/li>\n<li>Sitztiefe: 25,5 cm<\/li>\n<li>Sitzbreite: 45 cm<\/li>\n<li>Gewicht inkl. Tasche: 5,6 kg<\/li>\n<li>Raddurchmesser: 20 cm<\/li>\n<li>Farbe: Perlweiss oder Elektrikblau<\/li>\n<li>Max. Benutzergewicht: 136 kg<\/li>\n<\/ul>\n<p><span style=\"color: #e2001a;\"><strong>Zur Miete verf\u00fcgbar: CHF 35.\u2013\/Monat<\/strong><\/span><\/p>\n","protected":false},"featured_media":33148,"comment_status":"closed","ping_status":"closed","template":"","meta":{"_et_pb_use_builder":"","_et_pb_old_content":"","_et_gb_content_width":"","inline_featured_image":false},"product_brand":[],"product_cat":[1209,1272],"product_tag":[],"class_list":{"0":"post-33972","1":"product","2":"type-product","3":"status-publish","4":"has-post-thumbnail","6":"product_cat-2-mobilitat","7":"product_cat-rollator-4-rader","8":"product_shipping_class-c","9":"pa_option-farbe-blau","10":"pa_option-farbe-weiss","12":"first","13":"instock","14":"featured","15":"taxable","16":"shipping-taxable","17":"purchasable","18":"product-type-variable"},"yoast_head":"<!-- This site is optimized with the Yoast SEO Premium plugin v27.2 (Yoast SEO v27.5) - https:\/\/yoast.com\/product\/yoast-seo-premium-wordpress\/ -->\n<title>Rollator 4 R\u00e4der Neo Easy \u2013 Leicht, praktisch und wirtschaftlich<\/title>\n<meta name=\"description\" content=\"Rollator 4 R\u00e4der Neo Easy, leicht, aus Aluminium, mit Sitz, Tasche, Parkbremsen. Bis 136 kg. Schnelle Lieferung in der Schweiz.\" \/>\n<meta name=\"robots\" content=\"index, follow, max-snippet:-1, max-image-preview:large, max-video-preview:-1\" \/>\n<link rel=\"canonical\" href=\"https:\/\/aazsolutions.ch\/de\/produit\/rollator-4-raeder-neo-easy\/\" \/>\n<meta property=\"og:locale\" content=\"de_DE\" \/>\n<meta property=\"og:type\" content=\"article\" \/>\n<meta property=\"og:title\" content=\"Leichtgewicht Rollator Neo Easy \u2013 faltbar, 4-Rad, nur 5.6 kg\" \/>\n<meta property=\"og:description\" content=\"Rollator 4 R\u00e4der Neo Easy, leicht, aus Aluminium, mit Sitz, Tasche, Parkbremsen. Bis 136 kg. Schnelle Lieferung in der Schweiz.\" \/>\n<meta property=\"og:url\" content=\"https:\/\/aazsolutions.ch\/de\/produit\/rollator-4-raeder-neo-easy\/\" \/>\n<meta property=\"og:site_name\" content=\"A\u00e0Zsolutions.ch\" \/>\n<meta property=\"article:publisher\" content=\"https:\/\/www.facebook.com\/aazsolutions.ch\/\" \/>\n<meta property=\"article:modified_time\" content=\"2026-05-02T18:51:38+00:00\" \/>\n<meta property=\"og:image\" content=\"https:\/\/aazsolutions.ch\/wp-content\/uploads\/2026\/04\/826303BLANC_principal-885x1024.jpg\" \/>\n\t<meta property=\"og:image:width\" content=\"885\" \/>\n\t<meta property=\"og:image:height\" content=\"1024\" \/>\n\t<meta property=\"og:image:type\" content=\"image\/jpeg\" \/>\n<meta name=\"twitter:card\" content=\"summary_large_image\" \/>\n<meta name=\"twitter:label1\" content=\"Availability\" \/>\n\t<meta name=\"twitter:data1\" content=\"In stock\" \/>\n<script type=\"application\/ld+json\" class=\"yoast-schema-graph\">{\"@context\":\"https:\\\/\\\/schema.org\",\"@graph\":[{\"@type\":\"WebPage\",\"@id\":\"https:\\\/\\\/aazsolutions.ch\\\/de\\\/produit\\\/rollator-4-raeder-neo-easy\\\/\",\"url\":\"https:\\\/\\\/aazsolutions.ch\\\/de\\\/produit\\\/rollator-4-raeder-neo-easy\\\/\",\"name\":\"Rollator 4 R\u00e4der Neo Easy \u2013 Leicht, praktisch und wirtschaftlich\",\"isPartOf\":{\"@id\":\"https:\\\/\\\/aazsolutions.ch\\\/de\\\/#website\"},\"primaryImageOfPage\":{\"@id\":\"https:\\\/\\\/aazsolutions.ch\\\/de\\\/produit\\\/rollator-4-raeder-neo-easy\\\/#primaryimage\"},\"image\":{\"@id\":\"https:\\\/\\\/aazsolutions.ch\\\/de\\\/produit\\\/rollator-4-raeder-neo-easy\\\/#primaryimage\"},\"thumbnailUrl\":\"https:\\\/\\\/aazsolutions.ch\\\/wp-content\\\/uploads\\\/2026\\\/04\\\/826303BLANC_principal-scaled.jpg\",\"datePublished\":\"2026-04-22T10:10:02+00:00\",\"dateModified\":\"2026-05-02T18:51:38+00:00\",\"description\":\"Rollator 4 R\u00e4der Neo Easy, leicht, aus Aluminium, mit Sitz, Tasche, Parkbremsen. Bis 136 kg. Schnelle Lieferung in der Schweiz.\",\"breadcrumb\":{\"@id\":\"https:\\\/\\\/aazsolutions.ch\\\/de\\\/produit\\\/rollator-4-raeder-neo-easy\\\/#breadcrumb\"},\"inLanguage\":\"de\",\"potentialAction\":[{\"@type\":\"ReadAction\",\"target\":[\"https:\\\/\\\/aazsolutions.ch\\\/de\\\/produit\\\/rollator-4-raeder-neo-easy\\\/\"]}]},{\"@type\":\"ImageObject\",\"inLanguage\":\"de\",\"@id\":\"https:\\\/\\\/aazsolutions.ch\\\/de\\\/produit\\\/rollator-4-raeder-neo-easy\\\/#primaryimage\",\"url\":\"https:\\\/\\\/aazsolutions.ch\\\/wp-content\\\/uploads\\\/2026\\\/04\\\/826303BLANC_principal-scaled.jpg\",\"contentUrl\":\"https:\\\/\\\/aazsolutions.ch\\\/wp-content\\\/uploads\\\/2026\\\/04\\\/826303BLANC_principal-scaled.jpg\",\"width\":2212,\"height\":2560},{\"@type\":\"BreadcrumbList\",\"@id\":\"https:\\\/\\\/aazsolutions.ch\\\/de\\\/produit\\\/rollator-4-raeder-neo-easy\\\/#breadcrumb\",\"itemListElement\":[{\"@type\":\"ListItem\",\"position\":1,\"name\":\"Accueil\",\"item\":\"https:\\\/\\\/aazsolutions.ch\\\/de\\\/\"},{\"@type\":\"ListItem\",\"position\":2,\"name\":\"Shop\",\"item\":\"https:\\\/\\\/aazsolutions.ch\\\/de\\\/shop\\\/\"},{\"@type\":\"ListItem\",\"position\":3,\"name\":\"Leichtgewicht Rollator Neo Easy \u2013 faltbar, 4-Rad, nur 5.6 kg\"}]},{\"@type\":\"WebSite\",\"@id\":\"https:\\\/\\\/aazsolutions.ch\\\/de\\\/#website\",\"url\":\"https:\\\/\\\/aazsolutions.ch\\\/de\\\/\",\"name\":\"A\u00e0Zsolutions.ch\",\"description\":\"Des solutions adapt\u00e9es \u00e0 chaque difficult\u00e9!\",\"publisher\":{\"@id\":\"https:\\\/\\\/aazsolutions.ch\\\/de\\\/#organization\"},\"potentialAction\":[{\"@type\":\"SearchAction\",\"target\":{\"@type\":\"EntryPoint\",\"urlTemplate\":\"https:\\\/\\\/aazsolutions.ch\\\/de\\\/?s={search_term_string}\"},\"query-input\":{\"@type\":\"PropertyValueSpecification\",\"valueRequired\":true,\"valueName\":\"search_term_string\"}}],\"inLanguage\":\"de\"},{\"@type\":\"Organization\",\"@id\":\"https:\\\/\\\/aazsolutions.ch\\\/de\\\/#organization\",\"name\":\"A\u00e0Zsolutions SARL\",\"url\":\"https:\\\/\\\/aazsolutions.ch\\\/de\\\/\",\"logo\":{\"@type\":\"ImageObject\",\"inLanguage\":\"de\",\"@id\":\"https:\\\/\\\/aazsolutions.ch\\\/de\\\/#\\\/schema\\\/logo\\\/image\\\/\",\"url\":\"https:\\\/\\\/aazsolutions.ch\\\/wp-content\\\/uploads\\\/2016\\\/04\\\/AAZ_Logo_Solutions.jpg\",\"contentUrl\":\"https:\\\/\\\/aazsolutions.ch\\\/wp-content\\\/uploads\\\/2016\\\/04\\\/AAZ_Logo_Solutions.jpg\",\"width\":1500,\"height\":481,\"caption\":\"A\u00e0Zsolutions SARL\"},\"image\":{\"@id\":\"https:\\\/\\\/aazsolutions.ch\\\/de\\\/#\\\/schema\\\/logo\\\/image\\\/\"},\"sameAs\":[\"https:\\\/\\\/www.facebook.com\\\/aazsolutions.ch\\\/\",\"https:\\\/\\\/www.linkedin.com\\\/showcase\\\/aazsolutions\\\/\"]}]}<\/script>\n<meta property=\"og:availability\" content=\"instock\" \/>\n<meta property=\"product:availability\" content=\"instock\" \/>\n<meta property=\"product:retailer_item_id\" content=\"20155\" \/>\n<meta property=\"product:condition\" content=\"new\" \/>\n<!-- \/ Yoast SEO Premium plugin. -->","yoast_head_json":{"title":"Rollator 4 R\u00e4der Neo Easy \u2013 Leicht, praktisch und wirtschaftlich","description":"Rollator 4 R\u00e4der Neo Easy, leicht, aus Aluminium, mit Sitz, Tasche, Parkbremsen. Bis 136 kg. Schnelle Lieferung in der Schweiz.","robots":{"index":"index","follow":"follow","max-snippet":"max-snippet:-1","max-image-preview":"max-image-preview:large","max-video-preview":"max-video-preview:-1"},"canonical":"https:\/\/aazsolutions.ch\/de\/produit\/rollator-4-raeder-neo-easy\/","og_locale":"de_DE","og_type":"article","og_title":"Leichtgewicht Rollator Neo Easy \u2013 faltbar, 4-Rad, nur 5.6 kg","og_description":"Rollator 4 R\u00e4der Neo Easy, leicht, aus Aluminium, mit Sitz, Tasche, Parkbremsen. Bis 136 kg. Schnelle Lieferung in der Schweiz.","og_url":"https:\/\/aazsolutions.ch\/de\/produit\/rollator-4-raeder-neo-easy\/","og_site_name":"A\u00e0Zsolutions.ch","article_publisher":"https:\/\/www.facebook.com\/aazsolutions.ch\/","article_modified_time":"2026-05-02T18:51:38+00:00","og_image":[{"width":885,"height":1024,"url":"https:\/\/aazsolutions.ch\/wp-content\/uploads\/2026\/04\/826303BLANC_principal-885x1024.jpg","type":"image\/jpeg"}],"twitter_card":"summary_large_image","twitter_misc":{"Availability":"In stock"},"schema":{"@context":"https:\/\/schema.org","@graph":[{"@type":"WebPage","@id":"https:\/\/aazsolutions.ch\/de\/produit\/rollator-4-raeder-neo-easy\/","url":"https:\/\/aazsolutions.ch\/de\/produit\/rollator-4-raeder-neo-easy\/","name":"Rollator 4 R\u00e4der Neo Easy \u2013 Leicht, praktisch und wirtschaftlich","isPartOf":{"@id":"https:\/\/aazsolutions.ch\/de\/#website"},"primaryImageOfPage":{"@id":"https:\/\/aazsolutions.ch\/de\/produit\/rollator-4-raeder-neo-easy\/#primaryimage"},"image":{"@id":"https:\/\/aazsolutions.ch\/de\/produit\/rollator-4-raeder-neo-easy\/#primaryimage"},"thumbnailUrl":"https:\/\/aazsolutions.ch\/wp-content\/uploads\/2026\/04\/826303BLANC_principal-scaled.jpg","datePublished":"2026-04-22T10:10:02+00:00","dateModified":"2026-05-02T18:51:38+00:00","description":"Rollator 4 R\u00e4der Neo Easy, leicht, aus Aluminium, mit Sitz, Tasche, Parkbremsen. Bis 136 kg. Schnelle Lieferung in der Schweiz.","breadcrumb":{"@id":"https:\/\/aazsolutions.ch\/de\/produit\/rollator-4-raeder-neo-easy\/#breadcrumb"},"inLanguage":"de","potentialAction":[{"@type":"ReadAction","target":["https:\/\/aazsolutions.ch\/de\/produit\/rollator-4-raeder-neo-easy\/"]}]},{"@type":"ImageObject","inLanguage":"de","@id":"https:\/\/aazsolutions.ch\/de\/produit\/rollator-4-raeder-neo-easy\/#primaryimage","url":"https:\/\/aazsolutions.ch\/wp-content\/uploads\/2026\/04\/826303BLANC_principal-scaled.jpg","contentUrl":"https:\/\/aazsolutions.ch\/wp-content\/uploads\/2026\/04\/826303BLANC_principal-scaled.jpg","width":2212,"height":2560},{"@type":"BreadcrumbList","@id":"https:\/\/aazsolutions.ch\/de\/produit\/rollator-4-raeder-neo-easy\/#breadcrumb","itemListElement":[{"@type":"ListItem","position":1,"name":"Accueil","item":"https:\/\/aazsolutions.ch\/de\/"},{"@type":"ListItem","position":2,"name":"Shop","item":"https:\/\/aazsolutions.ch\/de\/shop\/"},{"@type":"ListItem","position":3,"name":"Leichtgewicht Rollator Neo Easy \u2013 faltbar, 4-Rad, nur 5.6 kg"}]},{"@type":"WebSite","@id":"https:\/\/aazsolutions.ch\/de\/#website","url":"https:\/\/aazsolutions.ch\/de\/","name":"A\u00e0Zsolutions.ch","description":"Des solutions adapt\u00e9es \u00e0 chaque difficult\u00e9!","publisher":{"@id":"https:\/\/aazsolutions.ch\/de\/#organization"},"potentialAction":[{"@type":"SearchAction","target":{"@type":"EntryPoint","urlTemplate":"https:\/\/aazsolutions.ch\/de\/?s={search_term_string}"},"query-input":{"@type":"PropertyValueSpecification","valueRequired":true,"valueName":"search_term_string"}}],"inLanguage":"de"},{"@type":"Organization","@id":"https:\/\/aazsolutions.ch\/de\/#organization","name":"A\u00e0Zsolutions SARL","url":"https:\/\/aazsolutions.ch\/de\/","logo":{"@type":"ImageObject","inLanguage":"de","@id":"https:\/\/aazsolutions.ch\/de\/#\/schema\/logo\/image\/","url":"https:\/\/aazsolutions.ch\/wp-content\/uploads\/2016\/04\/AAZ_Logo_Solutions.jpg","contentUrl":"https:\/\/aazsolutions.ch\/wp-content\/uploads\/2016\/04\/AAZ_Logo_Solutions.jpg","width":1500,"height":481,"caption":"A\u00e0Zsolutions SARL"},"image":{"@id":"https:\/\/aazsolutions.ch\/de\/#\/schema\/logo\/image\/"},"sameAs":["https:\/\/www.facebook.com\/aazsolutions.ch\/","https:\/\/www.linkedin.com\/showcase\/aazsolutions\/"]}]},"og_availability":"instock","product_availability":"instock","product_retailer_item_id":"20155","product_condition":"new"},"_links":{"self":[{"href":"https:\/\/aazsolutions.ch\/de\/wp-json\/wp\/v2\/product\/33972","targetHints":{"allow":["GET"]}}],"collection":[{"href":"https:\/\/aazsolutions.ch\/de\/wp-json\/wp\/v2\/product"}],"about":[{"href":"https:\/\/aazsolutions.ch\/de\/wp-json\/wp\/v2\/types\/product"}],"replies":[{"embeddable":true,"href":"https:\/\/aazsolutions.ch\/de\/wp-json\/wp\/v2\/comments?post=33972"}],"wp:featuredmedia":[{"embeddable":true,"href":"https:\/\/aazsolutions.ch\/de\/wp-json\/wp\/v2\/media\/33148"}],"wp:attachment":[{"href":"https:\/\/aazsolutions.ch\/de\/wp-json\/wp\/v2\/media?parent=33972"}],"wp:term":[{"taxonomy":"product_brand","embeddable":true,"href":"https:\/\/aazsolutions.ch\/de\/wp-json\/wp\/v2\/product_brand?post=33972"},{"taxonomy":"product_cat","embeddable":true,"href":"https:\/\/aazsolutions.ch\/de\/wp-json\/wp\/v2\/product_cat?post=33972"},{"taxonomy":"product_tag","embeddable":true,"href":"https:\/\/aazsolutions.ch\/de\/wp-json\/wp\/v2\/product_tag?post=33972"}],"curies":[{"name":"wp","href":"https:\/\/api.w.org\/{rel}","templated":true}]}}