{"id":33979,"date":"2019-01-01T00:00:00","date_gmt":"2018-12-31T23:00:00","guid":{"rendered":"https:\/\/aazsolutions.ch\/produit\/klassische-unterarmgehstuetze-einzeln\/"},"modified":"2019-01-01T00:00:00","modified_gmt":"2018-12-31T23:00:00","slug":"klassische-unterarmgehstuetze-einzeln","status":"publish","type":"product","link":"https:\/\/aazsolutions.ch\/de\/produit\/klassische-unterarmgehstuetze-einzeln\/","title":{"rendered":"Klassische Unterarmgehst\u00fctze (einzeln)"},"content":{"rendered":"<h2>Klassische Unterarmgehst\u00fctze (einzeln) \u2013 Leichtigkeit und Komfort f\u00fcr Ihre Mobilit\u00e4t<\/h2>\n<p>Die <strong>klassische Unterarmgehst\u00fctze (einzeln)<\/strong> ist ideal f\u00fcr alle, die eine leichte, robuste und einfach verstellbare Gehhilfe suchen. Sie wurde entwickelt, um maximalen Komfort und Sicherheit zu bieten, ist h\u00f6henverstellbar und aus langlebigen Materialien f\u00fcr den t\u00e4glichen Gebrauch gefertigt. <\/p>\n<h3>\u2705 Hauptmerkmale der klassischen Unterarmgehst\u00fctze:<\/h3>\n<ul>\n<li><strong>H\u00f6henverstellbar<\/strong>: Erm\u00f6glicht eine einfache Anpassung der Gehst\u00fctze an Ihre K\u00f6rpergr\u00f6\u00dfe f\u00fcr optimalen Komfort.<\/li>\n<li><strong>Ergonomischer Griff aus Hartplastik<\/strong>: Bietet einen komfortablen und sicheren Halt.<\/li>\n<li><strong>F\u00fc\u00dfe aus grau eloxiertem Aluminium<\/strong>: Leicht, langlebig und verschlei\u00dffest.<\/li>\n<li><strong>Langlebige Materialien<\/strong>: Entwickelt, um intensiver Nutzung standzuhalten und dabei leicht und einfach zu transportieren zu bleiben.<\/li>\n<\/ul>\n<p>Ob Sie eine Gehst\u00fctze f\u00fcr den t\u00e4glichen Gebrauch oder f\u00fcr gelegentliche Wege suchen, die <strong>klassische Unterarmgehst\u00fctze (einzeln)<\/strong> vereint Einfachheit, Komfort und Sicherheit. Sie ist ideal, um Ihre Mobilit\u00e4t mit Vertrauen zu erhalten. <\/p>\n<h3>Bestellen Sie noch heute Ihre klassische Unterarmgehst\u00fctze f\u00fcr sichere und praktische Mobilit\u00e4t!<\/h3>\n","protected":false},"excerpt":{"rendered":"<h2>Spezifikationen<\/h2>\n<ul>\n<li>Griffh\u00f6he: 73\u201396 cm<\/li>\n<li>Griffl\u00e4nge: 24 cm<\/li>\n<li>Fu\u00dfdurchmesser: 1,7 cm<\/li>\n<li>Gewicht: 0,515 kg<\/li>\n<li>Farbe: Schwarz<\/li>\n<li>Max. Benutzergewicht 100 kg <\/li>\n<\/ul>\n","protected":false},"featured_media":31754,"comment_status":"closed","ping_status":"closed","template":"","meta":{"_et_pb_use_builder":"","_et_pb_old_content":"","_et_gb_content_width":"","inline_featured_image":false},"product_brand":[],"product_cat":[1209,1267],"product_tag":[],"class_list":{"0":"post-33979","1":"product","2":"type-product","3":"status-publish","4":"has-post-thumbnail","6":"product_cat-2-mobilitat","7":"product_cat-unterarmgehstutze","8":"product_shipping_class-a","9":"pa_option-farbe-schwarz","11":"first","12":"instock","13":"taxable","14":"shipping-taxable","15":"purchasable","16":"product-type-simple"},"yoast_head":"<!-- This site is optimized with the Yoast SEO Premium plugin v27.2 (Yoast SEO v27.5) - https:\/\/yoast.com\/product\/yoast-seo-premium-wordpress\/ -->\n<title>Klassische Unterarmgehst\u00fctze (einzeln) \u2013 Verstellbar und Komfortabel<\/title>\n<meta name=\"description\" content=\"Die klassische h\u00f6henverstellbare Unterarmgehst\u00fctze mit ergonomischem Griff und Fu\u00df aus eloxiertem Aluminium bietet Komfort und Sicherheit f\u00fcr den t\u00e4glichen Gebrauch.\" \/>\n<meta name=\"robots\" content=\"index, follow, max-snippet:-1, max-image-preview:large, max-video-preview:-1\" \/>\n<link rel=\"canonical\" href=\"https:\/\/aazsolutions.ch\/de\/produit\/klassische-unterarmgehstuetze-einzeln\/\" \/>\n<meta property=\"og:locale\" content=\"de_DE\" \/>\n<meta property=\"og:type\" content=\"article\" \/>\n<meta property=\"og:title\" content=\"Klassische Unterarmgehst\u00fctze (einzeln)\" \/>\n<meta property=\"og:description\" content=\"Die klassische h\u00f6henverstellbare Unterarmgehst\u00fctze mit ergonomischem Griff und Fu\u00df aus eloxiertem Aluminium bietet Komfort und Sicherheit f\u00fcr den t\u00e4glichen Gebrauch.\" \/>\n<meta property=\"og:url\" content=\"https:\/\/aazsolutions.ch\/de\/produit\/klassische-unterarmgehstuetze-einzeln\/\" \/>\n<meta property=\"og:site_name\" content=\"A\u00e0Zsolutions.ch\" \/>\n<meta property=\"article:publisher\" content=\"https:\/\/www.facebook.com\/aazsolutions.ch\/\" \/>\n<meta property=\"og:image\" content=\"https:\/\/aazsolutions.ch\/wp-content\/uploads\/2025\/03\/20151.jpg\" \/>\n\t<meta property=\"og:image:width\" content=\"1120\" \/>\n\t<meta property=\"og:image:height\" content=\"1120\" \/>\n\t<meta property=\"og:image:type\" content=\"image\/jpeg\" \/>\n<meta name=\"twitter:card\" content=\"summary_large_image\" \/>\n<meta name=\"twitter:label1\" content=\"Preis\" \/>\n\t<meta name=\"twitter:data1\" content=\"25.00&nbsp;&#067;&#072;&#070; TVA incluse\" \/>\n\t<meta name=\"twitter:label2\" content=\"Verf\u00fcgbarkeit\" \/>\n\t<meta name=\"twitter:data2\" content=\"Auf Lager\" \/>\n<script type=\"application\/ld+json\" class=\"yoast-schema-graph\">{\"@context\":\"https:\\\/\\\/schema.org\",\"@graph\":[{\"@type\":\"WebPage\",\"@id\":\"https:\\\/\\\/aazsolutions.ch\\\/de\\\/produit\\\/klassische-unterarmgehstuetze-einzeln\\\/\",\"url\":\"https:\\\/\\\/aazsolutions.ch\\\/de\\\/produit\\\/klassische-unterarmgehstuetze-einzeln\\\/\",\"name\":\"Klassische Unterarmgehst\u00fctze (einzeln) \u2013 Verstellbar und Komfortabel\",\"isPartOf\":{\"@id\":\"https:\\\/\\\/aazsolutions.ch\\\/de\\\/#website\"},\"primaryImageOfPage\":{\"@id\":\"https:\\\/\\\/aazsolutions.ch\\\/de\\\/produit\\\/klassische-unterarmgehstuetze-einzeln\\\/#primaryimage\"},\"image\":{\"@id\":\"https:\\\/\\\/aazsolutions.ch\\\/de\\\/produit\\\/klassische-unterarmgehstuetze-einzeln\\\/#primaryimage\"},\"thumbnailUrl\":\"https:\\\/\\\/aazsolutions.ch\\\/wp-content\\\/uploads\\\/2025\\\/03\\\/20151.jpg\",\"datePublished\":\"2018-12-31T23:00:00+00:00\",\"description\":\"Die klassische h\u00f6henverstellbare Unterarmgehst\u00fctze mit ergonomischem Griff und Fu\u00df aus eloxiertem Aluminium bietet Komfort und Sicherheit f\u00fcr den t\u00e4glichen Gebrauch.\",\"breadcrumb\":{\"@id\":\"https:\\\/\\\/aazsolutions.ch\\\/de\\\/produit\\\/klassische-unterarmgehstuetze-einzeln\\\/#breadcrumb\"},\"inLanguage\":\"de\",\"potentialAction\":[{\"@type\":\"ReadAction\",\"target\":[\"https:\\\/\\\/aazsolutions.ch\\\/de\\\/produit\\\/klassische-unterarmgehstuetze-einzeln\\\/\"]}]},{\"@type\":\"ImageObject\",\"inLanguage\":\"de\",\"@id\":\"https:\\\/\\\/aazsolutions.ch\\\/de\\\/produit\\\/klassische-unterarmgehstuetze-einzeln\\\/#primaryimage\",\"url\":\"https:\\\/\\\/aazsolutions.ch\\\/wp-content\\\/uploads\\\/2025\\\/03\\\/20151.jpg\",\"contentUrl\":\"https:\\\/\\\/aazsolutions.ch\\\/wp-content\\\/uploads\\\/2025\\\/03\\\/20151.jpg\",\"width\":1120,\"height\":1120,\"caption\":\"Canne anglaise classique (seule), l\u00e9g\u00e8re et durable avec poign\u00e9e plastique rigide noire\"},{\"@type\":\"BreadcrumbList\",\"@id\":\"https:\\\/\\\/aazsolutions.ch\\\/de\\\/produit\\\/klassische-unterarmgehstuetze-einzeln\\\/#breadcrumb\",\"itemListElement\":[{\"@type\":\"ListItem\",\"position\":1,\"name\":\"Accueil\",\"item\":\"https:\\\/\\\/aazsolutions.ch\\\/de\\\/\"},{\"@type\":\"ListItem\",\"position\":2,\"name\":\"Shop\",\"item\":\"https:\\\/\\\/aazsolutions.ch\\\/de\\\/shop\\\/\"},{\"@type\":\"ListItem\",\"position\":3,\"name\":\"Klassische Unterarmgehst\u00fctze (einzeln)\"}]},{\"@type\":\"WebSite\",\"@id\":\"https:\\\/\\\/aazsolutions.ch\\\/de\\\/#website\",\"url\":\"https:\\\/\\\/aazsolutions.ch\\\/de\\\/\",\"name\":\"A\u00e0Zsolutions.ch\",\"description\":\"Des solutions adapt\u00e9es \u00e0 chaque difficult\u00e9!\",\"publisher\":{\"@id\":\"https:\\\/\\\/aazsolutions.ch\\\/de\\\/#organization\"},\"potentialAction\":[{\"@type\":\"SearchAction\",\"target\":{\"@type\":\"EntryPoint\",\"urlTemplate\":\"https:\\\/\\\/aazsolutions.ch\\\/de\\\/?s={search_term_string}\"},\"query-input\":{\"@type\":\"PropertyValueSpecification\",\"valueRequired\":true,\"valueName\":\"search_term_string\"}}],\"inLanguage\":\"de\"},{\"@type\":\"Organization\",\"@id\":\"https:\\\/\\\/aazsolutions.ch\\\/de\\\/#organization\",\"name\":\"A\u00e0Zsolutions SARL\",\"url\":\"https:\\\/\\\/aazsolutions.ch\\\/de\\\/\",\"logo\":{\"@type\":\"ImageObject\",\"inLanguage\":\"de\",\"@id\":\"https:\\\/\\\/aazsolutions.ch\\\/de\\\/#\\\/schema\\\/logo\\\/image\\\/\",\"url\":\"https:\\\/\\\/aazsolutions.ch\\\/wp-content\\\/uploads\\\/2016\\\/04\\\/AAZ_Logo_Solutions.jpg\",\"contentUrl\":\"https:\\\/\\\/aazsolutions.ch\\\/wp-content\\\/uploads\\\/2016\\\/04\\\/AAZ_Logo_Solutions.jpg\",\"width\":1500,\"height\":481,\"caption\":\"A\u00e0Zsolutions SARL\"},\"image\":{\"@id\":\"https:\\\/\\\/aazsolutions.ch\\\/de\\\/#\\\/schema\\\/logo\\\/image\\\/\"},\"sameAs\":[\"https:\\\/\\\/www.facebook.com\\\/aazsolutions.ch\\\/\",\"https:\\\/\\\/www.linkedin.com\\\/showcase\\\/aazsolutions\\\/\"]}]}<\/script>\n<meta property=\"product:price:amount\" content=\"25.00\" \/>\n<meta property=\"product:price:currency\" content=\"CHF\" \/>\n<meta property=\"og:availability\" content=\"instock\" \/>\n<meta property=\"product:availability\" content=\"instock\" \/>\n<meta property=\"product:retailer_item_id\" content=\"20151\" \/>\n<meta property=\"product:condition\" content=\"new\" \/>\n<!-- \/ Yoast SEO Premium plugin. -->","yoast_head_json":{"title":"Klassische Unterarmgehst\u00fctze (einzeln) \u2013 Verstellbar und Komfortabel","description":"Die klassische h\u00f6henverstellbare Unterarmgehst\u00fctze mit ergonomischem Griff und Fu\u00df aus eloxiertem Aluminium bietet Komfort und Sicherheit f\u00fcr den t\u00e4glichen Gebrauch.","robots":{"index":"index","follow":"follow","max-snippet":"max-snippet:-1","max-image-preview":"max-image-preview:large","max-video-preview":"max-video-preview:-1"},"canonical":"https:\/\/aazsolutions.ch\/de\/produit\/klassische-unterarmgehstuetze-einzeln\/","og_locale":"de_DE","og_type":"article","og_title":"Klassische Unterarmgehst\u00fctze (einzeln)","og_description":"Die klassische h\u00f6henverstellbare Unterarmgehst\u00fctze mit ergonomischem Griff und Fu\u00df aus eloxiertem Aluminium bietet Komfort und Sicherheit f\u00fcr den t\u00e4glichen Gebrauch.","og_url":"https:\/\/aazsolutions.ch\/de\/produit\/klassische-unterarmgehstuetze-einzeln\/","og_site_name":"A\u00e0Zsolutions.ch","article_publisher":"https:\/\/www.facebook.com\/aazsolutions.ch\/","og_image":[{"width":1120,"height":1120,"url":"https:\/\/aazsolutions.ch\/wp-content\/uploads\/2025\/03\/20151.jpg","type":"image\/jpeg"}],"twitter_card":"summary_large_image","twitter_misc":{"Preis":"25.00&nbsp;&#67;&#72;&#70; TVA incluse","Verf\u00fcgbarkeit":"Auf Lager"},"schema":{"@context":"https:\/\/schema.org","@graph":[{"@type":"WebPage","@id":"https:\/\/aazsolutions.ch\/de\/produit\/klassische-unterarmgehstuetze-einzeln\/","url":"https:\/\/aazsolutions.ch\/de\/produit\/klassische-unterarmgehstuetze-einzeln\/","name":"Klassische Unterarmgehst\u00fctze (einzeln) \u2013 Verstellbar und Komfortabel","isPartOf":{"@id":"https:\/\/aazsolutions.ch\/de\/#website"},"primaryImageOfPage":{"@id":"https:\/\/aazsolutions.ch\/de\/produit\/klassische-unterarmgehstuetze-einzeln\/#primaryimage"},"image":{"@id":"https:\/\/aazsolutions.ch\/de\/produit\/klassische-unterarmgehstuetze-einzeln\/#primaryimage"},"thumbnailUrl":"https:\/\/aazsolutions.ch\/wp-content\/uploads\/2025\/03\/20151.jpg","datePublished":"2018-12-31T23:00:00+00:00","description":"Die klassische h\u00f6henverstellbare Unterarmgehst\u00fctze mit ergonomischem Griff und Fu\u00df aus eloxiertem Aluminium bietet Komfort und Sicherheit f\u00fcr den t\u00e4glichen Gebrauch.","breadcrumb":{"@id":"https:\/\/aazsolutions.ch\/de\/produit\/klassische-unterarmgehstuetze-einzeln\/#breadcrumb"},"inLanguage":"de","potentialAction":[{"@type":"ReadAction","target":["https:\/\/aazsolutions.ch\/de\/produit\/klassische-unterarmgehstuetze-einzeln\/"]}]},{"@type":"ImageObject","inLanguage":"de","@id":"https:\/\/aazsolutions.ch\/de\/produit\/klassische-unterarmgehstuetze-einzeln\/#primaryimage","url":"https:\/\/aazsolutions.ch\/wp-content\/uploads\/2025\/03\/20151.jpg","contentUrl":"https:\/\/aazsolutions.ch\/wp-content\/uploads\/2025\/03\/20151.jpg","width":1120,"height":1120,"caption":"Canne anglaise classique (seule), l\u00e9g\u00e8re et durable avec poign\u00e9e plastique rigide noire"},{"@type":"BreadcrumbList","@id":"https:\/\/aazsolutions.ch\/de\/produit\/klassische-unterarmgehstuetze-einzeln\/#breadcrumb","itemListElement":[{"@type":"ListItem","position":1,"name":"Accueil","item":"https:\/\/aazsolutions.ch\/de\/"},{"@type":"ListItem","position":2,"name":"Shop","item":"https:\/\/aazsolutions.ch\/de\/shop\/"},{"@type":"ListItem","position":3,"name":"Klassische Unterarmgehst\u00fctze (einzeln)"}]},{"@type":"WebSite","@id":"https:\/\/aazsolutions.ch\/de\/#website","url":"https:\/\/aazsolutions.ch\/de\/","name":"A\u00e0Zsolutions.ch","description":"Des solutions adapt\u00e9es \u00e0 chaque difficult\u00e9!","publisher":{"@id":"https:\/\/aazsolutions.ch\/de\/#organization"},"potentialAction":[{"@type":"SearchAction","target":{"@type":"EntryPoint","urlTemplate":"https:\/\/aazsolutions.ch\/de\/?s={search_term_string}"},"query-input":{"@type":"PropertyValueSpecification","valueRequired":true,"valueName":"search_term_string"}}],"inLanguage":"de"},{"@type":"Organization","@id":"https:\/\/aazsolutions.ch\/de\/#organization","name":"A\u00e0Zsolutions SARL","url":"https:\/\/aazsolutions.ch\/de\/","logo":{"@type":"ImageObject","inLanguage":"de","@id":"https:\/\/aazsolutions.ch\/de\/#\/schema\/logo\/image\/","url":"https:\/\/aazsolutions.ch\/wp-content\/uploads\/2016\/04\/AAZ_Logo_Solutions.jpg","contentUrl":"https:\/\/aazsolutions.ch\/wp-content\/uploads\/2016\/04\/AAZ_Logo_Solutions.jpg","width":1500,"height":481,"caption":"A\u00e0Zsolutions SARL"},"image":{"@id":"https:\/\/aazsolutions.ch\/de\/#\/schema\/logo\/image\/"},"sameAs":["https:\/\/www.facebook.com\/aazsolutions.ch\/","https:\/\/www.linkedin.com\/showcase\/aazsolutions\/"]}]},"product_price_amount":"25.00","product_price_currency":"CHF","og_availability":"instock","product_availability":"instock","product_retailer_item_id":"20151","product_condition":"new"},"_links":{"self":[{"href":"https:\/\/aazsolutions.ch\/de\/wp-json\/wp\/v2\/product\/33979","targetHints":{"allow":["GET"]}}],"collection":[{"href":"https:\/\/aazsolutions.ch\/de\/wp-json\/wp\/v2\/product"}],"about":[{"href":"https:\/\/aazsolutions.ch\/de\/wp-json\/wp\/v2\/types\/product"}],"replies":[{"embeddable":true,"href":"https:\/\/aazsolutions.ch\/de\/wp-json\/wp\/v2\/comments?post=33979"}],"wp:featuredmedia":[{"embeddable":true,"href":"https:\/\/aazsolutions.ch\/de\/wp-json\/wp\/v2\/media\/31754"}],"wp:attachment":[{"href":"https:\/\/aazsolutions.ch\/de\/wp-json\/wp\/v2\/media?parent=33979"}],"wp:term":[{"taxonomy":"product_brand","embeddable":true,"href":"https:\/\/aazsolutions.ch\/de\/wp-json\/wp\/v2\/product_brand?post=33979"},{"taxonomy":"product_cat","embeddable":true,"href":"https:\/\/aazsolutions.ch\/de\/wp-json\/wp\/v2\/product_cat?post=33979"},{"taxonomy":"product_tag","embeddable":true,"href":"https:\/\/aazsolutions.ch\/de\/wp-json\/wp\/v2\/product_tag?post=33979"}],"curies":[{"name":"wp","href":"https:\/\/api.w.org\/{rel}","templated":true}]}}