{"id":34058,"date":"2019-01-01T00:00:00","date_gmt":"2018-12-31T23:00:00","guid":{"rendered":"https:\/\/aazsolutions.ch\/produit\/leichter-3-rad-rollator\/"},"modified":"2019-01-01T00:00:00","modified_gmt":"2018-12-31T23:00:00","slug":"leichter-3-rad-rollator","status":"publish","type":"product","link":"https:\/\/aazsolutions.ch\/de\/produit\/leichter-3-rad-rollator\/","title":{"rendered":"Leichter 3-Rad-Rollator"},"content":{"rendered":"<h2>Leichter 3-Rad-Rollator \u2013 Komfort und Praktikabilit\u00e4t f\u00fcr All Ihre Wege<\/h2>\n<p>Der <strong>leichte 3-Rad-Rollator<\/strong> ist konzipiert, um praktische und elegante Mobilit\u00e4t zu bieten. Aus Aluminium gefertigt, ist dieser Gehwagen leicht, einfach zu man\u00f6vrieren und perfekt f\u00fcr den Einsatz im Innen- wie im Aussenbereich. Dank seiner kompakten Bauweise und seines Fliegengewichts ist er ideal f\u00fcr Reisen, Ausfl\u00fcge und l\u00e4sst sich problemlos im Kofferraum eines Autos verstauen.  <\/p>\n<h3>\u2705 Hauptmerkmale des 3-Rad-Rollators:<\/h3>\n<ul>\n<li><strong>Ultraleicht und kompakt<\/strong>: Einfach zu transportieren und zu verstauen, ideal f\u00fcr Reisen.<\/li>\n<li><strong>Aluminium-Konstruktion<\/strong>: Robust und langlebig, dabei leicht f\u00fcr mehr Wendigkeit.<\/li>\n<li><strong>Einfach faltbar<\/strong>: Reduziert den Platzbedarf f\u00fcr einfache Lagerung und leichten Transport.<\/li>\n<li><strong>Praktische Aufbewahrungstasche<\/strong>: Perfekt zum Mitnehmen Ihrer pers\u00f6nlichen Gegenst\u00e4nde oder f\u00fcr Eink\u00e4ufe.<\/li>\n<li><strong>Vielseitig<\/strong>: Geeignet f\u00fcr den Einsatz zu Hause, im Innen- oder Aussenbereich.<\/li>\n<\/ul>\n<p>Der <strong>leichte 3-Rad-Rollator<\/strong> vereint Komfort, Mobilit\u00e4t und Praktikabilit\u00e4t. Ob f\u00fcr Ausfl\u00fcge, Reisen oder Wege zu Hause \u2013 er garantiert Ihnen ein angenehmes und m\u00fcheloses Mobilit\u00e4tserlebnis. <\/p>\n<h3>Bestellen Sie Ihren 3-Rad-Rollator jetzt f\u00fcr optimale Mobilit\u00e4t!<\/h3>\n","protected":false},"excerpt":{"rendered":"<h2>Spezifikationen<\/h2>\n<ul>\n<li>Griffh\u00f6hen Boden-Griffe: 81\u201392 cm<\/li>\n<li>Gesamtbreite: 66 cm<\/li>\n<li>L\u00e4nge: 57,6 cm<\/li>\n<li>Gewicht: 4,7 kg<\/li>\n<li>Farbe: Orange<\/li>\n<li>Max. Benutzergewicht: 125 kg <\/li>\n<\/ul>\n<p><span style=\"color: #e2001a;\"><strong>Zur Miete verf\u00fcgbar: CHF 30.\u2013\/Monat<\/strong><\/span><\/p>\n","protected":false},"featured_media":31755,"comment_status":"closed","ping_status":"closed","template":"","meta":{"_et_pb_use_builder":"","_et_pb_old_content":"","_et_gb_content_width":"","inline_featured_image":false},"product_brand":[],"product_cat":[1282,1209],"product_tag":[],"class_list":{"0":"post-34058","1":"product","2":"type-product","3":"status-publish","4":"has-post-thumbnail","6":"product_cat-2-oder-3-rad-rollator","7":"product_cat-2-mobilitat","8":"product_shipping_class-c","9":"pa_option-farbe-orange","11":"first","12":"instock","13":"taxable","14":"shipping-taxable","15":"purchasable","16":"product-type-simple"},"yoast_head":"<!-- This site is optimized with the Yoast SEO Premium plugin v27.2 (Yoast SEO v27.5) - https:\/\/yoast.com\/product\/yoast-seo-premium-wordpress\/ -->\n<title>Leichter 3-Rad-Rollator \u2013 Praktische und Kompakte Mobilit\u00e4t<\/title>\n<meta name=\"description\" content=\"Der leichte 3-Rad-Rollator aus Aluminium ist ideal f\u00fcr Innen- und Aussenbereiche. Leicht, kompakt, perfekt f\u00fcr Ihre t\u00e4glichen Wege.\" \/>\n<meta name=\"robots\" content=\"index, follow, max-snippet:-1, max-image-preview:large, max-video-preview:-1\" \/>\n<link rel=\"canonical\" href=\"https:\/\/aazsolutions.ch\/de\/produit\/leichter-3-rad-rollator\/\" \/>\n<meta property=\"og:locale\" content=\"de_DE\" \/>\n<meta property=\"og:type\" content=\"article\" \/>\n<meta property=\"og:title\" content=\"Leichter 3-Rad-Rollator\" \/>\n<meta property=\"og:description\" content=\"Der leichte 3-Rad-Rollator aus Aluminium ist ideal f\u00fcr Innen- und Aussenbereiche. Leicht, kompakt, perfekt f\u00fcr Ihre t\u00e4glichen Wege.\" \/>\n<meta property=\"og:url\" content=\"https:\/\/aazsolutions.ch\/de\/produit\/leichter-3-rad-rollator\/\" \/>\n<meta property=\"og:site_name\" content=\"A\u00e0Zsolutions.ch\" \/>\n<meta property=\"article:publisher\" content=\"https:\/\/www.facebook.com\/aazsolutions.ch\/\" \/>\n<meta property=\"og:image\" content=\"https:\/\/aazsolutions.ch\/wp-content\/uploads\/2025\/03\/20152-1.jpg\" \/>\n\t<meta property=\"og:image:width\" content=\"1120\" \/>\n\t<meta property=\"og:image:height\" content=\"1120\" \/>\n\t<meta property=\"og:image:type\" content=\"image\/jpeg\" \/>\n<meta name=\"twitter:card\" content=\"summary_large_image\" \/>\n<meta name=\"twitter:label1\" content=\"Preis\" \/>\n\t<meta name=\"twitter:data1\" content=\"199.00&nbsp;&#067;&#072;&#070; TVA incluse\" \/>\n\t<meta name=\"twitter:label2\" content=\"Verf\u00fcgbarkeit\" \/>\n\t<meta name=\"twitter:data2\" content=\"Auf Lager\" \/>\n<script type=\"application\/ld+json\" class=\"yoast-schema-graph\">{\"@context\":\"https:\\\/\\\/schema.org\",\"@graph\":[{\"@type\":\"WebPage\",\"@id\":\"https:\\\/\\\/aazsolutions.ch\\\/de\\\/produit\\\/leichter-3-rad-rollator\\\/\",\"url\":\"https:\\\/\\\/aazsolutions.ch\\\/de\\\/produit\\\/leichter-3-rad-rollator\\\/\",\"name\":\"Leichter 3-Rad-Rollator \u2013 Praktische und Kompakte Mobilit\u00e4t\",\"isPartOf\":{\"@id\":\"https:\\\/\\\/aazsolutions.ch\\\/de\\\/#website\"},\"primaryImageOfPage\":{\"@id\":\"https:\\\/\\\/aazsolutions.ch\\\/de\\\/produit\\\/leichter-3-rad-rollator\\\/#primaryimage\"},\"image\":{\"@id\":\"https:\\\/\\\/aazsolutions.ch\\\/de\\\/produit\\\/leichter-3-rad-rollator\\\/#primaryimage\"},\"thumbnailUrl\":\"https:\\\/\\\/aazsolutions.ch\\\/wp-content\\\/uploads\\\/2025\\\/03\\\/20152-1.jpg\",\"datePublished\":\"2018-12-31T23:00:00+00:00\",\"description\":\"Der leichte 3-Rad-Rollator aus Aluminium ist ideal f\u00fcr Innen- und Aussenbereiche. Leicht, kompakt, perfekt f\u00fcr Ihre t\u00e4glichen Wege.\",\"breadcrumb\":{\"@id\":\"https:\\\/\\\/aazsolutions.ch\\\/de\\\/produit\\\/leichter-3-rad-rollator\\\/#breadcrumb\"},\"inLanguage\":\"de\",\"potentialAction\":[{\"@type\":\"ReadAction\",\"target\":[\"https:\\\/\\\/aazsolutions.ch\\\/de\\\/produit\\\/leichter-3-rad-rollator\\\/\"]}]},{\"@type\":\"ImageObject\",\"inLanguage\":\"de\",\"@id\":\"https:\\\/\\\/aazsolutions.ch\\\/de\\\/produit\\\/leichter-3-rad-rollator\\\/#primaryimage\",\"url\":\"https:\\\/\\\/aazsolutions.ch\\\/wp-content\\\/uploads\\\/2025\\\/03\\\/20152-1.jpg\",\"contentUrl\":\"https:\\\/\\\/aazsolutions.ch\\\/wp-content\\\/uploads\\\/2025\\\/03\\\/20152-1.jpg\",\"width\":1120,\"height\":1120,\"caption\":\"Rollator 3 roues l\u00e9ger, compact et pliable pour une mobilit\u00e9 int\u00e9rieure et ext\u00e9rieure ais\u00e9e\"},{\"@type\":\"BreadcrumbList\",\"@id\":\"https:\\\/\\\/aazsolutions.ch\\\/de\\\/produit\\\/leichter-3-rad-rollator\\\/#breadcrumb\",\"itemListElement\":[{\"@type\":\"ListItem\",\"position\":1,\"name\":\"Accueil\",\"item\":\"https:\\\/\\\/aazsolutions.ch\\\/de\\\/\"},{\"@type\":\"ListItem\",\"position\":2,\"name\":\"Shop\",\"item\":\"https:\\\/\\\/aazsolutions.ch\\\/de\\\/shop\\\/\"},{\"@type\":\"ListItem\",\"position\":3,\"name\":\"Leichter 3-Rad-Rollator\"}]},{\"@type\":\"WebSite\",\"@id\":\"https:\\\/\\\/aazsolutions.ch\\\/de\\\/#website\",\"url\":\"https:\\\/\\\/aazsolutions.ch\\\/de\\\/\",\"name\":\"A\u00e0Zsolutions.ch\",\"description\":\"Des solutions adapt\u00e9es \u00e0 chaque difficult\u00e9!\",\"publisher\":{\"@id\":\"https:\\\/\\\/aazsolutions.ch\\\/de\\\/#organization\"},\"potentialAction\":[{\"@type\":\"SearchAction\",\"target\":{\"@type\":\"EntryPoint\",\"urlTemplate\":\"https:\\\/\\\/aazsolutions.ch\\\/de\\\/?s={search_term_string}\"},\"query-input\":{\"@type\":\"PropertyValueSpecification\",\"valueRequired\":true,\"valueName\":\"search_term_string\"}}],\"inLanguage\":\"de\"},{\"@type\":\"Organization\",\"@id\":\"https:\\\/\\\/aazsolutions.ch\\\/de\\\/#organization\",\"name\":\"A\u00e0Zsolutions SARL\",\"url\":\"https:\\\/\\\/aazsolutions.ch\\\/de\\\/\",\"logo\":{\"@type\":\"ImageObject\",\"inLanguage\":\"de\",\"@id\":\"https:\\\/\\\/aazsolutions.ch\\\/de\\\/#\\\/schema\\\/logo\\\/image\\\/\",\"url\":\"https:\\\/\\\/aazsolutions.ch\\\/wp-content\\\/uploads\\\/2016\\\/04\\\/AAZ_Logo_Solutions.jpg\",\"contentUrl\":\"https:\\\/\\\/aazsolutions.ch\\\/wp-content\\\/uploads\\\/2016\\\/04\\\/AAZ_Logo_Solutions.jpg\",\"width\":1500,\"height\":481,\"caption\":\"A\u00e0Zsolutions SARL\"},\"image\":{\"@id\":\"https:\\\/\\\/aazsolutions.ch\\\/de\\\/#\\\/schema\\\/logo\\\/image\\\/\"},\"sameAs\":[\"https:\\\/\\\/www.facebook.com\\\/aazsolutions.ch\\\/\",\"https:\\\/\\\/www.linkedin.com\\\/showcase\\\/aazsolutions\\\/\"]}]}<\/script>\n<meta property=\"product:price:amount\" content=\"199.00\" \/>\n<meta property=\"product:price:currency\" content=\"CHF\" \/>\n<meta property=\"og:availability\" content=\"instock\" \/>\n<meta property=\"product:availability\" content=\"instock\" \/>\n<meta property=\"product:retailer_item_id\" content=\"20152\" \/>\n<meta property=\"product:condition\" content=\"new\" \/>\n<!-- \/ Yoast SEO Premium plugin. -->","yoast_head_json":{"title":"Leichter 3-Rad-Rollator \u2013 Praktische und Kompakte Mobilit\u00e4t","description":"Der leichte 3-Rad-Rollator aus Aluminium ist ideal f\u00fcr Innen- und Aussenbereiche. Leicht, kompakt, perfekt f\u00fcr Ihre t\u00e4glichen Wege.","robots":{"index":"index","follow":"follow","max-snippet":"max-snippet:-1","max-image-preview":"max-image-preview:large","max-video-preview":"max-video-preview:-1"},"canonical":"https:\/\/aazsolutions.ch\/de\/produit\/leichter-3-rad-rollator\/","og_locale":"de_DE","og_type":"article","og_title":"Leichter 3-Rad-Rollator","og_description":"Der leichte 3-Rad-Rollator aus Aluminium ist ideal f\u00fcr Innen- und Aussenbereiche. Leicht, kompakt, perfekt f\u00fcr Ihre t\u00e4glichen Wege.","og_url":"https:\/\/aazsolutions.ch\/de\/produit\/leichter-3-rad-rollator\/","og_site_name":"A\u00e0Zsolutions.ch","article_publisher":"https:\/\/www.facebook.com\/aazsolutions.ch\/","og_image":[{"width":1120,"height":1120,"url":"https:\/\/aazsolutions.ch\/wp-content\/uploads\/2025\/03\/20152-1.jpg","type":"image\/jpeg"}],"twitter_card":"summary_large_image","twitter_misc":{"Preis":"199.00&nbsp;&#67;&#72;&#70; TVA incluse","Verf\u00fcgbarkeit":"Auf Lager"},"schema":{"@context":"https:\/\/schema.org","@graph":[{"@type":"WebPage","@id":"https:\/\/aazsolutions.ch\/de\/produit\/leichter-3-rad-rollator\/","url":"https:\/\/aazsolutions.ch\/de\/produit\/leichter-3-rad-rollator\/","name":"Leichter 3-Rad-Rollator \u2013 Praktische und Kompakte Mobilit\u00e4t","isPartOf":{"@id":"https:\/\/aazsolutions.ch\/de\/#website"},"primaryImageOfPage":{"@id":"https:\/\/aazsolutions.ch\/de\/produit\/leichter-3-rad-rollator\/#primaryimage"},"image":{"@id":"https:\/\/aazsolutions.ch\/de\/produit\/leichter-3-rad-rollator\/#primaryimage"},"thumbnailUrl":"https:\/\/aazsolutions.ch\/wp-content\/uploads\/2025\/03\/20152-1.jpg","datePublished":"2018-12-31T23:00:00+00:00","description":"Der leichte 3-Rad-Rollator aus Aluminium ist ideal f\u00fcr Innen- und Aussenbereiche. Leicht, kompakt, perfekt f\u00fcr Ihre t\u00e4glichen Wege.","breadcrumb":{"@id":"https:\/\/aazsolutions.ch\/de\/produit\/leichter-3-rad-rollator\/#breadcrumb"},"inLanguage":"de","potentialAction":[{"@type":"ReadAction","target":["https:\/\/aazsolutions.ch\/de\/produit\/leichter-3-rad-rollator\/"]}]},{"@type":"ImageObject","inLanguage":"de","@id":"https:\/\/aazsolutions.ch\/de\/produit\/leichter-3-rad-rollator\/#primaryimage","url":"https:\/\/aazsolutions.ch\/wp-content\/uploads\/2025\/03\/20152-1.jpg","contentUrl":"https:\/\/aazsolutions.ch\/wp-content\/uploads\/2025\/03\/20152-1.jpg","width":1120,"height":1120,"caption":"Rollator 3 roues l\u00e9ger, compact et pliable pour une mobilit\u00e9 int\u00e9rieure et ext\u00e9rieure ais\u00e9e"},{"@type":"BreadcrumbList","@id":"https:\/\/aazsolutions.ch\/de\/produit\/leichter-3-rad-rollator\/#breadcrumb","itemListElement":[{"@type":"ListItem","position":1,"name":"Accueil","item":"https:\/\/aazsolutions.ch\/de\/"},{"@type":"ListItem","position":2,"name":"Shop","item":"https:\/\/aazsolutions.ch\/de\/shop\/"},{"@type":"ListItem","position":3,"name":"Leichter 3-Rad-Rollator"}]},{"@type":"WebSite","@id":"https:\/\/aazsolutions.ch\/de\/#website","url":"https:\/\/aazsolutions.ch\/de\/","name":"A\u00e0Zsolutions.ch","description":"Des solutions adapt\u00e9es \u00e0 chaque difficult\u00e9!","publisher":{"@id":"https:\/\/aazsolutions.ch\/de\/#organization"},"potentialAction":[{"@type":"SearchAction","target":{"@type":"EntryPoint","urlTemplate":"https:\/\/aazsolutions.ch\/de\/?s={search_term_string}"},"query-input":{"@type":"PropertyValueSpecification","valueRequired":true,"valueName":"search_term_string"}}],"inLanguage":"de"},{"@type":"Organization","@id":"https:\/\/aazsolutions.ch\/de\/#organization","name":"A\u00e0Zsolutions SARL","url":"https:\/\/aazsolutions.ch\/de\/","logo":{"@type":"ImageObject","inLanguage":"de","@id":"https:\/\/aazsolutions.ch\/de\/#\/schema\/logo\/image\/","url":"https:\/\/aazsolutions.ch\/wp-content\/uploads\/2016\/04\/AAZ_Logo_Solutions.jpg","contentUrl":"https:\/\/aazsolutions.ch\/wp-content\/uploads\/2016\/04\/AAZ_Logo_Solutions.jpg","width":1500,"height":481,"caption":"A\u00e0Zsolutions SARL"},"image":{"@id":"https:\/\/aazsolutions.ch\/de\/#\/schema\/logo\/image\/"},"sameAs":["https:\/\/www.facebook.com\/aazsolutions.ch\/","https:\/\/www.linkedin.com\/showcase\/aazsolutions\/"]}]},"product_price_amount":"199.00","product_price_currency":"CHF","og_availability":"instock","product_availability":"instock","product_retailer_item_id":"20152","product_condition":"new"},"_links":{"self":[{"href":"https:\/\/aazsolutions.ch\/de\/wp-json\/wp\/v2\/product\/34058","targetHints":{"allow":["GET"]}}],"collection":[{"href":"https:\/\/aazsolutions.ch\/de\/wp-json\/wp\/v2\/product"}],"about":[{"href":"https:\/\/aazsolutions.ch\/de\/wp-json\/wp\/v2\/types\/product"}],"replies":[{"embeddable":true,"href":"https:\/\/aazsolutions.ch\/de\/wp-json\/wp\/v2\/comments?post=34058"}],"wp:featuredmedia":[{"embeddable":true,"href":"https:\/\/aazsolutions.ch\/de\/wp-json\/wp\/v2\/media\/31755"}],"wp:attachment":[{"href":"https:\/\/aazsolutions.ch\/de\/wp-json\/wp\/v2\/media?parent=34058"}],"wp:term":[{"taxonomy":"product_brand","embeddable":true,"href":"https:\/\/aazsolutions.ch\/de\/wp-json\/wp\/v2\/product_brand?post=34058"},{"taxonomy":"product_cat","embeddable":true,"href":"https:\/\/aazsolutions.ch\/de\/wp-json\/wp\/v2\/product_cat?post=34058"},{"taxonomy":"product_tag","embeddable":true,"href":"https:\/\/aazsolutions.ch\/de\/wp-json\/wp\/v2\/product_tag?post=34058"}],"curies":[{"name":"wp","href":"https:\/\/api.w.org\/{rel}","templated":true}]}}