{"id":34067,"date":"2019-01-01T00:00:00","date_gmt":"2018-12-31T23:00:00","guid":{"rendered":"https:\/\/aazsolutions.ch\/produit\/toilettensitzerhoehung-ibiza\/"},"modified":"2019-01-01T00:00:00","modified_gmt":"2018-12-31T23:00:00","slug":"toilettensitzerhoehung-ibiza","status":"publish","type":"product","link":"https:\/\/aazsolutions.ch\/de\/produit\/toilettensitzerhoehung-ibiza\/","title":{"rendered":"Toilettensitzerh\u00f6hung Ibiza"},"content":{"rendered":"<h2>Toilettensitzerh\u00f6hung Ibiza \u2013 Einfachheit, Komfort und pflegeleicht<\/h2>\n<p>Die <strong>Toilettensitzerh\u00f6hung Ibiza<\/strong> erm\u00f6glicht es, die Sitzh\u00f6he von Standard-WCs zu erh\u00f6hen, was das Aufstehen erleichtert und den Kraftaufwand f\u00fcr Personen mit eingeschr\u00e4nkter Mobilit\u00e4t oder in der Genesungsphase reduziert. Sie stellt eine wirksame Hilfe zur F\u00f6rderung der t\u00e4glichen Selbstst\u00e4ndigkeit dar.<\/p>\n<p>Die Installation ist schnell und einfach: Positionieren Sie sie bis zum Anschlag vorne am Beckenrand und ziehen Sie dann die <strong>beiden grossen seitlichen Drehkn\u00f6pfe<\/strong> f\u00fcr eine stabile Befestigung fest. Dieses System passt auf die meisten Standard-WCs und erfordert kein Werkzeug.<\/p>\n<p>Die vollst\u00e4ndig aus <strong>leichtem und hygienischem Kunststoff<\/strong> gefertigte Toilettensitzerh\u00f6hung Ibiza ist leicht zu reinigen und bietet auch bei t\u00e4glichem Gebrauch eine hohe Langlebigkeit.<\/p>\n<h3>\u2705 Die Vorteile der Toilettensitzerh\u00f6hung:<\/h3>\n<ul>\n<li>Einfache Befestigung mit 2 seitlichen Drehkn\u00f6pfen<\/li>\n<li>Werkzeuglose Montage in wenigen Sekunden<\/li>\n<li>Erh\u00f6hte Sitzposition f\u00fcr mehr Komfort<\/li>\n<li>Robuste und pflegeleichte Kunststoffstruktur<\/li>\n<li>Kompatibel mit den meisten Standard-WCs<\/li>\n<\/ul>\n<h3>Eine praktische und erschwingliche Toilettensitzerh\u00f6hung<\/h3>\n<p>Die <strong>Toilettensitzerh\u00f6hung<\/strong> ist eine diskrete, funktionale und preiswerte L\u00f6sung, um den Zugang zur Toilette zu erleichtern. Sie richtet sich sowohl an Privatpersonen als auch an medizinische Einrichtungen oder die h\u00e4usliche Pflege.<\/p>\n<p><strong>Bestellen Sie Ihre Toilettensitzerh\u00f6hung Ibiza \u2013 Schnelle Lieferung in der Schweiz!<\/strong><\/p>\n","protected":false},"excerpt":{"rendered":"<h2>Spezifikationen<\/h2>\n<ul>\n<li>Sehr schnelle Befestigung durch 2 Drehkn\u00f6pfe<\/li>\n<li>Komfortable, anatomisch geformte Sitzfl\u00e4che<\/li>\n<li>H\u00f6he: 15 cm<\/li>\n<li>Max. Gewicht Benutzer: 225 kg<\/li>\n<li>Farbe: Weiss<\/li>\n<\/ul>\n","protected":false},"featured_media":31411,"comment_status":"closed","ping_status":"closed","template":"","meta":{"_et_pb_use_builder":"","_et_pb_old_content":"","_et_gb_content_width":"","inline_featured_image":false},"product_brand":[],"product_cat":[1211,1245],"product_tag":[],"class_list":{"0":"post-34067","1":"product","2":"type-product","3":"status-publish","4":"has-post-thumbnail","6":"product_cat-1-bad-dusche-wc","7":"product_cat-wc-erhohungen","8":"product_shipping_class-a","9":"pa_hauteur-15cm","10":"pa_modele-ohne-deckel","12":"first","13":"instock","14":"taxable","15":"shipping-taxable","16":"purchasable","17":"product-type-simple"},"yoast_head":"<!-- This site is optimized with the Yoast SEO Premium plugin v27.2 (Yoast SEO v27.5) - https:\/\/yoast.com\/product\/yoast-seo-premium-wordpress\/ -->\n<title>Toilettensitzerh\u00f6hung Ibiza f\u00fcr Benutzer bis 225 kg<\/title>\n<meta name=\"description\" content=\"Entscheiden Sie sich f\u00fcr die Toilettensitzerh\u00f6hung Ibiza f\u00fcr eine ideale Sitzh\u00f6he von 15 cm. Mit einer Belastbarkeit von 225 kg ist Komfort garantiert! \ud83d\udebd\" \/>\n<meta name=\"robots\" content=\"index, follow, max-snippet:-1, max-image-preview:large, max-video-preview:-1\" \/>\n<link rel=\"canonical\" href=\"https:\/\/aazsolutions.ch\/de\/produit\/toilettensitzerhoehung-ibiza\/\" \/>\n<meta property=\"og:locale\" content=\"de_DE\" \/>\n<meta property=\"og:type\" content=\"article\" \/>\n<meta property=\"og:title\" content=\"Toilettensitzerh\u00f6hung Ibiza\" \/>\n<meta property=\"og:description\" content=\"Entscheiden Sie sich f\u00fcr die Toilettensitzerh\u00f6hung Ibiza f\u00fcr eine ideale Sitzh\u00f6he von 15 cm. Mit einer Belastbarkeit von 225 kg ist Komfort garantiert! \ud83d\udebd\" \/>\n<meta property=\"og:url\" content=\"https:\/\/aazsolutions.ch\/de\/produit\/toilettensitzerhoehung-ibiza\/\" \/>\n<meta property=\"og:site_name\" content=\"A\u00e0Zsolutions.ch\" \/>\n<meta property=\"article:publisher\" content=\"https:\/\/www.facebook.com\/aazsolutions.ch\/\" \/>\n<meta property=\"og:image\" content=\"https:\/\/aazsolutions.ch\/wp-content\/uploads\/2025\/03\/10054.jpg\" \/>\n\t<meta property=\"og:image:width\" content=\"1120\" \/>\n\t<meta property=\"og:image:height\" content=\"1120\" \/>\n\t<meta property=\"og:image:type\" content=\"image\/jpeg\" \/>\n<meta name=\"twitter:card\" content=\"summary_large_image\" \/>\n<meta name=\"twitter:label1\" content=\"Preis\" \/>\n\t<meta name=\"twitter:data1\" content=\"85.00&nbsp;&#067;&#072;&#070; TVA incluse\" \/>\n\t<meta name=\"twitter:label2\" content=\"Verf\u00fcgbarkeit\" \/>\n\t<meta name=\"twitter:data2\" content=\"Auf Lager\" \/>\n<script type=\"application\/ld+json\" class=\"yoast-schema-graph\">{\"@context\":\"https:\\\/\\\/schema.org\",\"@graph\":[{\"@type\":\"WebPage\",\"@id\":\"https:\\\/\\\/aazsolutions.ch\\\/de\\\/produit\\\/toilettensitzerhoehung-ibiza\\\/\",\"url\":\"https:\\\/\\\/aazsolutions.ch\\\/de\\\/produit\\\/toilettensitzerhoehung-ibiza\\\/\",\"name\":\"Toilettensitzerh\u00f6hung Ibiza f\u00fcr Benutzer bis 225 kg\",\"isPartOf\":{\"@id\":\"https:\\\/\\\/aazsolutions.ch\\\/de\\\/#website\"},\"primaryImageOfPage\":{\"@id\":\"https:\\\/\\\/aazsolutions.ch\\\/de\\\/produit\\\/toilettensitzerhoehung-ibiza\\\/#primaryimage\"},\"image\":{\"@id\":\"https:\\\/\\\/aazsolutions.ch\\\/de\\\/produit\\\/toilettensitzerhoehung-ibiza\\\/#primaryimage\"},\"thumbnailUrl\":\"https:\\\/\\\/aazsolutions.ch\\\/wp-content\\\/uploads\\\/2025\\\/03\\\/10054.jpg\",\"datePublished\":\"2018-12-31T23:00:00+00:00\",\"description\":\"Entscheiden Sie sich f\u00fcr die Toilettensitzerh\u00f6hung Ibiza f\u00fcr eine ideale Sitzh\u00f6he von 15 cm. Mit einer Belastbarkeit von 225 kg ist Komfort garantiert! \ud83d\udebd\",\"breadcrumb\":{\"@id\":\"https:\\\/\\\/aazsolutions.ch\\\/de\\\/produit\\\/toilettensitzerhoehung-ibiza\\\/#breadcrumb\"},\"inLanguage\":\"de\",\"potentialAction\":[{\"@type\":\"ReadAction\",\"target\":[\"https:\\\/\\\/aazsolutions.ch\\\/de\\\/produit\\\/toilettensitzerhoehung-ibiza\\\/\"]}]},{\"@type\":\"ImageObject\",\"inLanguage\":\"de\",\"@id\":\"https:\\\/\\\/aazsolutions.ch\\\/de\\\/produit\\\/toilettensitzerhoehung-ibiza\\\/#primaryimage\",\"url\":\"https:\\\/\\\/aazsolutions.ch\\\/wp-content\\\/uploads\\\/2025\\\/03\\\/10054.jpg\",\"contentUrl\":\"https:\\\/\\\/aazsolutions.ch\\\/wp-content\\\/uploads\\\/2025\\\/03\\\/10054.jpg\",\"width\":1120,\"height\":1120,\"caption\":\"R\u00e9hausse WC Ibiza en plastique blanc 15 cm\"},{\"@type\":\"BreadcrumbList\",\"@id\":\"https:\\\/\\\/aazsolutions.ch\\\/de\\\/produit\\\/toilettensitzerhoehung-ibiza\\\/#breadcrumb\",\"itemListElement\":[{\"@type\":\"ListItem\",\"position\":1,\"name\":\"Accueil\",\"item\":\"https:\\\/\\\/aazsolutions.ch\\\/de\\\/\"},{\"@type\":\"ListItem\",\"position\":2,\"name\":\"Shop\",\"item\":\"https:\\\/\\\/aazsolutions.ch\\\/de\\\/shop\\\/\"},{\"@type\":\"ListItem\",\"position\":3,\"name\":\"Toilettensitzerh\u00f6hung Ibiza\"}]},{\"@type\":\"WebSite\",\"@id\":\"https:\\\/\\\/aazsolutions.ch\\\/de\\\/#website\",\"url\":\"https:\\\/\\\/aazsolutions.ch\\\/de\\\/\",\"name\":\"A\u00e0Zsolutions.ch\",\"description\":\"Des solutions adapt\u00e9es \u00e0 chaque difficult\u00e9!\",\"publisher\":{\"@id\":\"https:\\\/\\\/aazsolutions.ch\\\/de\\\/#organization\"},\"potentialAction\":[{\"@type\":\"SearchAction\",\"target\":{\"@type\":\"EntryPoint\",\"urlTemplate\":\"https:\\\/\\\/aazsolutions.ch\\\/de\\\/?s={search_term_string}\"},\"query-input\":{\"@type\":\"PropertyValueSpecification\",\"valueRequired\":true,\"valueName\":\"search_term_string\"}}],\"inLanguage\":\"de\"},{\"@type\":\"Organization\",\"@id\":\"https:\\\/\\\/aazsolutions.ch\\\/de\\\/#organization\",\"name\":\"A\u00e0Zsolutions SARL\",\"url\":\"https:\\\/\\\/aazsolutions.ch\\\/de\\\/\",\"logo\":{\"@type\":\"ImageObject\",\"inLanguage\":\"de\",\"@id\":\"https:\\\/\\\/aazsolutions.ch\\\/de\\\/#\\\/schema\\\/logo\\\/image\\\/\",\"url\":\"https:\\\/\\\/aazsolutions.ch\\\/wp-content\\\/uploads\\\/2016\\\/04\\\/AAZ_Logo_Solutions.jpg\",\"contentUrl\":\"https:\\\/\\\/aazsolutions.ch\\\/wp-content\\\/uploads\\\/2016\\\/04\\\/AAZ_Logo_Solutions.jpg\",\"width\":1500,\"height\":481,\"caption\":\"A\u00e0Zsolutions SARL\"},\"image\":{\"@id\":\"https:\\\/\\\/aazsolutions.ch\\\/de\\\/#\\\/schema\\\/logo\\\/image\\\/\"},\"sameAs\":[\"https:\\\/\\\/www.facebook.com\\\/aazsolutions.ch\\\/\",\"https:\\\/\\\/www.linkedin.com\\\/showcase\\\/aazsolutions\\\/\"]}]}<\/script>\n<meta property=\"product:price:amount\" content=\"85.00\" \/>\n<meta property=\"product:price:currency\" content=\"CHF\" \/>\n<meta property=\"og:availability\" content=\"instock\" \/>\n<meta property=\"product:availability\" content=\"instock\" \/>\n<meta property=\"product:retailer_item_id\" content=\"10054\" \/>\n<meta property=\"product:condition\" content=\"new\" \/>\n<!-- \/ Yoast SEO Premium plugin. -->","yoast_head_json":{"title":"Toilettensitzerh\u00f6hung Ibiza f\u00fcr Benutzer bis 225 kg","description":"Entscheiden Sie sich f\u00fcr die Toilettensitzerh\u00f6hung Ibiza f\u00fcr eine ideale Sitzh\u00f6he von 15 cm. Mit einer Belastbarkeit von 225 kg ist Komfort garantiert! \ud83d\udebd","robots":{"index":"index","follow":"follow","max-snippet":"max-snippet:-1","max-image-preview":"max-image-preview:large","max-video-preview":"max-video-preview:-1"},"canonical":"https:\/\/aazsolutions.ch\/de\/produit\/toilettensitzerhoehung-ibiza\/","og_locale":"de_DE","og_type":"article","og_title":"Toilettensitzerh\u00f6hung Ibiza","og_description":"Entscheiden Sie sich f\u00fcr die Toilettensitzerh\u00f6hung Ibiza f\u00fcr eine ideale Sitzh\u00f6he von 15 cm. Mit einer Belastbarkeit von 225 kg ist Komfort garantiert! \ud83d\udebd","og_url":"https:\/\/aazsolutions.ch\/de\/produit\/toilettensitzerhoehung-ibiza\/","og_site_name":"A\u00e0Zsolutions.ch","article_publisher":"https:\/\/www.facebook.com\/aazsolutions.ch\/","og_image":[{"width":1120,"height":1120,"url":"https:\/\/aazsolutions.ch\/wp-content\/uploads\/2025\/03\/10054.jpg","type":"image\/jpeg"}],"twitter_card":"summary_large_image","twitter_misc":{"Preis":"85.00&nbsp;&#67;&#72;&#70; TVA incluse","Verf\u00fcgbarkeit":"Auf Lager"},"schema":{"@context":"https:\/\/schema.org","@graph":[{"@type":"WebPage","@id":"https:\/\/aazsolutions.ch\/de\/produit\/toilettensitzerhoehung-ibiza\/","url":"https:\/\/aazsolutions.ch\/de\/produit\/toilettensitzerhoehung-ibiza\/","name":"Toilettensitzerh\u00f6hung Ibiza f\u00fcr Benutzer bis 225 kg","isPartOf":{"@id":"https:\/\/aazsolutions.ch\/de\/#website"},"primaryImageOfPage":{"@id":"https:\/\/aazsolutions.ch\/de\/produit\/toilettensitzerhoehung-ibiza\/#primaryimage"},"image":{"@id":"https:\/\/aazsolutions.ch\/de\/produit\/toilettensitzerhoehung-ibiza\/#primaryimage"},"thumbnailUrl":"https:\/\/aazsolutions.ch\/wp-content\/uploads\/2025\/03\/10054.jpg","datePublished":"2018-12-31T23:00:00+00:00","description":"Entscheiden Sie sich f\u00fcr die Toilettensitzerh\u00f6hung Ibiza f\u00fcr eine ideale Sitzh\u00f6he von 15 cm. Mit einer Belastbarkeit von 225 kg ist Komfort garantiert! \ud83d\udebd","breadcrumb":{"@id":"https:\/\/aazsolutions.ch\/de\/produit\/toilettensitzerhoehung-ibiza\/#breadcrumb"},"inLanguage":"de","potentialAction":[{"@type":"ReadAction","target":["https:\/\/aazsolutions.ch\/de\/produit\/toilettensitzerhoehung-ibiza\/"]}]},{"@type":"ImageObject","inLanguage":"de","@id":"https:\/\/aazsolutions.ch\/de\/produit\/toilettensitzerhoehung-ibiza\/#primaryimage","url":"https:\/\/aazsolutions.ch\/wp-content\/uploads\/2025\/03\/10054.jpg","contentUrl":"https:\/\/aazsolutions.ch\/wp-content\/uploads\/2025\/03\/10054.jpg","width":1120,"height":1120,"caption":"R\u00e9hausse WC Ibiza en plastique blanc 15 cm"},{"@type":"BreadcrumbList","@id":"https:\/\/aazsolutions.ch\/de\/produit\/toilettensitzerhoehung-ibiza\/#breadcrumb","itemListElement":[{"@type":"ListItem","position":1,"name":"Accueil","item":"https:\/\/aazsolutions.ch\/de\/"},{"@type":"ListItem","position":2,"name":"Shop","item":"https:\/\/aazsolutions.ch\/de\/shop\/"},{"@type":"ListItem","position":3,"name":"Toilettensitzerh\u00f6hung Ibiza"}]},{"@type":"WebSite","@id":"https:\/\/aazsolutions.ch\/de\/#website","url":"https:\/\/aazsolutions.ch\/de\/","name":"A\u00e0Zsolutions.ch","description":"Des solutions adapt\u00e9es \u00e0 chaque difficult\u00e9!","publisher":{"@id":"https:\/\/aazsolutions.ch\/de\/#organization"},"potentialAction":[{"@type":"SearchAction","target":{"@type":"EntryPoint","urlTemplate":"https:\/\/aazsolutions.ch\/de\/?s={search_term_string}"},"query-input":{"@type":"PropertyValueSpecification","valueRequired":true,"valueName":"search_term_string"}}],"inLanguage":"de"},{"@type":"Organization","@id":"https:\/\/aazsolutions.ch\/de\/#organization","name":"A\u00e0Zsolutions SARL","url":"https:\/\/aazsolutions.ch\/de\/","logo":{"@type":"ImageObject","inLanguage":"de","@id":"https:\/\/aazsolutions.ch\/de\/#\/schema\/logo\/image\/","url":"https:\/\/aazsolutions.ch\/wp-content\/uploads\/2016\/04\/AAZ_Logo_Solutions.jpg","contentUrl":"https:\/\/aazsolutions.ch\/wp-content\/uploads\/2016\/04\/AAZ_Logo_Solutions.jpg","width":1500,"height":481,"caption":"A\u00e0Zsolutions SARL"},"image":{"@id":"https:\/\/aazsolutions.ch\/de\/#\/schema\/logo\/image\/"},"sameAs":["https:\/\/www.facebook.com\/aazsolutions.ch\/","https:\/\/www.linkedin.com\/showcase\/aazsolutions\/"]}]},"product_price_amount":"85.00","product_price_currency":"CHF","og_availability":"instock","product_availability":"instock","product_retailer_item_id":"10054","product_condition":"new"},"_links":{"self":[{"href":"https:\/\/aazsolutions.ch\/de\/wp-json\/wp\/v2\/product\/34067","targetHints":{"allow":["GET"]}}],"collection":[{"href":"https:\/\/aazsolutions.ch\/de\/wp-json\/wp\/v2\/product"}],"about":[{"href":"https:\/\/aazsolutions.ch\/de\/wp-json\/wp\/v2\/types\/product"}],"replies":[{"embeddable":true,"href":"https:\/\/aazsolutions.ch\/de\/wp-json\/wp\/v2\/comments?post=34067"}],"wp:featuredmedia":[{"embeddable":true,"href":"https:\/\/aazsolutions.ch\/de\/wp-json\/wp\/v2\/media\/31411"}],"wp:attachment":[{"href":"https:\/\/aazsolutions.ch\/de\/wp-json\/wp\/v2\/media?parent=34067"}],"wp:term":[{"taxonomy":"product_brand","embeddable":true,"href":"https:\/\/aazsolutions.ch\/de\/wp-json\/wp\/v2\/product_brand?post=34067"},{"taxonomy":"product_cat","embeddable":true,"href":"https:\/\/aazsolutions.ch\/de\/wp-json\/wp\/v2\/product_cat?post=34067"},{"taxonomy":"product_tag","embeddable":true,"href":"https:\/\/aazsolutions.ch\/de\/wp-json\/wp\/v2\/product_tag?post=34067"}],"curies":[{"name":"wp","href":"https:\/\/api.w.org\/{rel}","templated":true}]}}