{"id":34072,"date":"2019-01-01T00:00:00","date_gmt":"2018-12-31T23:00:00","guid":{"rendered":"https:\/\/aazsolutions.ch\/produit\/rueckenstuetze-areste\/"},"modified":"2019-01-01T00:00:00","modified_gmt":"2018-12-31T23:00:00","slug":"rueckenstuetze-areste","status":"publish","type":"product","link":"https:\/\/aazsolutions.ch\/de\/produit\/rueckenstuetze-areste\/","title":{"rendered":"R\u00fcckenst\u00fctze Areste"},"content":{"rendered":"<h2>R\u00fcckenst\u00fctze Areste \u2013 Komfort und Unterst\u00fctzung zum Lesen im Bett<\/h2>\n<p>Die <strong>R\u00fcckenst\u00fctze Areste<\/strong> ist konzipiert, um optimale Unterst\u00fctzung beim Lesen oder Entspannen im Bett zu bieten. Dank ihrer Verstellung in sechs Positionen erm\u00f6glicht sie es, die ideale Haltung zu finden und die R\u00fcckenkr\u00fcmmung zu vermeiden, die bei herk\u00f6mmlichen Kissen auftreten kann. <\/p>\n<h3>\u2705 Vorteile der <strong>R\u00fcckenst\u00fctze<\/strong>:<\/h3>\n<ul>\n<li><strong>Verstellbar in sechs Positionen<\/strong>: F\u00fcr personalisierten Komfort l\u00e4sst sich die Neigung einfach f\u00fcr eine ideale Position anpassen.<\/li>\n<li><strong>Abnehmbares Kopfteil<\/strong>: Bietet zus\u00e4tzlichen Komfort und kann nach Ihren Vorlieben entfernt werden.<\/li>\n<li><strong>Optimale R\u00fcckenunterst\u00fctzung<\/strong>: Hilft, die R\u00fcckenkr\u00fcmmung zu vermeiden und verbessert die Haltung.<\/li>\n<li><strong>Robuster Metallrahmen<\/strong>: Weisse Epoxidbeschichtung, langlebig und elegant.<\/li>\n<li><strong>Einfache Handhabung<\/strong>: Perfekt zum Lesen, Fernsehen oder f\u00fcr ein warmes Getr\u00e4nk im Komfort Ihres Bettes.<\/li>\n<\/ul>\n<p>Die <strong>R\u00fcckenst\u00fctze Areste<\/strong> ist die ideale L\u00f6sung f\u00fcr alle, die ihren Lesekomfort im Bett verbessern und gleichzeitig von optimaler Unterst\u00fctzung f\u00fcr ihren R\u00fccken profitieren m\u00f6chten.<\/p>\n<h3>Bestellen Sie jetzt Ihre <strong>R\u00fcckenst\u00fctze Areste<\/strong> und geniessen Sie perfekte Entspannungsmomente im Bett!<\/h3>\n","protected":false},"excerpt":{"rendered":"<h2>Spezifikationen<\/h2>\n<ul>\n<li>H\u00f6he R\u00fcckenlehne: 59 cm<\/li>\n<li>Breite: 63 cm<\/li>\n<li>Tiefe Rahmen: 46,6 cm<\/li>\n<li>Min. Benutzergewicht: 50 kg <\/li>\n<li>Max. Benutzergewicht: 110 kg <\/li>\n<\/ul>\n","protected":false},"featured_media":31769,"comment_status":"closed","ping_status":"closed","template":"","meta":{"_et_pb_use_builder":"","_et_pb_old_content":"","_et_gb_content_width":"","inline_featured_image":false},"product_brand":[],"product_cat":[1227,1268],"product_tag":[],"class_list":{"0":"post-34072","1":"product","2":"type-product","3":"status-publish","4":"has-post-thumbnail","6":"product_cat-3-ruhe","7":"product_cat-rund-ums-bett","8":"product_shipping_class-a","10":"first","11":"instock","12":"taxable","13":"shipping-taxable","14":"purchasable","15":"product-type-simple"},"yoast_head":"<!-- This site is optimized with the Yoast SEO Premium plugin v27.2 (Yoast SEO v27.5) - https:\/\/yoast.com\/product\/yoast-seo-premium-wordpress\/ -->\n<title>R\u00fcckenst\u00fctze Areste \u2013 Optimaler Komfort zum Lesen im Bett<\/title>\n<meta name=\"description\" content=\"Die R\u00fcckenst\u00fctze Areste bietet verstellbare Unterst\u00fctzung f\u00fcr komfortables Lesen. Metallrahmen mit weisser Epoxidbeschichtung, abnehmbares Kopfteil.\" \/>\n<meta name=\"robots\" content=\"index, follow, max-snippet:-1, max-image-preview:large, max-video-preview:-1\" \/>\n<link rel=\"canonical\" href=\"https:\/\/aazsolutions.ch\/de\/produit\/rueckenstuetze-areste\/\" \/>\n<meta property=\"og:locale\" content=\"de_DE\" \/>\n<meta property=\"og:type\" content=\"article\" \/>\n<meta property=\"og:title\" content=\"R\u00fcckenst\u00fctze Areste\" \/>\n<meta property=\"og:description\" content=\"Die R\u00fcckenst\u00fctze Areste bietet verstellbare Unterst\u00fctzung f\u00fcr komfortables Lesen. Metallrahmen mit weisser Epoxidbeschichtung, abnehmbares Kopfteil.\" \/>\n<meta property=\"og:url\" content=\"https:\/\/aazsolutions.ch\/de\/produit\/rueckenstuetze-areste\/\" \/>\n<meta property=\"og:site_name\" content=\"A\u00e0Zsolutions.ch\" \/>\n<meta property=\"article:publisher\" content=\"https:\/\/www.facebook.com\/aazsolutions.ch\/\" \/>\n<meta property=\"og:image\" content=\"https:\/\/aazsolutions.ch\/wp-content\/uploads\/2025\/03\/30008.jpg\" \/>\n\t<meta property=\"og:image:width\" content=\"800\" \/>\n\t<meta property=\"og:image:height\" content=\"600\" \/>\n\t<meta property=\"og:image:type\" content=\"image\/jpeg\" \/>\n<meta name=\"twitter:card\" content=\"summary_large_image\" \/>\n<meta name=\"twitter:label1\" content=\"Preis\" \/>\n\t<meta name=\"twitter:data1\" content=\"70.00&nbsp;&#067;&#072;&#070; TVA incluse\" \/>\n\t<meta name=\"twitter:label2\" content=\"Verf\u00fcgbarkeit\" \/>\n\t<meta name=\"twitter:data2\" content=\"Auf Lager\" \/>\n<script type=\"application\/ld+json\" class=\"yoast-schema-graph\">{\"@context\":\"https:\\\/\\\/schema.org\",\"@graph\":[{\"@type\":\"WebPage\",\"@id\":\"https:\\\/\\\/aazsolutions.ch\\\/de\\\/produit\\\/rueckenstuetze-areste\\\/\",\"url\":\"https:\\\/\\\/aazsolutions.ch\\\/de\\\/produit\\\/rueckenstuetze-areste\\\/\",\"name\":\"R\u00fcckenst\u00fctze Areste \u2013 Optimaler Komfort zum Lesen im Bett\",\"isPartOf\":{\"@id\":\"https:\\\/\\\/aazsolutions.ch\\\/de\\\/#website\"},\"primaryImageOfPage\":{\"@id\":\"https:\\\/\\\/aazsolutions.ch\\\/de\\\/produit\\\/rueckenstuetze-areste\\\/#primaryimage\"},\"image\":{\"@id\":\"https:\\\/\\\/aazsolutions.ch\\\/de\\\/produit\\\/rueckenstuetze-areste\\\/#primaryimage\"},\"thumbnailUrl\":\"https:\\\/\\\/aazsolutions.ch\\\/wp-content\\\/uploads\\\/2025\\\/03\\\/30008.jpg\",\"datePublished\":\"2018-12-31T23:00:00+00:00\",\"description\":\"Die R\u00fcckenst\u00fctze Areste bietet verstellbare Unterst\u00fctzung f\u00fcr komfortables Lesen. Metallrahmen mit weisser Epoxidbeschichtung, abnehmbares Kopfteil.\",\"breadcrumb\":{\"@id\":\"https:\\\/\\\/aazsolutions.ch\\\/de\\\/produit\\\/rueckenstuetze-areste\\\/#breadcrumb\"},\"inLanguage\":\"de\",\"potentialAction\":[{\"@type\":\"ReadAction\",\"target\":[\"https:\\\/\\\/aazsolutions.ch\\\/de\\\/produit\\\/rueckenstuetze-areste\\\/\"]}]},{\"@type\":\"ImageObject\",\"inLanguage\":\"de\",\"@id\":\"https:\\\/\\\/aazsolutions.ch\\\/de\\\/produit\\\/rueckenstuetze-areste\\\/#primaryimage\",\"url\":\"https:\\\/\\\/aazsolutions.ch\\\/wp-content\\\/uploads\\\/2025\\\/03\\\/30008.jpg\",\"contentUrl\":\"https:\\\/\\\/aazsolutions.ch\\\/wp-content\\\/uploads\\\/2025\\\/03\\\/30008.jpg\",\"width\":800,\"height\":600,\"caption\":\"Rel\u00e8ve-buste Areste ajustable avec appui-t\u00eate amovible pour un confort optimal\"},{\"@type\":\"BreadcrumbList\",\"@id\":\"https:\\\/\\\/aazsolutions.ch\\\/de\\\/produit\\\/rueckenstuetze-areste\\\/#breadcrumb\",\"itemListElement\":[{\"@type\":\"ListItem\",\"position\":1,\"name\":\"Accueil\",\"item\":\"https:\\\/\\\/aazsolutions.ch\\\/de\\\/\"},{\"@type\":\"ListItem\",\"position\":2,\"name\":\"Shop\",\"item\":\"https:\\\/\\\/aazsolutions.ch\\\/de\\\/shop\\\/\"},{\"@type\":\"ListItem\",\"position\":3,\"name\":\"R\u00fcckenst\u00fctze Areste\"}]},{\"@type\":\"WebSite\",\"@id\":\"https:\\\/\\\/aazsolutions.ch\\\/de\\\/#website\",\"url\":\"https:\\\/\\\/aazsolutions.ch\\\/de\\\/\",\"name\":\"A\u00e0Zsolutions.ch\",\"description\":\"Des solutions adapt\u00e9es \u00e0 chaque difficult\u00e9!\",\"publisher\":{\"@id\":\"https:\\\/\\\/aazsolutions.ch\\\/de\\\/#organization\"},\"potentialAction\":[{\"@type\":\"SearchAction\",\"target\":{\"@type\":\"EntryPoint\",\"urlTemplate\":\"https:\\\/\\\/aazsolutions.ch\\\/de\\\/?s={search_term_string}\"},\"query-input\":{\"@type\":\"PropertyValueSpecification\",\"valueRequired\":true,\"valueName\":\"search_term_string\"}}],\"inLanguage\":\"de\"},{\"@type\":\"Organization\",\"@id\":\"https:\\\/\\\/aazsolutions.ch\\\/de\\\/#organization\",\"name\":\"A\u00e0Zsolutions SARL\",\"url\":\"https:\\\/\\\/aazsolutions.ch\\\/de\\\/\",\"logo\":{\"@type\":\"ImageObject\",\"inLanguage\":\"de\",\"@id\":\"https:\\\/\\\/aazsolutions.ch\\\/de\\\/#\\\/schema\\\/logo\\\/image\\\/\",\"url\":\"https:\\\/\\\/aazsolutions.ch\\\/wp-content\\\/uploads\\\/2016\\\/04\\\/AAZ_Logo_Solutions.jpg\",\"contentUrl\":\"https:\\\/\\\/aazsolutions.ch\\\/wp-content\\\/uploads\\\/2016\\\/04\\\/AAZ_Logo_Solutions.jpg\",\"width\":1500,\"height\":481,\"caption\":\"A\u00e0Zsolutions SARL\"},\"image\":{\"@id\":\"https:\\\/\\\/aazsolutions.ch\\\/de\\\/#\\\/schema\\\/logo\\\/image\\\/\"},\"sameAs\":[\"https:\\\/\\\/www.facebook.com\\\/aazsolutions.ch\\\/\",\"https:\\\/\\\/www.linkedin.com\\\/showcase\\\/aazsolutions\\\/\"]}]}<\/script>\n<meta property=\"product:price:amount\" content=\"70.00\" \/>\n<meta property=\"product:price:currency\" content=\"CHF\" \/>\n<meta property=\"og:availability\" content=\"instock\" \/>\n<meta property=\"product:availability\" content=\"instock\" \/>\n<meta property=\"product:retailer_item_id\" content=\"30008\" \/>\n<meta property=\"product:condition\" content=\"new\" \/>\n<!-- \/ Yoast SEO Premium plugin. -->","yoast_head_json":{"title":"R\u00fcckenst\u00fctze Areste \u2013 Optimaler Komfort zum Lesen im Bett","description":"Die R\u00fcckenst\u00fctze Areste bietet verstellbare Unterst\u00fctzung f\u00fcr komfortables Lesen. Metallrahmen mit weisser Epoxidbeschichtung, abnehmbares Kopfteil.","robots":{"index":"index","follow":"follow","max-snippet":"max-snippet:-1","max-image-preview":"max-image-preview:large","max-video-preview":"max-video-preview:-1"},"canonical":"https:\/\/aazsolutions.ch\/de\/produit\/rueckenstuetze-areste\/","og_locale":"de_DE","og_type":"article","og_title":"R\u00fcckenst\u00fctze Areste","og_description":"Die R\u00fcckenst\u00fctze Areste bietet verstellbare Unterst\u00fctzung f\u00fcr komfortables Lesen. Metallrahmen mit weisser Epoxidbeschichtung, abnehmbares Kopfteil.","og_url":"https:\/\/aazsolutions.ch\/de\/produit\/rueckenstuetze-areste\/","og_site_name":"A\u00e0Zsolutions.ch","article_publisher":"https:\/\/www.facebook.com\/aazsolutions.ch\/","og_image":[{"width":800,"height":600,"url":"https:\/\/aazsolutions.ch\/wp-content\/uploads\/2025\/03\/30008.jpg","type":"image\/jpeg"}],"twitter_card":"summary_large_image","twitter_misc":{"Preis":"70.00&nbsp;&#67;&#72;&#70; TVA incluse","Verf\u00fcgbarkeit":"Auf Lager"},"schema":{"@context":"https:\/\/schema.org","@graph":[{"@type":"WebPage","@id":"https:\/\/aazsolutions.ch\/de\/produit\/rueckenstuetze-areste\/","url":"https:\/\/aazsolutions.ch\/de\/produit\/rueckenstuetze-areste\/","name":"R\u00fcckenst\u00fctze Areste \u2013 Optimaler Komfort zum Lesen im Bett","isPartOf":{"@id":"https:\/\/aazsolutions.ch\/de\/#website"},"primaryImageOfPage":{"@id":"https:\/\/aazsolutions.ch\/de\/produit\/rueckenstuetze-areste\/#primaryimage"},"image":{"@id":"https:\/\/aazsolutions.ch\/de\/produit\/rueckenstuetze-areste\/#primaryimage"},"thumbnailUrl":"https:\/\/aazsolutions.ch\/wp-content\/uploads\/2025\/03\/30008.jpg","datePublished":"2018-12-31T23:00:00+00:00","description":"Die R\u00fcckenst\u00fctze Areste bietet verstellbare Unterst\u00fctzung f\u00fcr komfortables Lesen. Metallrahmen mit weisser Epoxidbeschichtung, abnehmbares Kopfteil.","breadcrumb":{"@id":"https:\/\/aazsolutions.ch\/de\/produit\/rueckenstuetze-areste\/#breadcrumb"},"inLanguage":"de","potentialAction":[{"@type":"ReadAction","target":["https:\/\/aazsolutions.ch\/de\/produit\/rueckenstuetze-areste\/"]}]},{"@type":"ImageObject","inLanguage":"de","@id":"https:\/\/aazsolutions.ch\/de\/produit\/rueckenstuetze-areste\/#primaryimage","url":"https:\/\/aazsolutions.ch\/wp-content\/uploads\/2025\/03\/30008.jpg","contentUrl":"https:\/\/aazsolutions.ch\/wp-content\/uploads\/2025\/03\/30008.jpg","width":800,"height":600,"caption":"Rel\u00e8ve-buste Areste ajustable avec appui-t\u00eate amovible pour un confort optimal"},{"@type":"BreadcrumbList","@id":"https:\/\/aazsolutions.ch\/de\/produit\/rueckenstuetze-areste\/#breadcrumb","itemListElement":[{"@type":"ListItem","position":1,"name":"Accueil","item":"https:\/\/aazsolutions.ch\/de\/"},{"@type":"ListItem","position":2,"name":"Shop","item":"https:\/\/aazsolutions.ch\/de\/shop\/"},{"@type":"ListItem","position":3,"name":"R\u00fcckenst\u00fctze Areste"}]},{"@type":"WebSite","@id":"https:\/\/aazsolutions.ch\/de\/#website","url":"https:\/\/aazsolutions.ch\/de\/","name":"A\u00e0Zsolutions.ch","description":"Des solutions adapt\u00e9es \u00e0 chaque difficult\u00e9!","publisher":{"@id":"https:\/\/aazsolutions.ch\/de\/#organization"},"potentialAction":[{"@type":"SearchAction","target":{"@type":"EntryPoint","urlTemplate":"https:\/\/aazsolutions.ch\/de\/?s={search_term_string}"},"query-input":{"@type":"PropertyValueSpecification","valueRequired":true,"valueName":"search_term_string"}}],"inLanguage":"de"},{"@type":"Organization","@id":"https:\/\/aazsolutions.ch\/de\/#organization","name":"A\u00e0Zsolutions SARL","url":"https:\/\/aazsolutions.ch\/de\/","logo":{"@type":"ImageObject","inLanguage":"de","@id":"https:\/\/aazsolutions.ch\/de\/#\/schema\/logo\/image\/","url":"https:\/\/aazsolutions.ch\/wp-content\/uploads\/2016\/04\/AAZ_Logo_Solutions.jpg","contentUrl":"https:\/\/aazsolutions.ch\/wp-content\/uploads\/2016\/04\/AAZ_Logo_Solutions.jpg","width":1500,"height":481,"caption":"A\u00e0Zsolutions SARL"},"image":{"@id":"https:\/\/aazsolutions.ch\/de\/#\/schema\/logo\/image\/"},"sameAs":["https:\/\/www.facebook.com\/aazsolutions.ch\/","https:\/\/www.linkedin.com\/showcase\/aazsolutions\/"]}]},"product_price_amount":"70.00","product_price_currency":"CHF","og_availability":"instock","product_availability":"instock","product_retailer_item_id":"30008","product_condition":"new"},"_links":{"self":[{"href":"https:\/\/aazsolutions.ch\/de\/wp-json\/wp\/v2\/product\/34072","targetHints":{"allow":["GET"]}}],"collection":[{"href":"https:\/\/aazsolutions.ch\/de\/wp-json\/wp\/v2\/product"}],"about":[{"href":"https:\/\/aazsolutions.ch\/de\/wp-json\/wp\/v2\/types\/product"}],"replies":[{"embeddable":true,"href":"https:\/\/aazsolutions.ch\/de\/wp-json\/wp\/v2\/comments?post=34072"}],"wp:featuredmedia":[{"embeddable":true,"href":"https:\/\/aazsolutions.ch\/de\/wp-json\/wp\/v2\/media\/31769"}],"wp:attachment":[{"href":"https:\/\/aazsolutions.ch\/de\/wp-json\/wp\/v2\/media?parent=34072"}],"wp:term":[{"taxonomy":"product_brand","embeddable":true,"href":"https:\/\/aazsolutions.ch\/de\/wp-json\/wp\/v2\/product_brand?post=34072"},{"taxonomy":"product_cat","embeddable":true,"href":"https:\/\/aazsolutions.ch\/de\/wp-json\/wp\/v2\/product_cat?post=34072"},{"taxonomy":"product_tag","embeddable":true,"href":"https:\/\/aazsolutions.ch\/de\/wp-json\/wp\/v2\/product_tag?post=34072"}],"curies":[{"name":"wp","href":"https:\/\/api.w.org\/{rel}","templated":true}]}}