{"id":34093,"date":"2019-01-01T00:00:00","date_gmt":"2018-12-31T23:00:00","guid":{"rendered":"https:\/\/aazsolutions.ch\/produit\/badewannenlifter-galapagos\/"},"modified":"2019-01-01T00:00:00","modified_gmt":"2018-12-31T23:00:00","slug":"badewannenlifter-galapagos","status":"publish","type":"product","link":"https:\/\/aazsolutions.ch\/de\/produit\/badewannenlifter-galapagos\/","title":{"rendered":"Badewannenlifter Galapagos"},"content":{"rendered":"<p><span style=\"color: #e2001a;\">Dieses Produkt ist <span style=\"text-decoration: underline;\"><strong>nur auf Bestellung<\/strong><\/span> erh\u00e4ltlich. Die Lieferzeit betr\u00e4gt <span style=\"text-decoration: underline;\"><strong>2 bis 3 Wochen<\/strong><\/span>. F\u00fcr weitere Informationen kontaktieren Sie uns bitte. <\/span><\/p>\n<h2>Badewannenlifter Galapagos \u2013 Komfort, Sicherheit und Autonomie in der Badewanne<\/h2>\n<p>Der Badewannenlifter<a href=\"https:\/\/www.identites.eu\/salle-bain-wc\/baignoire\/elevateurs-bain.htm\"> <\/a>Galapagos erm\u00f6glicht ein komfortables Baden, da dieser Sitz Sie sanft auf den Boden Ihrer Badewanne absenkt und nach dem Baden wieder anhebt. Er wurde aus hochwertigem, recyceltem Leichtkunststoff gefertigt. Dadurch l\u00e4sst sich der Badewannenlifter leichter transportieren oder verstauen (und somit auch auf Reisen mitnehmen). Der Lithium-Ionen-Akku f\u00fcr den Betrieb befindet sich in der Fernbedienung. Motor und Fernbedienung sind absolut wasserdicht und k\u00f6nnen sogar unter Wasser verwendet werden. Das robuste, gelenkige Fahrgestell erm\u00f6glicht eine Sitzh\u00f6he von 8 cm bis 48 cm. Sicherheitsfunktion: Der Lifter senkt sich nicht mehr ab, wenn der Akku der Fernbedienung nicht mehr ausreichend geladen ist, und erm\u00f6glicht nur noch das Hochfahren des Liftsitzes. Komplett gepolstert, auch an den Seitenklappen. Das Produkt erfordert keine Montage und ist sofort einsatzbereit.        <\/p>\n<h3>\u2705 Eigenschaften des Badewannenlifters Galapagos:<\/h3>\n<ul>\n<li>Sitzma\u00dfe: B 40 x T 50 x H 8 bis 48 cm. Breite mit Seitenklappen: 72,5 cm. R\u00fcckenlehne: B 36 x H 65 cm. Bodenplatte: B 31 x T 61,2 cm. Heben 45 s, Senken 30 s. Akku 15 V 2,2 Ah. Ladezeit 3 Stunden. Max. R\u00fcckenlehnenneigung 45\u00b0. Gewicht ohne Fernbedienung: 9,6 kg. Max. Benutzergewicht: 140 kg. Lebenslange Garantie auf Motor und Struktur, 2 Jahre auf Akku und Fernbedienung.                 <\/li>\n<\/ul>\n<h3>Sicherer Zugang zur Badewanne<\/h3>\n<p>Der <strong>Badewannenlifter Galapagos<\/strong> ist die ideale L\u00f6sung, um Autonomie, Komfort und Sicherheit zu vereinen. Er f\u00fcgt sich problemlos in Ihr Badezimmer ein und passt sich den Bed\u00fcrfnissen jedes Nutzers an. <\/p>\n","protected":false},"excerpt":{"rendered":"<h2>Spezifikationen<\/h2>\n<ul>\n<li>Gewicht: 9,6 kg ohne Fernbedienung<\/li>\n<li>Max. Lifterh\u00f6he: 107,5 cm<\/li>\n<li>Sitzh\u00f6he verstellbar von 8 bis 48 cm<\/li>\n<li>Ma\u00dfe der Bodenplatte: 31 x 61,2 cm<\/li>\n<li>Sitzma\u00dfe: B 36 cm x T 50 cm <\/li>\n<li>Ma\u00dfe R\u00fcckenlehne: 36 x 65 cm<\/li>\n<li>Max. Benutzergewicht Benutzergewicht: 140 kg<\/li>\n<li>Farbe: Wei\u00df<\/li>\n<\/ul>\n","protected":false},"featured_media":33167,"comment_status":"closed","ping_status":"closed","template":"","meta":{"_et_pb_use_builder":"off","_et_pb_old_content":"<span style=\"color: #e2001a\">Dieses Produkt ist <span style=\"text-decoration: underline\"><strong>nur auf Bestellung<\/strong><\/span> erh\u00e4ltlich. Die Lieferzeit betr\u00e4gt <span style=\"text-decoration: underline\"><strong>2 bis 3 Wochen<\/strong><\/span>. F\u00fcr weitere Informationen kontaktieren Sie uns bitte. <\/span>\n<h2>Badewannenlifter Galapagos \u2013 Komfort, Sicherheit und Autonomie in der Badewanne<\/h2>\nDer Badewannenlifter<a href=\"https:\/\/www.identites.eu\/salle-bain-wc\/baignoire\/elevateurs-bain.htm\"> <\/a>Galapagos erm\u00f6glicht ein komfortables Baden, da dieser Sitz Sie sanft auf den Boden Ihrer Badewanne absenkt und nach dem Baden wieder anhebt.\n\nEr wurde aus hochwertigem, recyceltem Leichtkunststoff gefertigt. Dadurch l\u00e4sst sich der Badewannenlifter leichter transportieren oder verstauen (und somit auch auf Reisen mitnehmen). \n\nDer Lithium-Ionen-Akku f\u00fcr den Betrieb befindet sich in der Fernbedienung. Motor und Fernbedienung sind absolut wasserdicht und k\u00f6nnen sogar unter Wasser verwendet werden. \n\nDas robuste, gelenkige Fahrgestell erm\u00f6glicht eine Sitzh\u00f6he von 8 cm bis 48 cm.\n\nSicherheitsfunktion: Der Lifter senkt sich nicht mehr ab, wenn der Akku der Fernbedienung nicht mehr ausreichend geladen ist, und erm\u00f6glicht nur noch das Hochfahren des Liftsitzes.\n\nKomplett gepolstert, auch an den Seitenklappen.\n\nDas Produkt erfordert keine Montage und ist sofort einsatzbereit.\n<h3>\u2705 Eigenschaften des Badewannenlifters Galapagos:<\/h3>\n<ul>\n \t<li>Sitzma\u00dfe: B 40 x T 50 x H 8 bis 48 cm.\nBreite mit Seitenklappen: 72,5 cm.\nR\u00fcckenlehne: B 36 x H 65 cm.\nBodenplatte: B 31 x T 61,2 cm.\nHeben 45 s, Senken 30 s.\nAkku 15 V 2,2 Ah.\nLadezeit 3 Stunden.\nMax. R\u00fcckenlehnenneigung 45\u00b0.\nGewicht ohne Fernbedienung: 9,6 kg.\nMax. Benutzergewicht: 140 kg. Lebenslange Garantie auf Motor und Struktur, 2 Jahre auf Akku und Fernbedienung.        <\/li>\n<\/ul>\n<h3>Sicherer Zugang zur Badewanne<\/h3>\nDer <strong>Badewannenlifter Galapagos<\/strong> ist die ideale L\u00f6sung, um Autonomie, Komfort und Sicherheit zu vereinen. Er f\u00fcgt sich problemlos in Ihr Badezimmer ein und passt sich den Bed\u00fcrfnissen jedes Nutzers an. ","_et_gb_content_width":"","inline_featured_image":false},"product_brand":[],"product_cat":[1211,1239],"product_tag":[],"class_list":{"0":"post-34093","1":"product","2":"type-product","3":"status-publish","4":"has-post-thumbnail","6":"product_cat-1-bad-dusche-wc","7":"product_cat-badewannensitz","8":"product_shipping_class-c","10":"first","11":"instock","12":"taxable","13":"shipping-taxable","14":"purchasable","15":"product-type-simple"},"yoast_head":"<!-- This site is optimized with the Yoast SEO Premium plugin v27.2 (Yoast SEO v27.5) - https:\/\/yoast.com\/product\/yoast-seo-premium-wordpress\/ -->\n<title>Badewannenlifter Galapagos mit Fernbedienung<\/title>\n<meta name=\"description\" content=\"Entdecken Sie den Komfort des Badewannenlifters Galapagos. Entwickelt f\u00fcr ein sicheres und angenehmes Badeerlebnis \u2013 kontaktieren Sie uns f\u00fcr weitere Informationen!\" \/>\n<meta name=\"robots\" content=\"index, follow, max-snippet:-1, max-image-preview:large, max-video-preview:-1\" \/>\n<link rel=\"canonical\" href=\"https:\/\/aazsolutions.ch\/de\/produit\/badewannenlifter-galapagos\/\" \/>\n<meta property=\"og:locale\" content=\"de_DE\" \/>\n<meta property=\"og:type\" content=\"article\" \/>\n<meta property=\"og:title\" content=\"Badewannenlifter Galapagos\" \/>\n<meta property=\"og:description\" content=\"Entdecken Sie den Komfort des Badewannenlifters Galapagos. Entwickelt f\u00fcr ein sicheres und angenehmes Badeerlebnis \u2013 kontaktieren Sie uns f\u00fcr weitere Informationen!\" \/>\n<meta property=\"og:url\" content=\"https:\/\/aazsolutions.ch\/de\/produit\/badewannenlifter-galapagos\/\" \/>\n<meta property=\"og:site_name\" content=\"A\u00e0Zsolutions.ch\" \/>\n<meta property=\"article:publisher\" content=\"https:\/\/www.facebook.com\/aazsolutions.ch\/\" \/>\n<meta property=\"og:image\" content=\"https:\/\/aazsolutions.ch\/wp-content\/uploads\/2026\/04\/822068_1-scaled.jpg\" \/>\n\t<meta property=\"og:image:width\" content=\"1445\" \/>\n\t<meta property=\"og:image:height\" content=\"2560\" \/>\n\t<meta property=\"og:image:type\" content=\"image\/jpeg\" \/>\n<meta name=\"twitter:card\" content=\"summary_large_image\" \/>\n<meta name=\"twitter:label1\" content=\"Preis\" \/>\n\t<meta name=\"twitter:data1\" content=\"690.00&nbsp;&#067;&#072;&#070; TVA incluse\" \/>\n\t<meta name=\"twitter:label2\" content=\"Verf\u00fcgbarkeit\" \/>\n\t<meta name=\"twitter:data2\" content=\"Auf Lager\" \/>\n<script type=\"application\/ld+json\" class=\"yoast-schema-graph\">{\"@context\":\"https:\\\/\\\/schema.org\",\"@graph\":[{\"@type\":\"WebPage\",\"@id\":\"https:\\\/\\\/aazsolutions.ch\\\/de\\\/produit\\\/badewannenlifter-galapagos\\\/\",\"url\":\"https:\\\/\\\/aazsolutions.ch\\\/de\\\/produit\\\/badewannenlifter-galapagos\\\/\",\"name\":\"Badewannenlifter Galapagos mit Fernbedienung\",\"isPartOf\":{\"@id\":\"https:\\\/\\\/aazsolutions.ch\\\/de\\\/#website\"},\"primaryImageOfPage\":{\"@id\":\"https:\\\/\\\/aazsolutions.ch\\\/de\\\/produit\\\/badewannenlifter-galapagos\\\/#primaryimage\"},\"image\":{\"@id\":\"https:\\\/\\\/aazsolutions.ch\\\/de\\\/produit\\\/badewannenlifter-galapagos\\\/#primaryimage\"},\"thumbnailUrl\":\"https:\\\/\\\/aazsolutions.ch\\\/wp-content\\\/uploads\\\/2026\\\/04\\\/822068_1-scaled.jpg\",\"datePublished\":\"2018-12-31T23:00:00+00:00\",\"description\":\"Entdecken Sie den Komfort des Badewannenlifters Galapagos. Entwickelt f\u00fcr ein sicheres und angenehmes Badeerlebnis \u2013 kontaktieren Sie uns f\u00fcr weitere Informationen!\",\"breadcrumb\":{\"@id\":\"https:\\\/\\\/aazsolutions.ch\\\/de\\\/produit\\\/badewannenlifter-galapagos\\\/#breadcrumb\"},\"inLanguage\":\"de\",\"potentialAction\":[{\"@type\":\"ReadAction\",\"target\":[\"https:\\\/\\\/aazsolutions.ch\\\/de\\\/produit\\\/badewannenlifter-galapagos\\\/\"]}]},{\"@type\":\"ImageObject\",\"inLanguage\":\"de\",\"@id\":\"https:\\\/\\\/aazsolutions.ch\\\/de\\\/produit\\\/badewannenlifter-galapagos\\\/#primaryimage\",\"url\":\"https:\\\/\\\/aazsolutions.ch\\\/wp-content\\\/uploads\\\/2026\\\/04\\\/822068_1-scaled.jpg\",\"contentUrl\":\"https:\\\/\\\/aazsolutions.ch\\\/wp-content\\\/uploads\\\/2026\\\/04\\\/822068_1-scaled.jpg\",\"width\":1445,\"height\":2560},{\"@type\":\"BreadcrumbList\",\"@id\":\"https:\\\/\\\/aazsolutions.ch\\\/de\\\/produit\\\/badewannenlifter-galapagos\\\/#breadcrumb\",\"itemListElement\":[{\"@type\":\"ListItem\",\"position\":1,\"name\":\"Accueil\",\"item\":\"https:\\\/\\\/aazsolutions.ch\\\/de\\\/\"},{\"@type\":\"ListItem\",\"position\":2,\"name\":\"Shop\",\"item\":\"https:\\\/\\\/aazsolutions.ch\\\/de\\\/shop\\\/\"},{\"@type\":\"ListItem\",\"position\":3,\"name\":\"Badewannenlifter Galapagos\"}]},{\"@type\":\"WebSite\",\"@id\":\"https:\\\/\\\/aazsolutions.ch\\\/de\\\/#website\",\"url\":\"https:\\\/\\\/aazsolutions.ch\\\/de\\\/\",\"name\":\"A\u00e0Zsolutions.ch\",\"description\":\"Des solutions adapt\u00e9es \u00e0 chaque difficult\u00e9!\",\"publisher\":{\"@id\":\"https:\\\/\\\/aazsolutions.ch\\\/de\\\/#organization\"},\"potentialAction\":[{\"@type\":\"SearchAction\",\"target\":{\"@type\":\"EntryPoint\",\"urlTemplate\":\"https:\\\/\\\/aazsolutions.ch\\\/de\\\/?s={search_term_string}\"},\"query-input\":{\"@type\":\"PropertyValueSpecification\",\"valueRequired\":true,\"valueName\":\"search_term_string\"}}],\"inLanguage\":\"de\"},{\"@type\":\"Organization\",\"@id\":\"https:\\\/\\\/aazsolutions.ch\\\/de\\\/#organization\",\"name\":\"A\u00e0Zsolutions SARL\",\"url\":\"https:\\\/\\\/aazsolutions.ch\\\/de\\\/\",\"logo\":{\"@type\":\"ImageObject\",\"inLanguage\":\"de\",\"@id\":\"https:\\\/\\\/aazsolutions.ch\\\/de\\\/#\\\/schema\\\/logo\\\/image\\\/\",\"url\":\"https:\\\/\\\/aazsolutions.ch\\\/wp-content\\\/uploads\\\/2016\\\/04\\\/AAZ_Logo_Solutions.jpg\",\"contentUrl\":\"https:\\\/\\\/aazsolutions.ch\\\/wp-content\\\/uploads\\\/2016\\\/04\\\/AAZ_Logo_Solutions.jpg\",\"width\":1500,\"height\":481,\"caption\":\"A\u00e0Zsolutions SARL\"},\"image\":{\"@id\":\"https:\\\/\\\/aazsolutions.ch\\\/de\\\/#\\\/schema\\\/logo\\\/image\\\/\"},\"sameAs\":[\"https:\\\/\\\/www.facebook.com\\\/aazsolutions.ch\\\/\",\"https:\\\/\\\/www.linkedin.com\\\/showcase\\\/aazsolutions\\\/\"]}]}<\/script>\n<meta property=\"product:price:amount\" content=\"690.00\" \/>\n<meta property=\"product:price:currency\" content=\"CHF\" \/>\n<meta property=\"og:availability\" content=\"instock\" \/>\n<meta property=\"product:availability\" content=\"instock\" \/>\n<meta property=\"product:retailer_item_id\" content=\"10132\" \/>\n<meta property=\"product:condition\" content=\"new\" \/>\n<!-- \/ Yoast SEO Premium plugin. -->","yoast_head_json":{"title":"Badewannenlifter Galapagos mit Fernbedienung","description":"Entdecken Sie den Komfort des Badewannenlifters Galapagos. Entwickelt f\u00fcr ein sicheres und angenehmes Badeerlebnis \u2013 kontaktieren Sie uns f\u00fcr weitere Informationen!","robots":{"index":"index","follow":"follow","max-snippet":"max-snippet:-1","max-image-preview":"max-image-preview:large","max-video-preview":"max-video-preview:-1"},"canonical":"https:\/\/aazsolutions.ch\/de\/produit\/badewannenlifter-galapagos\/","og_locale":"de_DE","og_type":"article","og_title":"Badewannenlifter Galapagos","og_description":"Entdecken Sie den Komfort des Badewannenlifters Galapagos. Entwickelt f\u00fcr ein sicheres und angenehmes Badeerlebnis \u2013 kontaktieren Sie uns f\u00fcr weitere Informationen!","og_url":"https:\/\/aazsolutions.ch\/de\/produit\/badewannenlifter-galapagos\/","og_site_name":"A\u00e0Zsolutions.ch","article_publisher":"https:\/\/www.facebook.com\/aazsolutions.ch\/","og_image":[{"width":1445,"height":2560,"url":"https:\/\/aazsolutions.ch\/wp-content\/uploads\/2026\/04\/822068_1-scaled.jpg","type":"image\/jpeg"}],"twitter_card":"summary_large_image","twitter_misc":{"Preis":"690.00&nbsp;&#67;&#72;&#70; TVA incluse","Verf\u00fcgbarkeit":"Auf Lager"},"schema":{"@context":"https:\/\/schema.org","@graph":[{"@type":"WebPage","@id":"https:\/\/aazsolutions.ch\/de\/produit\/badewannenlifter-galapagos\/","url":"https:\/\/aazsolutions.ch\/de\/produit\/badewannenlifter-galapagos\/","name":"Badewannenlifter Galapagos mit Fernbedienung","isPartOf":{"@id":"https:\/\/aazsolutions.ch\/de\/#website"},"primaryImageOfPage":{"@id":"https:\/\/aazsolutions.ch\/de\/produit\/badewannenlifter-galapagos\/#primaryimage"},"image":{"@id":"https:\/\/aazsolutions.ch\/de\/produit\/badewannenlifter-galapagos\/#primaryimage"},"thumbnailUrl":"https:\/\/aazsolutions.ch\/wp-content\/uploads\/2026\/04\/822068_1-scaled.jpg","datePublished":"2018-12-31T23:00:00+00:00","description":"Entdecken Sie den Komfort des Badewannenlifters Galapagos. Entwickelt f\u00fcr ein sicheres und angenehmes Badeerlebnis \u2013 kontaktieren Sie uns f\u00fcr weitere Informationen!","breadcrumb":{"@id":"https:\/\/aazsolutions.ch\/de\/produit\/badewannenlifter-galapagos\/#breadcrumb"},"inLanguage":"de","potentialAction":[{"@type":"ReadAction","target":["https:\/\/aazsolutions.ch\/de\/produit\/badewannenlifter-galapagos\/"]}]},{"@type":"ImageObject","inLanguage":"de","@id":"https:\/\/aazsolutions.ch\/de\/produit\/badewannenlifter-galapagos\/#primaryimage","url":"https:\/\/aazsolutions.ch\/wp-content\/uploads\/2026\/04\/822068_1-scaled.jpg","contentUrl":"https:\/\/aazsolutions.ch\/wp-content\/uploads\/2026\/04\/822068_1-scaled.jpg","width":1445,"height":2560},{"@type":"BreadcrumbList","@id":"https:\/\/aazsolutions.ch\/de\/produit\/badewannenlifter-galapagos\/#breadcrumb","itemListElement":[{"@type":"ListItem","position":1,"name":"Accueil","item":"https:\/\/aazsolutions.ch\/de\/"},{"@type":"ListItem","position":2,"name":"Shop","item":"https:\/\/aazsolutions.ch\/de\/shop\/"},{"@type":"ListItem","position":3,"name":"Badewannenlifter Galapagos"}]},{"@type":"WebSite","@id":"https:\/\/aazsolutions.ch\/de\/#website","url":"https:\/\/aazsolutions.ch\/de\/","name":"A\u00e0Zsolutions.ch","description":"Des solutions adapt\u00e9es \u00e0 chaque difficult\u00e9!","publisher":{"@id":"https:\/\/aazsolutions.ch\/de\/#organization"},"potentialAction":[{"@type":"SearchAction","target":{"@type":"EntryPoint","urlTemplate":"https:\/\/aazsolutions.ch\/de\/?s={search_term_string}"},"query-input":{"@type":"PropertyValueSpecification","valueRequired":true,"valueName":"search_term_string"}}],"inLanguage":"de"},{"@type":"Organization","@id":"https:\/\/aazsolutions.ch\/de\/#organization","name":"A\u00e0Zsolutions SARL","url":"https:\/\/aazsolutions.ch\/de\/","logo":{"@type":"ImageObject","inLanguage":"de","@id":"https:\/\/aazsolutions.ch\/de\/#\/schema\/logo\/image\/","url":"https:\/\/aazsolutions.ch\/wp-content\/uploads\/2016\/04\/AAZ_Logo_Solutions.jpg","contentUrl":"https:\/\/aazsolutions.ch\/wp-content\/uploads\/2016\/04\/AAZ_Logo_Solutions.jpg","width":1500,"height":481,"caption":"A\u00e0Zsolutions SARL"},"image":{"@id":"https:\/\/aazsolutions.ch\/de\/#\/schema\/logo\/image\/"},"sameAs":["https:\/\/www.facebook.com\/aazsolutions.ch\/","https:\/\/www.linkedin.com\/showcase\/aazsolutions\/"]}]},"product_price_amount":"690.00","product_price_currency":"CHF","og_availability":"instock","product_availability":"instock","product_retailer_item_id":"10132","product_condition":"new"},"_links":{"self":[{"href":"https:\/\/aazsolutions.ch\/de\/wp-json\/wp\/v2\/product\/34093","targetHints":{"allow":["GET"]}}],"collection":[{"href":"https:\/\/aazsolutions.ch\/de\/wp-json\/wp\/v2\/product"}],"about":[{"href":"https:\/\/aazsolutions.ch\/de\/wp-json\/wp\/v2\/types\/product"}],"replies":[{"embeddable":true,"href":"https:\/\/aazsolutions.ch\/de\/wp-json\/wp\/v2\/comments?post=34093"}],"wp:featuredmedia":[{"embeddable":true,"href":"https:\/\/aazsolutions.ch\/de\/wp-json\/wp\/v2\/media\/33167"}],"wp:attachment":[{"href":"https:\/\/aazsolutions.ch\/de\/wp-json\/wp\/v2\/media?parent=34093"}],"wp:term":[{"taxonomy":"product_brand","embeddable":true,"href":"https:\/\/aazsolutions.ch\/de\/wp-json\/wp\/v2\/product_brand?post=34093"},{"taxonomy":"product_cat","embeddable":true,"href":"https:\/\/aazsolutions.ch\/de\/wp-json\/wp\/v2\/product_cat?post=34093"},{"taxonomy":"product_tag","embeddable":true,"href":"https:\/\/aazsolutions.ch\/de\/wp-json\/wp\/v2\/product_tag?post=34093"}],"curies":[{"name":"wp","href":"https:\/\/api.w.org\/{rel}","templated":true}]}}