{"id":34133,"date":"2019-01-01T00:00:00","date_gmt":"2018-12-31T23:00:00","guid":{"rendered":"https:\/\/aazsolutions.ch\/produit\/autonomer-toilettenstuhl\/"},"modified":"2019-01-01T00:00:00","modified_gmt":"2018-12-31T23:00:00","slug":"autonomer-toilettenstuhl","status":"publish","type":"product","link":"https:\/\/aazsolutions.ch\/de\/produit\/autonomer-toilettenstuhl\/","title":{"rendered":"Autonomer Toilettenstuhl"},"content":{"rendered":"<p><span style=\"color: #e2001a;\">EINZIGARTIGES ABVERKAUFSANGEBOT: 1 PRODUKT ZUM SONDERPREIS VERF\u00dcGBAR = CHF 990 statt CHF 1&#8217;990<\/span><\/p>\n<h2>Autonomer Toilettenstuhl \u2013 Intimhygiene, Komfort und Unabh\u00e4ngigkeit<\/h2>\n<p>Der <strong>autonome Toilettenstuhl<\/strong> <em>Dignity Commode<\/em> gibt dem Benutzer Autonomie und W\u00fcrde zur\u00fcck, indem er die Intimhygiene ohne fremde Hilfe erleichtert. Er erm\u00f6glicht es Personen mit eingeschr\u00e4nkter Mobilit\u00e4t oder beginnendem Autonomieverlust, sich nach dem Toilettengang selbstst\u00e4ndig zu reinigen, und bietet dabei optimalen Komfort sowie ein hohes Mass an Sicherheit. <\/p>\n<p><strong>Dank seines integrierten Reinigungssystems<\/strong> gibt der Stuhl einen <strong>verstellbaren Wasserstrahl<\/strong> f\u00fcr die Intimhygiene ab, gefolgt von einer <strong>Warmlufttrocknung<\/strong>. Das Wasser wird vorab auf eine angenehme Temperatur erw\u00e4rmt. Nach Abschluss des Zyklus fliesst das Abwasser in ein abnehmbares Becken, das leicht zu entleeren und zu reinigen ist.  <\/p>\n<p>Das elektronische Bidet ist abnehmbar, was eine unabh\u00e4ngige Reinigung des Gestells erm\u00f6glicht. Die Installation ist sehr einfach: Es ist kein Sanit\u00e4ranschluss erforderlich, der Stuhl muss lediglich an eine Steckdose angeschlossen werden. Ein <strong>kleiner seitlicher Tank<\/strong> stellt die Frischwasserversorgung sicher.  <\/p>\n<h3>\u2705 Vorteile des Toilettenstuhls Dignity Commode:<\/h3>\n<ul>\n<li>Installation ohne Umbau: Plug &amp; Play<\/li>\n<li>Wandfernbedienung mit grossen Tasten<\/li>\n<li>Verstellbarer Wasserstrahl und Duscharm, beheizbarer Sitz<\/li>\n<li>Integriertes Licht f\u00fcr die n\u00e4chtliche Nutzung<\/li>\n<li>Verstellbare Rahmenh\u00f6he f\u00fcr individuellen Komfort<\/li>\n<li>Mobiler Stuhl mit Verriegelungssystem f\u00fcr Stabilit\u00e4t<\/li>\n<\/ul>\n<h3>Maximale Autonomie im Alltag<\/h3>\n<p>Der <strong>autonome Toilettenstuhl<\/strong> ist ideal zur Verbesserung der Lebensqualit\u00e4t der Benutzer, da er ihnen erm\u00f6glicht, ihre Hygiene diskret, komfortabel und sicher ohne fremde Hilfe zu bew\u00e4ltigen.<\/p>\n<p><strong>Bestellen Sie Ihre Dignity Commode \u2013 Schnelle Lieferung in der Schweiz!<\/strong><\/p>\n<p><!-- Vid\u00e9o int\u00e9gr\u00e9e --><br \/>\n<iframe loading=\"lazy\" src=\"https:\/\/www.youtube.com\/embed\/v28CIs754Vk\" width=\"560\" height=\"315\" frameborder=\"0\" allowfullscreen=\"allowfullscreen\"><\/iframe><\/p>\n","protected":false},"excerpt":{"rendered":"<h2>Spezifikationen<\/h2>\n<ul>\n<li>Tiefe: 55 cm<\/li>\n<li>Breite: 61 cm<\/li>\n<li>H\u00f6he: 64 bis 69 cm<\/li>\n<li>Gewicht: 19 kg<\/li>\n<li>Max. Benutzergewicht Max. Benutzergewicht: 160 kg<\/li>\n<li>Farbe: Wei\u00df<\/li>\n<li>3,5-Liter-Wassertank, ausreichend f\u00fcr 2 bis 3 Anwendungen<\/li>\n<\/ul>\n","protected":false},"featured_media":31515,"comment_status":"closed","ping_status":"closed","template":"","meta":{"_et_pb_use_builder":"","_et_pb_old_content":"","_et_gb_content_width":"","inline_featured_image":false},"product_brand":[],"product_cat":[1211,1290],"product_tag":[],"class_list":{"0":"post-34133","1":"product","2":"type-product","3":"status-publish","4":"has-post-thumbnail","6":"product_cat-1-bad-dusche-wc","7":"product_cat-toilettenstuhl","8":"product_shipping_class-d","10":"first","11":"instock","12":"sale","13":"taxable","14":"shipping-taxable","15":"purchasable","16":"product-type-simple"},"yoast_head":"<!-- This site is optimized with the Yoast SEO Premium plugin v27.2 (Yoast SEO v27.5) - https:\/\/yoast.com\/product\/yoast-seo-premium-wordpress\/ -->\n<title>Autonomer Toilettenstuhl<\/title>\n<meta name=\"description\" content=\"Duschstuhl Aquatec Ocean Ergo 5&quot; \u2013 h\u00f6henverstellbar, aus korrosionsbest\u00e4ndigem Edelstahl, werkzeuglos zerlegbar. Komfort, Sicherheit und Anpassungsf\u00e4higkeit.\" \/>\n<meta name=\"robots\" content=\"index, follow, max-snippet:-1, max-image-preview:large, max-video-preview:-1\" \/>\n<link rel=\"canonical\" href=\"https:\/\/aazsolutions.ch\/de\/produit\/autonomer-toilettenstuhl\/\" \/>\n<meta property=\"og:locale\" content=\"de_DE\" \/>\n<meta property=\"og:type\" content=\"article\" \/>\n<meta property=\"og:title\" content=\"Autonomer Toilettenstuhl\" \/>\n<meta property=\"og:description\" content=\"Duschstuhl Aquatec Ocean Ergo 5&quot; \u2013 h\u00f6henverstellbar, aus korrosionsbest\u00e4ndigem Edelstahl, werkzeuglos zerlegbar. Komfort, Sicherheit und Anpassungsf\u00e4higkeit.\" \/>\n<meta property=\"og:url\" content=\"https:\/\/aazsolutions.ch\/de\/produit\/autonomer-toilettenstuhl\/\" \/>\n<meta property=\"og:site_name\" content=\"A\u00e0Zsolutions.ch\" \/>\n<meta property=\"article:publisher\" content=\"https:\/\/www.facebook.com\/aazsolutions.ch\/\" \/>\n<meta property=\"og:image\" content=\"https:\/\/aazsolutions.ch\/wp-content\/uploads\/2025\/03\/10134-1.jpg\" \/>\n\t<meta property=\"og:image:width\" content=\"1120\" \/>\n\t<meta property=\"og:image:height\" content=\"1120\" \/>\n\t<meta property=\"og:image:type\" content=\"image\/jpeg\" \/>\n<meta name=\"twitter:card\" content=\"summary_large_image\" \/>\n<meta name=\"twitter:label1\" content=\"Preis\" \/>\n\t<meta name=\"twitter:data1\" content=\"990.00&nbsp;&#067;&#072;&#070; TVA incluse\" \/>\n\t<meta name=\"twitter:label2\" content=\"Verf\u00fcgbarkeit\" \/>\n\t<meta name=\"twitter:data2\" content=\"Auf Lager\" \/>\n<script type=\"application\/ld+json\" class=\"yoast-schema-graph\">{\"@context\":\"https:\\\/\\\/schema.org\",\"@graph\":[{\"@type\":\"WebPage\",\"@id\":\"https:\\\/\\\/aazsolutions.ch\\\/de\\\/produit\\\/autonomer-toilettenstuhl\\\/\",\"url\":\"https:\\\/\\\/aazsolutions.ch\\\/de\\\/produit\\\/autonomer-toilettenstuhl\\\/\",\"name\":\"Autonomer Toilettenstuhl\",\"isPartOf\":{\"@id\":\"https:\\\/\\\/aazsolutions.ch\\\/de\\\/#website\"},\"primaryImageOfPage\":{\"@id\":\"https:\\\/\\\/aazsolutions.ch\\\/de\\\/produit\\\/autonomer-toilettenstuhl\\\/#primaryimage\"},\"image\":{\"@id\":\"https:\\\/\\\/aazsolutions.ch\\\/de\\\/produit\\\/autonomer-toilettenstuhl\\\/#primaryimage\"},\"thumbnailUrl\":\"https:\\\/\\\/aazsolutions.ch\\\/wp-content\\\/uploads\\\/2025\\\/03\\\/10134-1.jpg\",\"datePublished\":\"2018-12-31T23:00:00+00:00\",\"description\":\"Duschstuhl Aquatec Ocean Ergo 5\\\" \u2013 h\u00f6henverstellbar, aus korrosionsbest\u00e4ndigem Edelstahl, werkzeuglos zerlegbar. Komfort, Sicherheit und Anpassungsf\u00e4higkeit.\",\"breadcrumb\":{\"@id\":\"https:\\\/\\\/aazsolutions.ch\\\/de\\\/produit\\\/autonomer-toilettenstuhl\\\/#breadcrumb\"},\"inLanguage\":\"de\",\"potentialAction\":[{\"@type\":\"ReadAction\",\"target\":[\"https:\\\/\\\/aazsolutions.ch\\\/de\\\/produit\\\/autonomer-toilettenstuhl\\\/\"]}]},{\"@type\":\"ImageObject\",\"inLanguage\":\"de\",\"@id\":\"https:\\\/\\\/aazsolutions.ch\\\/de\\\/produit\\\/autonomer-toilettenstuhl\\\/#primaryimage\",\"url\":\"https:\\\/\\\/aazsolutions.ch\\\/wp-content\\\/uploads\\\/2025\\\/03\\\/10134-1.jpg\",\"contentUrl\":\"https:\\\/\\\/aazsolutions.ch\\\/wp-content\\\/uploads\\\/2025\\\/03\\\/10134-1.jpg\",\"width\":1120,\"height\":1120,\"caption\":\"Chaise perc\u00e9e de toilette autonome Dignity Commode\"},{\"@type\":\"BreadcrumbList\",\"@id\":\"https:\\\/\\\/aazsolutions.ch\\\/de\\\/produit\\\/autonomer-toilettenstuhl\\\/#breadcrumb\",\"itemListElement\":[{\"@type\":\"ListItem\",\"position\":1,\"name\":\"Accueil\",\"item\":\"https:\\\/\\\/aazsolutions.ch\\\/de\\\/\"},{\"@type\":\"ListItem\",\"position\":2,\"name\":\"Shop\",\"item\":\"https:\\\/\\\/aazsolutions.ch\\\/de\\\/shop\\\/\"},{\"@type\":\"ListItem\",\"position\":3,\"name\":\"Autonomer Toilettenstuhl\"}]},{\"@type\":\"WebSite\",\"@id\":\"https:\\\/\\\/aazsolutions.ch\\\/de\\\/#website\",\"url\":\"https:\\\/\\\/aazsolutions.ch\\\/de\\\/\",\"name\":\"A\u00e0Zsolutions.ch\",\"description\":\"Des solutions adapt\u00e9es \u00e0 chaque difficult\u00e9!\",\"publisher\":{\"@id\":\"https:\\\/\\\/aazsolutions.ch\\\/de\\\/#organization\"},\"potentialAction\":[{\"@type\":\"SearchAction\",\"target\":{\"@type\":\"EntryPoint\",\"urlTemplate\":\"https:\\\/\\\/aazsolutions.ch\\\/de\\\/?s={search_term_string}\"},\"query-input\":{\"@type\":\"PropertyValueSpecification\",\"valueRequired\":true,\"valueName\":\"search_term_string\"}}],\"inLanguage\":\"de\"},{\"@type\":\"Organization\",\"@id\":\"https:\\\/\\\/aazsolutions.ch\\\/de\\\/#organization\",\"name\":\"A\u00e0Zsolutions SARL\",\"url\":\"https:\\\/\\\/aazsolutions.ch\\\/de\\\/\",\"logo\":{\"@type\":\"ImageObject\",\"inLanguage\":\"de\",\"@id\":\"https:\\\/\\\/aazsolutions.ch\\\/de\\\/#\\\/schema\\\/logo\\\/image\\\/\",\"url\":\"https:\\\/\\\/aazsolutions.ch\\\/wp-content\\\/uploads\\\/2016\\\/04\\\/AAZ_Logo_Solutions.jpg\",\"contentUrl\":\"https:\\\/\\\/aazsolutions.ch\\\/wp-content\\\/uploads\\\/2016\\\/04\\\/AAZ_Logo_Solutions.jpg\",\"width\":1500,\"height\":481,\"caption\":\"A\u00e0Zsolutions SARL\"},\"image\":{\"@id\":\"https:\\\/\\\/aazsolutions.ch\\\/de\\\/#\\\/schema\\\/logo\\\/image\\\/\"},\"sameAs\":[\"https:\\\/\\\/www.facebook.com\\\/aazsolutions.ch\\\/\",\"https:\\\/\\\/www.linkedin.com\\\/showcase\\\/aazsolutions\\\/\"]}]}<\/script>\n<meta property=\"product:price:amount\" content=\"990.00\" \/>\n<meta property=\"product:price:currency\" content=\"CHF\" \/>\n<meta property=\"og:availability\" content=\"instock\" \/>\n<meta property=\"product:availability\" content=\"instock\" \/>\n<meta property=\"product:retailer_item_id\" content=\"10134\" \/>\n<meta property=\"product:condition\" content=\"new\" \/>\n<!-- \/ Yoast SEO Premium plugin. -->","yoast_head_json":{"title":"Autonomer Toilettenstuhl","description":"Duschstuhl Aquatec Ocean Ergo 5\" \u2013 h\u00f6henverstellbar, aus korrosionsbest\u00e4ndigem Edelstahl, werkzeuglos zerlegbar. Komfort, Sicherheit und Anpassungsf\u00e4higkeit.","robots":{"index":"index","follow":"follow","max-snippet":"max-snippet:-1","max-image-preview":"max-image-preview:large","max-video-preview":"max-video-preview:-1"},"canonical":"https:\/\/aazsolutions.ch\/de\/produit\/autonomer-toilettenstuhl\/","og_locale":"de_DE","og_type":"article","og_title":"Autonomer Toilettenstuhl","og_description":"Duschstuhl Aquatec Ocean Ergo 5\" \u2013 h\u00f6henverstellbar, aus korrosionsbest\u00e4ndigem Edelstahl, werkzeuglos zerlegbar. Komfort, Sicherheit und Anpassungsf\u00e4higkeit.","og_url":"https:\/\/aazsolutions.ch\/de\/produit\/autonomer-toilettenstuhl\/","og_site_name":"A\u00e0Zsolutions.ch","article_publisher":"https:\/\/www.facebook.com\/aazsolutions.ch\/","og_image":[{"width":1120,"height":1120,"url":"https:\/\/aazsolutions.ch\/wp-content\/uploads\/2025\/03\/10134-1.jpg","type":"image\/jpeg"}],"twitter_card":"summary_large_image","twitter_misc":{"Preis":"990.00&nbsp;&#67;&#72;&#70; TVA incluse","Verf\u00fcgbarkeit":"Auf Lager"},"schema":{"@context":"https:\/\/schema.org","@graph":[{"@type":"WebPage","@id":"https:\/\/aazsolutions.ch\/de\/produit\/autonomer-toilettenstuhl\/","url":"https:\/\/aazsolutions.ch\/de\/produit\/autonomer-toilettenstuhl\/","name":"Autonomer Toilettenstuhl","isPartOf":{"@id":"https:\/\/aazsolutions.ch\/de\/#website"},"primaryImageOfPage":{"@id":"https:\/\/aazsolutions.ch\/de\/produit\/autonomer-toilettenstuhl\/#primaryimage"},"image":{"@id":"https:\/\/aazsolutions.ch\/de\/produit\/autonomer-toilettenstuhl\/#primaryimage"},"thumbnailUrl":"https:\/\/aazsolutions.ch\/wp-content\/uploads\/2025\/03\/10134-1.jpg","datePublished":"2018-12-31T23:00:00+00:00","description":"Duschstuhl Aquatec Ocean Ergo 5\" \u2013 h\u00f6henverstellbar, aus korrosionsbest\u00e4ndigem Edelstahl, werkzeuglos zerlegbar. Komfort, Sicherheit und Anpassungsf\u00e4higkeit.","breadcrumb":{"@id":"https:\/\/aazsolutions.ch\/de\/produit\/autonomer-toilettenstuhl\/#breadcrumb"},"inLanguage":"de","potentialAction":[{"@type":"ReadAction","target":["https:\/\/aazsolutions.ch\/de\/produit\/autonomer-toilettenstuhl\/"]}]},{"@type":"ImageObject","inLanguage":"de","@id":"https:\/\/aazsolutions.ch\/de\/produit\/autonomer-toilettenstuhl\/#primaryimage","url":"https:\/\/aazsolutions.ch\/wp-content\/uploads\/2025\/03\/10134-1.jpg","contentUrl":"https:\/\/aazsolutions.ch\/wp-content\/uploads\/2025\/03\/10134-1.jpg","width":1120,"height":1120,"caption":"Chaise perc\u00e9e de toilette autonome Dignity Commode"},{"@type":"BreadcrumbList","@id":"https:\/\/aazsolutions.ch\/de\/produit\/autonomer-toilettenstuhl\/#breadcrumb","itemListElement":[{"@type":"ListItem","position":1,"name":"Accueil","item":"https:\/\/aazsolutions.ch\/de\/"},{"@type":"ListItem","position":2,"name":"Shop","item":"https:\/\/aazsolutions.ch\/de\/shop\/"},{"@type":"ListItem","position":3,"name":"Autonomer Toilettenstuhl"}]},{"@type":"WebSite","@id":"https:\/\/aazsolutions.ch\/de\/#website","url":"https:\/\/aazsolutions.ch\/de\/","name":"A\u00e0Zsolutions.ch","description":"Des solutions adapt\u00e9es \u00e0 chaque difficult\u00e9!","publisher":{"@id":"https:\/\/aazsolutions.ch\/de\/#organization"},"potentialAction":[{"@type":"SearchAction","target":{"@type":"EntryPoint","urlTemplate":"https:\/\/aazsolutions.ch\/de\/?s={search_term_string}"},"query-input":{"@type":"PropertyValueSpecification","valueRequired":true,"valueName":"search_term_string"}}],"inLanguage":"de"},{"@type":"Organization","@id":"https:\/\/aazsolutions.ch\/de\/#organization","name":"A\u00e0Zsolutions SARL","url":"https:\/\/aazsolutions.ch\/de\/","logo":{"@type":"ImageObject","inLanguage":"de","@id":"https:\/\/aazsolutions.ch\/de\/#\/schema\/logo\/image\/","url":"https:\/\/aazsolutions.ch\/wp-content\/uploads\/2016\/04\/AAZ_Logo_Solutions.jpg","contentUrl":"https:\/\/aazsolutions.ch\/wp-content\/uploads\/2016\/04\/AAZ_Logo_Solutions.jpg","width":1500,"height":481,"caption":"A\u00e0Zsolutions SARL"},"image":{"@id":"https:\/\/aazsolutions.ch\/de\/#\/schema\/logo\/image\/"},"sameAs":["https:\/\/www.facebook.com\/aazsolutions.ch\/","https:\/\/www.linkedin.com\/showcase\/aazsolutions\/"]}]},"product_price_amount":"990.00","product_price_currency":"CHF","og_availability":"instock","product_availability":"instock","product_retailer_item_id":"10134","product_condition":"new"},"_links":{"self":[{"href":"https:\/\/aazsolutions.ch\/de\/wp-json\/wp\/v2\/product\/34133","targetHints":{"allow":["GET"]}}],"collection":[{"href":"https:\/\/aazsolutions.ch\/de\/wp-json\/wp\/v2\/product"}],"about":[{"href":"https:\/\/aazsolutions.ch\/de\/wp-json\/wp\/v2\/types\/product"}],"replies":[{"embeddable":true,"href":"https:\/\/aazsolutions.ch\/de\/wp-json\/wp\/v2\/comments?post=34133"}],"wp:featuredmedia":[{"embeddable":true,"href":"https:\/\/aazsolutions.ch\/de\/wp-json\/wp\/v2\/media\/31515"}],"wp:attachment":[{"href":"https:\/\/aazsolutions.ch\/de\/wp-json\/wp\/v2\/media?parent=34133"}],"wp:term":[{"taxonomy":"product_brand","embeddable":true,"href":"https:\/\/aazsolutions.ch\/de\/wp-json\/wp\/v2\/product_brand?post=34133"},{"taxonomy":"product_cat","embeddable":true,"href":"https:\/\/aazsolutions.ch\/de\/wp-json\/wp\/v2\/product_cat?post=34133"},{"taxonomy":"product_tag","embeddable":true,"href":"https:\/\/aazsolutions.ch\/de\/wp-json\/wp\/v2\/product_tag?post=34133"}],"curies":[{"name":"wp","href":"https:\/\/api.w.org\/{rel}","templated":true}]}}