{"id":34197,"date":"2019-01-01T00:00:00","date_gmt":"2018-12-31T23:00:00","guid":{"rendered":"https:\/\/aazsolutions.ch\/produit\/4-rad-innenrollator-lets-dream\/"},"modified":"2019-01-01T00:00:00","modified_gmt":"2018-12-31T23:00:00","slug":"4-rad-innenrollator-lets-dream","status":"publish","type":"product","link":"https:\/\/aazsolutions.ch\/de\/produit\/4-rad-innenrollator-lets-dream\/","title":{"rendered":"4-Rad-Innenrollator Let\u2019s Dream"},"content":{"rendered":"<p><span style=\"color: #e2001a;\">Dieses Produkt ist <span style=\"text-decoration: underline;\"><strong>ausschliesslich auf Bestellung<\/strong><\/span> erh\u00e4ltlich. Die Lieferzeit betr\u00e4gt <span style=\"text-decoration: underline;\"><strong>4 bis 6 Wochen<\/strong><\/span>. F\u00fcr weitere Informationen kontaktieren Sie uns bitte. <\/span><\/p>\n<h2>4-Rad-Innenrollator Let\u2019s Dream \u2013 Eleganz und Mobilit\u00e4t in Ihrem Zuhause<\/h2>\n<p>Der <strong>4-Rad-Innenrollator Let\u2019s Dream<\/strong> vereint Eleganz, Praktikabilit\u00e4t und Komfort, um sich in den engen Bereichen Ihres Zuhauses m\u00fchelos zu bewegen. Ideal f\u00fcr Personen, die eine <strong>fl\u00fcssige Mobilit\u00e4t<\/strong> in Innenr\u00e4umen suchen, ist er daf\u00fcr ausgelegt, kleine Hindernisse wie T\u00fcrschwellen oder Teppichkanten zu \u00fcberwinden. <\/p>\n<h3>\u2705 Vorteile des 4-Rad-Rollators Let\u2019s Dream:<\/h3>\n<ul>\n<li><strong>Elegantes Design<\/strong> mit abnehmbarem Tablett und praktischer Stofftasche<\/li>\n<li><strong>Durchgehender Griff<\/strong>, sodass Sie den Rollator mit einer Hand halten k\u00f6nnen, w\u00e4hrend die andere Hand frei bleibt<\/li>\n<li><strong>Durchgehende Bremse<\/strong> an beiden Hinterr\u00e4dern f\u00fcr mehr Sicherheit und Kontrolle<\/li>\n<li><strong>Abnehmbares Tablett<\/strong> in Griffn\u00e4he f\u00fcr den praktischen Alltagseinsatz<\/li>\n<li><strong>Hochwertige R\u00e4der<\/strong> zum einfachen \u00dcberwinden von Hindernissen im Innenbereich<\/li>\n<li><strong>Ergonomischer Schaumstoffgriff<\/strong> f\u00fcr optimalen Bedienkomfort<\/li>\n<\/ul>\n<p>Ob f\u00fcr die Fortbewegung zu Hause oder f\u00fcr eine praktischere Nutzung in engen Bereichen: Der <strong>Rollator Let\u2019s Dream<\/strong> bietet Ihnen die ideale L\u00f6sung \u2013 mit <strong>Komfort und Sicherheit<\/strong>.<\/p>\n<h3>Entdecken Sie ihn im Video:<\/h3>\n<p><iframe loading=\"lazy\" src=\"https:\/\/www.youtube.com\/embed\/4dWK3_QZtLk\" width=\"560\" height=\"315\" frameborder=\"0\" allowfullscreen=\"allowfullscreen\"><\/iframe><\/p>\n<h3>Bestellen Sie noch heute Ihren 4-Rad-Innenrollator Let\u2019s Dream \u2013 f\u00fcr leichtere Mobilit\u00e4t und optimalen Komfort!<\/h3>\n","protected":false},"excerpt":{"rendered":"<h2>Spezifikationen<\/h2>\n<ul>\n<li>Gesamtbreite: 55 cm<\/li>\n<li>Gesamtl\u00e4nge: 63 cm<\/li>\n<li>Tabletth\u00f6he: 68 cm<\/li>\n<li>Griffh\u00f6he verstellbar: 83 bis 95 cm<\/li>\n<li>Farbe: Schwarz<\/li>\n<li>Gewicht: 6,5 kg<\/li>\n<\/ul>\n","protected":false},"featured_media":31747,"comment_status":"closed","ping_status":"closed","template":"","meta":{"_et_pb_use_builder":"","_et_pb_old_content":"","_et_gb_content_width":"","inline_featured_image":false},"product_brand":[],"product_cat":[1209,1272],"product_tag":[],"class_list":{"0":"post-34197","1":"product","2":"type-product","3":"status-publish","4":"has-post-thumbnail","6":"product_cat-2-mobilitat","7":"product_cat-rollator-4-rader","8":"product_shipping_class-c","10":"first","11":"instock","12":"taxable","13":"shipping-taxable","14":"purchasable","15":"product-type-simple"},"yoast_head":"<!-- This site is optimized with the Yoast SEO Premium plugin v27.2 (Yoast SEO v27.5) - https:\/\/yoast.com\/product\/yoast-seo-premium-wordpress\/ -->\n<title>4-Rad-Innenrollator Let\u2019s Dream \u2013 Eleganz und Mobilit\u00e4t<\/title>\n<meta name=\"description\" content=\"Der 4-Rad-Innenrollator Let\u2019s Dream erm\u00f6glicht eine einfache Fortbewegung in engen R\u00e4umen. Er bietet Komfort, Sicherheit und Praktikabilit\u00e4t f\u00fcr m\u00fchelose Mobilit\u00e4t zu Hause.\" \/>\n<meta name=\"robots\" content=\"index, follow, max-snippet:-1, max-image-preview:large, max-video-preview:-1\" \/>\n<link rel=\"canonical\" href=\"https:\/\/aazsolutions.ch\/de\/produit\/4-rad-innenrollator-lets-dream\/\" \/>\n<meta property=\"og:locale\" content=\"de_DE\" \/>\n<meta property=\"og:type\" content=\"article\" \/>\n<meta property=\"og:title\" content=\"4-Rad-Innenrollator Let\u2019s Dream\" \/>\n<meta property=\"og:description\" content=\"Der 4-Rad-Innenrollator Let\u2019s Dream erm\u00f6glicht eine einfache Fortbewegung in engen R\u00e4umen. Er bietet Komfort, Sicherheit und Praktikabilit\u00e4t f\u00fcr m\u00fchelose Mobilit\u00e4t zu Hause.\" \/>\n<meta property=\"og:url\" content=\"https:\/\/aazsolutions.ch\/de\/produit\/4-rad-innenrollator-lets-dream\/\" \/>\n<meta property=\"og:site_name\" content=\"A\u00e0Zsolutions.ch\" \/>\n<meta property=\"article:publisher\" content=\"https:\/\/www.facebook.com\/aazsolutions.ch\/\" \/>\n<meta property=\"og:image\" content=\"https:\/\/aazsolutions.ch\/wp-content\/uploads\/2025\/03\/20147.jpg\" \/>\n\t<meta property=\"og:image:width\" content=\"1120\" \/>\n\t<meta property=\"og:image:height\" content=\"1120\" \/>\n\t<meta property=\"og:image:type\" content=\"image\/jpeg\" \/>\n<meta name=\"twitter:card\" content=\"summary_large_image\" \/>\n<meta name=\"twitter:label1\" content=\"Preis\" \/>\n\t<meta name=\"twitter:data1\" content=\"410.00&nbsp;&#067;&#072;&#070; TVA incluse\" \/>\n\t<meta name=\"twitter:label2\" content=\"Verf\u00fcgbarkeit\" \/>\n\t<meta name=\"twitter:data2\" content=\"Auf Lager\" \/>\n<script type=\"application\/ld+json\" class=\"yoast-schema-graph\">{\"@context\":\"https:\\\/\\\/schema.org\",\"@graph\":[{\"@type\":\"WebPage\",\"@id\":\"https:\\\/\\\/aazsolutions.ch\\\/de\\\/produit\\\/4-rad-innenrollator-lets-dream\\\/\",\"url\":\"https:\\\/\\\/aazsolutions.ch\\\/de\\\/produit\\\/4-rad-innenrollator-lets-dream\\\/\",\"name\":\"4-Rad-Innenrollator Let\u2019s Dream \u2013 Eleganz und Mobilit\u00e4t\",\"isPartOf\":{\"@id\":\"https:\\\/\\\/aazsolutions.ch\\\/de\\\/#website\"},\"primaryImageOfPage\":{\"@id\":\"https:\\\/\\\/aazsolutions.ch\\\/de\\\/produit\\\/4-rad-innenrollator-lets-dream\\\/#primaryimage\"},\"image\":{\"@id\":\"https:\\\/\\\/aazsolutions.ch\\\/de\\\/produit\\\/4-rad-innenrollator-lets-dream\\\/#primaryimage\"},\"thumbnailUrl\":\"https:\\\/\\\/aazsolutions.ch\\\/wp-content\\\/uploads\\\/2025\\\/03\\\/20147.jpg\",\"datePublished\":\"2018-12-31T23:00:00+00:00\",\"description\":\"Der 4-Rad-Innenrollator Let\u2019s Dream erm\u00f6glicht eine einfache Fortbewegung in engen R\u00e4umen. Er bietet Komfort, Sicherheit und Praktikabilit\u00e4t f\u00fcr m\u00fchelose Mobilit\u00e4t zu Hause.\",\"breadcrumb\":{\"@id\":\"https:\\\/\\\/aazsolutions.ch\\\/de\\\/produit\\\/4-rad-innenrollator-lets-dream\\\/#breadcrumb\"},\"inLanguage\":\"de\",\"potentialAction\":[{\"@type\":\"ReadAction\",\"target\":[\"https:\\\/\\\/aazsolutions.ch\\\/de\\\/produit\\\/4-rad-innenrollator-lets-dream\\\/\"]}]},{\"@type\":\"ImageObject\",\"inLanguage\":\"de\",\"@id\":\"https:\\\/\\\/aazsolutions.ch\\\/de\\\/produit\\\/4-rad-innenrollator-lets-dream\\\/#primaryimage\",\"url\":\"https:\\\/\\\/aazsolutions.ch\\\/wp-content\\\/uploads\\\/2025\\\/03\\\/20147.jpg\",\"contentUrl\":\"https:\\\/\\\/aazsolutions.ch\\\/wp-content\\\/uploads\\\/2025\\\/03\\\/20147.jpg\",\"width\":1120,\"height\":1120,\"caption\":\"Rollator 4 roues d'int\u00e9rieur Let's Dream avec plateau amovible et sacoche pratique\"},{\"@type\":\"BreadcrumbList\",\"@id\":\"https:\\\/\\\/aazsolutions.ch\\\/de\\\/produit\\\/4-rad-innenrollator-lets-dream\\\/#breadcrumb\",\"itemListElement\":[{\"@type\":\"ListItem\",\"position\":1,\"name\":\"Accueil\",\"item\":\"https:\\\/\\\/aazsolutions.ch\\\/de\\\/\"},{\"@type\":\"ListItem\",\"position\":2,\"name\":\"Shop\",\"item\":\"https:\\\/\\\/aazsolutions.ch\\\/de\\\/shop\\\/\"},{\"@type\":\"ListItem\",\"position\":3,\"name\":\"4-Rad-Innenrollator Let\u2019s Dream\"}]},{\"@type\":\"WebSite\",\"@id\":\"https:\\\/\\\/aazsolutions.ch\\\/de\\\/#website\",\"url\":\"https:\\\/\\\/aazsolutions.ch\\\/de\\\/\",\"name\":\"A\u00e0Zsolutions.ch\",\"description\":\"Des solutions adapt\u00e9es \u00e0 chaque difficult\u00e9!\",\"publisher\":{\"@id\":\"https:\\\/\\\/aazsolutions.ch\\\/de\\\/#organization\"},\"potentialAction\":[{\"@type\":\"SearchAction\",\"target\":{\"@type\":\"EntryPoint\",\"urlTemplate\":\"https:\\\/\\\/aazsolutions.ch\\\/de\\\/?s={search_term_string}\"},\"query-input\":{\"@type\":\"PropertyValueSpecification\",\"valueRequired\":true,\"valueName\":\"search_term_string\"}}],\"inLanguage\":\"de\"},{\"@type\":\"Organization\",\"@id\":\"https:\\\/\\\/aazsolutions.ch\\\/de\\\/#organization\",\"name\":\"A\u00e0Zsolutions SARL\",\"url\":\"https:\\\/\\\/aazsolutions.ch\\\/de\\\/\",\"logo\":{\"@type\":\"ImageObject\",\"inLanguage\":\"de\",\"@id\":\"https:\\\/\\\/aazsolutions.ch\\\/de\\\/#\\\/schema\\\/logo\\\/image\\\/\",\"url\":\"https:\\\/\\\/aazsolutions.ch\\\/wp-content\\\/uploads\\\/2016\\\/04\\\/AAZ_Logo_Solutions.jpg\",\"contentUrl\":\"https:\\\/\\\/aazsolutions.ch\\\/wp-content\\\/uploads\\\/2016\\\/04\\\/AAZ_Logo_Solutions.jpg\",\"width\":1500,\"height\":481,\"caption\":\"A\u00e0Zsolutions SARL\"},\"image\":{\"@id\":\"https:\\\/\\\/aazsolutions.ch\\\/de\\\/#\\\/schema\\\/logo\\\/image\\\/\"},\"sameAs\":[\"https:\\\/\\\/www.facebook.com\\\/aazsolutions.ch\\\/\",\"https:\\\/\\\/www.linkedin.com\\\/showcase\\\/aazsolutions\\\/\"]}]}<\/script>\n<meta property=\"product:price:amount\" content=\"410.00\" \/>\n<meta property=\"product:price:currency\" content=\"CHF\" \/>\n<meta property=\"og:availability\" content=\"instock\" \/>\n<meta property=\"product:availability\" content=\"instock\" \/>\n<meta property=\"product:retailer_item_id\" content=\"20147\" \/>\n<meta property=\"product:condition\" content=\"new\" \/>\n<!-- \/ Yoast SEO Premium plugin. -->","yoast_head_json":{"title":"4-Rad-Innenrollator Let\u2019s Dream \u2013 Eleganz und Mobilit\u00e4t","description":"Der 4-Rad-Innenrollator Let\u2019s Dream erm\u00f6glicht eine einfache Fortbewegung in engen R\u00e4umen. Er bietet Komfort, Sicherheit und Praktikabilit\u00e4t f\u00fcr m\u00fchelose Mobilit\u00e4t zu Hause.","robots":{"index":"index","follow":"follow","max-snippet":"max-snippet:-1","max-image-preview":"max-image-preview:large","max-video-preview":"max-video-preview:-1"},"canonical":"https:\/\/aazsolutions.ch\/de\/produit\/4-rad-innenrollator-lets-dream\/","og_locale":"de_DE","og_type":"article","og_title":"4-Rad-Innenrollator Let\u2019s Dream","og_description":"Der 4-Rad-Innenrollator Let\u2019s Dream erm\u00f6glicht eine einfache Fortbewegung in engen R\u00e4umen. Er bietet Komfort, Sicherheit und Praktikabilit\u00e4t f\u00fcr m\u00fchelose Mobilit\u00e4t zu Hause.","og_url":"https:\/\/aazsolutions.ch\/de\/produit\/4-rad-innenrollator-lets-dream\/","og_site_name":"A\u00e0Zsolutions.ch","article_publisher":"https:\/\/www.facebook.com\/aazsolutions.ch\/","og_image":[{"width":1120,"height":1120,"url":"https:\/\/aazsolutions.ch\/wp-content\/uploads\/2025\/03\/20147.jpg","type":"image\/jpeg"}],"twitter_card":"summary_large_image","twitter_misc":{"Preis":"410.00&nbsp;&#67;&#72;&#70; TVA incluse","Verf\u00fcgbarkeit":"Auf Lager"},"schema":{"@context":"https:\/\/schema.org","@graph":[{"@type":"WebPage","@id":"https:\/\/aazsolutions.ch\/de\/produit\/4-rad-innenrollator-lets-dream\/","url":"https:\/\/aazsolutions.ch\/de\/produit\/4-rad-innenrollator-lets-dream\/","name":"4-Rad-Innenrollator Let\u2019s Dream \u2013 Eleganz und Mobilit\u00e4t","isPartOf":{"@id":"https:\/\/aazsolutions.ch\/de\/#website"},"primaryImageOfPage":{"@id":"https:\/\/aazsolutions.ch\/de\/produit\/4-rad-innenrollator-lets-dream\/#primaryimage"},"image":{"@id":"https:\/\/aazsolutions.ch\/de\/produit\/4-rad-innenrollator-lets-dream\/#primaryimage"},"thumbnailUrl":"https:\/\/aazsolutions.ch\/wp-content\/uploads\/2025\/03\/20147.jpg","datePublished":"2018-12-31T23:00:00+00:00","description":"Der 4-Rad-Innenrollator Let\u2019s Dream erm\u00f6glicht eine einfache Fortbewegung in engen R\u00e4umen. Er bietet Komfort, Sicherheit und Praktikabilit\u00e4t f\u00fcr m\u00fchelose Mobilit\u00e4t zu Hause.","breadcrumb":{"@id":"https:\/\/aazsolutions.ch\/de\/produit\/4-rad-innenrollator-lets-dream\/#breadcrumb"},"inLanguage":"de","potentialAction":[{"@type":"ReadAction","target":["https:\/\/aazsolutions.ch\/de\/produit\/4-rad-innenrollator-lets-dream\/"]}]},{"@type":"ImageObject","inLanguage":"de","@id":"https:\/\/aazsolutions.ch\/de\/produit\/4-rad-innenrollator-lets-dream\/#primaryimage","url":"https:\/\/aazsolutions.ch\/wp-content\/uploads\/2025\/03\/20147.jpg","contentUrl":"https:\/\/aazsolutions.ch\/wp-content\/uploads\/2025\/03\/20147.jpg","width":1120,"height":1120,"caption":"Rollator 4 roues d'int\u00e9rieur Let's Dream avec plateau amovible et sacoche pratique"},{"@type":"BreadcrumbList","@id":"https:\/\/aazsolutions.ch\/de\/produit\/4-rad-innenrollator-lets-dream\/#breadcrumb","itemListElement":[{"@type":"ListItem","position":1,"name":"Accueil","item":"https:\/\/aazsolutions.ch\/de\/"},{"@type":"ListItem","position":2,"name":"Shop","item":"https:\/\/aazsolutions.ch\/de\/shop\/"},{"@type":"ListItem","position":3,"name":"4-Rad-Innenrollator Let\u2019s Dream"}]},{"@type":"WebSite","@id":"https:\/\/aazsolutions.ch\/de\/#website","url":"https:\/\/aazsolutions.ch\/de\/","name":"A\u00e0Zsolutions.ch","description":"Des solutions adapt\u00e9es \u00e0 chaque difficult\u00e9!","publisher":{"@id":"https:\/\/aazsolutions.ch\/de\/#organization"},"potentialAction":[{"@type":"SearchAction","target":{"@type":"EntryPoint","urlTemplate":"https:\/\/aazsolutions.ch\/de\/?s={search_term_string}"},"query-input":{"@type":"PropertyValueSpecification","valueRequired":true,"valueName":"search_term_string"}}],"inLanguage":"de"},{"@type":"Organization","@id":"https:\/\/aazsolutions.ch\/de\/#organization","name":"A\u00e0Zsolutions SARL","url":"https:\/\/aazsolutions.ch\/de\/","logo":{"@type":"ImageObject","inLanguage":"de","@id":"https:\/\/aazsolutions.ch\/de\/#\/schema\/logo\/image\/","url":"https:\/\/aazsolutions.ch\/wp-content\/uploads\/2016\/04\/AAZ_Logo_Solutions.jpg","contentUrl":"https:\/\/aazsolutions.ch\/wp-content\/uploads\/2016\/04\/AAZ_Logo_Solutions.jpg","width":1500,"height":481,"caption":"A\u00e0Zsolutions SARL"},"image":{"@id":"https:\/\/aazsolutions.ch\/de\/#\/schema\/logo\/image\/"},"sameAs":["https:\/\/www.facebook.com\/aazsolutions.ch\/","https:\/\/www.linkedin.com\/showcase\/aazsolutions\/"]}]},"product_price_amount":"410.00","product_price_currency":"CHF","og_availability":"instock","product_availability":"instock","product_retailer_item_id":"20147","product_condition":"new"},"_links":{"self":[{"href":"https:\/\/aazsolutions.ch\/de\/wp-json\/wp\/v2\/product\/34197","targetHints":{"allow":["GET"]}}],"collection":[{"href":"https:\/\/aazsolutions.ch\/de\/wp-json\/wp\/v2\/product"}],"about":[{"href":"https:\/\/aazsolutions.ch\/de\/wp-json\/wp\/v2\/types\/product"}],"replies":[{"embeddable":true,"href":"https:\/\/aazsolutions.ch\/de\/wp-json\/wp\/v2\/comments?post=34197"}],"wp:featuredmedia":[{"embeddable":true,"href":"https:\/\/aazsolutions.ch\/de\/wp-json\/wp\/v2\/media\/31747"}],"wp:attachment":[{"href":"https:\/\/aazsolutions.ch\/de\/wp-json\/wp\/v2\/media?parent=34197"}],"wp:term":[{"taxonomy":"product_brand","embeddable":true,"href":"https:\/\/aazsolutions.ch\/de\/wp-json\/wp\/v2\/product_brand?post=34197"},{"taxonomy":"product_cat","embeddable":true,"href":"https:\/\/aazsolutions.ch\/de\/wp-json\/wp\/v2\/product_cat?post=34197"},{"taxonomy":"product_tag","embeddable":true,"href":"https:\/\/aazsolutions.ch\/de\/wp-json\/wp\/v2\/product_tag?post=34197"}],"curies":[{"name":"wp","href":"https:\/\/api.w.org\/{rel}","templated":true}]}}