{"id":34270,"date":"2019-01-01T00:00:00","date_gmt":"2018-12-31T23:00:00","guid":{"rendered":"https:\/\/aazsolutions.ch\/produit\/stileo-haltegriff-mit-saugnaepfen\/"},"modified":"2019-01-01T00:00:00","modified_gmt":"2018-12-31T23:00:00","slug":"stileo-haltegriff-mit-saugnaepfen","status":"publish","type":"product","link":"https:\/\/aazsolutions.ch\/de\/produit\/stileo-haltegriff-mit-saugnaepfen\/","title":{"rendered":"Stileo Haltegriff mit Saugn\u00e4pfen"},"content":{"rendered":"<h2>Stileo Haltegriff mit Saugn\u00e4pfen \u2013 mobile, sofortige Sicherheit<\/h2>\n<p>Der <strong>Stileo Haltegriff mit Saugn\u00e4pfen<\/strong> ist die ideale L\u00f6sung, um Ihre Bewegungen ohne Bohren und ohne Werkzeug abzusichern. Er l\u00e4sst sich in wenigen Sekunden auf jeder glatten, nicht por\u00f6sen Oberfl\u00e4che wie Fliesen, Glas, Porzellan oder Fiberglas anbringen. <\/p>\n<p>Dieser <strong>Wand-Haltegriff<\/strong> ist mit <strong>starken Saugn\u00e4pfen<\/strong> und einem <strong>visuellen Verriegelungssystem<\/strong> ausgestattet: Ein gr\u00fcner Indikator bedeutet, dass die Befestigung sicher ist, w\u00e4hrend Rot anzeigt, dass sie es nicht ist. Er l\u00e4sst sich leicht versetzen und ist damit eine hervorragende Option f\u00fcr die tempor\u00e4re Nutzung oder auf Reisen. <\/p>\n<h3>\u2705 Die Vorteile des Stileo Haltegriffs:<\/h3>\n<ul>\n<li>Montage ohne Bohren und ohne Werkzeug<\/li>\n<li>Rot-\/Gr\u00fcn-Verriegelungsindikatoren<\/li>\n<li>Geeignet f\u00fcr glatte, nicht por\u00f6se Oberfl\u00e4chen<\/li>\n<li>Kompakt, robust und repositionierbar<\/li>\n<li>Geeignet f\u00fcr Seniorinnen und Senioren, Personen mit eingeschr\u00e4nkter Mobilit\u00e4t oder in der Rehabilitation<\/li>\n<\/ul>\n<h3>Demovideo<\/h3>\n<p><iframe loading=\"lazy\" src=\"https:\/\/www.youtube.com\/embed\/u4qvj9ve0gc\" width=\"560\" height=\"315\" frameborder=\"0\" allowfullscreen=\"allowfullscreen\"><\/iframe><\/p>\n<p>Der <strong>Haltegriff <\/strong>ist perfekt, um in Ihrem Badezimmer zus\u00e4tzliche Sicherheit zu schaffen, ohne Ihre W\u00e4nde zu besch\u00e4digen. Praktisch, zuverl\u00e4ssig und einfach zu bedienen \u2013 er begleitet Sie \u00fcberallhin. <\/p>\n<p><strong>Bestellen Sie Ihren Stileo Haltegriff mit Saugn\u00e4pfen \u2013 schnelle Lieferung in der Schweiz!<\/strong><\/p>\n","protected":false},"excerpt":{"rendered":"<h2>Spezifikationen<\/h2>\n<ul>\n<li>L\u00e4nge: Je nach Modell<\/li>\n<li>Tragkraft: 30&nbsp;kg<\/li>\n<li>Farbe: Wei\u00df<\/li>\n<\/ul>\n","protected":false},"featured_media":31384,"comment_status":"closed","ping_status":"closed","template":"","meta":{"_et_pb_use_builder":"","_et_pb_old_content":"","_et_gb_content_width":"","inline_featured_image":false},"product_brand":[],"product_cat":[1211,1312],"product_tag":[],"class_list":{"0":"post-34270","1":"product","2":"type-product","3":"status-publish","4":"has-post-thumbnail","6":"product_cat-1-bad-dusche-wc","7":"product_cat-haltegriff","8":"product_shipping_class-a","9":"pa_longueur-26cm","10":"pa_longueur-40cm","11":"pa_longueur-55cm","13":"first","14":"instock","15":"taxable","16":"shipping-taxable","17":"purchasable","18":"product-type-variable"},"yoast_head":"<!-- This site is optimized with the Yoast SEO Premium plugin v27.2 (Yoast SEO v27.5) - https:\/\/yoast.com\/product\/yoast-seo-premium-wordpress\/ -->\n<title>Stileo Haltegriff mit Saugn\u00e4pfen mit Verriegelungsindikatoren<\/title>\n<meta name=\"description\" content=\"Sorgen Sie f\u00fcr Ihre Sicherheit mit dem Stileo Haltegriff mit Saugn\u00e4pfen, entwickelt f\u00fcr glatte Oberfl\u00e4chen. Profitieren Sie von einer Tragkraft von 30\u00a0kg, bestellen Sie jetzt!\" \/>\n<meta name=\"robots\" content=\"index, follow, max-snippet:-1, max-image-preview:large, max-video-preview:-1\" \/>\n<link rel=\"canonical\" href=\"https:\/\/aazsolutions.ch\/de\/produit\/stileo-haltegriff-mit-saugnaepfen\/\" \/>\n<meta property=\"og:locale\" content=\"de_DE\" \/>\n<meta property=\"og:type\" content=\"article\" \/>\n<meta property=\"og:title\" content=\"Stileo Haltegriff mit Saugn\u00e4pfen\" \/>\n<meta property=\"og:description\" content=\"Sorgen Sie f\u00fcr Ihre Sicherheit mit dem Stileo Haltegriff mit Saugn\u00e4pfen, entwickelt f\u00fcr glatte Oberfl\u00e4chen. Profitieren Sie von einer Tragkraft von 30\u00a0kg, bestellen Sie jetzt!\" \/>\n<meta property=\"og:url\" content=\"https:\/\/aazsolutions.ch\/de\/produit\/stileo-haltegriff-mit-saugnaepfen\/\" \/>\n<meta property=\"og:site_name\" content=\"A\u00e0Zsolutions.ch\" \/>\n<meta property=\"article:publisher\" content=\"https:\/\/www.facebook.com\/aazsolutions.ch\/\" \/>\n<meta property=\"og:image\" content=\"https:\/\/aazsolutions.ch\/wp-content\/uploads\/2025\/03\/10029.jpg\" \/>\n\t<meta property=\"og:image:width\" content=\"1120\" \/>\n\t<meta property=\"og:image:height\" content=\"1120\" \/>\n\t<meta property=\"og:image:type\" content=\"image\/jpeg\" \/>\n<meta name=\"twitter:card\" content=\"summary_large_image\" \/>\n<meta name=\"twitter:label1\" content=\"Verf\u00fcgbarkeit\" \/>\n\t<meta name=\"twitter:data1\" content=\"Auf Lager\" \/>\n<script type=\"application\/ld+json\" class=\"yoast-schema-graph\">{\"@context\":\"https:\\\/\\\/schema.org\",\"@graph\":[{\"@type\":\"WebPage\",\"@id\":\"https:\\\/\\\/aazsolutions.ch\\\/de\\\/produit\\\/stileo-haltegriff-mit-saugnaepfen\\\/\",\"url\":\"https:\\\/\\\/aazsolutions.ch\\\/de\\\/produit\\\/stileo-haltegriff-mit-saugnaepfen\\\/\",\"name\":\"Stileo Haltegriff mit Saugn\u00e4pfen mit Verriegelungsindikatoren\",\"isPartOf\":{\"@id\":\"https:\\\/\\\/aazsolutions.ch\\\/de\\\/#website\"},\"primaryImageOfPage\":{\"@id\":\"https:\\\/\\\/aazsolutions.ch\\\/de\\\/produit\\\/stileo-haltegriff-mit-saugnaepfen\\\/#primaryimage\"},\"image\":{\"@id\":\"https:\\\/\\\/aazsolutions.ch\\\/de\\\/produit\\\/stileo-haltegriff-mit-saugnaepfen\\\/#primaryimage\"},\"thumbnailUrl\":\"https:\\\/\\\/aazsolutions.ch\\\/wp-content\\\/uploads\\\/2025\\\/03\\\/10029.jpg\",\"datePublished\":\"2018-12-31T23:00:00+00:00\",\"description\":\"Sorgen Sie f\u00fcr Ihre Sicherheit mit dem Stileo Haltegriff mit Saugn\u00e4pfen, entwickelt f\u00fcr glatte Oberfl\u00e4chen. Profitieren Sie von einer Tragkraft von 30\u00a0kg, bestellen Sie jetzt!\",\"breadcrumb\":{\"@id\":\"https:\\\/\\\/aazsolutions.ch\\\/de\\\/produit\\\/stileo-haltegriff-mit-saugnaepfen\\\/#breadcrumb\"},\"inLanguage\":\"de\",\"potentialAction\":[{\"@type\":\"ReadAction\",\"target\":[\"https:\\\/\\\/aazsolutions.ch\\\/de\\\/produit\\\/stileo-haltegriff-mit-saugnaepfen\\\/\"]}]},{\"@type\":\"ImageObject\",\"inLanguage\":\"de\",\"@id\":\"https:\\\/\\\/aazsolutions.ch\\\/de\\\/produit\\\/stileo-haltegriff-mit-saugnaepfen\\\/#primaryimage\",\"url\":\"https:\\\/\\\/aazsolutions.ch\\\/wp-content\\\/uploads\\\/2025\\\/03\\\/10029.jpg\",\"contentUrl\":\"https:\\\/\\\/aazsolutions.ch\\\/wp-content\\\/uploads\\\/2025\\\/03\\\/10029.jpg\",\"width\":1120,\"height\":1120,\"caption\":\"Barre d\u2019appui \u00e0 ventouses Stileo fix\u00e9e sur carrelage\"},{\"@type\":\"BreadcrumbList\",\"@id\":\"https:\\\/\\\/aazsolutions.ch\\\/de\\\/produit\\\/stileo-haltegriff-mit-saugnaepfen\\\/#breadcrumb\",\"itemListElement\":[{\"@type\":\"ListItem\",\"position\":1,\"name\":\"Accueil\",\"item\":\"https:\\\/\\\/aazsolutions.ch\\\/de\\\/\"},{\"@type\":\"ListItem\",\"position\":2,\"name\":\"Shop\",\"item\":\"https:\\\/\\\/aazsolutions.ch\\\/de\\\/shop\\\/\"},{\"@type\":\"ListItem\",\"position\":3,\"name\":\"Stileo Haltegriff mit Saugn\u00e4pfen\"}]},{\"@type\":\"WebSite\",\"@id\":\"https:\\\/\\\/aazsolutions.ch\\\/de\\\/#website\",\"url\":\"https:\\\/\\\/aazsolutions.ch\\\/de\\\/\",\"name\":\"A\u00e0Zsolutions.ch\",\"description\":\"Des solutions adapt\u00e9es \u00e0 chaque difficult\u00e9!\",\"publisher\":{\"@id\":\"https:\\\/\\\/aazsolutions.ch\\\/de\\\/#organization\"},\"potentialAction\":[{\"@type\":\"SearchAction\",\"target\":{\"@type\":\"EntryPoint\",\"urlTemplate\":\"https:\\\/\\\/aazsolutions.ch\\\/de\\\/?s={search_term_string}\"},\"query-input\":{\"@type\":\"PropertyValueSpecification\",\"valueRequired\":true,\"valueName\":\"search_term_string\"}}],\"inLanguage\":\"de\"},{\"@type\":\"Organization\",\"@id\":\"https:\\\/\\\/aazsolutions.ch\\\/de\\\/#organization\",\"name\":\"A\u00e0Zsolutions SARL\",\"url\":\"https:\\\/\\\/aazsolutions.ch\\\/de\\\/\",\"logo\":{\"@type\":\"ImageObject\",\"inLanguage\":\"de\",\"@id\":\"https:\\\/\\\/aazsolutions.ch\\\/de\\\/#\\\/schema\\\/logo\\\/image\\\/\",\"url\":\"https:\\\/\\\/aazsolutions.ch\\\/wp-content\\\/uploads\\\/2016\\\/04\\\/AAZ_Logo_Solutions.jpg\",\"contentUrl\":\"https:\\\/\\\/aazsolutions.ch\\\/wp-content\\\/uploads\\\/2016\\\/04\\\/AAZ_Logo_Solutions.jpg\",\"width\":1500,\"height\":481,\"caption\":\"A\u00e0Zsolutions SARL\"},\"image\":{\"@id\":\"https:\\\/\\\/aazsolutions.ch\\\/de\\\/#\\\/schema\\\/logo\\\/image\\\/\"},\"sameAs\":[\"https:\\\/\\\/www.facebook.com\\\/aazsolutions.ch\\\/\",\"https:\\\/\\\/www.linkedin.com\\\/showcase\\\/aazsolutions\\\/\"]}]}<\/script>\n<meta property=\"og:availability\" content=\"instock\" \/>\n<meta property=\"product:availability\" content=\"instock\" \/>\n<meta property=\"product:retailer_item_id\" content=\"10029\" \/>\n<meta property=\"product:condition\" content=\"new\" \/>\n<!-- \/ Yoast SEO Premium plugin. -->","yoast_head_json":{"title":"Stileo Haltegriff mit Saugn\u00e4pfen mit Verriegelungsindikatoren","description":"Sorgen Sie f\u00fcr Ihre Sicherheit mit dem Stileo Haltegriff mit Saugn\u00e4pfen, entwickelt f\u00fcr glatte Oberfl\u00e4chen. Profitieren Sie von einer Tragkraft von 30\u00a0kg, bestellen Sie jetzt!","robots":{"index":"index","follow":"follow","max-snippet":"max-snippet:-1","max-image-preview":"max-image-preview:large","max-video-preview":"max-video-preview:-1"},"canonical":"https:\/\/aazsolutions.ch\/de\/produit\/stileo-haltegriff-mit-saugnaepfen\/","og_locale":"de_DE","og_type":"article","og_title":"Stileo Haltegriff mit Saugn\u00e4pfen","og_description":"Sorgen Sie f\u00fcr Ihre Sicherheit mit dem Stileo Haltegriff mit Saugn\u00e4pfen, entwickelt f\u00fcr glatte Oberfl\u00e4chen. Profitieren Sie von einer Tragkraft von 30\u00a0kg, bestellen Sie jetzt!","og_url":"https:\/\/aazsolutions.ch\/de\/produit\/stileo-haltegriff-mit-saugnaepfen\/","og_site_name":"A\u00e0Zsolutions.ch","article_publisher":"https:\/\/www.facebook.com\/aazsolutions.ch\/","og_image":[{"width":1120,"height":1120,"url":"https:\/\/aazsolutions.ch\/wp-content\/uploads\/2025\/03\/10029.jpg","type":"image\/jpeg"}],"twitter_card":"summary_large_image","twitter_misc":{"Verf\u00fcgbarkeit":"Auf Lager"},"schema":{"@context":"https:\/\/schema.org","@graph":[{"@type":"WebPage","@id":"https:\/\/aazsolutions.ch\/de\/produit\/stileo-haltegriff-mit-saugnaepfen\/","url":"https:\/\/aazsolutions.ch\/de\/produit\/stileo-haltegriff-mit-saugnaepfen\/","name":"Stileo Haltegriff mit Saugn\u00e4pfen mit Verriegelungsindikatoren","isPartOf":{"@id":"https:\/\/aazsolutions.ch\/de\/#website"},"primaryImageOfPage":{"@id":"https:\/\/aazsolutions.ch\/de\/produit\/stileo-haltegriff-mit-saugnaepfen\/#primaryimage"},"image":{"@id":"https:\/\/aazsolutions.ch\/de\/produit\/stileo-haltegriff-mit-saugnaepfen\/#primaryimage"},"thumbnailUrl":"https:\/\/aazsolutions.ch\/wp-content\/uploads\/2025\/03\/10029.jpg","datePublished":"2018-12-31T23:00:00+00:00","description":"Sorgen Sie f\u00fcr Ihre Sicherheit mit dem Stileo Haltegriff mit Saugn\u00e4pfen, entwickelt f\u00fcr glatte Oberfl\u00e4chen. Profitieren Sie von einer Tragkraft von 30\u00a0kg, bestellen Sie jetzt!","breadcrumb":{"@id":"https:\/\/aazsolutions.ch\/de\/produit\/stileo-haltegriff-mit-saugnaepfen\/#breadcrumb"},"inLanguage":"de","potentialAction":[{"@type":"ReadAction","target":["https:\/\/aazsolutions.ch\/de\/produit\/stileo-haltegriff-mit-saugnaepfen\/"]}]},{"@type":"ImageObject","inLanguage":"de","@id":"https:\/\/aazsolutions.ch\/de\/produit\/stileo-haltegriff-mit-saugnaepfen\/#primaryimage","url":"https:\/\/aazsolutions.ch\/wp-content\/uploads\/2025\/03\/10029.jpg","contentUrl":"https:\/\/aazsolutions.ch\/wp-content\/uploads\/2025\/03\/10029.jpg","width":1120,"height":1120,"caption":"Barre d\u2019appui \u00e0 ventouses Stileo fix\u00e9e sur carrelage"},{"@type":"BreadcrumbList","@id":"https:\/\/aazsolutions.ch\/de\/produit\/stileo-haltegriff-mit-saugnaepfen\/#breadcrumb","itemListElement":[{"@type":"ListItem","position":1,"name":"Accueil","item":"https:\/\/aazsolutions.ch\/de\/"},{"@type":"ListItem","position":2,"name":"Shop","item":"https:\/\/aazsolutions.ch\/de\/shop\/"},{"@type":"ListItem","position":3,"name":"Stileo Haltegriff mit Saugn\u00e4pfen"}]},{"@type":"WebSite","@id":"https:\/\/aazsolutions.ch\/de\/#website","url":"https:\/\/aazsolutions.ch\/de\/","name":"A\u00e0Zsolutions.ch","description":"Des solutions adapt\u00e9es \u00e0 chaque difficult\u00e9!","publisher":{"@id":"https:\/\/aazsolutions.ch\/de\/#organization"},"potentialAction":[{"@type":"SearchAction","target":{"@type":"EntryPoint","urlTemplate":"https:\/\/aazsolutions.ch\/de\/?s={search_term_string}"},"query-input":{"@type":"PropertyValueSpecification","valueRequired":true,"valueName":"search_term_string"}}],"inLanguage":"de"},{"@type":"Organization","@id":"https:\/\/aazsolutions.ch\/de\/#organization","name":"A\u00e0Zsolutions SARL","url":"https:\/\/aazsolutions.ch\/de\/","logo":{"@type":"ImageObject","inLanguage":"de","@id":"https:\/\/aazsolutions.ch\/de\/#\/schema\/logo\/image\/","url":"https:\/\/aazsolutions.ch\/wp-content\/uploads\/2016\/04\/AAZ_Logo_Solutions.jpg","contentUrl":"https:\/\/aazsolutions.ch\/wp-content\/uploads\/2016\/04\/AAZ_Logo_Solutions.jpg","width":1500,"height":481,"caption":"A\u00e0Zsolutions SARL"},"image":{"@id":"https:\/\/aazsolutions.ch\/de\/#\/schema\/logo\/image\/"},"sameAs":["https:\/\/www.facebook.com\/aazsolutions.ch\/","https:\/\/www.linkedin.com\/showcase\/aazsolutions\/"]}]},"og_availability":"instock","product_availability":"instock","product_retailer_item_id":"10029","product_condition":"new"},"_links":{"self":[{"href":"https:\/\/aazsolutions.ch\/de\/wp-json\/wp\/v2\/product\/34270","targetHints":{"allow":["GET"]}}],"collection":[{"href":"https:\/\/aazsolutions.ch\/de\/wp-json\/wp\/v2\/product"}],"about":[{"href":"https:\/\/aazsolutions.ch\/de\/wp-json\/wp\/v2\/types\/product"}],"replies":[{"embeddable":true,"href":"https:\/\/aazsolutions.ch\/de\/wp-json\/wp\/v2\/comments?post=34270"}],"wp:featuredmedia":[{"embeddable":true,"href":"https:\/\/aazsolutions.ch\/de\/wp-json\/wp\/v2\/media\/31384"}],"wp:attachment":[{"href":"https:\/\/aazsolutions.ch\/de\/wp-json\/wp\/v2\/media?parent=34270"}],"wp:term":[{"taxonomy":"product_brand","embeddable":true,"href":"https:\/\/aazsolutions.ch\/de\/wp-json\/wp\/v2\/product_brand?post=34270"},{"taxonomy":"product_cat","embeddable":true,"href":"https:\/\/aazsolutions.ch\/de\/wp-json\/wp\/v2\/product_cat?post=34270"},{"taxonomy":"product_tag","embeddable":true,"href":"https:\/\/aazsolutions.ch\/de\/wp-json\/wp\/v2\/product_tag?post=34270"}],"curies":[{"name":"wp","href":"https:\/\/api.w.org\/{rel}","templated":true}]}}