{"id":34315,"date":"2019-01-01T00:00:00","date_gmt":"2018-12-31T23:00:00","guid":{"rendered":"https:\/\/aazsolutions.ch\/produit\/buckingham-caddy-fuer-gehwagen\/"},"modified":"2019-01-01T00:00:00","modified_gmt":"2018-12-31T23:00:00","slug":"buckingham-caddy-fuer-gehwagen","status":"publish","type":"product","link":"https:\/\/aazsolutions.ch\/de\/produit\/buckingham-caddy-fuer-gehwagen\/","title":{"rendered":"Buckingham Caddy f\u00fcr Gehwagen"},"content":{"rendered":"<h2>Buckingham Caddy f\u00fcr Gehwagen \u2013 Praktisch und robust f\u00fcr Ihre Mobilit\u00e4t<\/h2>\n<p>Der <strong>Buckingham Caddy f\u00fcr Gehwagen<\/strong> ist ein unverzichtbares Zubeh\u00f6r, um Ihre Alltagsgegenst\u00e4nde sicher zu transportieren. Hergestellt aus <strong>grauem Hartplastik<\/strong>, passt er sich leicht an die meisten auf dem Markt erh\u00e4ltlichen Gehwagen an, ohne die Mobilit\u00e4t einzuschr\u00e4nken. <\/p>\n<p>Sein <strong>robustes und unterteiltes Design<\/strong> erm\u00f6glicht die Aufbewahrung von Gegenst\u00e4nden unterschiedlicher Gr\u00f6sse und verhindert gleichzeitig ein Umkippen. Er wird mit einem <strong>abnehmbaren Tablett<\/strong> mit Becherhalter sowie einem <strong>diskreten Deckel<\/strong> zum Schutz des Inhalts des Hauptfachs geliefert. <\/p>\n<h3>\u2705 Hauptmerkmale:<\/h3>\n<ul>\n<li>F\u00fcr die meisten Standard-Gehwagen konzipiert<\/li>\n<li>Stabile und widerstandsf\u00e4hige Struktur, leicht zu reinigen<\/li>\n<li>Praktische F\u00e4cher zur Organisation von Gegenst\u00e4nden<\/li>\n<li>Abnehmbares Tablett mit integriertem Becherhalter<\/li>\n<li>Inklusive Deckel f\u00fcr mehr Diskretion und Sicherheit<\/li>\n<\/ul>\n<h3>Eine funktionale L\u00f6sung f\u00fcr mehr Autonomie<\/h3>\n<p>Mit dem <strong>Buckingham Caddy f\u00fcr Gehwagen<\/strong> transportieren Sie Ihre Gegenst\u00e4nde m\u00fchelos und einfach. <strong>Bestellen Sie ihn jetzt \u2013 Schnelle Lieferung in der ganzen Schweiz!<\/strong><\/p>\n<h3>\ud83c\udfa5 Demonstrationsvideo<\/h3>\n<p><iframe loading=\"lazy\" src=\"https:\/\/www.youtube.com\/embed\/NT895WQgcSA\" width=\"560\" height=\"315\" frameborder=\"0\" allowfullscreen=\"allowfullscreen\"><\/iframe><\/p>\n","protected":false},"excerpt":{"rendered":"<h2>Spezifikationen<\/h2>\n<ul>\n<li>Masse Tablett: 45.5x31cm<\/li>\n<li>Breite ohne Tablett: 43.5cm<\/li>\n<li>H\u00f6he: 20cm<\/li>\n<li>Gesamtgewicht: 0.94kg (0.56kg Korb, 0.38kg Tablett)<\/li>\n<li>Max. Gewicht: 2kg<\/li>\n<li>Farbe: Grau<\/li>\n<\/ul>\n","protected":false},"featured_media":31662,"comment_status":"closed","ping_status":"closed","template":"","meta":{"_et_pb_use_builder":"","_et_pb_old_content":"","_et_gb_content_width":"","inline_featured_image":false},"product_brand":[],"product_cat":[1209,1210],"product_tag":[],"class_list":{"0":"post-34315","1":"product","2":"type-product","3":"status-publish","4":"has-post-thumbnail","6":"product_cat-2-mobilitat","7":"product_cat-zubehor-fur-gehrahmen","8":"product_shipping_class-a","10":"first","11":"instock","12":"taxable","13":"shipping-taxable","14":"purchasable","15":"product-type-simple"},"yoast_head":"<!-- This site is optimized with the Yoast SEO Premium plugin v27.2 (Yoast SEO v27.5) - https:\/\/yoast.com\/product\/yoast-seo-premium-wordpress\/ -->\n<title>Buckingham Caddy f\u00fcr Gehwagen<\/title>\n<meta name=\"description\" content=\"Entdecken Sie den Buckingham Caddy f\u00fcr Gehwagen: einfacher und praktischer Transport. Leicht, sicher und einfach zu befestigen. Schnelle Lieferung in der Schweiz!\" \/>\n<meta name=\"robots\" content=\"index, follow, max-snippet:-1, max-image-preview:large, max-video-preview:-1\" \/>\n<link rel=\"canonical\" href=\"https:\/\/aazsolutions.ch\/de\/produit\/buckingham-caddy-fuer-gehwagen\/\" \/>\n<meta property=\"og:locale\" content=\"de_DE\" \/>\n<meta property=\"og:type\" content=\"article\" \/>\n<meta property=\"og:title\" content=\"Buckingham Caddy f\u00fcr Gehwagen\" \/>\n<meta property=\"og:description\" content=\"Entdecken Sie den Buckingham Caddy f\u00fcr Gehwagen: einfacher und praktischer Transport. Leicht, sicher und einfach zu befestigen. Schnelle Lieferung in der Schweiz!\" \/>\n<meta property=\"og:url\" content=\"https:\/\/aazsolutions.ch\/de\/produit\/buckingham-caddy-fuer-gehwagen\/\" \/>\n<meta property=\"og:site_name\" content=\"A\u00e0Zsolutions.ch\" \/>\n<meta property=\"article:publisher\" content=\"https:\/\/www.facebook.com\/aazsolutions.ch\/\" \/>\n<meta property=\"og:image\" content=\"https:\/\/aazsolutions.ch\/wp-content\/uploads\/2025\/03\/20103-1.jpg\" \/>\n\t<meta property=\"og:image:width\" content=\"800\" \/>\n\t<meta property=\"og:image:height\" content=\"800\" \/>\n\t<meta property=\"og:image:type\" content=\"image\/jpeg\" \/>\n<meta name=\"twitter:card\" content=\"summary_large_image\" \/>\n<meta name=\"twitter:label1\" content=\"Preis\" \/>\n\t<meta name=\"twitter:data1\" content=\"99.00&nbsp;&#067;&#072;&#070; TVA incluse\" \/>\n\t<meta name=\"twitter:label2\" content=\"Verf\u00fcgbarkeit\" \/>\n\t<meta name=\"twitter:data2\" content=\"Auf Lager\" \/>\n<script type=\"application\/ld+json\" class=\"yoast-schema-graph\">{\"@context\":\"https:\\\/\\\/schema.org\",\"@graph\":[{\"@type\":\"WebPage\",\"@id\":\"https:\\\/\\\/aazsolutions.ch\\\/de\\\/produit\\\/buckingham-caddy-fuer-gehwagen\\\/\",\"url\":\"https:\\\/\\\/aazsolutions.ch\\\/de\\\/produit\\\/buckingham-caddy-fuer-gehwagen\\\/\",\"name\":\"Buckingham Caddy f\u00fcr Gehwagen\",\"isPartOf\":{\"@id\":\"https:\\\/\\\/aazsolutions.ch\\\/de\\\/#website\"},\"primaryImageOfPage\":{\"@id\":\"https:\\\/\\\/aazsolutions.ch\\\/de\\\/produit\\\/buckingham-caddy-fuer-gehwagen\\\/#primaryimage\"},\"image\":{\"@id\":\"https:\\\/\\\/aazsolutions.ch\\\/de\\\/produit\\\/buckingham-caddy-fuer-gehwagen\\\/#primaryimage\"},\"thumbnailUrl\":\"https:\\\/\\\/aazsolutions.ch\\\/wp-content\\\/uploads\\\/2025\\\/03\\\/20103-1.jpg\",\"datePublished\":\"2018-12-31T23:00:00+00:00\",\"description\":\"Entdecken Sie den Buckingham Caddy f\u00fcr Gehwagen: einfacher und praktischer Transport. Leicht, sicher und einfach zu befestigen. Schnelle Lieferung in der Schweiz!\",\"breadcrumb\":{\"@id\":\"https:\\\/\\\/aazsolutions.ch\\\/de\\\/produit\\\/buckingham-caddy-fuer-gehwagen\\\/#breadcrumb\"},\"inLanguage\":\"de\",\"potentialAction\":[{\"@type\":\"ReadAction\",\"target\":[\"https:\\\/\\\/aazsolutions.ch\\\/de\\\/produit\\\/buckingham-caddy-fuer-gehwagen\\\/\"]}]},{\"@type\":\"ImageObject\",\"inLanguage\":\"de\",\"@id\":\"https:\\\/\\\/aazsolutions.ch\\\/de\\\/produit\\\/buckingham-caddy-fuer-gehwagen\\\/#primaryimage\",\"url\":\"https:\\\/\\\/aazsolutions.ch\\\/wp-content\\\/uploads\\\/2025\\\/03\\\/20103-1.jpg\",\"contentUrl\":\"https:\\\/\\\/aazsolutions.ch\\\/wp-content\\\/uploads\\\/2025\\\/03\\\/20103-1.jpg\",\"width\":800,\"height\":800,\"caption\":\"Caddie Buckingham fix\u00e9 sur un cadre de marche\"},{\"@type\":\"BreadcrumbList\",\"@id\":\"https:\\\/\\\/aazsolutions.ch\\\/de\\\/produit\\\/buckingham-caddy-fuer-gehwagen\\\/#breadcrumb\",\"itemListElement\":[{\"@type\":\"ListItem\",\"position\":1,\"name\":\"Accueil\",\"item\":\"https:\\\/\\\/aazsolutions.ch\\\/de\\\/\"},{\"@type\":\"ListItem\",\"position\":2,\"name\":\"Shop\",\"item\":\"https:\\\/\\\/aazsolutions.ch\\\/de\\\/shop\\\/\"},{\"@type\":\"ListItem\",\"position\":3,\"name\":\"Buckingham Caddy f\u00fcr Gehwagen\"}]},{\"@type\":\"WebSite\",\"@id\":\"https:\\\/\\\/aazsolutions.ch\\\/de\\\/#website\",\"url\":\"https:\\\/\\\/aazsolutions.ch\\\/de\\\/\",\"name\":\"A\u00e0Zsolutions.ch\",\"description\":\"Des solutions adapt\u00e9es \u00e0 chaque difficult\u00e9!\",\"publisher\":{\"@id\":\"https:\\\/\\\/aazsolutions.ch\\\/de\\\/#organization\"},\"potentialAction\":[{\"@type\":\"SearchAction\",\"target\":{\"@type\":\"EntryPoint\",\"urlTemplate\":\"https:\\\/\\\/aazsolutions.ch\\\/de\\\/?s={search_term_string}\"},\"query-input\":{\"@type\":\"PropertyValueSpecification\",\"valueRequired\":true,\"valueName\":\"search_term_string\"}}],\"inLanguage\":\"de\"},{\"@type\":\"Organization\",\"@id\":\"https:\\\/\\\/aazsolutions.ch\\\/de\\\/#organization\",\"name\":\"A\u00e0Zsolutions SARL\",\"url\":\"https:\\\/\\\/aazsolutions.ch\\\/de\\\/\",\"logo\":{\"@type\":\"ImageObject\",\"inLanguage\":\"de\",\"@id\":\"https:\\\/\\\/aazsolutions.ch\\\/de\\\/#\\\/schema\\\/logo\\\/image\\\/\",\"url\":\"https:\\\/\\\/aazsolutions.ch\\\/wp-content\\\/uploads\\\/2016\\\/04\\\/AAZ_Logo_Solutions.jpg\",\"contentUrl\":\"https:\\\/\\\/aazsolutions.ch\\\/wp-content\\\/uploads\\\/2016\\\/04\\\/AAZ_Logo_Solutions.jpg\",\"width\":1500,\"height\":481,\"caption\":\"A\u00e0Zsolutions SARL\"},\"image\":{\"@id\":\"https:\\\/\\\/aazsolutions.ch\\\/de\\\/#\\\/schema\\\/logo\\\/image\\\/\"},\"sameAs\":[\"https:\\\/\\\/www.facebook.com\\\/aazsolutions.ch\\\/\",\"https:\\\/\\\/www.linkedin.com\\\/showcase\\\/aazsolutions\\\/\"]}]}<\/script>\n<meta property=\"product:price:amount\" content=\"99.00\" \/>\n<meta property=\"product:price:currency\" content=\"CHF\" \/>\n<meta property=\"og:availability\" content=\"instock\" \/>\n<meta property=\"product:availability\" content=\"instock\" \/>\n<meta property=\"product:retailer_item_id\" content=\"20103\" \/>\n<meta property=\"product:condition\" content=\"new\" \/>\n<!-- \/ Yoast SEO Premium plugin. -->","yoast_head_json":{"title":"Buckingham Caddy f\u00fcr Gehwagen","description":"Entdecken Sie den Buckingham Caddy f\u00fcr Gehwagen: einfacher und praktischer Transport. Leicht, sicher und einfach zu befestigen. Schnelle Lieferung in der Schweiz!","robots":{"index":"index","follow":"follow","max-snippet":"max-snippet:-1","max-image-preview":"max-image-preview:large","max-video-preview":"max-video-preview:-1"},"canonical":"https:\/\/aazsolutions.ch\/de\/produit\/buckingham-caddy-fuer-gehwagen\/","og_locale":"de_DE","og_type":"article","og_title":"Buckingham Caddy f\u00fcr Gehwagen","og_description":"Entdecken Sie den Buckingham Caddy f\u00fcr Gehwagen: einfacher und praktischer Transport. Leicht, sicher und einfach zu befestigen. Schnelle Lieferung in der Schweiz!","og_url":"https:\/\/aazsolutions.ch\/de\/produit\/buckingham-caddy-fuer-gehwagen\/","og_site_name":"A\u00e0Zsolutions.ch","article_publisher":"https:\/\/www.facebook.com\/aazsolutions.ch\/","og_image":[{"width":800,"height":800,"url":"https:\/\/aazsolutions.ch\/wp-content\/uploads\/2025\/03\/20103-1.jpg","type":"image\/jpeg"}],"twitter_card":"summary_large_image","twitter_misc":{"Preis":"99.00&nbsp;&#67;&#72;&#70; TVA incluse","Verf\u00fcgbarkeit":"Auf Lager"},"schema":{"@context":"https:\/\/schema.org","@graph":[{"@type":"WebPage","@id":"https:\/\/aazsolutions.ch\/de\/produit\/buckingham-caddy-fuer-gehwagen\/","url":"https:\/\/aazsolutions.ch\/de\/produit\/buckingham-caddy-fuer-gehwagen\/","name":"Buckingham Caddy f\u00fcr Gehwagen","isPartOf":{"@id":"https:\/\/aazsolutions.ch\/de\/#website"},"primaryImageOfPage":{"@id":"https:\/\/aazsolutions.ch\/de\/produit\/buckingham-caddy-fuer-gehwagen\/#primaryimage"},"image":{"@id":"https:\/\/aazsolutions.ch\/de\/produit\/buckingham-caddy-fuer-gehwagen\/#primaryimage"},"thumbnailUrl":"https:\/\/aazsolutions.ch\/wp-content\/uploads\/2025\/03\/20103-1.jpg","datePublished":"2018-12-31T23:00:00+00:00","description":"Entdecken Sie den Buckingham Caddy f\u00fcr Gehwagen: einfacher und praktischer Transport. Leicht, sicher und einfach zu befestigen. Schnelle Lieferung in der Schweiz!","breadcrumb":{"@id":"https:\/\/aazsolutions.ch\/de\/produit\/buckingham-caddy-fuer-gehwagen\/#breadcrumb"},"inLanguage":"de","potentialAction":[{"@type":"ReadAction","target":["https:\/\/aazsolutions.ch\/de\/produit\/buckingham-caddy-fuer-gehwagen\/"]}]},{"@type":"ImageObject","inLanguage":"de","@id":"https:\/\/aazsolutions.ch\/de\/produit\/buckingham-caddy-fuer-gehwagen\/#primaryimage","url":"https:\/\/aazsolutions.ch\/wp-content\/uploads\/2025\/03\/20103-1.jpg","contentUrl":"https:\/\/aazsolutions.ch\/wp-content\/uploads\/2025\/03\/20103-1.jpg","width":800,"height":800,"caption":"Caddie Buckingham fix\u00e9 sur un cadre de marche"},{"@type":"BreadcrumbList","@id":"https:\/\/aazsolutions.ch\/de\/produit\/buckingham-caddy-fuer-gehwagen\/#breadcrumb","itemListElement":[{"@type":"ListItem","position":1,"name":"Accueil","item":"https:\/\/aazsolutions.ch\/de\/"},{"@type":"ListItem","position":2,"name":"Shop","item":"https:\/\/aazsolutions.ch\/de\/shop\/"},{"@type":"ListItem","position":3,"name":"Buckingham Caddy f\u00fcr Gehwagen"}]},{"@type":"WebSite","@id":"https:\/\/aazsolutions.ch\/de\/#website","url":"https:\/\/aazsolutions.ch\/de\/","name":"A\u00e0Zsolutions.ch","description":"Des solutions adapt\u00e9es \u00e0 chaque difficult\u00e9!","publisher":{"@id":"https:\/\/aazsolutions.ch\/de\/#organization"},"potentialAction":[{"@type":"SearchAction","target":{"@type":"EntryPoint","urlTemplate":"https:\/\/aazsolutions.ch\/de\/?s={search_term_string}"},"query-input":{"@type":"PropertyValueSpecification","valueRequired":true,"valueName":"search_term_string"}}],"inLanguage":"de"},{"@type":"Organization","@id":"https:\/\/aazsolutions.ch\/de\/#organization","name":"A\u00e0Zsolutions SARL","url":"https:\/\/aazsolutions.ch\/de\/","logo":{"@type":"ImageObject","inLanguage":"de","@id":"https:\/\/aazsolutions.ch\/de\/#\/schema\/logo\/image\/","url":"https:\/\/aazsolutions.ch\/wp-content\/uploads\/2016\/04\/AAZ_Logo_Solutions.jpg","contentUrl":"https:\/\/aazsolutions.ch\/wp-content\/uploads\/2016\/04\/AAZ_Logo_Solutions.jpg","width":1500,"height":481,"caption":"A\u00e0Zsolutions SARL"},"image":{"@id":"https:\/\/aazsolutions.ch\/de\/#\/schema\/logo\/image\/"},"sameAs":["https:\/\/www.facebook.com\/aazsolutions.ch\/","https:\/\/www.linkedin.com\/showcase\/aazsolutions\/"]}]},"product_price_amount":"99.00","product_price_currency":"CHF","og_availability":"instock","product_availability":"instock","product_retailer_item_id":"20103","product_condition":"new"},"_links":{"self":[{"href":"https:\/\/aazsolutions.ch\/de\/wp-json\/wp\/v2\/product\/34315","targetHints":{"allow":["GET"]}}],"collection":[{"href":"https:\/\/aazsolutions.ch\/de\/wp-json\/wp\/v2\/product"}],"about":[{"href":"https:\/\/aazsolutions.ch\/de\/wp-json\/wp\/v2\/types\/product"}],"replies":[{"embeddable":true,"href":"https:\/\/aazsolutions.ch\/de\/wp-json\/wp\/v2\/comments?post=34315"}],"wp:featuredmedia":[{"embeddable":true,"href":"https:\/\/aazsolutions.ch\/de\/wp-json\/wp\/v2\/media\/31662"}],"wp:attachment":[{"href":"https:\/\/aazsolutions.ch\/de\/wp-json\/wp\/v2\/media?parent=34315"}],"wp:term":[{"taxonomy":"product_brand","embeddable":true,"href":"https:\/\/aazsolutions.ch\/de\/wp-json\/wp\/v2\/product_brand?post=34315"},{"taxonomy":"product_cat","embeddable":true,"href":"https:\/\/aazsolutions.ch\/de\/wp-json\/wp\/v2\/product_cat?post=34315"},{"taxonomy":"product_tag","embeddable":true,"href":"https:\/\/aazsolutions.ch\/de\/wp-json\/wp\/v2\/product_tag?post=34315"}],"curies":[{"name":"wp","href":"https:\/\/api.w.org\/{rel}","templated":true}]}}