{"id":34361,"date":"2019-01-01T00:00:00","date_gmt":"2018-12-31T23:00:00","guid":{"rendered":"https:\/\/aazsolutions.ch\/produit\/set-mit-20-anti-rutsch-streifen\/"},"modified":"2019-01-01T00:00:00","modified_gmt":"2018-12-31T23:00:00","slug":"set-mit-20-anti-rutsch-streifen","status":"publish","type":"product","link":"https:\/\/aazsolutions.ch\/de\/produit\/set-mit-20-anti-rutsch-streifen\/","title":{"rendered":"Set mit 20 Anti-Rutsch-Streifen"},"content":{"rendered":"<h2>Set mit 20 Anti-Rutsch-Streifen \u2013 sichern Sie Ihre Fl\u00e4chen im Handumdrehen<\/h2>\n<p>Das <strong>Set mit 20 Anti-Rutsch-Streifen<\/strong> hilft Ihnen, das Rutschrisiko in Ihrem Badezimmer oder in anderen feuchten Bereichen wirksam zu reduzieren. Denn diese selbstklebenden Streifen schaffen eine raue Oberfl\u00e4che, die ein Wegrutschen des Fu\u00dfes verhindert \u2013 auch wenn er nass ist. <\/p>\n<p>Sie k\u00f6nnen sie <strong>ganz einfach in einer Dusche oder Badewanne<\/strong> anbringen, egal ob Ihre Duschwanne aus Keramik oder Acryl ist. <strong>Au\u00dferdem<\/strong> eignen sich diese Streifen auch f\u00fcr Treppen \u2013 innen wie au\u00dfen \u2013 und sind damit besonders vielseitig.<\/p>\n<p><strong>Aus schimmelhemmend behandeltem Gummi gefertigt<\/strong>, sind sie feuchtigkeitsbest\u00e4ndig und behalten ihre Haftung langfristig. Die Unterseite ist bereits mit Klebstoff versehen \u2013 f\u00fcr eine schnelle Montage ohne Werkzeug. <\/p>\n<h3>\u2705 Vorteile der Anti-Rutsch-Streifen:<\/h3>\n<ul>\n<li>Verhindern St\u00fcrze auf rutschigen Oberfl\u00e4chen<\/li>\n<li>Einsetzbar in Dusche, Badewanne, Treppe, auf Fliesen<\/li>\n<li>Starke, langlebige Haftung<\/li>\n<li>Schimmelhemmende Behandlung f\u00fcr bessere Hygiene<\/li>\n<li>Schnelle Montage ohne Werkzeug dank integriertem Kleber<\/li>\n<\/ul>\n<h3>Sicherheit und Ruhe im Alltag<\/h3>\n<p>Das <strong>Set mit 20 Anti-Rutsch-Streifen<\/strong> ist die einfache und wirksame L\u00f6sung, um die Sicherheit in Ihrer Umgebung zu erh\u00f6hen \u2013 insbesondere f\u00fcr \u00e4ltere Menschen oder Personen mit eingeschr\u00e4nkter Mobilit\u00e4t. <strong>Jetzt bestellen \u2013 Schnelle Lieferung in der Schweiz!<\/strong><\/p>\n","protected":false},"excerpt":{"rendered":"<h2>Spezifikationen<\/h2>\n<ul>\n<li>L\u00e4nge eines Streifens: 1,9 cm \u00d7 21,6 cm<\/li>\n<\/ul>\n","protected":false},"featured_media":31551,"comment_status":"closed","ping_status":"closed","template":"","meta":{"_et_pb_use_builder":"","_et_pb_old_content":"","_et_gb_content_width":"","inline_featured_image":false},"product_brand":[],"product_cat":[1211,1275],"product_tag":[],"class_list":{"0":"post-34361","1":"product","2":"type-product","3":"status-publish","4":"has-post-thumbnail","6":"product_cat-1-bad-dusche-wc","7":"product_cat-badematte","8":"product_shipping_class-a","10":"first","11":"instock","12":"taxable","13":"shipping-taxable","14":"purchasable","15":"product-type-simple"},"yoast_head":"<!-- This site is optimized with the Yoast SEO Premium plugin v27.2 (Yoast SEO v27.5) - https:\/\/yoast.com\/product\/yoast-seo-premium-wordpress\/ -->\n<title>Set mit 20 Anti-Rutsch-Streifen \u2013 einfach zu installieren<\/title>\n<meta name=\"description\" content=\"Set mit 20 Anti-Rutsch-Streifen aus Gummi, selbstklebend und schimmelhemmend. Ideal f\u00fcr Duschen, Badewannen, Treppen. Einfache Montage. Schnelle Lieferung.\" \/>\n<meta name=\"robots\" content=\"index, follow, max-snippet:-1, max-image-preview:large, max-video-preview:-1\" \/>\n<link rel=\"canonical\" href=\"https:\/\/aazsolutions.ch\/de\/produit\/set-mit-20-anti-rutsch-streifen\/\" \/>\n<meta property=\"og:locale\" content=\"de_DE\" \/>\n<meta property=\"og:type\" content=\"article\" \/>\n<meta property=\"og:title\" content=\"Set mit 20 Anti-Rutsch-Streifen\" \/>\n<meta property=\"og:description\" content=\"Set mit 20 Anti-Rutsch-Streifen aus Gummi, selbstklebend und schimmelhemmend. Ideal f\u00fcr Duschen, Badewannen, Treppen. Einfache Montage. Schnelle Lieferung.\" \/>\n<meta property=\"og:url\" content=\"https:\/\/aazsolutions.ch\/de\/produit\/set-mit-20-anti-rutsch-streifen\/\" \/>\n<meta property=\"og:site_name\" content=\"A\u00e0Zsolutions.ch\" \/>\n<meta property=\"article:publisher\" content=\"https:\/\/www.facebook.com\/aazsolutions.ch\/\" \/>\n<meta property=\"og:image\" content=\"https:\/\/aazsolutions.ch\/wp-content\/uploads\/2025\/03\/10163.jpg\" \/>\n\t<meta property=\"og:image:width\" content=\"1120\" \/>\n\t<meta property=\"og:image:height\" content=\"1120\" \/>\n\t<meta property=\"og:image:type\" content=\"image\/jpeg\" \/>\n<meta name=\"twitter:card\" content=\"summary_large_image\" \/>\n<meta name=\"twitter:label1\" content=\"Preis\" \/>\n\t<meta name=\"twitter:data1\" content=\"20.00&nbsp;&#067;&#072;&#070; TVA incluse\" \/>\n\t<meta name=\"twitter:label2\" content=\"Verf\u00fcgbarkeit\" \/>\n\t<meta name=\"twitter:data2\" content=\"Auf Lager\" \/>\n<script type=\"application\/ld+json\" class=\"yoast-schema-graph\">{\"@context\":\"https:\\\/\\\/schema.org\",\"@graph\":[{\"@type\":\"WebPage\",\"@id\":\"https:\\\/\\\/aazsolutions.ch\\\/de\\\/produit\\\/set-mit-20-anti-rutsch-streifen\\\/\",\"url\":\"https:\\\/\\\/aazsolutions.ch\\\/de\\\/produit\\\/set-mit-20-anti-rutsch-streifen\\\/\",\"name\":\"Set mit 20 Anti-Rutsch-Streifen \u2013 einfach zu installieren\",\"isPartOf\":{\"@id\":\"https:\\\/\\\/aazsolutions.ch\\\/de\\\/#website\"},\"primaryImageOfPage\":{\"@id\":\"https:\\\/\\\/aazsolutions.ch\\\/de\\\/produit\\\/set-mit-20-anti-rutsch-streifen\\\/#primaryimage\"},\"image\":{\"@id\":\"https:\\\/\\\/aazsolutions.ch\\\/de\\\/produit\\\/set-mit-20-anti-rutsch-streifen\\\/#primaryimage\"},\"thumbnailUrl\":\"https:\\\/\\\/aazsolutions.ch\\\/wp-content\\\/uploads\\\/2025\\\/03\\\/10163.jpg\",\"datePublished\":\"2018-12-31T23:00:00+00:00\",\"description\":\"Set mit 20 Anti-Rutsch-Streifen aus Gummi, selbstklebend und schimmelhemmend. Ideal f\u00fcr Duschen, Badewannen, Treppen. Einfache Montage. Schnelle Lieferung.\",\"breadcrumb\":{\"@id\":\"https:\\\/\\\/aazsolutions.ch\\\/de\\\/produit\\\/set-mit-20-anti-rutsch-streifen\\\/#breadcrumb\"},\"inLanguage\":\"de\",\"potentialAction\":[{\"@type\":\"ReadAction\",\"target\":[\"https:\\\/\\\/aazsolutions.ch\\\/de\\\/produit\\\/set-mit-20-anti-rutsch-streifen\\\/\"]}]},{\"@type\":\"ImageObject\",\"inLanguage\":\"de\",\"@id\":\"https:\\\/\\\/aazsolutions.ch\\\/de\\\/produit\\\/set-mit-20-anti-rutsch-streifen\\\/#primaryimage\",\"url\":\"https:\\\/\\\/aazsolutions.ch\\\/wp-content\\\/uploads\\\/2025\\\/03\\\/10163.jpg\",\"contentUrl\":\"https:\\\/\\\/aazsolutions.ch\\\/wp-content\\\/uploads\\\/2025\\\/03\\\/10163.jpg\",\"width\":1120,\"height\":1120,\"caption\":\"Bande anti-d\u00e9rapante install\u00e9e\"},{\"@type\":\"BreadcrumbList\",\"@id\":\"https:\\\/\\\/aazsolutions.ch\\\/de\\\/produit\\\/set-mit-20-anti-rutsch-streifen\\\/#breadcrumb\",\"itemListElement\":[{\"@type\":\"ListItem\",\"position\":1,\"name\":\"Accueil\",\"item\":\"https:\\\/\\\/aazsolutions.ch\\\/de\\\/\"},{\"@type\":\"ListItem\",\"position\":2,\"name\":\"Shop\",\"item\":\"https:\\\/\\\/aazsolutions.ch\\\/de\\\/shop\\\/\"},{\"@type\":\"ListItem\",\"position\":3,\"name\":\"Set mit 20 Anti-Rutsch-Streifen\"}]},{\"@type\":\"WebSite\",\"@id\":\"https:\\\/\\\/aazsolutions.ch\\\/de\\\/#website\",\"url\":\"https:\\\/\\\/aazsolutions.ch\\\/de\\\/\",\"name\":\"A\u00e0Zsolutions.ch\",\"description\":\"Des solutions adapt\u00e9es \u00e0 chaque difficult\u00e9!\",\"publisher\":{\"@id\":\"https:\\\/\\\/aazsolutions.ch\\\/de\\\/#organization\"},\"potentialAction\":[{\"@type\":\"SearchAction\",\"target\":{\"@type\":\"EntryPoint\",\"urlTemplate\":\"https:\\\/\\\/aazsolutions.ch\\\/de\\\/?s={search_term_string}\"},\"query-input\":{\"@type\":\"PropertyValueSpecification\",\"valueRequired\":true,\"valueName\":\"search_term_string\"}}],\"inLanguage\":\"de\"},{\"@type\":\"Organization\",\"@id\":\"https:\\\/\\\/aazsolutions.ch\\\/de\\\/#organization\",\"name\":\"A\u00e0Zsolutions SARL\",\"url\":\"https:\\\/\\\/aazsolutions.ch\\\/de\\\/\",\"logo\":{\"@type\":\"ImageObject\",\"inLanguage\":\"de\",\"@id\":\"https:\\\/\\\/aazsolutions.ch\\\/de\\\/#\\\/schema\\\/logo\\\/image\\\/\",\"url\":\"https:\\\/\\\/aazsolutions.ch\\\/wp-content\\\/uploads\\\/2016\\\/04\\\/AAZ_Logo_Solutions.jpg\",\"contentUrl\":\"https:\\\/\\\/aazsolutions.ch\\\/wp-content\\\/uploads\\\/2016\\\/04\\\/AAZ_Logo_Solutions.jpg\",\"width\":1500,\"height\":481,\"caption\":\"A\u00e0Zsolutions SARL\"},\"image\":{\"@id\":\"https:\\\/\\\/aazsolutions.ch\\\/de\\\/#\\\/schema\\\/logo\\\/image\\\/\"},\"sameAs\":[\"https:\\\/\\\/www.facebook.com\\\/aazsolutions.ch\\\/\",\"https:\\\/\\\/www.linkedin.com\\\/showcase\\\/aazsolutions\\\/\"]}]}<\/script>\n<meta property=\"product:price:amount\" content=\"20.00\" \/>\n<meta property=\"product:price:currency\" content=\"CHF\" \/>\n<meta property=\"og:availability\" content=\"instock\" \/>\n<meta property=\"product:availability\" content=\"instock\" \/>\n<meta property=\"product:retailer_item_id\" content=\"10163\" \/>\n<meta property=\"product:condition\" content=\"new\" \/>\n<!-- \/ Yoast SEO Premium plugin. -->","yoast_head_json":{"title":"Set mit 20 Anti-Rutsch-Streifen \u2013 einfach zu installieren","description":"Set mit 20 Anti-Rutsch-Streifen aus Gummi, selbstklebend und schimmelhemmend. Ideal f\u00fcr Duschen, Badewannen, Treppen. Einfache Montage. Schnelle Lieferung.","robots":{"index":"index","follow":"follow","max-snippet":"max-snippet:-1","max-image-preview":"max-image-preview:large","max-video-preview":"max-video-preview:-1"},"canonical":"https:\/\/aazsolutions.ch\/de\/produit\/set-mit-20-anti-rutsch-streifen\/","og_locale":"de_DE","og_type":"article","og_title":"Set mit 20 Anti-Rutsch-Streifen","og_description":"Set mit 20 Anti-Rutsch-Streifen aus Gummi, selbstklebend und schimmelhemmend. Ideal f\u00fcr Duschen, Badewannen, Treppen. Einfache Montage. Schnelle Lieferung.","og_url":"https:\/\/aazsolutions.ch\/de\/produit\/set-mit-20-anti-rutsch-streifen\/","og_site_name":"A\u00e0Zsolutions.ch","article_publisher":"https:\/\/www.facebook.com\/aazsolutions.ch\/","og_image":[{"width":1120,"height":1120,"url":"https:\/\/aazsolutions.ch\/wp-content\/uploads\/2025\/03\/10163.jpg","type":"image\/jpeg"}],"twitter_card":"summary_large_image","twitter_misc":{"Preis":"20.00&nbsp;&#67;&#72;&#70; TVA incluse","Verf\u00fcgbarkeit":"Auf Lager"},"schema":{"@context":"https:\/\/schema.org","@graph":[{"@type":"WebPage","@id":"https:\/\/aazsolutions.ch\/de\/produit\/set-mit-20-anti-rutsch-streifen\/","url":"https:\/\/aazsolutions.ch\/de\/produit\/set-mit-20-anti-rutsch-streifen\/","name":"Set mit 20 Anti-Rutsch-Streifen \u2013 einfach zu installieren","isPartOf":{"@id":"https:\/\/aazsolutions.ch\/de\/#website"},"primaryImageOfPage":{"@id":"https:\/\/aazsolutions.ch\/de\/produit\/set-mit-20-anti-rutsch-streifen\/#primaryimage"},"image":{"@id":"https:\/\/aazsolutions.ch\/de\/produit\/set-mit-20-anti-rutsch-streifen\/#primaryimage"},"thumbnailUrl":"https:\/\/aazsolutions.ch\/wp-content\/uploads\/2025\/03\/10163.jpg","datePublished":"2018-12-31T23:00:00+00:00","description":"Set mit 20 Anti-Rutsch-Streifen aus Gummi, selbstklebend und schimmelhemmend. Ideal f\u00fcr Duschen, Badewannen, Treppen. Einfache Montage. Schnelle Lieferung.","breadcrumb":{"@id":"https:\/\/aazsolutions.ch\/de\/produit\/set-mit-20-anti-rutsch-streifen\/#breadcrumb"},"inLanguage":"de","potentialAction":[{"@type":"ReadAction","target":["https:\/\/aazsolutions.ch\/de\/produit\/set-mit-20-anti-rutsch-streifen\/"]}]},{"@type":"ImageObject","inLanguage":"de","@id":"https:\/\/aazsolutions.ch\/de\/produit\/set-mit-20-anti-rutsch-streifen\/#primaryimage","url":"https:\/\/aazsolutions.ch\/wp-content\/uploads\/2025\/03\/10163.jpg","contentUrl":"https:\/\/aazsolutions.ch\/wp-content\/uploads\/2025\/03\/10163.jpg","width":1120,"height":1120,"caption":"Bande anti-d\u00e9rapante install\u00e9e"},{"@type":"BreadcrumbList","@id":"https:\/\/aazsolutions.ch\/de\/produit\/set-mit-20-anti-rutsch-streifen\/#breadcrumb","itemListElement":[{"@type":"ListItem","position":1,"name":"Accueil","item":"https:\/\/aazsolutions.ch\/de\/"},{"@type":"ListItem","position":2,"name":"Shop","item":"https:\/\/aazsolutions.ch\/de\/shop\/"},{"@type":"ListItem","position":3,"name":"Set mit 20 Anti-Rutsch-Streifen"}]},{"@type":"WebSite","@id":"https:\/\/aazsolutions.ch\/de\/#website","url":"https:\/\/aazsolutions.ch\/de\/","name":"A\u00e0Zsolutions.ch","description":"Des solutions adapt\u00e9es \u00e0 chaque difficult\u00e9!","publisher":{"@id":"https:\/\/aazsolutions.ch\/de\/#organization"},"potentialAction":[{"@type":"SearchAction","target":{"@type":"EntryPoint","urlTemplate":"https:\/\/aazsolutions.ch\/de\/?s={search_term_string}"},"query-input":{"@type":"PropertyValueSpecification","valueRequired":true,"valueName":"search_term_string"}}],"inLanguage":"de"},{"@type":"Organization","@id":"https:\/\/aazsolutions.ch\/de\/#organization","name":"A\u00e0Zsolutions SARL","url":"https:\/\/aazsolutions.ch\/de\/","logo":{"@type":"ImageObject","inLanguage":"de","@id":"https:\/\/aazsolutions.ch\/de\/#\/schema\/logo\/image\/","url":"https:\/\/aazsolutions.ch\/wp-content\/uploads\/2016\/04\/AAZ_Logo_Solutions.jpg","contentUrl":"https:\/\/aazsolutions.ch\/wp-content\/uploads\/2016\/04\/AAZ_Logo_Solutions.jpg","width":1500,"height":481,"caption":"A\u00e0Zsolutions SARL"},"image":{"@id":"https:\/\/aazsolutions.ch\/de\/#\/schema\/logo\/image\/"},"sameAs":["https:\/\/www.facebook.com\/aazsolutions.ch\/","https:\/\/www.linkedin.com\/showcase\/aazsolutions\/"]}]},"product_price_amount":"20.00","product_price_currency":"CHF","og_availability":"instock","product_availability":"instock","product_retailer_item_id":"10163","product_condition":"new"},"_links":{"self":[{"href":"https:\/\/aazsolutions.ch\/de\/wp-json\/wp\/v2\/product\/34361","targetHints":{"allow":["GET"]}}],"collection":[{"href":"https:\/\/aazsolutions.ch\/de\/wp-json\/wp\/v2\/product"}],"about":[{"href":"https:\/\/aazsolutions.ch\/de\/wp-json\/wp\/v2\/types\/product"}],"replies":[{"embeddable":true,"href":"https:\/\/aazsolutions.ch\/de\/wp-json\/wp\/v2\/comments?post=34361"}],"wp:featuredmedia":[{"embeddable":true,"href":"https:\/\/aazsolutions.ch\/de\/wp-json\/wp\/v2\/media\/31551"}],"wp:attachment":[{"href":"https:\/\/aazsolutions.ch\/de\/wp-json\/wp\/v2\/media?parent=34361"}],"wp:term":[{"taxonomy":"product_brand","embeddable":true,"href":"https:\/\/aazsolutions.ch\/de\/wp-json\/wp\/v2\/product_brand?post=34361"},{"taxonomy":"product_cat","embeddable":true,"href":"https:\/\/aazsolutions.ch\/de\/wp-json\/wp\/v2\/product_cat?post=34361"},{"taxonomy":"product_tag","embeddable":true,"href":"https:\/\/aazsolutions.ch\/de\/wp-json\/wp\/v2\/product_tag?post=34361"}],"curies":[{"name":"wp","href":"https:\/\/api.w.org\/{rel}","templated":true}]}}