{"id":34368,"date":"2019-01-01T00:00:00","date_gmt":"2018-12-31T23:00:00","guid":{"rendered":"https:\/\/aazsolutions.ch\/produit\/elektrischer-patientenlifter-birdie-evo-mit-manuellem-fahrgestell\/"},"modified":"2019-01-01T00:00:00","modified_gmt":"2018-12-31T23:00:00","slug":"elektrischer-patientenlifter-birdie-evo-mit-manuellem-fahrgestell","status":"publish","type":"product","link":"https:\/\/aazsolutions.ch\/de\/produit\/elektrischer-patientenlifter-birdie-evo-mit-manuellem-fahrgestell\/","title":{"rendered":"Elektrischer Patientenlifter Birdie EVO mit manuellem Fahrgestell"},"content":{"rendered":"<p><span style=\"color: #e2001a;\">Dieses Produkt ist <span style=\"text-decoration: underline;\"><strong>ausschlie\u00dflich auf Bestellung<\/strong><\/span> erh\u00e4ltlich. Die Lieferzeit betr\u00e4gt <span style=\"text-decoration: underline;\"><strong>2 bis 3 Wochen<\/strong><\/span>. F\u00fcr weitere Informationen kontaktieren Sie uns bitte.<\/span><\/p>\n<p>Mit maximalem Platz f\u00fcr den Nutzer bietet die Birdie EVO Patientenlifter-Reihe ein Hebe- und Transfersystem f\u00fcr Transfers zum Bett oder vom Bett, Transfers vom Stuhl oder vom Boden.<br \/>\nErgonomisches Hebesystem, das eine 360\u00b0-Drehung des Patienten erm\u00f6glicht.<br \/>\nSerienm\u00e4\u00dfig geliefert mit 2-Punkt-Lifterb\u00fcgel 45 cm oder 4-Punkt-Lifterb\u00fcgel 55 cm je nach Modell.<br \/>\nDiese Patientenlifter sind f\u00fcr ein einfaches Zusammenklappen\/Aufklappen ohne Werkzeug konzipiert.<br \/>\nSie k\u00f6nnen ebenfalls in 2 Teile zerlegt werden, ebenfalls ohne Werkzeug.<br \/>\nLieferung ohne Gurt.<\/p>\n<p><iframe loading=\"lazy\" src=\"https:\/\/www.youtube.com\/embed\/BCKJMLOr9fk\" width=\"560\" height=\"315\" frameborder=\"0\" allowfullscreen=\"allowfullscreen\"><\/iframe><\/p>\n","protected":false},"excerpt":{"rendered":"<h2>Spezifikationen<\/h2>\n<p>\u2022 Radstand (Achse-zu-Achse): 122 cm<br \/>\n\u2022 Innenbreite vordere Beine geschlossen: 64 cm<br \/>\n\u2022 Innenbreite vordere Beine ge\u00f6ffnet: 102 cm<br \/>\n\u2022 H\u00f6he Boden\u2013Mast: 41,5\u2013166 cm<br \/>\n\u2022 Raddurchmesser: 10 cm<br \/>\n\u2022 Gewicht: 40 kg<br \/>\n\u2022 Akkulaufzeit: 40 Zyklen<br \/>\n\u2022 Minimaler Wendekreis: 1,4 m<br \/>\n\u2022 Rahmenh\u00f6he: 11,5 cm<br \/>\n\u2022 H\u00f6he Boden\/unter Rahmen: 3,5 cm<br \/>\n\u2022 Max. Belastung: 180 kg<\/p>\n<p>&nbsp;<\/p>\n","protected":false},"featured_media":31926,"comment_status":"closed","ping_status":"closed","template":"","meta":{"_et_pb_use_builder":"","_et_pb_old_content":"","_et_gb_content_width":"","inline_featured_image":false},"product_brand":[],"product_cat":[1206,1274],"product_tag":[],"class_list":{"0":"post-34368","1":"product","2":"type-product","3":"status-publish","4":"has-post-thumbnail","6":"product_cat-6-diverses","7":"product_cat-patientenlifter","8":"product_shipping_class-d","10":"first","11":"instock","12":"taxable","13":"shipping-taxable","14":"purchasable","15":"product-type-variable"},"yoast_head":"<!-- This site is optimized with the Yoast SEO Premium plugin v27.2 (Yoast SEO v27.5) - https:\/\/yoast.com\/product\/yoast-seo-premium-wordpress\/ -->\n<title>Elektrischer Patientenlifter Birdie EVO f\u00fcr einfache Transfers<\/title>\n<meta name=\"description\" content=\"Optimieren Sie den Transfer mit dem elektrischen Patientenlifter Birdie EVO \u2013 f\u00fcr h\u00f6chsten Komfort. Kontaktieren Sie uns f\u00fcr weitere Informationen!\" \/>\n<meta name=\"robots\" content=\"index, follow, max-snippet:-1, max-image-preview:large, max-video-preview:-1\" \/>\n<link rel=\"canonical\" href=\"https:\/\/aazsolutions.ch\/de\/produit\/elektrischer-patientenlifter-birdie-evo-mit-manuellem-fahrgestell\/\" \/>\n<meta property=\"og:locale\" content=\"de_DE\" \/>\n<meta property=\"og:type\" content=\"article\" \/>\n<meta property=\"og:title\" content=\"Elektrischer Patientenlifter Birdie EVO mit manuellem Fahrgestell\" \/>\n<meta property=\"og:description\" content=\"Optimieren Sie den Transfer mit dem elektrischen Patientenlifter Birdie EVO \u2013 f\u00fcr h\u00f6chsten Komfort. Kontaktieren Sie uns f\u00fcr weitere Informationen!\" \/>\n<meta property=\"og:url\" content=\"https:\/\/aazsolutions.ch\/de\/produit\/elektrischer-patientenlifter-birdie-evo-mit-manuellem-fahrgestell\/\" \/>\n<meta property=\"og:site_name\" content=\"A\u00e0Zsolutions.ch\" \/>\n<meta property=\"article:publisher\" content=\"https:\/\/www.facebook.com\/aazsolutions.ch\/\" \/>\n<meta property=\"og:image\" content=\"https:\/\/aazsolutions.ch\/wp-content\/uploads\/2025\/03\/90001-1.jpg\" \/>\n\t<meta property=\"og:image:width\" content=\"1120\" \/>\n\t<meta property=\"og:image:height\" content=\"1120\" \/>\n\t<meta property=\"og:image:type\" content=\"image\/jpeg\" \/>\n<meta name=\"twitter:card\" content=\"summary_large_image\" \/>\n<meta name=\"twitter:label1\" content=\"Verf\u00fcgbarkeit\" \/>\n\t<meta name=\"twitter:data1\" content=\"Auf Lager\" \/>\n<script type=\"application\/ld+json\" class=\"yoast-schema-graph\">{\"@context\":\"https:\\\/\\\/schema.org\",\"@graph\":[{\"@type\":\"WebPage\",\"@id\":\"https:\\\/\\\/aazsolutions.ch\\\/de\\\/produit\\\/elektrischer-patientenlifter-birdie-evo-mit-manuellem-fahrgestell\\\/\",\"url\":\"https:\\\/\\\/aazsolutions.ch\\\/de\\\/produit\\\/elektrischer-patientenlifter-birdie-evo-mit-manuellem-fahrgestell\\\/\",\"name\":\"Elektrischer Patientenlifter Birdie EVO f\u00fcr einfache Transfers\",\"isPartOf\":{\"@id\":\"https:\\\/\\\/aazsolutions.ch\\\/de\\\/#website\"},\"primaryImageOfPage\":{\"@id\":\"https:\\\/\\\/aazsolutions.ch\\\/de\\\/produit\\\/elektrischer-patientenlifter-birdie-evo-mit-manuellem-fahrgestell\\\/#primaryimage\"},\"image\":{\"@id\":\"https:\\\/\\\/aazsolutions.ch\\\/de\\\/produit\\\/elektrischer-patientenlifter-birdie-evo-mit-manuellem-fahrgestell\\\/#primaryimage\"},\"thumbnailUrl\":\"https:\\\/\\\/aazsolutions.ch\\\/wp-content\\\/uploads\\\/2025\\\/03\\\/90001-1.jpg\",\"datePublished\":\"2018-12-31T23:00:00+00:00\",\"description\":\"Optimieren Sie den Transfer mit dem elektrischen Patientenlifter Birdie EVO \u2013 f\u00fcr h\u00f6chsten Komfort. Kontaktieren Sie uns f\u00fcr weitere Informationen!\",\"breadcrumb\":{\"@id\":\"https:\\\/\\\/aazsolutions.ch\\\/de\\\/produit\\\/elektrischer-patientenlifter-birdie-evo-mit-manuellem-fahrgestell\\\/#breadcrumb\"},\"inLanguage\":\"de\",\"potentialAction\":[{\"@type\":\"ReadAction\",\"target\":[\"https:\\\/\\\/aazsolutions.ch\\\/de\\\/produit\\\/elektrischer-patientenlifter-birdie-evo-mit-manuellem-fahrgestell\\\/\"]}]},{\"@type\":\"ImageObject\",\"inLanguage\":\"de\",\"@id\":\"https:\\\/\\\/aazsolutions.ch\\\/de\\\/produit\\\/elektrischer-patientenlifter-birdie-evo-mit-manuellem-fahrgestell\\\/#primaryimage\",\"url\":\"https:\\\/\\\/aazsolutions.ch\\\/wp-content\\\/uploads\\\/2025\\\/03\\\/90001-1.jpg\",\"contentUrl\":\"https:\\\/\\\/aazsolutions.ch\\\/wp-content\\\/uploads\\\/2025\\\/03\\\/90001-1.jpg\",\"width\":1120,\"height\":1120},{\"@type\":\"BreadcrumbList\",\"@id\":\"https:\\\/\\\/aazsolutions.ch\\\/de\\\/produit\\\/elektrischer-patientenlifter-birdie-evo-mit-manuellem-fahrgestell\\\/#breadcrumb\",\"itemListElement\":[{\"@type\":\"ListItem\",\"position\":1,\"name\":\"Accueil\",\"item\":\"https:\\\/\\\/aazsolutions.ch\\\/de\\\/\"},{\"@type\":\"ListItem\",\"position\":2,\"name\":\"Shop\",\"item\":\"https:\\\/\\\/aazsolutions.ch\\\/de\\\/shop\\\/\"},{\"@type\":\"ListItem\",\"position\":3,\"name\":\"Elektrischer Patientenlifter Birdie EVO mit manuellem Fahrgestell\"}]},{\"@type\":\"WebSite\",\"@id\":\"https:\\\/\\\/aazsolutions.ch\\\/de\\\/#website\",\"url\":\"https:\\\/\\\/aazsolutions.ch\\\/de\\\/\",\"name\":\"A\u00e0Zsolutions.ch\",\"description\":\"Des solutions adapt\u00e9es \u00e0 chaque difficult\u00e9!\",\"publisher\":{\"@id\":\"https:\\\/\\\/aazsolutions.ch\\\/de\\\/#organization\"},\"potentialAction\":[{\"@type\":\"SearchAction\",\"target\":{\"@type\":\"EntryPoint\",\"urlTemplate\":\"https:\\\/\\\/aazsolutions.ch\\\/de\\\/?s={search_term_string}\"},\"query-input\":{\"@type\":\"PropertyValueSpecification\",\"valueRequired\":true,\"valueName\":\"search_term_string\"}}],\"inLanguage\":\"de\"},{\"@type\":\"Organization\",\"@id\":\"https:\\\/\\\/aazsolutions.ch\\\/de\\\/#organization\",\"name\":\"A\u00e0Zsolutions SARL\",\"url\":\"https:\\\/\\\/aazsolutions.ch\\\/de\\\/\",\"logo\":{\"@type\":\"ImageObject\",\"inLanguage\":\"de\",\"@id\":\"https:\\\/\\\/aazsolutions.ch\\\/de\\\/#\\\/schema\\\/logo\\\/image\\\/\",\"url\":\"https:\\\/\\\/aazsolutions.ch\\\/wp-content\\\/uploads\\\/2016\\\/04\\\/AAZ_Logo_Solutions.jpg\",\"contentUrl\":\"https:\\\/\\\/aazsolutions.ch\\\/wp-content\\\/uploads\\\/2016\\\/04\\\/AAZ_Logo_Solutions.jpg\",\"width\":1500,\"height\":481,\"caption\":\"A\u00e0Zsolutions SARL\"},\"image\":{\"@id\":\"https:\\\/\\\/aazsolutions.ch\\\/de\\\/#\\\/schema\\\/logo\\\/image\\\/\"},\"sameAs\":[\"https:\\\/\\\/www.facebook.com\\\/aazsolutions.ch\\\/\",\"https:\\\/\\\/www.linkedin.com\\\/showcase\\\/aazsolutions\\\/\"]}]}<\/script>\n<meta property=\"og:availability\" content=\"instock\" \/>\n<meta property=\"product:availability\" content=\"instock\" \/>\n<meta property=\"product:retailer_item_id\" content=\"90001\" \/>\n<meta property=\"product:condition\" content=\"new\" \/>\n<!-- \/ Yoast SEO Premium plugin. -->","yoast_head_json":{"title":"Elektrischer Patientenlifter Birdie EVO f\u00fcr einfache Transfers","description":"Optimieren Sie den Transfer mit dem elektrischen Patientenlifter Birdie EVO \u2013 f\u00fcr h\u00f6chsten Komfort. Kontaktieren Sie uns f\u00fcr weitere Informationen!","robots":{"index":"index","follow":"follow","max-snippet":"max-snippet:-1","max-image-preview":"max-image-preview:large","max-video-preview":"max-video-preview:-1"},"canonical":"https:\/\/aazsolutions.ch\/de\/produit\/elektrischer-patientenlifter-birdie-evo-mit-manuellem-fahrgestell\/","og_locale":"de_DE","og_type":"article","og_title":"Elektrischer Patientenlifter Birdie EVO mit manuellem Fahrgestell","og_description":"Optimieren Sie den Transfer mit dem elektrischen Patientenlifter Birdie EVO \u2013 f\u00fcr h\u00f6chsten Komfort. Kontaktieren Sie uns f\u00fcr weitere Informationen!","og_url":"https:\/\/aazsolutions.ch\/de\/produit\/elektrischer-patientenlifter-birdie-evo-mit-manuellem-fahrgestell\/","og_site_name":"A\u00e0Zsolutions.ch","article_publisher":"https:\/\/www.facebook.com\/aazsolutions.ch\/","og_image":[{"width":1120,"height":1120,"url":"https:\/\/aazsolutions.ch\/wp-content\/uploads\/2025\/03\/90001-1.jpg","type":"image\/jpeg"}],"twitter_card":"summary_large_image","twitter_misc":{"Verf\u00fcgbarkeit":"Auf Lager"},"schema":{"@context":"https:\/\/schema.org","@graph":[{"@type":"WebPage","@id":"https:\/\/aazsolutions.ch\/de\/produit\/elektrischer-patientenlifter-birdie-evo-mit-manuellem-fahrgestell\/","url":"https:\/\/aazsolutions.ch\/de\/produit\/elektrischer-patientenlifter-birdie-evo-mit-manuellem-fahrgestell\/","name":"Elektrischer Patientenlifter Birdie EVO f\u00fcr einfache Transfers","isPartOf":{"@id":"https:\/\/aazsolutions.ch\/de\/#website"},"primaryImageOfPage":{"@id":"https:\/\/aazsolutions.ch\/de\/produit\/elektrischer-patientenlifter-birdie-evo-mit-manuellem-fahrgestell\/#primaryimage"},"image":{"@id":"https:\/\/aazsolutions.ch\/de\/produit\/elektrischer-patientenlifter-birdie-evo-mit-manuellem-fahrgestell\/#primaryimage"},"thumbnailUrl":"https:\/\/aazsolutions.ch\/wp-content\/uploads\/2025\/03\/90001-1.jpg","datePublished":"2018-12-31T23:00:00+00:00","description":"Optimieren Sie den Transfer mit dem elektrischen Patientenlifter Birdie EVO \u2013 f\u00fcr h\u00f6chsten Komfort. Kontaktieren Sie uns f\u00fcr weitere Informationen!","breadcrumb":{"@id":"https:\/\/aazsolutions.ch\/de\/produit\/elektrischer-patientenlifter-birdie-evo-mit-manuellem-fahrgestell\/#breadcrumb"},"inLanguage":"de","potentialAction":[{"@type":"ReadAction","target":["https:\/\/aazsolutions.ch\/de\/produit\/elektrischer-patientenlifter-birdie-evo-mit-manuellem-fahrgestell\/"]}]},{"@type":"ImageObject","inLanguage":"de","@id":"https:\/\/aazsolutions.ch\/de\/produit\/elektrischer-patientenlifter-birdie-evo-mit-manuellem-fahrgestell\/#primaryimage","url":"https:\/\/aazsolutions.ch\/wp-content\/uploads\/2025\/03\/90001-1.jpg","contentUrl":"https:\/\/aazsolutions.ch\/wp-content\/uploads\/2025\/03\/90001-1.jpg","width":1120,"height":1120},{"@type":"BreadcrumbList","@id":"https:\/\/aazsolutions.ch\/de\/produit\/elektrischer-patientenlifter-birdie-evo-mit-manuellem-fahrgestell\/#breadcrumb","itemListElement":[{"@type":"ListItem","position":1,"name":"Accueil","item":"https:\/\/aazsolutions.ch\/de\/"},{"@type":"ListItem","position":2,"name":"Shop","item":"https:\/\/aazsolutions.ch\/de\/shop\/"},{"@type":"ListItem","position":3,"name":"Elektrischer Patientenlifter Birdie EVO mit manuellem Fahrgestell"}]},{"@type":"WebSite","@id":"https:\/\/aazsolutions.ch\/de\/#website","url":"https:\/\/aazsolutions.ch\/de\/","name":"A\u00e0Zsolutions.ch","description":"Des solutions adapt\u00e9es \u00e0 chaque difficult\u00e9!","publisher":{"@id":"https:\/\/aazsolutions.ch\/de\/#organization"},"potentialAction":[{"@type":"SearchAction","target":{"@type":"EntryPoint","urlTemplate":"https:\/\/aazsolutions.ch\/de\/?s={search_term_string}"},"query-input":{"@type":"PropertyValueSpecification","valueRequired":true,"valueName":"search_term_string"}}],"inLanguage":"de"},{"@type":"Organization","@id":"https:\/\/aazsolutions.ch\/de\/#organization","name":"A\u00e0Zsolutions SARL","url":"https:\/\/aazsolutions.ch\/de\/","logo":{"@type":"ImageObject","inLanguage":"de","@id":"https:\/\/aazsolutions.ch\/de\/#\/schema\/logo\/image\/","url":"https:\/\/aazsolutions.ch\/wp-content\/uploads\/2016\/04\/AAZ_Logo_Solutions.jpg","contentUrl":"https:\/\/aazsolutions.ch\/wp-content\/uploads\/2016\/04\/AAZ_Logo_Solutions.jpg","width":1500,"height":481,"caption":"A\u00e0Zsolutions SARL"},"image":{"@id":"https:\/\/aazsolutions.ch\/de\/#\/schema\/logo\/image\/"},"sameAs":["https:\/\/www.facebook.com\/aazsolutions.ch\/","https:\/\/www.linkedin.com\/showcase\/aazsolutions\/"]}]},"og_availability":"instock","product_availability":"instock","product_retailer_item_id":"90001","product_condition":"new"},"_links":{"self":[{"href":"https:\/\/aazsolutions.ch\/de\/wp-json\/wp\/v2\/product\/34368","targetHints":{"allow":["GET"]}}],"collection":[{"href":"https:\/\/aazsolutions.ch\/de\/wp-json\/wp\/v2\/product"}],"about":[{"href":"https:\/\/aazsolutions.ch\/de\/wp-json\/wp\/v2\/types\/product"}],"replies":[{"embeddable":true,"href":"https:\/\/aazsolutions.ch\/de\/wp-json\/wp\/v2\/comments?post=34368"}],"wp:featuredmedia":[{"embeddable":true,"href":"https:\/\/aazsolutions.ch\/de\/wp-json\/wp\/v2\/media\/31926"}],"wp:attachment":[{"href":"https:\/\/aazsolutions.ch\/de\/wp-json\/wp\/v2\/media?parent=34368"}],"wp:term":[{"taxonomy":"product_brand","embeddable":true,"href":"https:\/\/aazsolutions.ch\/de\/wp-json\/wp\/v2\/product_brand?post=34368"},{"taxonomy":"product_cat","embeddable":true,"href":"https:\/\/aazsolutions.ch\/de\/wp-json\/wp\/v2\/product_cat?post=34368"},{"taxonomy":"product_tag","embeddable":true,"href":"https:\/\/aazsolutions.ch\/de\/wp-json\/wp\/v2\/product_tag?post=34368"}],"curies":[{"name":"wp","href":"https:\/\/api.w.org\/{rel}","templated":true}]}}