{"id":34374,"date":"2019-01-01T00:00:00","date_gmt":"2018-12-31T23:00:00","guid":{"rendered":"https:\/\/aazsolutions.ch\/produit\/rollstuhl-action1-r\/"},"modified":"2019-01-01T00:00:00","modified_gmt":"2018-12-31T23:00:00","slug":"rollstuhl-action1-r","status":"publish","type":"product","link":"https:\/\/aazsolutions.ch\/de\/produit\/rollstuhl-action1-r\/","title":{"rendered":"Rollstuhl Action1 R"},"content":{"rendered":"<p>Der Invacare Action1 R Rollstuhl ist mit einem Stahlrahmen ausgestattet, der ihm eine au\u00dfergew\u00f6hnliche Stabilit\u00e4t bei moderatem Gewicht verleiht.<br \/>\nDer Rollstuhl Action1 R ist die ideale L\u00f6sung f\u00fcr alle, die einen hochwertigen, robusten, wirtschaftlichen und einfach zu bedienenden Rollstuhl suchen. Er teilt viele Komponenten mit der restlichen Action-Familie, wie Bremsen, R\u00e4der, Beinst\u00fctzen, Stockhalter oder Infusionsst\u00e4nder. Dies erm\u00f6glicht es Ihnen, Ihren Rollstuhl einfach an Ihre Bed\u00fcrfnisse anzupassen.<br \/>\nDie R\u00fcckw\u00e4rtskompatibilit\u00e4t der Teile innerhalb der Serie reduziert den Aufwand bei Verwaltung, Verschreibung und Anpassung der Produkte.<br \/>\nDer Action1 wurde f\u00fcr gute Man\u00f6vrierf\u00e4higkeit im Innen- und Au\u00dfenbereich konzipiert, sowohl im Selbstantrieb als auch in der Transitversion f\u00fcr Begleitpersonen. Sein Faltsystem mit einfacher oder doppelter Kreuzstrebe, seine Kompaktheit und die Hinterr\u00e4der mit Schnellverschluss erleichtern Transport und Lagerung.   <\/p>\n","protected":false},"excerpt":{"rendered":"<h2>Spezifikationen<\/h2>\n<p>\u2022 Sitzbreite: 380\/405\/430\/455\/480\/505 mm<br \/>\n\u2022 Sitztiefe: 425 mm<br \/>\n\u2022 Sitzneigung: 3\u00b0<br \/>\n\u2022 Sitzh\u00f6he: 495 mm<br \/>\n\u2022 R\u00fcckenwinkel: 7\u00b0<br \/>\n\u2022 R\u00fcckenh\u00f6he: 430 mm<br \/>\n\u2022 Beinst\u00fctzenwinkel: 70\u00b0<br \/>\n\u2022 Beinst\u00fctzenl\u00e4nge: 330\u2013460 mm<br \/>\n\u2022 Armlehnenh\u00f6he: 240 mm<br \/>\n\u2022 Gesamtbreite: Sitzbreite + 195 mm<br \/>\n\u2022 Gesamtbreite gefaltet: 250 mm<br \/>\n\u2022 Gesamtl\u00e4nge mit Beinst\u00fctzen: 1085\/1125 mm<br \/>\n\u2022 Gesamtl\u00e4nge ohne Beinst\u00fctzen: 835\/875 mm<br \/>\n\u2022 Gesamth\u00f6he: 950 mm<br \/>\n\u2022 Gewicht des Rollstuhls: 17,5 kg<br \/>\n\u2022 Transportgewicht: 10 kg<br \/>\n\u2022 Max. Nutzergewicht: 125 kg <\/p>\n<p><span style=\"color: #e2001a;\"><strong>Mietpreis: 75.\u2013 CHF\/Monat<\/strong><\/span><\/p>\n","protected":false},"featured_media":31620,"comment_status":"closed","ping_status":"closed","template":"","meta":{"_et_pb_use_builder":"","_et_pb_old_content":"","_et_gb_content_width":"","inline_featured_image":false},"product_brand":[],"product_cat":[1209,1353],"product_tag":[],"class_list":{"0":"post-34374","1":"product","2":"type-product","3":"status-publish","4":"has-post-thumbnail","6":"product_cat-2-mobilitat","7":"product_cat-rollstuhl","8":"product_shipping_class-c","9":"pa_assise-38cm","10":"pa_assise-40cm","11":"pa_assise-43cm","12":"pa_assise-45cm","13":"pa_assise-48cm","14":"pa_assise-50cm","16":"first","17":"instock","18":"taxable","19":"shipping-taxable","20":"purchasable","21":"product-type-variable"},"yoast_head":"<!-- This site is optimized with the Yoast SEO Premium plugin v27.2 (Yoast SEO v27.5) - https:\/\/yoast.com\/product\/yoast-seo-premium-wordpress\/ -->\n<title>Rollstuhl Action1 R<\/title>\n<meta name=\"robots\" content=\"index, follow, max-snippet:-1, max-image-preview:large, max-video-preview:-1\" \/>\n<link rel=\"canonical\" href=\"https:\/\/aazsolutions.ch\/de\/produit\/rollstuhl-action1-r\/\" \/>\n<meta property=\"og:locale\" content=\"de_DE\" \/>\n<meta property=\"og:type\" content=\"article\" \/>\n<meta property=\"og:title\" content=\"Rollstuhl Action1 R\" \/>\n<meta property=\"og:description\" content=\"Spezifikationen \u2022 Sitzbreite: 380\/405\/430\/455\/480\/505 mm \u2022 Sitztiefe: 425 mm \u2022 Sitzneigung: 3\u00b0 \u2022 Sitzh\u00f6he: 495 mm \u2022 R\u00fcckenwinkel: 7\u00b0 \u2022 R\u00fcckenh\u00f6he: 430 mm \u2022 Beinst\u00fctzenwinkel: 70\u00b0 \u2022 Beinst\u00fctzenl\u00e4nge: 330\u2013460 mm \u2022 Armlehnenh\u00f6he: 240 mm \u2022 Gesamtbreite: Sitzbreite + 195 mm \u2022 Gesamtbreite gefaltet: 250 mm \u2022 Gesamtl\u00e4nge mit Beinst\u00fctzen: 1085\/1125 mm \u2022 Gesamtl\u00e4nge ohne Beinst\u00fctzen: 835\/875 mm \u2022 Gesamth\u00f6he: 950 mm \u2022 Gewicht des Rollstuhls: 17,5 kg \u2022 Transportgewicht: 10 kg \u2022 Max. Nutzergewicht: 125 kg  Mietpreis: 75.\u2013 CHF\/Monat\" \/>\n<meta property=\"og:url\" content=\"https:\/\/aazsolutions.ch\/de\/produit\/rollstuhl-action1-r\/\" \/>\n<meta property=\"og:site_name\" content=\"A\u00e0Zsolutions.ch\" \/>\n<meta property=\"article:publisher\" content=\"https:\/\/www.facebook.com\/aazsolutions.ch\/\" \/>\n<meta property=\"og:image\" content=\"https:\/\/aazsolutions.ch\/wp-content\/uploads\/2025\/03\/20062.jpg\" \/>\n\t<meta property=\"og:image:width\" content=\"1120\" \/>\n\t<meta property=\"og:image:height\" content=\"1120\" \/>\n\t<meta property=\"og:image:type\" content=\"image\/jpeg\" \/>\n<meta name=\"twitter:card\" content=\"summary_large_image\" \/>\n<meta name=\"twitter:label1\" content=\"Verf\u00fcgbarkeit\" \/>\n\t<meta name=\"twitter:data1\" content=\"Auf Lager\" \/>\n<script type=\"application\/ld+json\" class=\"yoast-schema-graph\">{\"@context\":\"https:\\\/\\\/schema.org\",\"@graph\":[{\"@type\":\"WebPage\",\"@id\":\"https:\\\/\\\/aazsolutions.ch\\\/de\\\/produit\\\/rollstuhl-action1-r\\\/\",\"url\":\"https:\\\/\\\/aazsolutions.ch\\\/de\\\/produit\\\/rollstuhl-action1-r\\\/\",\"name\":\"Rollstuhl Action1 R\",\"isPartOf\":{\"@id\":\"https:\\\/\\\/aazsolutions.ch\\\/de\\\/#website\"},\"primaryImageOfPage\":{\"@id\":\"https:\\\/\\\/aazsolutions.ch\\\/de\\\/produit\\\/rollstuhl-action1-r\\\/#primaryimage\"},\"image\":{\"@id\":\"https:\\\/\\\/aazsolutions.ch\\\/de\\\/produit\\\/rollstuhl-action1-r\\\/#primaryimage\"},\"thumbnailUrl\":\"https:\\\/\\\/aazsolutions.ch\\\/wp-content\\\/uploads\\\/2025\\\/03\\\/20062.jpg\",\"datePublished\":\"2018-12-31T23:00:00+00:00\",\"breadcrumb\":{\"@id\":\"https:\\\/\\\/aazsolutions.ch\\\/de\\\/produit\\\/rollstuhl-action1-r\\\/#breadcrumb\"},\"inLanguage\":\"de\",\"potentialAction\":[{\"@type\":\"ReadAction\",\"target\":[\"https:\\\/\\\/aazsolutions.ch\\\/de\\\/produit\\\/rollstuhl-action1-r\\\/\"]}]},{\"@type\":\"ImageObject\",\"inLanguage\":\"de\",\"@id\":\"https:\\\/\\\/aazsolutions.ch\\\/de\\\/produit\\\/rollstuhl-action1-r\\\/#primaryimage\",\"url\":\"https:\\\/\\\/aazsolutions.ch\\\/wp-content\\\/uploads\\\/2025\\\/03\\\/20062.jpg\",\"contentUrl\":\"https:\\\/\\\/aazsolutions.ch\\\/wp-content\\\/uploads\\\/2025\\\/03\\\/20062.jpg\",\"width\":1120,\"height\":1120},{\"@type\":\"BreadcrumbList\",\"@id\":\"https:\\\/\\\/aazsolutions.ch\\\/de\\\/produit\\\/rollstuhl-action1-r\\\/#breadcrumb\",\"itemListElement\":[{\"@type\":\"ListItem\",\"position\":1,\"name\":\"Accueil\",\"item\":\"https:\\\/\\\/aazsolutions.ch\\\/de\\\/\"},{\"@type\":\"ListItem\",\"position\":2,\"name\":\"Shop\",\"item\":\"https:\\\/\\\/aazsolutions.ch\\\/de\\\/shop\\\/\"},{\"@type\":\"ListItem\",\"position\":3,\"name\":\"Rollstuhl Action1 R\"}]},{\"@type\":\"WebSite\",\"@id\":\"https:\\\/\\\/aazsolutions.ch\\\/de\\\/#website\",\"url\":\"https:\\\/\\\/aazsolutions.ch\\\/de\\\/\",\"name\":\"A\u00e0Zsolutions.ch\",\"description\":\"Des solutions adapt\u00e9es \u00e0 chaque difficult\u00e9!\",\"publisher\":{\"@id\":\"https:\\\/\\\/aazsolutions.ch\\\/de\\\/#organization\"},\"potentialAction\":[{\"@type\":\"SearchAction\",\"target\":{\"@type\":\"EntryPoint\",\"urlTemplate\":\"https:\\\/\\\/aazsolutions.ch\\\/de\\\/?s={search_term_string}\"},\"query-input\":{\"@type\":\"PropertyValueSpecification\",\"valueRequired\":true,\"valueName\":\"search_term_string\"}}],\"inLanguage\":\"de\"},{\"@type\":\"Organization\",\"@id\":\"https:\\\/\\\/aazsolutions.ch\\\/de\\\/#organization\",\"name\":\"A\u00e0Zsolutions SARL\",\"url\":\"https:\\\/\\\/aazsolutions.ch\\\/de\\\/\",\"logo\":{\"@type\":\"ImageObject\",\"inLanguage\":\"de\",\"@id\":\"https:\\\/\\\/aazsolutions.ch\\\/de\\\/#\\\/schema\\\/logo\\\/image\\\/\",\"url\":\"https:\\\/\\\/aazsolutions.ch\\\/wp-content\\\/uploads\\\/2016\\\/04\\\/AAZ_Logo_Solutions.jpg\",\"contentUrl\":\"https:\\\/\\\/aazsolutions.ch\\\/wp-content\\\/uploads\\\/2016\\\/04\\\/AAZ_Logo_Solutions.jpg\",\"width\":1500,\"height\":481,\"caption\":\"A\u00e0Zsolutions SARL\"},\"image\":{\"@id\":\"https:\\\/\\\/aazsolutions.ch\\\/de\\\/#\\\/schema\\\/logo\\\/image\\\/\"},\"sameAs\":[\"https:\\\/\\\/www.facebook.com\\\/aazsolutions.ch\\\/\",\"https:\\\/\\\/www.linkedin.com\\\/showcase\\\/aazsolutions\\\/\"]}]}<\/script>\n<meta property=\"og:availability\" content=\"instock\" \/>\n<meta property=\"product:availability\" content=\"instock\" \/>\n<meta property=\"product:retailer_item_id\" content=\"20062-38\" \/>\n<meta property=\"product:condition\" content=\"new\" \/>\n<!-- \/ Yoast SEO Premium plugin. -->","yoast_head_json":{"title":"Rollstuhl Action1 R","robots":{"index":"index","follow":"follow","max-snippet":"max-snippet:-1","max-image-preview":"max-image-preview:large","max-video-preview":"max-video-preview:-1"},"canonical":"https:\/\/aazsolutions.ch\/de\/produit\/rollstuhl-action1-r\/","og_locale":"de_DE","og_type":"article","og_title":"Rollstuhl Action1 R","og_description":"Spezifikationen \u2022 Sitzbreite: 380\/405\/430\/455\/480\/505 mm \u2022 Sitztiefe: 425 mm \u2022 Sitzneigung: 3\u00b0 \u2022 Sitzh\u00f6he: 495 mm \u2022 R\u00fcckenwinkel: 7\u00b0 \u2022 R\u00fcckenh\u00f6he: 430 mm \u2022 Beinst\u00fctzenwinkel: 70\u00b0 \u2022 Beinst\u00fctzenl\u00e4nge: 330\u2013460 mm \u2022 Armlehnenh\u00f6he: 240 mm \u2022 Gesamtbreite: Sitzbreite + 195 mm \u2022 Gesamtbreite gefaltet: 250 mm \u2022 Gesamtl\u00e4nge mit Beinst\u00fctzen: 1085\/1125 mm \u2022 Gesamtl\u00e4nge ohne Beinst\u00fctzen: 835\/875 mm \u2022 Gesamth\u00f6he: 950 mm \u2022 Gewicht des Rollstuhls: 17,5 kg \u2022 Transportgewicht: 10 kg \u2022 Max. Nutzergewicht: 125 kg  Mietpreis: 75.\u2013 CHF\/Monat","og_url":"https:\/\/aazsolutions.ch\/de\/produit\/rollstuhl-action1-r\/","og_site_name":"A\u00e0Zsolutions.ch","article_publisher":"https:\/\/www.facebook.com\/aazsolutions.ch\/","og_image":[{"width":1120,"height":1120,"url":"https:\/\/aazsolutions.ch\/wp-content\/uploads\/2025\/03\/20062.jpg","type":"image\/jpeg"}],"twitter_card":"summary_large_image","twitter_misc":{"Verf\u00fcgbarkeit":"Auf Lager"},"schema":{"@context":"https:\/\/schema.org","@graph":[{"@type":"WebPage","@id":"https:\/\/aazsolutions.ch\/de\/produit\/rollstuhl-action1-r\/","url":"https:\/\/aazsolutions.ch\/de\/produit\/rollstuhl-action1-r\/","name":"Rollstuhl Action1 R","isPartOf":{"@id":"https:\/\/aazsolutions.ch\/de\/#website"},"primaryImageOfPage":{"@id":"https:\/\/aazsolutions.ch\/de\/produit\/rollstuhl-action1-r\/#primaryimage"},"image":{"@id":"https:\/\/aazsolutions.ch\/de\/produit\/rollstuhl-action1-r\/#primaryimage"},"thumbnailUrl":"https:\/\/aazsolutions.ch\/wp-content\/uploads\/2025\/03\/20062.jpg","datePublished":"2018-12-31T23:00:00+00:00","breadcrumb":{"@id":"https:\/\/aazsolutions.ch\/de\/produit\/rollstuhl-action1-r\/#breadcrumb"},"inLanguage":"de","potentialAction":[{"@type":"ReadAction","target":["https:\/\/aazsolutions.ch\/de\/produit\/rollstuhl-action1-r\/"]}]},{"@type":"ImageObject","inLanguage":"de","@id":"https:\/\/aazsolutions.ch\/de\/produit\/rollstuhl-action1-r\/#primaryimage","url":"https:\/\/aazsolutions.ch\/wp-content\/uploads\/2025\/03\/20062.jpg","contentUrl":"https:\/\/aazsolutions.ch\/wp-content\/uploads\/2025\/03\/20062.jpg","width":1120,"height":1120},{"@type":"BreadcrumbList","@id":"https:\/\/aazsolutions.ch\/de\/produit\/rollstuhl-action1-r\/#breadcrumb","itemListElement":[{"@type":"ListItem","position":1,"name":"Accueil","item":"https:\/\/aazsolutions.ch\/de\/"},{"@type":"ListItem","position":2,"name":"Shop","item":"https:\/\/aazsolutions.ch\/de\/shop\/"},{"@type":"ListItem","position":3,"name":"Rollstuhl Action1 R"}]},{"@type":"WebSite","@id":"https:\/\/aazsolutions.ch\/de\/#website","url":"https:\/\/aazsolutions.ch\/de\/","name":"A\u00e0Zsolutions.ch","description":"Des solutions adapt\u00e9es \u00e0 chaque difficult\u00e9!","publisher":{"@id":"https:\/\/aazsolutions.ch\/de\/#organization"},"potentialAction":[{"@type":"SearchAction","target":{"@type":"EntryPoint","urlTemplate":"https:\/\/aazsolutions.ch\/de\/?s={search_term_string}"},"query-input":{"@type":"PropertyValueSpecification","valueRequired":true,"valueName":"search_term_string"}}],"inLanguage":"de"},{"@type":"Organization","@id":"https:\/\/aazsolutions.ch\/de\/#organization","name":"A\u00e0Zsolutions SARL","url":"https:\/\/aazsolutions.ch\/de\/","logo":{"@type":"ImageObject","inLanguage":"de","@id":"https:\/\/aazsolutions.ch\/de\/#\/schema\/logo\/image\/","url":"https:\/\/aazsolutions.ch\/wp-content\/uploads\/2016\/04\/AAZ_Logo_Solutions.jpg","contentUrl":"https:\/\/aazsolutions.ch\/wp-content\/uploads\/2016\/04\/AAZ_Logo_Solutions.jpg","width":1500,"height":481,"caption":"A\u00e0Zsolutions SARL"},"image":{"@id":"https:\/\/aazsolutions.ch\/de\/#\/schema\/logo\/image\/"},"sameAs":["https:\/\/www.facebook.com\/aazsolutions.ch\/","https:\/\/www.linkedin.com\/showcase\/aazsolutions\/"]}]},"og_availability":"instock","product_availability":"instock","product_retailer_item_id":"20062-38","product_condition":"new"},"_links":{"self":[{"href":"https:\/\/aazsolutions.ch\/de\/wp-json\/wp\/v2\/product\/34374","targetHints":{"allow":["GET"]}}],"collection":[{"href":"https:\/\/aazsolutions.ch\/de\/wp-json\/wp\/v2\/product"}],"about":[{"href":"https:\/\/aazsolutions.ch\/de\/wp-json\/wp\/v2\/types\/product"}],"replies":[{"embeddable":true,"href":"https:\/\/aazsolutions.ch\/de\/wp-json\/wp\/v2\/comments?post=34374"}],"wp:featuredmedia":[{"embeddable":true,"href":"https:\/\/aazsolutions.ch\/de\/wp-json\/wp\/v2\/media\/31620"}],"wp:attachment":[{"href":"https:\/\/aazsolutions.ch\/de\/wp-json\/wp\/v2\/media?parent=34374"}],"wp:term":[{"taxonomy":"product_brand","embeddable":true,"href":"https:\/\/aazsolutions.ch\/de\/wp-json\/wp\/v2\/product_brand?post=34374"},{"taxonomy":"product_cat","embeddable":true,"href":"https:\/\/aazsolutions.ch\/de\/wp-json\/wp\/v2\/product_cat?post=34374"},{"taxonomy":"product_tag","embeddable":true,"href":"https:\/\/aazsolutions.ch\/de\/wp-json\/wp\/v2\/product_tag?post=34374"}],"curies":[{"name":"wp","href":"https:\/\/api.w.org\/{rel}","templated":true}]}}