{"id":34395,"date":"2026-04-03T18:02:38","date_gmt":"2026-04-03T17:02:38","guid":{"rendered":"https:\/\/aazsolutions.ch\/produit\/drehbarer-badewannensitz-mit-translation-spidra-800\/"},"modified":"2026-04-03T18:02:38","modified_gmt":"2026-04-03T17:02:38","slug":"drehbarer-badewannensitz-mit-translation-spidra-800","status":"publish","type":"product","link":"https:\/\/aazsolutions.ch\/de\/produit\/drehbarer-badewannensitz-mit-translation-spidra-800\/","title":{"rendered":"Drehbarer Badewannensitz mit Translation Spidra 800"},"content":{"rendered":"<h5><span style=\"color: #e2001a;\">Dieses Produkt ist <span style=\"text-decoration: underline;\"><strong>nur auf Bestellung<\/strong><\/span> erh\u00e4ltlich. Die Lieferzeit betr\u00e4gt <span style=\"text-decoration: underline;\"><strong>2 bis 3 Wochen<\/strong><\/span>. F\u00fcr weitere Informationen kontaktieren Sie uns bitte.<\/span><\/h5>\n<h2>Badewannensitz mit Translation &amp; 360\u00b0 drehbar Spidra 800 \u2013 Erleichterter Zugang und optimaler Komfort<\/h2>\n<p>Der <strong>drehbare Badewannensitz mit Translation<\/strong> erleichtert sichere Transfers in die Badewanne. Er erm\u00f6glicht es dem Benutzer, sich von aussen ohne Zwischenraum zwischen Sitz und Badewannenrand hinzusetzen und dann m\u00fchelos in die Badeposition zu schwenken. Ideal f\u00fcr Personen mit eingeschr\u00e4nkter Mobilit\u00e4t, verbessert dieser Sitz die t\u00e4gliche Autonomie.<\/p>\n<p>Diese <strong>drehbare Sitzfl\u00e4che mit Badewannen-Translation<\/strong> ist mit einer R\u00fcckenlehne, hochklappbaren Armlehnen und einem ergonomischen Sitz f\u00fcr optimalen Komfort ausgestattet. Seine leichte und feuchtigkeitsbest\u00e4ndige Aluminiumstruktur gew\u00e4hrleistet eine gute Haltbarkeit. Die Installation erfordert kein Werkzeug, wodurch er einfach zu montieren und zu entfernen ist.<\/p>\n<h3>\u2705 Hauptmerkmale:<\/h3>\n<ul>\n<li>360\u00b0-Rotation und Rechts-Links-Translation mit Blockiersystem<\/li>\n<li>Einfache Befestigung an den Badewannenr\u00e4ndern<\/li>\n<li>Robuste und rutschfeste Struktur<\/li>\n<li>Komfort durch R\u00fcckenlehne und Armlehnen gew\u00e4hrleistet<\/li>\n<li>Leichte und leicht zu reinigende Materialien<\/li>\n<\/ul>\n<p>Dieser <strong>drehbare Badewannensitz mit Translation<\/strong> ist eine sichere und praktische L\u00f6sung, um St\u00fcrze zu vermeiden und gleichzeitig die K\u00f6rperpflege zu erleichtern. Sein diskretes Design f\u00fcgt sich perfekt in jedes barrierefreie Badezimmer ein.<\/p>\n<p><strong>Bestellen Sie den drehbaren Badewannensitz mit Translation SPIDRA 800 \u2013 Schnelle Lieferung in der Schweiz!<\/strong><\/p>\n","protected":false},"excerpt":{"rendered":"<h2>Spezifikationen<\/h2>\n<ul>\n<li>Sitzmasse: H. 54 x L. 40 cm<\/li>\n<li>R\u00fcckenlehnenh\u00f6he: 40 cm<\/li>\n<li>Gewicht: 8 kg<\/li>\n<li>Max. Gewicht Benutzer: 120 kg<\/li>\n<li>Farbe: Lavendelblau<\/li>\n<\/ul>\n<p>\u25a0 Badewannenkompatibilit\u00e4t: Gesamtbreite: von 600 bis 740 \/ Innenbreite: von 560 bis 640<\/p>\n","protected":false},"featured_media":33160,"comment_status":"closed","ping_status":"closed","template":"","meta":{"_et_pb_use_builder":"","_et_pb_old_content":"","_et_gb_content_width":"","inline_featured_image":false},"product_brand":[],"product_cat":[1211,1239],"product_tag":[],"class_list":{"0":"post-34395","1":"product","2":"type-product","3":"status-publish","4":"has-post-thumbnail","6":"product_cat-1-bad-dusche-wc","7":"product_cat-badewannensitz","8":"product_shipping_class-b","10":"first","11":"instock","12":"featured","13":"taxable","14":"shipping-taxable","15":"purchasable","16":"product-type-simple"},"yoast_head":"<!-- This site is optimized with the Yoast SEO Premium plugin v27.2 (Yoast SEO v27.5) - https:\/\/yoast.com\/product\/yoast-seo-premium-wordpress\/ -->\n<title>Drehbarer Badewannensitz &amp; Translation SPIDRA 800<\/title>\n<meta name=\"description\" content=\"Der drehbare Badewannensitz Mercury erm\u00f6glicht Ihnen dank seiner drehbaren Sitzfl\u00e4che einen einfachen Zugang. Optimaler Komfort und Sicherheit, sichern Sie sich Ihren! \ud83d\udebf\" \/>\n<meta name=\"robots\" content=\"index, follow, max-snippet:-1, max-image-preview:large, max-video-preview:-1\" \/>\n<link rel=\"canonical\" href=\"https:\/\/aazsolutions.ch\/de\/produit\/drehbarer-badewannensitz-mit-translation-spidra-800\/\" \/>\n<meta property=\"og:locale\" content=\"de_DE\" \/>\n<meta property=\"og:type\" content=\"article\" \/>\n<meta property=\"og:title\" content=\"Drehbarer Badewannensitz mit Translation Spidra 800\" \/>\n<meta property=\"og:description\" content=\"Der drehbare Badewannensitz Mercury erm\u00f6glicht Ihnen dank seiner drehbaren Sitzfl\u00e4che einen einfachen Zugang. Optimaler Komfort und Sicherheit, sichern Sie sich Ihren! \ud83d\udebf\" \/>\n<meta property=\"og:url\" content=\"https:\/\/aazsolutions.ch\/de\/produit\/drehbarer-badewannensitz-mit-translation-spidra-800\/\" \/>\n<meta property=\"og:site_name\" content=\"A\u00e0Zsolutions.ch\" \/>\n<meta property=\"article:publisher\" content=\"https:\/\/www.facebook.com\/aazsolutions.ch\/\" \/>\n<meta property=\"og:image\" content=\"https:\/\/aazsolutions.ch\/wp-content\/uploads\/2026\/04\/Spidra-800-scaled.jpg\" \/>\n\t<meta property=\"og:image:width\" content=\"2560\" \/>\n\t<meta property=\"og:image:height\" content=\"1707\" \/>\n\t<meta property=\"og:image:type\" content=\"image\/jpeg\" \/>\n<meta name=\"twitter:card\" content=\"summary_large_image\" \/>\n<meta name=\"twitter:label1\" content=\"Preis\" \/>\n\t<meta name=\"twitter:data1\" content=\"486.00&nbsp;&#067;&#072;&#070; TVA incluse\" \/>\n\t<meta name=\"twitter:label2\" content=\"Verf\u00fcgbarkeit\" \/>\n\t<meta name=\"twitter:data2\" content=\"Auf Lager\" \/>\n<script type=\"application\/ld+json\" class=\"yoast-schema-graph\">{\"@context\":\"https:\\\/\\\/schema.org\",\"@graph\":[{\"@type\":\"WebPage\",\"@id\":\"https:\\\/\\\/aazsolutions.ch\\\/de\\\/produit\\\/drehbarer-badewannensitz-mit-translation-spidra-800\\\/\",\"url\":\"https:\\\/\\\/aazsolutions.ch\\\/de\\\/produit\\\/drehbarer-badewannensitz-mit-translation-spidra-800\\\/\",\"name\":\"Drehbarer Badewannensitz & Translation SPIDRA 800\",\"isPartOf\":{\"@id\":\"https:\\\/\\\/aazsolutions.ch\\\/de\\\/#website\"},\"primaryImageOfPage\":{\"@id\":\"https:\\\/\\\/aazsolutions.ch\\\/de\\\/produit\\\/drehbarer-badewannensitz-mit-translation-spidra-800\\\/#primaryimage\"},\"image\":{\"@id\":\"https:\\\/\\\/aazsolutions.ch\\\/de\\\/produit\\\/drehbarer-badewannensitz-mit-translation-spidra-800\\\/#primaryimage\"},\"thumbnailUrl\":\"https:\\\/\\\/aazsolutions.ch\\\/wp-content\\\/uploads\\\/2026\\\/04\\\/Spidra-800-scaled.jpg\",\"datePublished\":\"2026-04-03T17:02:38+00:00\",\"description\":\"Der drehbare Badewannensitz Mercury erm\u00f6glicht Ihnen dank seiner drehbaren Sitzfl\u00e4che einen einfachen Zugang. Optimaler Komfort und Sicherheit, sichern Sie sich Ihren! \ud83d\udebf\",\"breadcrumb\":{\"@id\":\"https:\\\/\\\/aazsolutions.ch\\\/de\\\/produit\\\/drehbarer-badewannensitz-mit-translation-spidra-800\\\/#breadcrumb\"},\"inLanguage\":\"de\",\"potentialAction\":[{\"@type\":\"ReadAction\",\"target\":[\"https:\\\/\\\/aazsolutions.ch\\\/de\\\/produit\\\/drehbarer-badewannensitz-mit-translation-spidra-800\\\/\"]}]},{\"@type\":\"ImageObject\",\"inLanguage\":\"de\",\"@id\":\"https:\\\/\\\/aazsolutions.ch\\\/de\\\/produit\\\/drehbarer-badewannensitz-mit-translation-spidra-800\\\/#primaryimage\",\"url\":\"https:\\\/\\\/aazsolutions.ch\\\/wp-content\\\/uploads\\\/2026\\\/04\\\/Spidra-800-scaled.jpg\",\"contentUrl\":\"https:\\\/\\\/aazsolutions.ch\\\/wp-content\\\/uploads\\\/2026\\\/04\\\/Spidra-800-scaled.jpg\",\"width\":2560,\"height\":1707},{\"@type\":\"BreadcrumbList\",\"@id\":\"https:\\\/\\\/aazsolutions.ch\\\/de\\\/produit\\\/drehbarer-badewannensitz-mit-translation-spidra-800\\\/#breadcrumb\",\"itemListElement\":[{\"@type\":\"ListItem\",\"position\":1,\"name\":\"Accueil\",\"item\":\"https:\\\/\\\/aazsolutions.ch\\\/de\\\/\"},{\"@type\":\"ListItem\",\"position\":2,\"name\":\"Shop\",\"item\":\"https:\\\/\\\/aazsolutions.ch\\\/de\\\/shop\\\/\"},{\"@type\":\"ListItem\",\"position\":3,\"name\":\"Drehbarer Badewannensitz mit Translation Spidra 800\"}]},{\"@type\":\"WebSite\",\"@id\":\"https:\\\/\\\/aazsolutions.ch\\\/de\\\/#website\",\"url\":\"https:\\\/\\\/aazsolutions.ch\\\/de\\\/\",\"name\":\"A\u00e0Zsolutions.ch\",\"description\":\"Des solutions adapt\u00e9es \u00e0 chaque difficult\u00e9!\",\"publisher\":{\"@id\":\"https:\\\/\\\/aazsolutions.ch\\\/de\\\/#organization\"},\"potentialAction\":[{\"@type\":\"SearchAction\",\"target\":{\"@type\":\"EntryPoint\",\"urlTemplate\":\"https:\\\/\\\/aazsolutions.ch\\\/de\\\/?s={search_term_string}\"},\"query-input\":{\"@type\":\"PropertyValueSpecification\",\"valueRequired\":true,\"valueName\":\"search_term_string\"}}],\"inLanguage\":\"de\"},{\"@type\":\"Organization\",\"@id\":\"https:\\\/\\\/aazsolutions.ch\\\/de\\\/#organization\",\"name\":\"A\u00e0Zsolutions SARL\",\"url\":\"https:\\\/\\\/aazsolutions.ch\\\/de\\\/\",\"logo\":{\"@type\":\"ImageObject\",\"inLanguage\":\"de\",\"@id\":\"https:\\\/\\\/aazsolutions.ch\\\/de\\\/#\\\/schema\\\/logo\\\/image\\\/\",\"url\":\"https:\\\/\\\/aazsolutions.ch\\\/wp-content\\\/uploads\\\/2016\\\/04\\\/AAZ_Logo_Solutions.jpg\",\"contentUrl\":\"https:\\\/\\\/aazsolutions.ch\\\/wp-content\\\/uploads\\\/2016\\\/04\\\/AAZ_Logo_Solutions.jpg\",\"width\":1500,\"height\":481,\"caption\":\"A\u00e0Zsolutions SARL\"},\"image\":{\"@id\":\"https:\\\/\\\/aazsolutions.ch\\\/de\\\/#\\\/schema\\\/logo\\\/image\\\/\"},\"sameAs\":[\"https:\\\/\\\/www.facebook.com\\\/aazsolutions.ch\\\/\",\"https:\\\/\\\/www.linkedin.com\\\/showcase\\\/aazsolutions\\\/\"]}]}<\/script>\n<meta property=\"product:price:amount\" content=\"486.00\" \/>\n<meta property=\"product:price:currency\" content=\"CHF\" \/>\n<meta property=\"og:availability\" content=\"instock\" \/>\n<meta property=\"product:availability\" content=\"instock\" \/>\n<meta property=\"product:retailer_item_id\" content=\"10175\" \/>\n<meta property=\"product:condition\" content=\"new\" \/>\n<!-- \/ Yoast SEO Premium plugin. -->","yoast_head_json":{"title":"Drehbarer Badewannensitz & Translation SPIDRA 800","description":"Der drehbare Badewannensitz Mercury erm\u00f6glicht Ihnen dank seiner drehbaren Sitzfl\u00e4che einen einfachen Zugang. Optimaler Komfort und Sicherheit, sichern Sie sich Ihren! \ud83d\udebf","robots":{"index":"index","follow":"follow","max-snippet":"max-snippet:-1","max-image-preview":"max-image-preview:large","max-video-preview":"max-video-preview:-1"},"canonical":"https:\/\/aazsolutions.ch\/de\/produit\/drehbarer-badewannensitz-mit-translation-spidra-800\/","og_locale":"de_DE","og_type":"article","og_title":"Drehbarer Badewannensitz mit Translation Spidra 800","og_description":"Der drehbare Badewannensitz Mercury erm\u00f6glicht Ihnen dank seiner drehbaren Sitzfl\u00e4che einen einfachen Zugang. Optimaler Komfort und Sicherheit, sichern Sie sich Ihren! \ud83d\udebf","og_url":"https:\/\/aazsolutions.ch\/de\/produit\/drehbarer-badewannensitz-mit-translation-spidra-800\/","og_site_name":"A\u00e0Zsolutions.ch","article_publisher":"https:\/\/www.facebook.com\/aazsolutions.ch\/","og_image":[{"width":2560,"height":1707,"url":"https:\/\/aazsolutions.ch\/wp-content\/uploads\/2026\/04\/Spidra-800-scaled.jpg","type":"image\/jpeg"}],"twitter_card":"summary_large_image","twitter_misc":{"Preis":"486.00&nbsp;&#67;&#72;&#70; TVA incluse","Verf\u00fcgbarkeit":"Auf Lager"},"schema":{"@context":"https:\/\/schema.org","@graph":[{"@type":"WebPage","@id":"https:\/\/aazsolutions.ch\/de\/produit\/drehbarer-badewannensitz-mit-translation-spidra-800\/","url":"https:\/\/aazsolutions.ch\/de\/produit\/drehbarer-badewannensitz-mit-translation-spidra-800\/","name":"Drehbarer Badewannensitz & Translation SPIDRA 800","isPartOf":{"@id":"https:\/\/aazsolutions.ch\/de\/#website"},"primaryImageOfPage":{"@id":"https:\/\/aazsolutions.ch\/de\/produit\/drehbarer-badewannensitz-mit-translation-spidra-800\/#primaryimage"},"image":{"@id":"https:\/\/aazsolutions.ch\/de\/produit\/drehbarer-badewannensitz-mit-translation-spidra-800\/#primaryimage"},"thumbnailUrl":"https:\/\/aazsolutions.ch\/wp-content\/uploads\/2026\/04\/Spidra-800-scaled.jpg","datePublished":"2026-04-03T17:02:38+00:00","description":"Der drehbare Badewannensitz Mercury erm\u00f6glicht Ihnen dank seiner drehbaren Sitzfl\u00e4che einen einfachen Zugang. Optimaler Komfort und Sicherheit, sichern Sie sich Ihren! \ud83d\udebf","breadcrumb":{"@id":"https:\/\/aazsolutions.ch\/de\/produit\/drehbarer-badewannensitz-mit-translation-spidra-800\/#breadcrumb"},"inLanguage":"de","potentialAction":[{"@type":"ReadAction","target":["https:\/\/aazsolutions.ch\/de\/produit\/drehbarer-badewannensitz-mit-translation-spidra-800\/"]}]},{"@type":"ImageObject","inLanguage":"de","@id":"https:\/\/aazsolutions.ch\/de\/produit\/drehbarer-badewannensitz-mit-translation-spidra-800\/#primaryimage","url":"https:\/\/aazsolutions.ch\/wp-content\/uploads\/2026\/04\/Spidra-800-scaled.jpg","contentUrl":"https:\/\/aazsolutions.ch\/wp-content\/uploads\/2026\/04\/Spidra-800-scaled.jpg","width":2560,"height":1707},{"@type":"BreadcrumbList","@id":"https:\/\/aazsolutions.ch\/de\/produit\/drehbarer-badewannensitz-mit-translation-spidra-800\/#breadcrumb","itemListElement":[{"@type":"ListItem","position":1,"name":"Accueil","item":"https:\/\/aazsolutions.ch\/de\/"},{"@type":"ListItem","position":2,"name":"Shop","item":"https:\/\/aazsolutions.ch\/de\/shop\/"},{"@type":"ListItem","position":3,"name":"Drehbarer Badewannensitz mit Translation Spidra 800"}]},{"@type":"WebSite","@id":"https:\/\/aazsolutions.ch\/de\/#website","url":"https:\/\/aazsolutions.ch\/de\/","name":"A\u00e0Zsolutions.ch","description":"Des solutions adapt\u00e9es \u00e0 chaque difficult\u00e9!","publisher":{"@id":"https:\/\/aazsolutions.ch\/de\/#organization"},"potentialAction":[{"@type":"SearchAction","target":{"@type":"EntryPoint","urlTemplate":"https:\/\/aazsolutions.ch\/de\/?s={search_term_string}"},"query-input":{"@type":"PropertyValueSpecification","valueRequired":true,"valueName":"search_term_string"}}],"inLanguage":"de"},{"@type":"Organization","@id":"https:\/\/aazsolutions.ch\/de\/#organization","name":"A\u00e0Zsolutions SARL","url":"https:\/\/aazsolutions.ch\/de\/","logo":{"@type":"ImageObject","inLanguage":"de","@id":"https:\/\/aazsolutions.ch\/de\/#\/schema\/logo\/image\/","url":"https:\/\/aazsolutions.ch\/wp-content\/uploads\/2016\/04\/AAZ_Logo_Solutions.jpg","contentUrl":"https:\/\/aazsolutions.ch\/wp-content\/uploads\/2016\/04\/AAZ_Logo_Solutions.jpg","width":1500,"height":481,"caption":"A\u00e0Zsolutions SARL"},"image":{"@id":"https:\/\/aazsolutions.ch\/de\/#\/schema\/logo\/image\/"},"sameAs":["https:\/\/www.facebook.com\/aazsolutions.ch\/","https:\/\/www.linkedin.com\/showcase\/aazsolutions\/"]}]},"product_price_amount":"486.00","product_price_currency":"CHF","og_availability":"instock","product_availability":"instock","product_retailer_item_id":"10175","product_condition":"new"},"_links":{"self":[{"href":"https:\/\/aazsolutions.ch\/de\/wp-json\/wp\/v2\/product\/34395","targetHints":{"allow":["GET"]}}],"collection":[{"href":"https:\/\/aazsolutions.ch\/de\/wp-json\/wp\/v2\/product"}],"about":[{"href":"https:\/\/aazsolutions.ch\/de\/wp-json\/wp\/v2\/types\/product"}],"replies":[{"embeddable":true,"href":"https:\/\/aazsolutions.ch\/de\/wp-json\/wp\/v2\/comments?post=34395"}],"wp:featuredmedia":[{"embeddable":true,"href":"https:\/\/aazsolutions.ch\/de\/wp-json\/wp\/v2\/media\/33160"}],"wp:attachment":[{"href":"https:\/\/aazsolutions.ch\/de\/wp-json\/wp\/v2\/media?parent=34395"}],"wp:term":[{"taxonomy":"product_brand","embeddable":true,"href":"https:\/\/aazsolutions.ch\/de\/wp-json\/wp\/v2\/product_brand?post=34395"},{"taxonomy":"product_cat","embeddable":true,"href":"https:\/\/aazsolutions.ch\/de\/wp-json\/wp\/v2\/product_cat?post=34395"},{"taxonomy":"product_tag","embeddable":true,"href":"https:\/\/aazsolutions.ch\/de\/wp-json\/wp\/v2\/product_tag?post=34395"}],"curies":[{"name":"wp","href":"https:\/\/api.w.org\/{rel}","templated":true}]}}