{"id":34399,"date":"2026-04-19T16:54:18","date_gmt":"2026-04-19T15:54:18","guid":{"rendered":"https:\/\/aazsolutions.ch\/produit\/wc-erhoehung-clipper\/"},"modified":"2026-04-19T16:54:18","modified_gmt":"2026-04-19T15:54:18","slug":"wc-erhoehung-clipper","status":"publish","type":"product","link":"https:\/\/aazsolutions.ch\/de\/produit\/wc-erhoehung-clipper\/","title":{"rendered":"WC-Erh\u00f6hung Clipper"},"content":{"rendered":"<h2>WC-Erh\u00f6hung Clipper IV, V, VI und VII \u2013 Sicherheit und Komfort<\/h2>\n<p>Die WC-Erh\u00f6hungen Clipper\u00ae IV &amp; V werden ohne Werkzeug montiert und erh\u00f6hen die WC-H\u00f6he um 11 cm.<\/p>\n<p>Sie sind mit abnehmbaren Armlehnen ausgestattet, die St\u00fctzpunkte zum sicheren Hinsetzen und Aufstehen bieten.<\/p>\n<p>Clipper V (500421) ist mit einem Deckel f\u00fcr maximale Hygiene ausgestattet.<\/p>\n<p>Materialien: Polypropylen 100% recycelbar, Poliglass-Finish<\/p>\n<p>Pflege: nicht scheuerndes Reinigungsmittel, Trocknung mit weichem Tuch, autoklavierbar<\/p>\n<h3>\u2705 Vorteile der WC-Erh\u00f6hung Clipper:<\/h3>\n<ul>\n<li>Sehr stabile Befestigung an 4 Punkten (2 hinten + 2 vorne)<\/li>\n<li>Hintere Auflagen mit rutschfester Beschichtung<\/li>\n<li>Version mit oder ohne Deckel erh\u00e4ltlich<\/li>\n<li>Version mit oder ohne Gestell erh\u00e4ltlich<\/li>\n<li>Spritzgegossener Kunststoff, pflegeleicht<\/li>\n<li>Schnelle Montage ohne Werkzeug<\/li>\n<\/ul>\n<h3>Eine praktische und beruhigende WC-Erh\u00f6hung<\/h3>\n<p>Die <strong>WC-Erh\u00f6hung<\/strong> vereint Komfort, Hygiene und Stabilit\u00e4t. Sie erm\u00f6glicht eine einfachere und sicherere Nutzung der Toilette, insbesondere bei eingeschr\u00e4nkter Mobilit\u00e4t. Dank ihres schlichten und funktionalen Designs f\u00fcgt sie sich diskret in jedes Badezimmer ein.  <\/p>\n<p><strong>Bestellen Sie Ihre WC-Erh\u00f6hung Clipper \u2013 Schnelle Lieferung in der Schweiz!<\/strong><\/p>\n","protected":false},"excerpt":{"rendered":"<h2>Spezifikationen<\/h2>\n<ul>\n<li>Erh\u00e4ltlich mit oder ohne Deckel<\/li>\n<li>Erh\u00e4ltlich mit oder ohne Gestell<\/li>\n<li>Erh\u00f6hung: 11 cm<\/li>\n<li>Max. Benutzergewicht: 185 kg <\/li>\n<li>Farbe: Weiss<\/li>\n<\/ul>\n","protected":false},"featured_media":33516,"comment_status":"closed","ping_status":"closed","template":"","meta":{"_et_pb_use_builder":"","_et_pb_old_content":"","_et_gb_content_width":"","inline_featured_image":false},"product_brand":[],"product_cat":[1211,1245],"product_tag":[],"class_list":{"0":"post-34399","1":"product","2":"type-product","3":"status-publish","4":"has-post-thumbnail","6":"product_cat-1-bad-dusche-wc","7":"product_cat-wc-erhohungen","8":"product_shipping_class-a","9":"pa_modele-mit-deckel","10":"pa_modele-ohne-deckel","12":"first","13":"instock","14":"featured","15":"taxable","16":"shipping-taxable","17":"purchasable","18":"product-type-variable"},"yoast_head":"<!-- This site is optimized with the Yoast SEO Premium plugin v27.2 (Yoast SEO v27.5) - https:\/\/yoast.com\/product\/yoast-seo-premium-wordpress\/ -->\n<title>WC-Erh\u00f6hung Clipper\u00ae mit\/ohne Deckel, mit\/ohne Gestell<\/title>\n<meta name=\"description\" content=\"Sichern Sie Ihre Bewegungen mit der WC-Erh\u00f6hung Prima, robust und leicht zu reinigen. Entscheiden Sie sich f\u00fcr Seelenruhe zu Hause!\" \/>\n<meta name=\"robots\" content=\"index, follow, max-snippet:-1, max-image-preview:large, max-video-preview:-1\" \/>\n<link rel=\"canonical\" href=\"https:\/\/aazsolutions.ch\/de\/produit\/wc-erhoehung-clipper\/\" \/>\n<meta property=\"og:locale\" content=\"de_DE\" \/>\n<meta property=\"og:type\" content=\"article\" \/>\n<meta property=\"og:title\" content=\"WC-Erh\u00f6hung Clipper\" \/>\n<meta property=\"og:description\" content=\"Sichern Sie Ihre Bewegungen mit der WC-Erh\u00f6hung Prima, robust und leicht zu reinigen. Entscheiden Sie sich f\u00fcr Seelenruhe zu Hause!\" \/>\n<meta property=\"og:url\" content=\"https:\/\/aazsolutions.ch\/de\/produit\/wc-erhoehung-clipper\/\" \/>\n<meta property=\"og:site_name\" content=\"A\u00e0Zsolutions.ch\" \/>\n<meta property=\"article:publisher\" content=\"https:\/\/www.facebook.com\/aazsolutions.ch\/\" \/>\n<meta property=\"og:image\" content=\"https:\/\/aazsolutions.ch\/wp-content\/uploads\/2026\/04\/Image-19.04.26-a-15.56.png\" \/>\n\t<meta property=\"og:image:width\" content=\"770\" \/>\n\t<meta property=\"og:image:height\" content=\"594\" \/>\n\t<meta property=\"og:image:type\" content=\"image\/png\" \/>\n<meta name=\"twitter:card\" content=\"summary_large_image\" \/>\n<meta name=\"twitter:label1\" content=\"Verf\u00fcgbarkeit\" \/>\n\t<meta name=\"twitter:data1\" content=\"Auf Lager\" \/>\n<script type=\"application\/ld+json\" class=\"yoast-schema-graph\">{\"@context\":\"https:\\\/\\\/schema.org\",\"@graph\":[{\"@type\":\"WebPage\",\"@id\":\"https:\\\/\\\/aazsolutions.ch\\\/de\\\/produit\\\/wc-erhoehung-clipper\\\/\",\"url\":\"https:\\\/\\\/aazsolutions.ch\\\/de\\\/produit\\\/wc-erhoehung-clipper\\\/\",\"name\":\"WC-Erh\u00f6hung Clipper\u00ae mit\\\/ohne Deckel, mit\\\/ohne Gestell\",\"isPartOf\":{\"@id\":\"https:\\\/\\\/aazsolutions.ch\\\/de\\\/#website\"},\"primaryImageOfPage\":{\"@id\":\"https:\\\/\\\/aazsolutions.ch\\\/de\\\/produit\\\/wc-erhoehung-clipper\\\/#primaryimage\"},\"image\":{\"@id\":\"https:\\\/\\\/aazsolutions.ch\\\/de\\\/produit\\\/wc-erhoehung-clipper\\\/#primaryimage\"},\"thumbnailUrl\":\"https:\\\/\\\/aazsolutions.ch\\\/wp-content\\\/uploads\\\/2026\\\/04\\\/Image-19.04.26-a-15.56.png\",\"datePublished\":\"2026-04-19T15:54:18+00:00\",\"description\":\"Sichern Sie Ihre Bewegungen mit der WC-Erh\u00f6hung Prima, robust und leicht zu reinigen. Entscheiden Sie sich f\u00fcr Seelenruhe zu Hause!\",\"breadcrumb\":{\"@id\":\"https:\\\/\\\/aazsolutions.ch\\\/de\\\/produit\\\/wc-erhoehung-clipper\\\/#breadcrumb\"},\"inLanguage\":\"de\",\"potentialAction\":[{\"@type\":\"ReadAction\",\"target\":[\"https:\\\/\\\/aazsolutions.ch\\\/de\\\/produit\\\/wc-erhoehung-clipper\\\/\"]}]},{\"@type\":\"ImageObject\",\"inLanguage\":\"de\",\"@id\":\"https:\\\/\\\/aazsolutions.ch\\\/de\\\/produit\\\/wc-erhoehung-clipper\\\/#primaryimage\",\"url\":\"https:\\\/\\\/aazsolutions.ch\\\/wp-content\\\/uploads\\\/2026\\\/04\\\/Image-19.04.26-a-15.56.png\",\"contentUrl\":\"https:\\\/\\\/aazsolutions.ch\\\/wp-content\\\/uploads\\\/2026\\\/04\\\/Image-19.04.26-a-15.56.png\",\"width\":770,\"height\":594},{\"@type\":\"BreadcrumbList\",\"@id\":\"https:\\\/\\\/aazsolutions.ch\\\/de\\\/produit\\\/wc-erhoehung-clipper\\\/#breadcrumb\",\"itemListElement\":[{\"@type\":\"ListItem\",\"position\":1,\"name\":\"Accueil\",\"item\":\"https:\\\/\\\/aazsolutions.ch\\\/de\\\/\"},{\"@type\":\"ListItem\",\"position\":2,\"name\":\"Shop\",\"item\":\"https:\\\/\\\/aazsolutions.ch\\\/de\\\/shop\\\/\"},{\"@type\":\"ListItem\",\"position\":3,\"name\":\"WC-Erh\u00f6hung Clipper\"}]},{\"@type\":\"WebSite\",\"@id\":\"https:\\\/\\\/aazsolutions.ch\\\/de\\\/#website\",\"url\":\"https:\\\/\\\/aazsolutions.ch\\\/de\\\/\",\"name\":\"A\u00e0Zsolutions.ch\",\"description\":\"Des solutions adapt\u00e9es \u00e0 chaque difficult\u00e9!\",\"publisher\":{\"@id\":\"https:\\\/\\\/aazsolutions.ch\\\/de\\\/#organization\"},\"potentialAction\":[{\"@type\":\"SearchAction\",\"target\":{\"@type\":\"EntryPoint\",\"urlTemplate\":\"https:\\\/\\\/aazsolutions.ch\\\/de\\\/?s={search_term_string}\"},\"query-input\":{\"@type\":\"PropertyValueSpecification\",\"valueRequired\":true,\"valueName\":\"search_term_string\"}}],\"inLanguage\":\"de\"},{\"@type\":\"Organization\",\"@id\":\"https:\\\/\\\/aazsolutions.ch\\\/de\\\/#organization\",\"name\":\"A\u00e0Zsolutions SARL\",\"url\":\"https:\\\/\\\/aazsolutions.ch\\\/de\\\/\",\"logo\":{\"@type\":\"ImageObject\",\"inLanguage\":\"de\",\"@id\":\"https:\\\/\\\/aazsolutions.ch\\\/de\\\/#\\\/schema\\\/logo\\\/image\\\/\",\"url\":\"https:\\\/\\\/aazsolutions.ch\\\/wp-content\\\/uploads\\\/2016\\\/04\\\/AAZ_Logo_Solutions.jpg\",\"contentUrl\":\"https:\\\/\\\/aazsolutions.ch\\\/wp-content\\\/uploads\\\/2016\\\/04\\\/AAZ_Logo_Solutions.jpg\",\"width\":1500,\"height\":481,\"caption\":\"A\u00e0Zsolutions SARL\"},\"image\":{\"@id\":\"https:\\\/\\\/aazsolutions.ch\\\/de\\\/#\\\/schema\\\/logo\\\/image\\\/\"},\"sameAs\":[\"https:\\\/\\\/www.facebook.com\\\/aazsolutions.ch\\\/\",\"https:\\\/\\\/www.linkedin.com\\\/showcase\\\/aazsolutions\\\/\"]}]}<\/script>\n<meta property=\"og:availability\" content=\"instock\" \/>\n<meta property=\"product:availability\" content=\"instock\" \/>\n<meta property=\"product:retailer_item_id\" content=\"10181\" \/>\n<meta property=\"product:condition\" content=\"new\" \/>\n<!-- \/ Yoast SEO Premium plugin. -->","yoast_head_json":{"title":"WC-Erh\u00f6hung Clipper\u00ae mit\/ohne Deckel, mit\/ohne Gestell","description":"Sichern Sie Ihre Bewegungen mit der WC-Erh\u00f6hung Prima, robust und leicht zu reinigen. Entscheiden Sie sich f\u00fcr Seelenruhe zu Hause!","robots":{"index":"index","follow":"follow","max-snippet":"max-snippet:-1","max-image-preview":"max-image-preview:large","max-video-preview":"max-video-preview:-1"},"canonical":"https:\/\/aazsolutions.ch\/de\/produit\/wc-erhoehung-clipper\/","og_locale":"de_DE","og_type":"article","og_title":"WC-Erh\u00f6hung Clipper","og_description":"Sichern Sie Ihre Bewegungen mit der WC-Erh\u00f6hung Prima, robust und leicht zu reinigen. Entscheiden Sie sich f\u00fcr Seelenruhe zu Hause!","og_url":"https:\/\/aazsolutions.ch\/de\/produit\/wc-erhoehung-clipper\/","og_site_name":"A\u00e0Zsolutions.ch","article_publisher":"https:\/\/www.facebook.com\/aazsolutions.ch\/","og_image":[{"width":770,"height":594,"url":"https:\/\/aazsolutions.ch\/wp-content\/uploads\/2026\/04\/Image-19.04.26-a-15.56.png","type":"image\/png"}],"twitter_card":"summary_large_image","twitter_misc":{"Verf\u00fcgbarkeit":"Auf Lager"},"schema":{"@context":"https:\/\/schema.org","@graph":[{"@type":"WebPage","@id":"https:\/\/aazsolutions.ch\/de\/produit\/wc-erhoehung-clipper\/","url":"https:\/\/aazsolutions.ch\/de\/produit\/wc-erhoehung-clipper\/","name":"WC-Erh\u00f6hung Clipper\u00ae mit\/ohne Deckel, mit\/ohne Gestell","isPartOf":{"@id":"https:\/\/aazsolutions.ch\/de\/#website"},"primaryImageOfPage":{"@id":"https:\/\/aazsolutions.ch\/de\/produit\/wc-erhoehung-clipper\/#primaryimage"},"image":{"@id":"https:\/\/aazsolutions.ch\/de\/produit\/wc-erhoehung-clipper\/#primaryimage"},"thumbnailUrl":"https:\/\/aazsolutions.ch\/wp-content\/uploads\/2026\/04\/Image-19.04.26-a-15.56.png","datePublished":"2026-04-19T15:54:18+00:00","description":"Sichern Sie Ihre Bewegungen mit der WC-Erh\u00f6hung Prima, robust und leicht zu reinigen. Entscheiden Sie sich f\u00fcr Seelenruhe zu Hause!","breadcrumb":{"@id":"https:\/\/aazsolutions.ch\/de\/produit\/wc-erhoehung-clipper\/#breadcrumb"},"inLanguage":"de","potentialAction":[{"@type":"ReadAction","target":["https:\/\/aazsolutions.ch\/de\/produit\/wc-erhoehung-clipper\/"]}]},{"@type":"ImageObject","inLanguage":"de","@id":"https:\/\/aazsolutions.ch\/de\/produit\/wc-erhoehung-clipper\/#primaryimage","url":"https:\/\/aazsolutions.ch\/wp-content\/uploads\/2026\/04\/Image-19.04.26-a-15.56.png","contentUrl":"https:\/\/aazsolutions.ch\/wp-content\/uploads\/2026\/04\/Image-19.04.26-a-15.56.png","width":770,"height":594},{"@type":"BreadcrumbList","@id":"https:\/\/aazsolutions.ch\/de\/produit\/wc-erhoehung-clipper\/#breadcrumb","itemListElement":[{"@type":"ListItem","position":1,"name":"Accueil","item":"https:\/\/aazsolutions.ch\/de\/"},{"@type":"ListItem","position":2,"name":"Shop","item":"https:\/\/aazsolutions.ch\/de\/shop\/"},{"@type":"ListItem","position":3,"name":"WC-Erh\u00f6hung Clipper"}]},{"@type":"WebSite","@id":"https:\/\/aazsolutions.ch\/de\/#website","url":"https:\/\/aazsolutions.ch\/de\/","name":"A\u00e0Zsolutions.ch","description":"Des solutions adapt\u00e9es \u00e0 chaque difficult\u00e9!","publisher":{"@id":"https:\/\/aazsolutions.ch\/de\/#organization"},"potentialAction":[{"@type":"SearchAction","target":{"@type":"EntryPoint","urlTemplate":"https:\/\/aazsolutions.ch\/de\/?s={search_term_string}"},"query-input":{"@type":"PropertyValueSpecification","valueRequired":true,"valueName":"search_term_string"}}],"inLanguage":"de"},{"@type":"Organization","@id":"https:\/\/aazsolutions.ch\/de\/#organization","name":"A\u00e0Zsolutions SARL","url":"https:\/\/aazsolutions.ch\/de\/","logo":{"@type":"ImageObject","inLanguage":"de","@id":"https:\/\/aazsolutions.ch\/de\/#\/schema\/logo\/image\/","url":"https:\/\/aazsolutions.ch\/wp-content\/uploads\/2016\/04\/AAZ_Logo_Solutions.jpg","contentUrl":"https:\/\/aazsolutions.ch\/wp-content\/uploads\/2016\/04\/AAZ_Logo_Solutions.jpg","width":1500,"height":481,"caption":"A\u00e0Zsolutions SARL"},"image":{"@id":"https:\/\/aazsolutions.ch\/de\/#\/schema\/logo\/image\/"},"sameAs":["https:\/\/www.facebook.com\/aazsolutions.ch\/","https:\/\/www.linkedin.com\/showcase\/aazsolutions\/"]}]},"og_availability":"instock","product_availability":"instock","product_retailer_item_id":"10181","product_condition":"new"},"_links":{"self":[{"href":"https:\/\/aazsolutions.ch\/de\/wp-json\/wp\/v2\/product\/34399","targetHints":{"allow":["GET"]}}],"collection":[{"href":"https:\/\/aazsolutions.ch\/de\/wp-json\/wp\/v2\/product"}],"about":[{"href":"https:\/\/aazsolutions.ch\/de\/wp-json\/wp\/v2\/types\/product"}],"replies":[{"embeddable":true,"href":"https:\/\/aazsolutions.ch\/de\/wp-json\/wp\/v2\/comments?post=34399"}],"wp:featuredmedia":[{"embeddable":true,"href":"https:\/\/aazsolutions.ch\/de\/wp-json\/wp\/v2\/media\/33516"}],"wp:attachment":[{"href":"https:\/\/aazsolutions.ch\/de\/wp-json\/wp\/v2\/media?parent=34399"}],"wp:term":[{"taxonomy":"product_brand","embeddable":true,"href":"https:\/\/aazsolutions.ch\/de\/wp-json\/wp\/v2\/product_brand?post=34399"},{"taxonomy":"product_cat","embeddable":true,"href":"https:\/\/aazsolutions.ch\/de\/wp-json\/wp\/v2\/product_cat?post=34399"},{"taxonomy":"product_tag","embeddable":true,"href":"https:\/\/aazsolutions.ch\/de\/wp-json\/wp\/v2\/product_tag?post=34399"}],"curies":[{"name":"wp","href":"https:\/\/api.w.org\/{rel}","templated":true}]}}