{"id":34408,"date":"2026-04-03T18:19:39","date_gmt":"2026-04-03T17:19:39","guid":{"rendered":"https:\/\/aazsolutions.ch\/produit\/klappbarer-duschsitz-mit-hygieneausschnitt-standard-bariatrisch\/"},"modified":"2026-04-03T18:19:39","modified_gmt":"2026-04-03T17:19:39","slug":"klappbarer-duschsitz-mit-hygieneausschnitt-standard-bariatrisch","status":"publish","type":"product","link":"https:\/\/aazsolutions.ch\/de\/produit\/klappbarer-duschsitz-mit-hygieneausschnitt-standard-bariatrisch\/","title":{"rendered":"Klappbarer Duschsitz mit Hygieneausschnitt, Standard &amp; bariatrisch"},"content":{"rendered":"<h5><span style=\"color: #e2001a;\">Das bariatrische Modell ist <span style=\"text-decoration: underline;\"><strong>nur auf Bestellung<\/strong><\/span> erh\u00e4ltlich. Die Lieferzeit betr\u00e4gt <span style=\"text-decoration: underline;\"><strong>2 bis 3 Wochen<\/strong><\/span>. F\u00fcr weitere Informationen kontaktieren Sie uns bitte.<\/span><\/h5>\n<h2>Klappbarer Duschsitz mit Hygieneausschnitt HONOLULU Standard &amp; bariatrisch<\/h2>\n<p>Der <strong>klappbare Duschsitz mit Hygieneausschnitt Honolulu<\/strong> verbessert Ihren Komfort beim Waschen und gew\u00e4hrleistet gleichzeitig Ihre Sicherheit. Er eignet sich perfekt f\u00fcr Personen mit eingeschr\u00e4nkter Mobilit\u00e4t, in Rekonvaleszenz oder mit Autonomieverlust.<\/p>\n<p>Dieses Modell wird sicher an der Wand befestigt. Wenn Sie ihn nicht benutzen, k\u00f6nnen Sie ihn einfach an die Wand klappen. <strong>Die Beine klappen automatisch ein<\/strong>, was maximalen Platz in der Kabine schafft. <strong>Folglich<\/strong> eignet sich dieser Sitz sehr gut f\u00fcr eine von mehreren Personen genutzte Dusche.<\/p>\n<p>Der <strong>Hygieneausschnitt<\/strong> in der Mitte der Sitzfl\u00e4che erleichtert die Intimreinigung. <strong>Zudem<\/strong> k\u00f6nnen Sie die H\u00f6he der Beine an Ihre K\u00f6rpergr\u00f6\u00dfe anpassen. <strong>Die Aluminiumstruktur<\/strong> ist feuchtigkeitsbest\u00e4ndig und gew\u00e4hrleistet gleichzeitig eine ausgezeichnete Stabilit\u00e4t w\u00e4hrend des Gebrauchs.<\/p>\n<p><strong>Dank seines funktionalen Designs<\/strong> erm\u00f6glicht der Sitz ein leichteres Hinsetzen und Aufstehen unter der Dusche. <strong>Achten Sie jedoch darauf<\/strong>, ihn nur an einer tragenden Wand zu installieren. \u00dcberlassen Sie die Installation immer einem qualifizierten Techniker, um optimale Sicherheit zu gew\u00e4hrleisten.<\/p>\n<h3>\u2705 Eigenschaften des klappbaren Duschsitzes mit Hygieneausschnitt:<\/h3>\n<ul>\n<li>Bequeme Sitzfl\u00e4che mit Hygieneausschnitt f\u00fcr die Intimpflege<\/li>\n<li>Klappbar mit einklappbaren Beinen zur Platzersparnis<\/li>\n<li>Leichte und widerstandsf\u00e4hige Aluminiumstruktur<\/li>\n<li>H\u00f6henverstellbar nach Ihren Bed\u00fcrfnissen<\/li>\n<li>Geeignet f\u00fcr Gemeinschaftsduschen und kleine R\u00e4ume<\/li>\n<\/ul>\n<h3>Ein praktischer Wandduschsitz f\u00fcr den Alltag<\/h3>\n<p>Der <strong>klappbare Duschsitz mit Hygieneausschnitt<\/strong> sorgt f\u00fcr mehr Komfort, Sicherheit und Autonomie im Badezimmer. Sein schlankes und klappbares Design macht ihn diskret und gleichzeitig sehr funktional.<\/p>\n<p><strong>Bestellen Sie Ihren noch heute \u2013 Schnelle Lieferung in der ganzen Schweiz!<\/strong><\/p>\n","protected":false},"excerpt":{"rendered":"<h2>Spezifikationen<\/h2>\n<ul>\n<li>Tiefe eingeklappt: 15,7 cm<\/li>\n<li>Gesamttiefe: 58,5 cm<\/li>\n<li>Maximal zul\u00e4ssiges Gewicht: 253 kg<\/li>\n<\/ul>\n<p><u>Standard<\/u><\/p>\n<ul>\n<li>Sitztiefe: 45 cm<\/li>\n<li>Sitzh\u00f6he: 39 cm bis 64 cm<\/li>\n<li>Sitzbreite: 46 cm<\/li>\n<\/ul>\n<p><u>Breit <\/u><\/p>\n<ul>\n<li>Sitztiefe: 45 cm<\/li>\n<li>Sitzh\u00f6he: 39 cm bis 64 cm<\/li>\n<li>Sitzbreite: 58 cm<\/li>\n<\/ul>\n","protected":false},"featured_media":31519,"comment_status":"closed","ping_status":"closed","template":"","meta":{"_et_pb_use_builder":"","_et_pb_old_content":"","_et_gb_content_width":"","inline_featured_image":false},"product_brand":[],"product_cat":[1211,1235],"product_tag":[],"class_list":{"0":"post-34408","1":"product","2":"type-product","3":"status-publish","4":"has-post-thumbnail","6":"product_cat-1-bad-dusche-wc","7":"product_cat-duschsitz-zur-wandmontage","8":"product_shipping_class-b","9":"pa_largeur-breit-58-cm","10":"pa_largeur-standard-46-cm","12":"first","13":"instock","14":"featured","15":"taxable","16":"shipping-taxable","17":"purchasable","18":"product-type-variable"},"yoast_head":"<!-- This site is optimized with the Yoast SEO Premium plugin v27.2 (Yoast SEO v27.5) - https:\/\/yoast.com\/product\/yoast-seo-premium-wordpress\/ -->\n<title>Klappbarer Duschsitz mit Hygieneausschnitt, Standard &amp; bariatrisch<\/title>\n<meta name=\"description\" content=\"Der klappbare Duschsitz mit Hygieneausschnitt bietet sowohl Komfort als auch Praktikabilit\u00e4t. Investieren Sie in einen angenehmen und funktionalen Duschbereich! \ud83d\udec1\" \/>\n<meta name=\"robots\" content=\"index, follow, max-snippet:-1, max-image-preview:large, max-video-preview:-1\" \/>\n<link rel=\"canonical\" href=\"https:\/\/aazsolutions.ch\/de\/produit\/klappbarer-duschsitz-mit-hygieneausschnitt-standard-bariatrisch\/\" \/>\n<meta property=\"og:locale\" content=\"de_DE\" \/>\n<meta property=\"og:type\" content=\"article\" \/>\n<meta property=\"og:title\" content=\"Klappbarer Duschsitz mit Hygieneausschnitt, Standard &amp; bariatrisch\" \/>\n<meta property=\"og:description\" content=\"Der klappbare Duschsitz mit Hygieneausschnitt bietet sowohl Komfort als auch Praktikabilit\u00e4t. Investieren Sie in einen angenehmen und funktionalen Duschbereich! \ud83d\udec1\" \/>\n<meta property=\"og:url\" content=\"https:\/\/aazsolutions.ch\/de\/produit\/klappbarer-duschsitz-mit-hygieneausschnitt-standard-bariatrisch\/\" \/>\n<meta property=\"og:site_name\" content=\"A\u00e0Zsolutions.ch\" \/>\n<meta property=\"article:publisher\" content=\"https:\/\/www.facebook.com\/aazsolutions.ch\/\" \/>\n<meta property=\"og:image\" content=\"https:\/\/aazsolutions.ch\/wp-content\/uploads\/2025\/03\/10136-1.jpg\" \/>\n\t<meta property=\"og:image:width\" content=\"1120\" \/>\n\t<meta property=\"og:image:height\" content=\"1120\" \/>\n\t<meta property=\"og:image:type\" content=\"image\/jpeg\" \/>\n<meta name=\"twitter:card\" content=\"summary_large_image\" \/>\n<meta name=\"twitter:label1\" content=\"Verf\u00fcgbarkeit\" \/>\n\t<meta name=\"twitter:data1\" content=\"Auf Lager\" \/>\n<script type=\"application\/ld+json\" class=\"yoast-schema-graph\">{\"@context\":\"https:\\\/\\\/schema.org\",\"@graph\":[{\"@type\":\"WebPage\",\"@id\":\"https:\\\/\\\/aazsolutions.ch\\\/de\\\/produit\\\/klappbarer-duschsitz-mit-hygieneausschnitt-standard-bariatrisch\\\/\",\"url\":\"https:\\\/\\\/aazsolutions.ch\\\/de\\\/produit\\\/klappbarer-duschsitz-mit-hygieneausschnitt-standard-bariatrisch\\\/\",\"name\":\"Klappbarer Duschsitz mit Hygieneausschnitt, Standard & bariatrisch\",\"isPartOf\":{\"@id\":\"https:\\\/\\\/aazsolutions.ch\\\/de\\\/#website\"},\"primaryImageOfPage\":{\"@id\":\"https:\\\/\\\/aazsolutions.ch\\\/de\\\/produit\\\/klappbarer-duschsitz-mit-hygieneausschnitt-standard-bariatrisch\\\/#primaryimage\"},\"image\":{\"@id\":\"https:\\\/\\\/aazsolutions.ch\\\/de\\\/produit\\\/klappbarer-duschsitz-mit-hygieneausschnitt-standard-bariatrisch\\\/#primaryimage\"},\"thumbnailUrl\":\"https:\\\/\\\/aazsolutions.ch\\\/wp-content\\\/uploads\\\/2025\\\/03\\\/10136-1.jpg\",\"datePublished\":\"2026-04-03T17:19:39+00:00\",\"description\":\"Der klappbare Duschsitz mit Hygieneausschnitt bietet sowohl Komfort als auch Praktikabilit\u00e4t. Investieren Sie in einen angenehmen und funktionalen Duschbereich! \ud83d\udec1\",\"breadcrumb\":{\"@id\":\"https:\\\/\\\/aazsolutions.ch\\\/de\\\/produit\\\/klappbarer-duschsitz-mit-hygieneausschnitt-standard-bariatrisch\\\/#breadcrumb\"},\"inLanguage\":\"de\",\"potentialAction\":[{\"@type\":\"ReadAction\",\"target\":[\"https:\\\/\\\/aazsolutions.ch\\\/de\\\/produit\\\/klappbarer-duschsitz-mit-hygieneausschnitt-standard-bariatrisch\\\/\"]}]},{\"@type\":\"ImageObject\",\"inLanguage\":\"de\",\"@id\":\"https:\\\/\\\/aazsolutions.ch\\\/de\\\/produit\\\/klappbarer-duschsitz-mit-hygieneausschnitt-standard-bariatrisch\\\/#primaryimage\",\"url\":\"https:\\\/\\\/aazsolutions.ch\\\/wp-content\\\/uploads\\\/2025\\\/03\\\/10136-1.jpg\",\"contentUrl\":\"https:\\\/\\\/aazsolutions.ch\\\/wp-content\\\/uploads\\\/2025\\\/03\\\/10136-1.jpg\",\"width\":1120,\"height\":1120,\"caption\":\"Si\u00e8ge de douche rabattable avec d\u00e9coupe intime en aluminium\"},{\"@type\":\"BreadcrumbList\",\"@id\":\"https:\\\/\\\/aazsolutions.ch\\\/de\\\/produit\\\/klappbarer-duschsitz-mit-hygieneausschnitt-standard-bariatrisch\\\/#breadcrumb\",\"itemListElement\":[{\"@type\":\"ListItem\",\"position\":1,\"name\":\"Accueil\",\"item\":\"https:\\\/\\\/aazsolutions.ch\\\/de\\\/\"},{\"@type\":\"ListItem\",\"position\":2,\"name\":\"Shop\",\"item\":\"https:\\\/\\\/aazsolutions.ch\\\/de\\\/shop\\\/\"},{\"@type\":\"ListItem\",\"position\":3,\"name\":\"Klappbarer Duschsitz mit Hygieneausschnitt, Standard &amp; bariatrisch\"}]},{\"@type\":\"WebSite\",\"@id\":\"https:\\\/\\\/aazsolutions.ch\\\/de\\\/#website\",\"url\":\"https:\\\/\\\/aazsolutions.ch\\\/de\\\/\",\"name\":\"A\u00e0Zsolutions.ch\",\"description\":\"Des solutions adapt\u00e9es \u00e0 chaque difficult\u00e9!\",\"publisher\":{\"@id\":\"https:\\\/\\\/aazsolutions.ch\\\/de\\\/#organization\"},\"potentialAction\":[{\"@type\":\"SearchAction\",\"target\":{\"@type\":\"EntryPoint\",\"urlTemplate\":\"https:\\\/\\\/aazsolutions.ch\\\/de\\\/?s={search_term_string}\"},\"query-input\":{\"@type\":\"PropertyValueSpecification\",\"valueRequired\":true,\"valueName\":\"search_term_string\"}}],\"inLanguage\":\"de\"},{\"@type\":\"Organization\",\"@id\":\"https:\\\/\\\/aazsolutions.ch\\\/de\\\/#organization\",\"name\":\"A\u00e0Zsolutions SARL\",\"url\":\"https:\\\/\\\/aazsolutions.ch\\\/de\\\/\",\"logo\":{\"@type\":\"ImageObject\",\"inLanguage\":\"de\",\"@id\":\"https:\\\/\\\/aazsolutions.ch\\\/de\\\/#\\\/schema\\\/logo\\\/image\\\/\",\"url\":\"https:\\\/\\\/aazsolutions.ch\\\/wp-content\\\/uploads\\\/2016\\\/04\\\/AAZ_Logo_Solutions.jpg\",\"contentUrl\":\"https:\\\/\\\/aazsolutions.ch\\\/wp-content\\\/uploads\\\/2016\\\/04\\\/AAZ_Logo_Solutions.jpg\",\"width\":1500,\"height\":481,\"caption\":\"A\u00e0Zsolutions SARL\"},\"image\":{\"@id\":\"https:\\\/\\\/aazsolutions.ch\\\/de\\\/#\\\/schema\\\/logo\\\/image\\\/\"},\"sameAs\":[\"https:\\\/\\\/www.facebook.com\\\/aazsolutions.ch\\\/\",\"https:\\\/\\\/www.linkedin.com\\\/showcase\\\/aazsolutions\\\/\"]}]}<\/script>\n<meta property=\"og:availability\" content=\"instock\" \/>\n<meta property=\"product:availability\" content=\"instock\" \/>\n<meta property=\"product:retailer_item_id\" content=\"10179\" \/>\n<meta property=\"product:condition\" content=\"new\" \/>\n<!-- \/ Yoast SEO Premium plugin. -->","yoast_head_json":{"title":"Klappbarer Duschsitz mit Hygieneausschnitt, Standard & bariatrisch","description":"Der klappbare Duschsitz mit Hygieneausschnitt bietet sowohl Komfort als auch Praktikabilit\u00e4t. Investieren Sie in einen angenehmen und funktionalen Duschbereich! \ud83d\udec1","robots":{"index":"index","follow":"follow","max-snippet":"max-snippet:-1","max-image-preview":"max-image-preview:large","max-video-preview":"max-video-preview:-1"},"canonical":"https:\/\/aazsolutions.ch\/de\/produit\/klappbarer-duschsitz-mit-hygieneausschnitt-standard-bariatrisch\/","og_locale":"de_DE","og_type":"article","og_title":"Klappbarer Duschsitz mit Hygieneausschnitt, Standard &amp; bariatrisch","og_description":"Der klappbare Duschsitz mit Hygieneausschnitt bietet sowohl Komfort als auch Praktikabilit\u00e4t. Investieren Sie in einen angenehmen und funktionalen Duschbereich! \ud83d\udec1","og_url":"https:\/\/aazsolutions.ch\/de\/produit\/klappbarer-duschsitz-mit-hygieneausschnitt-standard-bariatrisch\/","og_site_name":"A\u00e0Zsolutions.ch","article_publisher":"https:\/\/www.facebook.com\/aazsolutions.ch\/","og_image":[{"width":1120,"height":1120,"url":"https:\/\/aazsolutions.ch\/wp-content\/uploads\/2025\/03\/10136-1.jpg","type":"image\/jpeg"}],"twitter_card":"summary_large_image","twitter_misc":{"Verf\u00fcgbarkeit":"Auf Lager"},"schema":{"@context":"https:\/\/schema.org","@graph":[{"@type":"WebPage","@id":"https:\/\/aazsolutions.ch\/de\/produit\/klappbarer-duschsitz-mit-hygieneausschnitt-standard-bariatrisch\/","url":"https:\/\/aazsolutions.ch\/de\/produit\/klappbarer-duschsitz-mit-hygieneausschnitt-standard-bariatrisch\/","name":"Klappbarer Duschsitz mit Hygieneausschnitt, Standard & bariatrisch","isPartOf":{"@id":"https:\/\/aazsolutions.ch\/de\/#website"},"primaryImageOfPage":{"@id":"https:\/\/aazsolutions.ch\/de\/produit\/klappbarer-duschsitz-mit-hygieneausschnitt-standard-bariatrisch\/#primaryimage"},"image":{"@id":"https:\/\/aazsolutions.ch\/de\/produit\/klappbarer-duschsitz-mit-hygieneausschnitt-standard-bariatrisch\/#primaryimage"},"thumbnailUrl":"https:\/\/aazsolutions.ch\/wp-content\/uploads\/2025\/03\/10136-1.jpg","datePublished":"2026-04-03T17:19:39+00:00","description":"Der klappbare Duschsitz mit Hygieneausschnitt bietet sowohl Komfort als auch Praktikabilit\u00e4t. Investieren Sie in einen angenehmen und funktionalen Duschbereich! \ud83d\udec1","breadcrumb":{"@id":"https:\/\/aazsolutions.ch\/de\/produit\/klappbarer-duschsitz-mit-hygieneausschnitt-standard-bariatrisch\/#breadcrumb"},"inLanguage":"de","potentialAction":[{"@type":"ReadAction","target":["https:\/\/aazsolutions.ch\/de\/produit\/klappbarer-duschsitz-mit-hygieneausschnitt-standard-bariatrisch\/"]}]},{"@type":"ImageObject","inLanguage":"de","@id":"https:\/\/aazsolutions.ch\/de\/produit\/klappbarer-duschsitz-mit-hygieneausschnitt-standard-bariatrisch\/#primaryimage","url":"https:\/\/aazsolutions.ch\/wp-content\/uploads\/2025\/03\/10136-1.jpg","contentUrl":"https:\/\/aazsolutions.ch\/wp-content\/uploads\/2025\/03\/10136-1.jpg","width":1120,"height":1120,"caption":"Si\u00e8ge de douche rabattable avec d\u00e9coupe intime en aluminium"},{"@type":"BreadcrumbList","@id":"https:\/\/aazsolutions.ch\/de\/produit\/klappbarer-duschsitz-mit-hygieneausschnitt-standard-bariatrisch\/#breadcrumb","itemListElement":[{"@type":"ListItem","position":1,"name":"Accueil","item":"https:\/\/aazsolutions.ch\/de\/"},{"@type":"ListItem","position":2,"name":"Shop","item":"https:\/\/aazsolutions.ch\/de\/shop\/"},{"@type":"ListItem","position":3,"name":"Klappbarer Duschsitz mit Hygieneausschnitt, Standard &amp; bariatrisch"}]},{"@type":"WebSite","@id":"https:\/\/aazsolutions.ch\/de\/#website","url":"https:\/\/aazsolutions.ch\/de\/","name":"A\u00e0Zsolutions.ch","description":"Des solutions adapt\u00e9es \u00e0 chaque difficult\u00e9!","publisher":{"@id":"https:\/\/aazsolutions.ch\/de\/#organization"},"potentialAction":[{"@type":"SearchAction","target":{"@type":"EntryPoint","urlTemplate":"https:\/\/aazsolutions.ch\/de\/?s={search_term_string}"},"query-input":{"@type":"PropertyValueSpecification","valueRequired":true,"valueName":"search_term_string"}}],"inLanguage":"de"},{"@type":"Organization","@id":"https:\/\/aazsolutions.ch\/de\/#organization","name":"A\u00e0Zsolutions SARL","url":"https:\/\/aazsolutions.ch\/de\/","logo":{"@type":"ImageObject","inLanguage":"de","@id":"https:\/\/aazsolutions.ch\/de\/#\/schema\/logo\/image\/","url":"https:\/\/aazsolutions.ch\/wp-content\/uploads\/2016\/04\/AAZ_Logo_Solutions.jpg","contentUrl":"https:\/\/aazsolutions.ch\/wp-content\/uploads\/2016\/04\/AAZ_Logo_Solutions.jpg","width":1500,"height":481,"caption":"A\u00e0Zsolutions SARL"},"image":{"@id":"https:\/\/aazsolutions.ch\/de\/#\/schema\/logo\/image\/"},"sameAs":["https:\/\/www.facebook.com\/aazsolutions.ch\/","https:\/\/www.linkedin.com\/showcase\/aazsolutions\/"]}]},"og_availability":"instock","product_availability":"instock","product_retailer_item_id":"10179","product_condition":"new"},"_links":{"self":[{"href":"https:\/\/aazsolutions.ch\/de\/wp-json\/wp\/v2\/product\/34408","targetHints":{"allow":["GET"]}}],"collection":[{"href":"https:\/\/aazsolutions.ch\/de\/wp-json\/wp\/v2\/product"}],"about":[{"href":"https:\/\/aazsolutions.ch\/de\/wp-json\/wp\/v2\/types\/product"}],"replies":[{"embeddable":true,"href":"https:\/\/aazsolutions.ch\/de\/wp-json\/wp\/v2\/comments?post=34408"}],"wp:featuredmedia":[{"embeddable":true,"href":"https:\/\/aazsolutions.ch\/de\/wp-json\/wp\/v2\/media\/31519"}],"wp:attachment":[{"href":"https:\/\/aazsolutions.ch\/de\/wp-json\/wp\/v2\/media?parent=34408"}],"wp:term":[{"taxonomy":"product_brand","embeddable":true,"href":"https:\/\/aazsolutions.ch\/de\/wp-json\/wp\/v2\/product_brand?post=34408"},{"taxonomy":"product_cat","embeddable":true,"href":"https:\/\/aazsolutions.ch\/de\/wp-json\/wp\/v2\/product_cat?post=34408"},{"taxonomy":"product_tag","embeddable":true,"href":"https:\/\/aazsolutions.ch\/de\/wp-json\/wp\/v2\/product_tag?post=34408"}],"curies":[{"name":"wp","href":"https:\/\/api.w.org\/{rel}","templated":true}]}}