{"id":34422,"date":"2026-04-03T21:42:25","date_gmt":"2026-04-03T20:42:25","guid":{"rendered":"https:\/\/aazsolutions.ch\/produit\/sesselerhoehung-langham-4er-set\/"},"modified":"2026-04-03T21:42:25","modified_gmt":"2026-04-03T20:42:25","slug":"sesselerhoehung-langham-4er-set","status":"publish","type":"product","link":"https:\/\/aazsolutions.ch\/de\/produit\/sesselerhoehung-langham-4er-set\/","title":{"rendered":"Sesselerh\u00f6hung Langham (4er-Set)"},"content":{"rendered":"<h2>Sesselerh\u00f6hung Langham (4er-Set) \u2013 Stabilit\u00e4t und Zug\u00e4nglichkeit<\/h2>\n<p><span dir=\"auto\"><strong>Der originale verstellbare Langham Sesselerh\u00f6her<\/strong> ist f\u00fcr Kamin- oder Ohrensessel konzipiert und wurde seit Jahrzehnten von Ergotherapeuten getestet und zugelassen.<\/span><\/p>\n<p><span dir=\"auto\">Das Gelenkdesign gew\u00e4hrleistet optimale Stabilit\u00e4t, und das Produkt wird komplett montiert in einer einfach zu installierenden Verpackung geliefert. Der Auflagepunkt befindet sich am Boden der Vertiefung, wodurch er ideal f\u00fcr d\u00fcnne Beine ist. Der obere Teil tr\u00e4gt keine Last.<\/span><\/p>\n<p><span dir=\"auto\">H\u00f6henverstellbare Einlegebl\u00f6cke sind im Lieferumfang enthalten, um die Hubh\u00f6he je nach Benutzerbed\u00fcrfnissen um 2 bis 4 Zoll (5 bis 10 cm) zu \u00e4ndern.<\/span><\/p>\n<h3>\u2705 Hauptmerkmale:<\/h3>\n<ul>\n<li><strong>4er-Set:<\/strong> Erm\u00f6glicht die Verbindung jedes Stuhlbeins.<\/li>\n<li><strong>Anpassbar:<\/strong> Geeignet f\u00fcr runde und eckige Beine.<\/li>\n<li><strong>Einfache Installation:<\/strong> Unter die Beine schieben, ohne Werkzeug oder Besch\u00e4digung.<\/li>\n<li><strong>H\u00f6he:<\/strong> Erh\u00f6ht um 5 bis 10 cm dank der im Set enthaltenen Keile.<\/li>\n<li><strong>Komfort und Sicherheit:<\/strong> Verbessert die Zug\u00e4nglichkeit und beugt St\u00fcrzen vor.<\/li>\n<\/ul>\n<p>Dieser <strong>Sesselerh\u00f6her<\/strong> bietet eine elegante und zuverl\u00e4ssige L\u00f6sung, um die H\u00f6he Ihrer St\u00fchle sicher zu erh\u00f6hen.<\/p>\n<h3>Bestellen Sie jetzt Ihr <strong>Langham Sesselerh\u00f6her (4er-Set)<\/strong> f\u00fcr mehr Stabilit\u00e4t und Autonomie!<\/h3>\n","protected":false},"excerpt":{"rendered":"<h2>Spezifikationen<\/h2>\n<p><strong><span dir=\"auto\">Dieser Erh\u00f6her ist nicht f\u00fcr Esszimmerst\u00fchle geeignet.<\/span><\/strong><\/p>\n<p><strong><span dir=\"auto\">Abmessungen:<\/span><\/strong><\/p>\n<ul>\n<li><span dir=\"auto\">Produkt: 120 x 110 x 150 mm (4,75 x 4,5 x 6 Zoll)<\/span><\/li>\n<li>Erh\u00f6ht den Sessel um 5 bis 10 cm<\/li>\n<li><span dir=\"auto\">Maximaler Platzbedarf des Stuhls: 790 x 690 mm (31 x 27 Zoll)<\/span><\/li>\n<li><span dir=\"auto\">Maximale Beinabmessungen: 64 x 76 mm (2,5 x 3 Zoll)<\/span><\/li>\n<\/ul>\n<p>Maximal zul\u00e4ssiges Gewicht: 500 kg \/ 78 Stones \/ 1100 lbs<\/p>\n","protected":false},"featured_media":33203,"comment_status":"closed","ping_status":"closed","template":"","meta":{"_et_pb_use_builder":"","_et_pb_old_content":"","_et_gb_content_width":"","inline_featured_image":false},"product_brand":[],"product_cat":[1227,1251],"product_tag":[],"class_list":{"0":"post-34422","1":"product","2":"type-product","3":"status-publish","4":"has-post-thumbnail","6":"product_cat-3-ruhe","7":"product_cat-mobelerhoher","8":"product_shipping_class-a","10":"first","11":"instock","12":"featured","13":"taxable","14":"shipping-taxable","15":"purchasable","16":"product-type-simple"},"yoast_head":"<!-- This site is optimized with the Yoast SEO Premium plugin v27.2 (Yoast SEO v27.5) - https:\/\/yoast.com\/product\/yoast-seo-premium-wordpress\/ -->\n<title>Sesselerh\u00f6hung (4er-Set) \u2013 Stabilit\u00e4t und Zug\u00e4nglichkeit<\/title>\n<meta name=\"description\" content=\"Sesselerh\u00f6hung (4er-Set). Geeignet f\u00fcr runde oder eckige Beine, verbessert er die Sicherheit und Zug\u00e4nglichkeit Ihrer Kamin- oder Ohrensessel.\" \/>\n<meta name=\"robots\" content=\"index, follow, max-snippet:-1, max-image-preview:large, max-video-preview:-1\" \/>\n<link rel=\"canonical\" href=\"https:\/\/aazsolutions.ch\/de\/produit\/sesselerhoehung-langham-4er-set\/\" \/>\n<meta property=\"og:locale\" content=\"de_DE\" \/>\n<meta property=\"og:type\" content=\"article\" \/>\n<meta property=\"og:title\" content=\"Sesselerh\u00f6hung Langham (4er-Set)\" \/>\n<meta property=\"og:description\" content=\"Sesselerh\u00f6hung (4er-Set). Geeignet f\u00fcr runde oder eckige Beine, verbessert er die Sicherheit und Zug\u00e4nglichkeit Ihrer Kamin- oder Ohrensessel.\" \/>\n<meta property=\"og:url\" content=\"https:\/\/aazsolutions.ch\/de\/produit\/sesselerhoehung-langham-4er-set\/\" \/>\n<meta property=\"og:site_name\" content=\"A\u00e0Zsolutions.ch\" \/>\n<meta property=\"article:publisher\" content=\"https:\/\/www.facebook.com\/aazsolutions.ch\/\" \/>\n<meta property=\"og:image\" content=\"https:\/\/aazsolutions.ch\/wp-content\/uploads\/2026\/04\/BE9ACEA0-3E67-499C-A959-8E036654DC81.png\" \/>\n\t<meta property=\"og:image:width\" content=\"1746\" \/>\n\t<meta property=\"og:image:height\" content=\"1404\" \/>\n\t<meta property=\"og:image:type\" content=\"image\/png\" \/>\n<meta name=\"twitter:card\" content=\"summary_large_image\" \/>\n<meta name=\"twitter:label1\" content=\"Preis\" \/>\n\t<meta name=\"twitter:data1\" content=\"89.00&nbsp;&#067;&#072;&#070; TVA incluse\" \/>\n\t<meta name=\"twitter:label2\" content=\"Verf\u00fcgbarkeit\" \/>\n\t<meta name=\"twitter:data2\" content=\"Auf Lager\" \/>\n<script type=\"application\/ld+json\" class=\"yoast-schema-graph\">{\"@context\":\"https:\\\/\\\/schema.org\",\"@graph\":[{\"@type\":\"WebPage\",\"@id\":\"https:\\\/\\\/aazsolutions.ch\\\/de\\\/produit\\\/sesselerhoehung-langham-4er-set\\\/\",\"url\":\"https:\\\/\\\/aazsolutions.ch\\\/de\\\/produit\\\/sesselerhoehung-langham-4er-set\\\/\",\"name\":\"Sesselerh\u00f6hung (4er-Set) \u2013 Stabilit\u00e4t und Zug\u00e4nglichkeit\",\"isPartOf\":{\"@id\":\"https:\\\/\\\/aazsolutions.ch\\\/de\\\/#website\"},\"primaryImageOfPage\":{\"@id\":\"https:\\\/\\\/aazsolutions.ch\\\/de\\\/produit\\\/sesselerhoehung-langham-4er-set\\\/#primaryimage\"},\"image\":{\"@id\":\"https:\\\/\\\/aazsolutions.ch\\\/de\\\/produit\\\/sesselerhoehung-langham-4er-set\\\/#primaryimage\"},\"thumbnailUrl\":\"https:\\\/\\\/aazsolutions.ch\\\/wp-content\\\/uploads\\\/2026\\\/04\\\/BE9ACEA0-3E67-499C-A959-8E036654DC81.png\",\"datePublished\":\"2026-04-03T20:42:25+00:00\",\"description\":\"Sesselerh\u00f6hung (4er-Set). Geeignet f\u00fcr runde oder eckige Beine, verbessert er die Sicherheit und Zug\u00e4nglichkeit Ihrer Kamin- oder Ohrensessel.\",\"breadcrumb\":{\"@id\":\"https:\\\/\\\/aazsolutions.ch\\\/de\\\/produit\\\/sesselerhoehung-langham-4er-set\\\/#breadcrumb\"},\"inLanguage\":\"de\",\"potentialAction\":[{\"@type\":\"ReadAction\",\"target\":[\"https:\\\/\\\/aazsolutions.ch\\\/de\\\/produit\\\/sesselerhoehung-langham-4er-set\\\/\"]}]},{\"@type\":\"ImageObject\",\"inLanguage\":\"de\",\"@id\":\"https:\\\/\\\/aazsolutions.ch\\\/de\\\/produit\\\/sesselerhoehung-langham-4er-set\\\/#primaryimage\",\"url\":\"https:\\\/\\\/aazsolutions.ch\\\/wp-content\\\/uploads\\\/2026\\\/04\\\/BE9ACEA0-3E67-499C-A959-8E036654DC81.png\",\"contentUrl\":\"https:\\\/\\\/aazsolutions.ch\\\/wp-content\\\/uploads\\\/2026\\\/04\\\/BE9ACEA0-3E67-499C-A959-8E036654DC81.png\",\"width\":1746,\"height\":1404},{\"@type\":\"BreadcrumbList\",\"@id\":\"https:\\\/\\\/aazsolutions.ch\\\/de\\\/produit\\\/sesselerhoehung-langham-4er-set\\\/#breadcrumb\",\"itemListElement\":[{\"@type\":\"ListItem\",\"position\":1,\"name\":\"Accueil\",\"item\":\"https:\\\/\\\/aazsolutions.ch\\\/de\\\/\"},{\"@type\":\"ListItem\",\"position\":2,\"name\":\"Shop\",\"item\":\"https:\\\/\\\/aazsolutions.ch\\\/de\\\/shop\\\/\"},{\"@type\":\"ListItem\",\"position\":3,\"name\":\"Sesselerh\u00f6hung Langham (4er-Set)\"}]},{\"@type\":\"WebSite\",\"@id\":\"https:\\\/\\\/aazsolutions.ch\\\/de\\\/#website\",\"url\":\"https:\\\/\\\/aazsolutions.ch\\\/de\\\/\",\"name\":\"A\u00e0Zsolutions.ch\",\"description\":\"Des solutions adapt\u00e9es \u00e0 chaque difficult\u00e9!\",\"publisher\":{\"@id\":\"https:\\\/\\\/aazsolutions.ch\\\/de\\\/#organization\"},\"potentialAction\":[{\"@type\":\"SearchAction\",\"target\":{\"@type\":\"EntryPoint\",\"urlTemplate\":\"https:\\\/\\\/aazsolutions.ch\\\/de\\\/?s={search_term_string}\"},\"query-input\":{\"@type\":\"PropertyValueSpecification\",\"valueRequired\":true,\"valueName\":\"search_term_string\"}}],\"inLanguage\":\"de\"},{\"@type\":\"Organization\",\"@id\":\"https:\\\/\\\/aazsolutions.ch\\\/de\\\/#organization\",\"name\":\"A\u00e0Zsolutions SARL\",\"url\":\"https:\\\/\\\/aazsolutions.ch\\\/de\\\/\",\"logo\":{\"@type\":\"ImageObject\",\"inLanguage\":\"de\",\"@id\":\"https:\\\/\\\/aazsolutions.ch\\\/de\\\/#\\\/schema\\\/logo\\\/image\\\/\",\"url\":\"https:\\\/\\\/aazsolutions.ch\\\/wp-content\\\/uploads\\\/2016\\\/04\\\/AAZ_Logo_Solutions.jpg\",\"contentUrl\":\"https:\\\/\\\/aazsolutions.ch\\\/wp-content\\\/uploads\\\/2016\\\/04\\\/AAZ_Logo_Solutions.jpg\",\"width\":1500,\"height\":481,\"caption\":\"A\u00e0Zsolutions SARL\"},\"image\":{\"@id\":\"https:\\\/\\\/aazsolutions.ch\\\/de\\\/#\\\/schema\\\/logo\\\/image\\\/\"},\"sameAs\":[\"https:\\\/\\\/www.facebook.com\\\/aazsolutions.ch\\\/\",\"https:\\\/\\\/www.linkedin.com\\\/showcase\\\/aazsolutions\\\/\"]}]}<\/script>\n<meta property=\"product:price:amount\" content=\"89.00\" \/>\n<meta property=\"product:price:currency\" content=\"CHF\" \/>\n<meta property=\"og:availability\" content=\"instock\" \/>\n<meta property=\"product:availability\" content=\"instock\" \/>\n<meta property=\"product:retailer_item_id\" content=\"30067\" \/>\n<meta property=\"product:condition\" content=\"new\" \/>\n<!-- \/ Yoast SEO Premium plugin. -->","yoast_head_json":{"title":"Sesselerh\u00f6hung (4er-Set) \u2013 Stabilit\u00e4t und Zug\u00e4nglichkeit","description":"Sesselerh\u00f6hung (4er-Set). Geeignet f\u00fcr runde oder eckige Beine, verbessert er die Sicherheit und Zug\u00e4nglichkeit Ihrer Kamin- oder Ohrensessel.","robots":{"index":"index","follow":"follow","max-snippet":"max-snippet:-1","max-image-preview":"max-image-preview:large","max-video-preview":"max-video-preview:-1"},"canonical":"https:\/\/aazsolutions.ch\/de\/produit\/sesselerhoehung-langham-4er-set\/","og_locale":"de_DE","og_type":"article","og_title":"Sesselerh\u00f6hung Langham (4er-Set)","og_description":"Sesselerh\u00f6hung (4er-Set). Geeignet f\u00fcr runde oder eckige Beine, verbessert er die Sicherheit und Zug\u00e4nglichkeit Ihrer Kamin- oder Ohrensessel.","og_url":"https:\/\/aazsolutions.ch\/de\/produit\/sesselerhoehung-langham-4er-set\/","og_site_name":"A\u00e0Zsolutions.ch","article_publisher":"https:\/\/www.facebook.com\/aazsolutions.ch\/","og_image":[{"width":1746,"height":1404,"url":"https:\/\/aazsolutions.ch\/wp-content\/uploads\/2026\/04\/BE9ACEA0-3E67-499C-A959-8E036654DC81.png","type":"image\/png"}],"twitter_card":"summary_large_image","twitter_misc":{"Preis":"89.00&nbsp;&#67;&#72;&#70; TVA incluse","Verf\u00fcgbarkeit":"Auf Lager"},"schema":{"@context":"https:\/\/schema.org","@graph":[{"@type":"WebPage","@id":"https:\/\/aazsolutions.ch\/de\/produit\/sesselerhoehung-langham-4er-set\/","url":"https:\/\/aazsolutions.ch\/de\/produit\/sesselerhoehung-langham-4er-set\/","name":"Sesselerh\u00f6hung (4er-Set) \u2013 Stabilit\u00e4t und Zug\u00e4nglichkeit","isPartOf":{"@id":"https:\/\/aazsolutions.ch\/de\/#website"},"primaryImageOfPage":{"@id":"https:\/\/aazsolutions.ch\/de\/produit\/sesselerhoehung-langham-4er-set\/#primaryimage"},"image":{"@id":"https:\/\/aazsolutions.ch\/de\/produit\/sesselerhoehung-langham-4er-set\/#primaryimage"},"thumbnailUrl":"https:\/\/aazsolutions.ch\/wp-content\/uploads\/2026\/04\/BE9ACEA0-3E67-499C-A959-8E036654DC81.png","datePublished":"2026-04-03T20:42:25+00:00","description":"Sesselerh\u00f6hung (4er-Set). Geeignet f\u00fcr runde oder eckige Beine, verbessert er die Sicherheit und Zug\u00e4nglichkeit Ihrer Kamin- oder Ohrensessel.","breadcrumb":{"@id":"https:\/\/aazsolutions.ch\/de\/produit\/sesselerhoehung-langham-4er-set\/#breadcrumb"},"inLanguage":"de","potentialAction":[{"@type":"ReadAction","target":["https:\/\/aazsolutions.ch\/de\/produit\/sesselerhoehung-langham-4er-set\/"]}]},{"@type":"ImageObject","inLanguage":"de","@id":"https:\/\/aazsolutions.ch\/de\/produit\/sesselerhoehung-langham-4er-set\/#primaryimage","url":"https:\/\/aazsolutions.ch\/wp-content\/uploads\/2026\/04\/BE9ACEA0-3E67-499C-A959-8E036654DC81.png","contentUrl":"https:\/\/aazsolutions.ch\/wp-content\/uploads\/2026\/04\/BE9ACEA0-3E67-499C-A959-8E036654DC81.png","width":1746,"height":1404},{"@type":"BreadcrumbList","@id":"https:\/\/aazsolutions.ch\/de\/produit\/sesselerhoehung-langham-4er-set\/#breadcrumb","itemListElement":[{"@type":"ListItem","position":1,"name":"Accueil","item":"https:\/\/aazsolutions.ch\/de\/"},{"@type":"ListItem","position":2,"name":"Shop","item":"https:\/\/aazsolutions.ch\/de\/shop\/"},{"@type":"ListItem","position":3,"name":"Sesselerh\u00f6hung Langham (4er-Set)"}]},{"@type":"WebSite","@id":"https:\/\/aazsolutions.ch\/de\/#website","url":"https:\/\/aazsolutions.ch\/de\/","name":"A\u00e0Zsolutions.ch","description":"Des solutions adapt\u00e9es \u00e0 chaque difficult\u00e9!","publisher":{"@id":"https:\/\/aazsolutions.ch\/de\/#organization"},"potentialAction":[{"@type":"SearchAction","target":{"@type":"EntryPoint","urlTemplate":"https:\/\/aazsolutions.ch\/de\/?s={search_term_string}"},"query-input":{"@type":"PropertyValueSpecification","valueRequired":true,"valueName":"search_term_string"}}],"inLanguage":"de"},{"@type":"Organization","@id":"https:\/\/aazsolutions.ch\/de\/#organization","name":"A\u00e0Zsolutions SARL","url":"https:\/\/aazsolutions.ch\/de\/","logo":{"@type":"ImageObject","inLanguage":"de","@id":"https:\/\/aazsolutions.ch\/de\/#\/schema\/logo\/image\/","url":"https:\/\/aazsolutions.ch\/wp-content\/uploads\/2016\/04\/AAZ_Logo_Solutions.jpg","contentUrl":"https:\/\/aazsolutions.ch\/wp-content\/uploads\/2016\/04\/AAZ_Logo_Solutions.jpg","width":1500,"height":481,"caption":"A\u00e0Zsolutions SARL"},"image":{"@id":"https:\/\/aazsolutions.ch\/de\/#\/schema\/logo\/image\/"},"sameAs":["https:\/\/www.facebook.com\/aazsolutions.ch\/","https:\/\/www.linkedin.com\/showcase\/aazsolutions\/"]}]},"product_price_amount":"89.00","product_price_currency":"CHF","og_availability":"instock","product_availability":"instock","product_retailer_item_id":"30067","product_condition":"new"},"_links":{"self":[{"href":"https:\/\/aazsolutions.ch\/de\/wp-json\/wp\/v2\/product\/34422","targetHints":{"allow":["GET"]}}],"collection":[{"href":"https:\/\/aazsolutions.ch\/de\/wp-json\/wp\/v2\/product"}],"about":[{"href":"https:\/\/aazsolutions.ch\/de\/wp-json\/wp\/v2\/types\/product"}],"replies":[{"embeddable":true,"href":"https:\/\/aazsolutions.ch\/de\/wp-json\/wp\/v2\/comments?post=34422"}],"wp:featuredmedia":[{"embeddable":true,"href":"https:\/\/aazsolutions.ch\/de\/wp-json\/wp\/v2\/media\/33203"}],"wp:attachment":[{"href":"https:\/\/aazsolutions.ch\/de\/wp-json\/wp\/v2\/media?parent=34422"}],"wp:term":[{"taxonomy":"product_brand","embeddable":true,"href":"https:\/\/aazsolutions.ch\/de\/wp-json\/wp\/v2\/product_brand?post=34422"},{"taxonomy":"product_cat","embeddable":true,"href":"https:\/\/aazsolutions.ch\/de\/wp-json\/wp\/v2\/product_cat?post=34422"},{"taxonomy":"product_tag","embeddable":true,"href":"https:\/\/aazsolutions.ch\/de\/wp-json\/wp\/v2\/product_tag?post=34422"}],"curies":[{"name":"wp","href":"https:\/\/api.w.org\/{rel}","templated":true}]}}