{"id":34426,"date":"2026-04-03T20:54:33","date_gmt":"2026-04-03T19:54:33","guid":{"rendered":"https:\/\/aazsolutions.ch\/produit\/moebel-und-sessel-erhoeher-verstellbar-langham-suregrip\/"},"modified":"2026-04-03T20:54:33","modified_gmt":"2026-04-03T19:54:33","slug":"moebel-und-sessel-erhoeher-verstellbar-langham-suregrip","status":"publish","type":"product","link":"https:\/\/aazsolutions.ch\/de\/produit\/moebel-und-sessel-erhoeher-verstellbar-langham-suregrip\/","title":{"rendered":"M\u00f6bel- und Sessel-Erh\u00f6her, verstellbar (Langham Suregrip)"},"content":{"rendered":"<h2>M\u00f6bel- oder Sessel-Erh\u00f6her, verstellbar (Set) \u2013 Stabilit\u00e4t und Barrierefreiheit<\/h2>\n<p><strong>Der Langham Suregrip M\u00f6belerh\u00f6her (4er-Set)<\/strong> wurde entwickelt, um das Anheben von M\u00f6beln maximal zu vereinfachen und das Einsteigen, Aufstehen und Sitzen zu erleichtern. <span dir=\"auto\">Dank der mitgelieferten Klebeadapter kann er Rollen, F\u00fc\u00dfe, massive Sofab\u00f6den und sogar moderne Blockf\u00fc\u00dfe aufnehmen.<\/span> <\/p>\n<p>Er passt sich auch an Sessel an, indem ein Haltestangen-Set + eine Befestigungsstange hinzugef\u00fcgt wird.<\/p>\n<p><span dir=\"auto\">Jeder Langham SureGrip verf\u00fcgt \u00fcber einen einzigartigen Doppelgriff, der die M\u00f6bel fest h\u00e4lt, ohne sie zu besch\u00e4digen.<\/span><\/p>\n<p><span dir=\"auto\">Die H\u00f6he des Erh\u00f6hers l\u00e4sst sich durch einfaches Drehen in Sekundenschnelle einstellen. Die genaue H\u00f6he wird w\u00e4hrend der Einstellung seitlich am Erh\u00f6her im Sichtfenster angezeigt. <\/span><\/p>\n<h3>\u2705 Hauptmerkmale:<\/h3>\n<ul>\n<li><strong>4er-Set<\/strong>: F\u00fcr jede Ecke des M\u00f6bels oder Bettes.<\/li>\n<li><strong>Anpassbar<\/strong>: Geeignet f\u00fcr runde und eckige F\u00fc\u00dfe, mit Rollen.<\/li>\n<li><strong>Innen rutschfest<\/strong>: Haftende Oberfl\u00e4che f\u00fcr sicheren Halt.<\/li>\n<li><strong>Einfache Installation<\/strong>: Ohne Werkzeug oder Besch\u00e4digung unter die F\u00fc\u00dfe schieben.<\/li>\n<li><strong>Komfort und Sicherheit<\/strong>: Verbessert die Zug\u00e4nglichkeit und beugt St\u00fcrzen vor.<\/li>\n<\/ul>\n<p>Dieser <strong>M\u00f6belerh\u00f6her<\/strong> bietet eine elegante und zuverl\u00e4ssige L\u00f6sung, um die H\u00f6he Ihrer M\u00f6bel sicher zu erh\u00f6hen.<\/p>\n<h3>Bestellen Sie jetzt Ihren <strong>verstellbaren Langham Suregrip M\u00f6belerh\u00f6her (4er-Set)<\/strong> f\u00fcr mehr Stabilit\u00e4t und Autonomie!<\/h3>\n","protected":false},"excerpt":{"rendered":"<h2>Spezifikationen<\/h2>\n<p><strong><span dir=\"auto\">Dieser Erh\u00f6her ist nicht f\u00fcr Esszimmerst\u00fchle geeignet.<\/span><\/strong><\/p>\n<p><span dir=\"auto\">Das Ger\u00e4t l\u00e4sst sich drehen, um einen variablen H\u00f6henbereich zu bieten, wie auf der Produktseite angegeben:<\/span><\/p>\n<ul>\n<li><span dir=\"auto\">Ca. 3,8 bis 10 cm (1,5 bis 4 Zoll), f\u00fcr M\u00f6bel mit einer maximalen Fu\u00dfst\u00e4rke von 7 cm (2 \u00be Zoll).<\/span><\/li>\n<li><span dir=\"auto\">Ca. 7,5 bis 14 cm (3 bis 5,5 Zoll), f\u00fcr M\u00f6bel mit Rollen.<\/span><\/li>\n<li><span dir=\"auto\">Ca. 10 bis 16,5 cm (4 bis 6,5 Zoll), f\u00fcr M\u00f6bel mit Blockf\u00fc\u00dfen oder massivem Unterbau.<\/span><\/li>\n<\/ul>\n<p><strong><span dir=\"auto\">Ideal f\u00fcr:<\/span><\/strong><\/p>\n<ul>\n<li><span dir=\"auto\">Sofas, Betten, Tische, Schreibtische, Sessel<\/span><\/li>\n<\/ul>\n<p><strong><span dir=\"auto\">Maximal zul\u00e4ssiges Gewicht:<\/span><\/strong><span dir=\"auto\"> 700 kg \/ 110 stones \/ 1540 lbs (inkl. M\u00f6bel)<\/span><\/p>\n<p>&nbsp;<\/p>\n","protected":false},"featured_media":33202,"comment_status":"closed","ping_status":"closed","template":"","meta":{"_et_pb_use_builder":"","_et_pb_old_content":"","_et_gb_content_width":"","inline_featured_image":false},"product_brand":[],"product_cat":[1227,1251],"product_tag":[],"class_list":{"0":"post-34426","1":"product","2":"type-product","3":"status-publish","4":"has-post-thumbnail","6":"product_cat-3-ruhe","7":"product_cat-mobelerhoher","8":"product_shipping_class-a","10":"first","11":"instock","12":"featured","13":"taxable","14":"shipping-taxable","15":"purchasable","16":"product-type-variable"},"yoast_head":"<!-- This site is optimized with the Yoast SEO Premium plugin v27.2 (Yoast SEO v27.5) - https:\/\/yoast.com\/product\/yoast-seo-premium-wordpress\/ -->\n<title>M\u00f6belerh\u00f6her f\u00fcr Sessel, verstellbar (4er-Set) \u2013 Barrierefreiheit<\/title>\n<meta name=\"description\" content=\"Quadratischer M\u00f6belerh\u00f6her (4-teiliges Set), innen rutschfest. Geeignet f\u00fcr runde oder eckige F\u00fc\u00dfe, verbessert er die Sicherheit und Zug\u00e4nglichkeit von M\u00f6beln.\" \/>\n<meta name=\"robots\" content=\"index, follow, max-snippet:-1, max-image-preview:large, max-video-preview:-1\" \/>\n<link rel=\"canonical\" href=\"https:\/\/aazsolutions.ch\/de\/produit\/moebel-und-sessel-erhoeher-verstellbar-langham-suregrip\/\" \/>\n<meta property=\"og:locale\" content=\"de_DE\" \/>\n<meta property=\"og:type\" content=\"article\" \/>\n<meta property=\"og:title\" content=\"M\u00f6bel- und Sessel-Erh\u00f6her, verstellbar (Langham Suregrip)\" \/>\n<meta property=\"og:description\" content=\"Quadratischer M\u00f6belerh\u00f6her (4-teiliges Set), innen rutschfest. Geeignet f\u00fcr runde oder eckige F\u00fc\u00dfe, verbessert er die Sicherheit und Zug\u00e4nglichkeit von M\u00f6beln.\" \/>\n<meta property=\"og:url\" content=\"https:\/\/aazsolutions.ch\/de\/produit\/moebel-und-sessel-erhoeher-verstellbar-langham-suregrip\/\" \/>\n<meta property=\"og:site_name\" content=\"A\u00e0Zsolutions.ch\" \/>\n<meta property=\"article:publisher\" content=\"https:\/\/www.facebook.com\/aazsolutions.ch\/\" \/>\n<meta property=\"og:image\" content=\"https:\/\/aazsolutions.ch\/wp-content\/uploads\/2026\/04\/09ACCF0C-7D9A-4B10-8DC8-F95734C6A004.png\" \/>\n\t<meta property=\"og:image:width\" content=\"1784\" \/>\n\t<meta property=\"og:image:height\" content=\"1198\" \/>\n\t<meta property=\"og:image:type\" content=\"image\/png\" \/>\n<meta name=\"twitter:card\" content=\"summary_large_image\" \/>\n<meta name=\"twitter:label1\" content=\"Verf\u00fcgbarkeit\" \/>\n\t<meta name=\"twitter:data1\" content=\"Auf Lager\" \/>\n<script type=\"application\/ld+json\" class=\"yoast-schema-graph\">{\"@context\":\"https:\\\/\\\/schema.org\",\"@graph\":[{\"@type\":\"WebPage\",\"@id\":\"https:\\\/\\\/aazsolutions.ch\\\/de\\\/produit\\\/moebel-und-sessel-erhoeher-verstellbar-langham-suregrip\\\/\",\"url\":\"https:\\\/\\\/aazsolutions.ch\\\/de\\\/produit\\\/moebel-und-sessel-erhoeher-verstellbar-langham-suregrip\\\/\",\"name\":\"M\u00f6belerh\u00f6her f\u00fcr Sessel, verstellbar (4er-Set) \u2013 Barrierefreiheit\",\"isPartOf\":{\"@id\":\"https:\\\/\\\/aazsolutions.ch\\\/de\\\/#website\"},\"primaryImageOfPage\":{\"@id\":\"https:\\\/\\\/aazsolutions.ch\\\/de\\\/produit\\\/moebel-und-sessel-erhoeher-verstellbar-langham-suregrip\\\/#primaryimage\"},\"image\":{\"@id\":\"https:\\\/\\\/aazsolutions.ch\\\/de\\\/produit\\\/moebel-und-sessel-erhoeher-verstellbar-langham-suregrip\\\/#primaryimage\"},\"thumbnailUrl\":\"https:\\\/\\\/aazsolutions.ch\\\/wp-content\\\/uploads\\\/2026\\\/04\\\/09ACCF0C-7D9A-4B10-8DC8-F95734C6A004.png\",\"datePublished\":\"2026-04-03T19:54:33+00:00\",\"description\":\"Quadratischer M\u00f6belerh\u00f6her (4-teiliges Set), innen rutschfest. Geeignet f\u00fcr runde oder eckige F\u00fc\u00dfe, verbessert er die Sicherheit und Zug\u00e4nglichkeit von M\u00f6beln.\",\"breadcrumb\":{\"@id\":\"https:\\\/\\\/aazsolutions.ch\\\/de\\\/produit\\\/moebel-und-sessel-erhoeher-verstellbar-langham-suregrip\\\/#breadcrumb\"},\"inLanguage\":\"de\",\"potentialAction\":[{\"@type\":\"ReadAction\",\"target\":[\"https:\\\/\\\/aazsolutions.ch\\\/de\\\/produit\\\/moebel-und-sessel-erhoeher-verstellbar-langham-suregrip\\\/\"]}]},{\"@type\":\"ImageObject\",\"inLanguage\":\"de\",\"@id\":\"https:\\\/\\\/aazsolutions.ch\\\/de\\\/produit\\\/moebel-und-sessel-erhoeher-verstellbar-langham-suregrip\\\/#primaryimage\",\"url\":\"https:\\\/\\\/aazsolutions.ch\\\/wp-content\\\/uploads\\\/2026\\\/04\\\/09ACCF0C-7D9A-4B10-8DC8-F95734C6A004.png\",\"contentUrl\":\"https:\\\/\\\/aazsolutions.ch\\\/wp-content\\\/uploads\\\/2026\\\/04\\\/09ACCF0C-7D9A-4B10-8DC8-F95734C6A004.png\",\"width\":1784,\"height\":1198},{\"@type\":\"BreadcrumbList\",\"@id\":\"https:\\\/\\\/aazsolutions.ch\\\/de\\\/produit\\\/moebel-und-sessel-erhoeher-verstellbar-langham-suregrip\\\/#breadcrumb\",\"itemListElement\":[{\"@type\":\"ListItem\",\"position\":1,\"name\":\"Accueil\",\"item\":\"https:\\\/\\\/aazsolutions.ch\\\/de\\\/\"},{\"@type\":\"ListItem\",\"position\":2,\"name\":\"Shop\",\"item\":\"https:\\\/\\\/aazsolutions.ch\\\/de\\\/shop\\\/\"},{\"@type\":\"ListItem\",\"position\":3,\"name\":\"M\u00f6bel- und Sessel-Erh\u00f6her, verstellbar (Langham Suregrip)\"}]},{\"@type\":\"WebSite\",\"@id\":\"https:\\\/\\\/aazsolutions.ch\\\/de\\\/#website\",\"url\":\"https:\\\/\\\/aazsolutions.ch\\\/de\\\/\",\"name\":\"A\u00e0Zsolutions.ch\",\"description\":\"Des solutions adapt\u00e9es \u00e0 chaque difficult\u00e9!\",\"publisher\":{\"@id\":\"https:\\\/\\\/aazsolutions.ch\\\/de\\\/#organization\"},\"potentialAction\":[{\"@type\":\"SearchAction\",\"target\":{\"@type\":\"EntryPoint\",\"urlTemplate\":\"https:\\\/\\\/aazsolutions.ch\\\/de\\\/?s={search_term_string}\"},\"query-input\":{\"@type\":\"PropertyValueSpecification\",\"valueRequired\":true,\"valueName\":\"search_term_string\"}}],\"inLanguage\":\"de\"},{\"@type\":\"Organization\",\"@id\":\"https:\\\/\\\/aazsolutions.ch\\\/de\\\/#organization\",\"name\":\"A\u00e0Zsolutions SARL\",\"url\":\"https:\\\/\\\/aazsolutions.ch\\\/de\\\/\",\"logo\":{\"@type\":\"ImageObject\",\"inLanguage\":\"de\",\"@id\":\"https:\\\/\\\/aazsolutions.ch\\\/de\\\/#\\\/schema\\\/logo\\\/image\\\/\",\"url\":\"https:\\\/\\\/aazsolutions.ch\\\/wp-content\\\/uploads\\\/2016\\\/04\\\/AAZ_Logo_Solutions.jpg\",\"contentUrl\":\"https:\\\/\\\/aazsolutions.ch\\\/wp-content\\\/uploads\\\/2016\\\/04\\\/AAZ_Logo_Solutions.jpg\",\"width\":1500,\"height\":481,\"caption\":\"A\u00e0Zsolutions SARL\"},\"image\":{\"@id\":\"https:\\\/\\\/aazsolutions.ch\\\/de\\\/#\\\/schema\\\/logo\\\/image\\\/\"},\"sameAs\":[\"https:\\\/\\\/www.facebook.com\\\/aazsolutions.ch\\\/\",\"https:\\\/\\\/www.linkedin.com\\\/showcase\\\/aazsolutions\\\/\"]}]}<\/script>\n<meta property=\"og:availability\" content=\"instock\" \/>\n<meta property=\"product:availability\" content=\"instock\" \/>\n<meta property=\"product:retailer_item_id\" content=\"30066\" \/>\n<meta property=\"product:condition\" content=\"new\" \/>\n<!-- \/ Yoast SEO Premium plugin. -->","yoast_head_json":{"title":"M\u00f6belerh\u00f6her f\u00fcr Sessel, verstellbar (4er-Set) \u2013 Barrierefreiheit","description":"Quadratischer M\u00f6belerh\u00f6her (4-teiliges Set), innen rutschfest. Geeignet f\u00fcr runde oder eckige F\u00fc\u00dfe, verbessert er die Sicherheit und Zug\u00e4nglichkeit von M\u00f6beln.","robots":{"index":"index","follow":"follow","max-snippet":"max-snippet:-1","max-image-preview":"max-image-preview:large","max-video-preview":"max-video-preview:-1"},"canonical":"https:\/\/aazsolutions.ch\/de\/produit\/moebel-und-sessel-erhoeher-verstellbar-langham-suregrip\/","og_locale":"de_DE","og_type":"article","og_title":"M\u00f6bel- und Sessel-Erh\u00f6her, verstellbar (Langham Suregrip)","og_description":"Quadratischer M\u00f6belerh\u00f6her (4-teiliges Set), innen rutschfest. Geeignet f\u00fcr runde oder eckige F\u00fc\u00dfe, verbessert er die Sicherheit und Zug\u00e4nglichkeit von M\u00f6beln.","og_url":"https:\/\/aazsolutions.ch\/de\/produit\/moebel-und-sessel-erhoeher-verstellbar-langham-suregrip\/","og_site_name":"A\u00e0Zsolutions.ch","article_publisher":"https:\/\/www.facebook.com\/aazsolutions.ch\/","og_image":[{"width":1784,"height":1198,"url":"https:\/\/aazsolutions.ch\/wp-content\/uploads\/2026\/04\/09ACCF0C-7D9A-4B10-8DC8-F95734C6A004.png","type":"image\/png"}],"twitter_card":"summary_large_image","twitter_misc":{"Verf\u00fcgbarkeit":"Auf Lager"},"schema":{"@context":"https:\/\/schema.org","@graph":[{"@type":"WebPage","@id":"https:\/\/aazsolutions.ch\/de\/produit\/moebel-und-sessel-erhoeher-verstellbar-langham-suregrip\/","url":"https:\/\/aazsolutions.ch\/de\/produit\/moebel-und-sessel-erhoeher-verstellbar-langham-suregrip\/","name":"M\u00f6belerh\u00f6her f\u00fcr Sessel, verstellbar (4er-Set) \u2013 Barrierefreiheit","isPartOf":{"@id":"https:\/\/aazsolutions.ch\/de\/#website"},"primaryImageOfPage":{"@id":"https:\/\/aazsolutions.ch\/de\/produit\/moebel-und-sessel-erhoeher-verstellbar-langham-suregrip\/#primaryimage"},"image":{"@id":"https:\/\/aazsolutions.ch\/de\/produit\/moebel-und-sessel-erhoeher-verstellbar-langham-suregrip\/#primaryimage"},"thumbnailUrl":"https:\/\/aazsolutions.ch\/wp-content\/uploads\/2026\/04\/09ACCF0C-7D9A-4B10-8DC8-F95734C6A004.png","datePublished":"2026-04-03T19:54:33+00:00","description":"Quadratischer M\u00f6belerh\u00f6her (4-teiliges Set), innen rutschfest. Geeignet f\u00fcr runde oder eckige F\u00fc\u00dfe, verbessert er die Sicherheit und Zug\u00e4nglichkeit von M\u00f6beln.","breadcrumb":{"@id":"https:\/\/aazsolutions.ch\/de\/produit\/moebel-und-sessel-erhoeher-verstellbar-langham-suregrip\/#breadcrumb"},"inLanguage":"de","potentialAction":[{"@type":"ReadAction","target":["https:\/\/aazsolutions.ch\/de\/produit\/moebel-und-sessel-erhoeher-verstellbar-langham-suregrip\/"]}]},{"@type":"ImageObject","inLanguage":"de","@id":"https:\/\/aazsolutions.ch\/de\/produit\/moebel-und-sessel-erhoeher-verstellbar-langham-suregrip\/#primaryimage","url":"https:\/\/aazsolutions.ch\/wp-content\/uploads\/2026\/04\/09ACCF0C-7D9A-4B10-8DC8-F95734C6A004.png","contentUrl":"https:\/\/aazsolutions.ch\/wp-content\/uploads\/2026\/04\/09ACCF0C-7D9A-4B10-8DC8-F95734C6A004.png","width":1784,"height":1198},{"@type":"BreadcrumbList","@id":"https:\/\/aazsolutions.ch\/de\/produit\/moebel-und-sessel-erhoeher-verstellbar-langham-suregrip\/#breadcrumb","itemListElement":[{"@type":"ListItem","position":1,"name":"Accueil","item":"https:\/\/aazsolutions.ch\/de\/"},{"@type":"ListItem","position":2,"name":"Shop","item":"https:\/\/aazsolutions.ch\/de\/shop\/"},{"@type":"ListItem","position":3,"name":"M\u00f6bel- und Sessel-Erh\u00f6her, verstellbar (Langham Suregrip)"}]},{"@type":"WebSite","@id":"https:\/\/aazsolutions.ch\/de\/#website","url":"https:\/\/aazsolutions.ch\/de\/","name":"A\u00e0Zsolutions.ch","description":"Des solutions adapt\u00e9es \u00e0 chaque difficult\u00e9!","publisher":{"@id":"https:\/\/aazsolutions.ch\/de\/#organization"},"potentialAction":[{"@type":"SearchAction","target":{"@type":"EntryPoint","urlTemplate":"https:\/\/aazsolutions.ch\/de\/?s={search_term_string}"},"query-input":{"@type":"PropertyValueSpecification","valueRequired":true,"valueName":"search_term_string"}}],"inLanguage":"de"},{"@type":"Organization","@id":"https:\/\/aazsolutions.ch\/de\/#organization","name":"A\u00e0Zsolutions SARL","url":"https:\/\/aazsolutions.ch\/de\/","logo":{"@type":"ImageObject","inLanguage":"de","@id":"https:\/\/aazsolutions.ch\/de\/#\/schema\/logo\/image\/","url":"https:\/\/aazsolutions.ch\/wp-content\/uploads\/2016\/04\/AAZ_Logo_Solutions.jpg","contentUrl":"https:\/\/aazsolutions.ch\/wp-content\/uploads\/2016\/04\/AAZ_Logo_Solutions.jpg","width":1500,"height":481,"caption":"A\u00e0Zsolutions SARL"},"image":{"@id":"https:\/\/aazsolutions.ch\/de\/#\/schema\/logo\/image\/"},"sameAs":["https:\/\/www.facebook.com\/aazsolutions.ch\/","https:\/\/www.linkedin.com\/showcase\/aazsolutions\/"]}]},"og_availability":"instock","product_availability":"instock","product_retailer_item_id":"30066","product_condition":"new"},"_links":{"self":[{"href":"https:\/\/aazsolutions.ch\/de\/wp-json\/wp\/v2\/product\/34426","targetHints":{"allow":["GET"]}}],"collection":[{"href":"https:\/\/aazsolutions.ch\/de\/wp-json\/wp\/v2\/product"}],"about":[{"href":"https:\/\/aazsolutions.ch\/de\/wp-json\/wp\/v2\/types\/product"}],"replies":[{"embeddable":true,"href":"https:\/\/aazsolutions.ch\/de\/wp-json\/wp\/v2\/comments?post=34426"}],"wp:featuredmedia":[{"embeddable":true,"href":"https:\/\/aazsolutions.ch\/de\/wp-json\/wp\/v2\/media\/33202"}],"wp:attachment":[{"href":"https:\/\/aazsolutions.ch\/de\/wp-json\/wp\/v2\/media?parent=34426"}],"wp:term":[{"taxonomy":"product_brand","embeddable":true,"href":"https:\/\/aazsolutions.ch\/de\/wp-json\/wp\/v2\/product_brand?post=34426"},{"taxonomy":"product_cat","embeddable":true,"href":"https:\/\/aazsolutions.ch\/de\/wp-json\/wp\/v2\/product_cat?post=34426"},{"taxonomy":"product_tag","embeddable":true,"href":"https:\/\/aazsolutions.ch\/de\/wp-json\/wp\/v2\/product_tag?post=34426"}],"curies":[{"name":"wp","href":"https:\/\/api.w.org\/{rel}","templated":true}]}}