{"id":34440,"date":"2026-04-03T17:07:31","date_gmt":"2026-04-03T16:07:31","guid":{"rendered":"https:\/\/aazsolutions.ch\/produit\/unterarmgehstuetze-771-fortissimo-stueck\/"},"modified":"2026-04-03T17:07:31","modified_gmt":"2026-04-03T16:07:31","slug":"unterarmgehstuetze-771-fortissimo-stueck","status":"publish","type":"product","link":"https:\/\/aazsolutions.ch\/de\/produit\/unterarmgehstuetze-771-fortissimo-stueck\/","title":{"rendered":"Unterarmgehst\u00fctze 771 Fortissimo (St\u00fcck)"},"content":{"rendered":"<h2>Unterarmgehst\u00fctze 771 FORTISSIMO geschlossene Armschelle (St\u00fcck) \u2013 Stabiler Halt und Komfort<\/h2>\n<p>Die <strong>Unterarmgehst\u00fctze <\/strong><strong>771 Fortissimo<\/strong><strong> Softgriff geschlossene Armschelle<\/strong> bietet ein hervorragendes Gleichgewicht zwischen Sicherheit, Stabilit\u00e4t und Bedienkomfort f\u00fcr Personen bis 180 kg.<\/p>\n<p>Dank ihres <strong>breiten Softgriffs aus Schaumstoff<\/strong> erm\u00f6glicht sie eine komfortable Handhabung, auch bei l\u00e4ngerer Nutzung. Zudem sorgt die <strong>verstellbare Armst\u00fctze<\/strong> f\u00fcr eine an den jeweiligen Benutzer angepasste K\u00f6rperhaltung. Diese Gehst\u00fctze ist ideal f\u00fcr Personen, die bei ihren Fortbewegungen regelm\u00e4\u00dfige Unterst\u00fctzung ben\u00f6tigen.<\/p>\n<p>Ihre <strong>geschlossene Armschelle<\/strong> hat einen praktischen Vorteil: Sie h\u00e4lt die St\u00fctze am Arm, was es beispielsweise erm\u00f6glicht, eine T\u00fcr zu \u00f6ffnen, ohne die Gehst\u00fctze ablegen zu m\u00fcssen. Hergestellt aus <strong>eloxiertem Aluminium in Blau-Metallic<\/strong>, vereint sie Robustheit, Leichtigkeit und Eleganz.<\/p>\n<h3>\u2705 Hauptmerkmale:<\/h3>\n<ul>\n<li>Einzeln verkauft<\/li>\n<li>Weicher Softgriff<\/li>\n<li>H\u00f6henverstellbare Armst\u00fctze<\/li>\n<li>Geschlossene Armschelle, um die St\u00fctze am Arm zu halten<\/li>\n<li>Rohr aus eloxiertem Aluminium in Blau-Metallic<\/li>\n<\/ul>\n<h3>Eine praktische und komfortable Gehhilfe<\/h3>\n<p>Entscheiden Sie sich f\u00fcr die <strong>Unterarmgehst\u00fctze Softgriff 771 Fortissimo (St\u00fcck) <\/strong>und profitieren Sie von einer zuverl\u00e4ssigen und ergonomischen Unterst\u00fctzung im Alltag. <strong>Jetzt bestellen \u2013 Schnelle Lieferung in der Schweiz!<\/strong><\/p>\n","protected":false},"excerpt":{"rendered":"<h2>Spezifikationen<\/h2>\n<ul>\n<li>Griffh\u00f6he: 76\u2013106 cm<\/li>\n<li>Doppelte Verstellung<\/li>\n<li>Verstellbare Armst\u00fctze: 24 bis 32 cm<\/li>\n<li>Gewicht: 1,3 kg pro St\u00fcck<\/li>\n<li>Max. Gewicht Benutzer: 180 kg<\/li>\n<\/ul>\n","protected":false},"featured_media":33162,"comment_status":"closed","ping_status":"closed","template":"","meta":{"_et_pb_use_builder":"","_et_pb_old_content":"","_et_gb_content_width":"","inline_featured_image":false},"product_brand":[],"product_cat":[1209,1267],"product_tag":[],"class_list":{"0":"post-34440","1":"product","2":"type-product","3":"status-publish","4":"has-post-thumbnail","6":"product_cat-2-mobilitat","7":"product_cat-unterarmgehstutze","8":"product_shipping_class-a","10":"first","11":"instock","12":"featured","13":"taxable","14":"shipping-taxable","15":"purchasable","16":"product-type-simple"},"yoast_head":"<!-- This site is optimized with the Yoast SEO Premium plugin v27.2 (Yoast SEO v27.5) - https:\/\/yoast.com\/product\/yoast-seo-premium-wordpress\/ -->\n<title>Unterarmgehst\u00fctze 771 Fortissimo geschlossene Armschelle (St\u00fcck)<\/title>\n<meta name=\"description\" content=\"Unterarmgehst\u00fctze 771 Fortissimo geschlossene Armschelle (St\u00fcck). Softgriff, verstellbare Armst\u00fctze, Aluminium Blau-Metallic. Komfort und Bewegungsfreiheit.\" \/>\n<meta name=\"robots\" content=\"index, follow, max-snippet:-1, max-image-preview:large, max-video-preview:-1\" \/>\n<link rel=\"canonical\" href=\"https:\/\/aazsolutions.ch\/de\/produit\/unterarmgehstuetze-771-fortissimo-stueck\/\" \/>\n<meta property=\"og:locale\" content=\"de_DE\" \/>\n<meta property=\"og:type\" content=\"article\" \/>\n<meta property=\"og:title\" content=\"Unterarmgehst\u00fctze 771 Fortissimo (St\u00fcck)\" \/>\n<meta property=\"og:description\" content=\"Unterarmgehst\u00fctze 771 Fortissimo geschlossene Armschelle (St\u00fcck). Softgriff, verstellbare Armst\u00fctze, Aluminium Blau-Metallic. Komfort und Bewegungsfreiheit.\" \/>\n<meta property=\"og:url\" content=\"https:\/\/aazsolutions.ch\/de\/produit\/unterarmgehstuetze-771-fortissimo-stueck\/\" \/>\n<meta property=\"og:site_name\" content=\"A\u00e0Zsolutions.ch\" \/>\n<meta property=\"article:publisher\" content=\"https:\/\/www.facebook.com\/aazsolutions.ch\/\" \/>\n<meta property=\"og:image\" content=\"https:\/\/aazsolutions.ch\/wp-content\/uploads\/2026\/04\/771-scaled-e1775234126704.jpg\" \/>\n\t<meta property=\"og:image:width\" content=\"145\" \/>\n\t<meta property=\"og:image:height\" content=\"538\" \/>\n\t<meta property=\"og:image:type\" content=\"image\/jpeg\" \/>\n<meta name=\"twitter:card\" content=\"summary_large_image\" \/>\n<meta name=\"twitter:label1\" content=\"Preis\" \/>\n\t<meta name=\"twitter:data1\" content=\"99.00&nbsp;&#067;&#072;&#070; TVA incluse\" \/>\n\t<meta name=\"twitter:label2\" content=\"Verf\u00fcgbarkeit\" \/>\n\t<meta name=\"twitter:data2\" content=\"Auf Lager\" \/>\n<script type=\"application\/ld+json\" class=\"yoast-schema-graph\">{\"@context\":\"https:\\\/\\\/schema.org\",\"@graph\":[{\"@type\":\"WebPage\",\"@id\":\"https:\\\/\\\/aazsolutions.ch\\\/de\\\/produit\\\/unterarmgehstuetze-771-fortissimo-stueck\\\/\",\"url\":\"https:\\\/\\\/aazsolutions.ch\\\/de\\\/produit\\\/unterarmgehstuetze-771-fortissimo-stueck\\\/\",\"name\":\"Unterarmgehst\u00fctze 771 Fortissimo geschlossene Armschelle (St\u00fcck)\",\"isPartOf\":{\"@id\":\"https:\\\/\\\/aazsolutions.ch\\\/de\\\/#website\"},\"primaryImageOfPage\":{\"@id\":\"https:\\\/\\\/aazsolutions.ch\\\/de\\\/produit\\\/unterarmgehstuetze-771-fortissimo-stueck\\\/#primaryimage\"},\"image\":{\"@id\":\"https:\\\/\\\/aazsolutions.ch\\\/de\\\/produit\\\/unterarmgehstuetze-771-fortissimo-stueck\\\/#primaryimage\"},\"thumbnailUrl\":\"https:\\\/\\\/aazsolutions.ch\\\/wp-content\\\/uploads\\\/2026\\\/04\\\/771-scaled-e1775234126704.jpg\",\"datePublished\":\"2026-04-03T16:07:31+00:00\",\"description\":\"Unterarmgehst\u00fctze 771 Fortissimo geschlossene Armschelle (St\u00fcck). Softgriff, verstellbare Armst\u00fctze, Aluminium Blau-Metallic. Komfort und Bewegungsfreiheit.\",\"breadcrumb\":{\"@id\":\"https:\\\/\\\/aazsolutions.ch\\\/de\\\/produit\\\/unterarmgehstuetze-771-fortissimo-stueck\\\/#breadcrumb\"},\"inLanguage\":\"de\",\"potentialAction\":[{\"@type\":\"ReadAction\",\"target\":[\"https:\\\/\\\/aazsolutions.ch\\\/de\\\/produit\\\/unterarmgehstuetze-771-fortissimo-stueck\\\/\"]}]},{\"@type\":\"ImageObject\",\"inLanguage\":\"de\",\"@id\":\"https:\\\/\\\/aazsolutions.ch\\\/de\\\/produit\\\/unterarmgehstuetze-771-fortissimo-stueck\\\/#primaryimage\",\"url\":\"https:\\\/\\\/aazsolutions.ch\\\/wp-content\\\/uploads\\\/2026\\\/04\\\/771-scaled-e1775234126704.jpg\",\"contentUrl\":\"https:\\\/\\\/aazsolutions.ch\\\/wp-content\\\/uploads\\\/2026\\\/04\\\/771-scaled-e1775234126704.jpg\",\"width\":145,\"height\":538},{\"@type\":\"BreadcrumbList\",\"@id\":\"https:\\\/\\\/aazsolutions.ch\\\/de\\\/produit\\\/unterarmgehstuetze-771-fortissimo-stueck\\\/#breadcrumb\",\"itemListElement\":[{\"@type\":\"ListItem\",\"position\":1,\"name\":\"Accueil\",\"item\":\"https:\\\/\\\/aazsolutions.ch\\\/de\\\/\"},{\"@type\":\"ListItem\",\"position\":2,\"name\":\"Shop\",\"item\":\"https:\\\/\\\/aazsolutions.ch\\\/de\\\/shop\\\/\"},{\"@type\":\"ListItem\",\"position\":3,\"name\":\"Unterarmgehst\u00fctze 771 Fortissimo (St\u00fcck)\"}]},{\"@type\":\"WebSite\",\"@id\":\"https:\\\/\\\/aazsolutions.ch\\\/de\\\/#website\",\"url\":\"https:\\\/\\\/aazsolutions.ch\\\/de\\\/\",\"name\":\"A\u00e0Zsolutions.ch\",\"description\":\"Des solutions adapt\u00e9es \u00e0 chaque difficult\u00e9!\",\"publisher\":{\"@id\":\"https:\\\/\\\/aazsolutions.ch\\\/de\\\/#organization\"},\"potentialAction\":[{\"@type\":\"SearchAction\",\"target\":{\"@type\":\"EntryPoint\",\"urlTemplate\":\"https:\\\/\\\/aazsolutions.ch\\\/de\\\/?s={search_term_string}\"},\"query-input\":{\"@type\":\"PropertyValueSpecification\",\"valueRequired\":true,\"valueName\":\"search_term_string\"}}],\"inLanguage\":\"de\"},{\"@type\":\"Organization\",\"@id\":\"https:\\\/\\\/aazsolutions.ch\\\/de\\\/#organization\",\"name\":\"A\u00e0Zsolutions SARL\",\"url\":\"https:\\\/\\\/aazsolutions.ch\\\/de\\\/\",\"logo\":{\"@type\":\"ImageObject\",\"inLanguage\":\"de\",\"@id\":\"https:\\\/\\\/aazsolutions.ch\\\/de\\\/#\\\/schema\\\/logo\\\/image\\\/\",\"url\":\"https:\\\/\\\/aazsolutions.ch\\\/wp-content\\\/uploads\\\/2016\\\/04\\\/AAZ_Logo_Solutions.jpg\",\"contentUrl\":\"https:\\\/\\\/aazsolutions.ch\\\/wp-content\\\/uploads\\\/2016\\\/04\\\/AAZ_Logo_Solutions.jpg\",\"width\":1500,\"height\":481,\"caption\":\"A\u00e0Zsolutions SARL\"},\"image\":{\"@id\":\"https:\\\/\\\/aazsolutions.ch\\\/de\\\/#\\\/schema\\\/logo\\\/image\\\/\"},\"sameAs\":[\"https:\\\/\\\/www.facebook.com\\\/aazsolutions.ch\\\/\",\"https:\\\/\\\/www.linkedin.com\\\/showcase\\\/aazsolutions\\\/\"]}]}<\/script>\n<meta property=\"product:price:amount\" content=\"99.00\" \/>\n<meta property=\"product:price:currency\" content=\"CHF\" \/>\n<meta property=\"og:availability\" content=\"instock\" \/>\n<meta property=\"product:availability\" content=\"instock\" \/>\n<meta property=\"product:retailer_item_id\" content=\"20069\" \/>\n<meta property=\"product:condition\" content=\"new\" \/>\n<!-- \/ Yoast SEO Premium plugin. -->","yoast_head_json":{"title":"Unterarmgehst\u00fctze 771 Fortissimo geschlossene Armschelle (St\u00fcck)","description":"Unterarmgehst\u00fctze 771 Fortissimo geschlossene Armschelle (St\u00fcck). Softgriff, verstellbare Armst\u00fctze, Aluminium Blau-Metallic. Komfort und Bewegungsfreiheit.","robots":{"index":"index","follow":"follow","max-snippet":"max-snippet:-1","max-image-preview":"max-image-preview:large","max-video-preview":"max-video-preview:-1"},"canonical":"https:\/\/aazsolutions.ch\/de\/produit\/unterarmgehstuetze-771-fortissimo-stueck\/","og_locale":"de_DE","og_type":"article","og_title":"Unterarmgehst\u00fctze 771 Fortissimo (St\u00fcck)","og_description":"Unterarmgehst\u00fctze 771 Fortissimo geschlossene Armschelle (St\u00fcck). Softgriff, verstellbare Armst\u00fctze, Aluminium Blau-Metallic. Komfort und Bewegungsfreiheit.","og_url":"https:\/\/aazsolutions.ch\/de\/produit\/unterarmgehstuetze-771-fortissimo-stueck\/","og_site_name":"A\u00e0Zsolutions.ch","article_publisher":"https:\/\/www.facebook.com\/aazsolutions.ch\/","og_image":[{"width":145,"height":538,"url":"https:\/\/aazsolutions.ch\/wp-content\/uploads\/2026\/04\/771-scaled-e1775234126704.jpg","type":"image\/jpeg"}],"twitter_card":"summary_large_image","twitter_misc":{"Preis":"99.00&nbsp;&#67;&#72;&#70; TVA incluse","Verf\u00fcgbarkeit":"Auf Lager"},"schema":{"@context":"https:\/\/schema.org","@graph":[{"@type":"WebPage","@id":"https:\/\/aazsolutions.ch\/de\/produit\/unterarmgehstuetze-771-fortissimo-stueck\/","url":"https:\/\/aazsolutions.ch\/de\/produit\/unterarmgehstuetze-771-fortissimo-stueck\/","name":"Unterarmgehst\u00fctze 771 Fortissimo geschlossene Armschelle (St\u00fcck)","isPartOf":{"@id":"https:\/\/aazsolutions.ch\/de\/#website"},"primaryImageOfPage":{"@id":"https:\/\/aazsolutions.ch\/de\/produit\/unterarmgehstuetze-771-fortissimo-stueck\/#primaryimage"},"image":{"@id":"https:\/\/aazsolutions.ch\/de\/produit\/unterarmgehstuetze-771-fortissimo-stueck\/#primaryimage"},"thumbnailUrl":"https:\/\/aazsolutions.ch\/wp-content\/uploads\/2026\/04\/771-scaled-e1775234126704.jpg","datePublished":"2026-04-03T16:07:31+00:00","description":"Unterarmgehst\u00fctze 771 Fortissimo geschlossene Armschelle (St\u00fcck). Softgriff, verstellbare Armst\u00fctze, Aluminium Blau-Metallic. Komfort und Bewegungsfreiheit.","breadcrumb":{"@id":"https:\/\/aazsolutions.ch\/de\/produit\/unterarmgehstuetze-771-fortissimo-stueck\/#breadcrumb"},"inLanguage":"de","potentialAction":[{"@type":"ReadAction","target":["https:\/\/aazsolutions.ch\/de\/produit\/unterarmgehstuetze-771-fortissimo-stueck\/"]}]},{"@type":"ImageObject","inLanguage":"de","@id":"https:\/\/aazsolutions.ch\/de\/produit\/unterarmgehstuetze-771-fortissimo-stueck\/#primaryimage","url":"https:\/\/aazsolutions.ch\/wp-content\/uploads\/2026\/04\/771-scaled-e1775234126704.jpg","contentUrl":"https:\/\/aazsolutions.ch\/wp-content\/uploads\/2026\/04\/771-scaled-e1775234126704.jpg","width":145,"height":538},{"@type":"BreadcrumbList","@id":"https:\/\/aazsolutions.ch\/de\/produit\/unterarmgehstuetze-771-fortissimo-stueck\/#breadcrumb","itemListElement":[{"@type":"ListItem","position":1,"name":"Accueil","item":"https:\/\/aazsolutions.ch\/de\/"},{"@type":"ListItem","position":2,"name":"Shop","item":"https:\/\/aazsolutions.ch\/de\/shop\/"},{"@type":"ListItem","position":3,"name":"Unterarmgehst\u00fctze 771 Fortissimo (St\u00fcck)"}]},{"@type":"WebSite","@id":"https:\/\/aazsolutions.ch\/de\/#website","url":"https:\/\/aazsolutions.ch\/de\/","name":"A\u00e0Zsolutions.ch","description":"Des solutions adapt\u00e9es \u00e0 chaque difficult\u00e9!","publisher":{"@id":"https:\/\/aazsolutions.ch\/de\/#organization"},"potentialAction":[{"@type":"SearchAction","target":{"@type":"EntryPoint","urlTemplate":"https:\/\/aazsolutions.ch\/de\/?s={search_term_string}"},"query-input":{"@type":"PropertyValueSpecification","valueRequired":true,"valueName":"search_term_string"}}],"inLanguage":"de"},{"@type":"Organization","@id":"https:\/\/aazsolutions.ch\/de\/#organization","name":"A\u00e0Zsolutions SARL","url":"https:\/\/aazsolutions.ch\/de\/","logo":{"@type":"ImageObject","inLanguage":"de","@id":"https:\/\/aazsolutions.ch\/de\/#\/schema\/logo\/image\/","url":"https:\/\/aazsolutions.ch\/wp-content\/uploads\/2016\/04\/AAZ_Logo_Solutions.jpg","contentUrl":"https:\/\/aazsolutions.ch\/wp-content\/uploads\/2016\/04\/AAZ_Logo_Solutions.jpg","width":1500,"height":481,"caption":"A\u00e0Zsolutions SARL"},"image":{"@id":"https:\/\/aazsolutions.ch\/de\/#\/schema\/logo\/image\/"},"sameAs":["https:\/\/www.facebook.com\/aazsolutions.ch\/","https:\/\/www.linkedin.com\/showcase\/aazsolutions\/"]}]},"product_price_amount":"99.00","product_price_currency":"CHF","og_availability":"instock","product_availability":"instock","product_retailer_item_id":"20069","product_condition":"new"},"_links":{"self":[{"href":"https:\/\/aazsolutions.ch\/de\/wp-json\/wp\/v2\/product\/34440","targetHints":{"allow":["GET"]}}],"collection":[{"href":"https:\/\/aazsolutions.ch\/de\/wp-json\/wp\/v2\/product"}],"about":[{"href":"https:\/\/aazsolutions.ch\/de\/wp-json\/wp\/v2\/types\/product"}],"replies":[{"embeddable":true,"href":"https:\/\/aazsolutions.ch\/de\/wp-json\/wp\/v2\/comments?post=34440"}],"wp:featuredmedia":[{"embeddable":true,"href":"https:\/\/aazsolutions.ch\/de\/wp-json\/wp\/v2\/media\/33162"}],"wp:attachment":[{"href":"https:\/\/aazsolutions.ch\/de\/wp-json\/wp\/v2\/media?parent=34440"}],"wp:term":[{"taxonomy":"product_brand","embeddable":true,"href":"https:\/\/aazsolutions.ch\/de\/wp-json\/wp\/v2\/product_brand?post=34440"},{"taxonomy":"product_cat","embeddable":true,"href":"https:\/\/aazsolutions.ch\/de\/wp-json\/wp\/v2\/product_cat?post=34440"},{"taxonomy":"product_tag","embeddable":true,"href":"https:\/\/aazsolutions.ch\/de\/wp-json\/wp\/v2\/product_tag?post=34440"}],"curies":[{"name":"wp","href":"https:\/\/api.w.org\/{rel}","templated":true}]}}