{"id":34442,"date":"2026-04-21T16:14:06","date_gmt":"2026-04-21T15:14:06","guid":{"rendered":"https:\/\/aazsolutions.ch\/produit\/rollator-rollstuhl-rollz-motion%c2%b2-2-in-1\/"},"modified":"2026-04-21T16:14:06","modified_gmt":"2026-04-21T15:14:06","slug":"rollator-rollstuhl-rollz-motion%c2%b2-2-in-1","status":"publish","type":"product","link":"https:\/\/aazsolutions.ch\/de\/produit\/rollator-rollstuhl-rollz-motion%c2%b2-2-in-1\/","title":{"rendered":"Rollator\/Rollstuhl ROLLZ MOTION\u00b2 \u2013 2-in-1"},"content":{"rendered":"<h2>4-Rad-Rollator kombiniert mit leichtem Rollstuhl \u2013 Vielseitigkeit und Komfort im Alltag<\/h2>\n<p data-start=\"227\" data-end=\"569\">Der <strong>Rollz Motion 2-in-1<\/strong> ist eine innovative L\u00f6sung, die einen hochwertigen Rollator und einen Transport-Rollstuhl in einem einzigen Produkt vereint. Entwickelt f\u00fcr Personen, die ihre Selbstst\u00e4ndigkeit bewahren und gleichzeitig Erm\u00fcdungsmomente einplanen m\u00f6chten, erm\u00f6glicht er einen einfachen Wechsel vom unterst\u00fctzten Gehen zu einer sitzenden Position, die von einer Begleitperson geschoben wird. <\/p>\n<p data-start=\"571\" data-end=\"825\">Im <strong>Rollator-Modus<\/strong> bietet der Rollz Motion ausgezeichnete Stabilit\u00e4t und hohe Wendigkeit dank seiner grossen R\u00e4der und seines robusten Rahmens. Die ergonomischen, h\u00f6henverstellbaren Griffe gew\u00e4hrleisten eine komfortable und sichere Haltung beim Gehen. <\/p>\n<p data-start=\"827\" data-end=\"1113\">Mit wenigen einfachen Handgriffen <strong>verwandelt er sich in einen Rollstuhl<\/strong>, der komfortabel ist, mit klappbaren Fussst\u00fctzen und angepasster Sitzfl\u00e4che. Diese Doppelfunktion macht ihn zum idealen Begleiter f\u00fcr l\u00e4ngere Ausfl\u00fcge, Reisen oder Umgebungen, die lange Strecken erfordern. <\/p>\n<p><span style=\"color: #333333; font-size: 22px;\">\u2705 Hauptmerkmale:<\/span><\/p>\n<ul>\n<li data-section-id=\"1sezxiq\" data-start=\"1150\" data-end=\"1212\">2-in-1-Funktion: Rollator + Transport-Rollstuhl<\/li>\n<li data-section-id=\"1t70i85\" data-start=\"1213\" data-end=\"1250\">Schnelle Umwandlung ohne Werkzeug<\/li>\n<li data-section-id=\"suzz93\" data-start=\"1251\" data-end=\"1325\">Grosse R\u00e4der f\u00fcr fl\u00fcssiges Fahren im Innen- und Aussenbereich<\/li>\n<li data-section-id=\"1dzvdsw\" data-start=\"1326\" data-end=\"1359\">H\u00f6henverstellbare Griffe<\/li>\n<li data-section-id=\"6hqbqq\" data-start=\"1360\" data-end=\"1402\">Gesicherte Bremsen mit Parkfunktion<\/li>\n<li data-section-id=\"1fvbk6c\" data-start=\"1403\" data-end=\"1452\">Abnehmbare und einfach zu montierende Fussst\u00fctzen<\/li>\n<li data-section-id=\"edanij\" data-start=\"1453\" data-end=\"1499\">Komfortable Sitzfl\u00e4che mit R\u00fcckenlehne<\/li>\n<li data-section-id=\"me6wx9\" data-start=\"1500\" data-end=\"1564\">Faltbare Struktur f\u00fcr einfachen Transport und Lagerung<\/li>\n<\/ul>\n<p data-start=\"1566\" data-end=\"1593\"><strong data-start=\"1566\" data-end=\"1593\">Nutzervorteile:<\/strong><\/p>\n<ul data-start=\"1594\" data-end=\"1811\">\n<li data-section-id=\"fzhhai\" data-start=\"1594\" data-end=\"1648\">Erhalt der Selbstst\u00e4ndigkeit mit punktueller Unterst\u00fctzung<\/li>\n<li data-section-id=\"12v8di3\" data-start=\"1649\" data-end=\"1698\">Verringerung der Erm\u00fcdung bei Fortbewegungen<\/li>\n<li data-section-id=\"67wkno\" data-start=\"1699\" data-end=\"1748\">Ideal f\u00fcr lange Ausfl\u00fcge und Reisen<\/li>\n<li data-section-id=\"843rwc\" data-start=\"1749\" data-end=\"1811\">Beruhigende L\u00f6sung f\u00fcr Nutzer und Begleitperson<\/li>\n<\/ul>\n<h3>Ein wirklich multifunktionaler 4-Rad-Rollator<\/h3>\n<p>W\u00e4hlen Sie den <strong>4-Rad-Rollator ROLLZ MOTION 2-IN-1<\/strong>, um sich sicher fortzubewegen und gleichzeitig von Sitzkomfort zu profitieren, wenn es n\u00f6tig ist. <strong>Bestellen Sie ihn jetzt \u2013 Schnelle Lieferung in der Schweiz!<\/strong><\/p>\n<h3>\ud83c\udfa5 Demonstration des Rollz Motion<\/h3>\n<p><iframe loading=\"lazy\" src=\"https:\/\/www.youtube.com\/embed\/TXRF-WZzWV0\" width=\"400\" height=\"225\" frameborder=\"0\" allowfullscreen=\"allowfullscreen\"><\/iframe><\/p>\n<h4>\ud83d\udd04 Umwandlung Rollator \u2192 Rollstuhl<\/h4>\n<p><iframe loading=\"lazy\" src=\"https:\/\/www.youtube.com\/embed\/WzIr5GumpU8\" width=\"400\" height=\"225\" frameborder=\"0\" allowfullscreen=\"allowfullscreen\"><\/iframe><\/p>\n<h4>\ud83d\udeb6\u200d\u2642\ufe0f Verwendung unter realen Bedingungen<\/h4>\n<p><iframe loading=\"lazy\" src=\"https:\/\/www.youtube.com\/embed\/ZZRb0fKXG5c\" width=\"400\" height=\"225\" frameborder=\"0\" allowfullscreen=\"allowfullscreen\"><\/iframe><\/p>\n","protected":false},"excerpt":{"rendered":"<h2>Spezifikationen<\/h2>\n<ul>\n<li>f\u00fcr eine K\u00f6rpergr\u00f6sse von 160 cm bis 190 cm<\/li>\n<li>max. Belastung: 125 kg<\/li>\n<li>Sitztiefe: 42 cm<\/li>\n<li>Sitzbreite: 45 cm<\/li>\n<li>Sitzh\u00f6he: 55 cm<\/li>\n<li>Gesamtbreite: 67 cm<\/li>\n<li>mit Trommelbremsen und Kipphilfe<\/li>\n<li>inkl. Fussst\u00fctzen <\/li>\n<li>neu: inkl. 3-in-1-Klemmen, ohne Netztasche <\/li>\n<li>neu: inkl. Rollz Fit (Aktivit\u00e4tstracker) <\/li>\n<\/ul>\n","protected":false},"featured_media":33550,"comment_status":"closed","ping_status":"closed","template":"","meta":{"_et_pb_use_builder":"off","_et_pb_old_content":"<h2>4-Rad-Rollator kombiniert mit leichtem Rollstuhl \u2013 Vielseitigkeit und Komfort im Alltag<\/h2>\n<p data-start=\"227\" data-end=\"569\">Der Rollz Motion ist eine innovative L\u00f6sung, die einen hochwertigen Rollator und einen Transport-Rollstuhl in einem einzigen Produkt vereint. Entwickelt f\u00fcr Personen, die ihre Selbstst\u00e4ndigkeit bewahren und gleichzeitig Erm\u00fcdungsmomente einplanen m\u00f6chten, erm\u00f6glicht er einen einfachen Wechsel vom unterst\u00fctzten Gehen zu einer sitzenden Position, die von einer Begleitperson geschoben wird. <\/p>\n<p data-start=\"571\" data-end=\"825\">Im Rollator-Modus bietet der Rollz Motion ausgezeichnete Stabilit\u00e4t und hohe Wendigkeit dank seiner grossen R\u00e4der und seines robusten Rahmens. Die ergonomischen, h\u00f6henverstellbaren Griffe gew\u00e4hrleisten eine komfortable und sichere Haltung beim Gehen. <\/p>\n<p data-start=\"827\" data-end=\"1113\">Mit wenigen einfachen Handgriffen verwandelt er sich in einen komfortablen Rollstuhl mit klappbaren Fussst\u00fctzen und angepasster Sitzfl\u00e4che. Diese Doppelfunktion macht ihn zum idealen Begleiter f\u00fcr l\u00e4ngere Ausfl\u00fcge, Reisen oder Umgebungen, die lange Strecken erfordern. <\/p>\n<span style=\"color: #333333;font-size: 22px\">\u2705 Hauptmerkmale:<\/span>\n<ul>\n \t<li data-section-id=\"1sezxiq\" data-start=\"1150\" data-end=\"1212\">2-in-1-Funktion: Rollator + Transport-Rollstuhl<\/li>\n \t<li data-section-id=\"1t70i85\" data-start=\"1213\" data-end=\"1250\">Schnelle Umwandlung ohne Werkzeug<\/li>\n \t<li data-section-id=\"suzz93\" data-start=\"1251\" data-end=\"1325\">Grosse R\u00e4der f\u00fcr fl\u00fcssiges Fahren im Innen- und Aussenbereich<\/li>\n \t<li data-section-id=\"1dzvdsw\" data-start=\"1326\" data-end=\"1359\">H\u00f6henverstellbare Griffe<\/li>\n \t<li data-section-id=\"6hqbqq\" data-start=\"1360\" data-end=\"1402\">Gesicherte Bremsen mit Parkfunktion<\/li>\n \t<li data-section-id=\"1fvbk6c\" data-start=\"1403\" data-end=\"1452\">Abnehmbare und einfach zu montierende Fussst\u00fctzen<\/li>\n \t<li data-section-id=\"edanij\" data-start=\"1453\" data-end=\"1499\">Komfortable Sitzfl\u00e4che mit R\u00fcckenlehne<\/li>\n \t<li data-section-id=\"me6wx9\" data-start=\"1500\" data-end=\"1564\">Faltbare Struktur f\u00fcr einfachen Transport und Lagerung<\/li>\n<\/ul>\n<p data-start=\"1566\" data-end=\"1593\"><strong data-start=\"1566\" data-end=\"1593\">Nutzervorteile:<\/strong><\/p>\n\n<ul data-start=\"1594\" data-end=\"1811\">\n \t<li data-section-id=\"fzhhai\" data-start=\"1594\" data-end=\"1648\">Erhalt der Selbstst\u00e4ndigkeit mit punktueller Unterst\u00fctzung<\/li>\n \t<li data-section-id=\"12v8di3\" data-start=\"1649\" data-end=\"1698\">Verringerung der Erm\u00fcdung bei Fortbewegungen<\/li>\n \t<li data-section-id=\"67wkno\" data-start=\"1699\" data-end=\"1748\">Ideal f\u00fcr lange Ausfl\u00fcge und Reisen<\/li>\n \t<li data-section-id=\"843rwc\" data-start=\"1749\" data-end=\"1811\">Beruhigende L\u00f6sung f\u00fcr Nutzer und Begleitperson<\/li>\n<\/ul>\n<h3>Ein wirklich multifunktionaler 4-Rad-Rollator<\/h3>\nW\u00e4hlen Sie den <strong>4-Rad-Rollator ROLLZ MOTION 2-IN-1<\/strong>, um sich sicher fortzubewegen und gleichzeitig von Sitzkomfort zu profitieren, wenn es n\u00f6tig ist. <strong>Bestellen Sie ihn jetzt \u2013 Schnelle Lieferung in der Schweiz!<\/strong>\n<h3>\ud83c\udfa5 Demonstrationsvideo<\/h3>\n<iframe src=\"https:\/\/www.youtube.com\/embed\/fdlh7xcMRPU\" width=\"560\" height=\"315\" frameborder=\"0\" allowfullscreen=\"allowfullscreen\"><\/iframe>","_et_gb_content_width":"","inline_featured_image":false},"product_brand":[],"product_cat":[1209,1272],"product_tag":[],"class_list":{"0":"post-34442","1":"product","2":"type-product","3":"status-publish","4":"has-post-thumbnail","6":"product_cat-2-mobilitat","7":"product_cat-rollator-4-rader","8":"product_shipping_class-c","10":"first","11":"instock","12":"featured","13":"taxable","14":"shipping-taxable","15":"purchasable","16":"product-type-variable"},"yoast_head":"<!-- This site is optimized with the Yoast SEO Premium plugin v27.2 (Yoast SEO v27.5) - https:\/\/yoast.com\/product\/yoast-seo-premium-wordpress\/ -->\n<title>Rollz Motion 2-in-1 ist ein Rollator-Rollstuhl in einem einzigen Produkt<\/title>\n<meta name=\"description\" content=\"Rollz Motion 2-in-1 ist ein Rollator und Rollstuhl in einem einzigen Produkt. Ideal, um die Selbstst\u00e4ndigkeit zu bewahren und gleichzeitig Erm\u00fcdung vorzubeugen\" \/>\n<meta name=\"robots\" content=\"index, follow, max-snippet:-1, max-image-preview:large, max-video-preview:-1\" \/>\n<link rel=\"canonical\" href=\"https:\/\/aazsolutions.ch\/de\/produit\/rollator-rollstuhl-rollz-motion%c2%b2-2-in-1\/\" \/>\n<meta property=\"og:locale\" content=\"de_DE\" \/>\n<meta property=\"og:type\" content=\"article\" \/>\n<meta property=\"og:title\" content=\"Rollator\/Rollstuhl ROLLZ MOTION\u00b2 \u2013 2-in-1\" \/>\n<meta property=\"og:description\" content=\"Rollz Motion 2-in-1 ist ein Rollator und Rollstuhl in einem einzigen Produkt. Ideal, um die Selbstst\u00e4ndigkeit zu bewahren und gleichzeitig Erm\u00fcdung vorzubeugen\" \/>\n<meta property=\"og:url\" content=\"https:\/\/aazsolutions.ch\/de\/produit\/rollator-rollstuhl-rollz-motion%c2%b2-2-in-1\/\" \/>\n<meta property=\"og:site_name\" content=\"A\u00e0Zsolutions.ch\" \/>\n<meta property=\"article:publisher\" content=\"https:\/\/www.facebook.com\/aazsolutions.ch\/\" \/>\n<meta property=\"og:image\" content=\"https:\/\/aazsolutions.ch\/wp-content\/uploads\/2026\/04\/Image-21.04.26-a-16.41.png\" \/>\n\t<meta property=\"og:image:width\" content=\"978\" \/>\n\t<meta property=\"og:image:height\" content=\"732\" \/>\n\t<meta property=\"og:image:type\" content=\"image\/png\" \/>\n<meta name=\"twitter:card\" content=\"summary_large_image\" \/>\n<meta name=\"twitter:label1\" content=\"Availability\" \/>\n\t<meta name=\"twitter:data1\" content=\"In stock\" \/>\n<script type=\"application\/ld+json\" class=\"yoast-schema-graph\">{\"@context\":\"https:\\\/\\\/schema.org\",\"@graph\":[{\"@type\":\"WebPage\",\"@id\":\"https:\\\/\\\/aazsolutions.ch\\\/de\\\/produit\\\/rollator-rollstuhl-rollz-motion%c2%b2-2-in-1\\\/\",\"url\":\"https:\\\/\\\/aazsolutions.ch\\\/de\\\/produit\\\/rollator-rollstuhl-rollz-motion%c2%b2-2-in-1\\\/\",\"name\":\"Rollz Motion 2-in-1 ist ein Rollator-Rollstuhl in einem einzigen Produkt\",\"isPartOf\":{\"@id\":\"https:\\\/\\\/aazsolutions.ch\\\/de\\\/#website\"},\"primaryImageOfPage\":{\"@id\":\"https:\\\/\\\/aazsolutions.ch\\\/de\\\/produit\\\/rollator-rollstuhl-rollz-motion%c2%b2-2-in-1\\\/#primaryimage\"},\"image\":{\"@id\":\"https:\\\/\\\/aazsolutions.ch\\\/de\\\/produit\\\/rollator-rollstuhl-rollz-motion%c2%b2-2-in-1\\\/#primaryimage\"},\"thumbnailUrl\":\"https:\\\/\\\/aazsolutions.ch\\\/wp-content\\\/uploads\\\/2026\\\/04\\\/Image-21.04.26-a-16.41.png\",\"datePublished\":\"2026-04-21T15:14:06+00:00\",\"description\":\"Rollz Motion 2-in-1 ist ein Rollator und Rollstuhl in einem einzigen Produkt. Ideal, um die Selbstst\u00e4ndigkeit zu bewahren und gleichzeitig Erm\u00fcdung vorzubeugen\",\"breadcrumb\":{\"@id\":\"https:\\\/\\\/aazsolutions.ch\\\/de\\\/produit\\\/rollator-rollstuhl-rollz-motion%c2%b2-2-in-1\\\/#breadcrumb\"},\"inLanguage\":\"de\",\"potentialAction\":[{\"@type\":\"ReadAction\",\"target\":[\"https:\\\/\\\/aazsolutions.ch\\\/de\\\/produit\\\/rollator-rollstuhl-rollz-motion%c2%b2-2-in-1\\\/\"]}]},{\"@type\":\"ImageObject\",\"inLanguage\":\"de\",\"@id\":\"https:\\\/\\\/aazsolutions.ch\\\/de\\\/produit\\\/rollator-rollstuhl-rollz-motion%c2%b2-2-in-1\\\/#primaryimage\",\"url\":\"https:\\\/\\\/aazsolutions.ch\\\/wp-content\\\/uploads\\\/2026\\\/04\\\/Image-21.04.26-a-16.41.png\",\"contentUrl\":\"https:\\\/\\\/aazsolutions.ch\\\/wp-content\\\/uploads\\\/2026\\\/04\\\/Image-21.04.26-a-16.41.png\",\"width\":978,\"height\":732},{\"@type\":\"BreadcrumbList\",\"@id\":\"https:\\\/\\\/aazsolutions.ch\\\/de\\\/produit\\\/rollator-rollstuhl-rollz-motion%c2%b2-2-in-1\\\/#breadcrumb\",\"itemListElement\":[{\"@type\":\"ListItem\",\"position\":1,\"name\":\"Accueil\",\"item\":\"https:\\\/\\\/aazsolutions.ch\\\/de\\\/\"},{\"@type\":\"ListItem\",\"position\":2,\"name\":\"Shop\",\"item\":\"https:\\\/\\\/aazsolutions.ch\\\/de\\\/shop\\\/\"},{\"@type\":\"ListItem\",\"position\":3,\"name\":\"Rollator\\\/Rollstuhl ROLLZ MOTION\u00b2 \u2013 2-in-1\"}]},{\"@type\":\"WebSite\",\"@id\":\"https:\\\/\\\/aazsolutions.ch\\\/de\\\/#website\",\"url\":\"https:\\\/\\\/aazsolutions.ch\\\/de\\\/\",\"name\":\"A\u00e0Zsolutions.ch\",\"description\":\"Des solutions adapt\u00e9es \u00e0 chaque difficult\u00e9!\",\"publisher\":{\"@id\":\"https:\\\/\\\/aazsolutions.ch\\\/de\\\/#organization\"},\"potentialAction\":[{\"@type\":\"SearchAction\",\"target\":{\"@type\":\"EntryPoint\",\"urlTemplate\":\"https:\\\/\\\/aazsolutions.ch\\\/de\\\/?s={search_term_string}\"},\"query-input\":{\"@type\":\"PropertyValueSpecification\",\"valueRequired\":true,\"valueName\":\"search_term_string\"}}],\"inLanguage\":\"de\"},{\"@type\":\"Organization\",\"@id\":\"https:\\\/\\\/aazsolutions.ch\\\/de\\\/#organization\",\"name\":\"A\u00e0Zsolutions SARL\",\"url\":\"https:\\\/\\\/aazsolutions.ch\\\/de\\\/\",\"logo\":{\"@type\":\"ImageObject\",\"inLanguage\":\"de\",\"@id\":\"https:\\\/\\\/aazsolutions.ch\\\/de\\\/#\\\/schema\\\/logo\\\/image\\\/\",\"url\":\"https:\\\/\\\/aazsolutions.ch\\\/wp-content\\\/uploads\\\/2016\\\/04\\\/AAZ_Logo_Solutions.jpg\",\"contentUrl\":\"https:\\\/\\\/aazsolutions.ch\\\/wp-content\\\/uploads\\\/2016\\\/04\\\/AAZ_Logo_Solutions.jpg\",\"width\":1500,\"height\":481,\"caption\":\"A\u00e0Zsolutions SARL\"},\"image\":{\"@id\":\"https:\\\/\\\/aazsolutions.ch\\\/de\\\/#\\\/schema\\\/logo\\\/image\\\/\"},\"sameAs\":[\"https:\\\/\\\/www.facebook.com\\\/aazsolutions.ch\\\/\",\"https:\\\/\\\/www.linkedin.com\\\/showcase\\\/aazsolutions\\\/\"]}]}<\/script>\n<meta property=\"og:availability\" content=\"instock\" \/>\n<meta property=\"product:availability\" content=\"instock\" \/>\n<meta property=\"product:retailer_item_id\" content=\"20146\" \/>\n<meta property=\"product:condition\" content=\"new\" \/>\n<!-- \/ Yoast SEO Premium plugin. -->","yoast_head_json":{"title":"Rollz Motion 2-in-1 ist ein Rollator-Rollstuhl in einem einzigen Produkt","description":"Rollz Motion 2-in-1 ist ein Rollator und Rollstuhl in einem einzigen Produkt. Ideal, um die Selbstst\u00e4ndigkeit zu bewahren und gleichzeitig Erm\u00fcdung vorzubeugen","robots":{"index":"index","follow":"follow","max-snippet":"max-snippet:-1","max-image-preview":"max-image-preview:large","max-video-preview":"max-video-preview:-1"},"canonical":"https:\/\/aazsolutions.ch\/de\/produit\/rollator-rollstuhl-rollz-motion%c2%b2-2-in-1\/","og_locale":"de_DE","og_type":"article","og_title":"Rollator\/Rollstuhl ROLLZ MOTION\u00b2 \u2013 2-in-1","og_description":"Rollz Motion 2-in-1 ist ein Rollator und Rollstuhl in einem einzigen Produkt. Ideal, um die Selbstst\u00e4ndigkeit zu bewahren und gleichzeitig Erm\u00fcdung vorzubeugen","og_url":"https:\/\/aazsolutions.ch\/de\/produit\/rollator-rollstuhl-rollz-motion%c2%b2-2-in-1\/","og_site_name":"A\u00e0Zsolutions.ch","article_publisher":"https:\/\/www.facebook.com\/aazsolutions.ch\/","og_image":[{"width":978,"height":732,"url":"https:\/\/aazsolutions.ch\/wp-content\/uploads\/2026\/04\/Image-21.04.26-a-16.41.png","type":"image\/png"}],"twitter_card":"summary_large_image","twitter_misc":{"Availability":"In stock"},"schema":{"@context":"https:\/\/schema.org","@graph":[{"@type":"WebPage","@id":"https:\/\/aazsolutions.ch\/de\/produit\/rollator-rollstuhl-rollz-motion%c2%b2-2-in-1\/","url":"https:\/\/aazsolutions.ch\/de\/produit\/rollator-rollstuhl-rollz-motion%c2%b2-2-in-1\/","name":"Rollz Motion 2-in-1 ist ein Rollator-Rollstuhl in einem einzigen Produkt","isPartOf":{"@id":"https:\/\/aazsolutions.ch\/de\/#website"},"primaryImageOfPage":{"@id":"https:\/\/aazsolutions.ch\/de\/produit\/rollator-rollstuhl-rollz-motion%c2%b2-2-in-1\/#primaryimage"},"image":{"@id":"https:\/\/aazsolutions.ch\/de\/produit\/rollator-rollstuhl-rollz-motion%c2%b2-2-in-1\/#primaryimage"},"thumbnailUrl":"https:\/\/aazsolutions.ch\/wp-content\/uploads\/2026\/04\/Image-21.04.26-a-16.41.png","datePublished":"2026-04-21T15:14:06+00:00","description":"Rollz Motion 2-in-1 ist ein Rollator und Rollstuhl in einem einzigen Produkt. Ideal, um die Selbstst\u00e4ndigkeit zu bewahren und gleichzeitig Erm\u00fcdung vorzubeugen","breadcrumb":{"@id":"https:\/\/aazsolutions.ch\/de\/produit\/rollator-rollstuhl-rollz-motion%c2%b2-2-in-1\/#breadcrumb"},"inLanguage":"de","potentialAction":[{"@type":"ReadAction","target":["https:\/\/aazsolutions.ch\/de\/produit\/rollator-rollstuhl-rollz-motion%c2%b2-2-in-1\/"]}]},{"@type":"ImageObject","inLanguage":"de","@id":"https:\/\/aazsolutions.ch\/de\/produit\/rollator-rollstuhl-rollz-motion%c2%b2-2-in-1\/#primaryimage","url":"https:\/\/aazsolutions.ch\/wp-content\/uploads\/2026\/04\/Image-21.04.26-a-16.41.png","contentUrl":"https:\/\/aazsolutions.ch\/wp-content\/uploads\/2026\/04\/Image-21.04.26-a-16.41.png","width":978,"height":732},{"@type":"BreadcrumbList","@id":"https:\/\/aazsolutions.ch\/de\/produit\/rollator-rollstuhl-rollz-motion%c2%b2-2-in-1\/#breadcrumb","itemListElement":[{"@type":"ListItem","position":1,"name":"Accueil","item":"https:\/\/aazsolutions.ch\/de\/"},{"@type":"ListItem","position":2,"name":"Shop","item":"https:\/\/aazsolutions.ch\/de\/shop\/"},{"@type":"ListItem","position":3,"name":"Rollator\/Rollstuhl ROLLZ MOTION\u00b2 \u2013 2-in-1"}]},{"@type":"WebSite","@id":"https:\/\/aazsolutions.ch\/de\/#website","url":"https:\/\/aazsolutions.ch\/de\/","name":"A\u00e0Zsolutions.ch","description":"Des solutions adapt\u00e9es \u00e0 chaque difficult\u00e9!","publisher":{"@id":"https:\/\/aazsolutions.ch\/de\/#organization"},"potentialAction":[{"@type":"SearchAction","target":{"@type":"EntryPoint","urlTemplate":"https:\/\/aazsolutions.ch\/de\/?s={search_term_string}"},"query-input":{"@type":"PropertyValueSpecification","valueRequired":true,"valueName":"search_term_string"}}],"inLanguage":"de"},{"@type":"Organization","@id":"https:\/\/aazsolutions.ch\/de\/#organization","name":"A\u00e0Zsolutions SARL","url":"https:\/\/aazsolutions.ch\/de\/","logo":{"@type":"ImageObject","inLanguage":"de","@id":"https:\/\/aazsolutions.ch\/de\/#\/schema\/logo\/image\/","url":"https:\/\/aazsolutions.ch\/wp-content\/uploads\/2016\/04\/AAZ_Logo_Solutions.jpg","contentUrl":"https:\/\/aazsolutions.ch\/wp-content\/uploads\/2016\/04\/AAZ_Logo_Solutions.jpg","width":1500,"height":481,"caption":"A\u00e0Zsolutions SARL"},"image":{"@id":"https:\/\/aazsolutions.ch\/de\/#\/schema\/logo\/image\/"},"sameAs":["https:\/\/www.facebook.com\/aazsolutions.ch\/","https:\/\/www.linkedin.com\/showcase\/aazsolutions\/"]}]},"og_availability":"instock","product_availability":"instock","product_retailer_item_id":"20146","product_condition":"new"},"_links":{"self":[{"href":"https:\/\/aazsolutions.ch\/de\/wp-json\/wp\/v2\/product\/34442","targetHints":{"allow":["GET"]}}],"collection":[{"href":"https:\/\/aazsolutions.ch\/de\/wp-json\/wp\/v2\/product"}],"about":[{"href":"https:\/\/aazsolutions.ch\/de\/wp-json\/wp\/v2\/types\/product"}],"replies":[{"embeddable":true,"href":"https:\/\/aazsolutions.ch\/de\/wp-json\/wp\/v2\/comments?post=34442"}],"wp:featuredmedia":[{"embeddable":true,"href":"https:\/\/aazsolutions.ch\/de\/wp-json\/wp\/v2\/media\/33550"}],"wp:attachment":[{"href":"https:\/\/aazsolutions.ch\/de\/wp-json\/wp\/v2\/media?parent=34442"}],"wp:term":[{"taxonomy":"product_brand","embeddable":true,"href":"https:\/\/aazsolutions.ch\/de\/wp-json\/wp\/v2\/product_brand?post=34442"},{"taxonomy":"product_cat","embeddable":true,"href":"https:\/\/aazsolutions.ch\/de\/wp-json\/wp\/v2\/product_cat?post=34442"},{"taxonomy":"product_tag","embeddable":true,"href":"https:\/\/aazsolutions.ch\/de\/wp-json\/wp\/v2\/product_tag?post=34442"}],"curies":[{"name":"wp","href":"https:\/\/api.w.org\/{rel}","templated":true}]}}