{"id":34460,"date":"2019-01-01T00:00:00","date_gmt":"2018-12-31T23:00:00","guid":{"rendered":"https:\/\/aazsolutions.ch\/produit\/rollator-3-raeder-grau-druckbremsen\/"},"modified":"2019-01-01T00:00:00","modified_gmt":"2018-12-31T23:00:00","slug":"rollator-3-raeder-grau-druckbremsen","status":"publish","type":"product","link":"https:\/\/aazsolutions.ch\/de\/produit\/rollator-3-raeder-grau-druckbremsen\/","title":{"rendered":"Rollator 3 R\u00e4der GRAU (Druckbremsen)"},"content":{"rendered":"<h2>Rollator 3 R\u00e4der GRAU (Druckbremsen) \u2013 Leicht, kompakt und sicher<\/h2>\n<p>Der <strong>Rollator 3 R\u00e4der GRAU (Druckbremsen)<\/strong> ist eine ideale Gehhilfe f\u00fcr Personen, die eine zuverl\u00e4ssige Unterst\u00fctzung im Alltag suchen. Sein kompaktes und wendiges Design erm\u00f6glicht den Einsatz sowohl im Innen- als auch im Aussenbereich, selbst in engen R\u00e4umen. <\/p>\n<p>Zudem ist dieses Modell mit <strong>Druckbremsen<\/strong> ausgestattet. Das bedeutet, dass ein einfacher Druck nach unten auf die Griffe ausreicht, um den Rollator zu blockieren. Dieses System garantiert ein sicheres Anhalten und st\u00e4rkt das Vertrauen des Benutzers bei jeder Bewegung.  <\/p>\n<p>Dar\u00fcber hinaus sorgen die drei grossen R\u00e4der f\u00fcr eine ausgezeichnete Wendigkeit, insbesondere auf unebenen Oberfl\u00e4chen. Die <strong>Aluminiumkonstruktion<\/strong>, die zugleich leicht und robust ist, erleichtert den Transport. Umso mehr, als er sich schnell zusammenklappen l\u00e4sst, was f\u00fcr die Aufbewahrung oder Autofahrten praktisch ist.  <\/p>\n<h3>\u2705 Hauptmerkmale:<\/h3>\n<ul>\n<li>Kompaktes 3-Rad-Design f\u00fcr fl\u00fcssige Fortbewegung<\/li>\n<li>Einfache und sichere Druckbremsen<\/li>\n<li>Leichte und faltbare Aluminiumkonstruktion<\/li>\n<li>Ergonomische, h\u00f6henverstellbare Griffe<\/li>\n<li>Geeignet f\u00fcr den Innen- und Aussenbereich<\/li>\n<\/ul>\n<h3>Mobile Unterst\u00fctzung im Alltag<\/h3>\n<p>Dank seiner Effizienz und Einfachheit erm\u00f6glicht der <strong>Rollator 3 R\u00e4der (Druckbremsen)<\/strong>, Ihre Selbstst\u00e4ndigkeit in v\u00f6lliger Sicherheit zu bewahren. <strong>Bestellen Sie ihn jetzt \u2013 Schnelle und sorgf\u00e4ltige Lieferung in der Schweiz!<\/strong><\/p>\n","protected":false},"excerpt":{"rendered":"<h2>Spezifikationen<\/h2>\n<ul>\n<li>Farbe: Grau<\/li>\n<\/ul>\n","protected":false},"featured_media":32740,"comment_status":"closed","ping_status":"closed","template":"","meta":{"_et_pb_use_builder":"","_et_pb_old_content":"","_et_gb_content_width":"","inline_featured_image":false},"product_brand":[],"product_cat":[1209,1284],"product_tag":[],"class_list":{"0":"post-34460","1":"product","2":"type-product","3":"status-publish","4":"has-post-thumbnail","6":"product_cat-2-mobilitat","7":"product_cat-3-rad-rollator","9":"first","10":"instock","11":"taxable","12":"shipping-taxable","13":"purchasable","14":"product-type-simple"},"yoast_head":"<!-- This site is optimized with the Yoast SEO Premium plugin v27.2 (Yoast SEO v27.5) - https:\/\/yoast.com\/product\/yoast-seo-premium-wordpress\/ -->\n<title>Rollator 3 R\u00e4der GRAU (Druckbremsen) \u2013 Leicht und wendig<\/title>\n<meta name=\"description\" content=\"Rollator 3 R\u00e4der GRAU mit Druckbremsen. Leicht, kompakt, wendig und sicher. Ideal f\u00fcr den Einsatz im Innen- und Aussenbereich.\" \/>\n<meta name=\"robots\" content=\"index, follow, max-snippet:-1, max-image-preview:large, max-video-preview:-1\" \/>\n<link rel=\"canonical\" href=\"https:\/\/aazsolutions.ch\/de\/produit\/rollator-3-raeder-grau-druckbremsen\/\" \/>\n<meta property=\"og:locale\" content=\"de_DE\" \/>\n<meta property=\"og:type\" content=\"article\" \/>\n<meta property=\"og:title\" content=\"Rollator 3 R\u00e4der GRAU (Druckbremsen)\" \/>\n<meta property=\"og:description\" content=\"Rollator 3 R\u00e4der GRAU mit Druckbremsen. Leicht, kompakt, wendig und sicher. Ideal f\u00fcr den Einsatz im Innen- und Aussenbereich.\" \/>\n<meta property=\"og:url\" content=\"https:\/\/aazsolutions.ch\/de\/produit\/rollator-3-raeder-grau-druckbremsen\/\" \/>\n<meta property=\"og:site_name\" content=\"A\u00e0Zsolutions.ch\" \/>\n<meta property=\"article:publisher\" content=\"https:\/\/www.facebook.com\/aazsolutions.ch\/\" \/>\n<meta property=\"og:image\" content=\"https:\/\/aazsolutions.ch\/wp-content\/uploads\/2025\/03\/20077.jpg\" \/>\n\t<meta property=\"og:image:width\" content=\"1120\" \/>\n\t<meta property=\"og:image:height\" content=\"1120\" \/>\n\t<meta property=\"og:image:type\" content=\"image\/jpeg\" \/>\n<meta name=\"twitter:card\" content=\"summary_large_image\" \/>\n<meta name=\"twitter:label1\" content=\"Preis\" \/>\n\t<meta name=\"twitter:data1\" content=\"150.00&nbsp;&#067;&#072;&#070; TVA incluse\" \/>\n\t<meta name=\"twitter:label2\" content=\"Verf\u00fcgbarkeit\" \/>\n\t<meta name=\"twitter:data2\" content=\"Auf Lager\" \/>\n<script type=\"application\/ld+json\" class=\"yoast-schema-graph\">{\"@context\":\"https:\\\/\\\/schema.org\",\"@graph\":[{\"@type\":\"WebPage\",\"@id\":\"https:\\\/\\\/aazsolutions.ch\\\/de\\\/produit\\\/rollator-3-raeder-grau-druckbremsen\\\/\",\"url\":\"https:\\\/\\\/aazsolutions.ch\\\/de\\\/produit\\\/rollator-3-raeder-grau-druckbremsen\\\/\",\"name\":\"Rollator 3 R\u00e4der GRAU (Druckbremsen) \u2013 Leicht und wendig\",\"isPartOf\":{\"@id\":\"https:\\\/\\\/aazsolutions.ch\\\/de\\\/#website\"},\"primaryImageOfPage\":{\"@id\":\"https:\\\/\\\/aazsolutions.ch\\\/de\\\/produit\\\/rollator-3-raeder-grau-druckbremsen\\\/#primaryimage\"},\"image\":{\"@id\":\"https:\\\/\\\/aazsolutions.ch\\\/de\\\/produit\\\/rollator-3-raeder-grau-druckbremsen\\\/#primaryimage\"},\"thumbnailUrl\":\"https:\\\/\\\/aazsolutions.ch\\\/wp-content\\\/uploads\\\/2025\\\/03\\\/20077.jpg\",\"datePublished\":\"2018-12-31T23:00:00+00:00\",\"description\":\"Rollator 3 R\u00e4der GRAU mit Druckbremsen. Leicht, kompakt, wendig und sicher. Ideal f\u00fcr den Einsatz im Innen- und Aussenbereich.\",\"breadcrumb\":{\"@id\":\"https:\\\/\\\/aazsolutions.ch\\\/de\\\/produit\\\/rollator-3-raeder-grau-druckbremsen\\\/#breadcrumb\"},\"inLanguage\":\"de\",\"potentialAction\":[{\"@type\":\"ReadAction\",\"target\":[\"https:\\\/\\\/aazsolutions.ch\\\/de\\\/produit\\\/rollator-3-raeder-grau-druckbremsen\\\/\"]}]},{\"@type\":\"ImageObject\",\"inLanguage\":\"de\",\"@id\":\"https:\\\/\\\/aazsolutions.ch\\\/de\\\/produit\\\/rollator-3-raeder-grau-druckbremsen\\\/#primaryimage\",\"url\":\"https:\\\/\\\/aazsolutions.ch\\\/wp-content\\\/uploads\\\/2025\\\/03\\\/20077.jpg\",\"contentUrl\":\"https:\\\/\\\/aazsolutions.ch\\\/wp-content\\\/uploads\\\/2025\\\/03\\\/20077.jpg\",\"width\":1120,\"height\":1120,\"caption\":\"Rollator 3 roues GRIS pliable avec syst\u00e8me de frein \u00e0 pression\"},{\"@type\":\"BreadcrumbList\",\"@id\":\"https:\\\/\\\/aazsolutions.ch\\\/de\\\/produit\\\/rollator-3-raeder-grau-druckbremsen\\\/#breadcrumb\",\"itemListElement\":[{\"@type\":\"ListItem\",\"position\":1,\"name\":\"Accueil\",\"item\":\"https:\\\/\\\/aazsolutions.ch\\\/de\\\/\"},{\"@type\":\"ListItem\",\"position\":2,\"name\":\"Shop\",\"item\":\"https:\\\/\\\/aazsolutions.ch\\\/de\\\/shop\\\/\"},{\"@type\":\"ListItem\",\"position\":3,\"name\":\"Rollator 3 R\u00e4der GRAU (Druckbremsen)\"}]},{\"@type\":\"WebSite\",\"@id\":\"https:\\\/\\\/aazsolutions.ch\\\/de\\\/#website\",\"url\":\"https:\\\/\\\/aazsolutions.ch\\\/de\\\/\",\"name\":\"A\u00e0Zsolutions.ch\",\"description\":\"Des solutions adapt\u00e9es \u00e0 chaque difficult\u00e9!\",\"publisher\":{\"@id\":\"https:\\\/\\\/aazsolutions.ch\\\/de\\\/#organization\"},\"potentialAction\":[{\"@type\":\"SearchAction\",\"target\":{\"@type\":\"EntryPoint\",\"urlTemplate\":\"https:\\\/\\\/aazsolutions.ch\\\/de\\\/?s={search_term_string}\"},\"query-input\":{\"@type\":\"PropertyValueSpecification\",\"valueRequired\":true,\"valueName\":\"search_term_string\"}}],\"inLanguage\":\"de\"},{\"@type\":\"Organization\",\"@id\":\"https:\\\/\\\/aazsolutions.ch\\\/de\\\/#organization\",\"name\":\"A\u00e0Zsolutions SARL\",\"url\":\"https:\\\/\\\/aazsolutions.ch\\\/de\\\/\",\"logo\":{\"@type\":\"ImageObject\",\"inLanguage\":\"de\",\"@id\":\"https:\\\/\\\/aazsolutions.ch\\\/de\\\/#\\\/schema\\\/logo\\\/image\\\/\",\"url\":\"https:\\\/\\\/aazsolutions.ch\\\/wp-content\\\/uploads\\\/2016\\\/04\\\/AAZ_Logo_Solutions.jpg\",\"contentUrl\":\"https:\\\/\\\/aazsolutions.ch\\\/wp-content\\\/uploads\\\/2016\\\/04\\\/AAZ_Logo_Solutions.jpg\",\"width\":1500,\"height\":481,\"caption\":\"A\u00e0Zsolutions SARL\"},\"image\":{\"@id\":\"https:\\\/\\\/aazsolutions.ch\\\/de\\\/#\\\/schema\\\/logo\\\/image\\\/\"},\"sameAs\":[\"https:\\\/\\\/www.facebook.com\\\/aazsolutions.ch\\\/\",\"https:\\\/\\\/www.linkedin.com\\\/showcase\\\/aazsolutions\\\/\"]}]}<\/script>\n<meta property=\"product:price:amount\" content=\"150.00\" \/>\n<meta property=\"product:price:currency\" content=\"CHF\" \/>\n<meta property=\"og:availability\" content=\"instock\" \/>\n<meta property=\"product:availability\" content=\"instock\" \/>\n<meta property=\"product:retailer_item_id\" content=\"20077\" \/>\n<meta property=\"product:condition\" content=\"new\" \/>\n<!-- \/ Yoast SEO Premium plugin. -->","yoast_head_json":{"title":"Rollator 3 R\u00e4der GRAU (Druckbremsen) \u2013 Leicht und wendig","description":"Rollator 3 R\u00e4der GRAU mit Druckbremsen. Leicht, kompakt, wendig und sicher. Ideal f\u00fcr den Einsatz im Innen- und Aussenbereich.","robots":{"index":"index","follow":"follow","max-snippet":"max-snippet:-1","max-image-preview":"max-image-preview:large","max-video-preview":"max-video-preview:-1"},"canonical":"https:\/\/aazsolutions.ch\/de\/produit\/rollator-3-raeder-grau-druckbremsen\/","og_locale":"de_DE","og_type":"article","og_title":"Rollator 3 R\u00e4der GRAU (Druckbremsen)","og_description":"Rollator 3 R\u00e4der GRAU mit Druckbremsen. Leicht, kompakt, wendig und sicher. Ideal f\u00fcr den Einsatz im Innen- und Aussenbereich.","og_url":"https:\/\/aazsolutions.ch\/de\/produit\/rollator-3-raeder-grau-druckbremsen\/","og_site_name":"A\u00e0Zsolutions.ch","article_publisher":"https:\/\/www.facebook.com\/aazsolutions.ch\/","og_image":[{"width":1120,"height":1120,"url":"https:\/\/aazsolutions.ch\/wp-content\/uploads\/2025\/03\/20077.jpg","type":"image\/jpeg"}],"twitter_card":"summary_large_image","twitter_misc":{"Preis":"150.00&nbsp;&#67;&#72;&#70; TVA incluse","Verf\u00fcgbarkeit":"Auf Lager"},"schema":{"@context":"https:\/\/schema.org","@graph":[{"@type":"WebPage","@id":"https:\/\/aazsolutions.ch\/de\/produit\/rollator-3-raeder-grau-druckbremsen\/","url":"https:\/\/aazsolutions.ch\/de\/produit\/rollator-3-raeder-grau-druckbremsen\/","name":"Rollator 3 R\u00e4der GRAU (Druckbremsen) \u2013 Leicht und wendig","isPartOf":{"@id":"https:\/\/aazsolutions.ch\/de\/#website"},"primaryImageOfPage":{"@id":"https:\/\/aazsolutions.ch\/de\/produit\/rollator-3-raeder-grau-druckbremsen\/#primaryimage"},"image":{"@id":"https:\/\/aazsolutions.ch\/de\/produit\/rollator-3-raeder-grau-druckbremsen\/#primaryimage"},"thumbnailUrl":"https:\/\/aazsolutions.ch\/wp-content\/uploads\/2025\/03\/20077.jpg","datePublished":"2018-12-31T23:00:00+00:00","description":"Rollator 3 R\u00e4der GRAU mit Druckbremsen. Leicht, kompakt, wendig und sicher. Ideal f\u00fcr den Einsatz im Innen- und Aussenbereich.","breadcrumb":{"@id":"https:\/\/aazsolutions.ch\/de\/produit\/rollator-3-raeder-grau-druckbremsen\/#breadcrumb"},"inLanguage":"de","potentialAction":[{"@type":"ReadAction","target":["https:\/\/aazsolutions.ch\/de\/produit\/rollator-3-raeder-grau-druckbremsen\/"]}]},{"@type":"ImageObject","inLanguage":"de","@id":"https:\/\/aazsolutions.ch\/de\/produit\/rollator-3-raeder-grau-druckbremsen\/#primaryimage","url":"https:\/\/aazsolutions.ch\/wp-content\/uploads\/2025\/03\/20077.jpg","contentUrl":"https:\/\/aazsolutions.ch\/wp-content\/uploads\/2025\/03\/20077.jpg","width":1120,"height":1120,"caption":"Rollator 3 roues GRIS pliable avec syst\u00e8me de frein \u00e0 pression"},{"@type":"BreadcrumbList","@id":"https:\/\/aazsolutions.ch\/de\/produit\/rollator-3-raeder-grau-druckbremsen\/#breadcrumb","itemListElement":[{"@type":"ListItem","position":1,"name":"Accueil","item":"https:\/\/aazsolutions.ch\/de\/"},{"@type":"ListItem","position":2,"name":"Shop","item":"https:\/\/aazsolutions.ch\/de\/shop\/"},{"@type":"ListItem","position":3,"name":"Rollator 3 R\u00e4der GRAU (Druckbremsen)"}]},{"@type":"WebSite","@id":"https:\/\/aazsolutions.ch\/de\/#website","url":"https:\/\/aazsolutions.ch\/de\/","name":"A\u00e0Zsolutions.ch","description":"Des solutions adapt\u00e9es \u00e0 chaque difficult\u00e9!","publisher":{"@id":"https:\/\/aazsolutions.ch\/de\/#organization"},"potentialAction":[{"@type":"SearchAction","target":{"@type":"EntryPoint","urlTemplate":"https:\/\/aazsolutions.ch\/de\/?s={search_term_string}"},"query-input":{"@type":"PropertyValueSpecification","valueRequired":true,"valueName":"search_term_string"}}],"inLanguage":"de"},{"@type":"Organization","@id":"https:\/\/aazsolutions.ch\/de\/#organization","name":"A\u00e0Zsolutions SARL","url":"https:\/\/aazsolutions.ch\/de\/","logo":{"@type":"ImageObject","inLanguage":"de","@id":"https:\/\/aazsolutions.ch\/de\/#\/schema\/logo\/image\/","url":"https:\/\/aazsolutions.ch\/wp-content\/uploads\/2016\/04\/AAZ_Logo_Solutions.jpg","contentUrl":"https:\/\/aazsolutions.ch\/wp-content\/uploads\/2016\/04\/AAZ_Logo_Solutions.jpg","width":1500,"height":481,"caption":"A\u00e0Zsolutions SARL"},"image":{"@id":"https:\/\/aazsolutions.ch\/de\/#\/schema\/logo\/image\/"},"sameAs":["https:\/\/www.facebook.com\/aazsolutions.ch\/","https:\/\/www.linkedin.com\/showcase\/aazsolutions\/"]}]},"product_price_amount":"150.00","product_price_currency":"CHF","og_availability":"instock","product_availability":"instock","product_retailer_item_id":"20077","product_condition":"new"},"_links":{"self":[{"href":"https:\/\/aazsolutions.ch\/de\/wp-json\/wp\/v2\/product\/34460","targetHints":{"allow":["GET"]}}],"collection":[{"href":"https:\/\/aazsolutions.ch\/de\/wp-json\/wp\/v2\/product"}],"about":[{"href":"https:\/\/aazsolutions.ch\/de\/wp-json\/wp\/v2\/types\/product"}],"replies":[{"embeddable":true,"href":"https:\/\/aazsolutions.ch\/de\/wp-json\/wp\/v2\/comments?post=34460"}],"wp:featuredmedia":[{"embeddable":true,"href":"https:\/\/aazsolutions.ch\/de\/wp-json\/wp\/v2\/media\/32740"}],"wp:attachment":[{"href":"https:\/\/aazsolutions.ch\/de\/wp-json\/wp\/v2\/media?parent=34460"}],"wp:term":[{"taxonomy":"product_brand","embeddable":true,"href":"https:\/\/aazsolutions.ch\/de\/wp-json\/wp\/v2\/product_brand?post=34460"},{"taxonomy":"product_cat","embeddable":true,"href":"https:\/\/aazsolutions.ch\/de\/wp-json\/wp\/v2\/product_cat?post=34460"},{"taxonomy":"product_tag","embeddable":true,"href":"https:\/\/aazsolutions.ch\/de\/wp-json\/wp\/v2\/product_tag?post=34460"}],"curies":[{"name":"wp","href":"https:\/\/api.w.org\/{rel}","templated":true}]}}