{"id":34468,"date":"2019-01-01T00:00:00","date_gmt":"2018-12-31T23:00:00","guid":{"rendered":"https:\/\/aazsolutions.ch\/produit\/alova-galbe-schaumstoffkissen\/"},"modified":"2019-01-01T00:00:00","modified_gmt":"2018-12-31T23:00:00","slug":"alova-galbe-schaumstoffkissen","status":"publish","type":"product","link":"https:\/\/aazsolutions.ch\/de\/produit\/alova-galbe-schaumstoffkissen\/","title":{"rendered":"Alova Galb\u00e9 Schaumstoffkissen"},"content":{"rendered":"<h2>Alova Galb\u00e9 Schaumstoffkissen \u2013 Eintauchen und Dekubitusprophylaxe<\/h2>\n<p>Das <strong>Alova Galb\u00e9 Schaumstoffkissen<\/strong> ist aus viskoelastischem Material geformt, um das Eintauchen der Kontaktzonen zu f\u00f6rdern und Maximaldruckwerte zu senken. Ideal f\u00fcr Patienten mit mittlerem bis hohem Dekubitusrisiko vereint es Komfort und Sicherheit. <\/p>\n<h3>\u2705 Hauptmerkmale:<\/h3>\n<ul>\n<li><strong>Viskoelastisch geformt<\/strong>: Anatomische Form f\u00fcr optimales Eintauchen.<\/li>\n<li><strong>Rundumschutz<\/strong>: Rutschfeste Unterseite des Bezugs, um das Kissen in Position zu halten.<\/li>\n<li><strong>Thermoregulierendes Textil<\/strong>: Promust PU (polyurethanbeschichteter Jersey) f\u00fcr thermischen Komfort.<\/li>\n<li><strong>Krankenhaustauglichkeit<\/strong>: Bezug best\u00e4ndig gegen Reinigungs- und Desinfektionsmittel.<\/li>\n<li><strong>Integrierter Griff<\/strong>: Erm\u00f6glicht einfachen Transport und Entnahme.<\/li>\n<\/ul>\n<p>Das zur Dekubitusprophylaxe und Komfortsteigerung entwickelte <strong>Schaumstoffkissen<\/strong> passt sich verschiedenen Pflegeumgebungen an und garantiert zuverl\u00e4ssige, hygienische Unterst\u00fctzung.<\/p>\n<h3>Bestellen Sie jetzt Ihr <strong>Alova Galb\u00e9 Schaumstoffkissen<\/strong> f\u00fcr effektiven Schutz und dauerhaften Komfort!<\/h3>\n","protected":false},"excerpt":{"rendered":"<h2>Spezifikationen<\/h2>\n<ul>\n<li>H\u00f6he: 9 und 10 cm<\/li>\n<li>H\u00f6he an der tiefsten Stelle: 6 bis 7 cm<\/li>\n<li>Tiefe: 41, 43, 44 cm<\/li>\n<li>Tiefe: 40, 47, 50 cm <span style=\"color: red;\">auf Bestellung<\/span><\/li>\n<li>Gesamtbreite: 40, 43, 45 cm<\/li>\n<li>Gesamtbreite: 38, 50, 52, 54, 56, 60 cm <span style=\"color: red;\">auf Bestellung<\/span><\/li>\n<li>Max. Benutzergewicht Benutzergewicht: 90 bis 200 kg je nach Gr\u00f6\u00dfe<\/li>\n<li>Brandschutznormen: EN 597-1 und 2<\/li>\n<li>Waschbar bis 90 \u00b0C<\/li>\n<li>Lieferung inklusive Bezug<\/li>\n<\/ul>\n","protected":false},"featured_media":31791,"comment_status":"closed","ping_status":"closed","template":"","meta":{"_et_pb_use_builder":"","_et_pb_old_content":"","_et_gb_content_width":"","inline_featured_image":false},"product_brand":[],"product_cat":[1227,1287],"product_tag":[],"class_list":{"0":"post-34468","1":"product","2":"type-product","3":"status-publish","4":"has-post-thumbnail","6":"product_cat-3-ruhe","7":"product_cat-kissen","8":"product_shipping_class-a","9":"pa_largeur-40cm","10":"pa_largeur-43cm","11":"pa_largeur-45cm","12":"pa_longueur-41cm","13":"pa_longueur-43cm","14":"pa_longueur-44cm","15":"pa_modele-gewicht-100-kg","16":"pa_modele-gewicht-120-kg","17":"pa_modele-gewicht-90-kg","19":"first","20":"instock","21":"taxable","22":"shipping-taxable","23":"purchasable","24":"product-type-variable"},"yoast_head":"<!-- This site is optimized with the Yoast SEO Premium plugin v27.2 (Yoast SEO v27.5) - https:\/\/yoast.com\/product\/yoast-seo-premium-wordpress\/ -->\n<title>Alova Galb\u00e9 Schaumstoffkissen \u2013 Eintauchen und Dekubitusprophylaxe<\/title>\n<meta name=\"description\" content=\"Das viskoelastische Alova Galb\u00e9 Schaumstoffkissen reduziert Druck und beugt Dekubitus vor. Rutschfester Bezug, thermoregulierendes Textil und Tragegriff.\" \/>\n<meta name=\"robots\" content=\"index, follow, max-snippet:-1, max-image-preview:large, max-video-preview:-1\" \/>\n<link rel=\"canonical\" href=\"https:\/\/aazsolutions.ch\/de\/produit\/alova-galbe-schaumstoffkissen\/\" \/>\n<meta property=\"og:locale\" content=\"de_DE\" \/>\n<meta property=\"og:type\" content=\"article\" \/>\n<meta property=\"og:title\" content=\"Alova Galb\u00e9 Schaumstoffkissen\" \/>\n<meta property=\"og:description\" content=\"Das viskoelastische Alova Galb\u00e9 Schaumstoffkissen reduziert Druck und beugt Dekubitus vor. Rutschfester Bezug, thermoregulierendes Textil und Tragegriff.\" \/>\n<meta property=\"og:url\" content=\"https:\/\/aazsolutions.ch\/de\/produit\/alova-galbe-schaumstoffkissen\/\" \/>\n<meta property=\"og:site_name\" content=\"A\u00e0Zsolutions.ch\" \/>\n<meta property=\"article:publisher\" content=\"https:\/\/www.facebook.com\/aazsolutions.ch\/\" \/>\n<meta property=\"og:image\" content=\"https:\/\/aazsolutions.ch\/wp-content\/uploads\/2025\/03\/30028.jpg\" \/>\n\t<meta property=\"og:image:width\" content=\"1120\" \/>\n\t<meta property=\"og:image:height\" content=\"1120\" \/>\n\t<meta property=\"og:image:type\" content=\"image\/jpeg\" \/>\n<meta name=\"twitter:card\" content=\"summary_large_image\" \/>\n<meta name=\"twitter:label1\" content=\"Verf\u00fcgbarkeit\" \/>\n\t<meta name=\"twitter:data1\" content=\"Auf Lager\" \/>\n<script type=\"application\/ld+json\" class=\"yoast-schema-graph\">{\"@context\":\"https:\\\/\\\/schema.org\",\"@graph\":[{\"@type\":\"WebPage\",\"@id\":\"https:\\\/\\\/aazsolutions.ch\\\/de\\\/produit\\\/alova-galbe-schaumstoffkissen\\\/\",\"url\":\"https:\\\/\\\/aazsolutions.ch\\\/de\\\/produit\\\/alova-galbe-schaumstoffkissen\\\/\",\"name\":\"Alova Galb\u00e9 Schaumstoffkissen \u2013 Eintauchen und Dekubitusprophylaxe\",\"isPartOf\":{\"@id\":\"https:\\\/\\\/aazsolutions.ch\\\/de\\\/#website\"},\"primaryImageOfPage\":{\"@id\":\"https:\\\/\\\/aazsolutions.ch\\\/de\\\/produit\\\/alova-galbe-schaumstoffkissen\\\/#primaryimage\"},\"image\":{\"@id\":\"https:\\\/\\\/aazsolutions.ch\\\/de\\\/produit\\\/alova-galbe-schaumstoffkissen\\\/#primaryimage\"},\"thumbnailUrl\":\"https:\\\/\\\/aazsolutions.ch\\\/wp-content\\\/uploads\\\/2025\\\/03\\\/30028.jpg\",\"datePublished\":\"2018-12-31T23:00:00+00:00\",\"description\":\"Das viskoelastische Alova Galb\u00e9 Schaumstoffkissen reduziert Druck und beugt Dekubitus vor. Rutschfester Bezug, thermoregulierendes Textil und Tragegriff.\",\"breadcrumb\":{\"@id\":\"https:\\\/\\\/aazsolutions.ch\\\/de\\\/produit\\\/alova-galbe-schaumstoffkissen\\\/#breadcrumb\"},\"inLanguage\":\"de\",\"potentialAction\":[{\"@type\":\"ReadAction\",\"target\":[\"https:\\\/\\\/aazsolutions.ch\\\/de\\\/produit\\\/alova-galbe-schaumstoffkissen\\\/\"]}]},{\"@type\":\"ImageObject\",\"inLanguage\":\"de\",\"@id\":\"https:\\\/\\\/aazsolutions.ch\\\/de\\\/produit\\\/alova-galbe-schaumstoffkissen\\\/#primaryimage\",\"url\":\"https:\\\/\\\/aazsolutions.ch\\\/wp-content\\\/uploads\\\/2025\\\/03\\\/30028.jpg\",\"contentUrl\":\"https:\\\/\\\/aazsolutions.ch\\\/wp-content\\\/uploads\\\/2025\\\/03\\\/30028.jpg\",\"width\":1120,\"height\":1120,\"caption\":\"Coussin mousse Alova Galb\u00e9 visco\u00e9lastique galb\u00e9 pour immersion et r\u00e9duction des pressions\"},{\"@type\":\"BreadcrumbList\",\"@id\":\"https:\\\/\\\/aazsolutions.ch\\\/de\\\/produit\\\/alova-galbe-schaumstoffkissen\\\/#breadcrumb\",\"itemListElement\":[{\"@type\":\"ListItem\",\"position\":1,\"name\":\"Accueil\",\"item\":\"https:\\\/\\\/aazsolutions.ch\\\/de\\\/\"},{\"@type\":\"ListItem\",\"position\":2,\"name\":\"Shop\",\"item\":\"https:\\\/\\\/aazsolutions.ch\\\/de\\\/shop\\\/\"},{\"@type\":\"ListItem\",\"position\":3,\"name\":\"Alova Galb\u00e9 Schaumstoffkissen\"}]},{\"@type\":\"WebSite\",\"@id\":\"https:\\\/\\\/aazsolutions.ch\\\/de\\\/#website\",\"url\":\"https:\\\/\\\/aazsolutions.ch\\\/de\\\/\",\"name\":\"A\u00e0Zsolutions.ch\",\"description\":\"Des solutions adapt\u00e9es \u00e0 chaque difficult\u00e9!\",\"publisher\":{\"@id\":\"https:\\\/\\\/aazsolutions.ch\\\/de\\\/#organization\"},\"potentialAction\":[{\"@type\":\"SearchAction\",\"target\":{\"@type\":\"EntryPoint\",\"urlTemplate\":\"https:\\\/\\\/aazsolutions.ch\\\/de\\\/?s={search_term_string}\"},\"query-input\":{\"@type\":\"PropertyValueSpecification\",\"valueRequired\":true,\"valueName\":\"search_term_string\"}}],\"inLanguage\":\"de\"},{\"@type\":\"Organization\",\"@id\":\"https:\\\/\\\/aazsolutions.ch\\\/de\\\/#organization\",\"name\":\"A\u00e0Zsolutions SARL\",\"url\":\"https:\\\/\\\/aazsolutions.ch\\\/de\\\/\",\"logo\":{\"@type\":\"ImageObject\",\"inLanguage\":\"de\",\"@id\":\"https:\\\/\\\/aazsolutions.ch\\\/de\\\/#\\\/schema\\\/logo\\\/image\\\/\",\"url\":\"https:\\\/\\\/aazsolutions.ch\\\/wp-content\\\/uploads\\\/2016\\\/04\\\/AAZ_Logo_Solutions.jpg\",\"contentUrl\":\"https:\\\/\\\/aazsolutions.ch\\\/wp-content\\\/uploads\\\/2016\\\/04\\\/AAZ_Logo_Solutions.jpg\",\"width\":1500,\"height\":481,\"caption\":\"A\u00e0Zsolutions SARL\"},\"image\":{\"@id\":\"https:\\\/\\\/aazsolutions.ch\\\/de\\\/#\\\/schema\\\/logo\\\/image\\\/\"},\"sameAs\":[\"https:\\\/\\\/www.facebook.com\\\/aazsolutions.ch\\\/\",\"https:\\\/\\\/www.linkedin.com\\\/showcase\\\/aazsolutions\\\/\"]}]}<\/script>\n<meta property=\"og:availability\" content=\"instock\" \/>\n<meta property=\"product:availability\" content=\"instock\" \/>\n<meta property=\"product:retailer_item_id\" content=\"30028\" \/>\n<meta property=\"product:condition\" content=\"new\" \/>\n<!-- \/ Yoast SEO Premium plugin. -->","yoast_head_json":{"title":"Alova Galb\u00e9 Schaumstoffkissen \u2013 Eintauchen und Dekubitusprophylaxe","description":"Das viskoelastische Alova Galb\u00e9 Schaumstoffkissen reduziert Druck und beugt Dekubitus vor. Rutschfester Bezug, thermoregulierendes Textil und Tragegriff.","robots":{"index":"index","follow":"follow","max-snippet":"max-snippet:-1","max-image-preview":"max-image-preview:large","max-video-preview":"max-video-preview:-1"},"canonical":"https:\/\/aazsolutions.ch\/de\/produit\/alova-galbe-schaumstoffkissen\/","og_locale":"de_DE","og_type":"article","og_title":"Alova Galb\u00e9 Schaumstoffkissen","og_description":"Das viskoelastische Alova Galb\u00e9 Schaumstoffkissen reduziert Druck und beugt Dekubitus vor. Rutschfester Bezug, thermoregulierendes Textil und Tragegriff.","og_url":"https:\/\/aazsolutions.ch\/de\/produit\/alova-galbe-schaumstoffkissen\/","og_site_name":"A\u00e0Zsolutions.ch","article_publisher":"https:\/\/www.facebook.com\/aazsolutions.ch\/","og_image":[{"width":1120,"height":1120,"url":"https:\/\/aazsolutions.ch\/wp-content\/uploads\/2025\/03\/30028.jpg","type":"image\/jpeg"}],"twitter_card":"summary_large_image","twitter_misc":{"Verf\u00fcgbarkeit":"Auf Lager"},"schema":{"@context":"https:\/\/schema.org","@graph":[{"@type":"WebPage","@id":"https:\/\/aazsolutions.ch\/de\/produit\/alova-galbe-schaumstoffkissen\/","url":"https:\/\/aazsolutions.ch\/de\/produit\/alova-galbe-schaumstoffkissen\/","name":"Alova Galb\u00e9 Schaumstoffkissen \u2013 Eintauchen und Dekubitusprophylaxe","isPartOf":{"@id":"https:\/\/aazsolutions.ch\/de\/#website"},"primaryImageOfPage":{"@id":"https:\/\/aazsolutions.ch\/de\/produit\/alova-galbe-schaumstoffkissen\/#primaryimage"},"image":{"@id":"https:\/\/aazsolutions.ch\/de\/produit\/alova-galbe-schaumstoffkissen\/#primaryimage"},"thumbnailUrl":"https:\/\/aazsolutions.ch\/wp-content\/uploads\/2025\/03\/30028.jpg","datePublished":"2018-12-31T23:00:00+00:00","description":"Das viskoelastische Alova Galb\u00e9 Schaumstoffkissen reduziert Druck und beugt Dekubitus vor. Rutschfester Bezug, thermoregulierendes Textil und Tragegriff.","breadcrumb":{"@id":"https:\/\/aazsolutions.ch\/de\/produit\/alova-galbe-schaumstoffkissen\/#breadcrumb"},"inLanguage":"de","potentialAction":[{"@type":"ReadAction","target":["https:\/\/aazsolutions.ch\/de\/produit\/alova-galbe-schaumstoffkissen\/"]}]},{"@type":"ImageObject","inLanguage":"de","@id":"https:\/\/aazsolutions.ch\/de\/produit\/alova-galbe-schaumstoffkissen\/#primaryimage","url":"https:\/\/aazsolutions.ch\/wp-content\/uploads\/2025\/03\/30028.jpg","contentUrl":"https:\/\/aazsolutions.ch\/wp-content\/uploads\/2025\/03\/30028.jpg","width":1120,"height":1120,"caption":"Coussin mousse Alova Galb\u00e9 visco\u00e9lastique galb\u00e9 pour immersion et r\u00e9duction des pressions"},{"@type":"BreadcrumbList","@id":"https:\/\/aazsolutions.ch\/de\/produit\/alova-galbe-schaumstoffkissen\/#breadcrumb","itemListElement":[{"@type":"ListItem","position":1,"name":"Accueil","item":"https:\/\/aazsolutions.ch\/de\/"},{"@type":"ListItem","position":2,"name":"Shop","item":"https:\/\/aazsolutions.ch\/de\/shop\/"},{"@type":"ListItem","position":3,"name":"Alova Galb\u00e9 Schaumstoffkissen"}]},{"@type":"WebSite","@id":"https:\/\/aazsolutions.ch\/de\/#website","url":"https:\/\/aazsolutions.ch\/de\/","name":"A\u00e0Zsolutions.ch","description":"Des solutions adapt\u00e9es \u00e0 chaque difficult\u00e9!","publisher":{"@id":"https:\/\/aazsolutions.ch\/de\/#organization"},"potentialAction":[{"@type":"SearchAction","target":{"@type":"EntryPoint","urlTemplate":"https:\/\/aazsolutions.ch\/de\/?s={search_term_string}"},"query-input":{"@type":"PropertyValueSpecification","valueRequired":true,"valueName":"search_term_string"}}],"inLanguage":"de"},{"@type":"Organization","@id":"https:\/\/aazsolutions.ch\/de\/#organization","name":"A\u00e0Zsolutions SARL","url":"https:\/\/aazsolutions.ch\/de\/","logo":{"@type":"ImageObject","inLanguage":"de","@id":"https:\/\/aazsolutions.ch\/de\/#\/schema\/logo\/image\/","url":"https:\/\/aazsolutions.ch\/wp-content\/uploads\/2016\/04\/AAZ_Logo_Solutions.jpg","contentUrl":"https:\/\/aazsolutions.ch\/wp-content\/uploads\/2016\/04\/AAZ_Logo_Solutions.jpg","width":1500,"height":481,"caption":"A\u00e0Zsolutions SARL"},"image":{"@id":"https:\/\/aazsolutions.ch\/de\/#\/schema\/logo\/image\/"},"sameAs":["https:\/\/www.facebook.com\/aazsolutions.ch\/","https:\/\/www.linkedin.com\/showcase\/aazsolutions\/"]}]},"og_availability":"instock","product_availability":"instock","product_retailer_item_id":"30028","product_condition":"new"},"_links":{"self":[{"href":"https:\/\/aazsolutions.ch\/de\/wp-json\/wp\/v2\/product\/34468","targetHints":{"allow":["GET"]}}],"collection":[{"href":"https:\/\/aazsolutions.ch\/de\/wp-json\/wp\/v2\/product"}],"about":[{"href":"https:\/\/aazsolutions.ch\/de\/wp-json\/wp\/v2\/types\/product"}],"replies":[{"embeddable":true,"href":"https:\/\/aazsolutions.ch\/de\/wp-json\/wp\/v2\/comments?post=34468"}],"wp:featuredmedia":[{"embeddable":true,"href":"https:\/\/aazsolutions.ch\/de\/wp-json\/wp\/v2\/media\/31791"}],"wp:attachment":[{"href":"https:\/\/aazsolutions.ch\/de\/wp-json\/wp\/v2\/media?parent=34468"}],"wp:term":[{"taxonomy":"product_brand","embeddable":true,"href":"https:\/\/aazsolutions.ch\/de\/wp-json\/wp\/v2\/product_brand?post=34468"},{"taxonomy":"product_cat","embeddable":true,"href":"https:\/\/aazsolutions.ch\/de\/wp-json\/wp\/v2\/product_cat?post=34468"},{"taxonomy":"product_tag","embeddable":true,"href":"https:\/\/aazsolutions.ch\/de\/wp-json\/wp\/v2\/product_tag?post=34468"}],"curies":[{"name":"wp","href":"https:\/\/api.w.org\/{rel}","templated":true}]}}