{"id":34519,"date":"2019-01-01T00:00:00","date_gmt":"2018-12-31T23:00:00","guid":{"rendered":"https:\/\/aazsolutions.ch\/produit\/venenbeinlagerungskissen-venosoft\/"},"modified":"2019-01-01T00:00:00","modified_gmt":"2018-12-31T23:00:00","slug":"venenbeinlagerungskissen-venosoft","status":"publish","type":"product","link":"https:\/\/aazsolutions.ch\/de\/produit\/venenbeinlagerungskissen-venosoft\/","title":{"rendered":"Venenbeinlagerungskissen Venosoft"},"content":{"rendered":"<h2>Beinlagerungskissen \u2013 Gef\u00e4ssentlastung<\/h2>\n<p><span style=\"color: #e2001a;\">Dieses Produkt ist <span style=\"text-decoration: underline;\"><strong>nur auf Bestellung<\/strong><\/span> erh\u00e4ltlich. Die Lieferzeit betr\u00e4gt <span style=\"text-decoration: underline;\"><strong>1 Woche<\/strong><\/span>. F\u00fcr weitere Informationen kontaktieren Sie uns bitte. <\/span><\/p>\n<p>Das <strong>Venenbeinlagerungskissen Venosoft<\/strong> bietet sanfte Unterst\u00fctzung zur Linderung von Schweregef\u00fchl, Kr\u00e4mpfen und Krampfadern. Seine integrierte viskoelastische Oberfl\u00e4che passt sich der Form der Beine an und f\u00f6rdert eine progressive Einbettung sowie eine bessere Durchblutung. <\/p>\n<h3>\u2705 Vorteile und Anwendungen:<\/h3>\n<ul>\n<li><strong>Viskoelastische Oberfl\u00e4che<\/strong>: St\u00fctzt die Beine sanft, selbst bei starken Entz\u00fcndungen.<\/li>\n<li><strong>Gef\u00e4sspr\u00e4vention<\/strong>: Empfohlen bei Krampfadern, Blutstau, m\u00fcden Waden und Schwangerschaft.<\/li>\n<li><strong>T\u00e4glicher Komfort<\/strong>: Lindert das Gef\u00fchl schwerer Beine und wirkt beruhigend.<\/li>\n<li><strong>Veloursbezug inklusive<\/strong>: Bezug 75 % Baumwolle\/25 % Polyester, waschbar bei 40 \u00b0C f\u00fcr optimale Hygiene.<\/li>\n<li><strong>Medizinprodukt<\/strong>: F\u00fcr therapeutische und sichere Anwendung konzipiert.<\/li>\n<\/ul>\n<p>Das <strong>Beinlagerungskissen<\/strong> ist Ihr Begleiter f\u00fcr mehr Komfort und Leichtigkeit im Alltag. Es lindert Verspannungen wirksam und verbessert Ihr Wohlbefinden. <\/p>\n<h3>Bestellen Sie jetzt Ihr <strong>Venenbeinlagerungskissen Venosoft<\/strong> f\u00fcr optimale Gef\u00e4ssunterst\u00fctzung!<\/h3>\n","protected":false},"excerpt":{"rendered":"<h2>Spezifikationen<\/h2>\n<ul>\n<li>Abmessungen: 78 x 50 x 22 cm, f\u00fcr Personen ab mindestens 165 cm<\/li>\n<\/ul>\n","protected":false},"featured_media":31827,"comment_status":"closed","ping_status":"closed","template":"","meta":{"_et_pb_use_builder":"","_et_pb_old_content":"","_et_gb_content_width":"","inline_featured_image":false},"product_brand":[],"product_cat":[1227,1287],"product_tag":[],"class_list":{"0":"post-34519","1":"product","2":"type-product","3":"status-publish","4":"has-post-thumbnail","6":"product_cat-3-ruhe","7":"product_cat-kissen","8":"product_shipping_class-b","10":"first","11":"instock","12":"taxable","13":"shipping-taxable","14":"purchasable","15":"product-type-simple"},"yoast_head":"<!-- This site is optimized with the Yoast SEO Premium plugin v27.2 (Yoast SEO v27.5) - https:\/\/yoast.com\/product\/yoast-seo-premium-wordpress\/ -->\n<title>Venenbeinlagerungskissen Venosoft \u2013 Gef\u00e4ssentlastung<\/title>\n<meta name=\"description\" content=\"Venenbeinlagerungskissen Venosoft mit integrierter viskoelastischer Oberfl\u00e4che zur Linderung von Krampfadern, Schweregef\u00fchl und Schwellungen. Inkl. waschbarem Veloursbezug.\" \/>\n<meta name=\"robots\" content=\"index, follow, max-snippet:-1, max-image-preview:large, max-video-preview:-1\" \/>\n<link rel=\"canonical\" href=\"https:\/\/aazsolutions.ch\/de\/produit\/venenbeinlagerungskissen-venosoft\/\" \/>\n<meta property=\"og:locale\" content=\"de_DE\" \/>\n<meta property=\"og:type\" content=\"article\" \/>\n<meta property=\"og:title\" content=\"Venenbeinlagerungskissen Venosoft\" \/>\n<meta property=\"og:description\" content=\"Venenbeinlagerungskissen Venosoft mit integrierter viskoelastischer Oberfl\u00e4che zur Linderung von Krampfadern, Schweregef\u00fchl und Schwellungen. Inkl. waschbarem Veloursbezug.\" \/>\n<meta property=\"og:url\" content=\"https:\/\/aazsolutions.ch\/de\/produit\/venenbeinlagerungskissen-venosoft\/\" \/>\n<meta property=\"og:site_name\" content=\"A\u00e0Zsolutions.ch\" \/>\n<meta property=\"article:publisher\" content=\"https:\/\/www.facebook.com\/aazsolutions.ch\/\" \/>\n<meta property=\"og:image\" content=\"https:\/\/aazsolutions.ch\/wp-content\/uploads\/2025\/03\/30055-1.jpg\" \/>\n\t<meta property=\"og:image:width\" content=\"1120\" \/>\n\t<meta property=\"og:image:height\" content=\"1120\" \/>\n\t<meta property=\"og:image:type\" content=\"image\/jpeg\" \/>\n<meta name=\"twitter:card\" content=\"summary_large_image\" \/>\n<meta name=\"twitter:label1\" content=\"Preis\" \/>\n\t<meta name=\"twitter:data1\" content=\"200.00&nbsp;&#067;&#072;&#070; TVA incluse\" \/>\n\t<meta name=\"twitter:label2\" content=\"Verf\u00fcgbarkeit\" \/>\n\t<meta name=\"twitter:data2\" content=\"Auf Lager\" \/>\n<script type=\"application\/ld+json\" class=\"yoast-schema-graph\">{\"@context\":\"https:\\\/\\\/schema.org\",\"@graph\":[{\"@type\":\"WebPage\",\"@id\":\"https:\\\/\\\/aazsolutions.ch\\\/de\\\/produit\\\/venenbeinlagerungskissen-venosoft\\\/\",\"url\":\"https:\\\/\\\/aazsolutions.ch\\\/de\\\/produit\\\/venenbeinlagerungskissen-venosoft\\\/\",\"name\":\"Venenbeinlagerungskissen Venosoft \u2013 Gef\u00e4ssentlastung\",\"isPartOf\":{\"@id\":\"https:\\\/\\\/aazsolutions.ch\\\/de\\\/#website\"},\"primaryImageOfPage\":{\"@id\":\"https:\\\/\\\/aazsolutions.ch\\\/de\\\/produit\\\/venenbeinlagerungskissen-venosoft\\\/#primaryimage\"},\"image\":{\"@id\":\"https:\\\/\\\/aazsolutions.ch\\\/de\\\/produit\\\/venenbeinlagerungskissen-venosoft\\\/#primaryimage\"},\"thumbnailUrl\":\"https:\\\/\\\/aazsolutions.ch\\\/wp-content\\\/uploads\\\/2025\\\/03\\\/30055-1.jpg\",\"datePublished\":\"2018-12-31T23:00:00+00:00\",\"description\":\"Venenbeinlagerungskissen Venosoft mit integrierter viskoelastischer Oberfl\u00e4che zur Linderung von Krampfadern, Schweregef\u00fchl und Schwellungen. Inkl. waschbarem Veloursbezug.\",\"breadcrumb\":{\"@id\":\"https:\\\/\\\/aazsolutions.ch\\\/de\\\/produit\\\/venenbeinlagerungskissen-venosoft\\\/#breadcrumb\"},\"inLanguage\":\"de\",\"potentialAction\":[{\"@type\":\"ReadAction\",\"target\":[\"https:\\\/\\\/aazsolutions.ch\\\/de\\\/produit\\\/venenbeinlagerungskissen-venosoft\\\/\"]}]},{\"@type\":\"ImageObject\",\"inLanguage\":\"de\",\"@id\":\"https:\\\/\\\/aazsolutions.ch\\\/de\\\/produit\\\/venenbeinlagerungskissen-venosoft\\\/#primaryimage\",\"url\":\"https:\\\/\\\/aazsolutions.ch\\\/wp-content\\\/uploads\\\/2025\\\/03\\\/30055-1.jpg\",\"contentUrl\":\"https:\\\/\\\/aazsolutions.ch\\\/wp-content\\\/uploads\\\/2025\\\/03\\\/30055-1.jpg\",\"width\":1120,\"height\":1120,\"caption\":\"Coussin rel\u00e8ve-jambes Venosoft surface visco\u00e9lastique pour support doux\"},{\"@type\":\"BreadcrumbList\",\"@id\":\"https:\\\/\\\/aazsolutions.ch\\\/de\\\/produit\\\/venenbeinlagerungskissen-venosoft\\\/#breadcrumb\",\"itemListElement\":[{\"@type\":\"ListItem\",\"position\":1,\"name\":\"Accueil\",\"item\":\"https:\\\/\\\/aazsolutions.ch\\\/de\\\/\"},{\"@type\":\"ListItem\",\"position\":2,\"name\":\"Shop\",\"item\":\"https:\\\/\\\/aazsolutions.ch\\\/de\\\/shop\\\/\"},{\"@type\":\"ListItem\",\"position\":3,\"name\":\"Venenbeinlagerungskissen Venosoft\"}]},{\"@type\":\"WebSite\",\"@id\":\"https:\\\/\\\/aazsolutions.ch\\\/de\\\/#website\",\"url\":\"https:\\\/\\\/aazsolutions.ch\\\/de\\\/\",\"name\":\"A\u00e0Zsolutions.ch\",\"description\":\"Des solutions adapt\u00e9es \u00e0 chaque difficult\u00e9!\",\"publisher\":{\"@id\":\"https:\\\/\\\/aazsolutions.ch\\\/de\\\/#organization\"},\"potentialAction\":[{\"@type\":\"SearchAction\",\"target\":{\"@type\":\"EntryPoint\",\"urlTemplate\":\"https:\\\/\\\/aazsolutions.ch\\\/de\\\/?s={search_term_string}\"},\"query-input\":{\"@type\":\"PropertyValueSpecification\",\"valueRequired\":true,\"valueName\":\"search_term_string\"}}],\"inLanguage\":\"de\"},{\"@type\":\"Organization\",\"@id\":\"https:\\\/\\\/aazsolutions.ch\\\/de\\\/#organization\",\"name\":\"A\u00e0Zsolutions SARL\",\"url\":\"https:\\\/\\\/aazsolutions.ch\\\/de\\\/\",\"logo\":{\"@type\":\"ImageObject\",\"inLanguage\":\"de\",\"@id\":\"https:\\\/\\\/aazsolutions.ch\\\/de\\\/#\\\/schema\\\/logo\\\/image\\\/\",\"url\":\"https:\\\/\\\/aazsolutions.ch\\\/wp-content\\\/uploads\\\/2016\\\/04\\\/AAZ_Logo_Solutions.jpg\",\"contentUrl\":\"https:\\\/\\\/aazsolutions.ch\\\/wp-content\\\/uploads\\\/2016\\\/04\\\/AAZ_Logo_Solutions.jpg\",\"width\":1500,\"height\":481,\"caption\":\"A\u00e0Zsolutions SARL\"},\"image\":{\"@id\":\"https:\\\/\\\/aazsolutions.ch\\\/de\\\/#\\\/schema\\\/logo\\\/image\\\/\"},\"sameAs\":[\"https:\\\/\\\/www.facebook.com\\\/aazsolutions.ch\\\/\",\"https:\\\/\\\/www.linkedin.com\\\/showcase\\\/aazsolutions\\\/\"]}]}<\/script>\n<meta property=\"product:price:amount\" content=\"200.00\" \/>\n<meta property=\"product:price:currency\" content=\"CHF\" \/>\n<meta property=\"og:availability\" content=\"instock\" \/>\n<meta property=\"product:availability\" content=\"instock\" \/>\n<meta property=\"product:retailer_item_id\" content=\"30055\" \/>\n<meta property=\"product:condition\" content=\"new\" \/>\n<!-- \/ Yoast SEO Premium plugin. -->","yoast_head_json":{"title":"Venenbeinlagerungskissen Venosoft \u2013 Gef\u00e4ssentlastung","description":"Venenbeinlagerungskissen Venosoft mit integrierter viskoelastischer Oberfl\u00e4che zur Linderung von Krampfadern, Schweregef\u00fchl und Schwellungen. Inkl. waschbarem Veloursbezug.","robots":{"index":"index","follow":"follow","max-snippet":"max-snippet:-1","max-image-preview":"max-image-preview:large","max-video-preview":"max-video-preview:-1"},"canonical":"https:\/\/aazsolutions.ch\/de\/produit\/venenbeinlagerungskissen-venosoft\/","og_locale":"de_DE","og_type":"article","og_title":"Venenbeinlagerungskissen Venosoft","og_description":"Venenbeinlagerungskissen Venosoft mit integrierter viskoelastischer Oberfl\u00e4che zur Linderung von Krampfadern, Schweregef\u00fchl und Schwellungen. Inkl. waschbarem Veloursbezug.","og_url":"https:\/\/aazsolutions.ch\/de\/produit\/venenbeinlagerungskissen-venosoft\/","og_site_name":"A\u00e0Zsolutions.ch","article_publisher":"https:\/\/www.facebook.com\/aazsolutions.ch\/","og_image":[{"width":1120,"height":1120,"url":"https:\/\/aazsolutions.ch\/wp-content\/uploads\/2025\/03\/30055-1.jpg","type":"image\/jpeg"}],"twitter_card":"summary_large_image","twitter_misc":{"Preis":"200.00&nbsp;&#67;&#72;&#70; TVA incluse","Verf\u00fcgbarkeit":"Auf Lager"},"schema":{"@context":"https:\/\/schema.org","@graph":[{"@type":"WebPage","@id":"https:\/\/aazsolutions.ch\/de\/produit\/venenbeinlagerungskissen-venosoft\/","url":"https:\/\/aazsolutions.ch\/de\/produit\/venenbeinlagerungskissen-venosoft\/","name":"Venenbeinlagerungskissen Venosoft \u2013 Gef\u00e4ssentlastung","isPartOf":{"@id":"https:\/\/aazsolutions.ch\/de\/#website"},"primaryImageOfPage":{"@id":"https:\/\/aazsolutions.ch\/de\/produit\/venenbeinlagerungskissen-venosoft\/#primaryimage"},"image":{"@id":"https:\/\/aazsolutions.ch\/de\/produit\/venenbeinlagerungskissen-venosoft\/#primaryimage"},"thumbnailUrl":"https:\/\/aazsolutions.ch\/wp-content\/uploads\/2025\/03\/30055-1.jpg","datePublished":"2018-12-31T23:00:00+00:00","description":"Venenbeinlagerungskissen Venosoft mit integrierter viskoelastischer Oberfl\u00e4che zur Linderung von Krampfadern, Schweregef\u00fchl und Schwellungen. Inkl. waschbarem Veloursbezug.","breadcrumb":{"@id":"https:\/\/aazsolutions.ch\/de\/produit\/venenbeinlagerungskissen-venosoft\/#breadcrumb"},"inLanguage":"de","potentialAction":[{"@type":"ReadAction","target":["https:\/\/aazsolutions.ch\/de\/produit\/venenbeinlagerungskissen-venosoft\/"]}]},{"@type":"ImageObject","inLanguage":"de","@id":"https:\/\/aazsolutions.ch\/de\/produit\/venenbeinlagerungskissen-venosoft\/#primaryimage","url":"https:\/\/aazsolutions.ch\/wp-content\/uploads\/2025\/03\/30055-1.jpg","contentUrl":"https:\/\/aazsolutions.ch\/wp-content\/uploads\/2025\/03\/30055-1.jpg","width":1120,"height":1120,"caption":"Coussin rel\u00e8ve-jambes Venosoft surface visco\u00e9lastique pour support doux"},{"@type":"BreadcrumbList","@id":"https:\/\/aazsolutions.ch\/de\/produit\/venenbeinlagerungskissen-venosoft\/#breadcrumb","itemListElement":[{"@type":"ListItem","position":1,"name":"Accueil","item":"https:\/\/aazsolutions.ch\/de\/"},{"@type":"ListItem","position":2,"name":"Shop","item":"https:\/\/aazsolutions.ch\/de\/shop\/"},{"@type":"ListItem","position":3,"name":"Venenbeinlagerungskissen Venosoft"}]},{"@type":"WebSite","@id":"https:\/\/aazsolutions.ch\/de\/#website","url":"https:\/\/aazsolutions.ch\/de\/","name":"A\u00e0Zsolutions.ch","description":"Des solutions adapt\u00e9es \u00e0 chaque difficult\u00e9!","publisher":{"@id":"https:\/\/aazsolutions.ch\/de\/#organization"},"potentialAction":[{"@type":"SearchAction","target":{"@type":"EntryPoint","urlTemplate":"https:\/\/aazsolutions.ch\/de\/?s={search_term_string}"},"query-input":{"@type":"PropertyValueSpecification","valueRequired":true,"valueName":"search_term_string"}}],"inLanguage":"de"},{"@type":"Organization","@id":"https:\/\/aazsolutions.ch\/de\/#organization","name":"A\u00e0Zsolutions SARL","url":"https:\/\/aazsolutions.ch\/de\/","logo":{"@type":"ImageObject","inLanguage":"de","@id":"https:\/\/aazsolutions.ch\/de\/#\/schema\/logo\/image\/","url":"https:\/\/aazsolutions.ch\/wp-content\/uploads\/2016\/04\/AAZ_Logo_Solutions.jpg","contentUrl":"https:\/\/aazsolutions.ch\/wp-content\/uploads\/2016\/04\/AAZ_Logo_Solutions.jpg","width":1500,"height":481,"caption":"A\u00e0Zsolutions SARL"},"image":{"@id":"https:\/\/aazsolutions.ch\/de\/#\/schema\/logo\/image\/"},"sameAs":["https:\/\/www.facebook.com\/aazsolutions.ch\/","https:\/\/www.linkedin.com\/showcase\/aazsolutions\/"]}]},"product_price_amount":"200.00","product_price_currency":"CHF","og_availability":"instock","product_availability":"instock","product_retailer_item_id":"30055","product_condition":"new"},"_links":{"self":[{"href":"https:\/\/aazsolutions.ch\/de\/wp-json\/wp\/v2\/product\/34519","targetHints":{"allow":["GET"]}}],"collection":[{"href":"https:\/\/aazsolutions.ch\/de\/wp-json\/wp\/v2\/product"}],"about":[{"href":"https:\/\/aazsolutions.ch\/de\/wp-json\/wp\/v2\/types\/product"}],"replies":[{"embeddable":true,"href":"https:\/\/aazsolutions.ch\/de\/wp-json\/wp\/v2\/comments?post=34519"}],"wp:featuredmedia":[{"embeddable":true,"href":"https:\/\/aazsolutions.ch\/de\/wp-json\/wp\/v2\/media\/31827"}],"wp:attachment":[{"href":"https:\/\/aazsolutions.ch\/de\/wp-json\/wp\/v2\/media?parent=34519"}],"wp:term":[{"taxonomy":"product_brand","embeddable":true,"href":"https:\/\/aazsolutions.ch\/de\/wp-json\/wp\/v2\/product_brand?post=34519"},{"taxonomy":"product_cat","embeddable":true,"href":"https:\/\/aazsolutions.ch\/de\/wp-json\/wp\/v2\/product_cat?post=34519"},{"taxonomy":"product_tag","embeddable":true,"href":"https:\/\/aazsolutions.ch\/de\/wp-json\/wp\/v2\/product_tag?post=34519"}],"curies":[{"name":"wp","href":"https:\/\/api.w.org\/{rel}","templated":true}]}}