{"id":34548,"date":"2019-01-01T00:00:00","date_gmt":"2018-12-31T23:00:00","guid":{"rendered":"https:\/\/aazsolutions.ch\/produit\/runder-duschhocker-max-136-kg\/"},"modified":"2019-01-01T00:00:00","modified_gmt":"2018-12-31T23:00:00","slug":"runder-duschhocker-max-136-kg","status":"publish","type":"product","link":"https:\/\/aazsolutions.ch\/de\/produit\/runder-duschhocker-max-136-kg\/","title":{"rendered":"Runder Duschhocker (max. 136 kg)"},"content":{"rendered":"<h2>Runder Duschhocker (max. 136 kg) \u2013 Einfachheit, Sicherheit und Stabilit\u00e4t<\/h2>\n<p>Der <strong>runde Duschhocker (max. 136 kg)<\/strong> bietet eine kompakte und stabile L\u00f6sung f\u00fcr sicheres Duschen. Entwickelt f\u00fcr Personen mit eingeschr\u00e4nkter Mobilit\u00e4t oder f\u00fcr mehr Komfort, vereint er Robustheit und Leichtigkeit. <\/p>\n<p>Sein <strong>runder Sitz aus geformtem Kunststoff<\/strong> sorgt f\u00fcr guten Komfort und eine rutschhemmende Sitzfl\u00e4che. Das <strong>Aluminiumgestell<\/strong> ist leicht, aber sehr widerstandsf\u00e4hig. Zudem passen sich die <strong>h\u00f6henverstellbaren Beine<\/strong> der K\u00f6rpergr\u00f6sse der Nutzerin bzw. des Nutzers an und sind mit <strong>rutschfesten Gummif\u00fcssen<\/strong> ausgestattet, um ein unbeabsichtigtes Verrutschen des Hockers in der Dusche zu verhindern.  <\/p>\n<p>Seine maximale Belastbarkeit von <strong>136 kg<\/strong> macht ihn f\u00fcr ein breites Publikum geeignet. Leicht und einfach zu reinigen, l\u00e4sst sich dieser Hocker zudem sehr einfach in jeder Duschkabine oder jedem Duschbereich aufstellen. <\/p>\n<h3>\u2705 Vorteile des runden Duschhockers:<\/h3>\n<ul>\n<li>Robuster und komfortabler Sitz aus geformtem Kunststoff<\/li>\n<li>H\u00f6henverstellbare Aluminiumbeine mit rutschfesten Kappen<\/li>\n<li>Maximale Belastbarkeit: 136 kg<\/li>\n<li>Kompaktes, stabiles und leichtes Design<\/li>\n<li>Einfach zu transportieren und zu pflegen<\/li>\n<\/ul>\n<h3>Eine einfache Hilfe f\u00fcr entspanntes Duschen<\/h3>\n<p>Der <strong>runde Duschhocker<\/strong> ist eine zuverl\u00e4ssige L\u00f6sung, um die Selbstst\u00e4ndigkeit und den Komfort beim Duschen zu verbessern. Er eignet sich sowohl f\u00fcr Privatpersonen als auch f\u00fcr Gesundheitsfachpersonen. <\/p>\n<p><strong>Bestellen Sie Ihren runden Duschhocker \u2013 schnelle Lieferung in der Schweiz!<\/strong><\/p>\n<p><!-- Vid\u00e9o de d\u00e9monstration --><br \/>\n<iframe loading=\"lazy\" src=\"https:\/\/www.youtube.com\/embed\/7ueeiS4IPb8\" width=\"560\" height=\"315\" frameborder=\"0\" allowfullscreen=\"allowfullscreen\"><\/iframe><\/p>\n","protected":false},"excerpt":{"rendered":"<h2>Spezifikationen<\/h2>\n<ul>\n<li>Sitzfl\u00e4che: \u00d8 32,5 cm<\/li>\n<li>H\u00f6he: 35,6\u201353,4 cm<\/li>\n<li>Abstand zwischen den Beinen: 38,5 cm<\/li>\n<li>Farbe: Weiss<\/li>\n<li>Gewicht: 1,46 kg<\/li>\n<li>Max. Benutzergewicht: 136 kg <\/li>\n<\/ul>\n","protected":false},"featured_media":31452,"comment_status":"closed","ping_status":"closed","template":"","meta":{"_et_pb_use_builder":"","_et_pb_old_content":"","_et_gb_content_width":"","inline_featured_image":false},"product_brand":[],"product_cat":[1211,1395],"product_tag":[],"class_list":{"0":"post-34548","1":"product","2":"type-product","3":"status-publish","4":"has-post-thumbnail","6":"product_cat-1-bad-dusche-wc","7":"product_cat-duschhocker","8":"product_shipping_class-a","10":"first","11":"instock","12":"taxable","13":"shipping-taxable","14":"purchasable","15":"product-type-simple"},"yoast_head":"<!-- This site is optimized with the Yoast SEO Premium plugin v27.2 (Yoast SEO v27.5) - https:\/\/yoast.com\/product\/yoast-seo-premium-wordpress\/ -->\n<title>Runder Duschhocker (max. 136 kg) mit h\u00f6henverstellbaren Beinen<\/title>\n<meta name=\"description\" content=\"Entdecken Sie den runden Duschhocker 136 kg: stabil, rutschfest und h\u00f6henverstellbar. Ideal f\u00fcr Personen mit eingeschr\u00e4nkter Mobilit\u00e4t und Seniorinnen und Senioren. Einfach zu montieren. Schnelle Lieferung in der Schweiz!\" \/>\n<meta name=\"robots\" content=\"index, follow, max-snippet:-1, max-image-preview:large, max-video-preview:-1\" \/>\n<link rel=\"canonical\" href=\"https:\/\/aazsolutions.ch\/de\/produit\/runder-duschhocker-max-136-kg\/\" \/>\n<meta property=\"og:locale\" content=\"de_DE\" \/>\n<meta property=\"og:type\" content=\"article\" \/>\n<meta property=\"og:title\" content=\"Runder Duschhocker (max. 136 kg)\" \/>\n<meta property=\"og:description\" content=\"Entdecken Sie den runden Duschhocker 136 kg: stabil, rutschfest und h\u00f6henverstellbar. Ideal f\u00fcr Personen mit eingeschr\u00e4nkter Mobilit\u00e4t und Seniorinnen und Senioren. Einfach zu montieren. Schnelle Lieferung in der Schweiz!\" \/>\n<meta property=\"og:url\" content=\"https:\/\/aazsolutions.ch\/de\/produit\/runder-duschhocker-max-136-kg\/\" \/>\n<meta property=\"og:site_name\" content=\"A\u00e0Zsolutions.ch\" \/>\n<meta property=\"article:publisher\" content=\"https:\/\/www.facebook.com\/aazsolutions.ch\/\" \/>\n<meta property=\"og:image\" content=\"https:\/\/aazsolutions.ch\/wp-content\/uploads\/2025\/03\/10084-1.jpg\" \/>\n\t<meta property=\"og:image:width\" content=\"1120\" \/>\n\t<meta property=\"og:image:height\" content=\"1120\" \/>\n\t<meta property=\"og:image:type\" content=\"image\/jpeg\" \/>\n<meta name=\"twitter:card\" content=\"summary_large_image\" \/>\n<meta name=\"twitter:label1\" content=\"Preis\" \/>\n\t<meta name=\"twitter:data1\" content=\"99.00&nbsp;&#067;&#072;&#070; TVA incluse\" \/>\n\t<meta name=\"twitter:label2\" content=\"Verf\u00fcgbarkeit\" \/>\n\t<meta name=\"twitter:data2\" content=\"Auf Lager\" \/>\n<script type=\"application\/ld+json\" class=\"yoast-schema-graph\">{\"@context\":\"https:\\\/\\\/schema.org\",\"@graph\":[{\"@type\":\"WebPage\",\"@id\":\"https:\\\/\\\/aazsolutions.ch\\\/de\\\/produit\\\/runder-duschhocker-max-136-kg\\\/\",\"url\":\"https:\\\/\\\/aazsolutions.ch\\\/de\\\/produit\\\/runder-duschhocker-max-136-kg\\\/\",\"name\":\"Runder Duschhocker (max. 136 kg) mit h\u00f6henverstellbaren Beinen\",\"isPartOf\":{\"@id\":\"https:\\\/\\\/aazsolutions.ch\\\/de\\\/#website\"},\"primaryImageOfPage\":{\"@id\":\"https:\\\/\\\/aazsolutions.ch\\\/de\\\/produit\\\/runder-duschhocker-max-136-kg\\\/#primaryimage\"},\"image\":{\"@id\":\"https:\\\/\\\/aazsolutions.ch\\\/de\\\/produit\\\/runder-duschhocker-max-136-kg\\\/#primaryimage\"},\"thumbnailUrl\":\"https:\\\/\\\/aazsolutions.ch\\\/wp-content\\\/uploads\\\/2025\\\/03\\\/10084-1.jpg\",\"datePublished\":\"2018-12-31T23:00:00+00:00\",\"description\":\"Entdecken Sie den runden Duschhocker 136 kg: stabil, rutschfest und h\u00f6henverstellbar. Ideal f\u00fcr Personen mit eingeschr\u00e4nkter Mobilit\u00e4t und Seniorinnen und Senioren. Einfach zu montieren. Schnelle Lieferung in der Schweiz!\",\"breadcrumb\":{\"@id\":\"https:\\\/\\\/aazsolutions.ch\\\/de\\\/produit\\\/runder-duschhocker-max-136-kg\\\/#breadcrumb\"},\"inLanguage\":\"de\",\"potentialAction\":[{\"@type\":\"ReadAction\",\"target\":[\"https:\\\/\\\/aazsolutions.ch\\\/de\\\/produit\\\/runder-duschhocker-max-136-kg\\\/\"]}]},{\"@type\":\"ImageObject\",\"inLanguage\":\"de\",\"@id\":\"https:\\\/\\\/aazsolutions.ch\\\/de\\\/produit\\\/runder-duschhocker-max-136-kg\\\/#primaryimage\",\"url\":\"https:\\\/\\\/aazsolutions.ch\\\/wp-content\\\/uploads\\\/2025\\\/03\\\/10084-1.jpg\",\"contentUrl\":\"https:\\\/\\\/aazsolutions.ch\\\/wp-content\\\/uploads\\\/2025\\\/03\\\/10084-1.jpg\",\"width\":1120,\"height\":1120,\"caption\":\"Tabouret de douche rond avec pieds en aluminium r\u00e9glables\"},{\"@type\":\"BreadcrumbList\",\"@id\":\"https:\\\/\\\/aazsolutions.ch\\\/de\\\/produit\\\/runder-duschhocker-max-136-kg\\\/#breadcrumb\",\"itemListElement\":[{\"@type\":\"ListItem\",\"position\":1,\"name\":\"Accueil\",\"item\":\"https:\\\/\\\/aazsolutions.ch\\\/de\\\/\"},{\"@type\":\"ListItem\",\"position\":2,\"name\":\"Shop\",\"item\":\"https:\\\/\\\/aazsolutions.ch\\\/de\\\/shop\\\/\"},{\"@type\":\"ListItem\",\"position\":3,\"name\":\"Runder Duschhocker (max. 136 kg)\"}]},{\"@type\":\"WebSite\",\"@id\":\"https:\\\/\\\/aazsolutions.ch\\\/de\\\/#website\",\"url\":\"https:\\\/\\\/aazsolutions.ch\\\/de\\\/\",\"name\":\"A\u00e0Zsolutions.ch\",\"description\":\"Des solutions adapt\u00e9es \u00e0 chaque difficult\u00e9!\",\"publisher\":{\"@id\":\"https:\\\/\\\/aazsolutions.ch\\\/de\\\/#organization\"},\"potentialAction\":[{\"@type\":\"SearchAction\",\"target\":{\"@type\":\"EntryPoint\",\"urlTemplate\":\"https:\\\/\\\/aazsolutions.ch\\\/de\\\/?s={search_term_string}\"},\"query-input\":{\"@type\":\"PropertyValueSpecification\",\"valueRequired\":true,\"valueName\":\"search_term_string\"}}],\"inLanguage\":\"de\"},{\"@type\":\"Organization\",\"@id\":\"https:\\\/\\\/aazsolutions.ch\\\/de\\\/#organization\",\"name\":\"A\u00e0Zsolutions SARL\",\"url\":\"https:\\\/\\\/aazsolutions.ch\\\/de\\\/\",\"logo\":{\"@type\":\"ImageObject\",\"inLanguage\":\"de\",\"@id\":\"https:\\\/\\\/aazsolutions.ch\\\/de\\\/#\\\/schema\\\/logo\\\/image\\\/\",\"url\":\"https:\\\/\\\/aazsolutions.ch\\\/wp-content\\\/uploads\\\/2016\\\/04\\\/AAZ_Logo_Solutions.jpg\",\"contentUrl\":\"https:\\\/\\\/aazsolutions.ch\\\/wp-content\\\/uploads\\\/2016\\\/04\\\/AAZ_Logo_Solutions.jpg\",\"width\":1500,\"height\":481,\"caption\":\"A\u00e0Zsolutions SARL\"},\"image\":{\"@id\":\"https:\\\/\\\/aazsolutions.ch\\\/de\\\/#\\\/schema\\\/logo\\\/image\\\/\"},\"sameAs\":[\"https:\\\/\\\/www.facebook.com\\\/aazsolutions.ch\\\/\",\"https:\\\/\\\/www.linkedin.com\\\/showcase\\\/aazsolutions\\\/\"]}]}<\/script>\n<meta property=\"product:price:amount\" content=\"99.00\" \/>\n<meta property=\"product:price:currency\" content=\"CHF\" \/>\n<meta property=\"og:availability\" content=\"instock\" \/>\n<meta property=\"product:availability\" content=\"instock\" \/>\n<meta property=\"product:retailer_item_id\" content=\"10084\" \/>\n<meta property=\"product:condition\" content=\"new\" \/>\n<!-- \/ Yoast SEO Premium plugin. -->","yoast_head_json":{"title":"Runder Duschhocker (max. 136 kg) mit h\u00f6henverstellbaren Beinen","description":"Entdecken Sie den runden Duschhocker 136 kg: stabil, rutschfest und h\u00f6henverstellbar. Ideal f\u00fcr Personen mit eingeschr\u00e4nkter Mobilit\u00e4t und Seniorinnen und Senioren. Einfach zu montieren. Schnelle Lieferung in der Schweiz!","robots":{"index":"index","follow":"follow","max-snippet":"max-snippet:-1","max-image-preview":"max-image-preview:large","max-video-preview":"max-video-preview:-1"},"canonical":"https:\/\/aazsolutions.ch\/de\/produit\/runder-duschhocker-max-136-kg\/","og_locale":"de_DE","og_type":"article","og_title":"Runder Duschhocker (max. 136 kg)","og_description":"Entdecken Sie den runden Duschhocker 136 kg: stabil, rutschfest und h\u00f6henverstellbar. Ideal f\u00fcr Personen mit eingeschr\u00e4nkter Mobilit\u00e4t und Seniorinnen und Senioren. Einfach zu montieren. Schnelle Lieferung in der Schweiz!","og_url":"https:\/\/aazsolutions.ch\/de\/produit\/runder-duschhocker-max-136-kg\/","og_site_name":"A\u00e0Zsolutions.ch","article_publisher":"https:\/\/www.facebook.com\/aazsolutions.ch\/","og_image":[{"width":1120,"height":1120,"url":"https:\/\/aazsolutions.ch\/wp-content\/uploads\/2025\/03\/10084-1.jpg","type":"image\/jpeg"}],"twitter_card":"summary_large_image","twitter_misc":{"Preis":"99.00&nbsp;&#67;&#72;&#70; TVA incluse","Verf\u00fcgbarkeit":"Auf Lager"},"schema":{"@context":"https:\/\/schema.org","@graph":[{"@type":"WebPage","@id":"https:\/\/aazsolutions.ch\/de\/produit\/runder-duschhocker-max-136-kg\/","url":"https:\/\/aazsolutions.ch\/de\/produit\/runder-duschhocker-max-136-kg\/","name":"Runder Duschhocker (max. 136 kg) mit h\u00f6henverstellbaren Beinen","isPartOf":{"@id":"https:\/\/aazsolutions.ch\/de\/#website"},"primaryImageOfPage":{"@id":"https:\/\/aazsolutions.ch\/de\/produit\/runder-duschhocker-max-136-kg\/#primaryimage"},"image":{"@id":"https:\/\/aazsolutions.ch\/de\/produit\/runder-duschhocker-max-136-kg\/#primaryimage"},"thumbnailUrl":"https:\/\/aazsolutions.ch\/wp-content\/uploads\/2025\/03\/10084-1.jpg","datePublished":"2018-12-31T23:00:00+00:00","description":"Entdecken Sie den runden Duschhocker 136 kg: stabil, rutschfest und h\u00f6henverstellbar. Ideal f\u00fcr Personen mit eingeschr\u00e4nkter Mobilit\u00e4t und Seniorinnen und Senioren. Einfach zu montieren. Schnelle Lieferung in der Schweiz!","breadcrumb":{"@id":"https:\/\/aazsolutions.ch\/de\/produit\/runder-duschhocker-max-136-kg\/#breadcrumb"},"inLanguage":"de","potentialAction":[{"@type":"ReadAction","target":["https:\/\/aazsolutions.ch\/de\/produit\/runder-duschhocker-max-136-kg\/"]}]},{"@type":"ImageObject","inLanguage":"de","@id":"https:\/\/aazsolutions.ch\/de\/produit\/runder-duschhocker-max-136-kg\/#primaryimage","url":"https:\/\/aazsolutions.ch\/wp-content\/uploads\/2025\/03\/10084-1.jpg","contentUrl":"https:\/\/aazsolutions.ch\/wp-content\/uploads\/2025\/03\/10084-1.jpg","width":1120,"height":1120,"caption":"Tabouret de douche rond avec pieds en aluminium r\u00e9glables"},{"@type":"BreadcrumbList","@id":"https:\/\/aazsolutions.ch\/de\/produit\/runder-duschhocker-max-136-kg\/#breadcrumb","itemListElement":[{"@type":"ListItem","position":1,"name":"Accueil","item":"https:\/\/aazsolutions.ch\/de\/"},{"@type":"ListItem","position":2,"name":"Shop","item":"https:\/\/aazsolutions.ch\/de\/shop\/"},{"@type":"ListItem","position":3,"name":"Runder Duschhocker (max. 136 kg)"}]},{"@type":"WebSite","@id":"https:\/\/aazsolutions.ch\/de\/#website","url":"https:\/\/aazsolutions.ch\/de\/","name":"A\u00e0Zsolutions.ch","description":"Des solutions adapt\u00e9es \u00e0 chaque difficult\u00e9!","publisher":{"@id":"https:\/\/aazsolutions.ch\/de\/#organization"},"potentialAction":[{"@type":"SearchAction","target":{"@type":"EntryPoint","urlTemplate":"https:\/\/aazsolutions.ch\/de\/?s={search_term_string}"},"query-input":{"@type":"PropertyValueSpecification","valueRequired":true,"valueName":"search_term_string"}}],"inLanguage":"de"},{"@type":"Organization","@id":"https:\/\/aazsolutions.ch\/de\/#organization","name":"A\u00e0Zsolutions SARL","url":"https:\/\/aazsolutions.ch\/de\/","logo":{"@type":"ImageObject","inLanguage":"de","@id":"https:\/\/aazsolutions.ch\/de\/#\/schema\/logo\/image\/","url":"https:\/\/aazsolutions.ch\/wp-content\/uploads\/2016\/04\/AAZ_Logo_Solutions.jpg","contentUrl":"https:\/\/aazsolutions.ch\/wp-content\/uploads\/2016\/04\/AAZ_Logo_Solutions.jpg","width":1500,"height":481,"caption":"A\u00e0Zsolutions SARL"},"image":{"@id":"https:\/\/aazsolutions.ch\/de\/#\/schema\/logo\/image\/"},"sameAs":["https:\/\/www.facebook.com\/aazsolutions.ch\/","https:\/\/www.linkedin.com\/showcase\/aazsolutions\/"]}]},"product_price_amount":"99.00","product_price_currency":"CHF","og_availability":"instock","product_availability":"instock","product_retailer_item_id":"10084","product_condition":"new"},"_links":{"self":[{"href":"https:\/\/aazsolutions.ch\/de\/wp-json\/wp\/v2\/product\/34548","targetHints":{"allow":["GET"]}}],"collection":[{"href":"https:\/\/aazsolutions.ch\/de\/wp-json\/wp\/v2\/product"}],"about":[{"href":"https:\/\/aazsolutions.ch\/de\/wp-json\/wp\/v2\/types\/product"}],"replies":[{"embeddable":true,"href":"https:\/\/aazsolutions.ch\/de\/wp-json\/wp\/v2\/comments?post=34548"}],"wp:featuredmedia":[{"embeddable":true,"href":"https:\/\/aazsolutions.ch\/de\/wp-json\/wp\/v2\/media\/31452"}],"wp:attachment":[{"href":"https:\/\/aazsolutions.ch\/de\/wp-json\/wp\/v2\/media?parent=34548"}],"wp:term":[{"taxonomy":"product_brand","embeddable":true,"href":"https:\/\/aazsolutions.ch\/de\/wp-json\/wp\/v2\/product_brand?post=34548"},{"taxonomy":"product_cat","embeddable":true,"href":"https:\/\/aazsolutions.ch\/de\/wp-json\/wp\/v2\/product_cat?post=34548"},{"taxonomy":"product_tag","embeddable":true,"href":"https:\/\/aazsolutions.ch\/de\/wp-json\/wp\/v2\/product_tag?post=34548"}],"curies":[{"name":"wp","href":"https:\/\/api.w.org\/{rel}","templated":true}]}}