{"id":34584,"date":"2019-01-01T00:00:00","date_gmt":"2018-12-31T23:00:00","guid":{"rendered":"https:\/\/aazsolutions.ch\/produit\/luft-weichlagerungsauflage-protector-1\/"},"modified":"2019-01-01T00:00:00","modified_gmt":"2018-12-31T23:00:00","slug":"luft-weichlagerungsauflage-protector-1","status":"publish","type":"product","link":"https:\/\/aazsolutions.ch\/de\/produit\/luft-weichlagerungsauflage-protector-1\/","title":{"rendered":"Luft-Weichlagerungsauflage Protector 1"},"content":{"rendered":"<h2>Luft-Weichlagerungsauflage Protector 1 \u2013 130 Wechseldruckzellen<\/h2>\n<p>Die <strong>Luft-Weichlagerungsauflage Protector 1<\/strong> besteht aus 130 einzelnen Zellen, davon 10 mikroperforiert, die sich abwechselnd auf- und abpumpen, um eine wirksame Dekubitusprophylaxe zu gew\u00e4hrleisten. So verteilt sie den Druck kontinuierlich und f\u00f6rdert die Durchblutung. <\/p>\n<h3>\u2705 Einstellung und Anwendung:<\/h3>\n<ul>\n<li><strong>Einstellbarer Druck<\/strong>: Passen Sie die Bef\u00fcllung dem Gewicht der Nutzerin bzw. des Nutzers an \u2013 f\u00fcr individuellen Komfort.<\/li>\n<li>Zudem verf\u00fcgt sie \u00fcber eine wirksame <strong>therapeutische Schwelle<\/strong> bis 110 kg.<\/li>\n<li>Ausserdem ist der <strong>mitgelieferte Kompressor<\/strong> leise und mit einem Haken zum Aufh\u00e4ngen am Bett ausgestattet.<\/li>\n<\/ul>\n<p>Dar\u00fcber hinaus l\u00e4sst sich diese <strong>Protector 1 Luft-Weichlagerungsauflage<\/strong> in wenigen Minuten auf jedem Standard-Lattenrost installieren. Anschliessend eignet sich das Wechseldruck-Antidekubitus-System sowohl f\u00fcr den Einsatz in Einrichtungen als auch zu Hause. <\/p>\n<h3>\u2705 Pflege und Langlebigkeit:<\/h3>\n<ul>\n<li>Reinigen Sie den Bezug anschliessend mit einem feuchten Tuch und einem milden Reinigungsmittel.<\/li>\n<li>Zudem ist der robuste Bezug mit Krankenhaus-Desinfektionsmitteln kompatibel.<\/li>\n<li>Schliesslich ist die Struktur aus medizinischem PVC widerstandsf\u00e4hig gegen\u00fcber den Wechseldruckzyklen \u2013 f\u00fcr eine optimale Lebensdauer.<\/li>\n<\/ul>\n<p>Die <strong>Luft-Weichlagerungsauflage Protector 1<\/strong> ist die ideale L\u00f6sung, um Komfort und Sicherheit zu verbessern. Die schnelle Installation und die vielf\u00e4ltigen Einstellungen bieten eine umfassende Versorgung und ein beruhigenderes Nutzungserlebnis. <\/p>\n<h3>Bestellen Sie Ihre <strong>Luft-Weichlagerungsauflage Protector 1<\/strong> jetzt, um Dekubitus wirksam vorzubeugen!<\/h3>\n","protected":false},"excerpt":{"rendered":"<h2>Spezifikationen<\/h2>\n<ul>\n<li>H\u00f6he: 6,5 cm<\/li>\n<li>Gesamtmasse: 200 \u00d7 90 cm<\/li>\n<li>Spannung: 220\u2013240 V \u2013 50\/60 Hz<\/li>\n<li>Materialien: PVC<\/li>\n<li>Max. Benutzergewicht: 130 kg<\/li>\n<li>Mit Kompressor<\/li>\n<\/ul>\n<p><span style=\"color: #e2001a;\"><strong>Zur Miete verf\u00fcgbar: 50.\u2013 CHF\/Monat<\/strong><\/span><\/p>\n","protected":false},"featured_media":31837,"comment_status":"closed","ping_status":"closed","template":"","meta":{"_et_pb_use_builder":"","_et_pb_old_content":"","_et_gb_content_width":"","inline_featured_image":false},"product_brand":[],"product_cat":[1227,1400],"product_tag":[],"class_list":{"0":"post-34584","1":"product","2":"type-product","3":"status-publish","4":"has-post-thumbnail","6":"product_cat-3-ruhe","7":"product_cat-matratze","8":"product_shipping_class-d","10":"first","11":"instock","12":"taxable","13":"shipping-taxable","14":"purchasable","15":"product-type-simple"},"yoast_head":"<!-- This site is optimized with the Yoast SEO Premium plugin v27.2 (Yoast SEO v27.5) - https:\/\/yoast.com\/product\/yoast-seo-premium-wordpress\/ -->\n<title>Luft-Weichlagerungsauflage Protector 1 \u2013 130 Wechseldruckzellen<\/title>\n<meta name=\"description\" content=\"Luft-Weichlagerungsauflage Protector 1 mit 130 Wechseldruckzellen, davon 10 mikroperforiert zur Dekubitusprophylaxe. Einstellbarer Druck und inkl. aufgeh\u00e4ngtem Kompressor.\" \/>\n<meta name=\"robots\" content=\"index, follow, max-snippet:-1, max-image-preview:large, max-video-preview:-1\" \/>\n<link rel=\"canonical\" href=\"https:\/\/aazsolutions.ch\/de\/produit\/luft-weichlagerungsauflage-protector-1\/\" \/>\n<meta property=\"og:locale\" content=\"de_DE\" \/>\n<meta property=\"og:type\" content=\"article\" \/>\n<meta property=\"og:title\" content=\"Luft-Weichlagerungsauflage Protector 1\" \/>\n<meta property=\"og:description\" content=\"Luft-Weichlagerungsauflage Protector 1 mit 130 Wechseldruckzellen, davon 10 mikroperforiert zur Dekubitusprophylaxe. Einstellbarer Druck und inkl. aufgeh\u00e4ngtem Kompressor.\" \/>\n<meta property=\"og:url\" content=\"https:\/\/aazsolutions.ch\/de\/produit\/luft-weichlagerungsauflage-protector-1\/\" \/>\n<meta property=\"og:site_name\" content=\"A\u00e0Zsolutions.ch\" \/>\n<meta property=\"article:publisher\" content=\"https:\/\/www.facebook.com\/aazsolutions.ch\/\" \/>\n<meta property=\"og:image\" content=\"https:\/\/aazsolutions.ch\/wp-content\/uploads\/2025\/03\/30062-1.jpg\" \/>\n\t<meta property=\"og:image:width\" content=\"1120\" \/>\n\t<meta property=\"og:image:height\" content=\"1120\" \/>\n\t<meta property=\"og:image:type\" content=\"image\/jpeg\" \/>\n<meta name=\"twitter:card\" content=\"summary_large_image\" \/>\n<meta name=\"twitter:label1\" content=\"Preis\" \/>\n\t<meta name=\"twitter:data1\" content=\"119.00&nbsp;&#067;&#072;&#070; TVA incluse\" \/>\n\t<meta name=\"twitter:label2\" content=\"Verf\u00fcgbarkeit\" \/>\n\t<meta name=\"twitter:data2\" content=\"Auf Lager\" \/>\n<script type=\"application\/ld+json\" class=\"yoast-schema-graph\">{\"@context\":\"https:\\\/\\\/schema.org\",\"@graph\":[{\"@type\":\"WebPage\",\"@id\":\"https:\\\/\\\/aazsolutions.ch\\\/de\\\/produit\\\/luft-weichlagerungsauflage-protector-1\\\/\",\"url\":\"https:\\\/\\\/aazsolutions.ch\\\/de\\\/produit\\\/luft-weichlagerungsauflage-protector-1\\\/\",\"name\":\"Luft-Weichlagerungsauflage Protector 1 \u2013 130 Wechseldruckzellen\",\"isPartOf\":{\"@id\":\"https:\\\/\\\/aazsolutions.ch\\\/de\\\/#website\"},\"primaryImageOfPage\":{\"@id\":\"https:\\\/\\\/aazsolutions.ch\\\/de\\\/produit\\\/luft-weichlagerungsauflage-protector-1\\\/#primaryimage\"},\"image\":{\"@id\":\"https:\\\/\\\/aazsolutions.ch\\\/de\\\/produit\\\/luft-weichlagerungsauflage-protector-1\\\/#primaryimage\"},\"thumbnailUrl\":\"https:\\\/\\\/aazsolutions.ch\\\/wp-content\\\/uploads\\\/2025\\\/03\\\/30062-1.jpg\",\"datePublished\":\"2018-12-31T23:00:00+00:00\",\"description\":\"Luft-Weichlagerungsauflage Protector 1 mit 130 Wechseldruckzellen, davon 10 mikroperforiert zur Dekubitusprophylaxe. Einstellbarer Druck und inkl. aufgeh\u00e4ngtem Kompressor.\",\"breadcrumb\":{\"@id\":\"https:\\\/\\\/aazsolutions.ch\\\/de\\\/produit\\\/luft-weichlagerungsauflage-protector-1\\\/#breadcrumb\"},\"inLanguage\":\"de\",\"potentialAction\":[{\"@type\":\"ReadAction\",\"target\":[\"https:\\\/\\\/aazsolutions.ch\\\/de\\\/produit\\\/luft-weichlagerungsauflage-protector-1\\\/\"]}]},{\"@type\":\"ImageObject\",\"inLanguage\":\"de\",\"@id\":\"https:\\\/\\\/aazsolutions.ch\\\/de\\\/produit\\\/luft-weichlagerungsauflage-protector-1\\\/#primaryimage\",\"url\":\"https:\\\/\\\/aazsolutions.ch\\\/wp-content\\\/uploads\\\/2025\\\/03\\\/30062-1.jpg\",\"contentUrl\":\"https:\\\/\\\/aazsolutions.ch\\\/wp-content\\\/uploads\\\/2025\\\/03\\\/30062-1.jpg\",\"width\":1120,\"height\":1120,\"caption\":\"Surmatelas \u00e0 air Protector 1 avec 130 cellules alternance anti-escarres\"},{\"@type\":\"BreadcrumbList\",\"@id\":\"https:\\\/\\\/aazsolutions.ch\\\/de\\\/produit\\\/luft-weichlagerungsauflage-protector-1\\\/#breadcrumb\",\"itemListElement\":[{\"@type\":\"ListItem\",\"position\":1,\"name\":\"Accueil\",\"item\":\"https:\\\/\\\/aazsolutions.ch\\\/de\\\/\"},{\"@type\":\"ListItem\",\"position\":2,\"name\":\"Shop\",\"item\":\"https:\\\/\\\/aazsolutions.ch\\\/de\\\/shop\\\/\"},{\"@type\":\"ListItem\",\"position\":3,\"name\":\"Luft-Weichlagerungsauflage Protector 1\"}]},{\"@type\":\"WebSite\",\"@id\":\"https:\\\/\\\/aazsolutions.ch\\\/de\\\/#website\",\"url\":\"https:\\\/\\\/aazsolutions.ch\\\/de\\\/\",\"name\":\"A\u00e0Zsolutions.ch\",\"description\":\"Des solutions adapt\u00e9es \u00e0 chaque difficult\u00e9!\",\"publisher\":{\"@id\":\"https:\\\/\\\/aazsolutions.ch\\\/de\\\/#organization\"},\"potentialAction\":[{\"@type\":\"SearchAction\",\"target\":{\"@type\":\"EntryPoint\",\"urlTemplate\":\"https:\\\/\\\/aazsolutions.ch\\\/de\\\/?s={search_term_string}\"},\"query-input\":{\"@type\":\"PropertyValueSpecification\",\"valueRequired\":true,\"valueName\":\"search_term_string\"}}],\"inLanguage\":\"de\"},{\"@type\":\"Organization\",\"@id\":\"https:\\\/\\\/aazsolutions.ch\\\/de\\\/#organization\",\"name\":\"A\u00e0Zsolutions SARL\",\"url\":\"https:\\\/\\\/aazsolutions.ch\\\/de\\\/\",\"logo\":{\"@type\":\"ImageObject\",\"inLanguage\":\"de\",\"@id\":\"https:\\\/\\\/aazsolutions.ch\\\/de\\\/#\\\/schema\\\/logo\\\/image\\\/\",\"url\":\"https:\\\/\\\/aazsolutions.ch\\\/wp-content\\\/uploads\\\/2016\\\/04\\\/AAZ_Logo_Solutions.jpg\",\"contentUrl\":\"https:\\\/\\\/aazsolutions.ch\\\/wp-content\\\/uploads\\\/2016\\\/04\\\/AAZ_Logo_Solutions.jpg\",\"width\":1500,\"height\":481,\"caption\":\"A\u00e0Zsolutions SARL\"},\"image\":{\"@id\":\"https:\\\/\\\/aazsolutions.ch\\\/de\\\/#\\\/schema\\\/logo\\\/image\\\/\"},\"sameAs\":[\"https:\\\/\\\/www.facebook.com\\\/aazsolutions.ch\\\/\",\"https:\\\/\\\/www.linkedin.com\\\/showcase\\\/aazsolutions\\\/\"]}]}<\/script>\n<meta property=\"product:price:amount\" content=\"119.00\" \/>\n<meta property=\"product:price:currency\" content=\"CHF\" \/>\n<meta property=\"og:availability\" content=\"instock\" \/>\n<meta property=\"product:availability\" content=\"instock\" \/>\n<meta property=\"product:retailer_item_id\" content=\"30062\" \/>\n<meta property=\"product:condition\" content=\"new\" \/>\n<!-- \/ Yoast SEO Premium plugin. -->","yoast_head_json":{"title":"Luft-Weichlagerungsauflage Protector 1 \u2013 130 Wechseldruckzellen","description":"Luft-Weichlagerungsauflage Protector 1 mit 130 Wechseldruckzellen, davon 10 mikroperforiert zur Dekubitusprophylaxe. Einstellbarer Druck und inkl. aufgeh\u00e4ngtem Kompressor.","robots":{"index":"index","follow":"follow","max-snippet":"max-snippet:-1","max-image-preview":"max-image-preview:large","max-video-preview":"max-video-preview:-1"},"canonical":"https:\/\/aazsolutions.ch\/de\/produit\/luft-weichlagerungsauflage-protector-1\/","og_locale":"de_DE","og_type":"article","og_title":"Luft-Weichlagerungsauflage Protector 1","og_description":"Luft-Weichlagerungsauflage Protector 1 mit 130 Wechseldruckzellen, davon 10 mikroperforiert zur Dekubitusprophylaxe. Einstellbarer Druck und inkl. aufgeh\u00e4ngtem Kompressor.","og_url":"https:\/\/aazsolutions.ch\/de\/produit\/luft-weichlagerungsauflage-protector-1\/","og_site_name":"A\u00e0Zsolutions.ch","article_publisher":"https:\/\/www.facebook.com\/aazsolutions.ch\/","og_image":[{"width":1120,"height":1120,"url":"https:\/\/aazsolutions.ch\/wp-content\/uploads\/2025\/03\/30062-1.jpg","type":"image\/jpeg"}],"twitter_card":"summary_large_image","twitter_misc":{"Preis":"119.00&nbsp;&#67;&#72;&#70; TVA incluse","Verf\u00fcgbarkeit":"Auf Lager"},"schema":{"@context":"https:\/\/schema.org","@graph":[{"@type":"WebPage","@id":"https:\/\/aazsolutions.ch\/de\/produit\/luft-weichlagerungsauflage-protector-1\/","url":"https:\/\/aazsolutions.ch\/de\/produit\/luft-weichlagerungsauflage-protector-1\/","name":"Luft-Weichlagerungsauflage Protector 1 \u2013 130 Wechseldruckzellen","isPartOf":{"@id":"https:\/\/aazsolutions.ch\/de\/#website"},"primaryImageOfPage":{"@id":"https:\/\/aazsolutions.ch\/de\/produit\/luft-weichlagerungsauflage-protector-1\/#primaryimage"},"image":{"@id":"https:\/\/aazsolutions.ch\/de\/produit\/luft-weichlagerungsauflage-protector-1\/#primaryimage"},"thumbnailUrl":"https:\/\/aazsolutions.ch\/wp-content\/uploads\/2025\/03\/30062-1.jpg","datePublished":"2018-12-31T23:00:00+00:00","description":"Luft-Weichlagerungsauflage Protector 1 mit 130 Wechseldruckzellen, davon 10 mikroperforiert zur Dekubitusprophylaxe. Einstellbarer Druck und inkl. aufgeh\u00e4ngtem Kompressor.","breadcrumb":{"@id":"https:\/\/aazsolutions.ch\/de\/produit\/luft-weichlagerungsauflage-protector-1\/#breadcrumb"},"inLanguage":"de","potentialAction":[{"@type":"ReadAction","target":["https:\/\/aazsolutions.ch\/de\/produit\/luft-weichlagerungsauflage-protector-1\/"]}]},{"@type":"ImageObject","inLanguage":"de","@id":"https:\/\/aazsolutions.ch\/de\/produit\/luft-weichlagerungsauflage-protector-1\/#primaryimage","url":"https:\/\/aazsolutions.ch\/wp-content\/uploads\/2025\/03\/30062-1.jpg","contentUrl":"https:\/\/aazsolutions.ch\/wp-content\/uploads\/2025\/03\/30062-1.jpg","width":1120,"height":1120,"caption":"Surmatelas \u00e0 air Protector 1 avec 130 cellules alternance anti-escarres"},{"@type":"BreadcrumbList","@id":"https:\/\/aazsolutions.ch\/de\/produit\/luft-weichlagerungsauflage-protector-1\/#breadcrumb","itemListElement":[{"@type":"ListItem","position":1,"name":"Accueil","item":"https:\/\/aazsolutions.ch\/de\/"},{"@type":"ListItem","position":2,"name":"Shop","item":"https:\/\/aazsolutions.ch\/de\/shop\/"},{"@type":"ListItem","position":3,"name":"Luft-Weichlagerungsauflage Protector 1"}]},{"@type":"WebSite","@id":"https:\/\/aazsolutions.ch\/de\/#website","url":"https:\/\/aazsolutions.ch\/de\/","name":"A\u00e0Zsolutions.ch","description":"Des solutions adapt\u00e9es \u00e0 chaque difficult\u00e9!","publisher":{"@id":"https:\/\/aazsolutions.ch\/de\/#organization"},"potentialAction":[{"@type":"SearchAction","target":{"@type":"EntryPoint","urlTemplate":"https:\/\/aazsolutions.ch\/de\/?s={search_term_string}"},"query-input":{"@type":"PropertyValueSpecification","valueRequired":true,"valueName":"search_term_string"}}],"inLanguage":"de"},{"@type":"Organization","@id":"https:\/\/aazsolutions.ch\/de\/#organization","name":"A\u00e0Zsolutions SARL","url":"https:\/\/aazsolutions.ch\/de\/","logo":{"@type":"ImageObject","inLanguage":"de","@id":"https:\/\/aazsolutions.ch\/de\/#\/schema\/logo\/image\/","url":"https:\/\/aazsolutions.ch\/wp-content\/uploads\/2016\/04\/AAZ_Logo_Solutions.jpg","contentUrl":"https:\/\/aazsolutions.ch\/wp-content\/uploads\/2016\/04\/AAZ_Logo_Solutions.jpg","width":1500,"height":481,"caption":"A\u00e0Zsolutions SARL"},"image":{"@id":"https:\/\/aazsolutions.ch\/de\/#\/schema\/logo\/image\/"},"sameAs":["https:\/\/www.facebook.com\/aazsolutions.ch\/","https:\/\/www.linkedin.com\/showcase\/aazsolutions\/"]}]},"product_price_amount":"119.00","product_price_currency":"CHF","og_availability":"instock","product_availability":"instock","product_retailer_item_id":"30062","product_condition":"new"},"_links":{"self":[{"href":"https:\/\/aazsolutions.ch\/de\/wp-json\/wp\/v2\/product\/34584","targetHints":{"allow":["GET"]}}],"collection":[{"href":"https:\/\/aazsolutions.ch\/de\/wp-json\/wp\/v2\/product"}],"about":[{"href":"https:\/\/aazsolutions.ch\/de\/wp-json\/wp\/v2\/types\/product"}],"replies":[{"embeddable":true,"href":"https:\/\/aazsolutions.ch\/de\/wp-json\/wp\/v2\/comments?post=34584"}],"wp:featuredmedia":[{"embeddable":true,"href":"https:\/\/aazsolutions.ch\/de\/wp-json\/wp\/v2\/media\/31837"}],"wp:attachment":[{"href":"https:\/\/aazsolutions.ch\/de\/wp-json\/wp\/v2\/media?parent=34584"}],"wp:term":[{"taxonomy":"product_brand","embeddable":true,"href":"https:\/\/aazsolutions.ch\/de\/wp-json\/wp\/v2\/product_brand?post=34584"},{"taxonomy":"product_cat","embeddable":true,"href":"https:\/\/aazsolutions.ch\/de\/wp-json\/wp\/v2\/product_cat?post=34584"},{"taxonomy":"product_tag","embeddable":true,"href":"https:\/\/aazsolutions.ch\/de\/wp-json\/wp\/v2\/product_tag?post=34584"}],"curies":[{"name":"wp","href":"https:\/\/api.w.org\/{rel}","templated":true}]}}