{"id":34627,"date":"2019-01-01T00:00:00","date_gmt":"2018-12-31T23:00:00","guid":{"rendered":"https:\/\/aazsolutions.ch\/produit\/abnehmbares-und-verstellbares-bettgitter\/"},"modified":"2019-01-01T00:00:00","modified_gmt":"2018-12-31T23:00:00","slug":"abnehmbares-und-verstellbares-bettgitter","status":"publish","type":"product","link":"https:\/\/aazsolutions.ch\/de\/produit\/abnehmbares-und-verstellbares-bettgitter\/","title":{"rendered":"Abnehmbares und verstellbares Bettgitter"},"content":{"rendered":"<h2>Verstellbares Bettgitter \u2013 Sicherheit und Komfort<\/h2>\n<p>Das <strong>abnehmbare und verstellbare Bettgitter<\/strong> sorgt f\u00fcr einen ruhigen Schlaf, indem es n\u00e4chtliche St\u00fcrze verhindert. Es dient auch als St\u00fctze, um sich im Bett leichter neu zu positionieren. <\/p>\n<h3>\u2705 Hauptmerkmale:<\/h3>\n<ul>\n<li><strong>Abnehmbar<\/strong>: L\u00e4sst sich bei Nichtgebrauch leicht entfernen.<\/li>\n<li><strong>Verstellbar<\/strong>: H\u00f6he und Position f\u00fcr Ihren Komfort anpassbar.<\/li>\n<li><strong>Schnelle Montage<\/strong>: Ohne Rahmen, wird direkt an Matratze und Lattenrost befestigt.<\/li>\n<li><strong>Beidseitig verwendbar<\/strong>: F\u00fcr mehr Flexibilit\u00e4t auf beiden Bettseiten geeignet.<\/li>\n<li><strong>Robustes Material<\/strong>: Metallrohr mit Epoxidbeschichtung f\u00fcr Langlebigkeit und Hygiene.<\/li>\n<\/ul>\n<p>Nicht kompatibel mit Betten mit Rahmen. Diese Bettschiene bietet Ihnen t\u00e4glich zuverl\u00e4ssigen und beruhigenden Halt. <\/p>\n<h3>Bestellen Sie jetzt Ihre <strong>abnehmbare und verstellbare Bettschiene<\/strong> f\u00fcr sicheren Halt!<\/h3>\n","protected":false},"excerpt":{"rendered":"<h2>Spezifikationen<\/h2>\n<ul>\n<li>H\u00f6he ab Matratzenbasis: 58,4 cm<\/li>\n<li>Abstand zwischen den Schienen: 7,6 cm<\/li>\n<li>Verstellbare L\u00e4nge: 66\u201386,3\u2013106,6 cm<\/li>\n<li>Gewicht: 6,35 kg<\/li>\n<\/ul>\n","protected":false},"featured_media":31803,"comment_status":"closed","ping_status":"closed","template":"","meta":{"_et_pb_use_builder":"","_et_pb_old_content":"","_et_gb_content_width":"","inline_featured_image":false},"product_brand":[],"product_cat":[1227,1404],"product_tag":[],"class_list":{"0":"post-34627","1":"product","2":"type-product","3":"status-publish","4":"has-post-thumbnail","6":"product_cat-3-ruhe","7":"product_cat-bettschiene","8":"product_shipping_class-c","10":"first","11":"instock","12":"taxable","13":"shipping-taxable","14":"purchasable","15":"product-type-simple"},"yoast_head":"<!-- This site is optimized with the Yoast SEO Premium plugin v27.2 (Yoast SEO v27.5) - https:\/\/yoast.com\/product\/yoast-seo-premium-wordpress\/ -->\n<title>Abnehmbares und verstellbares Bettgitter \u2013 Sicherheit und Komfort<\/title>\n<meta name=\"description\" content=\"Abnehmbares und verstellbares Bettgitter zur Sturzpr\u00e4vention. Rahmenlose Installation, beidseitig verwendbar f\u00fcr sicheren Halt im Bett.\" \/>\n<meta name=\"robots\" content=\"index, follow, max-snippet:-1, max-image-preview:large, max-video-preview:-1\" \/>\n<link rel=\"canonical\" href=\"https:\/\/aazsolutions.ch\/de\/produit\/abnehmbares-und-verstellbares-bettgitter\/\" \/>\n<meta property=\"og:locale\" content=\"de_DE\" \/>\n<meta property=\"og:type\" content=\"article\" \/>\n<meta property=\"og:title\" content=\"Abnehmbares und verstellbares Bettgitter\" \/>\n<meta property=\"og:description\" content=\"Abnehmbares und verstellbares Bettgitter zur Sturzpr\u00e4vention. Rahmenlose Installation, beidseitig verwendbar f\u00fcr sicheren Halt im Bett.\" \/>\n<meta property=\"og:url\" content=\"https:\/\/aazsolutions.ch\/de\/produit\/abnehmbares-und-verstellbares-bettgitter\/\" \/>\n<meta property=\"og:site_name\" content=\"A\u00e0Zsolutions.ch\" \/>\n<meta property=\"article:publisher\" content=\"https:\/\/www.facebook.com\/aazsolutions.ch\/\" \/>\n<meta property=\"og:image\" content=\"https:\/\/aazsolutions.ch\/wp-content\/uploads\/2025\/03\/30039.jpg\" \/>\n\t<meta property=\"og:image:width\" content=\"800\" \/>\n\t<meta property=\"og:image:height\" content=\"730\" \/>\n\t<meta property=\"og:image:type\" content=\"image\/jpeg\" \/>\n<meta name=\"twitter:card\" content=\"summary_large_image\" \/>\n<meta name=\"twitter:label1\" content=\"Preis\" \/>\n\t<meta name=\"twitter:data1\" content=\"299.00&nbsp;&#067;&#072;&#070; TVA incluse\" \/>\n\t<meta name=\"twitter:label2\" content=\"Verf\u00fcgbarkeit\" \/>\n\t<meta name=\"twitter:data2\" content=\"Auf Lager\" \/>\n<script type=\"application\/ld+json\" class=\"yoast-schema-graph\">{\"@context\":\"https:\\\/\\\/schema.org\",\"@graph\":[{\"@type\":\"WebPage\",\"@id\":\"https:\\\/\\\/aazsolutions.ch\\\/de\\\/produit\\\/abnehmbares-und-verstellbares-bettgitter\\\/\",\"url\":\"https:\\\/\\\/aazsolutions.ch\\\/de\\\/produit\\\/abnehmbares-und-verstellbares-bettgitter\\\/\",\"name\":\"Abnehmbares und verstellbares Bettgitter \u2013 Sicherheit und Komfort\",\"isPartOf\":{\"@id\":\"https:\\\/\\\/aazsolutions.ch\\\/de\\\/#website\"},\"primaryImageOfPage\":{\"@id\":\"https:\\\/\\\/aazsolutions.ch\\\/de\\\/produit\\\/abnehmbares-und-verstellbares-bettgitter\\\/#primaryimage\"},\"image\":{\"@id\":\"https:\\\/\\\/aazsolutions.ch\\\/de\\\/produit\\\/abnehmbares-und-verstellbares-bettgitter\\\/#primaryimage\"},\"thumbnailUrl\":\"https:\\\/\\\/aazsolutions.ch\\\/wp-content\\\/uploads\\\/2025\\\/03\\\/30039.jpg\",\"datePublished\":\"2018-12-31T23:00:00+00:00\",\"description\":\"Abnehmbares und verstellbares Bettgitter zur Sturzpr\u00e4vention. Rahmenlose Installation, beidseitig verwendbar f\u00fcr sicheren Halt im Bett.\",\"breadcrumb\":{\"@id\":\"https:\\\/\\\/aazsolutions.ch\\\/de\\\/produit\\\/abnehmbares-und-verstellbares-bettgitter\\\/#breadcrumb\"},\"inLanguage\":\"de\",\"potentialAction\":[{\"@type\":\"ReadAction\",\"target\":[\"https:\\\/\\\/aazsolutions.ch\\\/de\\\/produit\\\/abnehmbares-und-verstellbares-bettgitter\\\/\"]}]},{\"@type\":\"ImageObject\",\"inLanguage\":\"de\",\"@id\":\"https:\\\/\\\/aazsolutions.ch\\\/de\\\/produit\\\/abnehmbares-und-verstellbares-bettgitter\\\/#primaryimage\",\"url\":\"https:\\\/\\\/aazsolutions.ch\\\/wp-content\\\/uploads\\\/2025\\\/03\\\/30039.jpg\",\"contentUrl\":\"https:\\\/\\\/aazsolutions.ch\\\/wp-content\\\/uploads\\\/2025\\\/03\\\/30039.jpg\",\"width\":800,\"height\":730,\"caption\":\"Barri\u00e8re de lit amovible et r\u00e9glable fix\u00e9e sur matelas sans cadre\"},{\"@type\":\"BreadcrumbList\",\"@id\":\"https:\\\/\\\/aazsolutions.ch\\\/de\\\/produit\\\/abnehmbares-und-verstellbares-bettgitter\\\/#breadcrumb\",\"itemListElement\":[{\"@type\":\"ListItem\",\"position\":1,\"name\":\"Accueil\",\"item\":\"https:\\\/\\\/aazsolutions.ch\\\/de\\\/\"},{\"@type\":\"ListItem\",\"position\":2,\"name\":\"Shop\",\"item\":\"https:\\\/\\\/aazsolutions.ch\\\/de\\\/shop\\\/\"},{\"@type\":\"ListItem\",\"position\":3,\"name\":\"Abnehmbares und verstellbares Bettgitter\"}]},{\"@type\":\"WebSite\",\"@id\":\"https:\\\/\\\/aazsolutions.ch\\\/de\\\/#website\",\"url\":\"https:\\\/\\\/aazsolutions.ch\\\/de\\\/\",\"name\":\"A\u00e0Zsolutions.ch\",\"description\":\"Des solutions adapt\u00e9es \u00e0 chaque difficult\u00e9!\",\"publisher\":{\"@id\":\"https:\\\/\\\/aazsolutions.ch\\\/de\\\/#organization\"},\"potentialAction\":[{\"@type\":\"SearchAction\",\"target\":{\"@type\":\"EntryPoint\",\"urlTemplate\":\"https:\\\/\\\/aazsolutions.ch\\\/de\\\/?s={search_term_string}\"},\"query-input\":{\"@type\":\"PropertyValueSpecification\",\"valueRequired\":true,\"valueName\":\"search_term_string\"}}],\"inLanguage\":\"de\"},{\"@type\":\"Organization\",\"@id\":\"https:\\\/\\\/aazsolutions.ch\\\/de\\\/#organization\",\"name\":\"A\u00e0Zsolutions SARL\",\"url\":\"https:\\\/\\\/aazsolutions.ch\\\/de\\\/\",\"logo\":{\"@type\":\"ImageObject\",\"inLanguage\":\"de\",\"@id\":\"https:\\\/\\\/aazsolutions.ch\\\/de\\\/#\\\/schema\\\/logo\\\/image\\\/\",\"url\":\"https:\\\/\\\/aazsolutions.ch\\\/wp-content\\\/uploads\\\/2016\\\/04\\\/AAZ_Logo_Solutions.jpg\",\"contentUrl\":\"https:\\\/\\\/aazsolutions.ch\\\/wp-content\\\/uploads\\\/2016\\\/04\\\/AAZ_Logo_Solutions.jpg\",\"width\":1500,\"height\":481,\"caption\":\"A\u00e0Zsolutions SARL\"},\"image\":{\"@id\":\"https:\\\/\\\/aazsolutions.ch\\\/de\\\/#\\\/schema\\\/logo\\\/image\\\/\"},\"sameAs\":[\"https:\\\/\\\/www.facebook.com\\\/aazsolutions.ch\\\/\",\"https:\\\/\\\/www.linkedin.com\\\/showcase\\\/aazsolutions\\\/\"]}]}<\/script>\n<meta property=\"product:price:amount\" content=\"299.00\" \/>\n<meta property=\"product:price:currency\" content=\"CHF\" \/>\n<meta property=\"og:availability\" content=\"instock\" \/>\n<meta property=\"product:availability\" content=\"instock\" \/>\n<meta property=\"product:retailer_item_id\" content=\"30039\" \/>\n<meta property=\"product:condition\" content=\"new\" \/>\n<!-- \/ Yoast SEO Premium plugin. -->","yoast_head_json":{"title":"Abnehmbares und verstellbares Bettgitter \u2013 Sicherheit und Komfort","description":"Abnehmbares und verstellbares Bettgitter zur Sturzpr\u00e4vention. Rahmenlose Installation, beidseitig verwendbar f\u00fcr sicheren Halt im Bett.","robots":{"index":"index","follow":"follow","max-snippet":"max-snippet:-1","max-image-preview":"max-image-preview:large","max-video-preview":"max-video-preview:-1"},"canonical":"https:\/\/aazsolutions.ch\/de\/produit\/abnehmbares-und-verstellbares-bettgitter\/","og_locale":"de_DE","og_type":"article","og_title":"Abnehmbares und verstellbares Bettgitter","og_description":"Abnehmbares und verstellbares Bettgitter zur Sturzpr\u00e4vention. Rahmenlose Installation, beidseitig verwendbar f\u00fcr sicheren Halt im Bett.","og_url":"https:\/\/aazsolutions.ch\/de\/produit\/abnehmbares-und-verstellbares-bettgitter\/","og_site_name":"A\u00e0Zsolutions.ch","article_publisher":"https:\/\/www.facebook.com\/aazsolutions.ch\/","og_image":[{"width":800,"height":730,"url":"https:\/\/aazsolutions.ch\/wp-content\/uploads\/2025\/03\/30039.jpg","type":"image\/jpeg"}],"twitter_card":"summary_large_image","twitter_misc":{"Preis":"299.00&nbsp;&#67;&#72;&#70; TVA incluse","Verf\u00fcgbarkeit":"Auf Lager"},"schema":{"@context":"https:\/\/schema.org","@graph":[{"@type":"WebPage","@id":"https:\/\/aazsolutions.ch\/de\/produit\/abnehmbares-und-verstellbares-bettgitter\/","url":"https:\/\/aazsolutions.ch\/de\/produit\/abnehmbares-und-verstellbares-bettgitter\/","name":"Abnehmbares und verstellbares Bettgitter \u2013 Sicherheit und Komfort","isPartOf":{"@id":"https:\/\/aazsolutions.ch\/de\/#website"},"primaryImageOfPage":{"@id":"https:\/\/aazsolutions.ch\/de\/produit\/abnehmbares-und-verstellbares-bettgitter\/#primaryimage"},"image":{"@id":"https:\/\/aazsolutions.ch\/de\/produit\/abnehmbares-und-verstellbares-bettgitter\/#primaryimage"},"thumbnailUrl":"https:\/\/aazsolutions.ch\/wp-content\/uploads\/2025\/03\/30039.jpg","datePublished":"2018-12-31T23:00:00+00:00","description":"Abnehmbares und verstellbares Bettgitter zur Sturzpr\u00e4vention. Rahmenlose Installation, beidseitig verwendbar f\u00fcr sicheren Halt im Bett.","breadcrumb":{"@id":"https:\/\/aazsolutions.ch\/de\/produit\/abnehmbares-und-verstellbares-bettgitter\/#breadcrumb"},"inLanguage":"de","potentialAction":[{"@type":"ReadAction","target":["https:\/\/aazsolutions.ch\/de\/produit\/abnehmbares-und-verstellbares-bettgitter\/"]}]},{"@type":"ImageObject","inLanguage":"de","@id":"https:\/\/aazsolutions.ch\/de\/produit\/abnehmbares-und-verstellbares-bettgitter\/#primaryimage","url":"https:\/\/aazsolutions.ch\/wp-content\/uploads\/2025\/03\/30039.jpg","contentUrl":"https:\/\/aazsolutions.ch\/wp-content\/uploads\/2025\/03\/30039.jpg","width":800,"height":730,"caption":"Barri\u00e8re de lit amovible et r\u00e9glable fix\u00e9e sur matelas sans cadre"},{"@type":"BreadcrumbList","@id":"https:\/\/aazsolutions.ch\/de\/produit\/abnehmbares-und-verstellbares-bettgitter\/#breadcrumb","itemListElement":[{"@type":"ListItem","position":1,"name":"Accueil","item":"https:\/\/aazsolutions.ch\/de\/"},{"@type":"ListItem","position":2,"name":"Shop","item":"https:\/\/aazsolutions.ch\/de\/shop\/"},{"@type":"ListItem","position":3,"name":"Abnehmbares und verstellbares Bettgitter"}]},{"@type":"WebSite","@id":"https:\/\/aazsolutions.ch\/de\/#website","url":"https:\/\/aazsolutions.ch\/de\/","name":"A\u00e0Zsolutions.ch","description":"Des solutions adapt\u00e9es \u00e0 chaque difficult\u00e9!","publisher":{"@id":"https:\/\/aazsolutions.ch\/de\/#organization"},"potentialAction":[{"@type":"SearchAction","target":{"@type":"EntryPoint","urlTemplate":"https:\/\/aazsolutions.ch\/de\/?s={search_term_string}"},"query-input":{"@type":"PropertyValueSpecification","valueRequired":true,"valueName":"search_term_string"}}],"inLanguage":"de"},{"@type":"Organization","@id":"https:\/\/aazsolutions.ch\/de\/#organization","name":"A\u00e0Zsolutions SARL","url":"https:\/\/aazsolutions.ch\/de\/","logo":{"@type":"ImageObject","inLanguage":"de","@id":"https:\/\/aazsolutions.ch\/de\/#\/schema\/logo\/image\/","url":"https:\/\/aazsolutions.ch\/wp-content\/uploads\/2016\/04\/AAZ_Logo_Solutions.jpg","contentUrl":"https:\/\/aazsolutions.ch\/wp-content\/uploads\/2016\/04\/AAZ_Logo_Solutions.jpg","width":1500,"height":481,"caption":"A\u00e0Zsolutions SARL"},"image":{"@id":"https:\/\/aazsolutions.ch\/de\/#\/schema\/logo\/image\/"},"sameAs":["https:\/\/www.facebook.com\/aazsolutions.ch\/","https:\/\/www.linkedin.com\/showcase\/aazsolutions\/"]}]},"product_price_amount":"299.00","product_price_currency":"CHF","og_availability":"instock","product_availability":"instock","product_retailer_item_id":"30039","product_condition":"new"},"_links":{"self":[{"href":"https:\/\/aazsolutions.ch\/de\/wp-json\/wp\/v2\/product\/34627","targetHints":{"allow":["GET"]}}],"collection":[{"href":"https:\/\/aazsolutions.ch\/de\/wp-json\/wp\/v2\/product"}],"about":[{"href":"https:\/\/aazsolutions.ch\/de\/wp-json\/wp\/v2\/types\/product"}],"replies":[{"embeddable":true,"href":"https:\/\/aazsolutions.ch\/de\/wp-json\/wp\/v2\/comments?post=34627"}],"wp:featuredmedia":[{"embeddable":true,"href":"https:\/\/aazsolutions.ch\/de\/wp-json\/wp\/v2\/media\/31803"}],"wp:attachment":[{"href":"https:\/\/aazsolutions.ch\/de\/wp-json\/wp\/v2\/media?parent=34627"}],"wp:term":[{"taxonomy":"product_brand","embeddable":true,"href":"https:\/\/aazsolutions.ch\/de\/wp-json\/wp\/v2\/product_brand?post=34627"},{"taxonomy":"product_cat","embeddable":true,"href":"https:\/\/aazsolutions.ch\/de\/wp-json\/wp\/v2\/product_cat?post=34627"},{"taxonomy":"product_tag","embeddable":true,"href":"https:\/\/aazsolutions.ch\/de\/wp-json\/wp\/v2\/product_tag?post=34627"}],"curies":[{"name":"wp","href":"https:\/\/api.w.org\/{rel}","templated":true}]}}