{"id":34629,"date":"2019-01-01T00:00:00","date_gmt":"2018-12-31T23:00:00","guid":{"rendered":"https:\/\/aazsolutions.ch\/produit\/2-in-1-aufstehhilfe\/"},"modified":"2019-01-01T00:00:00","modified_gmt":"2018-12-31T23:00:00","slug":"2-in-1-aufstehhilfe","status":"publish","type":"product","link":"https:\/\/aazsolutions.ch\/de\/produit\/2-in-1-aufstehhilfe\/","title":{"rendered":"2-in-1-Aufstehhilfe"},"content":{"rendered":"<h2>2-in-1-Aufstehhilfe \u2013 Komfort und Unterst\u00fctzung im Bett<\/h2>\n<p>Die <strong>2-in-1-Aufstehhilfe<\/strong> hilft Ihnen, sich beim Aufstehen oder Hinlegen sicherer zu f\u00fchlen. Dieses vielseitige Modell ist f\u00fcr Sofas oder Betten mit Rahmen konzipiert und bietet eine stabile Unterst\u00fctzung f\u00fcr einfache Hilfe. Die schlanke Basis hat minimale Auswirkungen, wenn sie unter der Matratze platziert wird.  <\/p>\n<h3>\u2705 Hauptmerkmale der <strong>Aufstehhilfe<\/strong>:<\/h3>\n<ul>\n<li><strong>Ergonomischer Griff<\/strong>: Bietet zus\u00e4tzlichen Komfort beim Hochziehen und Aufrichten.<\/li>\n<li><strong>Effektives Befestigungssystem<\/strong>: Befestigung mit einfach zu installierenden Gurten.<\/li>\n<li><strong>Schlankes Design<\/strong>: D\u00fcnne Basis, die die \u00c4sthetik Ihres Bettes nicht beeintr\u00e4chtigt.<\/li>\n<li><strong>Anpassungsf\u00e4higkeit<\/strong>: Geeignet f\u00fcr Betten mit Rahmen oder Sofas.<\/li>\n<\/ul>\n<p>Die <strong>Aufstehhilfe<\/strong> ist ideal f\u00fcr Personen, die Unterst\u00fctzung beim Hinlegen und Aufstehen ben\u00f6tigen und garantiert Sicherheit und Komfort im Alltag.<\/p>\n<h3>Bestellen Sie jetzt Ihre <strong>2-in-1-Aufstehhilfe<\/strong> f\u00fcr ein komfortableres und sichereres Bett-Erlebnis!<\/h3>\n<h3>Entdecken Sie es in Aktion in diesem Video:<\/h3>\n<p><iframe loading=\"lazy\" src=\"https:\/\/www.youtube.com\/embed\/49kbEYrJEjo\" width=\"560\" height=\"315\" frameborder=\"0\" allowfullscreen=\"allowfullscreen\"><\/iframe><\/p>\n","protected":false},"excerpt":{"rendered":"<h2>Spezifikationen<\/h2>\n<ul>\n<li>L\u00e4nge Basis: 61,5 cm<\/li>\n<li>Breite Basis: 33,5 cm<\/li>\n<li>Gesamth\u00f6he: 51,5 cm<\/li>\n<li>Dicke Basis: 1,5 cm<\/li>\n<li>Produktgewicht: 3,5 kg<\/li>\n<li>Max. Benutzergewicht Benutzer: 160 kg<\/li>\n<\/ul>\n","protected":false},"featured_media":31775,"comment_status":"closed","ping_status":"closed","template":"","meta":{"_et_pb_use_builder":"","_et_pb_old_content":"","_et_gb_content_width":"","inline_featured_image":false},"product_brand":[],"product_cat":[1227,1403],"product_tag":[],"class_list":{"0":"post-34629","1":"product","2":"type-product","3":"status-publish","4":"has-post-thumbnail","6":"product_cat-3-ruhe","7":"product_cat-aufrichthilfe","8":"product_shipping_class-a","10":"first","11":"instock","12":"taxable","13":"shipping-taxable","14":"purchasable","15":"product-type-simple"},"yoast_head":"<!-- This site is optimized with the Yoast SEO Premium plugin v27.2 (Yoast SEO v27.5) - https:\/\/yoast.com\/product\/yoast-seo-premium-wordpress\/ -->\n<title>2-in-1-Aufstehhilfe \u2013 Komfort und Unterst\u00fctzung im Bett<\/title>\n<meta name=\"description\" content=\"2-in-1-Aufstehhilfe f\u00fcr optimale Unterst\u00fctzung beim Hinlegen und Aufstehen. Einfach zu installieren mit ergonomischem Griff f\u00fcr mehr Komfort.\" \/>\n<meta name=\"robots\" content=\"index, follow, max-snippet:-1, max-image-preview:large, max-video-preview:-1\" \/>\n<link rel=\"canonical\" href=\"https:\/\/aazsolutions.ch\/de\/produit\/2-in-1-aufstehhilfe\/\" \/>\n<meta property=\"og:locale\" content=\"de_DE\" \/>\n<meta property=\"og:type\" content=\"article\" \/>\n<meta property=\"og:title\" content=\"2-in-1-Aufstehhilfe\" \/>\n<meta property=\"og:description\" content=\"2-in-1-Aufstehhilfe f\u00fcr optimale Unterst\u00fctzung beim Hinlegen und Aufstehen. Einfach zu installieren mit ergonomischem Griff f\u00fcr mehr Komfort.\" \/>\n<meta property=\"og:url\" content=\"https:\/\/aazsolutions.ch\/de\/produit\/2-in-1-aufstehhilfe\/\" \/>\n<meta property=\"og:site_name\" content=\"A\u00e0Zsolutions.ch\" \/>\n<meta property=\"article:publisher\" content=\"https:\/\/www.facebook.com\/aazsolutions.ch\/\" \/>\n<meta property=\"og:image\" content=\"https:\/\/aazsolutions.ch\/wp-content\/uploads\/2025\/03\/30012-1.jpg\" \/>\n\t<meta property=\"og:image:width\" content=\"1000\" \/>\n\t<meta property=\"og:image:height\" content=\"1000\" \/>\n\t<meta property=\"og:image:type\" content=\"image\/jpeg\" \/>\n<meta name=\"twitter:card\" content=\"summary_large_image\" \/>\n<meta name=\"twitter:label1\" content=\"Preis\" \/>\n\t<meta name=\"twitter:data1\" content=\"129.00&nbsp;&#067;&#072;&#070; TVA incluse\" \/>\n\t<meta name=\"twitter:label2\" content=\"Verf\u00fcgbarkeit\" \/>\n\t<meta name=\"twitter:data2\" content=\"Auf Lager\" \/>\n<script type=\"application\/ld+json\" class=\"yoast-schema-graph\">{\"@context\":\"https:\\\/\\\/schema.org\",\"@graph\":[{\"@type\":\"WebPage\",\"@id\":\"https:\\\/\\\/aazsolutions.ch\\\/de\\\/produit\\\/2-in-1-aufstehhilfe\\\/\",\"url\":\"https:\\\/\\\/aazsolutions.ch\\\/de\\\/produit\\\/2-in-1-aufstehhilfe\\\/\",\"name\":\"2-in-1-Aufstehhilfe \u2013 Komfort und Unterst\u00fctzung im Bett\",\"isPartOf\":{\"@id\":\"https:\\\/\\\/aazsolutions.ch\\\/de\\\/#website\"},\"primaryImageOfPage\":{\"@id\":\"https:\\\/\\\/aazsolutions.ch\\\/de\\\/produit\\\/2-in-1-aufstehhilfe\\\/#primaryimage\"},\"image\":{\"@id\":\"https:\\\/\\\/aazsolutions.ch\\\/de\\\/produit\\\/2-in-1-aufstehhilfe\\\/#primaryimage\"},\"thumbnailUrl\":\"https:\\\/\\\/aazsolutions.ch\\\/wp-content\\\/uploads\\\/2025\\\/03\\\/30012-1.jpg\",\"datePublished\":\"2018-12-31T23:00:00+00:00\",\"description\":\"2-in-1-Aufstehhilfe f\u00fcr optimale Unterst\u00fctzung beim Hinlegen und Aufstehen. Einfach zu installieren mit ergonomischem Griff f\u00fcr mehr Komfort.\",\"breadcrumb\":{\"@id\":\"https:\\\/\\\/aazsolutions.ch\\\/de\\\/produit\\\/2-in-1-aufstehhilfe\\\/#breadcrumb\"},\"inLanguage\":\"de\",\"potentialAction\":[{\"@type\":\"ReadAction\",\"target\":[\"https:\\\/\\\/aazsolutions.ch\\\/de\\\/produit\\\/2-in-1-aufstehhilfe\\\/\"]}]},{\"@type\":\"ImageObject\",\"inLanguage\":\"de\",\"@id\":\"https:\\\/\\\/aazsolutions.ch\\\/de\\\/produit\\\/2-in-1-aufstehhilfe\\\/#primaryimage\",\"url\":\"https:\\\/\\\/aazsolutions.ch\\\/wp-content\\\/uploads\\\/2025\\\/03\\\/30012-1.jpg\",\"contentUrl\":\"https:\\\/\\\/aazsolutions.ch\\\/wp-content\\\/uploads\\\/2025\\\/03\\\/30012-1.jpg\",\"width\":1000,\"height\":1000,\"caption\":\"Barre de redressement 2 en 1 avec poign\u00e9e ergonomique\"},{\"@type\":\"BreadcrumbList\",\"@id\":\"https:\\\/\\\/aazsolutions.ch\\\/de\\\/produit\\\/2-in-1-aufstehhilfe\\\/#breadcrumb\",\"itemListElement\":[{\"@type\":\"ListItem\",\"position\":1,\"name\":\"Accueil\",\"item\":\"https:\\\/\\\/aazsolutions.ch\\\/de\\\/\"},{\"@type\":\"ListItem\",\"position\":2,\"name\":\"Shop\",\"item\":\"https:\\\/\\\/aazsolutions.ch\\\/de\\\/shop\\\/\"},{\"@type\":\"ListItem\",\"position\":3,\"name\":\"2-in-1-Aufstehhilfe\"}]},{\"@type\":\"WebSite\",\"@id\":\"https:\\\/\\\/aazsolutions.ch\\\/de\\\/#website\",\"url\":\"https:\\\/\\\/aazsolutions.ch\\\/de\\\/\",\"name\":\"A\u00e0Zsolutions.ch\",\"description\":\"Des solutions adapt\u00e9es \u00e0 chaque difficult\u00e9!\",\"publisher\":{\"@id\":\"https:\\\/\\\/aazsolutions.ch\\\/de\\\/#organization\"},\"potentialAction\":[{\"@type\":\"SearchAction\",\"target\":{\"@type\":\"EntryPoint\",\"urlTemplate\":\"https:\\\/\\\/aazsolutions.ch\\\/de\\\/?s={search_term_string}\"},\"query-input\":{\"@type\":\"PropertyValueSpecification\",\"valueRequired\":true,\"valueName\":\"search_term_string\"}}],\"inLanguage\":\"de\"},{\"@type\":\"Organization\",\"@id\":\"https:\\\/\\\/aazsolutions.ch\\\/de\\\/#organization\",\"name\":\"A\u00e0Zsolutions SARL\",\"url\":\"https:\\\/\\\/aazsolutions.ch\\\/de\\\/\",\"logo\":{\"@type\":\"ImageObject\",\"inLanguage\":\"de\",\"@id\":\"https:\\\/\\\/aazsolutions.ch\\\/de\\\/#\\\/schema\\\/logo\\\/image\\\/\",\"url\":\"https:\\\/\\\/aazsolutions.ch\\\/wp-content\\\/uploads\\\/2016\\\/04\\\/AAZ_Logo_Solutions.jpg\",\"contentUrl\":\"https:\\\/\\\/aazsolutions.ch\\\/wp-content\\\/uploads\\\/2016\\\/04\\\/AAZ_Logo_Solutions.jpg\",\"width\":1500,\"height\":481,\"caption\":\"A\u00e0Zsolutions SARL\"},\"image\":{\"@id\":\"https:\\\/\\\/aazsolutions.ch\\\/de\\\/#\\\/schema\\\/logo\\\/image\\\/\"},\"sameAs\":[\"https:\\\/\\\/www.facebook.com\\\/aazsolutions.ch\\\/\",\"https:\\\/\\\/www.linkedin.com\\\/showcase\\\/aazsolutions\\\/\"]}]}<\/script>\n<meta property=\"product:price:amount\" content=\"129.00\" \/>\n<meta property=\"product:price:currency\" content=\"CHF\" \/>\n<meta property=\"og:availability\" content=\"instock\" \/>\n<meta property=\"product:availability\" content=\"instock\" \/>\n<meta property=\"product:retailer_item_id\" content=\"30012\" \/>\n<meta property=\"product:condition\" content=\"new\" \/>\n<!-- \/ Yoast SEO Premium plugin. -->","yoast_head_json":{"title":"2-in-1-Aufstehhilfe \u2013 Komfort und Unterst\u00fctzung im Bett","description":"2-in-1-Aufstehhilfe f\u00fcr optimale Unterst\u00fctzung beim Hinlegen und Aufstehen. Einfach zu installieren mit ergonomischem Griff f\u00fcr mehr Komfort.","robots":{"index":"index","follow":"follow","max-snippet":"max-snippet:-1","max-image-preview":"max-image-preview:large","max-video-preview":"max-video-preview:-1"},"canonical":"https:\/\/aazsolutions.ch\/de\/produit\/2-in-1-aufstehhilfe\/","og_locale":"de_DE","og_type":"article","og_title":"2-in-1-Aufstehhilfe","og_description":"2-in-1-Aufstehhilfe f\u00fcr optimale Unterst\u00fctzung beim Hinlegen und Aufstehen. Einfach zu installieren mit ergonomischem Griff f\u00fcr mehr Komfort.","og_url":"https:\/\/aazsolutions.ch\/de\/produit\/2-in-1-aufstehhilfe\/","og_site_name":"A\u00e0Zsolutions.ch","article_publisher":"https:\/\/www.facebook.com\/aazsolutions.ch\/","og_image":[{"width":1000,"height":1000,"url":"https:\/\/aazsolutions.ch\/wp-content\/uploads\/2025\/03\/30012-1.jpg","type":"image\/jpeg"}],"twitter_card":"summary_large_image","twitter_misc":{"Preis":"129.00&nbsp;&#67;&#72;&#70; TVA incluse","Verf\u00fcgbarkeit":"Auf Lager"},"schema":{"@context":"https:\/\/schema.org","@graph":[{"@type":"WebPage","@id":"https:\/\/aazsolutions.ch\/de\/produit\/2-in-1-aufstehhilfe\/","url":"https:\/\/aazsolutions.ch\/de\/produit\/2-in-1-aufstehhilfe\/","name":"2-in-1-Aufstehhilfe \u2013 Komfort und Unterst\u00fctzung im Bett","isPartOf":{"@id":"https:\/\/aazsolutions.ch\/de\/#website"},"primaryImageOfPage":{"@id":"https:\/\/aazsolutions.ch\/de\/produit\/2-in-1-aufstehhilfe\/#primaryimage"},"image":{"@id":"https:\/\/aazsolutions.ch\/de\/produit\/2-in-1-aufstehhilfe\/#primaryimage"},"thumbnailUrl":"https:\/\/aazsolutions.ch\/wp-content\/uploads\/2025\/03\/30012-1.jpg","datePublished":"2018-12-31T23:00:00+00:00","description":"2-in-1-Aufstehhilfe f\u00fcr optimale Unterst\u00fctzung beim Hinlegen und Aufstehen. Einfach zu installieren mit ergonomischem Griff f\u00fcr mehr Komfort.","breadcrumb":{"@id":"https:\/\/aazsolutions.ch\/de\/produit\/2-in-1-aufstehhilfe\/#breadcrumb"},"inLanguage":"de","potentialAction":[{"@type":"ReadAction","target":["https:\/\/aazsolutions.ch\/de\/produit\/2-in-1-aufstehhilfe\/"]}]},{"@type":"ImageObject","inLanguage":"de","@id":"https:\/\/aazsolutions.ch\/de\/produit\/2-in-1-aufstehhilfe\/#primaryimage","url":"https:\/\/aazsolutions.ch\/wp-content\/uploads\/2025\/03\/30012-1.jpg","contentUrl":"https:\/\/aazsolutions.ch\/wp-content\/uploads\/2025\/03\/30012-1.jpg","width":1000,"height":1000,"caption":"Barre de redressement 2 en 1 avec poign\u00e9e ergonomique"},{"@type":"BreadcrumbList","@id":"https:\/\/aazsolutions.ch\/de\/produit\/2-in-1-aufstehhilfe\/#breadcrumb","itemListElement":[{"@type":"ListItem","position":1,"name":"Accueil","item":"https:\/\/aazsolutions.ch\/de\/"},{"@type":"ListItem","position":2,"name":"Shop","item":"https:\/\/aazsolutions.ch\/de\/shop\/"},{"@type":"ListItem","position":3,"name":"2-in-1-Aufstehhilfe"}]},{"@type":"WebSite","@id":"https:\/\/aazsolutions.ch\/de\/#website","url":"https:\/\/aazsolutions.ch\/de\/","name":"A\u00e0Zsolutions.ch","description":"Des solutions adapt\u00e9es \u00e0 chaque difficult\u00e9!","publisher":{"@id":"https:\/\/aazsolutions.ch\/de\/#organization"},"potentialAction":[{"@type":"SearchAction","target":{"@type":"EntryPoint","urlTemplate":"https:\/\/aazsolutions.ch\/de\/?s={search_term_string}"},"query-input":{"@type":"PropertyValueSpecification","valueRequired":true,"valueName":"search_term_string"}}],"inLanguage":"de"},{"@type":"Organization","@id":"https:\/\/aazsolutions.ch\/de\/#organization","name":"A\u00e0Zsolutions SARL","url":"https:\/\/aazsolutions.ch\/de\/","logo":{"@type":"ImageObject","inLanguage":"de","@id":"https:\/\/aazsolutions.ch\/de\/#\/schema\/logo\/image\/","url":"https:\/\/aazsolutions.ch\/wp-content\/uploads\/2016\/04\/AAZ_Logo_Solutions.jpg","contentUrl":"https:\/\/aazsolutions.ch\/wp-content\/uploads\/2016\/04\/AAZ_Logo_Solutions.jpg","width":1500,"height":481,"caption":"A\u00e0Zsolutions SARL"},"image":{"@id":"https:\/\/aazsolutions.ch\/de\/#\/schema\/logo\/image\/"},"sameAs":["https:\/\/www.facebook.com\/aazsolutions.ch\/","https:\/\/www.linkedin.com\/showcase\/aazsolutions\/"]}]},"product_price_amount":"129.00","product_price_currency":"CHF","og_availability":"instock","product_availability":"instock","product_retailer_item_id":"30012","product_condition":"new"},"_links":{"self":[{"href":"https:\/\/aazsolutions.ch\/de\/wp-json\/wp\/v2\/product\/34629","targetHints":{"allow":["GET"]}}],"collection":[{"href":"https:\/\/aazsolutions.ch\/de\/wp-json\/wp\/v2\/product"}],"about":[{"href":"https:\/\/aazsolutions.ch\/de\/wp-json\/wp\/v2\/types\/product"}],"replies":[{"embeddable":true,"href":"https:\/\/aazsolutions.ch\/de\/wp-json\/wp\/v2\/comments?post=34629"}],"wp:featuredmedia":[{"embeddable":true,"href":"https:\/\/aazsolutions.ch\/de\/wp-json\/wp\/v2\/media\/31775"}],"wp:attachment":[{"href":"https:\/\/aazsolutions.ch\/de\/wp-json\/wp\/v2\/media?parent=34629"}],"wp:term":[{"taxonomy":"product_brand","embeddable":true,"href":"https:\/\/aazsolutions.ch\/de\/wp-json\/wp\/v2\/product_brand?post=34629"},{"taxonomy":"product_cat","embeddable":true,"href":"https:\/\/aazsolutions.ch\/de\/wp-json\/wp\/v2\/product_cat?post=34629"},{"taxonomy":"product_tag","embeddable":true,"href":"https:\/\/aazsolutions.ch\/de\/wp-json\/wp\/v2\/product_tag?post=34629"}],"curies":[{"name":"wp","href":"https:\/\/api.w.org\/{rel}","templated":true}]}}