{"id":34632,"date":"2019-01-01T00:00:00","date_gmt":"2018-12-31T23:00:00","guid":{"rendered":"https:\/\/aazsolutions.ch\/produit\/aufstehhilfe-protect-ultra\/"},"modified":"2019-01-01T00:00:00","modified_gmt":"2018-12-31T23:00:00","slug":"aufstehhilfe-protect-ultra","status":"publish","type":"product","link":"https:\/\/aazsolutions.ch\/de\/produit\/aufstehhilfe-protect-ultra\/","title":{"rendered":"Aufstehhilfe Protect ULTRA"},"content":{"rendered":"<h2>Aufstehhilfe Protect ULTRA \u2013 Schnelle Installation<\/h2>\n<p>Die <strong>Aufstehhilfe Protect ULTRA<\/strong> ist so konzipiert, dass sie einen stabilen Haltepunkt bietet, ohne jegliches Werkzeug zu ben\u00f6tigen. Sie schieben sie unter die Matratze und sofort erleichtert sie Ihre Transfers vom Sitzen zum Stehen, Ihr Aufrichten und Ihre Positionswechsel im Bett. <\/p>\n<h3>\u2705 Einfache Handhabung:<\/h3>\n<ul>\n<li><strong>Schnelle Montage<\/strong>: Kein Werkzeug erforderlich, sie ist in wenigen Sekunden einsatzbereit.<\/li>\n<li><strong>Einfache Entfernung<\/strong>: Sie k\u00f6nnen sie nach Bedarf entfernen und neu positionieren, ohne Verrutschen.<\/li>\n<li><strong>Diskretes Design<\/strong>: Schlankes und elegantes Profil, sie bleibt unter der Matratze nahezu unsichtbar.<\/li>\n<\/ul>\n<p>Neben der Unterst\u00fctzung Ihrer Bewegungen garantiert dieser Bettgriff erh\u00f6hte Sicherheit. Er verhindert n\u00e4chtliche St\u00fcrze und bietet gleichzeitig einen komfortablen Halt beim Hinsetzen oder Aufstehen. Sie k\u00f6nnen ihn auch verwenden, um sich zum Bett zu beugen oder Ihre Liegeposition m\u00fchelos anzupassen.  <\/p>\n<h3>\u2705 Technische Merkmale:<\/h3>\n<ul>\n<li><strong>Stahlkonstruktion<\/strong>: Widerstandsf\u00e4higkeit und Langlebigkeit garantiert.<\/li>\n<li><strong>Universelle Kompatibilit\u00e4t<\/strong>: Geeignet f\u00fcr alle Arten von Lattenrosten und Matratzen.<\/li>\n<li><strong>Einfache Pflege<\/strong>: Schnelle Reinigung mit einem feuchten Tuch.<\/li>\n<li><strong>Ergonomischer Griff<\/strong>: Handgerechte Form f\u00fcr sicheren Halt.<\/li>\n<\/ul>\n<p>Diese St\u00fctzhilfe eignet sich sowohl f\u00fcr den h\u00e4uslichen Gebrauch als auch f\u00fcr den professionellen Gesundheitsbereich. Ihre werkzeuglose Installation macht sie zu einem idealen Hilfsmittel f\u00fcr Pflegepersonen, w\u00e4hrend ihre gepflegte \u00c4sthetik sich perfekt in jedes Schlafzimmer einf\u00fcgt. <\/p>\n<h3>Bestellen Sie jetzt die <strong>Aufstehhilfe Protect ULTRA<\/strong> f\u00fcr mehr Selbstst\u00e4ndigkeit und Sicherheit!<\/h3>\n","protected":false},"excerpt":{"rendered":"<h2>Spezifikationen<\/h2>\n<ul>\n<li>H\u00f6henverstellbar: 38 bis 52 cm<\/li>\n<li>L\u00e4nge: 80 cm<\/li>\n<li>Gewicht der Stange: 2,7 kg<\/li>\n<\/ul>\n","protected":false},"featured_media":31843,"comment_status":"closed","ping_status":"closed","template":"","meta":{"_et_pb_use_builder":"","_et_pb_old_content":"","_et_gb_content_width":"","inline_featured_image":false},"product_brand":[],"product_cat":[1227,1403],"product_tag":[],"class_list":{"0":"post-34632","1":"product","2":"type-product","3":"status-publish","4":"has-post-thumbnail","6":"product_cat-3-ruhe","7":"product_cat-aufrichthilfe","8":"product_shipping_class-b","10":"first","11":"instock","12":"taxable","13":"shipping-taxable","14":"purchasable","15":"product-type-simple"},"yoast_head":"<!-- This site is optimized with the Yoast SEO Premium plugin v27.2 (Yoast SEO v27.5) - https:\/\/yoast.com\/product\/yoast-seo-premium-wordpress\/ -->\n<title>Aufstehhilfe Protect ULTRA \u2013 Werkzeuglose Montage<\/title>\n<meta name=\"description\" content=\"Die Aufstehhilfe Protect ULTRA wird werkzeuglos unter die Matratze geschoben und dient als stabiler Haltepunkt zur Erleichterung Ihrer Transfers im Bett.\" \/>\n<meta name=\"robots\" content=\"index, follow, max-snippet:-1, max-image-preview:large, max-video-preview:-1\" \/>\n<link rel=\"canonical\" href=\"https:\/\/aazsolutions.ch\/de\/produit\/aufstehhilfe-protect-ultra\/\" \/>\n<meta property=\"og:locale\" content=\"de_DE\" \/>\n<meta property=\"og:type\" content=\"article\" \/>\n<meta property=\"og:title\" content=\"Aufstehhilfe Protect ULTRA\" \/>\n<meta property=\"og:description\" content=\"Die Aufstehhilfe Protect ULTRA wird werkzeuglos unter die Matratze geschoben und dient als stabiler Haltepunkt zur Erleichterung Ihrer Transfers im Bett.\" \/>\n<meta property=\"og:url\" content=\"https:\/\/aazsolutions.ch\/de\/produit\/aufstehhilfe-protect-ultra\/\" \/>\n<meta property=\"og:site_name\" content=\"A\u00e0Zsolutions.ch\" \/>\n<meta property=\"article:publisher\" content=\"https:\/\/www.facebook.com\/aazsolutions.ch\/\" \/>\n<meta property=\"og:image\" content=\"https:\/\/aazsolutions.ch\/wp-content\/uploads\/2025\/03\/30065.jpg\" \/>\n\t<meta property=\"og:image:width\" content=\"1120\" \/>\n\t<meta property=\"og:image:height\" content=\"1120\" \/>\n\t<meta property=\"og:image:type\" content=\"image\/jpeg\" \/>\n<meta name=\"twitter:card\" content=\"summary_large_image\" \/>\n<meta name=\"twitter:label1\" content=\"Preis\" \/>\n\t<meta name=\"twitter:data1\" content=\"109.00&nbsp;&#067;&#072;&#070; TVA incluse\" \/>\n\t<meta name=\"twitter:label2\" content=\"Verf\u00fcgbarkeit\" \/>\n\t<meta name=\"twitter:data2\" content=\"Auf Lager\" \/>\n<script type=\"application\/ld+json\" class=\"yoast-schema-graph\">{\"@context\":\"https:\\\/\\\/schema.org\",\"@graph\":[{\"@type\":\"WebPage\",\"@id\":\"https:\\\/\\\/aazsolutions.ch\\\/de\\\/produit\\\/aufstehhilfe-protect-ultra\\\/\",\"url\":\"https:\\\/\\\/aazsolutions.ch\\\/de\\\/produit\\\/aufstehhilfe-protect-ultra\\\/\",\"name\":\"Aufstehhilfe Protect ULTRA \u2013 Werkzeuglose Montage\",\"isPartOf\":{\"@id\":\"https:\\\/\\\/aazsolutions.ch\\\/de\\\/#website\"},\"primaryImageOfPage\":{\"@id\":\"https:\\\/\\\/aazsolutions.ch\\\/de\\\/produit\\\/aufstehhilfe-protect-ultra\\\/#primaryimage\"},\"image\":{\"@id\":\"https:\\\/\\\/aazsolutions.ch\\\/de\\\/produit\\\/aufstehhilfe-protect-ultra\\\/#primaryimage\"},\"thumbnailUrl\":\"https:\\\/\\\/aazsolutions.ch\\\/wp-content\\\/uploads\\\/2025\\\/03\\\/30065.jpg\",\"datePublished\":\"2018-12-31T23:00:00+00:00\",\"description\":\"Die Aufstehhilfe Protect ULTRA wird werkzeuglos unter die Matratze geschoben und dient als stabiler Haltepunkt zur Erleichterung Ihrer Transfers im Bett.\",\"breadcrumb\":{\"@id\":\"https:\\\/\\\/aazsolutions.ch\\\/de\\\/produit\\\/aufstehhilfe-protect-ultra\\\/#breadcrumb\"},\"inLanguage\":\"de\",\"potentialAction\":[{\"@type\":\"ReadAction\",\"target\":[\"https:\\\/\\\/aazsolutions.ch\\\/de\\\/produit\\\/aufstehhilfe-protect-ultra\\\/\"]}]},{\"@type\":\"ImageObject\",\"inLanguage\":\"de\",\"@id\":\"https:\\\/\\\/aazsolutions.ch\\\/de\\\/produit\\\/aufstehhilfe-protect-ultra\\\/#primaryimage\",\"url\":\"https:\\\/\\\/aazsolutions.ch\\\/wp-content\\\/uploads\\\/2025\\\/03\\\/30065.jpg\",\"contentUrl\":\"https:\\\/\\\/aazsolutions.ch\\\/wp-content\\\/uploads\\\/2025\\\/03\\\/30065.jpg\",\"width\":1120,\"height\":1120,\"caption\":\"Barre de redressement Protect ULTRA gliss\u00e9e sous le matelas sans outil\"},{\"@type\":\"BreadcrumbList\",\"@id\":\"https:\\\/\\\/aazsolutions.ch\\\/de\\\/produit\\\/aufstehhilfe-protect-ultra\\\/#breadcrumb\",\"itemListElement\":[{\"@type\":\"ListItem\",\"position\":1,\"name\":\"Accueil\",\"item\":\"https:\\\/\\\/aazsolutions.ch\\\/de\\\/\"},{\"@type\":\"ListItem\",\"position\":2,\"name\":\"Shop\",\"item\":\"https:\\\/\\\/aazsolutions.ch\\\/de\\\/shop\\\/\"},{\"@type\":\"ListItem\",\"position\":3,\"name\":\"Aufstehhilfe Protect ULTRA\"}]},{\"@type\":\"WebSite\",\"@id\":\"https:\\\/\\\/aazsolutions.ch\\\/de\\\/#website\",\"url\":\"https:\\\/\\\/aazsolutions.ch\\\/de\\\/\",\"name\":\"A\u00e0Zsolutions.ch\",\"description\":\"Des solutions adapt\u00e9es \u00e0 chaque difficult\u00e9!\",\"publisher\":{\"@id\":\"https:\\\/\\\/aazsolutions.ch\\\/de\\\/#organization\"},\"potentialAction\":[{\"@type\":\"SearchAction\",\"target\":{\"@type\":\"EntryPoint\",\"urlTemplate\":\"https:\\\/\\\/aazsolutions.ch\\\/de\\\/?s={search_term_string}\"},\"query-input\":{\"@type\":\"PropertyValueSpecification\",\"valueRequired\":true,\"valueName\":\"search_term_string\"}}],\"inLanguage\":\"de\"},{\"@type\":\"Organization\",\"@id\":\"https:\\\/\\\/aazsolutions.ch\\\/de\\\/#organization\",\"name\":\"A\u00e0Zsolutions SARL\",\"url\":\"https:\\\/\\\/aazsolutions.ch\\\/de\\\/\",\"logo\":{\"@type\":\"ImageObject\",\"inLanguage\":\"de\",\"@id\":\"https:\\\/\\\/aazsolutions.ch\\\/de\\\/#\\\/schema\\\/logo\\\/image\\\/\",\"url\":\"https:\\\/\\\/aazsolutions.ch\\\/wp-content\\\/uploads\\\/2016\\\/04\\\/AAZ_Logo_Solutions.jpg\",\"contentUrl\":\"https:\\\/\\\/aazsolutions.ch\\\/wp-content\\\/uploads\\\/2016\\\/04\\\/AAZ_Logo_Solutions.jpg\",\"width\":1500,\"height\":481,\"caption\":\"A\u00e0Zsolutions SARL\"},\"image\":{\"@id\":\"https:\\\/\\\/aazsolutions.ch\\\/de\\\/#\\\/schema\\\/logo\\\/image\\\/\"},\"sameAs\":[\"https:\\\/\\\/www.facebook.com\\\/aazsolutions.ch\\\/\",\"https:\\\/\\\/www.linkedin.com\\\/showcase\\\/aazsolutions\\\/\"]}]}<\/script>\n<meta property=\"product:price:amount\" content=\"109.00\" \/>\n<meta property=\"product:price:currency\" content=\"CHF\" \/>\n<meta property=\"og:availability\" content=\"instock\" \/>\n<meta property=\"product:availability\" content=\"instock\" \/>\n<meta property=\"product:retailer_item_id\" content=\"30065\" \/>\n<meta property=\"product:condition\" content=\"new\" \/>\n<!-- \/ Yoast SEO Premium plugin. -->","yoast_head_json":{"title":"Aufstehhilfe Protect ULTRA \u2013 Werkzeuglose Montage","description":"Die Aufstehhilfe Protect ULTRA wird werkzeuglos unter die Matratze geschoben und dient als stabiler Haltepunkt zur Erleichterung Ihrer Transfers im Bett.","robots":{"index":"index","follow":"follow","max-snippet":"max-snippet:-1","max-image-preview":"max-image-preview:large","max-video-preview":"max-video-preview:-1"},"canonical":"https:\/\/aazsolutions.ch\/de\/produit\/aufstehhilfe-protect-ultra\/","og_locale":"de_DE","og_type":"article","og_title":"Aufstehhilfe Protect ULTRA","og_description":"Die Aufstehhilfe Protect ULTRA wird werkzeuglos unter die Matratze geschoben und dient als stabiler Haltepunkt zur Erleichterung Ihrer Transfers im Bett.","og_url":"https:\/\/aazsolutions.ch\/de\/produit\/aufstehhilfe-protect-ultra\/","og_site_name":"A\u00e0Zsolutions.ch","article_publisher":"https:\/\/www.facebook.com\/aazsolutions.ch\/","og_image":[{"width":1120,"height":1120,"url":"https:\/\/aazsolutions.ch\/wp-content\/uploads\/2025\/03\/30065.jpg","type":"image\/jpeg"}],"twitter_card":"summary_large_image","twitter_misc":{"Preis":"109.00&nbsp;&#67;&#72;&#70; TVA incluse","Verf\u00fcgbarkeit":"Auf Lager"},"schema":{"@context":"https:\/\/schema.org","@graph":[{"@type":"WebPage","@id":"https:\/\/aazsolutions.ch\/de\/produit\/aufstehhilfe-protect-ultra\/","url":"https:\/\/aazsolutions.ch\/de\/produit\/aufstehhilfe-protect-ultra\/","name":"Aufstehhilfe Protect ULTRA \u2013 Werkzeuglose Montage","isPartOf":{"@id":"https:\/\/aazsolutions.ch\/de\/#website"},"primaryImageOfPage":{"@id":"https:\/\/aazsolutions.ch\/de\/produit\/aufstehhilfe-protect-ultra\/#primaryimage"},"image":{"@id":"https:\/\/aazsolutions.ch\/de\/produit\/aufstehhilfe-protect-ultra\/#primaryimage"},"thumbnailUrl":"https:\/\/aazsolutions.ch\/wp-content\/uploads\/2025\/03\/30065.jpg","datePublished":"2018-12-31T23:00:00+00:00","description":"Die Aufstehhilfe Protect ULTRA wird werkzeuglos unter die Matratze geschoben und dient als stabiler Haltepunkt zur Erleichterung Ihrer Transfers im Bett.","breadcrumb":{"@id":"https:\/\/aazsolutions.ch\/de\/produit\/aufstehhilfe-protect-ultra\/#breadcrumb"},"inLanguage":"de","potentialAction":[{"@type":"ReadAction","target":["https:\/\/aazsolutions.ch\/de\/produit\/aufstehhilfe-protect-ultra\/"]}]},{"@type":"ImageObject","inLanguage":"de","@id":"https:\/\/aazsolutions.ch\/de\/produit\/aufstehhilfe-protect-ultra\/#primaryimage","url":"https:\/\/aazsolutions.ch\/wp-content\/uploads\/2025\/03\/30065.jpg","contentUrl":"https:\/\/aazsolutions.ch\/wp-content\/uploads\/2025\/03\/30065.jpg","width":1120,"height":1120,"caption":"Barre de redressement Protect ULTRA gliss\u00e9e sous le matelas sans outil"},{"@type":"BreadcrumbList","@id":"https:\/\/aazsolutions.ch\/de\/produit\/aufstehhilfe-protect-ultra\/#breadcrumb","itemListElement":[{"@type":"ListItem","position":1,"name":"Accueil","item":"https:\/\/aazsolutions.ch\/de\/"},{"@type":"ListItem","position":2,"name":"Shop","item":"https:\/\/aazsolutions.ch\/de\/shop\/"},{"@type":"ListItem","position":3,"name":"Aufstehhilfe Protect ULTRA"}]},{"@type":"WebSite","@id":"https:\/\/aazsolutions.ch\/de\/#website","url":"https:\/\/aazsolutions.ch\/de\/","name":"A\u00e0Zsolutions.ch","description":"Des solutions adapt\u00e9es \u00e0 chaque difficult\u00e9!","publisher":{"@id":"https:\/\/aazsolutions.ch\/de\/#organization"},"potentialAction":[{"@type":"SearchAction","target":{"@type":"EntryPoint","urlTemplate":"https:\/\/aazsolutions.ch\/de\/?s={search_term_string}"},"query-input":{"@type":"PropertyValueSpecification","valueRequired":true,"valueName":"search_term_string"}}],"inLanguage":"de"},{"@type":"Organization","@id":"https:\/\/aazsolutions.ch\/de\/#organization","name":"A\u00e0Zsolutions SARL","url":"https:\/\/aazsolutions.ch\/de\/","logo":{"@type":"ImageObject","inLanguage":"de","@id":"https:\/\/aazsolutions.ch\/de\/#\/schema\/logo\/image\/","url":"https:\/\/aazsolutions.ch\/wp-content\/uploads\/2016\/04\/AAZ_Logo_Solutions.jpg","contentUrl":"https:\/\/aazsolutions.ch\/wp-content\/uploads\/2016\/04\/AAZ_Logo_Solutions.jpg","width":1500,"height":481,"caption":"A\u00e0Zsolutions SARL"},"image":{"@id":"https:\/\/aazsolutions.ch\/de\/#\/schema\/logo\/image\/"},"sameAs":["https:\/\/www.facebook.com\/aazsolutions.ch\/","https:\/\/www.linkedin.com\/showcase\/aazsolutions\/"]}]},"product_price_amount":"109.00","product_price_currency":"CHF","og_availability":"instock","product_availability":"instock","product_retailer_item_id":"30065","product_condition":"new"},"_links":{"self":[{"href":"https:\/\/aazsolutions.ch\/de\/wp-json\/wp\/v2\/product\/34632","targetHints":{"allow":["GET"]}}],"collection":[{"href":"https:\/\/aazsolutions.ch\/de\/wp-json\/wp\/v2\/product"}],"about":[{"href":"https:\/\/aazsolutions.ch\/de\/wp-json\/wp\/v2\/types\/product"}],"replies":[{"embeddable":true,"href":"https:\/\/aazsolutions.ch\/de\/wp-json\/wp\/v2\/comments?post=34632"}],"wp:featuredmedia":[{"embeddable":true,"href":"https:\/\/aazsolutions.ch\/de\/wp-json\/wp\/v2\/media\/31843"}],"wp:attachment":[{"href":"https:\/\/aazsolutions.ch\/de\/wp-json\/wp\/v2\/media?parent=34632"}],"wp:term":[{"taxonomy":"product_brand","embeddable":true,"href":"https:\/\/aazsolutions.ch\/de\/wp-json\/wp\/v2\/product_brand?post=34632"},{"taxonomy":"product_cat","embeddable":true,"href":"https:\/\/aazsolutions.ch\/de\/wp-json\/wp\/v2\/product_cat?post=34632"},{"taxonomy":"product_tag","embeddable":true,"href":"https:\/\/aazsolutions.ch\/de\/wp-json\/wp\/v2\/product_tag?post=34632"}],"curies":[{"name":"wp","href":"https:\/\/api.w.org\/{rel}","templated":true}]}}