{"id":34644,"date":"2019-01-01T00:00:00","date_gmt":"2018-12-31T23:00:00","guid":{"rendered":"https:\/\/aazsolutions.ch\/produit\/bett-aufrichthilfe\/"},"modified":"2019-01-01T00:00:00","modified_gmt":"2018-12-31T23:00:00","slug":"bett-aufrichthilfe","status":"publish","type":"product","link":"https:\/\/aazsolutions.ch\/de\/produit\/bett-aufrichthilfe\/","title":{"rendered":"Bett-Aufrichthilfe"},"content":{"rendered":"<h2>Bett-Aufrichthilfe \u2013 Rise Easy praktisch und sicher<\/h2>\n<p>Die <strong>Bett-Aufrichthilfe<\/strong> Rise Easy wird unter den F\u00fc\u00dfen oder Rollen Ihres Bettes platziert. Ihr Stahlrahmen erleichtert die Bewegungen des Oberk\u00f6rpers und bietet Ihnen einen soliden Halt zum Aufstehen oder Vorbeugen. <\/p>\n<h3>\u2705 Hauptmerkmale:<\/h3>\n<ul>\n<li><strong>Befestigung unter dem Bett<\/strong>: Wird einfach unter F\u00fc\u00dfe oder Rollen geschoben.<\/li>\n<li><strong>Zuverl\u00e4ssige St\u00fctze<\/strong>: Robuster Stahlrahmen f\u00fcr sicheren Halt.<\/li>\n<li><strong>Beidseitige Nutzung<\/strong>: Passend f\u00fcr die linke oder rechte Bettseite.<\/li>\n<li><strong>Werkzeuglose Montage<\/strong>: Schnelle Installation ohne Demontage.<\/li>\n<li><strong>Diskret im Design<\/strong>: Schlankes Profil, beansprucht kaum Platz unter dem Bett.<\/li>\n<\/ul>\n<p>Dank der <strong>Aufrichthilfe Rise Easy<\/strong> gewinnen Sie bereits beim Aufwachen an Autonomie und Komfort.<\/p>\n<h3>Entdecken Sie es in Aktion in diesem Video:<\/h3>\n<p><iframe loading=\"lazy\" src=\"https:\/\/www.youtube.com\/embed\/VCJAD753C_4\" width=\"560\" height=\"315\" frameborder=\"0\" allowfullscreen=\"allowfullscreen\"><\/iframe><\/p>\n<h3>Bestellen Sie Ihre <strong>Bett-Aufrichthilfe<\/strong> jetzt f\u00fcr eine optimale t\u00e4gliche Unterst\u00fctzung!<\/h3>\n","protected":false},"excerpt":{"rendered":"<h2>Spezifikationen<\/h2>\n<ul>\n<li>Bodenplatte bis Ende des Handlaufs: 81 cm<\/li>\n<li>Bodenplatte: 51 x 16,5 cm<\/li>\n<li>Rahmenh\u00f6he (niedrigster Punkt): 40 cm<\/li>\n<li>Rahmenh\u00f6he (h\u00f6chster Punkt): 74 cm<\/li>\n<li>Breiteneinstellung Einzelbett: 76,2 bis 122 cm<\/li>\n<li>Breiteneinstellung Doppelbett: 137,2 bis 152,5 cm<\/li>\n<li>Material: Epoxidbeschichteter Stahl<\/li>\n<li>Farbe: Wei\u00df<\/li>\n<li>Max. Benutzergewicht Benutzergewicht: 127 kg<\/li>\n<\/ul>\n","protected":false},"featured_media":31817,"comment_status":"closed","ping_status":"closed","template":"","meta":{"_et_pb_use_builder":"","_et_pb_old_content":"","_et_gb_content_width":"","inline_featured_image":false},"product_brand":[],"product_cat":[1227,1403],"product_tag":[],"class_list":{"0":"post-34644","1":"product","2":"type-product","3":"status-publish","4":"has-post-thumbnail","6":"product_cat-3-ruhe","7":"product_cat-aufrichthilfe","8":"product_shipping_class-b","10":"first","11":"instock","12":"taxable","13":"shipping-taxable","14":"purchasable","15":"product-type-simple"},"yoast_head":"<!-- This site is optimized with the Yoast SEO Premium plugin v27.2 (Yoast SEO v27.5) - https:\/\/yoast.com\/product\/yoast-seo-premium-wordpress\/ -->\n<title>Bett-Aufrichthilfe \u2013 Rise Easy praktisch und sicher<\/title>\n<meta name=\"description\" content=\"Die Bett-Aufrichthilfe Rise Easy wird unter den F\u00fc\u00dfen oder Rollen fixiert und bietet einfache Unterst\u00fctzung beim Aufstehen und Vorbeugen. Geeignet f\u00fcr die linke oder rechte Bettseite.\" \/>\n<meta name=\"robots\" content=\"index, follow, max-snippet:-1, max-image-preview:large, max-video-preview:-1\" \/>\n<link rel=\"canonical\" href=\"https:\/\/aazsolutions.ch\/de\/produit\/bett-aufrichthilfe\/\" \/>\n<meta property=\"og:locale\" content=\"de_DE\" \/>\n<meta property=\"og:type\" content=\"article\" \/>\n<meta property=\"og:title\" content=\"Bett-Aufrichthilfe\" \/>\n<meta property=\"og:description\" content=\"Die Bett-Aufrichthilfe Rise Easy wird unter den F\u00fc\u00dfen oder Rollen fixiert und bietet einfache Unterst\u00fctzung beim Aufstehen und Vorbeugen. Geeignet f\u00fcr die linke oder rechte Bettseite.\" \/>\n<meta property=\"og:url\" content=\"https:\/\/aazsolutions.ch\/de\/produit\/bett-aufrichthilfe\/\" \/>\n<meta property=\"og:site_name\" content=\"A\u00e0Zsolutions.ch\" \/>\n<meta property=\"article:publisher\" content=\"https:\/\/www.facebook.com\/aazsolutions.ch\/\" \/>\n<meta property=\"og:image\" content=\"https:\/\/aazsolutions.ch\/wp-content\/uploads\/2025\/03\/30053-1.jpg\" \/>\n\t<meta property=\"og:image:width\" content=\"1120\" \/>\n\t<meta property=\"og:image:height\" content=\"1120\" \/>\n\t<meta property=\"og:image:type\" content=\"image\/jpeg\" \/>\n<meta name=\"twitter:card\" content=\"summary_large_image\" \/>\n<meta name=\"twitter:label1\" content=\"Preis\" \/>\n\t<meta name=\"twitter:data1\" content=\"159.00&nbsp;&#067;&#072;&#070; TVA incluse\" \/>\n\t<meta name=\"twitter:label2\" content=\"Verf\u00fcgbarkeit\" \/>\n\t<meta name=\"twitter:data2\" content=\"Auf Lager\" \/>\n<script type=\"application\/ld+json\" class=\"yoast-schema-graph\">{\"@context\":\"https:\\\/\\\/schema.org\",\"@graph\":[{\"@type\":\"WebPage\",\"@id\":\"https:\\\/\\\/aazsolutions.ch\\\/de\\\/produit\\\/bett-aufrichthilfe\\\/\",\"url\":\"https:\\\/\\\/aazsolutions.ch\\\/de\\\/produit\\\/bett-aufrichthilfe\\\/\",\"name\":\"Bett-Aufrichthilfe \u2013 Rise Easy praktisch und sicher\",\"isPartOf\":{\"@id\":\"https:\\\/\\\/aazsolutions.ch\\\/de\\\/#website\"},\"primaryImageOfPage\":{\"@id\":\"https:\\\/\\\/aazsolutions.ch\\\/de\\\/produit\\\/bett-aufrichthilfe\\\/#primaryimage\"},\"image\":{\"@id\":\"https:\\\/\\\/aazsolutions.ch\\\/de\\\/produit\\\/bett-aufrichthilfe\\\/#primaryimage\"},\"thumbnailUrl\":\"https:\\\/\\\/aazsolutions.ch\\\/wp-content\\\/uploads\\\/2025\\\/03\\\/30053-1.jpg\",\"datePublished\":\"2018-12-31T23:00:00+00:00\",\"description\":\"Die Bett-Aufrichthilfe Rise Easy wird unter den F\u00fc\u00dfen oder Rollen fixiert und bietet einfache Unterst\u00fctzung beim Aufstehen und Vorbeugen. Geeignet f\u00fcr die linke oder rechte Bettseite.\",\"breadcrumb\":{\"@id\":\"https:\\\/\\\/aazsolutions.ch\\\/de\\\/produit\\\/bett-aufrichthilfe\\\/#breadcrumb\"},\"inLanguage\":\"de\",\"potentialAction\":[{\"@type\":\"ReadAction\",\"target\":[\"https:\\\/\\\/aazsolutions.ch\\\/de\\\/produit\\\/bett-aufrichthilfe\\\/\"]}]},{\"@type\":\"ImageObject\",\"inLanguage\":\"de\",\"@id\":\"https:\\\/\\\/aazsolutions.ch\\\/de\\\/produit\\\/bett-aufrichthilfe\\\/#primaryimage\",\"url\":\"https:\\\/\\\/aazsolutions.ch\\\/wp-content\\\/uploads\\\/2025\\\/03\\\/30053-1.jpg\",\"contentUrl\":\"https:\\\/\\\/aazsolutions.ch\\\/wp-content\\\/uploads\\\/2025\\\/03\\\/30053-1.jpg\",\"width\":1120,\"height\":1120,\"caption\":\"Barre de redressement pour lit Rise Easy se fixe sous pieds ou roues, offre un soutien facile pour lever et pencher. Convient \u00e0 gauche ou \u00e0 droite du lit.\"},{\"@type\":\"BreadcrumbList\",\"@id\":\"https:\\\/\\\/aazsolutions.ch\\\/de\\\/produit\\\/bett-aufrichthilfe\\\/#breadcrumb\",\"itemListElement\":[{\"@type\":\"ListItem\",\"position\":1,\"name\":\"Accueil\",\"item\":\"https:\\\/\\\/aazsolutions.ch\\\/de\\\/\"},{\"@type\":\"ListItem\",\"position\":2,\"name\":\"Shop\",\"item\":\"https:\\\/\\\/aazsolutions.ch\\\/de\\\/shop\\\/\"},{\"@type\":\"ListItem\",\"position\":3,\"name\":\"Bett-Aufrichthilfe\"}]},{\"@type\":\"WebSite\",\"@id\":\"https:\\\/\\\/aazsolutions.ch\\\/de\\\/#website\",\"url\":\"https:\\\/\\\/aazsolutions.ch\\\/de\\\/\",\"name\":\"A\u00e0Zsolutions.ch\",\"description\":\"Des solutions adapt\u00e9es \u00e0 chaque difficult\u00e9!\",\"publisher\":{\"@id\":\"https:\\\/\\\/aazsolutions.ch\\\/de\\\/#organization\"},\"potentialAction\":[{\"@type\":\"SearchAction\",\"target\":{\"@type\":\"EntryPoint\",\"urlTemplate\":\"https:\\\/\\\/aazsolutions.ch\\\/de\\\/?s={search_term_string}\"},\"query-input\":{\"@type\":\"PropertyValueSpecification\",\"valueRequired\":true,\"valueName\":\"search_term_string\"}}],\"inLanguage\":\"de\"},{\"@type\":\"Organization\",\"@id\":\"https:\\\/\\\/aazsolutions.ch\\\/de\\\/#organization\",\"name\":\"A\u00e0Zsolutions SARL\",\"url\":\"https:\\\/\\\/aazsolutions.ch\\\/de\\\/\",\"logo\":{\"@type\":\"ImageObject\",\"inLanguage\":\"de\",\"@id\":\"https:\\\/\\\/aazsolutions.ch\\\/de\\\/#\\\/schema\\\/logo\\\/image\\\/\",\"url\":\"https:\\\/\\\/aazsolutions.ch\\\/wp-content\\\/uploads\\\/2016\\\/04\\\/AAZ_Logo_Solutions.jpg\",\"contentUrl\":\"https:\\\/\\\/aazsolutions.ch\\\/wp-content\\\/uploads\\\/2016\\\/04\\\/AAZ_Logo_Solutions.jpg\",\"width\":1500,\"height\":481,\"caption\":\"A\u00e0Zsolutions SARL\"},\"image\":{\"@id\":\"https:\\\/\\\/aazsolutions.ch\\\/de\\\/#\\\/schema\\\/logo\\\/image\\\/\"},\"sameAs\":[\"https:\\\/\\\/www.facebook.com\\\/aazsolutions.ch\\\/\",\"https:\\\/\\\/www.linkedin.com\\\/showcase\\\/aazsolutions\\\/\"]}]}<\/script>\n<meta property=\"product:price:amount\" content=\"159.00\" \/>\n<meta property=\"product:price:currency\" content=\"CHF\" \/>\n<meta property=\"og:availability\" content=\"instock\" \/>\n<meta property=\"product:availability\" content=\"instock\" \/>\n<meta property=\"product:retailer_item_id\" content=\"30053\" \/>\n<meta property=\"product:condition\" content=\"new\" \/>\n<!-- \/ Yoast SEO Premium plugin. -->","yoast_head_json":{"title":"Bett-Aufrichthilfe \u2013 Rise Easy praktisch und sicher","description":"Die Bett-Aufrichthilfe Rise Easy wird unter den F\u00fc\u00dfen oder Rollen fixiert und bietet einfache Unterst\u00fctzung beim Aufstehen und Vorbeugen. Geeignet f\u00fcr die linke oder rechte Bettseite.","robots":{"index":"index","follow":"follow","max-snippet":"max-snippet:-1","max-image-preview":"max-image-preview:large","max-video-preview":"max-video-preview:-1"},"canonical":"https:\/\/aazsolutions.ch\/de\/produit\/bett-aufrichthilfe\/","og_locale":"de_DE","og_type":"article","og_title":"Bett-Aufrichthilfe","og_description":"Die Bett-Aufrichthilfe Rise Easy wird unter den F\u00fc\u00dfen oder Rollen fixiert und bietet einfache Unterst\u00fctzung beim Aufstehen und Vorbeugen. Geeignet f\u00fcr die linke oder rechte Bettseite.","og_url":"https:\/\/aazsolutions.ch\/de\/produit\/bett-aufrichthilfe\/","og_site_name":"A\u00e0Zsolutions.ch","article_publisher":"https:\/\/www.facebook.com\/aazsolutions.ch\/","og_image":[{"width":1120,"height":1120,"url":"https:\/\/aazsolutions.ch\/wp-content\/uploads\/2025\/03\/30053-1.jpg","type":"image\/jpeg"}],"twitter_card":"summary_large_image","twitter_misc":{"Preis":"159.00&nbsp;&#67;&#72;&#70; TVA incluse","Verf\u00fcgbarkeit":"Auf Lager"},"schema":{"@context":"https:\/\/schema.org","@graph":[{"@type":"WebPage","@id":"https:\/\/aazsolutions.ch\/de\/produit\/bett-aufrichthilfe\/","url":"https:\/\/aazsolutions.ch\/de\/produit\/bett-aufrichthilfe\/","name":"Bett-Aufrichthilfe \u2013 Rise Easy praktisch und sicher","isPartOf":{"@id":"https:\/\/aazsolutions.ch\/de\/#website"},"primaryImageOfPage":{"@id":"https:\/\/aazsolutions.ch\/de\/produit\/bett-aufrichthilfe\/#primaryimage"},"image":{"@id":"https:\/\/aazsolutions.ch\/de\/produit\/bett-aufrichthilfe\/#primaryimage"},"thumbnailUrl":"https:\/\/aazsolutions.ch\/wp-content\/uploads\/2025\/03\/30053-1.jpg","datePublished":"2018-12-31T23:00:00+00:00","description":"Die Bett-Aufrichthilfe Rise Easy wird unter den F\u00fc\u00dfen oder Rollen fixiert und bietet einfache Unterst\u00fctzung beim Aufstehen und Vorbeugen. Geeignet f\u00fcr die linke oder rechte Bettseite.","breadcrumb":{"@id":"https:\/\/aazsolutions.ch\/de\/produit\/bett-aufrichthilfe\/#breadcrumb"},"inLanguage":"de","potentialAction":[{"@type":"ReadAction","target":["https:\/\/aazsolutions.ch\/de\/produit\/bett-aufrichthilfe\/"]}]},{"@type":"ImageObject","inLanguage":"de","@id":"https:\/\/aazsolutions.ch\/de\/produit\/bett-aufrichthilfe\/#primaryimage","url":"https:\/\/aazsolutions.ch\/wp-content\/uploads\/2025\/03\/30053-1.jpg","contentUrl":"https:\/\/aazsolutions.ch\/wp-content\/uploads\/2025\/03\/30053-1.jpg","width":1120,"height":1120,"caption":"Barre de redressement pour lit Rise Easy se fixe sous pieds ou roues, offre un soutien facile pour lever et pencher. Convient \u00e0 gauche ou \u00e0 droite du lit."},{"@type":"BreadcrumbList","@id":"https:\/\/aazsolutions.ch\/de\/produit\/bett-aufrichthilfe\/#breadcrumb","itemListElement":[{"@type":"ListItem","position":1,"name":"Accueil","item":"https:\/\/aazsolutions.ch\/de\/"},{"@type":"ListItem","position":2,"name":"Shop","item":"https:\/\/aazsolutions.ch\/de\/shop\/"},{"@type":"ListItem","position":3,"name":"Bett-Aufrichthilfe"}]},{"@type":"WebSite","@id":"https:\/\/aazsolutions.ch\/de\/#website","url":"https:\/\/aazsolutions.ch\/de\/","name":"A\u00e0Zsolutions.ch","description":"Des solutions adapt\u00e9es \u00e0 chaque difficult\u00e9!","publisher":{"@id":"https:\/\/aazsolutions.ch\/de\/#organization"},"potentialAction":[{"@type":"SearchAction","target":{"@type":"EntryPoint","urlTemplate":"https:\/\/aazsolutions.ch\/de\/?s={search_term_string}"},"query-input":{"@type":"PropertyValueSpecification","valueRequired":true,"valueName":"search_term_string"}}],"inLanguage":"de"},{"@type":"Organization","@id":"https:\/\/aazsolutions.ch\/de\/#organization","name":"A\u00e0Zsolutions SARL","url":"https:\/\/aazsolutions.ch\/de\/","logo":{"@type":"ImageObject","inLanguage":"de","@id":"https:\/\/aazsolutions.ch\/de\/#\/schema\/logo\/image\/","url":"https:\/\/aazsolutions.ch\/wp-content\/uploads\/2016\/04\/AAZ_Logo_Solutions.jpg","contentUrl":"https:\/\/aazsolutions.ch\/wp-content\/uploads\/2016\/04\/AAZ_Logo_Solutions.jpg","width":1500,"height":481,"caption":"A\u00e0Zsolutions SARL"},"image":{"@id":"https:\/\/aazsolutions.ch\/de\/#\/schema\/logo\/image\/"},"sameAs":["https:\/\/www.facebook.com\/aazsolutions.ch\/","https:\/\/www.linkedin.com\/showcase\/aazsolutions\/"]}]},"product_price_amount":"159.00","product_price_currency":"CHF","og_availability":"instock","product_availability":"instock","product_retailer_item_id":"30053","product_condition":"new"},"_links":{"self":[{"href":"https:\/\/aazsolutions.ch\/de\/wp-json\/wp\/v2\/product\/34644","targetHints":{"allow":["GET"]}}],"collection":[{"href":"https:\/\/aazsolutions.ch\/de\/wp-json\/wp\/v2\/product"}],"about":[{"href":"https:\/\/aazsolutions.ch\/de\/wp-json\/wp\/v2\/types\/product"}],"replies":[{"embeddable":true,"href":"https:\/\/aazsolutions.ch\/de\/wp-json\/wp\/v2\/comments?post=34644"}],"wp:featuredmedia":[{"embeddable":true,"href":"https:\/\/aazsolutions.ch\/de\/wp-json\/wp\/v2\/media\/31817"}],"wp:attachment":[{"href":"https:\/\/aazsolutions.ch\/de\/wp-json\/wp\/v2\/media?parent=34644"}],"wp:term":[{"taxonomy":"product_brand","embeddable":true,"href":"https:\/\/aazsolutions.ch\/de\/wp-json\/wp\/v2\/product_brand?post=34644"},{"taxonomy":"product_cat","embeddable":true,"href":"https:\/\/aazsolutions.ch\/de\/wp-json\/wp\/v2\/product_cat?post=34644"},{"taxonomy":"product_tag","embeddable":true,"href":"https:\/\/aazsolutions.ch\/de\/wp-json\/wp\/v2\/product_tag?post=34644"}],"curies":[{"name":"wp","href":"https:\/\/api.w.org\/{rel}","templated":true}]}}