{"id":34647,"date":"2019-01-01T00:00:00","date_gmt":"2018-12-31T23:00:00","guid":{"rendered":"https:\/\/aazsolutions.ch\/produit\/bettdeckenhalter\/"},"modified":"2019-01-01T00:00:00","modified_gmt":"2018-12-31T23:00:00","slug":"bettdeckenhalter","status":"publish","type":"product","link":"https:\/\/aazsolutions.ch\/de\/produit\/bettdeckenhalter\/","title":{"rendered":"Bettdeckenhalter"},"content":{"rendered":"<h2>Bettdeckenhalter aus Metall mit wei\u00dfer Epoxidharzbeschichtung \u2013 praktisch und robust<\/h2>\n<p>Der <strong>Bettdeckenhalter<\/strong> wurde entwickelt, um die Positionierung des Patienten zu erleichtern und eine wertvolle Hilfe bei der h\u00e4uslichen Pflege zu bieten. Aus Metall gefertigt und mit wei\u00dfer Epoxidharzbeschichtung versehen, ist er zugleich praktisch und robust. <\/p>\n<h3>\u2705 Eigenschaften:<\/h3>\n<ul>\n<li><strong>Metallkonstruktion<\/strong> mit wei\u00dfer Epoxidharzbeschichtung f\u00fcr maximale Langlebigkeit.<\/li>\n<li>Erleichtert die <strong>Positionierung des Patienten<\/strong> bei der Pflege.<\/li>\n<li>Praktisch und einfach zu verwenden, ideal f\u00fcr die <strong>h\u00e4usliche Pflege<\/strong>.<\/li>\n<li><strong>Leicht zu reinigen<\/strong> dank der widerstandsf\u00e4higen und hygienischen Oberfl\u00e4che.<\/li>\n<\/ul>\n<p>Das <strong>Produkt<\/strong> ist eine zuverl\u00e4ssige und praktische L\u00f6sung f\u00fcr die h\u00e4usliche Pflege und bietet Komfort und Sicherheit f\u00fcr die Anwender.<\/p>\n<h3>Bestellen Sie Ihren <strong>Bettdeckenhalter<\/strong> jetzt f\u00fcr eine einfache und sichere Positionierung!<\/h3>\n","protected":false},"excerpt":{"rendered":"<h2>Spezifikationen<\/h2>\n<ul>\n<li>H\u00f6he: 57 cm<\/li>\n<li>Breite: 52 cm<\/li>\n<li>Breite unter Matratze: 72 cm<\/li>\n<li>Tiefe: 44 cm<\/li>\n<li>Farbe: Wei\u00df<\/li>\n<\/ul>\n","protected":false},"featured_media":31772,"comment_status":"closed","ping_status":"closed","template":"","meta":{"_et_pb_use_builder":"","_et_pb_old_content":"","_et_gb_content_width":"","inline_featured_image":false},"product_brand":[],"product_cat":[1227,1268],"product_tag":[],"class_list":{"0":"post-34647","1":"product","2":"type-product","3":"status-publish","4":"has-post-thumbnail","6":"product_cat-3-ruhe","7":"product_cat-rund-ums-bett","8":"product_shipping_class-b","10":"first","11":"instock","12":"taxable","13":"shipping-taxable","14":"purchasable","15":"product-type-simple"},"yoast_head":"<!-- This site is optimized with the Yoast SEO Premium plugin v27.2 (Yoast SEO v27.5) - https:\/\/yoast.com\/product\/yoast-seo-premium-wordpress\/ -->\n<title>Bettdeckenhalter aus Metall mit wei\u00dfer Epoxidharzbeschichtung \u2013 praktisch und robust<\/title>\n<meta name=\"description\" content=\"Bettdeckenhalter aus Metall mit wei\u00dfer Epoxidharzbeschichtung, ideal f\u00fcr die h\u00e4usliche Pflege. Praktisch und robust, erleichtert er die Positionierung des Patienten.\" \/>\n<meta name=\"robots\" content=\"index, follow, max-snippet:-1, max-image-preview:large, max-video-preview:-1\" \/>\n<link rel=\"canonical\" href=\"https:\/\/aazsolutions.ch\/de\/produit\/bettdeckenhalter\/\" \/>\n<meta property=\"og:locale\" content=\"de_DE\" \/>\n<meta property=\"og:type\" content=\"article\" \/>\n<meta property=\"og:title\" content=\"Bettdeckenhalter\" \/>\n<meta property=\"og:description\" content=\"Bettdeckenhalter aus Metall mit wei\u00dfer Epoxidharzbeschichtung, ideal f\u00fcr die h\u00e4usliche Pflege. Praktisch und robust, erleichtert er die Positionierung des Patienten.\" \/>\n<meta property=\"og:url\" content=\"https:\/\/aazsolutions.ch\/de\/produit\/bettdeckenhalter\/\" \/>\n<meta property=\"og:site_name\" content=\"A\u00e0Zsolutions.ch\" \/>\n<meta property=\"article:publisher\" content=\"https:\/\/www.facebook.com\/aazsolutions.ch\/\" \/>\n<meta property=\"og:image\" content=\"https:\/\/aazsolutions.ch\/wp-content\/uploads\/2025\/03\/30010.jpg\" \/>\n\t<meta property=\"og:image:width\" content=\"800\" \/>\n\t<meta property=\"og:image:height\" content=\"800\" \/>\n\t<meta property=\"og:image:type\" content=\"image\/jpeg\" \/>\n<meta name=\"twitter:card\" content=\"summary_large_image\" \/>\n<meta name=\"twitter:label1\" content=\"Preis\" \/>\n\t<meta name=\"twitter:data1\" content=\"60.00&nbsp;&#067;&#072;&#070; TVA incluse\" \/>\n\t<meta name=\"twitter:label2\" content=\"Verf\u00fcgbarkeit\" \/>\n\t<meta name=\"twitter:data2\" content=\"Auf Lager\" \/>\n<script type=\"application\/ld+json\" class=\"yoast-schema-graph\">{\"@context\":\"https:\\\/\\\/schema.org\",\"@graph\":[{\"@type\":\"WebPage\",\"@id\":\"https:\\\/\\\/aazsolutions.ch\\\/de\\\/produit\\\/bettdeckenhalter\\\/\",\"url\":\"https:\\\/\\\/aazsolutions.ch\\\/de\\\/produit\\\/bettdeckenhalter\\\/\",\"name\":\"Bettdeckenhalter aus Metall mit wei\u00dfer Epoxidharzbeschichtung \u2013 praktisch und robust\",\"isPartOf\":{\"@id\":\"https:\\\/\\\/aazsolutions.ch\\\/de\\\/#website\"},\"primaryImageOfPage\":{\"@id\":\"https:\\\/\\\/aazsolutions.ch\\\/de\\\/produit\\\/bettdeckenhalter\\\/#primaryimage\"},\"image\":{\"@id\":\"https:\\\/\\\/aazsolutions.ch\\\/de\\\/produit\\\/bettdeckenhalter\\\/#primaryimage\"},\"thumbnailUrl\":\"https:\\\/\\\/aazsolutions.ch\\\/wp-content\\\/uploads\\\/2025\\\/03\\\/30010.jpg\",\"datePublished\":\"2018-12-31T23:00:00+00:00\",\"description\":\"Bettdeckenhalter aus Metall mit wei\u00dfer Epoxidharzbeschichtung, ideal f\u00fcr die h\u00e4usliche Pflege. Praktisch und robust, erleichtert er die Positionierung des Patienten.\",\"breadcrumb\":{\"@id\":\"https:\\\/\\\/aazsolutions.ch\\\/de\\\/produit\\\/bettdeckenhalter\\\/#breadcrumb\"},\"inLanguage\":\"de\",\"potentialAction\":[{\"@type\":\"ReadAction\",\"target\":[\"https:\\\/\\\/aazsolutions.ch\\\/de\\\/produit\\\/bettdeckenhalter\\\/\"]}]},{\"@type\":\"ImageObject\",\"inLanguage\":\"de\",\"@id\":\"https:\\\/\\\/aazsolutions.ch\\\/de\\\/produit\\\/bettdeckenhalter\\\/#primaryimage\",\"url\":\"https:\\\/\\\/aazsolutions.ch\\\/wp-content\\\/uploads\\\/2025\\\/03\\\/30010.jpg\",\"contentUrl\":\"https:\\\/\\\/aazsolutions.ch\\\/wp-content\\\/uploads\\\/2025\\\/03\\\/30010.jpg\",\"width\":800,\"height\":800,\"caption\":\"L\u00e8ve-drap en m\u00e9tal finition peinture \u00e9poxy blanche, pratique et r\u00e9sistant pour les soins \u00e0 domicile\"},{\"@type\":\"BreadcrumbList\",\"@id\":\"https:\\\/\\\/aazsolutions.ch\\\/de\\\/produit\\\/bettdeckenhalter\\\/#breadcrumb\",\"itemListElement\":[{\"@type\":\"ListItem\",\"position\":1,\"name\":\"Accueil\",\"item\":\"https:\\\/\\\/aazsolutions.ch\\\/de\\\/\"},{\"@type\":\"ListItem\",\"position\":2,\"name\":\"Shop\",\"item\":\"https:\\\/\\\/aazsolutions.ch\\\/de\\\/shop\\\/\"},{\"@type\":\"ListItem\",\"position\":3,\"name\":\"Bettdeckenhalter\"}]},{\"@type\":\"WebSite\",\"@id\":\"https:\\\/\\\/aazsolutions.ch\\\/de\\\/#website\",\"url\":\"https:\\\/\\\/aazsolutions.ch\\\/de\\\/\",\"name\":\"A\u00e0Zsolutions.ch\",\"description\":\"Des solutions adapt\u00e9es \u00e0 chaque difficult\u00e9!\",\"publisher\":{\"@id\":\"https:\\\/\\\/aazsolutions.ch\\\/de\\\/#organization\"},\"potentialAction\":[{\"@type\":\"SearchAction\",\"target\":{\"@type\":\"EntryPoint\",\"urlTemplate\":\"https:\\\/\\\/aazsolutions.ch\\\/de\\\/?s={search_term_string}\"},\"query-input\":{\"@type\":\"PropertyValueSpecification\",\"valueRequired\":true,\"valueName\":\"search_term_string\"}}],\"inLanguage\":\"de\"},{\"@type\":\"Organization\",\"@id\":\"https:\\\/\\\/aazsolutions.ch\\\/de\\\/#organization\",\"name\":\"A\u00e0Zsolutions SARL\",\"url\":\"https:\\\/\\\/aazsolutions.ch\\\/de\\\/\",\"logo\":{\"@type\":\"ImageObject\",\"inLanguage\":\"de\",\"@id\":\"https:\\\/\\\/aazsolutions.ch\\\/de\\\/#\\\/schema\\\/logo\\\/image\\\/\",\"url\":\"https:\\\/\\\/aazsolutions.ch\\\/wp-content\\\/uploads\\\/2016\\\/04\\\/AAZ_Logo_Solutions.jpg\",\"contentUrl\":\"https:\\\/\\\/aazsolutions.ch\\\/wp-content\\\/uploads\\\/2016\\\/04\\\/AAZ_Logo_Solutions.jpg\",\"width\":1500,\"height\":481,\"caption\":\"A\u00e0Zsolutions SARL\"},\"image\":{\"@id\":\"https:\\\/\\\/aazsolutions.ch\\\/de\\\/#\\\/schema\\\/logo\\\/image\\\/\"},\"sameAs\":[\"https:\\\/\\\/www.facebook.com\\\/aazsolutions.ch\\\/\",\"https:\\\/\\\/www.linkedin.com\\\/showcase\\\/aazsolutions\\\/\"]}]}<\/script>\n<meta property=\"product:price:amount\" content=\"60.00\" \/>\n<meta property=\"product:price:currency\" content=\"CHF\" \/>\n<meta property=\"og:availability\" content=\"instock\" \/>\n<meta property=\"product:availability\" content=\"instock\" \/>\n<meta property=\"product:retailer_item_id\" content=\"30010\" \/>\n<meta property=\"product:condition\" content=\"new\" \/>\n<!-- \/ Yoast SEO Premium plugin. -->","yoast_head_json":{"title":"Bettdeckenhalter aus Metall mit wei\u00dfer Epoxidharzbeschichtung \u2013 praktisch und robust","description":"Bettdeckenhalter aus Metall mit wei\u00dfer Epoxidharzbeschichtung, ideal f\u00fcr die h\u00e4usliche Pflege. Praktisch und robust, erleichtert er die Positionierung des Patienten.","robots":{"index":"index","follow":"follow","max-snippet":"max-snippet:-1","max-image-preview":"max-image-preview:large","max-video-preview":"max-video-preview:-1"},"canonical":"https:\/\/aazsolutions.ch\/de\/produit\/bettdeckenhalter\/","og_locale":"de_DE","og_type":"article","og_title":"Bettdeckenhalter","og_description":"Bettdeckenhalter aus Metall mit wei\u00dfer Epoxidharzbeschichtung, ideal f\u00fcr die h\u00e4usliche Pflege. Praktisch und robust, erleichtert er die Positionierung des Patienten.","og_url":"https:\/\/aazsolutions.ch\/de\/produit\/bettdeckenhalter\/","og_site_name":"A\u00e0Zsolutions.ch","article_publisher":"https:\/\/www.facebook.com\/aazsolutions.ch\/","og_image":[{"width":800,"height":800,"url":"https:\/\/aazsolutions.ch\/wp-content\/uploads\/2025\/03\/30010.jpg","type":"image\/jpeg"}],"twitter_card":"summary_large_image","twitter_misc":{"Preis":"60.00&nbsp;&#67;&#72;&#70; TVA incluse","Verf\u00fcgbarkeit":"Auf Lager"},"schema":{"@context":"https:\/\/schema.org","@graph":[{"@type":"WebPage","@id":"https:\/\/aazsolutions.ch\/de\/produit\/bettdeckenhalter\/","url":"https:\/\/aazsolutions.ch\/de\/produit\/bettdeckenhalter\/","name":"Bettdeckenhalter aus Metall mit wei\u00dfer Epoxidharzbeschichtung \u2013 praktisch und robust","isPartOf":{"@id":"https:\/\/aazsolutions.ch\/de\/#website"},"primaryImageOfPage":{"@id":"https:\/\/aazsolutions.ch\/de\/produit\/bettdeckenhalter\/#primaryimage"},"image":{"@id":"https:\/\/aazsolutions.ch\/de\/produit\/bettdeckenhalter\/#primaryimage"},"thumbnailUrl":"https:\/\/aazsolutions.ch\/wp-content\/uploads\/2025\/03\/30010.jpg","datePublished":"2018-12-31T23:00:00+00:00","description":"Bettdeckenhalter aus Metall mit wei\u00dfer Epoxidharzbeschichtung, ideal f\u00fcr die h\u00e4usliche Pflege. Praktisch und robust, erleichtert er die Positionierung des Patienten.","breadcrumb":{"@id":"https:\/\/aazsolutions.ch\/de\/produit\/bettdeckenhalter\/#breadcrumb"},"inLanguage":"de","potentialAction":[{"@type":"ReadAction","target":["https:\/\/aazsolutions.ch\/de\/produit\/bettdeckenhalter\/"]}]},{"@type":"ImageObject","inLanguage":"de","@id":"https:\/\/aazsolutions.ch\/de\/produit\/bettdeckenhalter\/#primaryimage","url":"https:\/\/aazsolutions.ch\/wp-content\/uploads\/2025\/03\/30010.jpg","contentUrl":"https:\/\/aazsolutions.ch\/wp-content\/uploads\/2025\/03\/30010.jpg","width":800,"height":800,"caption":"L\u00e8ve-drap en m\u00e9tal finition peinture \u00e9poxy blanche, pratique et r\u00e9sistant pour les soins \u00e0 domicile"},{"@type":"BreadcrumbList","@id":"https:\/\/aazsolutions.ch\/de\/produit\/bettdeckenhalter\/#breadcrumb","itemListElement":[{"@type":"ListItem","position":1,"name":"Accueil","item":"https:\/\/aazsolutions.ch\/de\/"},{"@type":"ListItem","position":2,"name":"Shop","item":"https:\/\/aazsolutions.ch\/de\/shop\/"},{"@type":"ListItem","position":3,"name":"Bettdeckenhalter"}]},{"@type":"WebSite","@id":"https:\/\/aazsolutions.ch\/de\/#website","url":"https:\/\/aazsolutions.ch\/de\/","name":"A\u00e0Zsolutions.ch","description":"Des solutions adapt\u00e9es \u00e0 chaque difficult\u00e9!","publisher":{"@id":"https:\/\/aazsolutions.ch\/de\/#organization"},"potentialAction":[{"@type":"SearchAction","target":{"@type":"EntryPoint","urlTemplate":"https:\/\/aazsolutions.ch\/de\/?s={search_term_string}"},"query-input":{"@type":"PropertyValueSpecification","valueRequired":true,"valueName":"search_term_string"}}],"inLanguage":"de"},{"@type":"Organization","@id":"https:\/\/aazsolutions.ch\/de\/#organization","name":"A\u00e0Zsolutions SARL","url":"https:\/\/aazsolutions.ch\/de\/","logo":{"@type":"ImageObject","inLanguage":"de","@id":"https:\/\/aazsolutions.ch\/de\/#\/schema\/logo\/image\/","url":"https:\/\/aazsolutions.ch\/wp-content\/uploads\/2016\/04\/AAZ_Logo_Solutions.jpg","contentUrl":"https:\/\/aazsolutions.ch\/wp-content\/uploads\/2016\/04\/AAZ_Logo_Solutions.jpg","width":1500,"height":481,"caption":"A\u00e0Zsolutions SARL"},"image":{"@id":"https:\/\/aazsolutions.ch\/de\/#\/schema\/logo\/image\/"},"sameAs":["https:\/\/www.facebook.com\/aazsolutions.ch\/","https:\/\/www.linkedin.com\/showcase\/aazsolutions\/"]}]},"product_price_amount":"60.00","product_price_currency":"CHF","og_availability":"instock","product_availability":"instock","product_retailer_item_id":"30010","product_condition":"new"},"_links":{"self":[{"href":"https:\/\/aazsolutions.ch\/de\/wp-json\/wp\/v2\/product\/34647","targetHints":{"allow":["GET"]}}],"collection":[{"href":"https:\/\/aazsolutions.ch\/de\/wp-json\/wp\/v2\/product"}],"about":[{"href":"https:\/\/aazsolutions.ch\/de\/wp-json\/wp\/v2\/types\/product"}],"replies":[{"embeddable":true,"href":"https:\/\/aazsolutions.ch\/de\/wp-json\/wp\/v2\/comments?post=34647"}],"wp:featuredmedia":[{"embeddable":true,"href":"https:\/\/aazsolutions.ch\/de\/wp-json\/wp\/v2\/media\/31772"}],"wp:attachment":[{"href":"https:\/\/aazsolutions.ch\/de\/wp-json\/wp\/v2\/media?parent=34647"}],"wp:term":[{"taxonomy":"product_brand","embeddable":true,"href":"https:\/\/aazsolutions.ch\/de\/wp-json\/wp\/v2\/product_brand?post=34647"},{"taxonomy":"product_cat","embeddable":true,"href":"https:\/\/aazsolutions.ch\/de\/wp-json\/wp\/v2\/product_cat?post=34647"},{"taxonomy":"product_tag","embeddable":true,"href":"https:\/\/aazsolutions.ch\/de\/wp-json\/wp\/v2\/product_tag?post=34647"}],"curies":[{"name":"wp","href":"https:\/\/api.w.org\/{rel}","templated":true}]}}