{"id":34677,"date":"2019-01-01T00:00:00","date_gmt":"2018-12-31T23:00:00","guid":{"rendered":"https:\/\/aazsolutions.ch\/produit\/elektrisches-bett-club-holz-oder-metall-lattenrost\/"},"modified":"2019-01-01T00:00:00","modified_gmt":"2018-12-31T23:00:00","slug":"elektrisches-bett-club-holz-oder-metall-lattenrost","status":"publish","type":"product","link":"https:\/\/aazsolutions.ch\/de\/produit\/elektrisches-bett-club-holz-oder-metall-lattenrost\/","title":{"rendered":"Elektrisches Bett CLUB \u2013 Holz- oder Metall-Lattenrost"},"content":{"rendered":"<p><span style=\"color: #e2001a;\">Dieses Produkt ist <span style=\"text-decoration: underline;\"><strong>ausschlie\u00dflich auf Bestellung<\/strong><\/span> erh\u00e4ltlich. Die Lieferzeit betr\u00e4gt <span style=\"text-decoration: underline;\"><strong>2 bis 3 Wochen<\/strong><\/span>. F\u00fcr weitere Informationen kontaktieren Sie uns bitte. <\/span><\/p>\n<h2>Elektrisches Bett CLUB \u2013 Holz- oder Metall-Lattenrost \u2013 Komfort und Praktikabilit\u00e4t bei jeder Einstellung<\/h2>\n<p>Das <strong>elektrische Bett CLUB \u2013 Holz- oder Metall-Lattenrost<\/strong> wurde entwickelt, um Patientinnen und Patienten optimalen Komfort zu bieten. Es verf\u00fcgt \u00fcber 4 Motoren, die sich einfach per Fernbedienung einstellen lassen, um H\u00f6he, Beinverstellung, R\u00fcckenverstellung und Kniebeugung anzupassen. <\/p>\n<h3>\u2705 Hauptmerkmale des <strong>elektrischen Betts CLUB<\/strong>:<\/h3>\n<ul>\n<li><strong>Elektrische Verstellung mit 4 Motoren<\/strong>: Erm\u00f6glicht eine einfache Anpassung von H\u00f6he, Beinverstellung, R\u00fcckenverstellung und Kniebeugung f\u00fcr maximalen Komfort.<\/li>\n<li><strong>H\u00f6henverstellbar<\/strong>: Das Bett kann dank seiner Grundeinstellung in zwei unterschiedlichen H\u00f6hen auch in niedriger Position genutzt werden.<\/li>\n<li><strong>F\u00fcr den Transport geeignet<\/strong>: Dank des mitgelieferten Transportadapters leicht zu bewegen und zu lagern.<\/li>\n<li><strong>Komplett mit Zubeh\u00f6r<\/strong>: Fernbedienung, Aufrichter, Seitengitter und gebremste Rollen f\u00fcr eine sichere und praktische Nutzung.<\/li>\n<li><strong>Lattenrost-Auswahl<\/strong>: Erh\u00e4ltlich mit Holz- oder Metall-Lattenrost, passend zu Ihren Bed\u00fcrfnissen.<\/li>\n<\/ul>\n<p>Das <strong>elektrische Bett CLUB<\/strong> ist die ideale L\u00f6sung, um Komfort, Sicherheit und einfache Bedienung in jeder Pflegeumgebung zu vereinen. Perfekt f\u00fcr Patientinnen und Patienten konzipiert, bietet es optimale Unterst\u00fctzung und erleichtert zugleich das Umpositionieren sowie die Anpassung an die unterschiedlichen Bed\u00fcrfnisse jeder Nutzerin und jedes Nutzers. <\/p>\n<h3>Bestellen Sie jetzt Ihr <strong>elektrisches Bett CLUB<\/strong> f\u00fcr ein Schlaferlebnis mit optimalem Komfort!<\/h3>\n","protected":false},"excerpt":{"rendered":"<h2>Spezifikationen<\/h2>\n<ul>\n<li>Bett mit vier Motoren<\/li>\n<li>Lattenrosth\u00f6he: 330 mm oder 400 mm<\/li>\n<li>Elektrische H\u00f6henverstellung: 350 bis 760 mm<\/li>\n<li>Liegefl\u00e4che: 900 mm \u00d7 2000 mm<\/li>\n<li>Gesamtma\u00dfe: 1005 mm \u00d7 2125 mm<\/li>\n<li>Seitengitter inklusive<\/li>\n<li>Lieferung inkl. Aufrichter<\/li>\n<li>4 Rollen mit Bremsen<\/li>\n<li>Option: 20 cm Verl\u00e4ngerung inkl. Seitengitter, Gesamtbreite Lattenrost 220 cm<\/li>\n<li>Max. Nutzlast (Patient und Matratze): 165 kg<\/li>\n<\/ul>\n<p><span style=\"color: #e2001a;\"><strong>Zur Miete verf\u00fcgbar: 85.\u2013 CHF\/Monat<\/strong><\/span><\/p>\n","protected":false},"featured_media":31759,"comment_status":"closed","ping_status":"closed","template":"","meta":{"_et_pb_use_builder":"","_et_pb_old_content":"","_et_gb_content_width":"","inline_featured_image":false},"product_brand":[],"product_cat":[1227,1407],"product_tag":[],"class_list":{"0":"post-34677","1":"product","2":"type-product","3":"status-publish","4":"has-post-thumbnail","6":"product_cat-3-ruhe","7":"product_cat-elektrisches-pflegebett","8":"product_shipping_class-d","10":"first","11":"instock","12":"taxable","13":"shipping-taxable","14":"purchasable","15":"product-type-variable"},"yoast_head":"<!-- This site is optimized with the Yoast SEO Premium plugin v27.2 (Yoast SEO v27.5) - https:\/\/yoast.com\/product\/yoast-seo-premium-wordpress\/ -->\n<title>Elektrisches Bett CLUB \u2013 Holz- oder Metall-Lattenrost \u2013 Komfort und verstellbar<\/title>\n<meta name=\"description\" content=\"Das elektrische Bett CLUB \u2013 Holz- oder Metall-Lattenrost ist h\u00f6henverstellbar und mit R\u00fcckenverstellung ausgestattet. Leicht zu transportieren und inklusive Aufrichter und Seitengittern geliefert.\" \/>\n<meta name=\"robots\" content=\"index, follow, max-snippet:-1, max-image-preview:large, max-video-preview:-1\" \/>\n<link rel=\"canonical\" href=\"https:\/\/aazsolutions.ch\/de\/produit\/elektrisches-bett-club-holz-oder-metall-lattenrost\/\" \/>\n<meta property=\"og:locale\" content=\"de_DE\" \/>\n<meta property=\"og:type\" content=\"article\" \/>\n<meta property=\"og:title\" content=\"Elektrisches Bett CLUB \u2013 Holz- oder Metall-Lattenrost\" \/>\n<meta property=\"og:description\" content=\"Das elektrische Bett CLUB \u2013 Holz- oder Metall-Lattenrost ist h\u00f6henverstellbar und mit R\u00fcckenverstellung ausgestattet. Leicht zu transportieren und inklusive Aufrichter und Seitengittern geliefert.\" \/>\n<meta property=\"og:url\" content=\"https:\/\/aazsolutions.ch\/de\/produit\/elektrisches-bett-club-holz-oder-metall-lattenrost\/\" \/>\n<meta property=\"og:site_name\" content=\"A\u00e0Zsolutions.ch\" \/>\n<meta property=\"article:publisher\" content=\"https:\/\/www.facebook.com\/aazsolutions.ch\/\" \/>\n<meta property=\"og:image\" content=\"https:\/\/aazsolutions.ch\/wp-content\/uploads\/2025\/03\/30001-1.jpg\" \/>\n\t<meta property=\"og:image:width\" content=\"1120\" \/>\n\t<meta property=\"og:image:height\" content=\"1120\" \/>\n\t<meta property=\"og:image:type\" content=\"image\/jpeg\" \/>\n<meta name=\"twitter:card\" content=\"summary_large_image\" \/>\n<meta name=\"twitter:label1\" content=\"Verf\u00fcgbarkeit\" \/>\n\t<meta name=\"twitter:data1\" content=\"Auf Lager\" \/>\n<script type=\"application\/ld+json\" class=\"yoast-schema-graph\">{\"@context\":\"https:\\\/\\\/schema.org\",\"@graph\":[{\"@type\":\"WebPage\",\"@id\":\"https:\\\/\\\/aazsolutions.ch\\\/de\\\/produit\\\/elektrisches-bett-club-holz-oder-metall-lattenrost\\\/\",\"url\":\"https:\\\/\\\/aazsolutions.ch\\\/de\\\/produit\\\/elektrisches-bett-club-holz-oder-metall-lattenrost\\\/\",\"name\":\"Elektrisches Bett CLUB \u2013 Holz- oder Metall-Lattenrost \u2013 Komfort und verstellbar\",\"isPartOf\":{\"@id\":\"https:\\\/\\\/aazsolutions.ch\\\/de\\\/#website\"},\"primaryImageOfPage\":{\"@id\":\"https:\\\/\\\/aazsolutions.ch\\\/de\\\/produit\\\/elektrisches-bett-club-holz-oder-metall-lattenrost\\\/#primaryimage\"},\"image\":{\"@id\":\"https:\\\/\\\/aazsolutions.ch\\\/de\\\/produit\\\/elektrisches-bett-club-holz-oder-metall-lattenrost\\\/#primaryimage\"},\"thumbnailUrl\":\"https:\\\/\\\/aazsolutions.ch\\\/wp-content\\\/uploads\\\/2025\\\/03\\\/30001-1.jpg\",\"datePublished\":\"2018-12-31T23:00:00+00:00\",\"description\":\"Das elektrische Bett CLUB \u2013 Holz- oder Metall-Lattenrost ist h\u00f6henverstellbar und mit R\u00fcckenverstellung ausgestattet. Leicht zu transportieren und inklusive Aufrichter und Seitengittern geliefert.\",\"breadcrumb\":{\"@id\":\"https:\\\/\\\/aazsolutions.ch\\\/de\\\/produit\\\/elektrisches-bett-club-holz-oder-metall-lattenrost\\\/#breadcrumb\"},\"inLanguage\":\"de\",\"potentialAction\":[{\"@type\":\"ReadAction\",\"target\":[\"https:\\\/\\\/aazsolutions.ch\\\/de\\\/produit\\\/elektrisches-bett-club-holz-oder-metall-lattenrost\\\/\"]}]},{\"@type\":\"ImageObject\",\"inLanguage\":\"de\",\"@id\":\"https:\\\/\\\/aazsolutions.ch\\\/de\\\/produit\\\/elektrisches-bett-club-holz-oder-metall-lattenrost\\\/#primaryimage\",\"url\":\"https:\\\/\\\/aazsolutions.ch\\\/wp-content\\\/uploads\\\/2025\\\/03\\\/30001-1.jpg\",\"contentUrl\":\"https:\\\/\\\/aazsolutions.ch\\\/wp-content\\\/uploads\\\/2025\\\/03\\\/30001-1.jpg\",\"width\":1120,\"height\":1120,\"caption\":\"Lit \u00e9lectrique CLUB avec sommier bois ou m\u00e9tal et t\u00e9l\u00e9commande r\u00e9glable pour confort personnalis\u00e9\"},{\"@type\":\"BreadcrumbList\",\"@id\":\"https:\\\/\\\/aazsolutions.ch\\\/de\\\/produit\\\/elektrisches-bett-club-holz-oder-metall-lattenrost\\\/#breadcrumb\",\"itemListElement\":[{\"@type\":\"ListItem\",\"position\":1,\"name\":\"Accueil\",\"item\":\"https:\\\/\\\/aazsolutions.ch\\\/de\\\/\"},{\"@type\":\"ListItem\",\"position\":2,\"name\":\"Shop\",\"item\":\"https:\\\/\\\/aazsolutions.ch\\\/de\\\/shop\\\/\"},{\"@type\":\"ListItem\",\"position\":3,\"name\":\"Elektrisches Bett CLUB \u2013 Holz- oder Metall-Lattenrost\"}]},{\"@type\":\"WebSite\",\"@id\":\"https:\\\/\\\/aazsolutions.ch\\\/de\\\/#website\",\"url\":\"https:\\\/\\\/aazsolutions.ch\\\/de\\\/\",\"name\":\"A\u00e0Zsolutions.ch\",\"description\":\"Des solutions adapt\u00e9es \u00e0 chaque difficult\u00e9!\",\"publisher\":{\"@id\":\"https:\\\/\\\/aazsolutions.ch\\\/de\\\/#organization\"},\"potentialAction\":[{\"@type\":\"SearchAction\",\"target\":{\"@type\":\"EntryPoint\",\"urlTemplate\":\"https:\\\/\\\/aazsolutions.ch\\\/de\\\/?s={search_term_string}\"},\"query-input\":{\"@type\":\"PropertyValueSpecification\",\"valueRequired\":true,\"valueName\":\"search_term_string\"}}],\"inLanguage\":\"de\"},{\"@type\":\"Organization\",\"@id\":\"https:\\\/\\\/aazsolutions.ch\\\/de\\\/#organization\",\"name\":\"A\u00e0Zsolutions SARL\",\"url\":\"https:\\\/\\\/aazsolutions.ch\\\/de\\\/\",\"logo\":{\"@type\":\"ImageObject\",\"inLanguage\":\"de\",\"@id\":\"https:\\\/\\\/aazsolutions.ch\\\/de\\\/#\\\/schema\\\/logo\\\/image\\\/\",\"url\":\"https:\\\/\\\/aazsolutions.ch\\\/wp-content\\\/uploads\\\/2016\\\/04\\\/AAZ_Logo_Solutions.jpg\",\"contentUrl\":\"https:\\\/\\\/aazsolutions.ch\\\/wp-content\\\/uploads\\\/2016\\\/04\\\/AAZ_Logo_Solutions.jpg\",\"width\":1500,\"height\":481,\"caption\":\"A\u00e0Zsolutions SARL\"},\"image\":{\"@id\":\"https:\\\/\\\/aazsolutions.ch\\\/de\\\/#\\\/schema\\\/logo\\\/image\\\/\"},\"sameAs\":[\"https:\\\/\\\/www.facebook.com\\\/aazsolutions.ch\\\/\",\"https:\\\/\\\/www.linkedin.com\\\/showcase\\\/aazsolutions\\\/\"]}]}<\/script>\n<meta property=\"og:availability\" content=\"instock\" \/>\n<meta property=\"product:availability\" content=\"instock\" \/>\n<meta property=\"product:retailer_item_id\" content=\"30001\" \/>\n<meta property=\"product:condition\" content=\"new\" \/>\n<!-- \/ Yoast SEO Premium plugin. -->","yoast_head_json":{"title":"Elektrisches Bett CLUB \u2013 Holz- oder Metall-Lattenrost \u2013 Komfort und verstellbar","description":"Das elektrische Bett CLUB \u2013 Holz- oder Metall-Lattenrost ist h\u00f6henverstellbar und mit R\u00fcckenverstellung ausgestattet. Leicht zu transportieren und inklusive Aufrichter und Seitengittern geliefert.","robots":{"index":"index","follow":"follow","max-snippet":"max-snippet:-1","max-image-preview":"max-image-preview:large","max-video-preview":"max-video-preview:-1"},"canonical":"https:\/\/aazsolutions.ch\/de\/produit\/elektrisches-bett-club-holz-oder-metall-lattenrost\/","og_locale":"de_DE","og_type":"article","og_title":"Elektrisches Bett CLUB \u2013 Holz- oder Metall-Lattenrost","og_description":"Das elektrische Bett CLUB \u2013 Holz- oder Metall-Lattenrost ist h\u00f6henverstellbar und mit R\u00fcckenverstellung ausgestattet. Leicht zu transportieren und inklusive Aufrichter und Seitengittern geliefert.","og_url":"https:\/\/aazsolutions.ch\/de\/produit\/elektrisches-bett-club-holz-oder-metall-lattenrost\/","og_site_name":"A\u00e0Zsolutions.ch","article_publisher":"https:\/\/www.facebook.com\/aazsolutions.ch\/","og_image":[{"width":1120,"height":1120,"url":"https:\/\/aazsolutions.ch\/wp-content\/uploads\/2025\/03\/30001-1.jpg","type":"image\/jpeg"}],"twitter_card":"summary_large_image","twitter_misc":{"Verf\u00fcgbarkeit":"Auf Lager"},"schema":{"@context":"https:\/\/schema.org","@graph":[{"@type":"WebPage","@id":"https:\/\/aazsolutions.ch\/de\/produit\/elektrisches-bett-club-holz-oder-metall-lattenrost\/","url":"https:\/\/aazsolutions.ch\/de\/produit\/elektrisches-bett-club-holz-oder-metall-lattenrost\/","name":"Elektrisches Bett CLUB \u2013 Holz- oder Metall-Lattenrost \u2013 Komfort und verstellbar","isPartOf":{"@id":"https:\/\/aazsolutions.ch\/de\/#website"},"primaryImageOfPage":{"@id":"https:\/\/aazsolutions.ch\/de\/produit\/elektrisches-bett-club-holz-oder-metall-lattenrost\/#primaryimage"},"image":{"@id":"https:\/\/aazsolutions.ch\/de\/produit\/elektrisches-bett-club-holz-oder-metall-lattenrost\/#primaryimage"},"thumbnailUrl":"https:\/\/aazsolutions.ch\/wp-content\/uploads\/2025\/03\/30001-1.jpg","datePublished":"2018-12-31T23:00:00+00:00","description":"Das elektrische Bett CLUB \u2013 Holz- oder Metall-Lattenrost ist h\u00f6henverstellbar und mit R\u00fcckenverstellung ausgestattet. Leicht zu transportieren und inklusive Aufrichter und Seitengittern geliefert.","breadcrumb":{"@id":"https:\/\/aazsolutions.ch\/de\/produit\/elektrisches-bett-club-holz-oder-metall-lattenrost\/#breadcrumb"},"inLanguage":"de","potentialAction":[{"@type":"ReadAction","target":["https:\/\/aazsolutions.ch\/de\/produit\/elektrisches-bett-club-holz-oder-metall-lattenrost\/"]}]},{"@type":"ImageObject","inLanguage":"de","@id":"https:\/\/aazsolutions.ch\/de\/produit\/elektrisches-bett-club-holz-oder-metall-lattenrost\/#primaryimage","url":"https:\/\/aazsolutions.ch\/wp-content\/uploads\/2025\/03\/30001-1.jpg","contentUrl":"https:\/\/aazsolutions.ch\/wp-content\/uploads\/2025\/03\/30001-1.jpg","width":1120,"height":1120,"caption":"Lit \u00e9lectrique CLUB avec sommier bois ou m\u00e9tal et t\u00e9l\u00e9commande r\u00e9glable pour confort personnalis\u00e9"},{"@type":"BreadcrumbList","@id":"https:\/\/aazsolutions.ch\/de\/produit\/elektrisches-bett-club-holz-oder-metall-lattenrost\/#breadcrumb","itemListElement":[{"@type":"ListItem","position":1,"name":"Accueil","item":"https:\/\/aazsolutions.ch\/de\/"},{"@type":"ListItem","position":2,"name":"Shop","item":"https:\/\/aazsolutions.ch\/de\/shop\/"},{"@type":"ListItem","position":3,"name":"Elektrisches Bett CLUB \u2013 Holz- oder Metall-Lattenrost"}]},{"@type":"WebSite","@id":"https:\/\/aazsolutions.ch\/de\/#website","url":"https:\/\/aazsolutions.ch\/de\/","name":"A\u00e0Zsolutions.ch","description":"Des solutions adapt\u00e9es \u00e0 chaque difficult\u00e9!","publisher":{"@id":"https:\/\/aazsolutions.ch\/de\/#organization"},"potentialAction":[{"@type":"SearchAction","target":{"@type":"EntryPoint","urlTemplate":"https:\/\/aazsolutions.ch\/de\/?s={search_term_string}"},"query-input":{"@type":"PropertyValueSpecification","valueRequired":true,"valueName":"search_term_string"}}],"inLanguage":"de"},{"@type":"Organization","@id":"https:\/\/aazsolutions.ch\/de\/#organization","name":"A\u00e0Zsolutions SARL","url":"https:\/\/aazsolutions.ch\/de\/","logo":{"@type":"ImageObject","inLanguage":"de","@id":"https:\/\/aazsolutions.ch\/de\/#\/schema\/logo\/image\/","url":"https:\/\/aazsolutions.ch\/wp-content\/uploads\/2016\/04\/AAZ_Logo_Solutions.jpg","contentUrl":"https:\/\/aazsolutions.ch\/wp-content\/uploads\/2016\/04\/AAZ_Logo_Solutions.jpg","width":1500,"height":481,"caption":"A\u00e0Zsolutions SARL"},"image":{"@id":"https:\/\/aazsolutions.ch\/de\/#\/schema\/logo\/image\/"},"sameAs":["https:\/\/www.facebook.com\/aazsolutions.ch\/","https:\/\/www.linkedin.com\/showcase\/aazsolutions\/"]}]},"og_availability":"instock","product_availability":"instock","product_retailer_item_id":"30001","product_condition":"new"},"_links":{"self":[{"href":"https:\/\/aazsolutions.ch\/de\/wp-json\/wp\/v2\/product\/34677","targetHints":{"allow":["GET"]}}],"collection":[{"href":"https:\/\/aazsolutions.ch\/de\/wp-json\/wp\/v2\/product"}],"about":[{"href":"https:\/\/aazsolutions.ch\/de\/wp-json\/wp\/v2\/types\/product"}],"replies":[{"embeddable":true,"href":"https:\/\/aazsolutions.ch\/de\/wp-json\/wp\/v2\/comments?post=34677"}],"wp:featuredmedia":[{"embeddable":true,"href":"https:\/\/aazsolutions.ch\/de\/wp-json\/wp\/v2\/media\/31759"}],"wp:attachment":[{"href":"https:\/\/aazsolutions.ch\/de\/wp-json\/wp\/v2\/media?parent=34677"}],"wp:term":[{"taxonomy":"product_brand","embeddable":true,"href":"https:\/\/aazsolutions.ch\/de\/wp-json\/wp\/v2\/product_brand?post=34677"},{"taxonomy":"product_cat","embeddable":true,"href":"https:\/\/aazsolutions.ch\/de\/wp-json\/wp\/v2\/product_cat?post=34677"},{"taxonomy":"product_tag","embeddable":true,"href":"https:\/\/aazsolutions.ch\/de\/wp-json\/wp\/v2\/product_tag?post=34677"}],"curies":[{"name":"wp","href":"https:\/\/api.w.org\/{rel}","templated":true}]}}